{"id":23183,"date":"2025-05-26T10:23:11","date_gmt":"2025-05-26T08:23:11","guid":{"rendered":"https:\/\/www.ferberpainting.com\/products\/concrete-surface-deactivator\/"},"modified":"2026-02-15T13:41:32","modified_gmt":"2026-02-15T12:41:32","slug":"concrete-surface-deactivator","status":"publish","type":"product","link":"https:\/\/www.ferberpainting.com\/pl\/products\/concrete-surface-deactivator\/","title":{"rendered":"Dezaktywator powierzchniowy betonu"},"content":{"rendered":"<p><img decoding=\"async\" style=\"margin-right: 12px;\" src=\"https:\/\/www.ferberpainting.com\/wp-content\/uploads\/2026\/02\/Check.svg\" alt=\"\" width=\"18\" height=\"15\" \/><strong>Tw\u00f3rz dekoracyjne wyko\u0144czenia z ods\u0142oni\u0119tego kruszywa z precyzj\u0105 i kontrol\u0105.<\/strong> Nasz dezaktywator powierzchni betonu zosta\u0142 specjalnie opracowany, aby op\u00f3\u017ani\u0107 wi\u0105zanie powierzchni \u015bwie\u017co wylanego betonu, umo\u017cliwiaj\u0105c zmycie wierzchniej warstwy cementu i ods\u0142oni\u0119cie pi\u0119knych naturalnych kruszyw znajduj\u0105cych si\u0119 pod spodem. Zapewnia profesjonaln\u0105 jako\u015b\u0107 dekoracyjnych wyko\u0144cze\u0144 podjazd\u00f3w, chodnik\u00f3w, patio, plac\u00f3w i powierzchni architektonicznych.<\/p>\n<p><strong><img decoding=\"async\" style=\"margin-right: 12px;\" src=\"https:\/\/www.ferberpainting.com\/wp-content\/uploads\/2026\/02\/Check.svg\" alt=\"\" width=\"18\" height=\"15\" \/>Najskuteczniejsze dost\u0119pne rozwi\u0105zanie do dezaktywacji powierzchni.<\/strong> Zaprojektowany z wykorzystaniem zaawansowanej technologii op\u00f3\u017aniaj\u0105cej, produkt ten dzia\u0142a precyzyjnie na warstw\u0119 powierzchniow\u0105 bez wp\u0142ywu na wewn\u0119trzne utwardzanie strukturalne betonu. Zapewnia sta\u0142\u0105 g\u0142\u0119boko\u015b\u0107 ekspozycji i jednolity wygl\u0105d kruszywa, zapewniaj\u0105c doskona\u0142e wyniki w por\u00f3wnaniu z tradycyjnymi metodami mechanicznymi.<\/p>\n<p><strong><img decoding=\"async\" style=\"margin-right: 12px;\" src=\"https:\/\/www.ferberpainting.com\/wp-content\/uploads\/2026\/02\/Check.svg\" alt=\"\" width=\"18\" height=\"15\" \/>Gwarancja zwrotu pieni\u0119dzy dla ca\u0142kowitej pewno\u015bci.<\/strong> W pe\u0142ni gwarantujemy wydajno\u015b\u0107 naszego dezaktywatora powierzchni betonowych. Je\u015bli nie b\u0119dziesz w pe\u0142ni zadowolony z rezultat\u00f3w, zwr\u00f3cimy Ci pieni\u0105dze za zakup. Nasza gwarancja zwrotu pieni\u0119dzy zapewnia, \u017ce inwestycja jest ca\u0142kowicie wolna od ryzyka i odzwierciedla nasze zaanga\u017cowanie w profesjonaln\u0105 jako\u015b\u0107.<\/p>\n<p><strong><img decoding=\"async\" style=\"margin-right: 12px;\" src=\"https:\/\/www.ferberpainting.com\/wp-content\/uploads\/2026\/02\/Check.svg\" alt=\"\" width=\"18\" height=\"15\" \/>Najta\u0144sze na rynku profesjonalne rozwi\u0105zanie do ods\u0142oni\u0119tych agregat\u00f3w.<\/strong> Dekoracyjne wyko\u0144czenia betonu cz\u0119sto wymagaj\u0105 kosztownych zabieg\u00f3w lub specjalistycznego sprz\u0119tu. Nasz dezaktywator powierzchni oferuje najwy\u017csz\u0105 wydajno\u015b\u0107 w najbardziej konkurencyjnej cenie, zapewniaj\u0105c wyj\u0105tkow\u0105 warto\u015b\u0107 zar\u00f3wno dla wykonawc\u00f3w, jak i w\u0142a\u015bcicieli nieruchomo\u015bci.<\/p>\n<p><strong><img decoding=\"async\" style=\"margin-right: 12px;\" src=\"https:\/\/www.ferberpainting.com\/wp-content\/uploads\/2026\/02\/Check.svg\" alt=\"\" width=\"18\" height=\"15\" \/>Szybka, 24-godzinna dostawa w przypadku projekt\u00f3w betonowych, kt\u00f3rym zale\u017cy na czasie.<\/strong> Wyko\u0144czenie powierzchni nale\u017cy zastosowa\u0107 natychmiast po po\u0142o\u017ceniu betonu. Dlatego zapewniamy niezawodn\u0105 dostaw\u0119 w ci\u0105gu 24 godzin, dzi\u0119ki czemu produkt dociera na czas, a dekoracyjne wyko\u0144czenie mo\u017cna wykona\u0107 bez op\u00f3\u017anie\u0144.<\/p>\n<p><strong><img decoding=\"async\" style=\"margin-right: 12px;\" src=\"https:\/\/www.ferberpainting.com\/wp-content\/uploads\/2026\/02\/Check.svg\" alt=\"\" width=\"18\" height=\"15\" \/>Pokrycie do 5 m\u00b2 na litr przy kontrolowanej aplikacji.<\/strong> Jeden litr wystarcza na 5 metr\u00f3w kwadratowych, zapewniaj\u0105c wystarczaj\u0105c\u0105 grubo\u015b\u0107 aplikacji dla skutecznego op\u00f3\u017anienia powierzchni. Tak zdefiniowane pokrycie umo\u017cliwia precyzyjne planowanie i sp\u00f3jne rezultaty dekoracyjne.<\/p>\n<p><strong><img decoding=\"async\" style=\"margin-right: 12px;\" src=\"https:\/\/www.ferberpainting.com\/wp-content\/uploads\/2026\/02\/Check.svg\" alt=\"\" width=\"18\" height=\"15\" \/>Zapewnia jednolit\u0105 ekspozycj\u0119 agregatu.<\/strong> Formu\u0142a zapewnia kontrolowane op\u00f3\u017anienie powierzchni, umo\u017cliwiaj\u0105c uzyskanie jednolitej g\u0142\u0119boko\u015bci ekspozycji na du\u017cych obszarach. Zapewnia to profesjonalne, estetyczne wyko\u0144czenie bez nier\u00f3wnych plam i niesp\u00f3jnych tekstur.<\/p>\n<p><strong><img decoding=\"async\" style=\"margin-right: 12px;\" src=\"https:\/\/www.ferberpainting.com\/wp-content\/uploads\/2026\/02\/Check.svg\" alt=\"\" width=\"18\" height=\"15\" \/>Zachowuje integralno\u015b\u0107 strukturaln\u0105 betonu.<\/strong> Podczas gdy wi\u0105zanie powierzchniowe jest op\u00f3\u017anione, wewn\u0119trzna masa betonowa utwardza si\u0119 normalnie. Gwarantuje to, \u017ce ostateczna struktura zachowuje swoj\u0105 wytrzyma\u0142o\u015b\u0107 mechaniczn\u0105 i d\u0142ugoterminow\u0105 trwa\u0142o\u015b\u0107.<\/p>\n<p><strong><img decoding=\"async\" style=\"margin-right: 12px;\" src=\"https:\/\/www.ferberpainting.com\/wp-content\/uploads\/2026\/02\/Check.svg\" alt=\"\" width=\"18\" height=\"15\" \/>Nadaje si\u0119 do dekoracyjnych projekt\u00f3w mieszkaniowych i komercyjnych.<\/strong> Idealny do chodnik\u00f3w, taras\u00f3w, dziedzi\u0144c\u00f3w, parking\u00f3w, taras\u00f3w basenowych i powierzchni z betonu architektonicznego, ten dezaktywator zwi\u0119ksza estetyk\u0119 przy jednoczesnym zachowaniu trwa\u0142o\u015bci.<\/p>\n<p><strong><img decoding=\"async\" style=\"margin-right: 12px;\" src=\"https:\/\/www.ferberpainting.com\/wp-content\/uploads\/2026\/02\/Check.svg\" alt=\"\" width=\"18\" height=\"15\" \/>Prosta aplikacja zapewniaj\u0105ca profesjonalne rezultaty.<\/strong> Zaprojektowany z my\u015bl\u0105 o \u0142atwo\u015bci u\u017cycia, produkt mo\u017ce by\u0107 nak\u0142adany za pomoc\u0105 niskoci\u015bnieniowego opryskiwacza natychmiast po wyko\u0144czeniu powierzchni betonu, dzi\u0119ki czemu jest odpowiedni dla wykonawc\u00f3w i do\u015bwiadczonych aplikator\u00f3w poszukuj\u0105cych niezawodnych i powtarzalnych efekt\u00f3w dekoracyjnych.<\/p>\n<h2><strong>Instrukcje<\/strong><\/h2>\n<ul>\n<li>Wyla\u0107 i wypoziomowa\u0107 betonow\u0105 powierzchni\u0119 zgodnie ze standardowymi praktykami budowlanymi.<\/li>\n<li>Po prawid\u0142owym wyko\u0144czeniu powierzchni i odparowaniu nadmiaru wody, na\u0142\u00f3\u017c r\u00f3wnomiernie dezaktywator powierzchni.<\/li>\n<li>Dok\u0142adnie wstrz\u0105sn\u0105\u0107 lub wymiesza\u0107 produkt przed u\u017cyciem, aby zapewni\u0107 jednolity sk\u0142ad.<\/li>\n<li>Nak\u0142ada\u0107 za pomoc\u0105 opryskiwacza niskoci\u015bnieniowego, aby uzyska\u0107 r\u00f3wnomierne pokrycie na ca\u0142ej powierzchni.<\/li>\n<li>Przestrzega\u0107 zalecanego poziomu pokrycia do 5 m\u00b2 na litr. Odpowiada to oko\u0142o 200 ml na metr kwadratowy dla optymalnego op\u00f3\u017anienia powierzchni.<\/li>\n<li>Zapewni\u0107 ca\u0142kowite i r\u00f3wnomierne pokrycie bez pozostawiania nieobrobionych obszar\u00f3w. Unika\u0107 nadmiernego gromadzenia si\u0119 produktu.<\/li>\n<li>Pozostawi\u0107 produkt do zadzia\u0142ania zgodnie z warunkami \u015brodowiskowymi, zazwyczaj do momentu, gdy le\u017c\u0105cy pod nim beton wystarczaj\u0105co stwardnieje.<\/li>\n<li>Po odpowiednim okresie oczekiwania nale\u017cy delikatnie zmy\u0107 powierzchni\u0119 wod\u0105 za pomoc\u0105 w\u0119\u017ca lub myjki ci\u015bnieniowej, aby usun\u0105\u0107 zmi\u0119kczon\u0105 past\u0119 cementow\u0105 i ods\u0142oni\u0107 kruszywo.<\/li>\n<li>Unika\u0107 aplikacji podczas ulewnego deszczu lub ekstremalnych temperatur, kt\u00f3re mog\u0142yby zak\u0142\u00f3ci\u0107 utwardzanie i obr\u00f3bk\u0119 powierzchni.<\/li>\n<li>Narz\u0119dzia nale\u017cy czy\u015bci\u0107 wod\u0105 natychmiast po u\u017cyciu i przechowywa\u0107 produkt w ch\u0142odnym, suchym miejscu ze szczelnie zamkni\u0119tym pojemnikiem.<\/li>\n<\/ul>","protected":false},"excerpt":{"rendered":"<p>Create decorative exposed aggregate finishes with precision and control. Our concrete surface deactivator is specially formulated to delay the surface setting of freshly poured concrete, allowing you to wash away the top cement layer and reveal beautiful natural aggregates beneath. It provides professional-quality decorative finishes for driveways, walkways, patios, plazas, and architectural surfaces. The most [&hellip;]<\/p>\n","protected":false},"featured_media":25747,"comment_status":"open","ping_status":"closed","template":"","meta":{"_uag_custom_page_level_css":"","site-sidebar-layout":"default","site-content-layout":"","ast-site-content-layout":"default","site-content-style":"default","site-sidebar-style":"default","ast-global-header-display":"","ast-banner-title-visibility":"","ast-main-header-display":"","ast-hfb-above-header-display":"","ast-hfb-below-header-display":"","ast-hfb-mobile-header-display":"","site-post-title":"","ast-breadcrumbs-content":"","ast-featured-img":"","footer-sml-layout":"","ast-disable-related-posts":"","theme-transparent-header-meta":"default","adv-header-id-meta":"","stick-header-meta":"","header-above-stick-meta":"","header-main-stick-meta":"","header-below-stick-meta":"","astra-migrate-meta-layouts":"set","ast-page-background-enabled":"default","ast-page-background-meta":{"desktop":{"background-color":"var(--ast-global-color-4)","background-image":"","background-repeat":"repeat","background-position":"center center","background-size":"auto","background-attachment":"scroll","background-type":"","background-media":"","overlay-type":"","overlay-color":"","overlay-opacity":"","overlay-gradient":""},"tablet":{"background-color":"","background-image":"","background-repeat":"repeat","background-position":"center center","background-size":"auto","background-attachment":"scroll","background-type":"","background-media":"","overlay-type":"","overlay-color":"","overlay-opacity":"","overlay-gradient":""},"mobile":{"background-color":"","background-image":"","background-repeat":"repeat","background-position":"center center","background-size":"auto","background-attachment":"scroll","background-type":"","background-media":"","overlay-type":"","overlay-color":"","overlay-opacity":"","overlay-gradient":""}},"ast-content-background-meta":{"desktop":{"background-color":"var(--ast-global-color-5)","background-image":"","background-repeat":"repeat","background-position":"center center","background-size":"auto","background-attachment":"scroll","background-type":"","background-media":"","overlay-type":"","overlay-color":"","overlay-opacity":"","overlay-gradient":""},"tablet":{"background-color":"var(--ast-global-color-5)","background-image":"","background-repeat":"repeat","background-position":"center center","background-size":"auto","background-attachment":"scroll","background-type":"","background-media":"","overlay-type":"","overlay-color":"","overlay-opacity":"","overlay-gradient":""},"mobile":{"background-color":"var(--ast-global-color-5)","background-image":"","background-repeat":"repeat","background-position":"center center","background-size":"auto","background-attachment":"scroll","background-type":"","background-media":"","overlay-type":"","overlay-color":"","overlay-opacity":"","overlay-gradient":""}}},"product_brand":[],"product_cat":[176],"product_tag":[],"class_list":{"0":"post-23183","1":"product","2":"type-product","3":"status-publish","4":"has-post-thumbnail","6":"product_cat-concrete-treatment","7":"desktop-align-left","8":"tablet-align-left","9":"mobile-align-left","11":"first","12":"instock","13":"sale","14":"shipping-taxable","15":"purchasable","16":"product-type-variable","17":"has-default-attributes"},"spectra_custom_meta":{"_visibility":["visible"],"_shopify_product_id":["7952816144629"],"_s2w_shopify_domain":["ferberpainting.myshopify.com"],"_shopify_variant_id":["43508740391157"],"_manage_stock":["no"],"total_sales":["131"],"_tax_status":["taxable"],"_tax_class":[""],"_backorders":["no"],"_sold_individually":["no"],"_virtual":["no"],"_downloadable":["no"],"_download_limit":["-1"],"_download_expiry":["-1"],"_stock":[null],"_stock_status":["instock"],"_wc_average_rating":["4.92"],"_wc_review_count":["77"],"_product_attributes":["a:1:{s:6:\"volume\";a:6:{s:4:\"name\";s:6:\"Volume\";s:5:\"value\";s:20:\"5 liters | 25 liters\";s:8:\"position\";i:1;s:10:\"is_visible\";i:0;s:12:\"is_variation\";i:1;s:11:\"is_taxonomy\";i:0;}}"],"_product_version":["10.5.1"],"_thumbnail_id":["25747"],"_product_image_gallery":["25748"],"_edit_lock":["1771159153:1"],"_default_attributes":["a:1:{s:6:\"volume\";s:8:\"5 liters\";}"],"merchant-center-availability":["yes"],"merchant-center-category":["503739"],"merchant-center-id":["CSD"],"_edit_last":["1"],"_wp_page_template":["default"],"site-sidebar-layout":["default"],"ast-site-content-layout":["default"],"site-content-style":["default"],"site-sidebar-style":["default"],"theme-transparent-header-meta":["default"],"_price":["29.90","119.90"],"_wc_rating_count":["a:3:{i:3;i:1;i:4;i:4;i:5;i:72;}"],"astra-migrate-meta-layouts":["set"],"_uag_css_file_name":["uag-css-23183.css"],"_elementor_page_assets":["a:0:{}"],"_uag_page_assets":["a:9:{s:3:\"css\";s:6873:\".wp-block-uagb-image{display:flex}.wp-block-uagb-image__figure{position:relative;display:flex;flex-direction:column;max-width:100%;height:auto;margin:0}.wp-block-uagb-image__figure img{height:auto;display:flex;max-width:100%;transition:box-shadow .2s ease}.wp-block-uagb-image__figure>a{display:inline-block}.wp-block-uagb-image__figure figcaption{text-align:center;margin-top:.5em;margin-bottom:1em}.wp-block-uagb-image .components-placeholder.block-editor-media-placeholder .components-placeholder__instructions{align-self:center}.wp-block-uagb-image--align-left{text-align:left}.wp-block-uagb-image--align-right{text-align:right}.wp-block-uagb-image--align-center{text-align:center}.wp-block-uagb-image--align-full .wp-block-uagb-image__figure{margin-left:calc(50% - 50vw);margin-right:calc(50% - 50vw);max-width:100vw;width:100vw;height:auto}.wp-block-uagb-image--align-full .wp-block-uagb-image__figure img{height:auto;width:100% !important}.wp-block-uagb-image--align-wide .wp-block-uagb-image__figure img{height:auto;width:100%}.wp-block-uagb-image--layout-overlay__color-wrapper{position:absolute;left:0;top:0;right:0;bottom:0;opacity:.2;background:rgba(0,0,0,.5);transition:opacity .35s ease-in-out}.wp-block-uagb-image--layout-overlay-link{position:absolute;left:0;right:0;bottom:0;top:0}.wp-block-uagb-image--layout-overlay .wp-block-uagb-image__figure:hover .wp-block-uagb-image--layout-overlay__color-wrapper{opacity:1}.wp-block-uagb-image--layout-overlay__inner{position:absolute;left:15px;right:15px;bottom:15px;top:15px;display:flex;align-items:center;justify-content:center;flex-direction:column;border-color:#fff;transition:.35s ease-in-out}.wp-block-uagb-image--layout-overlay__inner.top-left,.wp-block-uagb-image--layout-overlay__inner.top-center,.wp-block-uagb-image--layout-overlay__inner.top-right{justify-content:flex-start}.wp-block-uagb-image--layout-overlay__inner.bottom-left,.wp-block-uagb-image--layout-overlay__inner.bottom-center,.wp-block-uagb-image--layout-overlay__inner.bottom-right{justify-content:flex-end}.wp-block-uagb-image--layout-overlay__inner.top-left,.wp-block-uagb-image--layout-overlay__inner.center-left,.wp-block-uagb-image--layout-overlay__inner.bottom-left{align-items:flex-start}.wp-block-uagb-image--layout-overlay__inner.top-right,.wp-block-uagb-image--layout-overlay__inner.center-right,.wp-block-uagb-image--layout-overlay__inner.bottom-right{align-items:flex-end}.wp-block-uagb-image--layout-overlay__inner .uagb-image-heading{color:#fff;transition:transform .35s,opacity .35s ease-in-out;transform:translate3d(0, 24px, 0);margin:0;line-height:1em}.wp-block-uagb-image--layout-overlay__inner .uagb-image-separator{width:30%;border-top-width:2px;border-top-color:#fff;border-top-style:solid;margin-bottom:10px;opacity:0;transition:transform .4s,opacity .4s ease-in-out;transform:translate3d(0, 30px, 0)}.wp-block-uagb-image--layout-overlay__inner .uagb-image-caption{opacity:0;overflow:visible;color:#fff;transition:transform .45s,opacity .45s ease-in-out;transform:translate3d(0, 35px, 0)}.wp-block-uagb-image--layout-overlay__inner:hover .uagb-image-heading,.wp-block-uagb-image--layout-overlay__inner:hover .uagb-image-separator,.wp-block-uagb-image--layout-overlay__inner:hover .uagb-image-caption{opacity:1;transform:translate3d(0, 0, 0)}.wp-block-uagb-image--effect-zoomin .wp-block-uagb-image__figure img,.wp-block-uagb-image--effect-zoomin .wp-block-uagb-image__figure .wp-block-uagb-image--layout-overlay__color-wrapper{transform:scale(1);transition:transform .35s ease-in-out}.wp-block-uagb-image--effect-zoomin .wp-block-uagb-image__figure:hover img,.wp-block-uagb-image--effect-zoomin .wp-block-uagb-image__figure:hover .wp-block-uagb-image--layout-overlay__color-wrapper{transform:scale(1.05)}.wp-block-uagb-image--effect-slide .wp-block-uagb-image__figure img,.wp-block-uagb-image--effect-slide .wp-block-uagb-image__figure .wp-block-uagb-image--layout-overlay__color-wrapper{width:calc(100% + 40px) !important;max-width:none !important;transform:translate3d(-40px, 0, 0);transition:transform .35s ease-in-out}.wp-block-uagb-image--effect-slide .wp-block-uagb-image__figure:hover img,.wp-block-uagb-image--effect-slide .wp-block-uagb-image__figure:hover .wp-block-uagb-image--layout-overlay__color-wrapper{transform:translate3d(0, 0, 0)}.wp-block-uagb-image--effect-grayscale img{filter:grayscale(0%);transition:.35s ease-in-out}.wp-block-uagb-image--effect-grayscale:hover img{filter:grayscale(100%)}.wp-block-uagb-image--effect-blur img{filter:blur(0);transition:.35s ease-in-out}.wp-block-uagb-image--effect-blur:hover img{filter:blur(3px)}.uagb-block-e6f939b3.wp-block-uagb-image--layout-default figure img{box-shadow: 0px 0px 0 #00000070;}.uagb-block-e6f939b3.wp-block-uagb-image .wp-block-uagb-image__figure figcaption{font-style: normal;align-self: center;}.uagb-block-e6f939b3.wp-block-uagb-image--layout-overlay figure img{box-shadow: 0px 0px 0 #00000070;}.uagb-block-e6f939b3.wp-block-uagb-image--layout-overlay .wp-block-uagb-image--layout-overlay__color-wrapper{opacity: 0.2;}.uagb-block-e6f939b3.wp-block-uagb-image--layout-overlay .wp-block-uagb-image--layout-overlay__inner{left: 15px;right: 15px;top: 15px;bottom: 15px;}.uagb-block-e6f939b3.wp-block-uagb-image--layout-overlay .wp-block-uagb-image--layout-overlay__inner .uagb-image-heading{font-style: normal;color: #fff;opacity: 1;}.uagb-block-e6f939b3.wp-block-uagb-image--layout-overlay .wp-block-uagb-image--layout-overlay__inner .uagb-image-heading a{color: #fff;}.uagb-block-e6f939b3.wp-block-uagb-image--layout-overlay .wp-block-uagb-image--layout-overlay__inner .uagb-image-caption{opacity: 0;}.uagb-block-e6f939b3.wp-block-uagb-image--layout-overlay .wp-block-uagb-image__figure:hover .wp-block-uagb-image--layout-overlay__color-wrapper{opacity: 1;}.uagb-block-e6f939b3.wp-block-uagb-image .wp-block-uagb-image--layout-overlay__inner .uagb-image-separator{width: 30%;border-top-width: 2px;border-top-color: #fff;opacity: 0;}.uagb-block-e6f939b3.wp-block-uagb-image .wp-block-uagb-image__figure img{width: px;height: auto;}.uagb-block-e6f939b3.wp-block-uagb-image .wp-block-uagb-image__figure:hover .wp-block-uagb-image--layout-overlay__inner .uagb-image-caption{opacity: 1;}.uagb-block-e6f939b3.wp-block-uagb-image .wp-block-uagb-image__figure:hover .wp-block-uagb-image--layout-overlay__inner .uagb-image-separator{opacity: 1;}.uagb-block-e6f939b3.wp-block-uagb-image--layout-default figure:hover img{box-shadow: 0px 0px 0 #00000070;}.uagb-block-e6f939b3.wp-block-uagb-image--layout-overlay figure:hover img{box-shadow: 0px 0px 0 #00000070;}@media only screen and (max-width: 976px) {.uagb-block-e6f939b3.wp-block-uagb-image .wp-block-uagb-image__figure img{width: px;height: auto;}}@media only screen and (max-width: 767px) {.uagb-block-e6f939b3.wp-block-uagb-image .wp-block-uagb-image__figure img{width: px;height: auto;}}\";s:2:\"js\";s:0:\"\";s:18:\"current_block_list\";a:13:{i:0;s:11:\"core\/search\";i:1;s:10:\"core\/group\";i:2;s:12:\"core\/heading\";i:3;s:17:\"core\/latest-posts\";i:4;s:20:\"core\/latest-comments\";i:5;s:13:\"core\/archives\";i:6;s:15:\"core\/categories\";i:7;s:14:\"core\/paragraph\";i:8;s:10:\"uagb\/image\";i:9;s:11:\"core\/spacer\";i:10;s:30:\"woocommerce\/product-categories\";i:11;s:10:\"core\/image\";i:12;s:14:\"core\/shortcode\";}s:8:\"uag_flag\";b:1;s:11:\"uag_version\";s:10:\"1777095665\";s:6:\"gfonts\";a:0:{}s:10:\"gfonts_url\";s:0:\"\";s:12:\"gfonts_files\";a:0:{}s:14:\"uag_faq_layout\";b:0;}"]},"uagb_featured_image_src":{"full":["https:\/\/www.ferberpainting.com\/wp-content\/uploads\/2025\/05\/Concrete_Surface_Deactivator_5L.jpg",2560,2560,false],"thumbnail":["https:\/\/www.ferberpainting.com\/wp-content\/uploads\/2025\/05\/Concrete_Surface_Deactivator_5L-150x150.jpg",150,150,true],"medium":["https:\/\/www.ferberpainting.com\/wp-content\/uploads\/2025\/05\/Concrete_Surface_Deactivator_5L-300x300.jpg",300,300,true],"medium_large":["https:\/\/www.ferberpainting.com\/wp-content\/uploads\/2025\/05\/Concrete_Surface_Deactivator_5L-768x768.jpg",768,768,true],"large":["https:\/\/www.ferberpainting.com\/wp-content\/uploads\/2025\/05\/Concrete_Surface_Deactivator_5L-1024x1024.jpg",1024,1024,true],"1536x1536":["https:\/\/www.ferberpainting.com\/wp-content\/uploads\/2025\/05\/Concrete_Surface_Deactivator_5L-1536x1536.jpg",1536,1536,true],"2048x2048":["https:\/\/www.ferberpainting.com\/wp-content\/uploads\/2025\/05\/Concrete_Surface_Deactivator_5L-2048x2048.jpg",2048,2048,true],"trp-custom-language-flag":["https:\/\/www.ferberpainting.com\/wp-content\/uploads\/2025\/05\/Concrete_Surface_Deactivator_5L-12x12.jpg",12,12,true],"woocommerce_thumbnail":["https:\/\/www.ferberpainting.com\/wp-content\/uploads\/2025\/05\/Concrete_Surface_Deactivator_5L-300x300.jpg",300,300,true],"woocommerce_single":["https:\/\/www.ferberpainting.com\/wp-content\/uploads\/2025\/05\/Concrete_Surface_Deactivator_5L-600x600.jpg",600,600,true],"woocommerce_gallery_thumbnail":["https:\/\/www.ferberpainting.com\/wp-content\/uploads\/2025\/05\/Concrete_Surface_Deactivator_5L-100x100.jpg",100,100,true]},"uagb_author_info":{"display_name":"admin","author_link":"https:\/\/www.ferberpainting.com\/pl\/author\/"},"uagb_comment_info":77,"uagb_excerpt":"Create decorative exposed aggregate finishes with precision and control. Our concrete surface deactivator is specially formulated to delay the surface setting of freshly poured concrete, allowing you to wash away the top cement layer and reveal beautiful natural aggregates beneath. It provides professional-quality decorative finishes for driveways, walkways, patios, plazas, and architectural surfaces. The most&hellip;","_links":{"self":[{"href":"https:\/\/www.ferberpainting.com\/pl\/wp-json\/wp\/v2\/product\/23183","targetHints":{"allow":["GET"]}}],"collection":[{"href":"https:\/\/www.ferberpainting.com\/pl\/wp-json\/wp\/v2\/product"}],"about":[{"href":"https:\/\/www.ferberpainting.com\/pl\/wp-json\/wp\/v2\/types\/product"}],"replies":[{"embeddable":true,"href":"https:\/\/www.ferberpainting.com\/pl\/wp-json\/wp\/v2\/comments?post=23183"}],"version-history":[{"count":4,"href":"https:\/\/www.ferberpainting.com\/pl\/wp-json\/wp\/v2\/product\/23183\/revisions"}],"predecessor-version":[{"id":166088,"href":"https:\/\/www.ferberpainting.com\/pl\/wp-json\/wp\/v2\/product\/23183\/revisions\/166088"}],"wp:featuredmedia":[{"embeddable":true,"href":"https:\/\/www.ferberpainting.com\/pl\/wp-json\/wp\/v2\/media\/25747"}],"wp:attachment":[{"href":"https:\/\/www.ferberpainting.com\/pl\/wp-json\/wp\/v2\/media?parent=23183"}],"wp:term":[{"taxonomy":"product_brand","embeddable":true,"href":"https:\/\/www.ferberpainting.com\/pl\/wp-json\/wp\/v2\/product_brand?post=23183"},{"taxonomy":"product_cat","embeddable":true,"href":"https:\/\/www.ferberpainting.com\/pl\/wp-json\/wp\/v2\/product_cat?post=23183"},{"taxonomy":"product_tag","embeddable":true,"href":"https:\/\/www.ferberpainting.com\/pl\/wp-json\/wp\/v2\/product_tag?post=23183"}],"curies":[{"name":"wp","href":"https:\/\/api.w.org\/{rel}","templated":true}]}}