{"id":23180,"date":"2025-05-26T10:23:10","date_gmt":"2025-05-26T08:23:10","guid":{"rendered":"https:\/\/www.ferberpainting.com\/products\/pore-filler\/"},"modified":"2026-02-15T13:40:49","modified_gmt":"2026-02-15T12:40:49","slug":"pore-filler","status":"publish","type":"product","link":"https:\/\/www.ferberpainting.com\/pl\/products\/pore-filler\/","title":{"rendered":"Wype\u0142niacz por\u00f3w betonu"},"content":{"rendered":"<p><img decoding=\"async\" style=\"margin-right: 12px;\" src=\"https:\/\/www.ferberpainting.com\/wp-content\/uploads\/2026\/02\/Check.svg\" alt=\"\" width=\"18\" height=\"15\" \/><strong>Uszczelnia i wyg\u0142adza porowate powierzchnie betonowe z profesjonaln\u0105 precyzj\u0105.<\/strong> Nasz wype\u0142niacz por\u00f3w do betonu zosta\u0142 specjalnie opracowany do penetracji i wype\u0142niania mikropor\u00f3w, kapilar i pustek powierzchniowych w pod\u0142o\u017cach betonowych i cementowych. Przekszta\u0142ca szorstkie i porowate powierzchnie w g\u0119stsze, g\u0142adsze i bardziej jednolite wyko\u0144czenia, tworz\u0105c idealn\u0105 baz\u0119 dla pow\u0142ok, farb, uszczelniaczy lub zabieg\u00f3w dekoracyjnych.<\/p>\n<p><strong><img decoding=\"async\" style=\"margin-right: 12px;\" src=\"https:\/\/www.ferberpainting.com\/wp-content\/uploads\/2026\/02\/Check.svg\" alt=\"\" width=\"18\" height=\"15\" \/>Najskuteczniejsze dost\u0119pne rozwi\u0105zanie wype\u0142niaj\u0105ce pory.<\/strong> Dzi\u0119ki zaawansowanej technologii penetracji, formu\u0142a ta wnika g\u0142\u0119boko w struktur\u0119 betonu i wi\u0105\u017ce si\u0119 z pod\u0142o\u017cem. Zmniejsza porowato\u015b\u0107 powierzchni znacznie skuteczniej ni\u017c tradycyjne podk\u0142ady powierzchniowe lub cienkie uszczelniacze, zapewniaj\u0105c d\u0142ugotrwa\u0142\u0105 popraw\u0119 g\u0119sto\u015bci i jako\u015bci powierzchni.<\/p>\n<p><strong><img decoding=\"async\" style=\"margin-right: 12px;\" src=\"https:\/\/www.ferberpainting.com\/wp-content\/uploads\/2026\/02\/Check.svg\" alt=\"\" width=\"18\" height=\"15\" \/>Gwarancja zwrotu pieni\u0119dzy dla pe\u0142nego zaufania.<\/strong> Jeste\u015bmy w pe\u0142ni przekonani o wydajno\u015bci naszego wype\u0142niacza por\u00f3w w betonie. Je\u015bli nie b\u0119dziesz w pe\u0142ni zadowolony z rezultat\u00f3w, zwr\u00f3cimy Ci pieni\u0105dze za zakup. Nasza gwarancja zwrotu pieni\u0119dzy zapewnia, \u017ce inwestycja jest ca\u0142kowicie wolna od ryzyka i \u015bwiadczy o naszym zaanga\u017cowaniu w profesjonaln\u0105 jako\u015b\u0107.<\/p>\n<p><strong><img decoding=\"async\" style=\"margin-right: 12px;\" src=\"https:\/\/www.ferberpainting.com\/wp-content\/uploads\/2026\/02\/Check.svg\" alt=\"\" width=\"18\" height=\"15\" \/>Najta\u0144szy na rynku wysokowydajny wype\u0142niacz por\u00f3w w betonie.<\/strong> Wysokiej jako\u015bci przygotowanie powierzchni nie musi wi\u0105za\u0107 si\u0119 z wysokimi kosztami. Nasz produkt zapewnia doskona\u0142\u0105 wydajno\u015b\u0107 wype\u0142niania por\u00f3w w najbardziej konkurencyjnej cenie, dzi\u0119ki czemu jest idealny zar\u00f3wno dla wykonawc\u00f3w, jak i w\u0142a\u015bcicieli dom\u00f3w poszukuj\u0105cych op\u0142acalnej poprawy jako\u015bci betonu.<\/p>\n<p><strong><img decoding=\"async\" style=\"margin-right: 12px;\" src=\"https:\/\/www.ferberpainting.com\/wp-content\/uploads\/2026\/02\/Check.svg\" alt=\"\" width=\"18\" height=\"15\" \/>Szybka, 24-godzinna dostawa zapewniaj\u0105ca niezak\u0142\u00f3cony harmonogram projektu.<\/strong> Przygotowanie powierzchni cz\u0119sto zale\u017cy od czasu. Dlatego zapewniamy niezawodn\u0105 24-godzinn\u0105 dostaw\u0119, dzi\u0119ki czemu wype\u0142niacz por\u00f3w dociera szybko, a projekt jest realizowany bez op\u00f3\u017anie\u0144.<\/p>\n<p><strong><img decoding=\"async\" style=\"margin-right: 12px;\" src=\"https:\/\/www.ferberpainting.com\/wp-content\/uploads\/2026\/02\/Check.svg\" alt=\"\" width=\"18\" height=\"15\" \/>Pokrycie do 10 m\u00b2 na litr dla wydajnej aplikacji.<\/strong> Jeden litr wystarcza na 10 metr\u00f3w kwadratowych, oferuj\u0105c doskona\u0142\u0105 wydajno\u015b\u0107 i dok\u0142adne planowanie. Takie pokrycie zapewnia odpowiednie nasycenie por\u00f3w przy jednoczesnym zachowaniu ekonomicznego zu\u017cycia produktu.<\/p>\n<p><strong><img decoding=\"async\" style=\"margin-right: 12px;\" src=\"https:\/\/www.ferberpainting.com\/wp-content\/uploads\/2026\/02\/Check.svg\" alt=\"\" width=\"18\" height=\"15\" \/>Poprawia przyczepno\u015b\u0107 kolejnych pow\u0142ok.<\/strong> Zmniejszaj\u0105c porowato\u015b\u0107 powierzchni i stabilizuj\u0105c lu\u017ane cz\u0105stki, ten wype\u0142niacz por\u00f3w zwi\u0119ksza przyczepno\u015b\u0107 farb, pow\u0142ok epoksydowych, uszczelniaczy i wyko\u0144cze\u0144 dekoracyjnych. Tworzy stabiln\u0105 i jednolit\u0105 baz\u0119, kt\u00f3ra znacznie zmniejsza ryzyko \u0142uszczenia si\u0119 lub nier\u00f3wnomiernego wch\u0142aniania.<\/p>\n<p><strong><img decoding=\"async\" style=\"margin-right: 12px;\" src=\"https:\/\/www.ferberpainting.com\/wp-content\/uploads\/2026\/02\/Check.svg\" alt=\"\" width=\"18\" height=\"15\" \/>Zmniejsza pylenie i os\u0142abienie powierzchni.<\/strong> Porowaty beton cz\u0119sto uwalnia drobny py\u0142 z powodu degradacji powierzchni. Ten produkt wi\u0105\u017ce lu\u017ane cz\u0105stki i wzmacnia g\u00f3rn\u0105 warstw\u0119, minimalizuj\u0105c powstawanie py\u0142u i poprawiaj\u0105c og\u00f3ln\u0105 integralno\u015b\u0107 powierzchni.<\/p>\n<p><strong><img decoding=\"async\" style=\"margin-right: 12px;\" src=\"https:\/\/www.ferberpainting.com\/wp-content\/uploads\/2026\/02\/Check.svg\" alt=\"\" width=\"18\" height=\"15\" \/>Zwi\u0119ksza odporno\u015b\u0107 na przenikanie wilgoci.<\/strong> Uszczelniaj\u0105c mikropory i kapilary, wype\u0142niacz zmniejsza absorpcj\u0119 wody i pomaga chroni\u0107 beton przed uszkodzeniami zwi\u0105zanymi z wilgoci\u0105, takimi jak cykle zamra\u017cania i rozmra\u017cania, plamy i niszczenie powierzchni.<\/p>\n<p><strong><img decoding=\"async\" style=\"margin-right: 12px;\" src=\"https:\/\/www.ferberpainting.com\/wp-content\/uploads\/2026\/02\/Check.svg\" alt=\"\" width=\"18\" height=\"15\" \/>Nadaje si\u0119 do \u015brodowisk mieszkalnych, komercyjnych i przemys\u0142owych.<\/strong> Idealny do pod\u0142\u00f3g, \u015bcian, gara\u017cy, magazyn\u00f3w, piwnic, podjazd\u00f3w i warsztat\u00f3w, ten wype\u0142niacz por\u00f3w betonu dostosowuje si\u0119 do r\u00f3\u017cnych zastosowa\u0144 budowlanych i renowacyjnych, w kt\u00f3rych wymagana jest lepsza g\u0119sto\u015b\u0107 i trwa\u0142o\u015b\u0107 powierzchni.<\/p>\n<h2><strong>Instrukcje<\/strong><\/h2>\n<ul>\n<li>Przed aplikacj\u0105 upewni\u0107 si\u0119, \u017ce powierzchnia betonu jest czysta, sucha i wolna od kurzu, t\u0142uszczu, oleju, pozosta\u0142o\u015bci farby, zwi\u0105zk\u00f3w utwardzaj\u0105cych lub lu\u017anych cz\u0105stek.<\/li>\n<li>W przypadku silnie zanieczyszczonych powierzchni nale\u017cy je dok\u0142adnie wyczy\u015bci\u0107 przy u\u017cyciu odpowiednich metod mechanicznych lub chemicznych i pozostawi\u0107 do ca\u0142kowitego wyschni\u0119cia.<\/li>\n<li>Przed u\u017cyciem dobrze wstrz\u0105sn\u0105\u0107 lub wymiesza\u0107 produkt, aby zapewni\u0107 jednolit\u0105 konsystencj\u0119.<\/li>\n<li>Nak\u0142ada\u0107 r\u00f3wnomiernie za pomoc\u0105 niskoci\u015bnieniowego urz\u0105dzenia natryskowego, wa\u0142ka lub p\u0119dzla, zapewniaj\u0105c ca\u0142kowite i jednolite pokrycie ca\u0142ej powierzchni.<\/li>\n<li>Przestrzega\u0107 zalecanej wydajno\u015bci do 10 m\u00b2 na litr. Odpowiada to \u015bredniej dawce oko\u0142o 100 ml na metr kwadratowy, w zale\u017cno\u015bci od porowato\u015bci pod\u0142o\u017ca.<\/li>\n<li>Pozostawi\u0107 produkt do ca\u0142kowitego wnikni\u0119cia w beton. Nadmiar materia\u0142u nale\u017cy r\u00f3wnomiernie rozprowadzi\u0107, aby zapobiec jego gromadzeniu si\u0119.<\/li>\n<li>W przypadku pod\u0142o\u017cy o du\u017cej porowato\u015bci mo\u017ce by\u0107 wymagana druga aplikacja po wyschni\u0119ciu pierwszej warstwy.<\/li>\n<li>Przed na\u0142o\u017ceniem farb, pow\u0142ok lub uszczelniaczy nale\u017cy odczeka\u0107 odpowiedni czas schni\u0119cia. Upewni\u0107 si\u0119, \u017ce powierzchnia jest w pe\u0142ni utwardzona i sucha.<\/li>\n<li>Unika\u0107 aplikacji podczas ujemnych temperatur lub gdy spodziewany jest deszcz na powierzchniach zewn\u0119trznych.<\/li>\n<li>Narz\u0119dzia nale\u017cy czy\u015bci\u0107 wod\u0105 natychmiast po u\u017cyciu, a pojemnik przechowywa\u0107 szczelnie zamkni\u0119ty w ch\u0142odnym, suchym miejscu z dala od bezpo\u015bredniego \u015bwiat\u0142a s\u0142onecznego.<\/li>\n<\/ul>","protected":false},"excerpt":{"rendered":"<p>Seal and smooth porous concrete surfaces with professional precision. Our concrete pore filler is specifically formulated to penetrate and fill micro-pores, capillaries, and surface voids in concrete and cement-based substrates. It transforms rough and porous surfaces into denser, smoother, and more uniform finishes, creating the ideal base for coatings, paints, sealers, or decorative treatments. The [&hellip;]<\/p>\n","protected":false},"featured_media":25744,"comment_status":"open","ping_status":"closed","template":"","meta":{"_uag_custom_page_level_css":"","site-sidebar-layout":"default","site-content-layout":"","ast-site-content-layout":"default","site-content-style":"default","site-sidebar-style":"default","ast-global-header-display":"","ast-banner-title-visibility":"","ast-main-header-display":"","ast-hfb-above-header-display":"","ast-hfb-below-header-display":"","ast-hfb-mobile-header-display":"","site-post-title":"","ast-breadcrumbs-content":"","ast-featured-img":"","footer-sml-layout":"","ast-disable-related-posts":"","theme-transparent-header-meta":"default","adv-header-id-meta":"","stick-header-meta":"","header-above-stick-meta":"","header-main-stick-meta":"","header-below-stick-meta":"","astra-migrate-meta-layouts":"set","ast-page-background-enabled":"default","ast-page-background-meta":{"desktop":{"background-color":"var(--ast-global-color-4)","background-image":"","background-repeat":"repeat","background-position":"center center","background-size":"auto","background-attachment":"scroll","background-type":"","background-media":"","overlay-type":"","overlay-color":"","overlay-opacity":"","overlay-gradient":""},"tablet":{"background-color":"","background-image":"","background-repeat":"repeat","background-position":"center center","background-size":"auto","background-attachment":"scroll","background-type":"","background-media":"","overlay-type":"","overlay-color":"","overlay-opacity":"","overlay-gradient":""},"mobile":{"background-color":"","background-image":"","background-repeat":"repeat","background-position":"center center","background-size":"auto","background-attachment":"scroll","background-type":"","background-media":"","overlay-type":"","overlay-color":"","overlay-opacity":"","overlay-gradient":""}},"ast-content-background-meta":{"desktop":{"background-color":"var(--ast-global-color-5)","background-image":"","background-repeat":"repeat","background-position":"center center","background-size":"auto","background-attachment":"scroll","background-type":"","background-media":"","overlay-type":"","overlay-color":"","overlay-opacity":"","overlay-gradient":""},"tablet":{"background-color":"var(--ast-global-color-5)","background-image":"","background-repeat":"repeat","background-position":"center center","background-size":"auto","background-attachment":"scroll","background-type":"","background-media":"","overlay-type":"","overlay-color":"","overlay-opacity":"","overlay-gradient":""},"mobile":{"background-color":"var(--ast-global-color-5)","background-image":"","background-repeat":"repeat","background-position":"center center","background-size":"auto","background-attachment":"scroll","background-type":"","background-media":"","overlay-type":"","overlay-color":"","overlay-opacity":"","overlay-gradient":""}}},"product_brand":[],"product_cat":[176],"product_tag":[],"class_list":{"0":"post-23180","1":"product","2":"type-product","3":"status-publish","4":"has-post-thumbnail","6":"product_cat-concrete-treatment","7":"desktop-align-left","8":"tablet-align-left","9":"mobile-align-left","11":"first","12":"instock","13":"sale","14":"shipping-taxable","15":"purchasable","16":"product-type-variable","17":"has-default-attributes"},"spectra_custom_meta":{"_visibility":["visible"],"_shopify_product_id":["7947755913461"],"_s2w_shopify_domain":["ferberpainting.myshopify.com"],"_shopify_variant_id":["43491173269749"],"_sku":[""],"_manage_stock":["no"],"total_sales":["78"],"_tax_status":["taxable"],"_tax_class":[""],"_backorders":["no"],"_sold_individually":["no"],"_virtual":["no"],"_downloadable":["no"],"_download_limit":["-1"],"_download_expiry":["-1"],"_stock":[null],"_stock_status":["instock"],"_wc_average_rating":["4.92"],"_wc_review_count":["65"],"_product_attributes":["a:1:{s:6:\"volume\";a:6:{s:4:\"name\";s:6:\"Volume\";s:5:\"value\";s:20:\"5 liters | 25 liters\";s:8:\"position\";i:1;s:10:\"is_visible\";i:0;s:12:\"is_variation\";i:1;s:11:\"is_taxonomy\";i:0;}}"],"_product_version":["10.5.1"],"_thumbnail_id":["25744"],"_product_image_gallery":["25745"],"merchant-center-availability":["yes"],"merchant-center-category":["503739"],"merchant-center-id":["PF"],"wpse_downloadable_file_names":[""],"wpse_downloadable_file_urls":[""],"_edit_last":["1"],"_default_attributes":["a:1:{s:6:\"volume\";s:8:\"5 liters\";}"],"_wc_rating_count":["a:3:{i:3;i:2;i:4;i:1;i:5;i:62;}"],"_edit_lock":["1771159115:1"],"_price":["29.90","129.90"],"_wp_page_template":["default"],"site-sidebar-layout":["default"],"ast-site-content-layout":["default"],"site-content-style":["default"],"site-sidebar-style":["default"],"theme-transparent-header-meta":["default"],"astra-migrate-meta-layouts":["set"],"_uag_css_file_name":["uag-css-23180.css"],"_elementor_page_assets":["a:0:{}"],"_uag_page_assets":["a:9:{s:3:\"css\";s:6873:\".wp-block-uagb-image{display:flex}.wp-block-uagb-image__figure{position:relative;display:flex;flex-direction:column;max-width:100%;height:auto;margin:0}.wp-block-uagb-image__figure img{height:auto;display:flex;max-width:100%;transition:box-shadow .2s ease}.wp-block-uagb-image__figure>a{display:inline-block}.wp-block-uagb-image__figure figcaption{text-align:center;margin-top:.5em;margin-bottom:1em}.wp-block-uagb-image .components-placeholder.block-editor-media-placeholder .components-placeholder__instructions{align-self:center}.wp-block-uagb-image--align-left{text-align:left}.wp-block-uagb-image--align-right{text-align:right}.wp-block-uagb-image--align-center{text-align:center}.wp-block-uagb-image--align-full .wp-block-uagb-image__figure{margin-left:calc(50% - 50vw);margin-right:calc(50% - 50vw);max-width:100vw;width:100vw;height:auto}.wp-block-uagb-image--align-full .wp-block-uagb-image__figure img{height:auto;width:100% !important}.wp-block-uagb-image--align-wide .wp-block-uagb-image__figure img{height:auto;width:100%}.wp-block-uagb-image--layout-overlay__color-wrapper{position:absolute;left:0;top:0;right:0;bottom:0;opacity:.2;background:rgba(0,0,0,.5);transition:opacity .35s ease-in-out}.wp-block-uagb-image--layout-overlay-link{position:absolute;left:0;right:0;bottom:0;top:0}.wp-block-uagb-image--layout-overlay .wp-block-uagb-image__figure:hover .wp-block-uagb-image--layout-overlay__color-wrapper{opacity:1}.wp-block-uagb-image--layout-overlay__inner{position:absolute;left:15px;right:15px;bottom:15px;top:15px;display:flex;align-items:center;justify-content:center;flex-direction:column;border-color:#fff;transition:.35s ease-in-out}.wp-block-uagb-image--layout-overlay__inner.top-left,.wp-block-uagb-image--layout-overlay__inner.top-center,.wp-block-uagb-image--layout-overlay__inner.top-right{justify-content:flex-start}.wp-block-uagb-image--layout-overlay__inner.bottom-left,.wp-block-uagb-image--layout-overlay__inner.bottom-center,.wp-block-uagb-image--layout-overlay__inner.bottom-right{justify-content:flex-end}.wp-block-uagb-image--layout-overlay__inner.top-left,.wp-block-uagb-image--layout-overlay__inner.center-left,.wp-block-uagb-image--layout-overlay__inner.bottom-left{align-items:flex-start}.wp-block-uagb-image--layout-overlay__inner.top-right,.wp-block-uagb-image--layout-overlay__inner.center-right,.wp-block-uagb-image--layout-overlay__inner.bottom-right{align-items:flex-end}.wp-block-uagb-image--layout-overlay__inner .uagb-image-heading{color:#fff;transition:transform .35s,opacity .35s ease-in-out;transform:translate3d(0, 24px, 0);margin:0;line-height:1em}.wp-block-uagb-image--layout-overlay__inner .uagb-image-separator{width:30%;border-top-width:2px;border-top-color:#fff;border-top-style:solid;margin-bottom:10px;opacity:0;transition:transform .4s,opacity .4s ease-in-out;transform:translate3d(0, 30px, 0)}.wp-block-uagb-image--layout-overlay__inner .uagb-image-caption{opacity:0;overflow:visible;color:#fff;transition:transform .45s,opacity .45s ease-in-out;transform:translate3d(0, 35px, 0)}.wp-block-uagb-image--layout-overlay__inner:hover .uagb-image-heading,.wp-block-uagb-image--layout-overlay__inner:hover .uagb-image-separator,.wp-block-uagb-image--layout-overlay__inner:hover .uagb-image-caption{opacity:1;transform:translate3d(0, 0, 0)}.wp-block-uagb-image--effect-zoomin .wp-block-uagb-image__figure img,.wp-block-uagb-image--effect-zoomin .wp-block-uagb-image__figure .wp-block-uagb-image--layout-overlay__color-wrapper{transform:scale(1);transition:transform .35s ease-in-out}.wp-block-uagb-image--effect-zoomin .wp-block-uagb-image__figure:hover img,.wp-block-uagb-image--effect-zoomin .wp-block-uagb-image__figure:hover .wp-block-uagb-image--layout-overlay__color-wrapper{transform:scale(1.05)}.wp-block-uagb-image--effect-slide .wp-block-uagb-image__figure img,.wp-block-uagb-image--effect-slide .wp-block-uagb-image__figure .wp-block-uagb-image--layout-overlay__color-wrapper{width:calc(100% + 40px) !important;max-width:none !important;transform:translate3d(-40px, 0, 0);transition:transform .35s ease-in-out}.wp-block-uagb-image--effect-slide .wp-block-uagb-image__figure:hover img,.wp-block-uagb-image--effect-slide .wp-block-uagb-image__figure:hover .wp-block-uagb-image--layout-overlay__color-wrapper{transform:translate3d(0, 0, 0)}.wp-block-uagb-image--effect-grayscale img{filter:grayscale(0%);transition:.35s ease-in-out}.wp-block-uagb-image--effect-grayscale:hover img{filter:grayscale(100%)}.wp-block-uagb-image--effect-blur img{filter:blur(0);transition:.35s ease-in-out}.wp-block-uagb-image--effect-blur:hover img{filter:blur(3px)}.uagb-block-e6f939b3.wp-block-uagb-image--layout-default figure img{box-shadow: 0px 0px 0 #00000070;}.uagb-block-e6f939b3.wp-block-uagb-image .wp-block-uagb-image__figure figcaption{font-style: normal;align-self: center;}.uagb-block-e6f939b3.wp-block-uagb-image--layout-overlay figure img{box-shadow: 0px 0px 0 #00000070;}.uagb-block-e6f939b3.wp-block-uagb-image--layout-overlay .wp-block-uagb-image--layout-overlay__color-wrapper{opacity: 0.2;}.uagb-block-e6f939b3.wp-block-uagb-image--layout-overlay .wp-block-uagb-image--layout-overlay__inner{left: 15px;right: 15px;top: 15px;bottom: 15px;}.uagb-block-e6f939b3.wp-block-uagb-image--layout-overlay .wp-block-uagb-image--layout-overlay__inner .uagb-image-heading{font-style: normal;color: #fff;opacity: 1;}.uagb-block-e6f939b3.wp-block-uagb-image--layout-overlay .wp-block-uagb-image--layout-overlay__inner .uagb-image-heading a{color: #fff;}.uagb-block-e6f939b3.wp-block-uagb-image--layout-overlay .wp-block-uagb-image--layout-overlay__inner .uagb-image-caption{opacity: 0;}.uagb-block-e6f939b3.wp-block-uagb-image--layout-overlay .wp-block-uagb-image__figure:hover .wp-block-uagb-image--layout-overlay__color-wrapper{opacity: 1;}.uagb-block-e6f939b3.wp-block-uagb-image .wp-block-uagb-image--layout-overlay__inner .uagb-image-separator{width: 30%;border-top-width: 2px;border-top-color: #fff;opacity: 0;}.uagb-block-e6f939b3.wp-block-uagb-image .wp-block-uagb-image__figure img{width: px;height: auto;}.uagb-block-e6f939b3.wp-block-uagb-image .wp-block-uagb-image__figure:hover .wp-block-uagb-image--layout-overlay__inner .uagb-image-caption{opacity: 1;}.uagb-block-e6f939b3.wp-block-uagb-image .wp-block-uagb-image__figure:hover .wp-block-uagb-image--layout-overlay__inner .uagb-image-separator{opacity: 1;}.uagb-block-e6f939b3.wp-block-uagb-image--layout-default figure:hover img{box-shadow: 0px 0px 0 #00000070;}.uagb-block-e6f939b3.wp-block-uagb-image--layout-overlay figure:hover img{box-shadow: 0px 0px 0 #00000070;}@media only screen and (max-width: 976px) {.uagb-block-e6f939b3.wp-block-uagb-image .wp-block-uagb-image__figure img{width: px;height: auto;}}@media only screen and (max-width: 767px) {.uagb-block-e6f939b3.wp-block-uagb-image .wp-block-uagb-image__figure img{width: px;height: auto;}}\";s:2:\"js\";s:0:\"\";s:18:\"current_block_list\";a:13:{i:0;s:11:\"core\/search\";i:1;s:10:\"core\/group\";i:2;s:12:\"core\/heading\";i:3;s:17:\"core\/latest-posts\";i:4;s:20:\"core\/latest-comments\";i:5;s:13:\"core\/archives\";i:6;s:15:\"core\/categories\";i:7;s:14:\"core\/paragraph\";i:8;s:10:\"uagb\/image\";i:9;s:11:\"core\/spacer\";i:10;s:30:\"woocommerce\/product-categories\";i:11;s:10:\"core\/image\";i:12;s:14:\"core\/shortcode\";}s:8:\"uag_flag\";b:1;s:11:\"uag_version\";s:10:\"1777096629\";s:6:\"gfonts\";a:0:{}s:10:\"gfonts_url\";s:0:\"\";s:12:\"gfonts_files\";a:0:{}s:14:\"uag_faq_layout\";b:0;}"]},"uagb_featured_image_src":{"full":["https:\/\/www.ferberpainting.com\/wp-content\/uploads\/2025\/05\/POREFILLER5L.jpg",2560,2560,false],"thumbnail":["https:\/\/www.ferberpainting.com\/wp-content\/uploads\/2025\/05\/POREFILLER5L-150x150.jpg",150,150,true],"medium":["https:\/\/www.ferberpainting.com\/wp-content\/uploads\/2025\/05\/POREFILLER5L-300x300.jpg",300,300,true],"medium_large":["https:\/\/www.ferberpainting.com\/wp-content\/uploads\/2025\/05\/POREFILLER5L-768x768.jpg",768,768,true],"large":["https:\/\/www.ferberpainting.com\/wp-content\/uploads\/2025\/05\/POREFILLER5L-1024x1024.jpg",1024,1024,true],"1536x1536":["https:\/\/www.ferberpainting.com\/wp-content\/uploads\/2025\/05\/POREFILLER5L-1536x1536.jpg",1536,1536,true],"2048x2048":["https:\/\/www.ferberpainting.com\/wp-content\/uploads\/2025\/05\/POREFILLER5L-2048x2048.jpg",2048,2048,true],"trp-custom-language-flag":["https:\/\/www.ferberpainting.com\/wp-content\/uploads\/2025\/05\/POREFILLER5L-12x12.jpg",12,12,true],"woocommerce_thumbnail":["https:\/\/www.ferberpainting.com\/wp-content\/uploads\/2025\/05\/POREFILLER5L-300x300.jpg",300,300,true],"woocommerce_single":["https:\/\/www.ferberpainting.com\/wp-content\/uploads\/2025\/05\/POREFILLER5L-600x600.jpg",600,600,true],"woocommerce_gallery_thumbnail":["https:\/\/www.ferberpainting.com\/wp-content\/uploads\/2025\/05\/POREFILLER5L-100x100.jpg",100,100,true]},"uagb_author_info":{"display_name":"admin","author_link":"https:\/\/www.ferberpainting.com\/pl\/author\/"},"uagb_comment_info":65,"uagb_excerpt":"Seal and smooth porous concrete surfaces with professional precision. Our concrete pore filler is specifically formulated to penetrate and fill micro-pores, capillaries, and surface voids in concrete and cement-based substrates. It transforms rough and porous surfaces into denser, smoother, and more uniform finishes, creating the ideal base for coatings, paints, sealers, or decorative treatments. The&hellip;","_links":{"self":[{"href":"https:\/\/www.ferberpainting.com\/pl\/wp-json\/wp\/v2\/product\/23180","targetHints":{"allow":["GET"]}}],"collection":[{"href":"https:\/\/www.ferberpainting.com\/pl\/wp-json\/wp\/v2\/product"}],"about":[{"href":"https:\/\/www.ferberpainting.com\/pl\/wp-json\/wp\/v2\/types\/product"}],"replies":[{"embeddable":true,"href":"https:\/\/www.ferberpainting.com\/pl\/wp-json\/wp\/v2\/comments?post=23180"}],"version-history":[{"count":4,"href":"https:\/\/www.ferberpainting.com\/pl\/wp-json\/wp\/v2\/product\/23180\/revisions"}],"predecessor-version":[{"id":166087,"href":"https:\/\/www.ferberpainting.com\/pl\/wp-json\/wp\/v2\/product\/23180\/revisions\/166087"}],"wp:featuredmedia":[{"embeddable":true,"href":"https:\/\/www.ferberpainting.com\/pl\/wp-json\/wp\/v2\/media\/25744"}],"wp:attachment":[{"href":"https:\/\/www.ferberpainting.com\/pl\/wp-json\/wp\/v2\/media?parent=23180"}],"wp:term":[{"taxonomy":"product_brand","embeddable":true,"href":"https:\/\/www.ferberpainting.com\/pl\/wp-json\/wp\/v2\/product_brand?post=23180"},{"taxonomy":"product_cat","embeddable":true,"href":"https:\/\/www.ferberpainting.com\/pl\/wp-json\/wp\/v2\/product_cat?post=23180"},{"taxonomy":"product_tag","embeddable":true,"href":"https:\/\/www.ferberpainting.com\/pl\/wp-json\/wp\/v2\/product_tag?post=23180"}],"curies":[{"name":"wp","href":"https:\/\/api.w.org\/{rel}","templated":true}]}}