{"id":23174,"date":"2025-05-26T10:23:08","date_gmt":"2025-05-26T08:23:08","guid":{"rendered":"https:\/\/www.ferberpainting.com\/products\/cure-for-concrete-and-mortar\/"},"modified":"2026-02-15T16:44:44","modified_gmt":"2026-02-15T15:44:44","slug":"cure-for-concrete-and-mortar","status":"publish","type":"product","link":"https:\/\/www.ferberpainting.com\/pl\/products\/cure-for-concrete-and-mortar\/","title":{"rendered":"Utwardzanie betonu i zaprawy"},"content":{"rendered":"<p><strong><img decoding=\"async\" style=\"margin-right: 12px;\" src=\"https:\/\/www.ferberpainting.com\/wp-content\/uploads\/2026\/02\/Check.svg\" alt=\"\" width=\"18\" height=\"15\" \/>Zapewnia optymalne utwardzanie dla mocniejszego i trwalszego betonu i zaprawy.<\/strong> Nasz preparat do betonu i zapraw zosta\u0142 specjalnie opracowany, aby regulowa\u0107 odparowywanie wilgoci podczas krytycznej fazy utwardzania, umo\u017cliwiaj\u0105c materia\u0142om na bazie cementu osi\u0105gni\u0119cie maksymalnej wytrzyma\u0142o\u015bci i integralno\u015bci strukturalnej. Utrzymuj\u0105c odpowiednie warunki hydratacji, znacznie zmniejsza ryzyko p\u0119kania, kurczenia si\u0119 powierzchni i przedwczesnego os\u0142abienia.<\/p>\n<p><strong><img decoding=\"async\" style=\"margin-right: 12px;\" src=\"https:\/\/www.ferberpainting.com\/wp-content\/uploads\/2026\/02\/Check.svg\" alt=\"\" width=\"18\" height=\"15\" \/>Najskuteczniejsze rozwi\u0105zanie do utwardzania na rynku.<\/strong> Zaprojektowany z wykorzystaniem zaawansowanej technologii zatrzymywania wilgoci, ten utwardzacz tworzy warstw\u0119 ochronn\u0105, kt\u00f3ra spowalnia utrat\u0119 wody ze \u015bwie\u017co wylanego betonu i zaprawy. Ten kontrolowany proces utwardzania zwi\u0119ksza wytrzyma\u0142o\u015b\u0107 na \u015bciskanie, poprawia trwa\u0142o\u015b\u0107 i zapewnia bardziej jednolit\u0105 i stabiln\u0105 struktur\u0119 ko\u0144cow\u0105 w por\u00f3wnaniu z nieobrobionymi powierzchniami.<\/p>\n<p><strong><img decoding=\"async\" style=\"margin-right: 12px;\" src=\"https:\/\/www.ferberpainting.com\/wp-content\/uploads\/2026\/02\/Check.svg\" alt=\"\" width=\"18\" height=\"15\" \/>Gwarancja zwrotu pieni\u0119dzy dla pe\u0142nego spokoju ducha.<\/strong> Jeste\u015bmy w pe\u0142ni przekonani o skuteczno\u015bci naszego utwardzania betonu i zaprawy. Je\u015bli nie b\u0119dziesz w pe\u0142ni zadowolony z rezultat\u00f3w, zwr\u00f3cimy Ci pieni\u0105dze za zakup. Nasza gwarancja zwrotu pieni\u0119dzy zapewnia, \u017ce inwestycja jest wolna od ryzyka i odzwierciedla nasze zaanga\u017cowanie w profesjonaln\u0105 niezawodno\u015b\u0107.<\/p>\n<p><strong><img decoding=\"async\" style=\"margin-right: 12px;\" src=\"https:\/\/www.ferberpainting.com\/wp-content\/uploads\/2026\/02\/Check.svg\" alt=\"\" width=\"18\" height=\"15\" \/>Najta\u0144sze dost\u0119pne profesjonalne rozwi\u0105zanie do utwardzania.<\/strong> Wysokiej jako\u015bci ochrona przed utwardzaniem nie musi wi\u0105za\u0107 si\u0119 z wysokimi kosztami. Nasz produkt zapewnia najwy\u017csz\u0105 wydajno\u015b\u0107 w najbardziej konkurencyjnej cenie na rynku, oferuj\u0105c wyj\u0105tkow\u0105 warto\u015b\u0107 zar\u00f3wno profesjonalistom budowlanym, jak i majsterkowiczom.<\/p>\n<p><strong><img decoding=\"async\" style=\"margin-right: 12px;\" src=\"https:\/\/www.ferberpainting.com\/wp-content\/uploads\/2026\/02\/Check.svg\" alt=\"\" width=\"18\" height=\"15\" \/>Szybka, 24-godzinna dostawa w przypadku projekt\u00f3w, w kt\u00f3rych liczy si\u0119 czas.<\/strong> Beton i zaprawa wymagaj\u0105 natychmiastowej ochrony po utwardzeniu. Dlatego oferujemy niezawodn\u0105 24-godzinn\u0105 dostaw\u0119, zapewniaj\u0105c szybkie otrzymanie produktu i ochron\u0119 powierzchni we w\u0142a\u015bciwym momencie.<\/p>\n<p><strong><img decoding=\"async\" style=\"margin-right: 12px;\" src=\"https:\/\/www.ferberpainting.com\/wp-content\/uploads\/2026\/02\/Check.svg\" alt=\"\" width=\"18\" height=\"15\" \/>Pokrycie do 5 m\u00b2 na litr przy kontrolowanej aplikacji.<\/strong> Jeden litr produktu pozwala na pokrycie do 5 metr\u00f3w kwadratowych, zapewniaj\u0105c wystarczaj\u0105c\u0105 grubo\u015b\u0107 pow\u0142oki dla skutecznego utwardzania. Okre\u015blony stopie\u0144 pokrycia umo\u017cliwia dok\u0142adne planowanie i zapewnia sta\u0142\u0105 retencj\u0119 wilgoci na obrabianych powierzchniach.<\/p>\n<p><strong><img decoding=\"async\" style=\"margin-right: 12px;\" src=\"https:\/\/www.ferberpainting.com\/wp-content\/uploads\/2026\/02\/Check.svg\" alt=\"\" width=\"18\" height=\"15\" \/>Redukuje p\u0119kni\u0119cia i defekty powierzchni.<\/strong> Zapobiegaj\u0105c szybkiemu odparowywaniu wody, ten zwi\u0105zek utwardzaj\u0105cy znacznie zmniejsza p\u0119kni\u0119cia skurczowe tworzyw sztucznych, pylenie powierzchni i mikrop\u0119kni\u0119cia strukturalne. Promuje jednolite utwardzanie i poprawia og\u00f3ln\u0105 jako\u015b\u0107 powierzchni.<\/p>\n<p><strong><img decoding=\"async\" style=\"margin-right: 12px;\" src=\"https:\/\/www.ferberpainting.com\/wp-content\/uploads\/2026\/02\/Check.svg\" alt=\"\" width=\"18\" height=\"15\" \/>Zwi\u0119ksza d\u0142ugoterminow\u0105 trwa\u0142o\u015b\u0107 i wytrzyma\u0142o\u015b\u0107.<\/strong> Prawid\u0142owe utwardzanie zwi\u0119ksza wytrzyma\u0142o\u015b\u0107 na \u015bciskanie i odporno\u015b\u0107 na \u015bcieranie. Produkt ten pomaga betonowi i zaprawie osi\u0105gn\u0105\u0107 pe\u0142ny potencja\u0142 mechaniczny, czyni\u0105c powierzchnie bardziej odpornymi na zu\u017cycie, warunki atmosferyczne i stres \u015brodowiskowy.<\/p>\n<p><strong><img decoding=\"async\" style=\"margin-right: 12px;\" src=\"https:\/\/www.ferberpainting.com\/wp-content\/uploads\/2026\/02\/Check.svg\" alt=\"\" width=\"18\" height=\"15\" \/>Nadaje si\u0119 do r\u00f3\u017cnych zastosowa\u0144 na bazie cementu.<\/strong> Ten utwardzacz jest idealny do p\u0142yt, fundament\u00f3w, jastrych\u00f3w, podjazd\u00f3w, \u015bcian, kolumn, chodnik\u00f3w i po\u0142\u0105cze\u0144 zaprawowych. Skutecznie sprawdza si\u0119 w budownictwie mieszkaniowym, komercyjnym i przemys\u0142owym.<\/p>\n<p><strong><img decoding=\"async\" style=\"margin-right: 12px;\" src=\"https:\/\/www.ferberpainting.com\/wp-content\/uploads\/2026\/02\/Check.svg\" alt=\"\" width=\"18\" height=\"15\" \/>\u0141atwa aplikacja dla profesjonalist\u00f3w i w\u0142a\u015bcicieli dom\u00f3w.<\/strong> Zaprojektowana z my\u015bl\u0105 o wygodnym u\u017cyciu, masa utwardzaj\u0105ca mo\u017ce by\u0107 nak\u0142adana za pomoc\u0105 niskoci\u015bnieniowego opryskiwacza, wa\u0142ka lub p\u0119dzla. Jego jednolita konsystencja pozwala na szybkie i r\u00f3wnomierne pokrycie bez skomplikowanego przygotowania.<\/p>\n<h2><strong>Instrukcje<\/strong><\/h2>\n<ul>\n<li>Nak\u0142ada\u0107 natychmiast po wyko\u0144czeniu powierzchni betonu lub zaprawy, gdy woda odparuje, a powierzchnia jest wystarczaj\u0105co twarda, aby utrzyma\u0107 aplikacj\u0119.<\/li>\n<li>Przed na\u0142o\u017ceniem masy utwardzaj\u0105cej nale\u017cy upewni\u0107 si\u0119, \u017ce powierzchnia jest czysta i wolna od stoj\u0105cej wody.<\/li>\n<li>Dok\u0142adnie wstrz\u0105sn\u0105\u0107 lub wymiesza\u0107 produkt przed u\u017cyciem, aby zapewni\u0107 jednolity sk\u0142ad.<\/li>\n<li>Nak\u0142ada\u0107 r\u00f3wnomiernie za pomoc\u0105 niskoci\u015bnieniowego urz\u0105dzenia natryskowego, wa\u0142ka lub p\u0119dzla, aby utworzy\u0107 ci\u0105g\u0142\u0105 warstw\u0119 ochronn\u0105.<\/li>\n<li>Nale\u017cy przestrzega\u0107 zalecanego poziomu pokrycia do 5 m\u00b2 na litr. Odpowiada to \u015bredniej dawce oko\u0142o 200 ml na metr kwadratowy, aby zapewni\u0107 skuteczne zatrzymywanie wilgoci.<\/li>\n<li>Zapewni\u0107 ca\u0142kowite i r\u00f3wnomierne pokrycie bez pozostawiania nieobrobionych obszar\u00f3w. Unika\u0107 nadmiernego gromadzenia si\u0119 produktu.<\/li>\n<li>Poczekaj, a\u017c folia utwardzaj\u0105ca wyschnie i utworzy membran\u0119 ochronn\u0105 na powierzchni.<\/li>\n<li>Chroni\u0107 \u015bwie\u017co pokryte obszary przed intensywnym ruchem lub uszkodzeniami mechanicznymi podczas fazy utwardzania.<\/li>\n<li>Unika\u0107 aplikacji podczas deszczu lub ekstremalnych warunk\u00f3w pogodowych, kt\u00f3re mog\u0105 zak\u0142\u00f3ci\u0107 tworzenie si\u0119 pow\u0142oki.<\/li>\n<li>Narz\u0119dzia nale\u017cy czy\u015bci\u0107 wod\u0105 natychmiast po u\u017cyciu i przechowywa\u0107 w ch\u0142odnym, suchym miejscu, z dala od bezpo\u015bredniego \u015bwiat\u0142a s\u0142onecznego i ujemnych temperatur.<\/li>\n<\/ul>","protected":false},"excerpt":{"rendered":"<p>Ensure optimal curing for stronger and more durable concrete and mortar. Our concrete and mortar cure is specially formulated to regulate moisture evaporation during the critical curing phase, allowing cement-based materials to achieve maximum strength and structural integrity. By maintaining proper hydration conditions, it significantly reduces the risk of cracking, surface shrinkage, and premature weakness. [&hellip;]<\/p>\n","protected":false},"featured_media":25741,"comment_status":"open","ping_status":"closed","template":"","meta":{"_uag_custom_page_level_css":"","site-sidebar-layout":"default","site-content-layout":"","ast-site-content-layout":"default","site-content-style":"default","site-sidebar-style":"default","ast-global-header-display":"","ast-banner-title-visibility":"","ast-main-header-display":"","ast-hfb-above-header-display":"","ast-hfb-below-header-display":"","ast-hfb-mobile-header-display":"","site-post-title":"","ast-breadcrumbs-content":"","ast-featured-img":"","footer-sml-layout":"","ast-disable-related-posts":"","theme-transparent-header-meta":"default","adv-header-id-meta":"","stick-header-meta":"","header-above-stick-meta":"","header-main-stick-meta":"","header-below-stick-meta":"","astra-migrate-meta-layouts":"set","ast-page-background-enabled":"default","ast-page-background-meta":{"desktop":{"background-color":"var(--ast-global-color-4)","background-image":"","background-repeat":"repeat","background-position":"center center","background-size":"auto","background-attachment":"scroll","background-type":"","background-media":"","overlay-type":"","overlay-color":"","overlay-opacity":"","overlay-gradient":""},"tablet":{"background-color":"","background-image":"","background-repeat":"repeat","background-position":"center center","background-size":"auto","background-attachment":"scroll","background-type":"","background-media":"","overlay-type":"","overlay-color":"","overlay-opacity":"","overlay-gradient":""},"mobile":{"background-color":"","background-image":"","background-repeat":"repeat","background-position":"center center","background-size":"auto","background-attachment":"scroll","background-type":"","background-media":"","overlay-type":"","overlay-color":"","overlay-opacity":"","overlay-gradient":""}},"ast-content-background-meta":{"desktop":{"background-color":"var(--ast-global-color-5)","background-image":"","background-repeat":"repeat","background-position":"center center","background-size":"auto","background-attachment":"scroll","background-type":"","background-media":"","overlay-type":"","overlay-color":"","overlay-opacity":"","overlay-gradient":""},"tablet":{"background-color":"var(--ast-global-color-5)","background-image":"","background-repeat":"repeat","background-position":"center center","background-size":"auto","background-attachment":"scroll","background-type":"","background-media":"","overlay-type":"","overlay-color":"","overlay-opacity":"","overlay-gradient":""},"mobile":{"background-color":"var(--ast-global-color-5)","background-image":"","background-repeat":"repeat","background-position":"center center","background-size":"auto","background-attachment":"scroll","background-type":"","background-media":"","overlay-type":"","overlay-color":"","overlay-opacity":"","overlay-gradient":""}}},"product_brand":[],"product_cat":[176],"product_tag":[],"class_list":{"0":"post-23174","1":"product","2":"type-product","3":"status-publish","4":"has-post-thumbnail","6":"product_cat-concrete-treatment","7":"desktop-align-left","8":"tablet-align-left","9":"mobile-align-left","11":"first","12":"instock","13":"sale","14":"shipping-taxable","15":"purchasable","16":"product-type-variable","17":"has-default-attributes"},"spectra_custom_meta":{"_visibility":["visible"],"_shopify_product_id":["8051450839285"],"_s2w_shopify_domain":["ferberpainting.myshopify.com"],"_shopify_variant_id":["43849357066485"],"_manage_stock":["no"],"total_sales":["12"],"_tax_status":["taxable"],"_tax_class":[""],"_backorders":["no"],"_sold_individually":["no"],"_virtual":["no"],"_downloadable":["no"],"_download_limit":["-1"],"_download_expiry":["-1"],"_stock":[null],"_stock_status":["instock"],"_wc_average_rating":["4.98"],"_wc_review_count":["86"],"_product_attributes":["a:1:{s:6:\"volume\";a:6:{s:4:\"name\";s:6:\"Volume\";s:5:\"value\";s:20:\"5 liters | 25 liters\";s:8:\"position\";i:1;s:10:\"is_visible\";i:0;s:12:\"is_variation\";i:1;s:11:\"is_taxonomy\";i:0;}}"],"_product_version":["10.5.1"],"_thumbnail_id":["25741"],"_product_image_gallery":["25742"],"_edit_lock":["1771170229:1"],"_default_attributes":["a:1:{s:6:\"volume\";s:8:\"5 liters\";}"],"merchant-center-availability":["yes"],"merchant-center-category":["2282"],"merchant-center-id":["CBEM5L"],"_edit_last":["1"],"_wp_page_template":["default"],"site-sidebar-layout":["default"],"ast-site-content-layout":["default"],"site-content-style":["default"],"site-sidebar-style":["default"],"theme-transparent-header-meta":["default"],"_price":["29.90","129.90"],"_wc_rating_count":["a:2:{i:4;i:2;i:5;i:84;}"],"astra-migrate-meta-layouts":["set"],"_uag_css_file_name":["uag-css-23174.css"],"_elementor_page_assets":["a:0:{}"],"_uag_page_assets":["a:9:{s:3:\"css\";s:6873:\".wp-block-uagb-image{display:flex}.wp-block-uagb-image__figure{position:relative;display:flex;flex-direction:column;max-width:100%;height:auto;margin:0}.wp-block-uagb-image__figure img{height:auto;display:flex;max-width:100%;transition:box-shadow .2s ease}.wp-block-uagb-image__figure>a{display:inline-block}.wp-block-uagb-image__figure figcaption{text-align:center;margin-top:.5em;margin-bottom:1em}.wp-block-uagb-image .components-placeholder.block-editor-media-placeholder .components-placeholder__instructions{align-self:center}.wp-block-uagb-image--align-left{text-align:left}.wp-block-uagb-image--align-right{text-align:right}.wp-block-uagb-image--align-center{text-align:center}.wp-block-uagb-image--align-full .wp-block-uagb-image__figure{margin-left:calc(50% - 50vw);margin-right:calc(50% - 50vw);max-width:100vw;width:100vw;height:auto}.wp-block-uagb-image--align-full .wp-block-uagb-image__figure img{height:auto;width:100% !important}.wp-block-uagb-image--align-wide .wp-block-uagb-image__figure img{height:auto;width:100%}.wp-block-uagb-image--layout-overlay__color-wrapper{position:absolute;left:0;top:0;right:0;bottom:0;opacity:.2;background:rgba(0,0,0,.5);transition:opacity .35s ease-in-out}.wp-block-uagb-image--layout-overlay-link{position:absolute;left:0;right:0;bottom:0;top:0}.wp-block-uagb-image--layout-overlay .wp-block-uagb-image__figure:hover .wp-block-uagb-image--layout-overlay__color-wrapper{opacity:1}.wp-block-uagb-image--layout-overlay__inner{position:absolute;left:15px;right:15px;bottom:15px;top:15px;display:flex;align-items:center;justify-content:center;flex-direction:column;border-color:#fff;transition:.35s ease-in-out}.wp-block-uagb-image--layout-overlay__inner.top-left,.wp-block-uagb-image--layout-overlay__inner.top-center,.wp-block-uagb-image--layout-overlay__inner.top-right{justify-content:flex-start}.wp-block-uagb-image--layout-overlay__inner.bottom-left,.wp-block-uagb-image--layout-overlay__inner.bottom-center,.wp-block-uagb-image--layout-overlay__inner.bottom-right{justify-content:flex-end}.wp-block-uagb-image--layout-overlay__inner.top-left,.wp-block-uagb-image--layout-overlay__inner.center-left,.wp-block-uagb-image--layout-overlay__inner.bottom-left{align-items:flex-start}.wp-block-uagb-image--layout-overlay__inner.top-right,.wp-block-uagb-image--layout-overlay__inner.center-right,.wp-block-uagb-image--layout-overlay__inner.bottom-right{align-items:flex-end}.wp-block-uagb-image--layout-overlay__inner .uagb-image-heading{color:#fff;transition:transform .35s,opacity .35s ease-in-out;transform:translate3d(0, 24px, 0);margin:0;line-height:1em}.wp-block-uagb-image--layout-overlay__inner .uagb-image-separator{width:30%;border-top-width:2px;border-top-color:#fff;border-top-style:solid;margin-bottom:10px;opacity:0;transition:transform .4s,opacity .4s ease-in-out;transform:translate3d(0, 30px, 0)}.wp-block-uagb-image--layout-overlay__inner .uagb-image-caption{opacity:0;overflow:visible;color:#fff;transition:transform .45s,opacity .45s ease-in-out;transform:translate3d(0, 35px, 0)}.wp-block-uagb-image--layout-overlay__inner:hover .uagb-image-heading,.wp-block-uagb-image--layout-overlay__inner:hover .uagb-image-separator,.wp-block-uagb-image--layout-overlay__inner:hover .uagb-image-caption{opacity:1;transform:translate3d(0, 0, 0)}.wp-block-uagb-image--effect-zoomin .wp-block-uagb-image__figure img,.wp-block-uagb-image--effect-zoomin .wp-block-uagb-image__figure .wp-block-uagb-image--layout-overlay__color-wrapper{transform:scale(1);transition:transform .35s ease-in-out}.wp-block-uagb-image--effect-zoomin .wp-block-uagb-image__figure:hover img,.wp-block-uagb-image--effect-zoomin .wp-block-uagb-image__figure:hover .wp-block-uagb-image--layout-overlay__color-wrapper{transform:scale(1.05)}.wp-block-uagb-image--effect-slide .wp-block-uagb-image__figure img,.wp-block-uagb-image--effect-slide .wp-block-uagb-image__figure .wp-block-uagb-image--layout-overlay__color-wrapper{width:calc(100% + 40px) !important;max-width:none !important;transform:translate3d(-40px, 0, 0);transition:transform .35s ease-in-out}.wp-block-uagb-image--effect-slide .wp-block-uagb-image__figure:hover img,.wp-block-uagb-image--effect-slide .wp-block-uagb-image__figure:hover .wp-block-uagb-image--layout-overlay__color-wrapper{transform:translate3d(0, 0, 0)}.wp-block-uagb-image--effect-grayscale img{filter:grayscale(0%);transition:.35s ease-in-out}.wp-block-uagb-image--effect-grayscale:hover img{filter:grayscale(100%)}.wp-block-uagb-image--effect-blur img{filter:blur(0);transition:.35s ease-in-out}.wp-block-uagb-image--effect-blur:hover img{filter:blur(3px)}.uagb-block-e6f939b3.wp-block-uagb-image--layout-default figure img{box-shadow: 0px 0px 0 #00000070;}.uagb-block-e6f939b3.wp-block-uagb-image .wp-block-uagb-image__figure figcaption{font-style: normal;align-self: center;}.uagb-block-e6f939b3.wp-block-uagb-image--layout-overlay figure img{box-shadow: 0px 0px 0 #00000070;}.uagb-block-e6f939b3.wp-block-uagb-image--layout-overlay .wp-block-uagb-image--layout-overlay__color-wrapper{opacity: 0.2;}.uagb-block-e6f939b3.wp-block-uagb-image--layout-overlay .wp-block-uagb-image--layout-overlay__inner{left: 15px;right: 15px;top: 15px;bottom: 15px;}.uagb-block-e6f939b3.wp-block-uagb-image--layout-overlay .wp-block-uagb-image--layout-overlay__inner .uagb-image-heading{font-style: normal;color: #fff;opacity: 1;}.uagb-block-e6f939b3.wp-block-uagb-image--layout-overlay .wp-block-uagb-image--layout-overlay__inner .uagb-image-heading a{color: #fff;}.uagb-block-e6f939b3.wp-block-uagb-image--layout-overlay .wp-block-uagb-image--layout-overlay__inner .uagb-image-caption{opacity: 0;}.uagb-block-e6f939b3.wp-block-uagb-image--layout-overlay .wp-block-uagb-image__figure:hover .wp-block-uagb-image--layout-overlay__color-wrapper{opacity: 1;}.uagb-block-e6f939b3.wp-block-uagb-image .wp-block-uagb-image--layout-overlay__inner .uagb-image-separator{width: 30%;border-top-width: 2px;border-top-color: #fff;opacity: 0;}.uagb-block-e6f939b3.wp-block-uagb-image .wp-block-uagb-image__figure img{width: px;height: auto;}.uagb-block-e6f939b3.wp-block-uagb-image .wp-block-uagb-image__figure:hover .wp-block-uagb-image--layout-overlay__inner .uagb-image-caption{opacity: 1;}.uagb-block-e6f939b3.wp-block-uagb-image .wp-block-uagb-image__figure:hover .wp-block-uagb-image--layout-overlay__inner .uagb-image-separator{opacity: 1;}.uagb-block-e6f939b3.wp-block-uagb-image--layout-default figure:hover img{box-shadow: 0px 0px 0 #00000070;}.uagb-block-e6f939b3.wp-block-uagb-image--layout-overlay figure:hover img{box-shadow: 0px 0px 0 #00000070;}@media only screen and (max-width: 976px) {.uagb-block-e6f939b3.wp-block-uagb-image .wp-block-uagb-image__figure img{width: px;height: auto;}}@media only screen and (max-width: 767px) {.uagb-block-e6f939b3.wp-block-uagb-image .wp-block-uagb-image__figure img{width: px;height: auto;}}\";s:2:\"js\";s:0:\"\";s:18:\"current_block_list\";a:13:{i:0;s:11:\"core\/search\";i:1;s:10:\"core\/group\";i:2;s:12:\"core\/heading\";i:3;s:17:\"core\/latest-posts\";i:4;s:20:\"core\/latest-comments\";i:5;s:13:\"core\/archives\";i:6;s:15:\"core\/categories\";i:7;s:14:\"core\/paragraph\";i:8;s:10:\"uagb\/image\";i:9;s:11:\"core\/spacer\";i:10;s:30:\"woocommerce\/product-categories\";i:11;s:10:\"core\/image\";i:12;s:14:\"core\/shortcode\";}s:8:\"uag_flag\";b:1;s:11:\"uag_version\";s:10:\"1777099881\";s:6:\"gfonts\";a:0:{}s:10:\"gfonts_url\";s:0:\"\";s:12:\"gfonts_files\";a:0:{}s:14:\"uag_faq_layout\";b:0;}"]},"uagb_featured_image_src":{"full":["https:\/\/www.ferberpainting.com\/wp-content\/uploads\/2025\/05\/ConcreteandMortarCure5L.jpg",2560,2560,false],"thumbnail":["https:\/\/www.ferberpainting.com\/wp-content\/uploads\/2025\/05\/ConcreteandMortarCure5L-150x150.jpg",150,150,true],"medium":["https:\/\/www.ferberpainting.com\/wp-content\/uploads\/2025\/05\/ConcreteandMortarCure5L-300x300.jpg",300,300,true],"medium_large":["https:\/\/www.ferberpainting.com\/wp-content\/uploads\/2025\/05\/ConcreteandMortarCure5L-768x768.jpg",768,768,true],"large":["https:\/\/www.ferberpainting.com\/wp-content\/uploads\/2025\/05\/ConcreteandMortarCure5L-1024x1024.jpg",1024,1024,true],"1536x1536":["https:\/\/www.ferberpainting.com\/wp-content\/uploads\/2025\/05\/ConcreteandMortarCure5L-1536x1536.jpg",1536,1536,true],"2048x2048":["https:\/\/www.ferberpainting.com\/wp-content\/uploads\/2025\/05\/ConcreteandMortarCure5L-2048x2048.jpg",2048,2048,true],"trp-custom-language-flag":["https:\/\/www.ferberpainting.com\/wp-content\/uploads\/2025\/05\/ConcreteandMortarCure5L-12x12.jpg",12,12,true],"woocommerce_thumbnail":["https:\/\/www.ferberpainting.com\/wp-content\/uploads\/2025\/05\/ConcreteandMortarCure5L-300x300.jpg",300,300,true],"woocommerce_single":["https:\/\/www.ferberpainting.com\/wp-content\/uploads\/2025\/05\/ConcreteandMortarCure5L-600x600.jpg",600,600,true],"woocommerce_gallery_thumbnail":["https:\/\/www.ferberpainting.com\/wp-content\/uploads\/2025\/05\/ConcreteandMortarCure5L-100x100.jpg",100,100,true]},"uagb_author_info":{"display_name":"admin","author_link":"https:\/\/www.ferberpainting.com\/pl\/author\/"},"uagb_comment_info":86,"uagb_excerpt":"Ensure optimal curing for stronger and more durable concrete and mortar. Our concrete and mortar cure is specially formulated to regulate moisture evaporation during the critical curing phase, allowing cement-based materials to achieve maximum strength and structural integrity. By maintaining proper hydration conditions, it significantly reduces the risk of cracking, surface shrinkage, and premature weakness.&hellip;","_links":{"self":[{"href":"https:\/\/www.ferberpainting.com\/pl\/wp-json\/wp\/v2\/product\/23174","targetHints":{"allow":["GET"]}}],"collection":[{"href":"https:\/\/www.ferberpainting.com\/pl\/wp-json\/wp\/v2\/product"}],"about":[{"href":"https:\/\/www.ferberpainting.com\/pl\/wp-json\/wp\/v2\/types\/product"}],"replies":[{"embeddable":true,"href":"https:\/\/www.ferberpainting.com\/pl\/wp-json\/wp\/v2\/comments?post=23174"}],"version-history":[{"count":6,"href":"https:\/\/www.ferberpainting.com\/pl\/wp-json\/wp\/v2\/product\/23174\/revisions"}],"predecessor-version":[{"id":166280,"href":"https:\/\/www.ferberpainting.com\/pl\/wp-json\/wp\/v2\/product\/23174\/revisions\/166280"}],"wp:featuredmedia":[{"embeddable":true,"href":"https:\/\/www.ferberpainting.com\/pl\/wp-json\/wp\/v2\/media\/25741"}],"wp:attachment":[{"href":"https:\/\/www.ferberpainting.com\/pl\/wp-json\/wp\/v2\/media?parent=23174"}],"wp:term":[{"taxonomy":"product_brand","embeddable":true,"href":"https:\/\/www.ferberpainting.com\/pl\/wp-json\/wp\/v2\/product_brand?post=23174"},{"taxonomy":"product_cat","embeddable":true,"href":"https:\/\/www.ferberpainting.com\/pl\/wp-json\/wp\/v2\/product_cat?post=23174"},{"taxonomy":"product_tag","embeddable":true,"href":"https:\/\/www.ferberpainting.com\/pl\/wp-json\/wp\/v2\/product_tag?post=23174"}],"curies":[{"name":"wp","href":"https:\/\/api.w.org\/{rel}","templated":true}]}}