{"id":23168,"date":"2025-05-26T10:23:07","date_gmt":"2025-05-26T08:23:07","guid":{"rendered":"https:\/\/www.ferberpainting.com\/products\/concrete-and-cement-retarder\/"},"modified":"2026-02-15T13:35:38","modified_gmt":"2026-02-15T12:35:38","slug":"concrete-and-cement-retarder","status":"publish","type":"product","link":"https:\/\/www.ferberpainting.com\/pl\/products\/concrete-and-cement-retarder\/","title":{"rendered":"Op\u00f3\u017aniacz wi\u0105zania do betonu i cementu"},"content":{"rendered":"<p><img decoding=\"async\" style=\"margin-right: 12px;\" src=\"https:\/\/www.ferberpainting.com\/wp-content\/uploads\/2026\/02\/Check.svg\" alt=\"\" width=\"18\" height=\"15\" \/><strong>Wyd\u0142u\u017ca czas urabialno\u015bci betonu.<\/strong>\u00a0Ten op\u00f3\u017aniacz do betonu i cementu zosta\u0142 zaprojektowany w celu wyd\u0142u\u017cenia czasu wi\u0105zania mieszanek na bazie cementu, zapewniaj\u0105c profesjonalistom i osobom prywatnym wi\u0119ksz\u0105 elastyczno\u015b\u0107 podczas aplikacji. Op\u00f3\u017aniaj\u0105c hydratacj\u0119 cementu, poprawia urabialno\u015b\u0107 \u015bwie\u017cego betonu, szczeg\u00f3lnie w upalne dni lub w przypadku projekt\u00f3w wymagaj\u0105cych przed\u0142u\u017conego i precyzyjnego wyko\u0144czenia.<\/p>\n<p><img decoding=\"async\" style=\"margin-right: 12px;\" src=\"https:\/\/www.ferberpainting.com\/wp-content\/uploads\/2026\/02\/Check.svg\" alt=\"\" width=\"18\" height=\"15\" \/><strong>Kompatybilny z r\u00f3\u017cnymi materia\u0142ami.<\/strong>\u00a0Ten op\u00f3\u017aniacz wi\u0105zania dzia\u0142a z szerok\u0105 gam\u0105 materia\u0142\u00f3w, w tym z betonem, cementem, zapraw\u0105 i pow\u0142okami. Jest idealny do wszystkich rodzaj\u00f3w projekt\u00f3w, takich jak p\u0142yty, fundamenty, jastrychy i prace murarskie, kt\u00f3re wymagaj\u0105 dostosowanego czasu wi\u0105zania.<\/p>\n<p><img decoding=\"async\" style=\"margin-right: 12px;\" src=\"https:\/\/www.ferberpainting.com\/wp-content\/uploads\/2026\/02\/Check.svg\" alt=\"\" width=\"18\" height=\"15\" \/><strong>Optymalna efektywno\u015b\u0107 kosztowa.<\/strong>\u00a05-litrowy pojemnik pozwala na przygotowanie du\u017cej ilo\u015bci mieszanki. \u015arednio 100 ml wystarcza do spowolnienia czasu wi\u0105zania 50 kg cementu, dzi\u0119ki czemu jest to wysoce op\u0142acalne rozwi\u0105zanie dla projekt\u00f3w ka\u017cdej wielko\u015bci. Jego wydajno\u015b\u0107 pomaga zmniejszy\u0107 ilo\u015b\u0107 odpad\u00f3w materia\u0142owych i zoptymalizowa\u0107 ka\u017cde miejsce pracy.<\/p>\n<p><img decoding=\"async\" style=\"margin-right: 12px;\" src=\"https:\/\/www.ferberpainting.com\/wp-content\/uploads\/2026\/02\/Check.svg\" alt=\"\" width=\"18\" height=\"15\" \/><strong>Gwarancja zwrotu pieni\u0119dzy.<\/strong>\u00a0Poniewa\u017c ufamy jako\u015bci naszego op\u00f3\u017aniacza wi\u0105zania, oferujemy gwarancj\u0119 zwrotu pieni\u0119dzy. Je\u015bli produkt nie spe\u0142ni Twoich oczekiwa\u0144 pod wzgl\u0119dem skuteczno\u015bci lub kompatybilno\u015bci, masz prawo do pe\u0142nego zwrotu pieni\u0119dzy, zapewniaj\u0105c zakup bez ryzyka.<\/p>\n<p><img decoding=\"async\" style=\"margin-right: 12px;\" src=\"https:\/\/www.ferberpainting.com\/wp-content\/uploads\/2026\/02\/Check.svg\" alt=\"\" width=\"18\" height=\"15\" \/><strong>Produkt bezpieczny i nie stwarzaj\u0105cy zagro\u017cenia.<\/strong>\u00a0W przeciwie\u0144stwie do niekt\u00f3rych agresywnych dodatk\u00f3w chemicznych, ten op\u00f3\u017aniacz wi\u0105zania zawiera sacharoz\u0119, naturalnie wyst\u0119puj\u0105c\u0105 substancj\u0119 wyst\u0119puj\u0105c\u0105 w wielu ro\u015blinach. Nie stanowi zagro\u017cenia dla u\u017cytkownik\u00f3w ani \u015brodowiska, co czyni go idealnym wyborem dla profesjonalist\u00f3w poszukuj\u0105cych skutecznego rozwi\u0105zania zgodnego z normami bezpiecze\u0144stwa.<\/p>\n<p><img decoding=\"async\" style=\"margin-right: 12px;\" src=\"https:\/\/www.ferberpainting.com\/wp-content\/uploads\/2026\/02\/Check.svg\" alt=\"\" width=\"18\" height=\"15\" \/><strong>\u0141atwy w u\u017cyciu.<\/strong>\u00a0Ten op\u00f3\u017aniacz wi\u0105zania jest niezwykle \u0142atwy do zintegrowania z procesem mieszania betonu. Wystarczy doda\u0107 zalecan\u0105 ilo\u015b\u0107 dodatku bezpo\u015brednio do wody zarobowej przed dodaniem spoiwa i kruszywa. Do prawid\u0142owego u\u017cycia nie jest wymagane \u017cadne specjalne szkolenie, dzi\u0119ki czemu jest on dost\u0119pny zar\u00f3wno dla do\u015bwiadczonych profesjonalist\u00f3w, jak i os\u00f3b pracuj\u0105cych nad w\u0142asnymi projektami.<\/p>\n<p><img decoding=\"async\" style=\"margin-right: 12px;\" src=\"https:\/\/www.ferberpainting.com\/wp-content\/uploads\/2026\/02\/Check.svg\" alt=\"\" width=\"18\" height=\"15\" \/><strong>Zoptymalizowana trwa\u0142o\u015b\u0107 betonu.<\/strong>\u00a0Op\u00f3\u017aniaj\u0105c proces wi\u0105zania, produkt ten promuje bardziej r\u00f3wnomiern\u0105 hydratacj\u0119 cementu, zmniejszaj\u0105c ryzyko przedwczesnego p\u0119kania. Dobrze nawodniony beton jest mocniejszy w d\u0142u\u017cszej perspektywie, poprawiaj\u0105c jako\u015b\u0107 i trwa\u0142o\u015b\u0107 budowanych konstrukcji.<\/p>\n<p><img decoding=\"async\" style=\"margin-right: 12px;\" src=\"https:\/\/www.ferberpainting.com\/wp-content\/uploads\/2026\/02\/Check.svg\" alt=\"\" width=\"18\" height=\"15\" \/><strong>Skuteczny nawet w ekstremalnych warunkach.<\/strong>\u00a0Ten op\u00f3\u017aniacz wi\u0105zania jest szczeg\u00f3lnie przydatny w trudnych warunkach klimatycznych, zw\u0142aszcza w wysokich temperaturach, gdy beton ma tendencj\u0119 do zbyt szybkiego wi\u0105zania. Pozwala na prac\u0119 bez napr\u0119\u017ce\u0144 bez ryzyka przedwczesnego stwardnienia, zapobiegaj\u0105c konieczno\u015bci przerabiania \u017ale wyko\u0144czonych sekcji.<\/p>\n<h2><strong>Protok\u00f3\u0142 u\u017cytkowania<\/strong><\/h2>\n<ul>\n<li><strong>Przygotowanie mieszanki :<\/strong> Przed dodaniem op\u00f3\u017aniacza wi\u0105zania nale\u017cy przygotowa\u0107 zwyk\u0142\u0105 mieszank\u0119 betonu, cementu lub zaprawy, odmierzaj\u0105c kruszywa, cement i wod\u0119.<\/li>\n<li><strong>Zalecane dawkowanie :<\/strong> Aby uzyska\u0107 optymalny efekt, nale\u017cy u\u017cy\u0107 100 ml op\u00f3\u017aniacza na 50 kg cementu. Je\u015bli wymagane jest d\u0142u\u017csze op\u00f3\u017anienie wi\u0105zania, mo\u017cna zwi\u0119kszy\u0107 dawk\u0119 do 200 ml na 50 kg, ale zaleca si\u0119 przeprowadzenie wst\u0119pnych test\u00f3w w oparciu o warunki panuj\u0105ce na miejscu.<\/li>\n<li><strong>Metoda inkorporacji :<\/strong> Wla\u0107 wymagan\u0105 ilo\u015b\u0107 op\u00f3\u017aniacza wi\u0105zania do wody zarobowej przed dodaniem go do mieszanki cementowej. Dok\u0142adnie wymiesza\u0107, aby zapewni\u0107 r\u00f3wnomierne rozprowadzenie produktu.<\/li>\n<li><strong>Mieszanie i aplikacja :<\/strong> Gdy dodatek zostanie dobrze wymieszany, nale\u017cy przyst\u0105pi\u0107 do mieszania betonu lub zaprawy w zwyk\u0142y spos\u00f3b. Na\u0142\u00f3\u017c mieszank\u0119 na \u017c\u0105dan\u0105 powierzchni\u0119, korzystaj\u0105c z wyd\u0142u\u017conego czasu urabialno\u015bci.<\/li>\n<li><strong>Ustawianie kontroli czasu :<\/strong> W zale\u017cno\u015bci od zastosowanego dozowania i warunk\u00f3w zewn\u0119trznych (temperatura, wilgotno\u015b\u0107), op\u00f3\u017anienie wi\u0105zania mo\u017ce wynosi\u0107 od 30 minut do kilku godzin. Zaleca si\u0119 monitorowanie post\u0119pu betonu, aby upewni\u0107 si\u0119, \u017ce op\u00f3\u017anienie jest zgodne z wymaganiami projektu.<\/li>\n<li><strong>Czyszczenie narz\u0119dzi :<\/strong> Po u\u017cyciu natychmiast przep\u0142uka\u0107 narz\u0119dzia i sprz\u0119t czyst\u0105 wod\u0105, aby zapobiec gromadzeniu si\u0119 materia\u0142u.<\/li>\n<\/ul>","protected":false},"excerpt":{"rendered":"<p>Extends Concrete Workability Time.\u00a0This concrete and cement retarder is designed to prolong the setting time of cement-based mixtures, providing professionals and individuals with greater flexibility during application. By delaying cement hydration, it enhances the workability of fresh concrete, especially in hot weather or for projects requiring extended and precise finishing. Compatible with Various Materials.\u00a0This setting [&hellip;]<\/p>\n","protected":false},"featured_media":25738,"comment_status":"open","ping_status":"closed","template":"","meta":{"_uag_custom_page_level_css":"","site-sidebar-layout":"default","site-content-layout":"","ast-site-content-layout":"default","site-content-style":"default","site-sidebar-style":"default","ast-global-header-display":"","ast-banner-title-visibility":"","ast-main-header-display":"","ast-hfb-above-header-display":"","ast-hfb-below-header-display":"","ast-hfb-mobile-header-display":"","site-post-title":"","ast-breadcrumbs-content":"","ast-featured-img":"","footer-sml-layout":"","ast-disable-related-posts":"","theme-transparent-header-meta":"default","adv-header-id-meta":"","stick-header-meta":"","header-above-stick-meta":"","header-main-stick-meta":"","header-below-stick-meta":"","astra-migrate-meta-layouts":"set","ast-page-background-enabled":"default","ast-page-background-meta":{"desktop":{"background-color":"var(--ast-global-color-4)","background-image":"","background-repeat":"repeat","background-position":"center center","background-size":"auto","background-attachment":"scroll","background-type":"","background-media":"","overlay-type":"","overlay-color":"","overlay-opacity":"","overlay-gradient":""},"tablet":{"background-color":"","background-image":"","background-repeat":"repeat","background-position":"center center","background-size":"auto","background-attachment":"scroll","background-type":"","background-media":"","overlay-type":"","overlay-color":"","overlay-opacity":"","overlay-gradient":""},"mobile":{"background-color":"","background-image":"","background-repeat":"repeat","background-position":"center center","background-size":"auto","background-attachment":"scroll","background-type":"","background-media":"","overlay-type":"","overlay-color":"","overlay-opacity":"","overlay-gradient":""}},"ast-content-background-meta":{"desktop":{"background-color":"var(--ast-global-color-5)","background-image":"","background-repeat":"repeat","background-position":"center center","background-size":"auto","background-attachment":"scroll","background-type":"","background-media":"","overlay-type":"","overlay-color":"","overlay-opacity":"","overlay-gradient":""},"tablet":{"background-color":"var(--ast-global-color-5)","background-image":"","background-repeat":"repeat","background-position":"center center","background-size":"auto","background-attachment":"scroll","background-type":"","background-media":"","overlay-type":"","overlay-color":"","overlay-opacity":"","overlay-gradient":""},"mobile":{"background-color":"var(--ast-global-color-5)","background-image":"","background-repeat":"repeat","background-position":"center center","background-size":"auto","background-attachment":"scroll","background-type":"","background-media":"","overlay-type":"","overlay-color":"","overlay-opacity":"","overlay-gradient":""}}},"product_brand":[],"product_cat":[176],"product_tag":[],"class_list":{"0":"post-23168","1":"product","2":"type-product","3":"status-publish","4":"has-post-thumbnail","6":"product_cat-concrete-treatment","7":"desktop-align-left","8":"tablet-align-left","9":"mobile-align-left","11":"first","12":"instock","13":"sale","14":"shipping-taxable","15":"purchasable","16":"product-type-variable","17":"has-default-attributes"},"spectra_custom_meta":{"_visibility":["visible"],"_shopify_product_id":["9058943107317"],"_s2w_shopify_domain":["ferberpainting.myshopify.com"],"_shopify_variant_id":["46479764619509"],"_sku":[""],"_manage_stock":["no"],"total_sales":["22"],"_tax_status":["taxable"],"_tax_class":[""],"_backorders":["no"],"_sold_individually":["no"],"_virtual":["no"],"_downloadable":["no"],"_download_limit":["-1"],"_download_expiry":["-1"],"_stock":[null],"_stock_status":["instock"],"_wc_average_rating":["4.70"],"_wc_review_count":["10"],"_product_attributes":["a:1:{s:6:\"volume\";a:6:{s:4:\"name\";s:6:\"Volume\";s:5:\"value\";s:20:\"5 liters | 25 liters\";s:8:\"position\";i:1;s:10:\"is_visible\";i:0;s:12:\"is_variation\";i:1;s:11:\"is_taxonomy\";i:0;}}"],"_product_version":["10.5.1"],"_thumbnail_id":["25738"],"_product_image_gallery":["25739"],"wpse_downloadable_file_names":[""],"wpse_downloadable_file_urls":[""],"_edit_last":["1"],"_default_attributes":["a:1:{s:6:\"volume\";s:8:\"5 liters\";}"],"_edit_lock":["1771158800:1"],"_price":["29.90","129.90"],"merchant-center-availability":["yes"],"merchant-center-category":["2277"],"_wp_page_template":["default"],"site-sidebar-layout":["default"],"ast-site-content-layout":["default"],"site-content-style":["default"],"site-sidebar-style":["default"],"theme-transparent-header-meta":["default"],"_wc_rating_count":["a:2:{i:4;i:3;i:5;i:7;}"],"astra-migrate-meta-layouts":["set"],"_uag_css_file_name":["uag-css-23168.css"],"_elementor_page_assets":["a:0:{}"],"_uag_page_assets":["a:9:{s:3:\"css\";s:7133:\".uag-blocks-common-selector{z-index:var(--z-index-desktop) !important}@media(max-width: 976px){.uag-blocks-common-selector{z-index:var(--z-index-tablet) !important}}@media(max-width: 767px){.uag-blocks-common-selector{z-index:var(--z-index-mobile) !important}}.wp-block-uagb-image{display:flex}.wp-block-uagb-image__figure{position:relative;display:flex;flex-direction:column;max-width:100%;height:auto;margin:0}.wp-block-uagb-image__figure img{height:auto;display:flex;max-width:100%;transition:box-shadow .2s ease}.wp-block-uagb-image__figure>a{display:inline-block}.wp-block-uagb-image__figure figcaption{text-align:center;margin-top:.5em;margin-bottom:1em}.wp-block-uagb-image .components-placeholder.block-editor-media-placeholder .components-placeholder__instructions{align-self:center}.wp-block-uagb-image--align-left{text-align:left}.wp-block-uagb-image--align-right{text-align:right}.wp-block-uagb-image--align-center{text-align:center}.wp-block-uagb-image--align-full .wp-block-uagb-image__figure{margin-left:calc(50% - 50vw);margin-right:calc(50% - 50vw);max-width:100vw;width:100vw;height:auto}.wp-block-uagb-image--align-full .wp-block-uagb-image__figure img{height:auto;width:100% !important}.wp-block-uagb-image--align-wide .wp-block-uagb-image__figure img{height:auto;width:100%}.wp-block-uagb-image--layout-overlay__color-wrapper{position:absolute;left:0;top:0;right:0;bottom:0;opacity:.2;background:rgba(0,0,0,.5);transition:opacity .35s ease-in-out}.wp-block-uagb-image--layout-overlay-link{position:absolute;left:0;right:0;bottom:0;top:0}.wp-block-uagb-image--layout-overlay .wp-block-uagb-image__figure:hover .wp-block-uagb-image--layout-overlay__color-wrapper{opacity:1}.wp-block-uagb-image--layout-overlay__inner{position:absolute;left:15px;right:15px;bottom:15px;top:15px;display:flex;align-items:center;justify-content:center;flex-direction:column;border-color:#fff;transition:.35s ease-in-out}.wp-block-uagb-image--layout-overlay__inner.top-left,.wp-block-uagb-image--layout-overlay__inner.top-center,.wp-block-uagb-image--layout-overlay__inner.top-right{justify-content:flex-start}.wp-block-uagb-image--layout-overlay__inner.bottom-left,.wp-block-uagb-image--layout-overlay__inner.bottom-center,.wp-block-uagb-image--layout-overlay__inner.bottom-right{justify-content:flex-end}.wp-block-uagb-image--layout-overlay__inner.top-left,.wp-block-uagb-image--layout-overlay__inner.center-left,.wp-block-uagb-image--layout-overlay__inner.bottom-left{align-items:flex-start}.wp-block-uagb-image--layout-overlay__inner.top-right,.wp-block-uagb-image--layout-overlay__inner.center-right,.wp-block-uagb-image--layout-overlay__inner.bottom-right{align-items:flex-end}.wp-block-uagb-image--layout-overlay__inner .uagb-image-heading{color:#fff;transition:transform .35s,opacity .35s ease-in-out;transform:translate3d(0, 24px, 0);margin:0;line-height:1em}.wp-block-uagb-image--layout-overlay__inner .uagb-image-separator{width:30%;border-top-width:2px;border-top-color:#fff;border-top-style:solid;margin-bottom:10px;opacity:0;transition:transform .4s,opacity .4s ease-in-out;transform:translate3d(0, 30px, 0)}.wp-block-uagb-image--layout-overlay__inner .uagb-image-caption{opacity:0;overflow:visible;color:#fff;transition:transform .45s,opacity .45s ease-in-out;transform:translate3d(0, 35px, 0)}.wp-block-uagb-image--layout-overlay__inner:hover .uagb-image-heading,.wp-block-uagb-image--layout-overlay__inner:hover .uagb-image-separator,.wp-block-uagb-image--layout-overlay__inner:hover .uagb-image-caption{opacity:1;transform:translate3d(0, 0, 0)}.wp-block-uagb-image--effect-zoomin .wp-block-uagb-image__figure img,.wp-block-uagb-image--effect-zoomin .wp-block-uagb-image__figure .wp-block-uagb-image--layout-overlay__color-wrapper{transform:scale(1);transition:transform .35s ease-in-out}.wp-block-uagb-image--effect-zoomin .wp-block-uagb-image__figure:hover img,.wp-block-uagb-image--effect-zoomin .wp-block-uagb-image__figure:hover .wp-block-uagb-image--layout-overlay__color-wrapper{transform:scale(1.05)}.wp-block-uagb-image--effect-slide .wp-block-uagb-image__figure img,.wp-block-uagb-image--effect-slide .wp-block-uagb-image__figure .wp-block-uagb-image--layout-overlay__color-wrapper{width:calc(100% + 40px) !important;max-width:none !important;transform:translate3d(-40px, 0, 0);transition:transform .35s ease-in-out}.wp-block-uagb-image--effect-slide .wp-block-uagb-image__figure:hover img,.wp-block-uagb-image--effect-slide .wp-block-uagb-image__figure:hover .wp-block-uagb-image--layout-overlay__color-wrapper{transform:translate3d(0, 0, 0)}.wp-block-uagb-image--effect-grayscale img{filter:grayscale(0%);transition:.35s ease-in-out}.wp-block-uagb-image--effect-grayscale:hover img{filter:grayscale(100%)}.wp-block-uagb-image--effect-blur img{filter:blur(0);transition:.35s ease-in-out}.wp-block-uagb-image--effect-blur:hover img{filter:blur(3px)}.uagb-block-e6f939b3.wp-block-uagb-image--layout-default figure img{box-shadow: 0px 0px 0 #00000070;}.uagb-block-e6f939b3.wp-block-uagb-image .wp-block-uagb-image__figure figcaption{font-style: normal;align-self: center;}.uagb-block-e6f939b3.wp-block-uagb-image--layout-overlay figure img{box-shadow: 0px 0px 0 #00000070;}.uagb-block-e6f939b3.wp-block-uagb-image--layout-overlay .wp-block-uagb-image--layout-overlay__color-wrapper{opacity: 0.2;}.uagb-block-e6f939b3.wp-block-uagb-image--layout-overlay .wp-block-uagb-image--layout-overlay__inner{left: 15px;right: 15px;top: 15px;bottom: 15px;}.uagb-block-e6f939b3.wp-block-uagb-image--layout-overlay .wp-block-uagb-image--layout-overlay__inner .uagb-image-heading{font-style: normal;color: #fff;opacity: 1;}.uagb-block-e6f939b3.wp-block-uagb-image--layout-overlay .wp-block-uagb-image--layout-overlay__inner .uagb-image-heading a{color: #fff;}.uagb-block-e6f939b3.wp-block-uagb-image--layout-overlay .wp-block-uagb-image--layout-overlay__inner .uagb-image-caption{opacity: 0;}.uagb-block-e6f939b3.wp-block-uagb-image--layout-overlay .wp-block-uagb-image__figure:hover .wp-block-uagb-image--layout-overlay__color-wrapper{opacity: 1;}.uagb-block-e6f939b3.wp-block-uagb-image .wp-block-uagb-image--layout-overlay__inner .uagb-image-separator{width: 30%;border-top-width: 2px;border-top-color: #fff;opacity: 0;}.uagb-block-e6f939b3.wp-block-uagb-image .wp-block-uagb-image__figure img{width: px;height: auto;}.uagb-block-e6f939b3.wp-block-uagb-image .wp-block-uagb-image__figure:hover .wp-block-uagb-image--layout-overlay__inner .uagb-image-caption{opacity: 1;}.uagb-block-e6f939b3.wp-block-uagb-image .wp-block-uagb-image__figure:hover .wp-block-uagb-image--layout-overlay__inner .uagb-image-separator{opacity: 1;}.uagb-block-e6f939b3.wp-block-uagb-image--layout-default figure:hover img{box-shadow: 0px 0px 0 #00000070;}.uagb-block-e6f939b3.wp-block-uagb-image--layout-overlay figure:hover img{box-shadow: 0px 0px 0 #00000070;}@media only screen and (max-width: 976px) {.uagb-block-e6f939b3.wp-block-uagb-image .wp-block-uagb-image__figure img{width: px;height: auto;}}@media only screen and (max-width: 767px) {.uagb-block-e6f939b3.wp-block-uagb-image .wp-block-uagb-image__figure img{width: px;height: auto;}}\";s:2:\"js\";s:0:\"\";s:18:\"current_block_list\";a:13:{i:0;s:11:\"core\/search\";i:1;s:10:\"core\/group\";i:2;s:12:\"core\/heading\";i:3;s:17:\"core\/latest-posts\";i:4;s:20:\"core\/latest-comments\";i:5;s:13:\"core\/archives\";i:6;s:15:\"core\/categories\";i:7;s:14:\"core\/paragraph\";i:8;s:10:\"uagb\/image\";i:9;s:11:\"core\/spacer\";i:10;s:30:\"woocommerce\/product-categories\";i:11;s:10:\"core\/image\";i:12;s:14:\"core\/shortcode\";}s:8:\"uag_flag\";b:1;s:11:\"uag_version\";s:10:\"1777111256\";s:6:\"gfonts\";a:0:{}s:10:\"gfonts_url\";s:0:\"\";s:12:\"gfonts_files\";a:0:{}s:14:\"uag_faq_layout\";b:0;}"]},"uagb_featured_image_src":{"full":["https:\/\/www.ferberpainting.com\/wp-content\/uploads\/2025\/05\/ConcreteandCementRetarder5L.png",2560,2560,false],"thumbnail":["https:\/\/www.ferberpainting.com\/wp-content\/uploads\/2025\/05\/ConcreteandCementRetarder5L-150x150.png",150,150,true],"medium":["https:\/\/www.ferberpainting.com\/wp-content\/uploads\/2025\/05\/ConcreteandCementRetarder5L-300x300.png",300,300,true],"medium_large":["https:\/\/www.ferberpainting.com\/wp-content\/uploads\/2025\/05\/ConcreteandCementRetarder5L-768x768.png",768,768,true],"large":["https:\/\/www.ferberpainting.com\/wp-content\/uploads\/2025\/05\/ConcreteandCementRetarder5L-1024x1024.png",1024,1024,true],"1536x1536":["https:\/\/www.ferberpainting.com\/wp-content\/uploads\/2025\/05\/ConcreteandCementRetarder5L-1536x1536.png",1536,1536,true],"2048x2048":["https:\/\/www.ferberpainting.com\/wp-content\/uploads\/2025\/05\/ConcreteandCementRetarder5L-2048x2048.png",2048,2048,true],"trp-custom-language-flag":["https:\/\/www.ferberpainting.com\/wp-content\/uploads\/2025\/05\/ConcreteandCementRetarder5L-12x12.png",12,12,true],"woocommerce_thumbnail":["https:\/\/www.ferberpainting.com\/wp-content\/uploads\/2025\/05\/ConcreteandCementRetarder5L-300x300.png",300,300,true],"woocommerce_single":["https:\/\/www.ferberpainting.com\/wp-content\/uploads\/2025\/05\/ConcreteandCementRetarder5L-600x600.png",600,600,true],"woocommerce_gallery_thumbnail":["https:\/\/www.ferberpainting.com\/wp-content\/uploads\/2025\/05\/ConcreteandCementRetarder5L-100x100.png",100,100,true]},"uagb_author_info":{"display_name":"admin","author_link":"https:\/\/www.ferberpainting.com\/pl\/author\/"},"uagb_comment_info":10,"uagb_excerpt":"Extends Concrete Workability Time.\u00a0This concrete and cement retarder is designed to prolong the setting time of cement-based mixtures, providing professionals and individuals with greater flexibility during application. By delaying cement hydration, it enhances the workability of fresh concrete, especially in hot weather or for projects requiring extended and precise finishing. Compatible with Various Materials.\u00a0This setting&hellip;","_links":{"self":[{"href":"https:\/\/www.ferberpainting.com\/pl\/wp-json\/wp\/v2\/product\/23168","targetHints":{"allow":["GET"]}}],"collection":[{"href":"https:\/\/www.ferberpainting.com\/pl\/wp-json\/wp\/v2\/product"}],"about":[{"href":"https:\/\/www.ferberpainting.com\/pl\/wp-json\/wp\/v2\/types\/product"}],"replies":[{"embeddable":true,"href":"https:\/\/www.ferberpainting.com\/pl\/wp-json\/wp\/v2\/comments?post=23168"}],"version-history":[{"count":4,"href":"https:\/\/www.ferberpainting.com\/pl\/wp-json\/wp\/v2\/product\/23168\/revisions"}],"predecessor-version":[{"id":166081,"href":"https:\/\/www.ferberpainting.com\/pl\/wp-json\/wp\/v2\/product\/23168\/revisions\/166081"}],"wp:featuredmedia":[{"embeddable":true,"href":"https:\/\/www.ferberpainting.com\/pl\/wp-json\/wp\/v2\/media\/25738"}],"wp:attachment":[{"href":"https:\/\/www.ferberpainting.com\/pl\/wp-json\/wp\/v2\/media?parent=23168"}],"wp:term":[{"taxonomy":"product_brand","embeddable":true,"href":"https:\/\/www.ferberpainting.com\/pl\/wp-json\/wp\/v2\/product_brand?post=23168"},{"taxonomy":"product_cat","embeddable":true,"href":"https:\/\/www.ferberpainting.com\/pl\/wp-json\/wp\/v2\/product_cat?post=23168"},{"taxonomy":"product_tag","embeddable":true,"href":"https:\/\/www.ferberpainting.com\/pl\/wp-json\/wp\/v2\/product_tag?post=23168"}],"curies":[{"name":"wp","href":"https:\/\/api.w.org\/{rel}","templated":true}]}}