{"id":23165,"date":"2025-05-26T10:23:06","date_gmt":"2025-05-26T08:23:06","guid":{"rendered":"https:\/\/www.ferberpainting.com\/products\/concrete-and-cement-plasticizer\/"},"modified":"2026-02-15T13:35:07","modified_gmt":"2026-02-15T12:35:07","slug":"concrete-and-cement-plasticizer","status":"publish","type":"product","link":"https:\/\/www.ferberpainting.com\/pl\/products\/concrete-and-cement-plasticizer\/","title":{"rendered":"Plastyfikator do betonu i cementu"},"content":{"rendered":"<p><img decoding=\"async\" style=\"margin-right: 12px;\" src=\"https:\/\/www.ferberpainting.com\/wp-content\/uploads\/2026\/02\/Check.svg\" alt=\"\" width=\"18\" height=\"15\" \/><strong>Ulepszona urabialno\u015b\u0107 i aplikacja.<\/strong>\u00a0Ten plastyfikator i up\u0142ynniacz zosta\u0142 zaprojektowany w celu optymalizacji konsystencji betonu i cementu, dzi\u0119ki czemu mieszanka jest bardziej p\u0142ynna i \u0142atwiejsza w obr\u00f3bce, bez dodawania dodatkowej wody. Poprawia uk\u0142adanie betonu, szczeg\u00f3lnie w przypadku skomplikowanych szalunk\u00f3w, p\u0142yt i fundament\u00f3w, zapewniaj\u0105c lepsze wype\u0142nienie i bardziej jednorodne wyko\u0144czenie.<\/p>\n<p><img decoding=\"async\" style=\"margin-right: 12px;\" src=\"https:\/\/www.ferberpainting.com\/wp-content\/uploads\/2026\/02\/Check.svg\" alt=\"\" width=\"18\" height=\"15\" \/><strong>Gwarancja zwrotu pieni\u0119dzy.<\/strong>\u00a0Poniewa\u017c mamy absolutn\u0105 pewno\u015b\u0107 co do skuteczno\u015bci naszego plastyfikatora i up\u0142ynniacza, oferujemy gwarancj\u0119 zwrotu pieni\u0119dzy. Je\u015bli produkt nie spe\u0142ni Twoich oczekiwa\u0144 lub nie przyniesie oczekiwanych rezultat\u00f3w, mo\u017cesz za\u017c\u0105da\u0107 bezwarunkowego zwrotu pieni\u0119dzy, zapewniaj\u0105c zakup bez ryzyka.<\/p>\n<p><img decoding=\"async\" style=\"margin-right: 12px;\" src=\"https:\/\/www.ferberpainting.com\/wp-content\/uploads\/2026\/02\/Check.svg\" alt=\"\" width=\"18\" height=\"15\" \/><strong>Kompatybilno\u015b\u0107 z r\u00f3\u017cnymi materia\u0142ami.<\/strong>\u00a0Produkt ten jest kompatybilny z betonem, cementem, zapraw\u0105 i pow\u0142okami na bazie spoiw hydraulicznych. Doskonale dostosowuje si\u0119 do tradycyjnych beton\u00f3w, beton\u00f3w zbrojonych w\u0142\u00f3knami, p\u0142ynnych jastrych\u00f3w i zapraw \u0142ataj\u0105cych, zapewniaj\u0105c wyj\u0105tkow\u0105 wszechstronno\u015b\u0107 niezale\u017cnie od rodzaju projektu budowlanego lub podejmowanych prac murarskich.<\/p>\n<p><img decoding=\"async\" style=\"margin-right: 12px;\" src=\"https:\/\/www.ferberpainting.com\/wp-content\/uploads\/2026\/02\/Check.svg\" alt=\"\" width=\"18\" height=\"15\" \/><strong>Zoptymalizowany zysk ekonomiczny.<\/strong>\u00a0Opracowany w celu zapewnienia doskona\u0142ego stosunku jako\u015bci do ceny, plastyfikator ten znacznie zmniejsza stosunek wody do cementu bez uszczerbku dla p\u0142ynno\u015bci mieszanki. Jeden litr produktu wystarcza do przetworzenia od 100 do 150 kg cementu, gwarantuj\u0105c wysok\u0105 wydajno\u015b\u0107 przy minimalnym zu\u017cyciu. Zmniejszaj\u0105c niezb\u0119dn\u0105 ilo\u015b\u0107 wody, zwi\u0119ksza r\u00f3wnie\u017c ko\u0144cow\u0105 wytrzyma\u0142o\u015b\u0107 betonu, obni\u017caj\u0105c w ten spos\u00f3b koszty zwi\u0105zane z przysz\u0142ymi naprawami.<\/p>\n<p><img decoding=\"async\" style=\"margin-right: 12px;\" src=\"https:\/\/www.ferberpainting.com\/wp-content\/uploads\/2026\/02\/Check.svg\" alt=\"\" width=\"18\" height=\"15\" \/><strong>Bezpieczny dla u\u017cytkownik\u00f3w i \u015brodowiska.<\/strong>\u00a0Ten plastyfikator i up\u0142ynniacz nie zawiera toksycznych zwi\u0105zk\u00f3w i nie generuje szkodliwych emisji. Mo\u017cna si\u0119 z nim obchodzi\u0107 bez szczeg\u00f3lnych \u015brodk\u00f3w ostro\u017cno\u015bci, nie stanowi zagro\u017cenia dla sk\u00f3ry ani uk\u0142adu oddechowego i jest zgodny z obowi\u0105zuj\u0105cymi przepisami dotycz\u0105cymi ochrony \u015brodowiska, zapewniaj\u0105c bezpieczne u\u017cytkowanie zar\u00f3wno na placach budowy, jak i w pomieszczeniach.<\/p>\n<p><img decoding=\"async\" style=\"margin-right: 12px;\" src=\"https:\/\/www.ferberpainting.com\/wp-content\/uploads\/2026\/02\/Check.svg\" alt=\"\" width=\"18\" height=\"15\" \/><strong>\u0141atwy w u\u017cyciu z precyzyjnym dozowaniem.<\/strong>\u00a0Zaprojektowany z my\u015bl\u0105 o prostocie, ten plastyfikator mo\u017ce by\u0107 bezpo\u015brednio dodawany do mieszanej wody lub stopniowo dodawany do mieszanki. Jego dozowanie jest \u0142atwe do kontrolowania, nawet dla niedo\u015bwiadczonych u\u017cytkownik\u00f3w, i nie wymaga specjalnego sprz\u0119tu do aplikacji. Jego p\u0142ynna formu\u0142a umo\u017cliwia jednolit\u0105 i natychmiastow\u0105 integracj\u0119 z betonem lub zapraw\u0105.<\/p>\n<p><img decoding=\"async\" style=\"margin-right: 12px;\" src=\"https:\/\/www.ferberpainting.com\/wp-content\/uploads\/2026\/02\/Check.svg\" alt=\"\" width=\"18\" height=\"15\" \/><strong>Trwa\u0142o\u015b\u0107 i ulepszona wydajno\u015b\u0107 mechaniczna.<\/strong>\u00a0Zmniejszaj\u0105c stosunek wody do cementu, plastyfikator ten przyczynia si\u0119 do zwi\u0119kszenia wytrzyma\u0142o\u015bci mechanicznej betonu i zaprawy, jednocze\u015bnie minimalizuj\u0105c ryzyko p\u0119kania i kurczenia si\u0119. Poprawia g\u0119sto\u015b\u0107 materia\u0142u, zapewniaj\u0105c lepsz\u0105 nieprzepuszczalno\u015b\u0107 i zwi\u0119kszon\u0105 trwa\u0142o\u015b\u0107 konstrukcji.<\/p>\n<p><img decoding=\"async\" style=\"margin-right: 12px;\" src=\"https:\/\/www.ferberpainting.com\/wp-content\/uploads\/2026\/02\/Check.svg\" alt=\"\" width=\"18\" height=\"15\" \/><strong>Zoptymalizowane ustawienie i czas schni\u0119cia.<\/strong>\u00a0Dzi\u0119ki fluidyzacji mieszanki, produkt ten umo\u017cliwia szybsze uk\u0142adanie i lepsze zag\u0119szczanie betonu, skracaj\u0105c czas realizacji na miejscu. Promuje r\u00f3wnie\u017c bardziej jednorodny i regularny proces suszenia, zapewniaj\u0105c optymalne utwardzanie przy zachowaniu ko\u0144cowej wytrzyma\u0142o\u015bci betonu.<\/p>\n<h2><strong>Protok\u00f3\u0142 u\u017cytkowania<\/strong><\/h2>\n<ul>\n<li><strong>Zalecane dawkowanie.<\/strong>\u00a0Nale\u017cy stosowa\u0107 od 0,3 l do 1 l plastyfikatora na 100 kg cementu, w zale\u017cno\u015bci od po\u017c\u0105danego poziomu p\u0142ynno\u015bci. Ni\u017csza dawka nieznacznie poprawia urabialno\u015b\u0107, podczas gdy wy\u017csza dawka maksymalizuje efekt plastyfikuj\u0105cy i dodatkowo zmniejsza niezb\u0119dn\u0105 ilo\u015b\u0107 wody.<\/li>\n<li><strong>W\u0142\u0105czenie do mieszanki.<\/strong>\u00a0Plastyfikator nale\u017cy wla\u0107 bezpo\u015brednio do wody zarobowej przed dodaniem go do mieszanki betonowej lub zaprawy. Mo\u017cna go r\u00f3wnie\u017c stopniowo dodawa\u0107 podczas mieszania, aby zapewni\u0107 optymaln\u0105 dyspersj\u0119.<\/li>\n<li><strong>Mieszanie betonu lub zaprawy.<\/strong>\u00a0Miesza\u0107 sk\u0142adniki przez co najmniej 3 do 5 minut, aby zapewni\u0107 jednorodne rozprowadzenie plastyfikatora i uzyska\u0107 idealnie p\u0142ynn\u0105 i jednorodn\u0105 mieszanin\u0119.<\/li>\n<li><strong>Kontrola sp\u00f3jno\u015bci.<\/strong> Sprawd\u017a p\u0142ynno\u015b\u0107 betonu lub zaprawy po wymieszaniu i w razie potrzeby dostosuj j\u0105, dodaj\u0105c niewielk\u0105 ilo\u015b\u0107 plastyfikatora, aby uzyska\u0107 idealn\u0105 konsystencj\u0119.<\/li>\n<li><strong>Aplikacja i umieszczenie.<\/strong> Po przygotowaniu mieszanki nale\u017cy natychmiast wyla\u0107 lub na\u0142o\u017cy\u0107 beton lub zapraw\u0119, aby w pe\u0142ni wykorzysta\u0107 efekt fluidyzacji i u\u0142atwi\u0107 uk\u0142adanie.<\/li>\n<li><strong>Czyszczenie narz\u0119dzi.<\/strong>\u00a0Natychmiast przep\u0142uka\u0107 narz\u0119dzia i sprz\u0119t po u\u017cyciu, aby zapobiec stwardnieniu mieszaniny i przed\u0142u\u017cy\u0107 \u017cywotno\u015b\u0107 narz\u0119dzia.<\/li>\n<\/ul>","protected":false},"excerpt":{"rendered":"<p>Improved Workability and Application.\u00a0This plasticizer and fluidifier is designed to optimize the consistency of concrete and cement, making the mixture more fluid and easier to work with, without adding extra water. It improves concrete placement, particularly for complex formwork, slabs, and foundations, ensuring better filling and a more homogeneous finish. Money-back guarantee.\u00a0Because we have absolute [&hellip;]<\/p>\n","protected":false},"featured_media":25736,"comment_status":"open","ping_status":"closed","template":"","meta":{"_uag_custom_page_level_css":"","site-sidebar-layout":"default","site-content-layout":"","ast-site-content-layout":"default","site-content-style":"default","site-sidebar-style":"default","ast-global-header-display":"","ast-banner-title-visibility":"","ast-main-header-display":"","ast-hfb-above-header-display":"","ast-hfb-below-header-display":"","ast-hfb-mobile-header-display":"","site-post-title":"","ast-breadcrumbs-content":"","ast-featured-img":"","footer-sml-layout":"","ast-disable-related-posts":"","theme-transparent-header-meta":"default","adv-header-id-meta":"","stick-header-meta":"","header-above-stick-meta":"","header-main-stick-meta":"","header-below-stick-meta":"","astra-migrate-meta-layouts":"set","ast-page-background-enabled":"default","ast-page-background-meta":{"desktop":{"background-color":"var(--ast-global-color-4)","background-image":"","background-repeat":"repeat","background-position":"center center","background-size":"auto","background-attachment":"scroll","background-type":"","background-media":"","overlay-type":"","overlay-color":"","overlay-opacity":"","overlay-gradient":""},"tablet":{"background-color":"","background-image":"","background-repeat":"repeat","background-position":"center center","background-size":"auto","background-attachment":"scroll","background-type":"","background-media":"","overlay-type":"","overlay-color":"","overlay-opacity":"","overlay-gradient":""},"mobile":{"background-color":"","background-image":"","background-repeat":"repeat","background-position":"center center","background-size":"auto","background-attachment":"scroll","background-type":"","background-media":"","overlay-type":"","overlay-color":"","overlay-opacity":"","overlay-gradient":""}},"ast-content-background-meta":{"desktop":{"background-color":"var(--ast-global-color-5)","background-image":"","background-repeat":"repeat","background-position":"center center","background-size":"auto","background-attachment":"scroll","background-type":"","background-media":"","overlay-type":"","overlay-color":"","overlay-opacity":"","overlay-gradient":""},"tablet":{"background-color":"var(--ast-global-color-5)","background-image":"","background-repeat":"repeat","background-position":"center center","background-size":"auto","background-attachment":"scroll","background-type":"","background-media":"","overlay-type":"","overlay-color":"","overlay-opacity":"","overlay-gradient":""},"mobile":{"background-color":"var(--ast-global-color-5)","background-image":"","background-repeat":"repeat","background-position":"center center","background-size":"auto","background-attachment":"scroll","background-type":"","background-media":"","overlay-type":"","overlay-color":"","overlay-opacity":"","overlay-gradient":""}}},"product_brand":[],"product_cat":[176],"product_tag":[],"class_list":{"0":"post-23165","1":"product","2":"type-product","3":"status-publish","4":"has-post-thumbnail","6":"product_cat-concrete-treatment","7":"desktop-align-left","8":"tablet-align-left","9":"mobile-align-left","11":"first","12":"instock","13":"sale","14":"taxable","15":"shipping-taxable","16":"purchasable","17":"product-type-variable","18":"has-default-attributes"},"spectra_custom_meta":{"_visibility":["visible"],"_shopify_product_id":["9058979643637"],"_s2w_shopify_domain":["ferberpainting.myshopify.com"],"_shopify_variant_id":["46479834382581"],"_sku":[""],"_manage_stock":["no"],"total_sales":["40"],"_tax_status":["taxable"],"_tax_class":[""],"_backorders":["no"],"_sold_individually":["no"],"_virtual":["no"],"_downloadable":["no"],"_download_limit":["-1"],"_download_expiry":["-1"],"_stock":[null],"_stock_status":["instock"],"_wc_average_rating":["4.75"],"_wc_review_count":["8"],"_product_attributes":["a:1:{s:6:\"volume\";a:6:{s:4:\"name\";s:6:\"Volume\";s:5:\"value\";s:20:\"5 liters | 25 liters\";s:8:\"position\";i:1;s:10:\"is_visible\";i:0;s:12:\"is_variation\";i:1;s:11:\"is_taxonomy\";i:0;}}"],"_product_version":["10.5.1"],"_thumbnail_id":["25736"],"_product_image_gallery":["25737"],"wpse_downloadable_file_names":[""],"wpse_downloadable_file_urls":[""],"_edit_last":["1"],"_default_attributes":["a:1:{s:6:\"volume\";s:8:\"5 liters\";}"],"_edit_lock":["1771158767:1"],"merchant-center-availability":["yes"],"merchant-center-category":["2277"],"_price":["29.90","129.90"],"_wp_page_template":["default"],"site-sidebar-layout":["default"],"ast-site-content-layout":["default"],"site-content-style":["default"],"site-sidebar-style":["default"],"theme-transparent-header-meta":["default"],"_wc_rating_count":["a:2:{i:4;i:2;i:5;i:6;}"],"astra-migrate-meta-layouts":["set"],"_uag_css_file_name":["uag-css-23165.css"],"_elementor_page_assets":["a:0:{}"],"_uag_page_assets":["a:9:{s:3:\"css\";s:7133:\".uag-blocks-common-selector{z-index:var(--z-index-desktop) !important}@media(max-width: 976px){.uag-blocks-common-selector{z-index:var(--z-index-tablet) !important}}@media(max-width: 767px){.uag-blocks-common-selector{z-index:var(--z-index-mobile) !important}}.wp-block-uagb-image{display:flex}.wp-block-uagb-image__figure{position:relative;display:flex;flex-direction:column;max-width:100%;height:auto;margin:0}.wp-block-uagb-image__figure img{height:auto;display:flex;max-width:100%;transition:box-shadow .2s ease}.wp-block-uagb-image__figure>a{display:inline-block}.wp-block-uagb-image__figure figcaption{text-align:center;margin-top:.5em;margin-bottom:1em}.wp-block-uagb-image .components-placeholder.block-editor-media-placeholder .components-placeholder__instructions{align-self:center}.wp-block-uagb-image--align-left{text-align:left}.wp-block-uagb-image--align-right{text-align:right}.wp-block-uagb-image--align-center{text-align:center}.wp-block-uagb-image--align-full .wp-block-uagb-image__figure{margin-left:calc(50% - 50vw);margin-right:calc(50% - 50vw);max-width:100vw;width:100vw;height:auto}.wp-block-uagb-image--align-full .wp-block-uagb-image__figure img{height:auto;width:100% !important}.wp-block-uagb-image--align-wide .wp-block-uagb-image__figure img{height:auto;width:100%}.wp-block-uagb-image--layout-overlay__color-wrapper{position:absolute;left:0;top:0;right:0;bottom:0;opacity:.2;background:rgba(0,0,0,.5);transition:opacity .35s ease-in-out}.wp-block-uagb-image--layout-overlay-link{position:absolute;left:0;right:0;bottom:0;top:0}.wp-block-uagb-image--layout-overlay .wp-block-uagb-image__figure:hover .wp-block-uagb-image--layout-overlay__color-wrapper{opacity:1}.wp-block-uagb-image--layout-overlay__inner{position:absolute;left:15px;right:15px;bottom:15px;top:15px;display:flex;align-items:center;justify-content:center;flex-direction:column;border-color:#fff;transition:.35s ease-in-out}.wp-block-uagb-image--layout-overlay__inner.top-left,.wp-block-uagb-image--layout-overlay__inner.top-center,.wp-block-uagb-image--layout-overlay__inner.top-right{justify-content:flex-start}.wp-block-uagb-image--layout-overlay__inner.bottom-left,.wp-block-uagb-image--layout-overlay__inner.bottom-center,.wp-block-uagb-image--layout-overlay__inner.bottom-right{justify-content:flex-end}.wp-block-uagb-image--layout-overlay__inner.top-left,.wp-block-uagb-image--layout-overlay__inner.center-left,.wp-block-uagb-image--layout-overlay__inner.bottom-left{align-items:flex-start}.wp-block-uagb-image--layout-overlay__inner.top-right,.wp-block-uagb-image--layout-overlay__inner.center-right,.wp-block-uagb-image--layout-overlay__inner.bottom-right{align-items:flex-end}.wp-block-uagb-image--layout-overlay__inner .uagb-image-heading{color:#fff;transition:transform .35s,opacity .35s ease-in-out;transform:translate3d(0, 24px, 0);margin:0;line-height:1em}.wp-block-uagb-image--layout-overlay__inner .uagb-image-separator{width:30%;border-top-width:2px;border-top-color:#fff;border-top-style:solid;margin-bottom:10px;opacity:0;transition:transform .4s,opacity .4s ease-in-out;transform:translate3d(0, 30px, 0)}.wp-block-uagb-image--layout-overlay__inner .uagb-image-caption{opacity:0;overflow:visible;color:#fff;transition:transform .45s,opacity .45s ease-in-out;transform:translate3d(0, 35px, 0)}.wp-block-uagb-image--layout-overlay__inner:hover .uagb-image-heading,.wp-block-uagb-image--layout-overlay__inner:hover .uagb-image-separator,.wp-block-uagb-image--layout-overlay__inner:hover .uagb-image-caption{opacity:1;transform:translate3d(0, 0, 0)}.wp-block-uagb-image--effect-zoomin .wp-block-uagb-image__figure img,.wp-block-uagb-image--effect-zoomin .wp-block-uagb-image__figure .wp-block-uagb-image--layout-overlay__color-wrapper{transform:scale(1);transition:transform .35s ease-in-out}.wp-block-uagb-image--effect-zoomin .wp-block-uagb-image__figure:hover img,.wp-block-uagb-image--effect-zoomin .wp-block-uagb-image__figure:hover .wp-block-uagb-image--layout-overlay__color-wrapper{transform:scale(1.05)}.wp-block-uagb-image--effect-slide .wp-block-uagb-image__figure img,.wp-block-uagb-image--effect-slide .wp-block-uagb-image__figure .wp-block-uagb-image--layout-overlay__color-wrapper{width:calc(100% + 40px) !important;max-width:none !important;transform:translate3d(-40px, 0, 0);transition:transform .35s ease-in-out}.wp-block-uagb-image--effect-slide .wp-block-uagb-image__figure:hover img,.wp-block-uagb-image--effect-slide .wp-block-uagb-image__figure:hover .wp-block-uagb-image--layout-overlay__color-wrapper{transform:translate3d(0, 0, 0)}.wp-block-uagb-image--effect-grayscale img{filter:grayscale(0%);transition:.35s ease-in-out}.wp-block-uagb-image--effect-grayscale:hover img{filter:grayscale(100%)}.wp-block-uagb-image--effect-blur img{filter:blur(0);transition:.35s ease-in-out}.wp-block-uagb-image--effect-blur:hover img{filter:blur(3px)}.uagb-block-e6f939b3.wp-block-uagb-image--layout-default figure img{box-shadow: 0px 0px 0 #00000070;}.uagb-block-e6f939b3.wp-block-uagb-image .wp-block-uagb-image__figure figcaption{font-style: normal;align-self: center;}.uagb-block-e6f939b3.wp-block-uagb-image--layout-overlay figure img{box-shadow: 0px 0px 0 #00000070;}.uagb-block-e6f939b3.wp-block-uagb-image--layout-overlay .wp-block-uagb-image--layout-overlay__color-wrapper{opacity: 0.2;}.uagb-block-e6f939b3.wp-block-uagb-image--layout-overlay .wp-block-uagb-image--layout-overlay__inner{left: 15px;right: 15px;top: 15px;bottom: 15px;}.uagb-block-e6f939b3.wp-block-uagb-image--layout-overlay .wp-block-uagb-image--layout-overlay__inner .uagb-image-heading{font-style: normal;color: #fff;opacity: 1;}.uagb-block-e6f939b3.wp-block-uagb-image--layout-overlay .wp-block-uagb-image--layout-overlay__inner .uagb-image-heading a{color: #fff;}.uagb-block-e6f939b3.wp-block-uagb-image--layout-overlay .wp-block-uagb-image--layout-overlay__inner .uagb-image-caption{opacity: 0;}.uagb-block-e6f939b3.wp-block-uagb-image--layout-overlay .wp-block-uagb-image__figure:hover .wp-block-uagb-image--layout-overlay__color-wrapper{opacity: 1;}.uagb-block-e6f939b3.wp-block-uagb-image .wp-block-uagb-image--layout-overlay__inner .uagb-image-separator{width: 30%;border-top-width: 2px;border-top-color: #fff;opacity: 0;}.uagb-block-e6f939b3.wp-block-uagb-image .wp-block-uagb-image__figure img{width: px;height: auto;}.uagb-block-e6f939b3.wp-block-uagb-image .wp-block-uagb-image__figure:hover .wp-block-uagb-image--layout-overlay__inner .uagb-image-caption{opacity: 1;}.uagb-block-e6f939b3.wp-block-uagb-image .wp-block-uagb-image__figure:hover .wp-block-uagb-image--layout-overlay__inner .uagb-image-separator{opacity: 1;}.uagb-block-e6f939b3.wp-block-uagb-image--layout-default figure:hover img{box-shadow: 0px 0px 0 #00000070;}.uagb-block-e6f939b3.wp-block-uagb-image--layout-overlay figure:hover img{box-shadow: 0px 0px 0 #00000070;}@media only screen and (max-width: 976px) {.uagb-block-e6f939b3.wp-block-uagb-image .wp-block-uagb-image__figure img{width: px;height: auto;}}@media only screen and (max-width: 767px) {.uagb-block-e6f939b3.wp-block-uagb-image .wp-block-uagb-image__figure img{width: px;height: auto;}}\";s:2:\"js\";s:0:\"\";s:18:\"current_block_list\";a:13:{i:0;s:11:\"core\/search\";i:1;s:10:\"core\/group\";i:2;s:12:\"core\/heading\";i:3;s:17:\"core\/latest-posts\";i:4;s:20:\"core\/latest-comments\";i:5;s:13:\"core\/archives\";i:6;s:15:\"core\/categories\";i:7;s:14:\"core\/paragraph\";i:8;s:10:\"uagb\/image\";i:9;s:11:\"core\/spacer\";i:10;s:30:\"woocommerce\/product-categories\";i:11;s:10:\"core\/image\";i:12;s:14:\"core\/shortcode\";}s:8:\"uag_flag\";b:1;s:11:\"uag_version\";s:10:\"1777369950\";s:6:\"gfonts\";a:0:{}s:10:\"gfonts_url\";s:0:\"\";s:12:\"gfonts_files\";a:0:{}s:14:\"uag_faq_layout\";b:0;}"]},"uagb_featured_image_src":{"full":["https:\/\/www.ferberpainting.com\/wp-content\/uploads\/2025\/05\/ConcreteandCementPlasticizer5L.png",2560,2560,false],"thumbnail":["https:\/\/www.ferberpainting.com\/wp-content\/uploads\/2025\/05\/ConcreteandCementPlasticizer5L-150x150.png",150,150,true],"medium":["https:\/\/www.ferberpainting.com\/wp-content\/uploads\/2025\/05\/ConcreteandCementPlasticizer5L-300x300.png",300,300,true],"medium_large":["https:\/\/www.ferberpainting.com\/wp-content\/uploads\/2025\/05\/ConcreteandCementPlasticizer5L-768x768.png",768,768,true],"large":["https:\/\/www.ferberpainting.com\/wp-content\/uploads\/2025\/05\/ConcreteandCementPlasticizer5L-1024x1024.png",1024,1024,true],"1536x1536":["https:\/\/www.ferberpainting.com\/wp-content\/uploads\/2025\/05\/ConcreteandCementPlasticizer5L-1536x1536.png",1536,1536,true],"2048x2048":["https:\/\/www.ferberpainting.com\/wp-content\/uploads\/2025\/05\/ConcreteandCementPlasticizer5L-2048x2048.png",2048,2048,true],"trp-custom-language-flag":["https:\/\/www.ferberpainting.com\/wp-content\/uploads\/2025\/05\/ConcreteandCementPlasticizer5L-12x12.png",12,12,true],"woocommerce_thumbnail":["https:\/\/www.ferberpainting.com\/wp-content\/uploads\/2025\/05\/ConcreteandCementPlasticizer5L-300x300.png",300,300,true],"woocommerce_single":["https:\/\/www.ferberpainting.com\/wp-content\/uploads\/2025\/05\/ConcreteandCementPlasticizer5L-600x600.png",600,600,true],"woocommerce_gallery_thumbnail":["https:\/\/www.ferberpainting.com\/wp-content\/uploads\/2025\/05\/ConcreteandCementPlasticizer5L-100x100.png",100,100,true]},"uagb_author_info":{"display_name":"admin","author_link":"https:\/\/www.ferberpainting.com\/pl\/author\/"},"uagb_comment_info":8,"uagb_excerpt":"Improved Workability and Application.\u00a0This plasticizer and fluidifier is designed to optimize the consistency of concrete and cement, making the mixture more fluid and easier to work with, without adding extra water. It improves concrete placement, particularly for complex formwork, slabs, and foundations, ensuring better filling and a more homogeneous finish. Money-back guarantee.\u00a0Because we have absolute&hellip;","_links":{"self":[{"href":"https:\/\/www.ferberpainting.com\/pl\/wp-json\/wp\/v2\/product\/23165","targetHints":{"allow":["GET"]}}],"collection":[{"href":"https:\/\/www.ferberpainting.com\/pl\/wp-json\/wp\/v2\/product"}],"about":[{"href":"https:\/\/www.ferberpainting.com\/pl\/wp-json\/wp\/v2\/types\/product"}],"replies":[{"embeddable":true,"href":"https:\/\/www.ferberpainting.com\/pl\/wp-json\/wp\/v2\/comments?post=23165"}],"version-history":[{"count":4,"href":"https:\/\/www.ferberpainting.com\/pl\/wp-json\/wp\/v2\/product\/23165\/revisions"}],"predecessor-version":[{"id":166079,"href":"https:\/\/www.ferberpainting.com\/pl\/wp-json\/wp\/v2\/product\/23165\/revisions\/166079"}],"wp:featuredmedia":[{"embeddable":true,"href":"https:\/\/www.ferberpainting.com\/pl\/wp-json\/wp\/v2\/media\/25736"}],"wp:attachment":[{"href":"https:\/\/www.ferberpainting.com\/pl\/wp-json\/wp\/v2\/media?parent=23165"}],"wp:term":[{"taxonomy":"product_brand","embeddable":true,"href":"https:\/\/www.ferberpainting.com\/pl\/wp-json\/wp\/v2\/product_brand?post=23165"},{"taxonomy":"product_cat","embeddable":true,"href":"https:\/\/www.ferberpainting.com\/pl\/wp-json\/wp\/v2\/product_cat?post=23165"},{"taxonomy":"product_tag","embeddable":true,"href":"https:\/\/www.ferberpainting.com\/pl\/wp-json\/wp\/v2\/product_tag?post=23165"}],"curies":[{"name":"wp","href":"https:\/\/api.w.org\/{rel}","templated":true}]}}