{"id":23156,"date":"2025-05-26T10:23:03","date_gmt":"2025-05-26T08:23:03","guid":{"rendered":"https:\/\/www.ferberpainting.com\/products\/concrete-and-cement-accelerator\/"},"modified":"2026-02-15T13:33:15","modified_gmt":"2026-02-15T12:33:15","slug":"concrete-and-cement-accelerator","status":"publish","type":"product","link":"https:\/\/www.ferberpainting.com\/pl\/products\/concrete-and-cement-accelerator\/","title":{"rendered":"Przyspieszacz wi\u0105zania do betonu i cementu"},"content":{"rendered":"<p><img decoding=\"async\" style=\"margin-right: 12px;\" src=\"https:\/\/www.ferberpainting.com\/wp-content\/uploads\/2026\/02\/Check.svg\" alt=\"\" width=\"18\" height=\"15\" \/><strong>Skr\u00f3cony czas ustawiania.<\/strong>\u00a0Ten przyspieszacz wi\u0105zania zosta\u0142 specjalnie zaprojektowany, aby znacznie skr\u00f3ci\u0107 czas utwardzania betonu, cementu i zaprawy, umo\u017cliwiaj\u0105c szybsz\u0105 aplikacj\u0119 i optymalizacj\u0119 przep\u0142ywu pracy na placach budowy. Idealnie nadaje si\u0119 do projekt\u00f3w, w kt\u00f3rych oszcz\u0119dno\u015b\u0107 czasu ma kluczowe znaczenie, zw\u0142aszcza w niskich temperaturach, gdy naturalne wi\u0105zanie ulega spowolnieniu.<\/p>\n<p><img decoding=\"async\" style=\"margin-right: 12px;\" src=\"https:\/\/www.ferberpainting.com\/wp-content\/uploads\/2026\/02\/Check.svg\" alt=\"\" width=\"18\" height=\"15\" \/><strong>Gwarancja zwrotu pieni\u0119dzy.<\/strong>\u00a0Jeste\u015bmy przekonani o skuteczno\u015bci naszego akceleratora ustawie\u0144 i oferujemy gwarancj\u0119 zwrotu pieni\u0119dzy. Je\u015bli produkt nie spe\u0142ni Twoich oczekiwa\u0144, mo\u017cesz poprosi\u0107 o zwrot pieni\u0119dzy bez \u017cadnych warunk\u00f3w, zapewniaj\u0105c ca\u0142kowicie bezpieczny i wolny od ryzyka zakup.<\/p>\n<p><img decoding=\"async\" style=\"margin-right: 12px;\" src=\"https:\/\/www.ferberpainting.com\/wp-content\/uploads\/2026\/02\/Check.svg\" alt=\"\" width=\"18\" height=\"15\" \/><strong>Wszechstronny do r\u00f3\u017cnych materia\u0142\u00f3w.<\/strong>\u00a0Ten przyspieszacz jest kompatybilny z szerok\u0105 gam\u0105 materia\u0142\u00f3w, w tym z betonem, cementem i zapraw\u0105. Nadaje si\u0119 do standardowych prac murarskich, a tak\u017ce do bardziej specyficznych zastosowa\u0144, takich jak prefabrykacja, szybkie naprawy, jastrychy i p\u0142yty wymagaj\u0105ce szybkiego utwardzenia.<\/p>\n<p><img decoding=\"async\" style=\"margin-right: 12px;\" src=\"https:\/\/www.ferberpainting.com\/wp-content\/uploads\/2026\/02\/Check.svg\" alt=\"\" width=\"18\" height=\"15\" \/><strong>Optymalna efektywno\u015b\u0107 kosztowa.<\/strong>\u00a0Dzi\u0119ki wysokiemu st\u0119\u017ceniu, wystarczy niewielka ilo\u015b\u0107 przyspieszacza, aby osi\u0105gn\u0105\u0107 znacz\u0105cy efekt. \u015arednio od 0,5 do 2 litr\u00f3w produktu wystarcza do przyspieszenia wi\u0105zania 100 kg cementu, zapewniaj\u0105c doskona\u0142y stosunek koszt\u00f3w do wydajno\u015bci. Jego regulowane dozowanie pozwala na zoptymalizowane u\u017cycie w zale\u017cno\u015bci od warunk\u00f3w klimatycznych i wymaga\u0144 placu budowy.<\/p>\n<p><img decoding=\"async\" style=\"margin-right: 12px;\" src=\"https:\/\/www.ferberpainting.com\/wp-content\/uploads\/2026\/02\/Check.svg\" alt=\"\" width=\"18\" height=\"15\" \/><strong>Bezpiecze\u0144stwo i nietoksyczno\u015b\u0107.<\/strong>\u00a0Opracowany z my\u015bl\u0105 o bezpiecznym u\u017cytkowaniu, akcelerator ten nie zawiera substancji toksycznych i nie stanowi zagro\u017cenia dla zdrowia pracownik\u00f3w ani \u015brodowiska. Nie wydziela szkodliwych opar\u00f3w i mo\u017ce by\u0107 bezpiecznie stosowany zar\u00f3wno w pomieszczeniach, jak i na zewn\u0105trz.<\/p>\n<p><img decoding=\"async\" style=\"margin-right: 12px;\" src=\"https:\/\/www.ferberpainting.com\/wp-content\/uploads\/2026\/02\/Check.svg\" alt=\"\" width=\"18\" height=\"15\" \/><strong>\u0141atwo\u015b\u0107 u\u017cytkowania.<\/strong>\u00a0Produkt ten jest niezwykle \u0142atwy w u\u017cyciu i nie wymaga specjalnego sprz\u0119tu. Mo\u017ce by\u0107 dodawany bezpo\u015brednio do wody zarobowej lub mieszany z betonem lub zapraw\u0105 podczas ich przygotowywania. Jego precyzyjne dozowanie zapewnia szybk\u0105 i skuteczn\u0105 aplikacj\u0119, nawet dla niedo\u015bwiadczonych u\u017cytkownik\u00f3w.<\/p>\n<p><img decoding=\"async\" style=\"margin-right: 12px;\" src=\"https:\/\/www.ferberpainting.com\/wp-content\/uploads\/2026\/02\/Check.svg\" alt=\"\" width=\"18\" height=\"15\" \/><strong>Zwi\u0119kszona wytrzyma\u0142o\u015b\u0107.<\/strong>\u00a0Przyspieszaj\u0105c czas wi\u0105zania, produkt ten sprzyja bardziej r\u00f3wnomiernemu twardnieniu i zwi\u0119ksza wytrzyma\u0142o\u015b\u0107 mechaniczn\u0105 betonu. Zmniejsza ryzyko p\u0119kni\u0119\u0107 zwi\u0105zanych z cyklami zamra\u017cania i rozmra\u017cania oraz optymalizuje ostateczn\u0105 struktur\u0119, zapewniaj\u0105c wi\u0119ksz\u0105 trwa\u0142o\u015b\u0107 uko\u0144czonych prac.<\/p>\n<p><img decoding=\"async\" style=\"margin-right: 12px;\" src=\"https:\/\/www.ferberpainting.com\/wp-content\/uploads\/2026\/02\/Check.svg\" alt=\"\" width=\"18\" height=\"15\" \/><strong>Wyj\u0105tkowa oszcz\u0119dno\u015b\u0107 czasu.<\/strong>\u00a0Ten akcelerator jest szczeg\u00f3lnie przydatny w sytuacjach wymagaj\u0105cych szybkiego schni\u0119cia betonu lub cementu, znacznie skracaj\u0105c czas oczekiwania mi\u0119dzy etapami budowy. Umo\u017cliwia szybsze usuwanie szalunk\u00f3w, wcze\u015bniejszy za\u0142adunek p\u0142yt i gwarantuje zwi\u0119kszon\u0105 wydajno\u015b\u0107, szczeg\u00f3lnie w przypadku pilnych prac.<\/p>\n<h2><strong>Protok\u00f3\u0142 u\u017cytkowania<\/strong><\/h2>\n<ul>\n<li><strong>Zalecane dawkowanie :<\/strong> Nale\u017cy u\u017cy\u0107 od 0,5 l do 2 l przyspieszacza na 100 kg cementu, w zale\u017cno\u015bci od po\u017c\u0105danego poziomu przyspieszenia i warunk\u00f3w zewn\u0119trznych. Wy\u017csza dawka jest zalecana w niskich temperaturach lub gdy konieczne jest szybkie utwardzenie.<\/li>\n<li><strong>Integracja mieszania :<\/strong> Przyspieszacz nale\u017cy doda\u0107 bezpo\u015brednio do wody zarobowej przed wlaniem jej do betonu lub zaprawy. Mo\u017cna go r\u00f3wnie\u017c stopniowo dodawa\u0107 podczas mieszania, aby zapewni\u0107 lepsz\u0105 homogenizacj\u0119 produktu.<\/li>\n<li><strong>Skuteczne mieszanie:<\/strong> Miesza\u0107 wszystkie sk\u0142adniki przez co najmniej 3 do 5 minut, aby zapewni\u0107 r\u00f3wnomierne rozprowadzenie i zapobiec miejscowemu nadmiernemu st\u0119\u017ceniu produktu.<\/li>\n<li><strong>Kontrola utwardzania:<\/strong> Sprawd\u017a wi\u0105zanie betonu po wylaniu, bior\u0105c pod uwag\u0119 warunki otoczenia (temperatura, wilgotno\u015b\u0107), poniewa\u017c efekt przyspieszenia mo\u017ce si\u0119 r\u00f3\u017cni\u0107 w zale\u017cno\u015bci od okoliczno\u015bci.<\/li>\n<li><strong>Aplikacja i wyko\u0144czenie :<\/strong> Po przygotowaniu mieszanki nale\u017cy natychmiast przyst\u0105pi\u0107 do aplikacji. Przyspieszone wi\u0105zanie wymaga szybkiego wdro\u017cenia, aby zapobiec przedwczesnemu stwardnieniu w mieszalniku lub partii betonu.<\/li>\n<li><strong>Czyszczenie narz\u0119dzi :<\/strong> Po u\u017cyciu nale\u017cy dok\u0142adnie wyp\u0142uka\u0107 narz\u0119dzia i pojemniki, aby zapobiec powstawaniu stwardnia\u0142ych resztek betonu i zachowa\u0107 ich trwa\u0142o\u015b\u0107.<\/li>\n<\/ul>","protected":false},"excerpt":{"rendered":"<p>Reduced Setting Time.\u00a0This setting accelerator is specially designed to significantly shorten the curing time of concrete, cement, and mortar, enabling faster application and optimizing workflow on construction sites. It is ideal for projects where time savings are crucial, especially in cold weather when natural setting slows down. Money-back Guarantee.\u00a0We are confident in the effectiveness of [&hellip;]<\/p>\n","protected":false},"featured_media":25731,"comment_status":"open","ping_status":"closed","template":"","meta":{"_uag_custom_page_level_css":"","site-sidebar-layout":"default","site-content-layout":"","ast-site-content-layout":"default","site-content-style":"default","site-sidebar-style":"default","ast-global-header-display":"","ast-banner-title-visibility":"","ast-main-header-display":"","ast-hfb-above-header-display":"","ast-hfb-below-header-display":"","ast-hfb-mobile-header-display":"","site-post-title":"","ast-breadcrumbs-content":"","ast-featured-img":"","footer-sml-layout":"","ast-disable-related-posts":"","theme-transparent-header-meta":"default","adv-header-id-meta":"","stick-header-meta":"","header-above-stick-meta":"","header-main-stick-meta":"","header-below-stick-meta":"","astra-migrate-meta-layouts":"set","ast-page-background-enabled":"default","ast-page-background-meta":{"desktop":{"background-color":"var(--ast-global-color-4)","background-image":"","background-repeat":"repeat","background-position":"center center","background-size":"auto","background-attachment":"scroll","background-type":"","background-media":"","overlay-type":"","overlay-color":"","overlay-opacity":"","overlay-gradient":""},"tablet":{"background-color":"","background-image":"","background-repeat":"repeat","background-position":"center center","background-size":"auto","background-attachment":"scroll","background-type":"","background-media":"","overlay-type":"","overlay-color":"","overlay-opacity":"","overlay-gradient":""},"mobile":{"background-color":"","background-image":"","background-repeat":"repeat","background-position":"center center","background-size":"auto","background-attachment":"scroll","background-type":"","background-media":"","overlay-type":"","overlay-color":"","overlay-opacity":"","overlay-gradient":""}},"ast-content-background-meta":{"desktop":{"background-color":"var(--ast-global-color-5)","background-image":"","background-repeat":"repeat","background-position":"center center","background-size":"auto","background-attachment":"scroll","background-type":"","background-media":"","overlay-type":"","overlay-color":"","overlay-opacity":"","overlay-gradient":""},"tablet":{"background-color":"var(--ast-global-color-5)","background-image":"","background-repeat":"repeat","background-position":"center center","background-size":"auto","background-attachment":"scroll","background-type":"","background-media":"","overlay-type":"","overlay-color":"","overlay-opacity":"","overlay-gradient":""},"mobile":{"background-color":"var(--ast-global-color-5)","background-image":"","background-repeat":"repeat","background-position":"center center","background-size":"auto","background-attachment":"scroll","background-type":"","background-media":"","overlay-type":"","overlay-color":"","overlay-opacity":"","overlay-gradient":""}}},"product_brand":[],"product_cat":[176],"product_tag":[],"class_list":{"0":"post-23156","1":"product","2":"type-product","3":"status-publish","4":"has-post-thumbnail","6":"product_cat-concrete-treatment","7":"desktop-align-left","8":"tablet-align-left","9":"mobile-align-left","11":"first","12":"instock","13":"sale","14":"shipping-taxable","15":"purchasable","16":"product-type-variable","17":"has-default-attributes"},"spectra_custom_meta":{"_visibility":["visible"],"_shopify_product_id":["9058933833973"],"_s2w_shopify_domain":["ferberpainting.myshopify.com"],"_shopify_variant_id":["46479732900085"],"_sku":[""],"_manage_stock":["no"],"total_sales":["33"],"_tax_status":["taxable"],"_tax_class":[""],"_backorders":["no"],"_sold_individually":["no"],"_virtual":["no"],"_downloadable":["no"],"_download_limit":["-1"],"_download_expiry":["-1"],"_stock":[null],"_stock_status":["instock"],"_wc_average_rating":["4.86"],"_wc_review_count":["7"],"_product_attributes":["a:1:{s:6:\"volume\";a:6:{s:4:\"name\";s:6:\"Volume\";s:5:\"value\";s:20:\"5 liters | 25 liters\";s:8:\"position\";i:1;s:10:\"is_visible\";i:0;s:12:\"is_variation\";i:1;s:11:\"is_taxonomy\";i:0;}}"],"_product_version":["10.5.1"],"_thumbnail_id":["25731"],"_product_image_gallery":["25732"],"wpse_downloadable_file_names":[""],"wpse_downloadable_file_urls":[""],"_edit_last":["1"],"_default_attributes":["a:1:{s:6:\"volume\";s:8:\"5 liters\";}"],"_edit_lock":["1771158656:1"],"_price":["29.90","129.90"],"merchant-center-availability":["yes"],"merchant-center-category":["2277"],"_wp_page_template":["default"],"site-sidebar-layout":["default"],"ast-site-content-layout":["default"],"site-content-style":["default"],"site-sidebar-style":["default"],"theme-transparent-header-meta":["default"],"_wc_rating_count":["a:2:{i:4;i:1;i:5;i:6;}"],"astra-migrate-meta-layouts":["set"],"_uag_css_file_name":["uag-css-23156.css"],"_elementor_page_assets":["a:0:{}"]},"uagb_featured_image_src":{"full":["https:\/\/www.ferberpainting.com\/wp-content\/uploads\/2025\/05\/ConcreteandCementAccelerator5L.png",2560,2560,false],"thumbnail":["https:\/\/www.ferberpainting.com\/wp-content\/uploads\/2025\/05\/ConcreteandCementAccelerator5L-150x150.png",150,150,true],"medium":["https:\/\/www.ferberpainting.com\/wp-content\/uploads\/2025\/05\/ConcreteandCementAccelerator5L-300x300.png",300,300,true],"medium_large":["https:\/\/www.ferberpainting.com\/wp-content\/uploads\/2025\/05\/ConcreteandCementAccelerator5L-768x768.png",768,768,true],"large":["https:\/\/www.ferberpainting.com\/wp-content\/uploads\/2025\/05\/ConcreteandCementAccelerator5L-1024x1024.png",1024,1024,true],"1536x1536":["https:\/\/www.ferberpainting.com\/wp-content\/uploads\/2025\/05\/ConcreteandCementAccelerator5L-1536x1536.png",1536,1536,true],"2048x2048":["https:\/\/www.ferberpainting.com\/wp-content\/uploads\/2025\/05\/ConcreteandCementAccelerator5L-2048x2048.png",2048,2048,true],"trp-custom-language-flag":["https:\/\/www.ferberpainting.com\/wp-content\/uploads\/2025\/05\/ConcreteandCementAccelerator5L-12x12.png",12,12,true],"woocommerce_thumbnail":["https:\/\/www.ferberpainting.com\/wp-content\/uploads\/2025\/05\/ConcreteandCementAccelerator5L-300x300.png",300,300,true],"woocommerce_single":["https:\/\/www.ferberpainting.com\/wp-content\/uploads\/2025\/05\/ConcreteandCementAccelerator5L-600x600.png",600,600,true],"woocommerce_gallery_thumbnail":["https:\/\/www.ferberpainting.com\/wp-content\/uploads\/2025\/05\/ConcreteandCementAccelerator5L-100x100.png",100,100,true]},"uagb_author_info":{"display_name":"admin","author_link":"https:\/\/www.ferberpainting.com\/pl\/author\/"},"uagb_comment_info":7,"uagb_excerpt":"Reduced Setting Time.\u00a0This setting accelerator is specially designed to significantly shorten the curing time of concrete, cement, and mortar, enabling faster application and optimizing workflow on construction sites. It is ideal for projects where time savings are crucial, especially in cold weather when natural setting slows down. Money-back Guarantee.\u00a0We are confident in the effectiveness of&hellip;","_links":{"self":[{"href":"https:\/\/www.ferberpainting.com\/pl\/wp-json\/wp\/v2\/product\/23156","targetHints":{"allow":["GET"]}}],"collection":[{"href":"https:\/\/www.ferberpainting.com\/pl\/wp-json\/wp\/v2\/product"}],"about":[{"href":"https:\/\/www.ferberpainting.com\/pl\/wp-json\/wp\/v2\/types\/product"}],"replies":[{"embeddable":true,"href":"https:\/\/www.ferberpainting.com\/pl\/wp-json\/wp\/v2\/comments?post=23156"}],"version-history":[{"count":5,"href":"https:\/\/www.ferberpainting.com\/pl\/wp-json\/wp\/v2\/product\/23156\/revisions"}],"predecessor-version":[{"id":166075,"href":"https:\/\/www.ferberpainting.com\/pl\/wp-json\/wp\/v2\/product\/23156\/revisions\/166075"}],"wp:featuredmedia":[{"embeddable":true,"href":"https:\/\/www.ferberpainting.com\/pl\/wp-json\/wp\/v2\/media\/25731"}],"wp:attachment":[{"href":"https:\/\/www.ferberpainting.com\/pl\/wp-json\/wp\/v2\/media?parent=23156"}],"wp:term":[{"taxonomy":"product_brand","embeddable":true,"href":"https:\/\/www.ferberpainting.com\/pl\/wp-json\/wp\/v2\/product_brand?post=23156"},{"taxonomy":"product_cat","embeddable":true,"href":"https:\/\/www.ferberpainting.com\/pl\/wp-json\/wp\/v2\/product_cat?post=23156"},{"taxonomy":"product_tag","embeddable":true,"href":"https:\/\/www.ferberpainting.com\/pl\/wp-json\/wp\/v2\/product_tag?post=23156"}],"curies":[{"name":"wp","href":"https:\/\/api.w.org\/{rel}","templated":true}]}}