{"id":23147,"date":"2025-05-26T10:22:59","date_gmt":"2025-05-26T08:22:59","guid":{"rendered":"https:\/\/www.ferberpainting.com\/products\/cockroach-killer\/"},"modified":"2026-02-15T13:30:04","modified_gmt":"2026-02-15T12:30:04","slug":"cockroach-killer","status":"publish","type":"product","link":"https:\/\/www.ferberpainting.com\/pl\/products\/cockroach-killer\/","title":{"rendered":"\u015arodek na karaluchy"},"content":{"rendered":"<p><img decoding=\"async\" style=\"margin-right: 12px;\" src=\"https:\/\/www.ferberpainting.com\/wp-content\/uploads\/2026\/02\/Check.svg\" alt=\"\" width=\"18\" height=\"15\" \/><strong>Eliminuje do 5000 karaluch\u00f3w za pomoc\u0105 jednego silnego sprayu o pojemno\u015bci 1 litra.<\/strong> Nasz wysokowydajny \u015brodek na karaluchy zosta\u0142 specjalnie opracowany w celu szybkiego i skutecznego zwalczania silnych inwazji, a jeden litr jest w stanie wyeliminowa\u0107 do 5000 karaluch\u00f3w. Niezale\u017cnie od tego, czy masz do czynienia z pojedynczymi przypadkami, czy z rozleg\u0142\u0105 inwazj\u0105, ten spray zapewnia silne, natychmiastowe rezultaty i przywraca higien\u0119 i bezpiecze\u0144stwo w \u015brodowisku \u017cycia lub pracy.<\/p>\n<p><strong><img decoding=\"async\" style=\"margin-right: 12px;\" src=\"https:\/\/www.ferberpainting.com\/wp-content\/uploads\/2026\/02\/Check.svg\" alt=\"\" width=\"18\" height=\"15\" \/>Najskuteczniejsze rozwi\u0105zanie do zwalczania karaluch\u00f3w na rynku.<\/strong> Zaprojektowany z zaawansowanymi sk\u0142adnikami aktywnymi, ten spray zapewnia szybkie powalenie w kontakcie, jednocze\u015bnie nadal dzia\u0142aj\u0105c na leczonych powierzchniach. Dzia\u0142a bezpo\u015brednio na karaluchy i pomaga zmniejszy\u0107 prze\u017cywalno\u015b\u0107 kolonii poprzez zak\u0142\u00f3canie ich stref aktywno\u015bci. W por\u00f3wnaniu z tradycyjnymi pu\u0142apkami i proszkami, ten spray oferuje szybsze, bardziej widoczne i niezawodne wyniki eksterminacji.<\/p>\n<p><strong><img decoding=\"async\" style=\"margin-right: 12px;\" src=\"https:\/\/www.ferberpainting.com\/wp-content\/uploads\/2026\/02\/Check.svg\" alt=\"\" width=\"18\" height=\"15\" \/>Gwarancja zwrotu pieni\u0119dzy dla pe\u0142nego zaufania.<\/strong> Gwarantujemy wytrzyma\u0142o\u015b\u0107 i niezawodno\u015b\u0107 naszego sprayu na karaluchy. Je\u015bli nie b\u0119dziesz w pe\u0142ni usatysfakcjonowany jego dzia\u0142aniem, oferujemy pe\u0142ny zwrot pieni\u0119dzy. Nasza gwarancja zwrotu pieni\u0119dzy zapewnia, \u017ce zakup jest ca\u0142kowicie wolny od ryzyka i odzwierciedla nasz\u0105 pewno\u015b\u0107 w dostarczaniu profesjonalnego zwalczania szkodnik\u00f3w.<\/p>\n<p><strong><img decoding=\"async\" style=\"margin-right: 12px;\" src=\"https:\/\/www.ferberpainting.com\/wp-content\/uploads\/2026\/02\/Check.svg\" alt=\"\" width=\"18\" height=\"15\" \/>Najta\u0144szy dost\u0119pny profesjonalny spray na karaluchy.<\/strong> Skuteczne zwalczanie szkodnik\u00f3w nie musi by\u0107 drogie. Nasz produkt \u0142\u0105czy w sobie wysok\u0105 skuteczno\u015b\u0107 eksterminacji z najbardziej konkurencyjnymi cenami na rynku. Zapewnia wyj\u0105tkow\u0105 warto\u015b\u0107 w por\u00f3wnaniu z kosztownymi us\u0142ugami zwalczania szkodnik\u00f3w lub zawy\u017conymi cenami markowych alternatyw.<\/p>\n<p><strong><img decoding=\"async\" style=\"margin-right: 12px;\" src=\"https:\/\/www.ferberpainting.com\/wp-content\/uploads\/2026\/02\/Check.svg\" alt=\"\" width=\"18\" height=\"15\" \/>Szybka 24-godzinna dostawa w przypadku pilnych infestacji.<\/strong> Problemy z karaluchami wymagaj\u0105 natychmiastowego dzia\u0142ania. Dlatego te\u017c oferujemy niezawodn\u0105 24-godzinn\u0105 dostaw\u0119, zapewniaj\u0105c szybkie otrzymanie sprayu i mo\u017cliwo\u015b\u0107 niezw\u0142ocznego rozpocz\u0119cia leczenia. Szybka reakcja pomaga zapobiega\u0107 dalszemu rozprzestrzenianiu si\u0119 infestacji.<\/p>\n<p><strong><img decoding=\"async\" style=\"margin-right: 12px;\" src=\"https:\/\/www.ferberpainting.com\/wp-content\/uploads\/2026\/02\/Check.svg\" alt=\"\" width=\"18\" height=\"15\" \/>Szybkie dzia\u0142anie kontaktowe z ochron\u0105 szcz\u0105tkow\u0105.<\/strong> Spray zabija karaluchy natychmiast po bezpo\u015brednim kontakcie i pozostawia ochronn\u0105 pozosta\u0142o\u015b\u0107 na opryskanych powierzchniach. Ta szcz\u0105tkowa bariera nadal eliminuje owady, kt\u00f3re przekraczaj\u0105 obszary poddane dzia\u0142aniu preparatu, zapewniaj\u0105c sta\u0142\u0105 ochron\u0119 i zmniejszaj\u0105c ryzyko ponownej inwazji.<\/p>\n<p><strong><img decoding=\"async\" style=\"margin-right: 12px;\" src=\"https:\/\/www.ferberpainting.com\/wp-content\/uploads\/2026\/02\/Check.svg\" alt=\"\" width=\"18\" height=\"15\" \/>Nadaje si\u0119 do zastosowa\u0144 wewn\u0119trznych i zewn\u0119trznych.<\/strong> Ten wszechstronny spray mo\u017ce by\u0107 stosowany w kuchniach, \u0142azienkach, piwnicach, gara\u017cach, pomieszczeniach magazynowych, restauracjach, magazynach i na zewn\u0105trz budynk\u00f3w. Jest idealny do \u015brodowisk mieszkalnych, komercyjnych i przemys\u0142owych, w kt\u00f3rych mo\u017ce wyst\u0105pi\u0107 aktywno\u015b\u0107 karaluch\u00f3w.<\/p>\n<p><strong><img decoding=\"async\" style=\"margin-right: 12px;\" src=\"https:\/\/www.ferberpainting.com\/wp-content\/uploads\/2026\/02\/Check.svg\" alt=\"\" width=\"18\" height=\"15\" \/>Precyzyjny i \u0142atwy w u\u017cyciu format sprayu.<\/strong> Ergonomiczna butelka z rozpylaczem umo\u017cliwia dok\u0142adn\u0105 i kontrolowan\u0105 aplikacj\u0119. Mo\u017cesz precyzyjnie dotrze\u0107 do p\u0119kni\u0119\u0107, szczelin, listew przypod\u0142ogowych, pod urz\u0105dzeniami i innych ukrytych miejsc. Gotowa do u\u017cycia p\u0142ynna formu\u0142a nie wymaga mieszania ani przygotowania.<\/p>\n<p><strong><img decoding=\"async\" style=\"margin-right: 12px;\" src=\"https:\/\/www.ferberpainting.com\/wp-content\/uploads\/2026\/02\/Check.svg\" alt=\"\" width=\"18\" height=\"15\" \/>Pomaga przerwa\u0107 cykl infestacji.<\/strong> Eliminuj\u0105c aktywne karaluchy i zwalczaj\u0105c kluczowe punkty dost\u0119pu, spray zmniejsza aktywno\u015b\u0107 l\u0119gow\u0105 i zak\u0142\u00f3ca strefy gniazdowania. Konsekwentne stosowanie w strategicznych obszarach znacznie os\u0142abia cykle infestacji i poprawia d\u0142ugoterminow\u0105 kontrol\u0119.<\/p>\n<p><strong><img decoding=\"async\" style=\"margin-right: 12px;\" src=\"https:\/\/www.ferberpainting.com\/wp-content\/uploads\/2026\/02\/Check.svg\" alt=\"\" width=\"18\" height=\"15\" \/>Zaprojektowany do higienicznego i kontrolowanego zwalczania szkodnik\u00f3w.<\/strong> Ten spray stanowi czystsz\u0105 alternatyw\u0119 dla proszk\u00f3w i rozproszonych przyn\u0119t. Umo\u017cliwia bezpo\u015brednie leczenie dotkni\u0119tych obszar\u00f3w bez pozostawiania widocznych pozosta\u0142o\u015bci, gdy jest stosowany prawid\u0142owo, pomagaj\u0105c utrzyma\u0107 czysto\u015b\u0107, zapewniaj\u0105c jednocze\u015bnie silne rezultaty.<\/p>\n<h2><strong>Instrukcje<\/strong><\/h2>\n<ul>\n<li>Przed u\u017cyciem dok\u0142adnie wstrz\u0105sn\u0105\u0107 butelk\u0105, aby zapewni\u0107 prawid\u0142owe rozprowadzenie sk\u0142adnik\u00f3w aktywnych.<\/li>\n<li>Zidentyfikuj obszary aktywno\u015bci karaluch\u00f3w, w tym p\u0119kni\u0119cia, szczeliny, za urz\u0105dzeniami, pod zlewami, wzd\u0142u\u017c listew przypod\u0142ogowych i w pobli\u017cu odp\u0142yw\u00f3w.<\/li>\n<li>Rozpyla\u0107 bezpo\u015brednio na widoczne karaluchy w celu ich natychmiastowej eliminacji.<\/li>\n<li>Spryskaj lekko i r\u00f3wnomiernie \u015bciany, punkty wej\u015bcia i kryj\u00f3wki, aby stworzy\u0107 barier\u0119 ochronn\u0105.<\/li>\n<li>Stosowa\u0107 oko\u0142o 50 do 100 ml na 10 metr\u00f3w kwadratowych w zale\u017cno\u015bci od stopnia pora\u017cenia i rodzaju powierzchni. Unika\u0107 nadmiernego nasycenia.<\/li>\n<li>W przypadku silnych infestacji, w razie potrzeby powt\u00f3rzy\u0107 aplikacj\u0119 po 24 do 48 godzinach.<\/li>\n<li>Zapewni\u0107 odpowiedni\u0105 wentylacj\u0119 podczas u\u017cytkowania w pomieszczeniach.<\/li>\n<li>Unika\u0107 rozpylania bezpo\u015brednio na \u017cywno\u015b\u0107, powierzchnie do przygotowywania \u017cywno\u015bci lub naczynia. Usun\u0105\u0107 lub przykry\u0107 produkty spo\u017cywcze przed u\u017cyciem.<\/li>\n<li>Trzyma\u0107 dzieci i zwierz\u0119ta domowe z dala od obszar\u00f3w poddanych dzia\u0142aniu produktu do czasu ca\u0142kowitego wyschni\u0119cia powierzchni.<\/li>\n<li>Po u\u017cyciu dok\u0142adnie umy\u0107 r\u0119ce i unika\u0107 kontaktu z oczami i sk\u00f3r\u0105.<\/li>\n<li>Produkt nale\u017cy przechowywa\u0107 w ch\u0142odnym, suchym miejscu, z dala od \u017ar\u00f3de\u0142 ciep\u0142a i bezpo\u015bredniego \u015bwiat\u0142a s\u0142onecznego. Przechowywa\u0107 pojemnik szczelnie zamkni\u0119ty, gdy nie jest u\u017cywany.<\/li>\n<\/ul>","protected":false},"excerpt":{"rendered":"<p>Eliminate up to 5,000 cockroaches with one powerful 1-liter spray. Our high-performance cockroach killer is specially formulated to eradicate heavy infestations quickly and efficiently, with one liter capable of eliminating up to 5,000 cockroaches. Whether you are dealing with isolated sightings or a widespread infestation, this spray delivers strong, immediate results and restores hygiene and [&hellip;]<\/p>\n","protected":false},"featured_media":29956,"comment_status":"open","ping_status":"closed","template":"","meta":{"_uag_custom_page_level_css":"","site-sidebar-layout":"default","site-content-layout":"","ast-site-content-layout":"default","site-content-style":"default","site-sidebar-style":"default","ast-global-header-display":"","ast-banner-title-visibility":"","ast-main-header-display":"","ast-hfb-above-header-display":"","ast-hfb-below-header-display":"","ast-hfb-mobile-header-display":"","site-post-title":"","ast-breadcrumbs-content":"","ast-featured-img":"","footer-sml-layout":"","ast-disable-related-posts":"","theme-transparent-header-meta":"default","adv-header-id-meta":"","stick-header-meta":"","header-above-stick-meta":"","header-main-stick-meta":"","header-below-stick-meta":"","astra-migrate-meta-layouts":"set","ast-page-background-enabled":"default","ast-page-background-meta":{"desktop":{"background-color":"var(--ast-global-color-4)","background-image":"","background-repeat":"repeat","background-position":"center center","background-size":"auto","background-attachment":"scroll","background-type":"","background-media":"","overlay-type":"","overlay-color":"","overlay-opacity":"","overlay-gradient":""},"tablet":{"background-color":"","background-image":"","background-repeat":"repeat","background-position":"center center","background-size":"auto","background-attachment":"scroll","background-type":"","background-media":"","overlay-type":"","overlay-color":"","overlay-opacity":"","overlay-gradient":""},"mobile":{"background-color":"","background-image":"","background-repeat":"repeat","background-position":"center center","background-size":"auto","background-attachment":"scroll","background-type":"","background-media":"","overlay-type":"","overlay-color":"","overlay-opacity":"","overlay-gradient":""}},"ast-content-background-meta":{"desktop":{"background-color":"var(--ast-global-color-5)","background-image":"","background-repeat":"repeat","background-position":"center center","background-size":"auto","background-attachment":"scroll","background-type":"","background-media":"","overlay-type":"","overlay-color":"","overlay-opacity":"","overlay-gradient":""},"tablet":{"background-color":"var(--ast-global-color-5)","background-image":"","background-repeat":"repeat","background-position":"center center","background-size":"auto","background-attachment":"scroll","background-type":"","background-media":"","overlay-type":"","overlay-color":"","overlay-opacity":"","overlay-gradient":""},"mobile":{"background-color":"var(--ast-global-color-5)","background-image":"","background-repeat":"repeat","background-position":"center center","background-size":"auto","background-attachment":"scroll","background-type":"","background-media":"","overlay-type":"","overlay-color":"","overlay-opacity":"","overlay-gradient":""}}},"product_brand":[],"product_cat":[183],"product_tag":[],"class_list":{"0":"post-23147","1":"product","2":"type-product","3":"status-publish","4":"has-post-thumbnail","6":"product_cat-pest-control","7":"desktop-align-left","8":"tablet-align-left","9":"mobile-align-left","11":"first","12":"instock","13":"sale","14":"shipping-taxable","15":"purchasable","16":"product-type-variable","17":"has-default-attributes"},"spectra_custom_meta":{"_visibility":["visible"],"_shopify_product_id":["7961605046517"],"_s2w_shopify_domain":["ferberpainting.myshopify.com"],"_shopify_variant_id":["43531902976245"],"_weight":["0.2"],"_thumbnail_id":["29956"],"total_sales":["136"],"_tax_status":["taxable"],"_tax_class":[""],"_manage_stock":["no"],"_backorders":["no"],"_sold_individually":["no"],"_virtual":["no"],"_downloadable":["no"],"_download_limit":["-1"],"_download_expiry":["-1"],"_stock":[null],"_stock_status":["instock"],"_wc_average_rating":["4.90"],"_wc_review_count":["62"],"_product_version":["10.5.1"],"_edit_lock":["1771158476:1"],"merchant-center-availability":["yes"],"merchant-center-category":["2869"],"merchant-center-id":["COCKROACHK"],"_edit_last":["1"],"_wp_page_template":["default"],"site-sidebar-layout":["default"],"ast-site-content-layout":["default"],"site-content-style":["default"],"site-sidebar-style":["default"],"theme-transparent-header-meta":["default"],"_wc_rating_count":["a:2:{i:4;i:6;i:5;i:56;}"],"_product_attributes":["a:1:{s:6:\"volume\";a:6:{s:4:\"name\";s:6:\"Volume\";s:5:\"value\";s:30:\"1 liter | 5 liters | 25 liters\";s:8:\"position\";i:0;s:10:\"is_visible\";i:0;s:12:\"is_variation\";i:1;s:11:\"is_taxonomy\";i:0;}}"],"_default_attributes":["a:1:{s:6:\"volume\";s:7:\"1 liter\";}"],"_price":["29.90","129.90","499.90"],"_product_image_gallery":["29957,29958"],"astra-migrate-meta-layouts":["set"],"_uag_css_file_name":["uag-css-23147.css"],"_elementor_page_assets":["a:0:{}"],"_uag_page_assets":["a:9:{s:3:\"css\";s:7133:\".uag-blocks-common-selector{z-index:var(--z-index-desktop) !important}@media(max-width: 976px){.uag-blocks-common-selector{z-index:var(--z-index-tablet) !important}}@media(max-width: 767px){.uag-blocks-common-selector{z-index:var(--z-index-mobile) !important}}.wp-block-uagb-image{display:flex}.wp-block-uagb-image__figure{position:relative;display:flex;flex-direction:column;max-width:100%;height:auto;margin:0}.wp-block-uagb-image__figure img{height:auto;display:flex;max-width:100%;transition:box-shadow .2s ease}.wp-block-uagb-image__figure>a{display:inline-block}.wp-block-uagb-image__figure figcaption{text-align:center;margin-top:.5em;margin-bottom:1em}.wp-block-uagb-image .components-placeholder.block-editor-media-placeholder .components-placeholder__instructions{align-self:center}.wp-block-uagb-image--align-left{text-align:left}.wp-block-uagb-image--align-right{text-align:right}.wp-block-uagb-image--align-center{text-align:center}.wp-block-uagb-image--align-full .wp-block-uagb-image__figure{margin-left:calc(50% - 50vw);margin-right:calc(50% - 50vw);max-width:100vw;width:100vw;height:auto}.wp-block-uagb-image--align-full .wp-block-uagb-image__figure img{height:auto;width:100% !important}.wp-block-uagb-image--align-wide .wp-block-uagb-image__figure img{height:auto;width:100%}.wp-block-uagb-image--layout-overlay__color-wrapper{position:absolute;left:0;top:0;right:0;bottom:0;opacity:.2;background:rgba(0,0,0,.5);transition:opacity .35s ease-in-out}.wp-block-uagb-image--layout-overlay-link{position:absolute;left:0;right:0;bottom:0;top:0}.wp-block-uagb-image--layout-overlay .wp-block-uagb-image__figure:hover .wp-block-uagb-image--layout-overlay__color-wrapper{opacity:1}.wp-block-uagb-image--layout-overlay__inner{position:absolute;left:15px;right:15px;bottom:15px;top:15px;display:flex;align-items:center;justify-content:center;flex-direction:column;border-color:#fff;transition:.35s ease-in-out}.wp-block-uagb-image--layout-overlay__inner.top-left,.wp-block-uagb-image--layout-overlay__inner.top-center,.wp-block-uagb-image--layout-overlay__inner.top-right{justify-content:flex-start}.wp-block-uagb-image--layout-overlay__inner.bottom-left,.wp-block-uagb-image--layout-overlay__inner.bottom-center,.wp-block-uagb-image--layout-overlay__inner.bottom-right{justify-content:flex-end}.wp-block-uagb-image--layout-overlay__inner.top-left,.wp-block-uagb-image--layout-overlay__inner.center-left,.wp-block-uagb-image--layout-overlay__inner.bottom-left{align-items:flex-start}.wp-block-uagb-image--layout-overlay__inner.top-right,.wp-block-uagb-image--layout-overlay__inner.center-right,.wp-block-uagb-image--layout-overlay__inner.bottom-right{align-items:flex-end}.wp-block-uagb-image--layout-overlay__inner .uagb-image-heading{color:#fff;transition:transform .35s,opacity .35s ease-in-out;transform:translate3d(0, 24px, 0);margin:0;line-height:1em}.wp-block-uagb-image--layout-overlay__inner .uagb-image-separator{width:30%;border-top-width:2px;border-top-color:#fff;border-top-style:solid;margin-bottom:10px;opacity:0;transition:transform .4s,opacity .4s ease-in-out;transform:translate3d(0, 30px, 0)}.wp-block-uagb-image--layout-overlay__inner .uagb-image-caption{opacity:0;overflow:visible;color:#fff;transition:transform .45s,opacity .45s ease-in-out;transform:translate3d(0, 35px, 0)}.wp-block-uagb-image--layout-overlay__inner:hover .uagb-image-heading,.wp-block-uagb-image--layout-overlay__inner:hover .uagb-image-separator,.wp-block-uagb-image--layout-overlay__inner:hover .uagb-image-caption{opacity:1;transform:translate3d(0, 0, 0)}.wp-block-uagb-image--effect-zoomin .wp-block-uagb-image__figure img,.wp-block-uagb-image--effect-zoomin .wp-block-uagb-image__figure .wp-block-uagb-image--layout-overlay__color-wrapper{transform:scale(1);transition:transform .35s ease-in-out}.wp-block-uagb-image--effect-zoomin .wp-block-uagb-image__figure:hover img,.wp-block-uagb-image--effect-zoomin .wp-block-uagb-image__figure:hover .wp-block-uagb-image--layout-overlay__color-wrapper{transform:scale(1.05)}.wp-block-uagb-image--effect-slide .wp-block-uagb-image__figure img,.wp-block-uagb-image--effect-slide .wp-block-uagb-image__figure .wp-block-uagb-image--layout-overlay__color-wrapper{width:calc(100% + 40px) !important;max-width:none !important;transform:translate3d(-40px, 0, 0);transition:transform .35s ease-in-out}.wp-block-uagb-image--effect-slide .wp-block-uagb-image__figure:hover img,.wp-block-uagb-image--effect-slide .wp-block-uagb-image__figure:hover .wp-block-uagb-image--layout-overlay__color-wrapper{transform:translate3d(0, 0, 0)}.wp-block-uagb-image--effect-grayscale img{filter:grayscale(0%);transition:.35s ease-in-out}.wp-block-uagb-image--effect-grayscale:hover img{filter:grayscale(100%)}.wp-block-uagb-image--effect-blur img{filter:blur(0);transition:.35s ease-in-out}.wp-block-uagb-image--effect-blur:hover img{filter:blur(3px)}.uagb-block-e6f939b3.wp-block-uagb-image--layout-default figure img{box-shadow: 0px 0px 0 #00000070;}.uagb-block-e6f939b3.wp-block-uagb-image .wp-block-uagb-image__figure figcaption{font-style: normal;align-self: center;}.uagb-block-e6f939b3.wp-block-uagb-image--layout-overlay figure img{box-shadow: 0px 0px 0 #00000070;}.uagb-block-e6f939b3.wp-block-uagb-image--layout-overlay .wp-block-uagb-image--layout-overlay__color-wrapper{opacity: 0.2;}.uagb-block-e6f939b3.wp-block-uagb-image--layout-overlay .wp-block-uagb-image--layout-overlay__inner{left: 15px;right: 15px;top: 15px;bottom: 15px;}.uagb-block-e6f939b3.wp-block-uagb-image--layout-overlay .wp-block-uagb-image--layout-overlay__inner .uagb-image-heading{font-style: normal;color: #fff;opacity: 1;}.uagb-block-e6f939b3.wp-block-uagb-image--layout-overlay .wp-block-uagb-image--layout-overlay__inner .uagb-image-heading a{color: #fff;}.uagb-block-e6f939b3.wp-block-uagb-image--layout-overlay .wp-block-uagb-image--layout-overlay__inner .uagb-image-caption{opacity: 0;}.uagb-block-e6f939b3.wp-block-uagb-image--layout-overlay .wp-block-uagb-image__figure:hover .wp-block-uagb-image--layout-overlay__color-wrapper{opacity: 1;}.uagb-block-e6f939b3.wp-block-uagb-image .wp-block-uagb-image--layout-overlay__inner .uagb-image-separator{width: 30%;border-top-width: 2px;border-top-color: #fff;opacity: 0;}.uagb-block-e6f939b3.wp-block-uagb-image .wp-block-uagb-image__figure img{width: px;height: auto;}.uagb-block-e6f939b3.wp-block-uagb-image .wp-block-uagb-image__figure:hover .wp-block-uagb-image--layout-overlay__inner .uagb-image-caption{opacity: 1;}.uagb-block-e6f939b3.wp-block-uagb-image .wp-block-uagb-image__figure:hover .wp-block-uagb-image--layout-overlay__inner .uagb-image-separator{opacity: 1;}.uagb-block-e6f939b3.wp-block-uagb-image--layout-default figure:hover img{box-shadow: 0px 0px 0 #00000070;}.uagb-block-e6f939b3.wp-block-uagb-image--layout-overlay figure:hover img{box-shadow: 0px 0px 0 #00000070;}@media only screen and (max-width: 976px) {.uagb-block-e6f939b3.wp-block-uagb-image .wp-block-uagb-image__figure img{width: px;height: auto;}}@media only screen and (max-width: 767px) {.uagb-block-e6f939b3.wp-block-uagb-image .wp-block-uagb-image__figure img{width: px;height: auto;}}\";s:2:\"js\";s:0:\"\";s:18:\"current_block_list\";a:13:{i:0;s:11:\"core\/search\";i:1;s:10:\"core\/group\";i:2;s:12:\"core\/heading\";i:3;s:17:\"core\/latest-posts\";i:4;s:20:\"core\/latest-comments\";i:5;s:13:\"core\/archives\";i:6;s:15:\"core\/categories\";i:7;s:14:\"core\/paragraph\";i:8;s:10:\"uagb\/image\";i:9;s:11:\"core\/spacer\";i:10;s:30:\"woocommerce\/product-categories\";i:11;s:10:\"core\/image\";i:12;s:14:\"core\/shortcode\";}s:8:\"uag_flag\";b:1;s:11:\"uag_version\";s:10:\"1777094453\";s:6:\"gfonts\";a:0:{}s:10:\"gfonts_url\";s:0:\"\";s:12:\"gfonts_files\";a:0:{}s:14:\"uag_faq_layout\";b:0;}"]},"uagb_featured_image_src":{"full":["https:\/\/www.ferberpainting.com\/wp-content\/uploads\/2025\/05\/Cockroach-Killer-1L-.png",2560,2560,false],"thumbnail":["https:\/\/www.ferberpainting.com\/wp-content\/uploads\/2025\/05\/Cockroach-Killer-1L--150x150.png",150,150,true],"medium":["https:\/\/www.ferberpainting.com\/wp-content\/uploads\/2025\/05\/Cockroach-Killer-1L--300x300.png",300,300,true],"medium_large":["https:\/\/www.ferberpainting.com\/wp-content\/uploads\/2025\/05\/Cockroach-Killer-1L--768x768.png",768,768,true],"large":["https:\/\/www.ferberpainting.com\/wp-content\/uploads\/2025\/05\/Cockroach-Killer-1L--1024x1024.png",1024,1024,true],"1536x1536":["https:\/\/www.ferberpainting.com\/wp-content\/uploads\/2025\/05\/Cockroach-Killer-1L--1536x1536.png",1536,1536,true],"2048x2048":["https:\/\/www.ferberpainting.com\/wp-content\/uploads\/2025\/05\/Cockroach-Killer-1L--2048x2048.png",2048,2048,true],"trp-custom-language-flag":["https:\/\/www.ferberpainting.com\/wp-content\/uploads\/2025\/05\/Cockroach-Killer-1L--12x12.png",12,12,true],"woocommerce_thumbnail":["https:\/\/www.ferberpainting.com\/wp-content\/uploads\/2025\/05\/Cockroach-Killer-1L--300x300.png",300,300,true],"woocommerce_single":["https:\/\/www.ferberpainting.com\/wp-content\/uploads\/2025\/05\/Cockroach-Killer-1L--600x600.png",600,600,true],"woocommerce_gallery_thumbnail":["https:\/\/www.ferberpainting.com\/wp-content\/uploads\/2025\/05\/Cockroach-Killer-1L--100x100.png",100,100,true]},"uagb_author_info":{"display_name":"admin","author_link":"https:\/\/www.ferberpainting.com\/pl\/author\/"},"uagb_comment_info":62,"uagb_excerpt":"Eliminate up to 5,000 cockroaches with one powerful 1-liter spray. Our high-performance cockroach killer is specially formulated to eradicate heavy infestations quickly and efficiently, with one liter capable of eliminating up to 5,000 cockroaches. Whether you are dealing with isolated sightings or a widespread infestation, this spray delivers strong, immediate results and restores hygiene and&hellip;","_links":{"self":[{"href":"https:\/\/www.ferberpainting.com\/pl\/wp-json\/wp\/v2\/product\/23147","targetHints":{"allow":["GET"]}}],"collection":[{"href":"https:\/\/www.ferberpainting.com\/pl\/wp-json\/wp\/v2\/product"}],"about":[{"href":"https:\/\/www.ferberpainting.com\/pl\/wp-json\/wp\/v2\/types\/product"}],"replies":[{"embeddable":true,"href":"https:\/\/www.ferberpainting.com\/pl\/wp-json\/wp\/v2\/comments?post=23147"}],"version-history":[{"count":5,"href":"https:\/\/www.ferberpainting.com\/pl\/wp-json\/wp\/v2\/product\/23147\/revisions"}],"predecessor-version":[{"id":166070,"href":"https:\/\/www.ferberpainting.com\/pl\/wp-json\/wp\/v2\/product\/23147\/revisions\/166070"}],"wp:featuredmedia":[{"embeddable":true,"href":"https:\/\/www.ferberpainting.com\/pl\/wp-json\/wp\/v2\/media\/29956"}],"wp:attachment":[{"href":"https:\/\/www.ferberpainting.com\/pl\/wp-json\/wp\/v2\/media?parent=23147"}],"wp:term":[{"taxonomy":"product_brand","embeddable":true,"href":"https:\/\/www.ferberpainting.com\/pl\/wp-json\/wp\/v2\/product_brand?post=23147"},{"taxonomy":"product_cat","embeddable":true,"href":"https:\/\/www.ferberpainting.com\/pl\/wp-json\/wp\/v2\/product_cat?post=23147"},{"taxonomy":"product_tag","embeddable":true,"href":"https:\/\/www.ferberpainting.com\/pl\/wp-json\/wp\/v2\/product_tag?post=23147"}],"curies":[{"name":"wp","href":"https:\/\/api.w.org\/{rel}","templated":true}]}}