{"id":23140,"date":"2025-07-01T17:37:04","date_gmt":"2025-07-01T15:37:04","guid":{"rendered":"https:\/\/www.ferberpainting.com\/?post_type=product&#038;p=23136"},"modified":"2026-02-15T13:28:47","modified_gmt":"2026-02-15T12:28:47","slug":"clay-water-repellent","status":"publish","type":"product","link":"https:\/\/www.ferberpainting.com\/pl\/products\/clay-water-repellent\/","title":{"rendered":"Impregnat do gliny"},"content":{"rendered":"<p><img decoding=\"async\" style=\"margin-right: 12px;\" src=\"https:\/\/www.ferberpainting.com\/wp-content\/uploads\/2026\/02\/Check.svg\" alt=\"\" width=\"18\" height=\"15\" \/><strong>Optymalna ochrona przed wilgoci\u0105.<\/strong>\u00a0Ten impregnat do gliny zosta\u0142 specjalnie opracowany, aby stworzy\u0107 skuteczn\u0105 barier\u0119 hydrofobow\u0105, kt\u00f3ra zapobiega przenikaniu wody i wilgoci przez porowate powierzchnie. Chroni glin\u0119 przed przenikaniem wody, p\u0142ynnymi plamami i uszkodzeniami spowodowanymi mrozem. Po na\u0142o\u017ceniu na dekoracyjne lub funkcjonalne przedmioty z gliny zapewnia ich trwa\u0142o\u015b\u0107 i odporno\u015b\u0107 na czynniki zewn\u0119trzne.<\/p>\n<p><img decoding=\"async\" style=\"margin-right: 12px;\" src=\"https:\/\/www.ferberpainting.com\/wp-content\/uploads\/2026\/02\/Check.svg\" alt=\"\" width=\"18\" height=\"15\" \/><strong>Gwarancja zwrotu pieni\u0119dzy.<\/strong>\u00a0Mamy pe\u0142ne zaufanie do skuteczno\u015bci naszego glinianego impregnatu. Je\u015bli po u\u017cyciu nie b\u0119dziesz w pe\u0142ni zadowolony z rezultat\u00f3w, przys\u0142uguje Ci pe\u0142ny zwrot pieni\u0119dzy. Mo\u017cesz zatem przetestowa\u0107 nasz produkt bez ryzyka i cieszy\u0107 si\u0119 d\u0142ugotrwa\u0142\u0105 ochron\u0105 swoich glinianych dzie\u0142.<\/p>\n<p><img decoding=\"async\" style=\"margin-right: 12px;\" src=\"https:\/\/www.ferberpainting.com\/wp-content\/uploads\/2026\/02\/Check.svg\" alt=\"\" width=\"18\" height=\"15\" \/><strong>Wyj\u0105tkowa wszechstronno\u015b\u0107.<\/strong>\u00a0Ten impregnat nie ogranicza si\u0119 do gliny! Jest r\u00f3wnie\u017c bardzo skuteczny w przypadku innych porowatych materia\u0142\u00f3w, takich jak terakota, tynk, kamie\u0144 naturalny i niekt\u00f3re nieszkliwione materia\u0142y ceramiczne. Jest idealny do impregnacji r\u0119cznie robionych przedmiot\u00f3w, ceramiki, p\u0142ytek terakotowych, rze\u017ab, a nawet \u015bcian lub pod\u0142\u00f3g wykonanych z materia\u0142\u00f3w porowatych. Jego wszechstronno\u015b\u0107 sprawia, \u017ce jest niezb\u0119dny zar\u00f3wno dla profesjonalist\u00f3w, jak i entuzjast\u00f3w majsterkowania.<\/p>\n<p><img decoding=\"async\" style=\"margin-right: 12px;\" src=\"https:\/\/www.ferberpainting.com\/wp-content\/uploads\/2026\/02\/Check.svg\" alt=\"\" width=\"18\" height=\"15\" \/><strong>Ekonomiczna wydajno\u015b\u0107.<\/strong>\u00a0Dzi\u0119ki wysokiemu st\u0119\u017ceniu, tylko niewielka ilo\u015b\u0107 produktu jest potrzebna do uszczelnienia du\u017cej powierzchni. Jeden litr impregnatu mo\u017ce pokry\u0107 oko\u0142o 10-15 m\u00b2, w zale\u017cno\u015bci od porowato\u015bci materia\u0142u. Dzi\u0119ki 5-litrowemu formatowi produkt ten zapewnia d\u0142ugotrwa\u0142\u0105 ochron\u0119 wielu obiekt\u00f3w i powierzchni, zmniejszaj\u0105c zar\u00f3wno koszty konserwacji, jak i cz\u0119stotliwo\u015b\u0107 aplikacji.<\/p>\n<p><img decoding=\"async\" style=\"margin-right: 12px;\" src=\"https:\/\/www.ferberpainting.com\/wp-content\/uploads\/2026\/02\/Check.svg\" alt=\"\" width=\"18\" height=\"15\" \/><strong>Bezpieczny w u\u017cyciu.<\/strong>\u00a0W przeciwie\u0144stwie do tradycyjnych impregnat\u00f3w zawieraj\u0105cych agresywne rozpuszczalniki, kt\u00f3re mog\u0105 uszkadza\u0107 powierzchnie lub uwalnia\u0107 toksyczne opary, produkt ten zosta\u0142 opracowany w celu zminimalizowania ryzyka zwi\u0105zanego z aplikacj\u0105. Nie zmienia wygl\u0105du ani koloru gliny, nie \u017c\u00f3\u0142knie z up\u0142ywem czasu i szanuje naturalne w\u0142a\u015bciwo\u015bci impregnowanych powierzchni. Zaleca si\u0119 stosowanie w wentylowanych pomieszczeniach i unikanie kontaktu ze sk\u00f3r\u0105.<\/p>\n<p><img decoding=\"async\" style=\"margin-right: 12px;\" src=\"https:\/\/www.ferberpainting.com\/wp-content\/uploads\/2026\/02\/Check.svg\" alt=\"\" width=\"18\" height=\"15\" \/><strong>\u0141atwo\u015b\u0107 u\u017cytkowania.<\/strong>\u00a0Produkt jest gotowy do u\u017cycia i nie wymaga rozcie\u0144czania ani skomplikowanego przygotowania. Nak\u0142ada si\u0119 go bezpo\u015brednio na czyst\u0105, such\u0105 glin\u0119 za pomoc\u0105 p\u0119dzla, wa\u0142ka lub mi\u0119kkiej szmatki. Wnika g\u0142\u0119boko i szybko wysycha, zapewniaj\u0105c skuteczn\u0105 ochron\u0119 w jednym przej\u015bciu. Jego \u0142atwa aplikacja sprawia, \u017ce jest dost\u0119pny dla ka\u017cdego, niezale\u017cnie od tego, czy jeste\u015b garncarzem, rzemie\u015blnikiem, konserwatorem czy majsterkowiczem.<\/p>\n<p><img decoding=\"async\" style=\"margin-right: 12px;\" src=\"https:\/\/www.ferberpainting.com\/wp-content\/uploads\/2026\/02\/Check.svg\" alt=\"\" width=\"18\" height=\"15\" \/><strong>Zwi\u0119kszona wytrzyma\u0142o\u015b\u0107.<\/strong>\u00a0Pojedyncza aplikacja tego impregnatu zapewnia d\u0142ugotrwa\u0142\u0105 ochron\u0119 przed wod\u0105 i wilgoci\u0105. Wzmacnia integralno\u015b\u0107 glinianych przedmiot\u00f3w, zmniejszaj\u0105c ich porowato\u015b\u0107 i zapobiegaj\u0105c przedwczesnemu zniszczeniu. Jego odporno\u015b\u0107 na zmiany pogody i temperatury sprawia, \u017ce jest to niezb\u0119dne rozwi\u0105zanie dla przedmiot\u00f3w zewn\u0119trznych, takich jak doniczki, p\u0142ytki i pos\u0105gi z terakoty.<\/p>\n<p><img decoding=\"async\" style=\"margin-right: 12px;\" src=\"https:\/\/www.ferberpainting.com\/wp-content\/uploads\/2026\/02\/Check.svg\" alt=\"\" width=\"18\" height=\"15\" \/><strong>Szybka akcja.<\/strong>\u00a0Jego skuteczno\u015b\u0107 jest natychmiastowa po na\u0142o\u017ceniu. W ci\u0105gu zaledwie kilku minut wnika g\u0142\u0119boko i tworzy niewidzialn\u0105 barier\u0119, kt\u00f3ra zapobiega przyleganiu wody do powierzchni. Szybko wysycha, umo\u017cliwiaj\u0105c szybk\u0105 i skuteczn\u0105 hydroizolacj\u0119 impregnowanych przedmiot\u00f3w. W przeciwie\u0144stwie do innych impregnat\u00f3w, kt\u00f3re wymagaj\u0105 kilku godzin do wyschni\u0119cia, ten produkt zapewnia optymaln\u0105 ochron\u0119 w kr\u00f3tszym czasie.<\/p>\n<h2><strong>Protok\u00f3\u0142 u\u017cytkowania<\/strong><\/h2>\n<ul>\n<li><strong>Przygotowanie <\/strong>: Przed aplikacj\u0105 nale\u017cy upewni\u0107 si\u0119, \u017ce glina lub porowaty materia\u0142 s\u0105 czyste i ca\u0142kowicie suche. Usu\u0144 ca\u0142y kurz, brud lub t\u0142uszcz such\u0105 szmatk\u0105 lub mi\u0119kk\u0105 szczotk\u0105, aby zapewni\u0107 optymaln\u0105 przyczepno\u015b\u0107.<\/li>\n<li><strong>Aplikacja p\u0119dzlem lub \u015bciereczk\u0105 <\/strong>: Na\u0142o\u017cy\u0107 cienk\u0105 warstw\u0119 produktu za pomoc\u0105 mi\u0119kkiego p\u0119dzla lub szmatki, wykonuj\u0105c okr\u0119\u017cne ruchy, aby umo\u017cliwi\u0107 g\u0142\u0119bok\u0105 penetracj\u0119. Upewnij si\u0119, \u017ce ca\u0142y przedmiot lub powierzchnia s\u0105 r\u00f3wnomiernie pokryte.<\/li>\n<li><strong>Zastosowanie na du\u017cych powierzchniach <\/strong>: W przypadku p\u0142ytek, terakoty lub du\u017cych rze\u017ab u\u017cyj wa\u0142ka lub niskoci\u015bnieniowego rozpylacza do szybkiej i r\u00f3wnomiernej aplikacji. Upewnij si\u0119, \u017ce produkt dociera do wszystkich obszar\u00f3w, zw\u0142aszcza kraw\u0119dzi i relief\u00f3w.<\/li>\n<li><strong>Czas schni\u0119cia <\/strong>: Pozostawi\u0107 do wyschni\u0119cia na wolnym powietrzu na 30 minut do 1 godziny w zale\u017cno\u015bci od warunk\u00f3w otoczenia. Aby zapewni\u0107 maksymaln\u0105 ochron\u0119, nale\u017cy unika\u0107 kontaktu z wod\u0105 przez pierwsze 24 godziny po aplikacji.<\/li>\n<li><strong>Zwi\u0119kszona ochrona <\/strong>: W przypadku bardzo porowatych lub nara\u017conych na wilgo\u0107 powierzchni nale\u017cy na\u0142o\u017cy\u0107 drug\u0105 warstw\u0119 po wyschni\u0119ciu pierwszej. Ta druga warstwa zwi\u0119ksza wodoodporno\u015b\u0107 i trwa\u0142o\u015b\u0107.<\/li>\n<li><strong>Kontrola skuteczno\u015bci <\/strong>: Po wyschni\u0119ciu przetestuj wodoodporno\u015b\u0107, umieszczaj\u0105c kilka kropel wody na impregnowanej powierzchni. Je\u015bli woda zbierze si\u0119 i sp\u0142ynie, hydroizolacja jest skuteczna. Je\u015bli nie, na\u0142\u00f3\u017c drug\u0105 warstw\u0119, aby wzmocni\u0107 ochron\u0119.<\/li>\n<li><strong>Cz\u0119stotliwo\u015b\u0107 u\u017cytkowania <\/strong>: W celu zapewnienia d\u0142ugotrwa\u0142ej ochrony nak\u0142ada\u0107 ponownie raz lub dwa razy w roku, w zale\u017cno\u015bci od warunk\u00f3w pogodowych i sposobu u\u017cytkowania. Powierzchnie zewn\u0119trzne mog\u0105 wymaga\u0107 cz\u0119stszej konserwacji ze wzgl\u0119du na bezpo\u015bredni\u0105 ekspozycj\u0119 na warunki klimatyczne.<\/li>\n<li><strong>Przechowywanie <\/strong>: Przechowywa\u0107 pojemnik w ch\u0142odnym, suchym miejscu, z dala od \u017ar\u00f3de\u0142 ciep\u0142a i \u015bwiat\u0142a s\u0142onecznego. Po ka\u017cdym u\u017cyciu szczelnie zamkn\u0105\u0107, aby zapobiec parowaniu i zachowa\u0107 d\u0142ugotrwa\u0142\u0105 skuteczno\u015b\u0107.<\/li>\n<\/ul>\n<p>Nasz impregnat do gliny zapewnia d\u0142ugotrwa\u0142\u0105 ochron\u0119 i doskona\u0142\u0105 odporno\u015b\u0107 na wilgo\u0107. Idealne rozwi\u0105zanie, aby zachowa\u0107 pi\u0119kno i wytrzyma\u0142o\u015b\u0107 przedmiot\u00f3w z gliny, terakoty lub kamienia naturalnego.<\/p>","protected":false},"excerpt":{"rendered":"<p>Optimal Moisture Protection.\u00a0This clay waterproofer is specially formulated to create an effective hydrophobic barrier that prevents water and moisture from penetrating porous surfaces. It protects clay from water infiltration, liquid stains, and frost damage. When applied to decorative or functional clay objects, it ensures their durability and resistance to outdoor elements. Money-back guarantee.\u00a0We have full [&hellip;]<\/p>\n","protected":false},"featured_media":36508,"comment_status":"open","ping_status":"closed","template":"","meta":{"_uag_custom_page_level_css":"","site-sidebar-layout":"default","site-content-layout":"","ast-site-content-layout":"default","site-content-style":"default","site-sidebar-style":"default","ast-global-header-display":"","ast-banner-title-visibility":"","ast-main-header-display":"","ast-hfb-above-header-display":"","ast-hfb-below-header-display":"","ast-hfb-mobile-header-display":"","site-post-title":"","ast-breadcrumbs-content":"","ast-featured-img":"","footer-sml-layout":"","ast-disable-related-posts":"","theme-transparent-header-meta":"default","adv-header-id-meta":"","stick-header-meta":"","header-above-stick-meta":"","header-main-stick-meta":"","header-below-stick-meta":"","astra-migrate-meta-layouts":"set","ast-page-background-enabled":"default","ast-page-background-meta":{"desktop":{"background-color":"var(--ast-global-color-4)","background-image":"","background-repeat":"repeat","background-position":"center center","background-size":"auto","background-attachment":"scroll","background-type":"","background-media":"","overlay-type":"","overlay-color":"","overlay-opacity":"","overlay-gradient":""},"tablet":{"background-color":"","background-image":"","background-repeat":"repeat","background-position":"center center","background-size":"auto","background-attachment":"scroll","background-type":"","background-media":"","overlay-type":"","overlay-color":"","overlay-opacity":"","overlay-gradient":""},"mobile":{"background-color":"","background-image":"","background-repeat":"repeat","background-position":"center center","background-size":"auto","background-attachment":"scroll","background-type":"","background-media":"","overlay-type":"","overlay-color":"","overlay-opacity":"","overlay-gradient":""}},"ast-content-background-meta":{"desktop":{"background-color":"var(--ast-global-color-5)","background-image":"","background-repeat":"repeat","background-position":"center center","background-size":"auto","background-attachment":"scroll","background-type":"","background-media":"","overlay-type":"","overlay-color":"","overlay-opacity":"","overlay-gradient":""},"tablet":{"background-color":"var(--ast-global-color-5)","background-image":"","background-repeat":"repeat","background-position":"center center","background-size":"auto","background-attachment":"scroll","background-type":"","background-media":"","overlay-type":"","overlay-color":"","overlay-opacity":"","overlay-gradient":""},"mobile":{"background-color":"var(--ast-global-color-5)","background-image":"","background-repeat":"repeat","background-position":"center center","background-size":"auto","background-attachment":"scroll","background-type":"","background-media":"","overlay-type":"","overlay-color":"","overlay-opacity":"","overlay-gradient":""}}},"product_brand":[],"product_cat":[191],"product_tag":[],"class_list":{"0":"post-23140","1":"product","2":"type-product","3":"status-publish","4":"has-post-thumbnail","6":"product_cat-water-repellent","7":"desktop-align-left","8":"tablet-align-left","9":"mobile-align-left","11":"first","12":"instock","13":"sale","14":"shipping-taxable","15":"purchasable","16":"product-type-variable","17":"has-default-attributes"},"spectra_custom_meta":{"_visibility":["visible"],"_shopify_product_id":["9106550259957"],"_s2w_shopify_domain":["ferberpainting.myshopify.com"],"_shopify_variant_id":["46626258321653"],"_sku":[""],"_manage_stock":["no"],"total_sales":["8"],"_tax_status":["taxable"],"_tax_class":[""],"_backorders":["no"],"_sold_individually":["no"],"_virtual":["no"],"_downloadable":["no"],"_download_limit":["-1"],"_download_expiry":["-1"],"_stock":[null],"_stock_status":["instock"],"_wc_average_rating":["5.00"],"_wc_review_count":["18"],"_product_attributes":["a:1:{s:6:\"volume\";a:6:{s:4:\"name\";s:6:\"Volume\";s:5:\"value\";s:20:\"5 liters | 25 liters\";s:8:\"position\";i:1;s:10:\"is_visible\";i:0;s:12:\"is_variation\";i:1;s:11:\"is_taxonomy\";i:0;}}"],"_product_version":["10.5.1"],"wpse_downloadable_file_names":[""],"wpse_downloadable_file_urls":[""],"_edit_last":["1"],"_default_attributes":["a:1:{s:6:\"volume\";s:8:\"5 liters\";}"],"_edit_lock":["1771158388:1"],"_price":["29.90","129.90"],"merchant-center-availability":["yes"],"merchant-center-category":["503744"],"_thumbnail_id":["36508"],"_wp_page_template":["default"],"_wp_old_date":["2025-05-26"],"_product_image_gallery":["36509"],"site-sidebar-layout":["default"],"ast-site-content-layout":["default"],"site-content-style":["default"],"site-sidebar-style":["default"],"theme-transparent-header-meta":["default"],"_wc_rating_count":["a:1:{i:5;i:18;}"],"astra-migrate-meta-layouts":["set"],"_uag_css_file_name":["uag-css-23140.css"],"_elementor_page_assets":["a:0:{}"],"_uag_page_assets":["a:9:{s:3:\"css\";s:6873:\".wp-block-uagb-image{display:flex}.wp-block-uagb-image__figure{position:relative;display:flex;flex-direction:column;max-width:100%;height:auto;margin:0}.wp-block-uagb-image__figure img{height:auto;display:flex;max-width:100%;transition:box-shadow .2s ease}.wp-block-uagb-image__figure>a{display:inline-block}.wp-block-uagb-image__figure figcaption{text-align:center;margin-top:.5em;margin-bottom:1em}.wp-block-uagb-image .components-placeholder.block-editor-media-placeholder .components-placeholder__instructions{align-self:center}.wp-block-uagb-image--align-left{text-align:left}.wp-block-uagb-image--align-right{text-align:right}.wp-block-uagb-image--align-center{text-align:center}.wp-block-uagb-image--align-full .wp-block-uagb-image__figure{margin-left:calc(50% - 50vw);margin-right:calc(50% - 50vw);max-width:100vw;width:100vw;height:auto}.wp-block-uagb-image--align-full .wp-block-uagb-image__figure img{height:auto;width:100% !important}.wp-block-uagb-image--align-wide .wp-block-uagb-image__figure img{height:auto;width:100%}.wp-block-uagb-image--layout-overlay__color-wrapper{position:absolute;left:0;top:0;right:0;bottom:0;opacity:.2;background:rgba(0,0,0,.5);transition:opacity .35s ease-in-out}.wp-block-uagb-image--layout-overlay-link{position:absolute;left:0;right:0;bottom:0;top:0}.wp-block-uagb-image--layout-overlay .wp-block-uagb-image__figure:hover .wp-block-uagb-image--layout-overlay__color-wrapper{opacity:1}.wp-block-uagb-image--layout-overlay__inner{position:absolute;left:15px;right:15px;bottom:15px;top:15px;display:flex;align-items:center;justify-content:center;flex-direction:column;border-color:#fff;transition:.35s ease-in-out}.wp-block-uagb-image--layout-overlay__inner.top-left,.wp-block-uagb-image--layout-overlay__inner.top-center,.wp-block-uagb-image--layout-overlay__inner.top-right{justify-content:flex-start}.wp-block-uagb-image--layout-overlay__inner.bottom-left,.wp-block-uagb-image--layout-overlay__inner.bottom-center,.wp-block-uagb-image--layout-overlay__inner.bottom-right{justify-content:flex-end}.wp-block-uagb-image--layout-overlay__inner.top-left,.wp-block-uagb-image--layout-overlay__inner.center-left,.wp-block-uagb-image--layout-overlay__inner.bottom-left{align-items:flex-start}.wp-block-uagb-image--layout-overlay__inner.top-right,.wp-block-uagb-image--layout-overlay__inner.center-right,.wp-block-uagb-image--layout-overlay__inner.bottom-right{align-items:flex-end}.wp-block-uagb-image--layout-overlay__inner .uagb-image-heading{color:#fff;transition:transform .35s,opacity .35s ease-in-out;transform:translate3d(0, 24px, 0);margin:0;line-height:1em}.wp-block-uagb-image--layout-overlay__inner .uagb-image-separator{width:30%;border-top-width:2px;border-top-color:#fff;border-top-style:solid;margin-bottom:10px;opacity:0;transition:transform .4s,opacity .4s ease-in-out;transform:translate3d(0, 30px, 0)}.wp-block-uagb-image--layout-overlay__inner .uagb-image-caption{opacity:0;overflow:visible;color:#fff;transition:transform .45s,opacity .45s ease-in-out;transform:translate3d(0, 35px, 0)}.wp-block-uagb-image--layout-overlay__inner:hover .uagb-image-heading,.wp-block-uagb-image--layout-overlay__inner:hover .uagb-image-separator,.wp-block-uagb-image--layout-overlay__inner:hover .uagb-image-caption{opacity:1;transform:translate3d(0, 0, 0)}.wp-block-uagb-image--effect-zoomin .wp-block-uagb-image__figure img,.wp-block-uagb-image--effect-zoomin .wp-block-uagb-image__figure .wp-block-uagb-image--layout-overlay__color-wrapper{transform:scale(1);transition:transform .35s ease-in-out}.wp-block-uagb-image--effect-zoomin .wp-block-uagb-image__figure:hover img,.wp-block-uagb-image--effect-zoomin .wp-block-uagb-image__figure:hover .wp-block-uagb-image--layout-overlay__color-wrapper{transform:scale(1.05)}.wp-block-uagb-image--effect-slide .wp-block-uagb-image__figure img,.wp-block-uagb-image--effect-slide .wp-block-uagb-image__figure .wp-block-uagb-image--layout-overlay__color-wrapper{width:calc(100% + 40px) !important;max-width:none !important;transform:translate3d(-40px, 0, 0);transition:transform .35s ease-in-out}.wp-block-uagb-image--effect-slide .wp-block-uagb-image__figure:hover img,.wp-block-uagb-image--effect-slide .wp-block-uagb-image__figure:hover .wp-block-uagb-image--layout-overlay__color-wrapper{transform:translate3d(0, 0, 0)}.wp-block-uagb-image--effect-grayscale img{filter:grayscale(0%);transition:.35s ease-in-out}.wp-block-uagb-image--effect-grayscale:hover img{filter:grayscale(100%)}.wp-block-uagb-image--effect-blur img{filter:blur(0);transition:.35s ease-in-out}.wp-block-uagb-image--effect-blur:hover img{filter:blur(3px)}.uagb-block-e6f939b3.wp-block-uagb-image--layout-default figure img{box-shadow: 0px 0px 0 #00000070;}.uagb-block-e6f939b3.wp-block-uagb-image .wp-block-uagb-image__figure figcaption{font-style: normal;align-self: center;}.uagb-block-e6f939b3.wp-block-uagb-image--layout-overlay figure img{box-shadow: 0px 0px 0 #00000070;}.uagb-block-e6f939b3.wp-block-uagb-image--layout-overlay .wp-block-uagb-image--layout-overlay__color-wrapper{opacity: 0.2;}.uagb-block-e6f939b3.wp-block-uagb-image--layout-overlay .wp-block-uagb-image--layout-overlay__inner{left: 15px;right: 15px;top: 15px;bottom: 15px;}.uagb-block-e6f939b3.wp-block-uagb-image--layout-overlay .wp-block-uagb-image--layout-overlay__inner .uagb-image-heading{font-style: normal;color: #fff;opacity: 1;}.uagb-block-e6f939b3.wp-block-uagb-image--layout-overlay .wp-block-uagb-image--layout-overlay__inner .uagb-image-heading a{color: #fff;}.uagb-block-e6f939b3.wp-block-uagb-image--layout-overlay .wp-block-uagb-image--layout-overlay__inner .uagb-image-caption{opacity: 0;}.uagb-block-e6f939b3.wp-block-uagb-image--layout-overlay .wp-block-uagb-image__figure:hover .wp-block-uagb-image--layout-overlay__color-wrapper{opacity: 1;}.uagb-block-e6f939b3.wp-block-uagb-image .wp-block-uagb-image--layout-overlay__inner .uagb-image-separator{width: 30%;border-top-width: 2px;border-top-color: #fff;opacity: 0;}.uagb-block-e6f939b3.wp-block-uagb-image .wp-block-uagb-image__figure img{width: px;height: auto;}.uagb-block-e6f939b3.wp-block-uagb-image .wp-block-uagb-image__figure:hover .wp-block-uagb-image--layout-overlay__inner .uagb-image-caption{opacity: 1;}.uagb-block-e6f939b3.wp-block-uagb-image .wp-block-uagb-image__figure:hover .wp-block-uagb-image--layout-overlay__inner .uagb-image-separator{opacity: 1;}.uagb-block-e6f939b3.wp-block-uagb-image--layout-default figure:hover img{box-shadow: 0px 0px 0 #00000070;}.uagb-block-e6f939b3.wp-block-uagb-image--layout-overlay figure:hover img{box-shadow: 0px 0px 0 #00000070;}@media only screen and (max-width: 976px) {.uagb-block-e6f939b3.wp-block-uagb-image .wp-block-uagb-image__figure img{width: px;height: auto;}}@media only screen and (max-width: 767px) {.uagb-block-e6f939b3.wp-block-uagb-image .wp-block-uagb-image__figure img{width: px;height: auto;}}\";s:2:\"js\";s:0:\"\";s:18:\"current_block_list\";a:13:{i:0;s:11:\"core\/search\";i:1;s:10:\"core\/group\";i:2;s:12:\"core\/heading\";i:3;s:17:\"core\/latest-posts\";i:4;s:20:\"core\/latest-comments\";i:5;s:13:\"core\/archives\";i:6;s:15:\"core\/categories\";i:7;s:14:\"core\/paragraph\";i:8;s:10:\"uagb\/image\";i:9;s:11:\"core\/spacer\";i:10;s:30:\"woocommerce\/product-categories\";i:11;s:10:\"core\/image\";i:12;s:14:\"core\/shortcode\";}s:8:\"uag_flag\";b:1;s:11:\"uag_version\";s:10:\"1777101418\";s:6:\"gfonts\";a:0:{}s:10:\"gfonts_url\";s:0:\"\";s:12:\"gfonts_files\";a:0:{}s:14:\"uag_faq_layout\";b:0;}"]},"uagb_featured_image_src":{"full":["https:\/\/www.ferberpainting.com\/wp-content\/uploads\/2025\/05\/Clay-Water-Repellent-5L.png",2560,2560,false],"thumbnail":["https:\/\/www.ferberpainting.com\/wp-content\/uploads\/2025\/05\/Clay-Water-Repellent-5L-150x150.png",150,150,true],"medium":["https:\/\/www.ferberpainting.com\/wp-content\/uploads\/2025\/05\/Clay-Water-Repellent-5L-300x300.png",300,300,true],"medium_large":["https:\/\/www.ferberpainting.com\/wp-content\/uploads\/2025\/05\/Clay-Water-Repellent-5L-768x768.png",768,768,true],"large":["https:\/\/www.ferberpainting.com\/wp-content\/uploads\/2025\/05\/Clay-Water-Repellent-5L-1024x1024.png",1024,1024,true],"1536x1536":["https:\/\/www.ferberpainting.com\/wp-content\/uploads\/2025\/05\/Clay-Water-Repellent-5L-1536x1536.png",1536,1536,true],"2048x2048":["https:\/\/www.ferberpainting.com\/wp-content\/uploads\/2025\/05\/Clay-Water-Repellent-5L-2048x2048.png",2048,2048,true],"trp-custom-language-flag":["https:\/\/www.ferberpainting.com\/wp-content\/uploads\/2025\/05\/Clay-Water-Repellent-5L-12x12.png",12,12,true],"woocommerce_thumbnail":["https:\/\/www.ferberpainting.com\/wp-content\/uploads\/2025\/05\/Clay-Water-Repellent-5L-300x300.png",300,300,true],"woocommerce_single":["https:\/\/www.ferberpainting.com\/wp-content\/uploads\/2025\/05\/Clay-Water-Repellent-5L-600x600.png",600,600,true],"woocommerce_gallery_thumbnail":["https:\/\/www.ferberpainting.com\/wp-content\/uploads\/2025\/05\/Clay-Water-Repellent-5L-100x100.png",100,100,true]},"uagb_author_info":{"display_name":"admin","author_link":"https:\/\/www.ferberpainting.com\/pl\/author\/"},"uagb_comment_info":18,"uagb_excerpt":"Optimal Moisture Protection.\u00a0This clay waterproofer is specially formulated to create an effective hydrophobic barrier that prevents water and moisture from penetrating porous surfaces. It protects clay from water infiltration, liquid stains, and frost damage. When applied to decorative or functional clay objects, it ensures their durability and resistance to outdoor elements. Money-back guarantee.\u00a0We have full&hellip;","_links":{"self":[{"href":"https:\/\/www.ferberpainting.com\/pl\/wp-json\/wp\/v2\/product\/23140","targetHints":{"allow":["GET"]}}],"collection":[{"href":"https:\/\/www.ferberpainting.com\/pl\/wp-json\/wp\/v2\/product"}],"about":[{"href":"https:\/\/www.ferberpainting.com\/pl\/wp-json\/wp\/v2\/types\/product"}],"replies":[{"embeddable":true,"href":"https:\/\/www.ferberpainting.com\/pl\/wp-json\/wp\/v2\/comments?post=23140"}],"version-history":[{"count":5,"href":"https:\/\/www.ferberpainting.com\/pl\/wp-json\/wp\/v2\/product\/23140\/revisions"}],"predecessor-version":[{"id":166068,"href":"https:\/\/www.ferberpainting.com\/pl\/wp-json\/wp\/v2\/product\/23140\/revisions\/166068"}],"wp:featuredmedia":[{"embeddable":true,"href":"https:\/\/www.ferberpainting.com\/pl\/wp-json\/wp\/v2\/media\/36508"}],"wp:attachment":[{"href":"https:\/\/www.ferberpainting.com\/pl\/wp-json\/wp\/v2\/media?parent=23140"}],"wp:term":[{"taxonomy":"product_brand","embeddable":true,"href":"https:\/\/www.ferberpainting.com\/pl\/wp-json\/wp\/v2\/product_brand?post=23140"},{"taxonomy":"product_cat","embeddable":true,"href":"https:\/\/www.ferberpainting.com\/pl\/wp-json\/wp\/v2\/product_cat?post=23140"},{"taxonomy":"product_tag","embeddable":true,"href":"https:\/\/www.ferberpainting.com\/pl\/wp-json\/wp\/v2\/product_tag?post=23140"}],"curies":[{"name":"wp","href":"https:\/\/api.w.org\/{rel}","templated":true}]}}