{"id":23120,"date":"2025-05-26T10:22:50","date_gmt":"2025-05-26T08:22:50","guid":{"rendered":"https:\/\/www.ferberpainting.com\/products\/cactus-fertilizer\/"},"modified":"2026-02-15T13:22:04","modified_gmt":"2026-02-15T12:22:04","slug":"cactus-fertilizer","status":"publish","type":"product","link":"https:\/\/www.ferberpainting.com\/pl\/products\/cactus-fertilizer\/","title":{"rendered":"Naw\u00f3z do kaktus\u00f3w"},"content":{"rendered":"<p><img decoding=\"async\" style=\"margin-right: 12px;\" src=\"https:\/\/www.ferberpainting.com\/wp-content\/uploads\/2026\/02\/Check.svg\" alt=\"\" width=\"18\" height=\"15\" \/><strong>Kompletne od\u017cywianie dla kaktus\u00f3w w doskona\u0142ym zdrowiu.<\/strong>\u00a0Ten naw\u00f3z do kaktus\u00f3w zosta\u0142 specjalnie zaprojektowany, aby zapewni\u0107 sukulentom i kaktusom wszystkie niezb\u0119dne sk\u0142adniki od\u017cywcze do ich wzrostu, kwitnienia i odporno\u015bci na ekstremalne warunki. Dzi\u0119ki sk\u0142adowi NPK 15-15-15 zapewnia idealn\u0105 r\u00f3wnowag\u0119 mi\u0119dzy azotem (N), kt\u00f3ry wspomaga zdrowe li\u015bcie, fosforem (P), kt\u00f3ry wzmacnia rozw\u00f3j korzeni i potasem (K), kt\u00f3ry poprawia odporno\u015b\u0107 na choroby i stres wodny. W ten spos\u00f3b zapewnia kontrolowany wzrost i obfite kwitnienie bez ryzyka nadmiernej wegetacji.<\/p>\n<p><img decoding=\"async\" style=\"margin-right: 12px;\" src=\"https:\/\/www.ferberpainting.com\/wp-content\/uploads\/2026\/02\/Check.svg\" alt=\"\" width=\"18\" height=\"15\" \/><strong>Gwarancja zwrotu pieni\u0119dzy.<\/strong>\u00a0Jeste\u015bmy ca\u0142kowicie przekonani o skuteczno\u015bci naszego nawozu do kaktus\u00f3w, dlatego oferujemy gwarancj\u0119 zwrotu pieni\u0119dzy. Je\u015bli po zastosowaniu zgodnie z zaleceniami nie zauwa\u017cysz widocznej poprawy wzrostu i witalno\u015bci swoich kaktus\u00f3w, mo\u017cesz poprosi\u0107 o zwrot pieni\u0119dzy bez \u017cadnych warunk\u00f3w, zapewniaj\u0105c sobie zakup bez ryzyka.<\/p>\n<p><img decoding=\"async\" style=\"margin-right: 12px;\" src=\"https:\/\/www.ferberpainting.com\/wp-content\/uploads\/2026\/02\/Check.svg\" alt=\"\" width=\"18\" height=\"15\" \/><strong>Nadaje si\u0119 do wszystkich odmian kaktus\u00f3w i sukulent\u00f3w.<\/strong>\u00a0Naw\u00f3z ten jest dostosowany do wszystkich rodzaj\u00f3w kaktus\u00f3w, aloes\u00f3w, euforbii, agaw, litops\u00f3w, gruboszy, echeverii, haworsji i innych sukulent\u00f3w. Jest r\u00f3wnie\u017c idealny zar\u00f3wno do uprawy doniczkowej, jak i gruntowej, gwarantuj\u0105c zr\u00f3wnowa\u017cone od\u017cywianie dostosowane do specyficznych potrzeb tych ro\u015blin, kt\u00f3re s\u0105 odporne, ale wymagaj\u0105 sk\u0142adnik\u00f3w od\u017cywczych.<\/p>\n<p><img decoding=\"async\" style=\"margin-right: 12px;\" src=\"https:\/\/www.ferberpainting.com\/wp-content\/uploads\/2026\/02\/Check.svg\" alt=\"\" width=\"18\" height=\"15\" \/><strong>Ekonomiczny plon i d\u0142ugotrwa\u0142e nawo\u017cenie.<\/strong>\u00a0Dzi\u0119ki skoncentrowanej p\u0142ynnej formule, 5-litrowy kanister mo\u017ce przygotowa\u0107 do 1000 litr\u00f3w roztworu nawozowego, zapewniaj\u0105c d\u0142ugotrwa\u0142e i ekonomiczne u\u017cytkowanie. Dawka 5 ml na litr wody zapewnia kontrolowane i zoptymalizowane dostarczanie sk\u0142adnik\u00f3w od\u017cywczych, aby unikn\u0105\u0107 nadmiernego gromadzenia si\u0119 minera\u0142\u00f3w w pod\u0142o\u017cu.<\/p>\n<p><img decoding=\"async\" style=\"margin-right: 12px;\" src=\"https:\/\/www.ferberpainting.com\/wp-content\/uploads\/2026\/02\/Check.svg\" alt=\"\" width=\"18\" height=\"15\" \/><strong>Bezpieczny i nietoksyczny naw\u00f3z do stosowania zar\u00f3wno w pomieszczeniach, jak i na zewn\u0105trz.<\/strong>\u00a0Naw\u00f3z nie zawiera agresywnych \u015brodk\u00f3w chemicznych, dzi\u0119ki czemu nie uszkadza delikatnych korzeni kaktus\u00f3w i sukulent\u00f3w oraz nie pozostawia szkodliwych pozosta\u0142o\u015bci w pod\u0142o\u017cu. Jest bezpieczny dla \u015brodowiska, zwierz\u0105t domowych i dzieci, je\u015bli jest stosowany zgodnie z zaleceniami.<\/p>\n<p><img decoding=\"async\" style=\"margin-right: 12px;\" src=\"https:\/\/www.ferberpainting.com\/wp-content\/uploads\/2026\/02\/Check.svg\" alt=\"\" width=\"18\" height=\"15\" \/><strong>\u0141atwa aplikacja i uproszczona konserwacja.<\/strong>\u00a0Ten p\u0142ynny naw\u00f3z rozcie\u0144cza si\u0119 bezpo\u015brednio w wodzie do podlewania, zapewniaj\u0105c jednorodne i \u0142atwe nawo\u017cenie. Mo\u017cna go r\u00f3wnie\u017c stosowa\u0107 poprzez opryskiwanie dolistne, co pozwala na szybkie wch\u0142anianie sk\u0142adnik\u00f3w od\u017cywczych przez ro\u015bliny w przypadku pilnej rewitalizacji. Prosta metoda aplikacji sprawia, \u017ce jest on dost\u0119pny zar\u00f3wno dla pocz\u0105tkuj\u0105cych, jak i do\u015bwiadczonych ogrodnik\u00f3w.<\/p>\n<p><img decoding=\"async\" style=\"margin-right: 12px;\" src=\"https:\/\/www.ferberpainting.com\/wp-content\/uploads\/2026\/02\/Check.svg\" alt=\"\" width=\"18\" height=\"15\" \/><strong>D\u0142ugotrwa\u0142e dzia\u0142anie dla optymalnego rozwoju.<\/strong>\u00a0Dzi\u0119ki stopniowej dyfuzji naw\u00f3z ten od\u017cywia kaktusy w czasie, nie powoduj\u0105c zbyt szybkiego wzrostu, zachowuj\u0105c w ten spos\u00f3b naturalny kszta\u0142t ro\u015blin i zapobiegaj\u0105c os\u0142abieniu tkanek. Promuje r\u00f3wnie\u017c g\u0142\u0119bszy i silniejszy wzrost korzeni, umo\u017cliwiaj\u0105c kaktusom lepsz\u0105 odporno\u015b\u0107 na okresy suszy.<\/p>\n<p><img decoding=\"async\" style=\"margin-right: 12px;\" src=\"https:\/\/www.ferberpainting.com\/wp-content\/uploads\/2026\/02\/Check.svg\" alt=\"\" width=\"18\" height=\"15\" \/><strong>Widoczne rezultaty w ci\u0105gu pierwszych kilku tygodni.<\/strong>\u00a0Ju\u017c od pierwszych aplikacji naw\u00f3z ten stymuluje tworzenie nowych p\u0119d\u00f3w, zwi\u0119ksza intensywno\u015b\u0107 kolor\u00f3w i zach\u0119ca do pojawiania si\u0119 liczniejszych i \u017cywszych kwiat\u00f3w. Przywraca ro\u015blinom witalno\u015b\u0107 i wigor, spowalniaj\u0105c przedwczesne starzenie i wzmacniaj\u0105c ich odporno\u015b\u0107 na choroby i szkodniki.<\/p>\n<h2><strong>Protok\u00f3\u0142 u\u017cytkowania<\/strong><\/h2>\n<ul>\n<li><strong>Rozcie\u0144czanie nawozu <\/strong>: Wymiesza\u0107 5 ml nawozu na 1 litr wody. Dobrze wstrz\u0105sn\u0105\u0107 roztworem przed ka\u017cdym zastosowaniem, aby zapewni\u0107 r\u00f3wnomierne rozprowadzenie sk\u0142adnik\u00f3w od\u017cywczych.<\/li>\n<li><strong>Metoda aplikacji <\/strong>:\n<ul>\n<li><strong>Przez podlewanie <\/strong>: Wla\u0107 rozcie\u0144czony roztw\u00f3r bezpo\u015brednio na pod\u0142o\u017ce, unikaj\u0105c nadmiernej wilgoci na ro\u015blinie, aby zapobiec gniciu.<\/li>\n<li><strong>Przez opryskiwanie dolistne<\/strong> (opcjonalnie) : Lekko spryska\u0107 roztworem nadziemne cz\u0119\u015bci kaktus\u00f3w, najlepiej wcze\u015bnie rano lub pod koniec dnia, aby zapobiec szybkiemu odparowaniu.<\/li>\n<\/ul>\n<\/li>\n<li><strong>Cz\u0119stotliwo\u015b\u0107 u\u017cytkowania <\/strong>: Naw\u00f3z nale\u017cy stosowa\u0107 raz w miesi\u0105cu w okresie aktywnego wzrostu (wiosna-lato) i raz na dwa miesi\u0105ce w okresie spoczynku (jesie\u0144-zima), aby uszanowa\u0107 rytm biologiczny kaktus\u00f3w i unikn\u0105\u0107 nadmiernego wzrostu.<\/li>\n<li><strong>Dodatkowe nawadnianie <\/strong>: Po zastosowaniu nawozu nale\u017cy odczeka\u0107 od jednego do dw\u00f3ch tygodni przed ponownym podlaniem, w zale\u017cno\u015bci od specyficznych potrzeb wodnych ka\u017cdej odmiany kaktusa i pory roku.<\/li>\n<li><strong>\u015arodki ostro\u017cno\u015bci dotycz\u0105ce u\u017cytkowania <\/strong>: Nie przekracza\u0107 zalecanych dawek, aby unikn\u0105\u0107 nadmiernego od\u017cywienia gleby, co mog\u0142oby spowodowa\u0107 nadmierny wzrost, os\u0142abiaj\u0105c kaktusa i zmniejszaj\u0105c jego odporno\u015b\u0107 na trudne warunki. Stosowa\u0107 tylko na lekko wilgotne pod\u0142o\u017ce, aby u\u0142atwi\u0107 wch\u0142anianie.<\/li>\n<li><strong>Przechowywanie i konserwacja <\/strong>: Naw\u00f3z nale\u017cy przechowywa\u0107 w suchym, umiarkowanym miejscu, z dala od bezpo\u015bredniego \u015bwiat\u0142a i wilgoci. Po ka\u017cdym u\u017cyciu szczelnie zamkn\u0105\u0107 pojemnik, aby zachowa\u0107 skuteczno\u015b\u0107 produktu i zapobiec parowaniu.<\/li>\n<\/ul>\n<p>Ten naw\u00f3z do kaktus\u00f3w zapewnia ro\u015blinom kompletne i dostosowane do ich potrzeb od\u017cywianie, promuj\u0105c harmonijny rozw\u00f3j, spektakularne kwitnienie i zwi\u0119kszon\u0105 odporno\u015b\u0107 na ekstremalne warunki klimatyczne. Jest to idealne rozwi\u0105zanie dla silnych, zdrowych i pe\u0142nych \u017cycia kaktus\u00f3w.<\/p>","protected":false},"excerpt":{"rendered":"<p>Complete nutrition for cacti in perfect health.\u00a0This cactus fertilizer is specially designed to provide succulent and cacti plants with all the essential nutrients for their growth, flowering, and resistance to extreme conditions. Thanks to its NPK 15-15-15 composition, it offers an ideal balance between nitrogen (N), which promotes healthy foliage, phosphorus (P), which strengthens root [&hellip;]<\/p>\n","protected":false},"featured_media":25713,"comment_status":"open","ping_status":"closed","template":"","meta":{"_uag_custom_page_level_css":"","site-sidebar-layout":"default","site-content-layout":"","ast-site-content-layout":"default","site-content-style":"default","site-sidebar-style":"default","ast-global-header-display":"","ast-banner-title-visibility":"","ast-main-header-display":"","ast-hfb-above-header-display":"","ast-hfb-below-header-display":"","ast-hfb-mobile-header-display":"","site-post-title":"","ast-breadcrumbs-content":"","ast-featured-img":"","footer-sml-layout":"","ast-disable-related-posts":"","theme-transparent-header-meta":"default","adv-header-id-meta":"","stick-header-meta":"","header-above-stick-meta":"","header-main-stick-meta":"","header-below-stick-meta":"","astra-migrate-meta-layouts":"set","ast-page-background-enabled":"default","ast-page-background-meta":{"desktop":{"background-color":"var(--ast-global-color-4)","background-image":"","background-repeat":"repeat","background-position":"center center","background-size":"auto","background-attachment":"scroll","background-type":"","background-media":"","overlay-type":"","overlay-color":"","overlay-opacity":"","overlay-gradient":""},"tablet":{"background-color":"","background-image":"","background-repeat":"repeat","background-position":"center center","background-size":"auto","background-attachment":"scroll","background-type":"","background-media":"","overlay-type":"","overlay-color":"","overlay-opacity":"","overlay-gradient":""},"mobile":{"background-color":"","background-image":"","background-repeat":"repeat","background-position":"center center","background-size":"auto","background-attachment":"scroll","background-type":"","background-media":"","overlay-type":"","overlay-color":"","overlay-opacity":"","overlay-gradient":""}},"ast-content-background-meta":{"desktop":{"background-color":"var(--ast-global-color-5)","background-image":"","background-repeat":"repeat","background-position":"center center","background-size":"auto","background-attachment":"scroll","background-type":"","background-media":"","overlay-type":"","overlay-color":"","overlay-opacity":"","overlay-gradient":""},"tablet":{"background-color":"var(--ast-global-color-5)","background-image":"","background-repeat":"repeat","background-position":"center center","background-size":"auto","background-attachment":"scroll","background-type":"","background-media":"","overlay-type":"","overlay-color":"","overlay-opacity":"","overlay-gradient":""},"mobile":{"background-color":"var(--ast-global-color-5)","background-image":"","background-repeat":"repeat","background-position":"center center","background-size":"auto","background-attachment":"scroll","background-type":"","background-media":"","overlay-type":"","overlay-color":"","overlay-opacity":"","overlay-gradient":""}}},"product_brand":[],"product_cat":[178],"product_tag":[],"class_list":{"0":"post-23120","1":"product","2":"type-product","3":"status-publish","4":"has-post-thumbnail","6":"product_cat-fertilizers","7":"desktop-align-left","8":"tablet-align-left","9":"mobile-align-left","11":"first","12":"instock","13":"sale","14":"shipping-taxable","15":"purchasable","16":"product-type-variable","17":"has-default-attributes"},"spectra_custom_meta":{"_visibility":["visible"],"_shopify_product_id":["9062522749173"],"_s2w_shopify_domain":["ferberpainting.myshopify.com"],"_shopify_variant_id":["46489400312053"],"_sku":[""],"_manage_stock":["no"],"total_sales":["13"],"_tax_status":["taxable"],"_tax_class":[""],"_backorders":["no"],"_sold_individually":["no"],"_virtual":["no"],"_downloadable":["no"],"_download_limit":["-1"],"_download_expiry":["-1"],"_stock":[null],"_stock_status":["instock"],"_wc_average_rating":["4.89"],"_wc_review_count":["9"],"_product_attributes":["a:1:{s:6:\"volume\";a:6:{s:4:\"name\";s:6:\"Volume\";s:5:\"value\";s:20:\"5 liters | 25 liters\";s:8:\"position\";i:1;s:10:\"is_visible\";i:0;s:12:\"is_variation\";i:1;s:11:\"is_taxonomy\";i:0;}}"],"_product_version":["10.5.1"],"_thumbnail_id":["25713"],"_product_image_gallery":["25714"],"wpse_downloadable_file_names":[""],"wpse_downloadable_file_urls":[""],"_edit_last":["1"],"_default_attributes":["a:1:{s:6:\"volume\";s:8:\"5 liters\";}"],"_wc_rating_count":["a:2:{i:4;i:1;i:5;i:8;}"],"_edit_lock":["1771158065:1"],"_price":["29.90","129.90"],"merchant-center-availability":["yes"],"merchant-center-category":["113"],"_wp_page_template":["default"],"site-sidebar-layout":["default"],"ast-site-content-layout":["default"],"site-content-style":["default"],"site-sidebar-style":["default"],"theme-transparent-header-meta":["default"],"astra-migrate-meta-layouts":["set"],"_uag_css_file_name":["uag-css-23120.css"],"_elementor_page_assets":["a:0:{}"],"_uag_page_assets":["a:9:{s:3:\"css\";s:7133:\".uag-blocks-common-selector{z-index:var(--z-index-desktop) !important}@media(max-width: 976px){.uag-blocks-common-selector{z-index:var(--z-index-tablet) !important}}@media(max-width: 767px){.uag-blocks-common-selector{z-index:var(--z-index-mobile) !important}}.wp-block-uagb-image{display:flex}.wp-block-uagb-image__figure{position:relative;display:flex;flex-direction:column;max-width:100%;height:auto;margin:0}.wp-block-uagb-image__figure img{height:auto;display:flex;max-width:100%;transition:box-shadow .2s ease}.wp-block-uagb-image__figure>a{display:inline-block}.wp-block-uagb-image__figure figcaption{text-align:center;margin-top:.5em;margin-bottom:1em}.wp-block-uagb-image .components-placeholder.block-editor-media-placeholder .components-placeholder__instructions{align-self:center}.wp-block-uagb-image--align-left{text-align:left}.wp-block-uagb-image--align-right{text-align:right}.wp-block-uagb-image--align-center{text-align:center}.wp-block-uagb-image--align-full .wp-block-uagb-image__figure{margin-left:calc(50% - 50vw);margin-right:calc(50% - 50vw);max-width:100vw;width:100vw;height:auto}.wp-block-uagb-image--align-full .wp-block-uagb-image__figure img{height:auto;width:100% !important}.wp-block-uagb-image--align-wide .wp-block-uagb-image__figure img{height:auto;width:100%}.wp-block-uagb-image--layout-overlay__color-wrapper{position:absolute;left:0;top:0;right:0;bottom:0;opacity:.2;background:rgba(0,0,0,.5);transition:opacity .35s ease-in-out}.wp-block-uagb-image--layout-overlay-link{position:absolute;left:0;right:0;bottom:0;top:0}.wp-block-uagb-image--layout-overlay .wp-block-uagb-image__figure:hover .wp-block-uagb-image--layout-overlay__color-wrapper{opacity:1}.wp-block-uagb-image--layout-overlay__inner{position:absolute;left:15px;right:15px;bottom:15px;top:15px;display:flex;align-items:center;justify-content:center;flex-direction:column;border-color:#fff;transition:.35s ease-in-out}.wp-block-uagb-image--layout-overlay__inner.top-left,.wp-block-uagb-image--layout-overlay__inner.top-center,.wp-block-uagb-image--layout-overlay__inner.top-right{justify-content:flex-start}.wp-block-uagb-image--layout-overlay__inner.bottom-left,.wp-block-uagb-image--layout-overlay__inner.bottom-center,.wp-block-uagb-image--layout-overlay__inner.bottom-right{justify-content:flex-end}.wp-block-uagb-image--layout-overlay__inner.top-left,.wp-block-uagb-image--layout-overlay__inner.center-left,.wp-block-uagb-image--layout-overlay__inner.bottom-left{align-items:flex-start}.wp-block-uagb-image--layout-overlay__inner.top-right,.wp-block-uagb-image--layout-overlay__inner.center-right,.wp-block-uagb-image--layout-overlay__inner.bottom-right{align-items:flex-end}.wp-block-uagb-image--layout-overlay__inner .uagb-image-heading{color:#fff;transition:transform .35s,opacity .35s ease-in-out;transform:translate3d(0, 24px, 0);margin:0;line-height:1em}.wp-block-uagb-image--layout-overlay__inner .uagb-image-separator{width:30%;border-top-width:2px;border-top-color:#fff;border-top-style:solid;margin-bottom:10px;opacity:0;transition:transform .4s,opacity .4s ease-in-out;transform:translate3d(0, 30px, 0)}.wp-block-uagb-image--layout-overlay__inner .uagb-image-caption{opacity:0;overflow:visible;color:#fff;transition:transform .45s,opacity .45s ease-in-out;transform:translate3d(0, 35px, 0)}.wp-block-uagb-image--layout-overlay__inner:hover .uagb-image-heading,.wp-block-uagb-image--layout-overlay__inner:hover .uagb-image-separator,.wp-block-uagb-image--layout-overlay__inner:hover .uagb-image-caption{opacity:1;transform:translate3d(0, 0, 0)}.wp-block-uagb-image--effect-zoomin .wp-block-uagb-image__figure img,.wp-block-uagb-image--effect-zoomin .wp-block-uagb-image__figure .wp-block-uagb-image--layout-overlay__color-wrapper{transform:scale(1);transition:transform .35s ease-in-out}.wp-block-uagb-image--effect-zoomin .wp-block-uagb-image__figure:hover img,.wp-block-uagb-image--effect-zoomin .wp-block-uagb-image__figure:hover .wp-block-uagb-image--layout-overlay__color-wrapper{transform:scale(1.05)}.wp-block-uagb-image--effect-slide .wp-block-uagb-image__figure img,.wp-block-uagb-image--effect-slide .wp-block-uagb-image__figure .wp-block-uagb-image--layout-overlay__color-wrapper{width:calc(100% + 40px) !important;max-width:none !important;transform:translate3d(-40px, 0, 0);transition:transform .35s ease-in-out}.wp-block-uagb-image--effect-slide .wp-block-uagb-image__figure:hover img,.wp-block-uagb-image--effect-slide .wp-block-uagb-image__figure:hover .wp-block-uagb-image--layout-overlay__color-wrapper{transform:translate3d(0, 0, 0)}.wp-block-uagb-image--effect-grayscale img{filter:grayscale(0%);transition:.35s ease-in-out}.wp-block-uagb-image--effect-grayscale:hover img{filter:grayscale(100%)}.wp-block-uagb-image--effect-blur img{filter:blur(0);transition:.35s ease-in-out}.wp-block-uagb-image--effect-blur:hover img{filter:blur(3px)}.uagb-block-e6f939b3.wp-block-uagb-image--layout-default figure img{box-shadow: 0px 0px 0 #00000070;}.uagb-block-e6f939b3.wp-block-uagb-image .wp-block-uagb-image__figure figcaption{font-style: normal;align-self: center;}.uagb-block-e6f939b3.wp-block-uagb-image--layout-overlay figure img{box-shadow: 0px 0px 0 #00000070;}.uagb-block-e6f939b3.wp-block-uagb-image--layout-overlay .wp-block-uagb-image--layout-overlay__color-wrapper{opacity: 0.2;}.uagb-block-e6f939b3.wp-block-uagb-image--layout-overlay .wp-block-uagb-image--layout-overlay__inner{left: 15px;right: 15px;top: 15px;bottom: 15px;}.uagb-block-e6f939b3.wp-block-uagb-image--layout-overlay .wp-block-uagb-image--layout-overlay__inner .uagb-image-heading{font-style: normal;color: #fff;opacity: 1;}.uagb-block-e6f939b3.wp-block-uagb-image--layout-overlay .wp-block-uagb-image--layout-overlay__inner .uagb-image-heading a{color: #fff;}.uagb-block-e6f939b3.wp-block-uagb-image--layout-overlay .wp-block-uagb-image--layout-overlay__inner .uagb-image-caption{opacity: 0;}.uagb-block-e6f939b3.wp-block-uagb-image--layout-overlay .wp-block-uagb-image__figure:hover .wp-block-uagb-image--layout-overlay__color-wrapper{opacity: 1;}.uagb-block-e6f939b3.wp-block-uagb-image .wp-block-uagb-image--layout-overlay__inner .uagb-image-separator{width: 30%;border-top-width: 2px;border-top-color: #fff;opacity: 0;}.uagb-block-e6f939b3.wp-block-uagb-image .wp-block-uagb-image__figure img{width: px;height: auto;}.uagb-block-e6f939b3.wp-block-uagb-image .wp-block-uagb-image__figure:hover .wp-block-uagb-image--layout-overlay__inner .uagb-image-caption{opacity: 1;}.uagb-block-e6f939b3.wp-block-uagb-image .wp-block-uagb-image__figure:hover .wp-block-uagb-image--layout-overlay__inner .uagb-image-separator{opacity: 1;}.uagb-block-e6f939b3.wp-block-uagb-image--layout-default figure:hover img{box-shadow: 0px 0px 0 #00000070;}.uagb-block-e6f939b3.wp-block-uagb-image--layout-overlay figure:hover img{box-shadow: 0px 0px 0 #00000070;}@media only screen and (max-width: 976px) {.uagb-block-e6f939b3.wp-block-uagb-image .wp-block-uagb-image__figure img{width: px;height: auto;}}@media only screen and (max-width: 767px) {.uagb-block-e6f939b3.wp-block-uagb-image .wp-block-uagb-image__figure img{width: px;height: auto;}}\";s:2:\"js\";s:0:\"\";s:18:\"current_block_list\";a:13:{i:0;s:11:\"core\/search\";i:1;s:10:\"core\/group\";i:2;s:12:\"core\/heading\";i:3;s:17:\"core\/latest-posts\";i:4;s:20:\"core\/latest-comments\";i:5;s:13:\"core\/archives\";i:6;s:15:\"core\/categories\";i:7;s:14:\"core\/paragraph\";i:8;s:10:\"uagb\/image\";i:9;s:11:\"core\/spacer\";i:10;s:30:\"woocommerce\/product-categories\";i:11;s:10:\"core\/image\";i:12;s:14:\"core\/shortcode\";}s:8:\"uag_flag\";b:1;s:11:\"uag_version\";s:10:\"1777036058\";s:6:\"gfonts\";a:0:{}s:10:\"gfonts_url\";s:0:\"\";s:12:\"gfonts_files\";a:0:{}s:14:\"uag_faq_layout\";b:0;}"]},"uagb_featured_image_src":{"full":["https:\/\/www.ferberpainting.com\/wp-content\/uploads\/2025\/05\/CactusFertilizer5L.png",2560,2560,false],"thumbnail":["https:\/\/www.ferberpainting.com\/wp-content\/uploads\/2025\/05\/CactusFertilizer5L-150x150.png",150,150,true],"medium":["https:\/\/www.ferberpainting.com\/wp-content\/uploads\/2025\/05\/CactusFertilizer5L-300x300.png",300,300,true],"medium_large":["https:\/\/www.ferberpainting.com\/wp-content\/uploads\/2025\/05\/CactusFertilizer5L-768x768.png",768,768,true],"large":["https:\/\/www.ferberpainting.com\/wp-content\/uploads\/2025\/05\/CactusFertilizer5L-1024x1024.png",1024,1024,true],"1536x1536":["https:\/\/www.ferberpainting.com\/wp-content\/uploads\/2025\/05\/CactusFertilizer5L-1536x1536.png",1536,1536,true],"2048x2048":["https:\/\/www.ferberpainting.com\/wp-content\/uploads\/2025\/05\/CactusFertilizer5L-2048x2048.png",2048,2048,true],"trp-custom-language-flag":["https:\/\/www.ferberpainting.com\/wp-content\/uploads\/2025\/05\/CactusFertilizer5L-12x12.png",12,12,true],"woocommerce_thumbnail":["https:\/\/www.ferberpainting.com\/wp-content\/uploads\/2025\/05\/CactusFertilizer5L-300x300.png",300,300,true],"woocommerce_single":["https:\/\/www.ferberpainting.com\/wp-content\/uploads\/2025\/05\/CactusFertilizer5L-600x600.png",600,600,true],"woocommerce_gallery_thumbnail":["https:\/\/www.ferberpainting.com\/wp-content\/uploads\/2025\/05\/CactusFertilizer5L-100x100.png",100,100,true]},"uagb_author_info":{"display_name":"admin","author_link":"https:\/\/www.ferberpainting.com\/pl\/author\/"},"uagb_comment_info":9,"uagb_excerpt":"Complete nutrition for cacti in perfect health.\u00a0This cactus fertilizer is specially designed to provide succulent and cacti plants with all the essential nutrients for their growth, flowering, and resistance to extreme conditions. Thanks to its NPK 15-15-15 composition, it offers an ideal balance between nitrogen (N), which promotes healthy foliage, phosphorus (P), which strengthens root&hellip;","_links":{"self":[{"href":"https:\/\/www.ferberpainting.com\/pl\/wp-json\/wp\/v2\/product\/23120","targetHints":{"allow":["GET"]}}],"collection":[{"href":"https:\/\/www.ferberpainting.com\/pl\/wp-json\/wp\/v2\/product"}],"about":[{"href":"https:\/\/www.ferberpainting.com\/pl\/wp-json\/wp\/v2\/types\/product"}],"replies":[{"embeddable":true,"href":"https:\/\/www.ferberpainting.com\/pl\/wp-json\/wp\/v2\/comments?post=23120"}],"version-history":[{"count":5,"href":"https:\/\/www.ferberpainting.com\/pl\/wp-json\/wp\/v2\/product\/23120\/revisions"}],"predecessor-version":[{"id":166056,"href":"https:\/\/www.ferberpainting.com\/pl\/wp-json\/wp\/v2\/product\/23120\/revisions\/166056"}],"wp:featuredmedia":[{"embeddable":true,"href":"https:\/\/www.ferberpainting.com\/pl\/wp-json\/wp\/v2\/media\/25713"}],"wp:attachment":[{"href":"https:\/\/www.ferberpainting.com\/pl\/wp-json\/wp\/v2\/media?parent=23120"}],"wp:term":[{"taxonomy":"product_brand","embeddable":true,"href":"https:\/\/www.ferberpainting.com\/pl\/wp-json\/wp\/v2\/product_brand?post=23120"},{"taxonomy":"product_cat","embeddable":true,"href":"https:\/\/www.ferberpainting.com\/pl\/wp-json\/wp\/v2\/product_cat?post=23120"},{"taxonomy":"product_tag","embeddable":true,"href":"https:\/\/www.ferberpainting.com\/pl\/wp-json\/wp\/v2\/product_tag?post=23120"}],"curies":[{"name":"wp","href":"https:\/\/api.w.org\/{rel}","templated":true}]}}