{"id":23102,"date":"2025-05-26T10:22:44","date_gmt":"2025-05-26T08:22:44","guid":{"rendered":"https:\/\/www.ferberpainting.com\/products\/blueberry-fertilizer\/"},"modified":"2026-02-15T13:10:58","modified_gmt":"2026-02-15T12:10:58","slug":"blueberry-fertilizer","status":"publish","type":"product","link":"https:\/\/www.ferberpainting.com\/pl\/products\/blueberry-fertilizer\/","title":{"rendered":"Naw\u00f3z do bor\u00f3wek"},"content":{"rendered":"<p><img decoding=\"async\" style=\"margin-right: 12px;\" src=\"https:\/\/www.ferberpainting.com\/wp-content\/uploads\/2026\/02\/Check.svg\" alt=\"\" width=\"18\" height=\"15\" \/><strong>Zr\u00f3wnowa\u017cony naw\u00f3z dla zdrowych bor\u00f3wek i obfitych zbior\u00f3w.<\/strong>\u00a0Ten naw\u00f3z do bor\u00f3wek zosta\u0142 specjalnie zaprojektowany, aby wspiera\u0107 wzrost tego krzewu owocowego i zapewni\u0107 optymaln\u0105 produkcj\u0119 aromatycznych jag\u00f3d. Dzi\u0119ki formule NPK 15-15-15 zapewnia zr\u00f3wnowa\u017con\u0105 poda\u017c azotu (N), kt\u00f3ry sprzyja g\u0119stym i zielonym li\u015bciom, fosforu (P), kt\u00f3ry stymuluje solidne ukorzenienie i lepsze wch\u0142anianie sk\u0142adnik\u00f3w od\u017cywczych, oraz potasu (K), kt\u00f3ry wspomaga owocowanie i wzmacnia odporno\u015b\u0107 na choroby i stres klimatyczny. Zapewnia harmonijny rozw\u00f3j ro\u015blin, obfite kwitnienie oraz wi\u0119ksze, s\u0142odsze i lepiej uformowane owoce.<\/p>\n<p><img decoding=\"async\" style=\"margin-right: 12px;\" src=\"https:\/\/www.ferberpainting.com\/wp-content\/uploads\/2026\/02\/Check.svg\" alt=\"\" width=\"18\" height=\"15\" \/><strong>Gwarancja zwrotu pieni\u0119dzy.<\/strong>\u00a0Mamy pe\u0142ne zaufanie do skuteczno\u015bci naszego nawozu do bor\u00f3wek, dlatego oferujemy gwarancj\u0119 zwrotu pieni\u0119dzy. Je\u015bli po zastosowaniu go zgodnie z zaleceniami nie zauwa\u017cysz znacz\u0105cej poprawy wzrostu, kwitnienia lub owocowania, zobowi\u0105zujemy si\u0119 do zwrotu pieni\u0119dzy pod tym warunkiem, zapewniaj\u0105c w ten spos\u00f3b zakup z ca\u0142kowitym spokojem ducha.<\/p>\n<p><img decoding=\"async\" style=\"margin-right: 12px;\" src=\"https:\/\/www.ferberpainting.com\/wp-content\/uploads\/2026\/02\/Check.svg\" alt=\"\" width=\"18\" height=\"15\" \/><strong>Nadaje si\u0119 do wszystkich odmian bor\u00f3wek i r\u00f3\u017cnych warunk\u00f3w uprawy. <\/strong>Naw\u00f3z ten jest odpowiedni dla bor\u00f3wek uprawianych w doniczkach, w otwartym terenie lub w szklarniach i pasuje do wszystkich odmian, niezale\u017cnie od tego, czy jest to Vaccinium corymbosum (bor\u00f3wka wysoka), Vaccinium myrtillus (bor\u00f3wka dzika), czy nawet Vaccinium angustifolium (bor\u00f3wka niska). Jest kompatybilny z kwa\u015bnymi i lekkimi glebami, idealnymi warunkami do uprawy tego krzewu owocowego i mo\u017ce by\u0107 z powodzeniem stosowany zar\u00f3wno przez ogrodnik\u00f3w hobbyst\u00f3w, jak i profesjonalnych hodowc\u00f3w.<\/p>\n<p><img decoding=\"async\" style=\"margin-right: 12px;\" src=\"https:\/\/www.ferberpainting.com\/wp-content\/uploads\/2026\/02\/Check.svg\" alt=\"\" width=\"18\" height=\"15\" \/><strong>Op\u0142acalna wydajno\u015b\u0107 i d\u0142ugotrwa\u0142e nawo\u017cenie.<\/strong>\u00a0Dzi\u0119ki wysoce skoncentrowanej formule, 5-litrowa puszka wystarcza do przygotowania do 1000 litr\u00f3w roztworu nawozowego, zapewniaj\u0105c d\u0142ugotrwa\u0142e i ekonomiczne nawo\u017cenie. Dawka 5 ml na litr wody zapewnia szybkie wch\u0142anianie sk\u0142adnik\u00f3w od\u017cywczych i optymalne wykorzystanie przy jednoczesnym zmniejszeniu ilo\u015bci odpad\u00f3w.<\/p>\n<p><img decoding=\"async\" style=\"margin-right: 12px;\" src=\"https:\/\/www.ferberpainting.com\/wp-content\/uploads\/2026\/02\/Check.svg\" alt=\"\" width=\"18\" height=\"15\" \/><strong>Ekologiczny naw\u00f3z bezpieczny dla \u015brodowiska.<\/strong>\u00a0Naw\u00f3z zosta\u0142 opracowany bez u\u017cycia agresywnych chemikali\u00f3w i nie zawiera \u017cadnych toksycznych pierwiastk\u00f3w, kt\u00f3re mog\u0142yby zaszkodzi\u0107 glebie, bior\u00f3\u017cnorodno\u015bci lub wodom gruntowym. Promuje rozw\u00f3j korzystnej mikroflory i poprawia struktur\u0119 pod\u0142o\u017ca, zapewniaj\u0105c lepsze zatrzymywanie sk\u0142adnik\u00f3w od\u017cywczych i wilgoci, co jest niezb\u0119dne w uprawie bor\u00f3wki.<\/p>\n<p><img decoding=\"async\" style=\"margin-right: 12px;\" src=\"https:\/\/www.ferberpainting.com\/wp-content\/uploads\/2026\/02\/Check.svg\" alt=\"\" width=\"18\" height=\"15\" \/><strong>\u0141atwa aplikacja dla bezproblemowego nawo\u017cenia.<\/strong>\u00a0Ten p\u0142ynny naw\u00f3z rozcie\u0144cza si\u0119 bezpo\u015brednio w wodzie do nawadniania, zapewniaj\u0105c r\u00f3wnomierne i \u0142atwe nawo\u017cenie. Mo\u017ce by\u0107 stosowany przez podlewanie u podstawy ro\u015bliny lub jako oprysk dolistny, umo\u017cliwiaj\u0105c szybkie wch\u0142anianie sk\u0142adnik\u00f3w od\u017cywczych przez korzenie i li\u015bcie, optymalizuj\u0105c w ten spos\u00f3b wzrost i produkcj\u0119 bor\u00f3wki.<\/p>\n<p><img decoding=\"async\" style=\"margin-right: 12px;\" src=\"https:\/\/www.ferberpainting.com\/wp-content\/uploads\/2026\/02\/Check.svg\" alt=\"\" width=\"18\" height=\"15\" \/><strong>Trwa\u0142y efekt dla przyspieszonego wzrostu i zwi\u0119kszonej produkcji.<\/strong>\u00a0Dzi\u0119ki stopniowemu uwalnianiu sk\u0142adnik\u00f3w od\u017cywczych, naw\u00f3z ten w zr\u00f3wnowa\u017cony spos\u00f3b od\u017cywia ro\u015bliny bor\u00f3wki, stymuluj\u0105c szybki wzrost \u0142odyg i li\u015bci, jednocze\u015bnie promuj\u0105c obfite kwitnienie i obfite owocowanie. Pomaga r\u00f3wnie\u017c wzmocni\u0107 odporno\u015b\u0107 na choroby grzybowe i ataki szkodnik\u00f3w, zapewniaj\u0105c w ten spos\u00f3b wysokiej jako\u015bci zbiory przez ca\u0142y sezon.<\/p>\n<p><img decoding=\"async\" style=\"margin-right: 12px;\" src=\"https:\/\/www.ferberpainting.com\/wp-content\/uploads\/2026\/02\/Check.svg\" alt=\"\" width=\"18\" height=\"15\" \/><strong>Widoczne rezultaty ju\u017c od pierwszych tygodni.<\/strong>\u00a0Ju\u017c od pierwszych aplikacji naw\u00f3z ten stymuluje wzrost nowych p\u0119d\u00f3w, zwi\u0119ksza g\u0119sto\u015b\u0107 li\u015bci i zach\u0119ca do tworzenia wi\u0119kszych, s\u0142odszych i bardziej obszernych gron owocowych. Pomaga r\u00f3wnie\u017c ro\u015blinie przygotowa\u0107 si\u0119 do cykli kwitnienia i owocowania, zapewniaj\u0105c bardziej obfite i regularne zbiory, z bardziej soczystymi i smaczniejszymi jagodami.<\/p>\n<h2><strong>Protok\u00f3\u0142 u\u017cytkowania<\/strong><\/h2>\n<ul>\n<li><strong>Rozcie\u0144czanie nawozu <\/strong>: Wymiesza\u0107 5 ml nawozu na 1 litr wody. Dobrze wstrz\u0105sn\u0105\u0107 roztworem przed ka\u017cdym zastosowaniem, aby zapewni\u0107 r\u00f3wnomierne rozprowadzenie sk\u0142adnik\u00f3w od\u017cywczych.<\/li>\n<li><strong>Metoda aplikacji <\/strong>:\n<ul>\n<li><strong>Przez podlewanie <\/strong>: Wla\u0107 rozcie\u0144czony roztw\u00f3r bezpo\u015brednio u podstawy ro\u015bliny bor\u00f3wki, upewniaj\u0105c si\u0119, \u017ce gleba jest r\u00f3wnomiernie nawil\u017cona bez nadmiaru wody, aby unikn\u0105\u0107 sp\u0142ywania.<\/li>\n<li><strong>Przez opryskiwanie dolistne <\/strong>: Lekko spryska\u0107 li\u015bcie roztworem, wcze\u015bnie rano lub p\u00f3\u017ano w ci\u0105gu dnia, aby unikn\u0105\u0107 szybkiego parowania i zmaksymalizowa\u0107 wch\u0142anianie.<\/li>\n<\/ul>\n<\/li>\n<li><strong>Cz\u0119stotliwo\u015b\u0107 u\u017cytkowania <\/strong>: Naw\u00f3z nale\u017cy stosowa\u0107 co dwa tygodnie w okresie wzrostu i kwitnienia (wiosna-lato) oraz raz w miesi\u0105cu w okresie spoczynku (jesie\u0144-zima), aby utrzyma\u0107 sta\u0142y wzrost.<\/li>\n<li><strong>Dodatkowe nawadnianie <\/strong>: Po zastosowaniu nawozu nale\u017cy odczeka\u0107 48 godzin przed ponownym podlaniem, aby zoptymalizowa\u0107 wch\u0142anianie sk\u0142adnik\u00f3w od\u017cywczych przez korzenie.<\/li>\n<li><strong>\u015arodki ostro\u017cno\u015bci dotycz\u0105ce u\u017cytkowania <\/strong>: Nie przedawkowa\u0107 nawozu, aby unikn\u0105\u0107 nadmiaru sk\u0142adnik\u00f3w od\u017cywczych, co mo\u017ce prowadzi\u0107 do nadmiernego wzrostu li\u015bci kosztem produkcji owoc\u00f3w. Stosowa\u0107 tylko na lekko wilgotn\u0105 gleb\u0119 dla lepszego wch\u0142aniania.<\/li>\n<li><strong>Przechowywanie i konserwacja <\/strong>: Naw\u00f3z nale\u017cy przechowywa\u0107 w suchym, ch\u0142odnym miejscu, z dala od \u015bwiat\u0142a i wilgoci. Zawsze szczelnie zamykaj pojemnik po ka\u017cdym u\u017cyciu, aby zachowa\u0107 skuteczno\u015b\u0107 produktu i unikn\u0105\u0107 parowania.<\/li>\n<\/ul>\n<p>Ten naw\u00f3z do bor\u00f3wek zapewnia krzewom kompletne i zr\u00f3wnowa\u017cone od\u017cywianie, promuj\u0105c energiczny wzrost, obfite kwitnienie i obfite zbiory smacznych bor\u00f3wek. Jest to idealne rozwi\u0105zanie zapewniaj\u0105ce zdrowe bor\u00f3wki i wyj\u0105tkow\u0105 produkcj\u0119 przez ca\u0142y sezon.<\/p>","protected":false},"excerpt":{"rendered":"<p>A balanced fertilizer for healthy blueberries and abundant harvests.\u00a0This blueberry fertilizer is specially designed to support the growth of this fruit shrub and ensure optimal production of flavorful berries. Thanks to its NPK 15-15-15 formulation, it provides a balanced supply of nitrogen (N), promoting dense and green foliage, phosphorus (P), which stimulates solid rooting and [&hellip;]<\/p>\n","protected":false},"featured_media":25702,"comment_status":"open","ping_status":"closed","template":"","meta":{"_uag_custom_page_level_css":"","site-sidebar-layout":"default","site-content-layout":"","ast-site-content-layout":"default","site-content-style":"default","site-sidebar-style":"default","ast-global-header-display":"","ast-banner-title-visibility":"","ast-main-header-display":"","ast-hfb-above-header-display":"","ast-hfb-below-header-display":"","ast-hfb-mobile-header-display":"","site-post-title":"","ast-breadcrumbs-content":"","ast-featured-img":"","footer-sml-layout":"","ast-disable-related-posts":"","theme-transparent-header-meta":"default","adv-header-id-meta":"","stick-header-meta":"","header-above-stick-meta":"","header-main-stick-meta":"","header-below-stick-meta":"","astra-migrate-meta-layouts":"set","ast-page-background-enabled":"default","ast-page-background-meta":{"desktop":{"background-color":"var(--ast-global-color-4)","background-image":"","background-repeat":"repeat","background-position":"center center","background-size":"auto","background-attachment":"scroll","background-type":"","background-media":"","overlay-type":"","overlay-color":"","overlay-opacity":"","overlay-gradient":""},"tablet":{"background-color":"","background-image":"","background-repeat":"repeat","background-position":"center center","background-size":"auto","background-attachment":"scroll","background-type":"","background-media":"","overlay-type":"","overlay-color":"","overlay-opacity":"","overlay-gradient":""},"mobile":{"background-color":"","background-image":"","background-repeat":"repeat","background-position":"center center","background-size":"auto","background-attachment":"scroll","background-type":"","background-media":"","overlay-type":"","overlay-color":"","overlay-opacity":"","overlay-gradient":""}},"ast-content-background-meta":{"desktop":{"background-color":"var(--ast-global-color-5)","background-image":"","background-repeat":"repeat","background-position":"center center","background-size":"auto","background-attachment":"scroll","background-type":"","background-media":"","overlay-type":"","overlay-color":"","overlay-opacity":"","overlay-gradient":""},"tablet":{"background-color":"var(--ast-global-color-5)","background-image":"","background-repeat":"repeat","background-position":"center center","background-size":"auto","background-attachment":"scroll","background-type":"","background-media":"","overlay-type":"","overlay-color":"","overlay-opacity":"","overlay-gradient":""},"mobile":{"background-color":"var(--ast-global-color-5)","background-image":"","background-repeat":"repeat","background-position":"center center","background-size":"auto","background-attachment":"scroll","background-type":"","background-media":"","overlay-type":"","overlay-color":"","overlay-opacity":"","overlay-gradient":""}}},"product_brand":[],"product_cat":[178],"product_tag":[],"class_list":{"0":"post-23102","1":"product","2":"type-product","3":"status-publish","4":"has-post-thumbnail","6":"product_cat-fertilizers","7":"desktop-align-left","8":"tablet-align-left","9":"mobile-align-left","11":"first","12":"instock","13":"sale","14":"shipping-taxable","15":"purchasable","16":"product-type-variable","17":"has-default-attributes"},"spectra_custom_meta":{"_visibility":["visible"],"_shopify_product_id":["9066084466933"],"_s2w_shopify_domain":["ferberpainting.myshopify.com"],"_shopify_variant_id":["46501658296565"],"_sku":[""],"_manage_stock":["no"],"total_sales":["48"],"_tax_status":["taxable"],"_tax_class":[""],"_backorders":["no"],"_sold_individually":["no"],"_virtual":["no"],"_downloadable":["no"],"_download_limit":["-1"],"_download_expiry":["-1"],"_stock":[null],"_stock_status":["instock"],"_wc_average_rating":["5.00"],"_wc_review_count":["5"],"_product_attributes":["a:1:{s:6:\"volume\";a:6:{s:4:\"name\";s:6:\"Volume\";s:5:\"value\";s:20:\"5 liters | 25 liters\";s:8:\"position\";i:1;s:10:\"is_visible\";i:0;s:12:\"is_variation\";i:1;s:11:\"is_taxonomy\";i:0;}}"],"_product_version":["10.5.1"],"_thumbnail_id":["25702"],"_product_image_gallery":["25703"],"wpse_downloadable_file_names":[""],"wpse_downloadable_file_urls":[""],"_edit_last":["1"],"_default_attributes":["a:1:{s:6:\"volume\";s:8:\"5 liters\";}"],"_wc_rating_count":["a:1:{i:5;i:5;}"],"_edit_lock":["1771157320:1"],"_price":["29.90","129.90"],"merchant-center-availability":["yes"],"merchant-center-category":["113"],"_wp_page_template":["default"],"site-sidebar-layout":["default"],"ast-site-content-layout":["default"],"site-content-style":["default"],"site-sidebar-style":["default"],"theme-transparent-header-meta":["default"],"astra-migrate-meta-layouts":["set"],"_uag_css_file_name":["uag-css-23102.css"],"_elementor_page_assets":["a:0:{}"],"_uag_page_assets":["a:9:{s:3:\"css\";s:6873:\".wp-block-uagb-image{display:flex}.wp-block-uagb-image__figure{position:relative;display:flex;flex-direction:column;max-width:100%;height:auto;margin:0}.wp-block-uagb-image__figure img{height:auto;display:flex;max-width:100%;transition:box-shadow .2s ease}.wp-block-uagb-image__figure>a{display:inline-block}.wp-block-uagb-image__figure figcaption{text-align:center;margin-top:.5em;margin-bottom:1em}.wp-block-uagb-image .components-placeholder.block-editor-media-placeholder .components-placeholder__instructions{align-self:center}.wp-block-uagb-image--align-left{text-align:left}.wp-block-uagb-image--align-right{text-align:right}.wp-block-uagb-image--align-center{text-align:center}.wp-block-uagb-image--align-full .wp-block-uagb-image__figure{margin-left:calc(50% - 50vw);margin-right:calc(50% - 50vw);max-width:100vw;width:100vw;height:auto}.wp-block-uagb-image--align-full .wp-block-uagb-image__figure img{height:auto;width:100% !important}.wp-block-uagb-image--align-wide .wp-block-uagb-image__figure img{height:auto;width:100%}.wp-block-uagb-image--layout-overlay__color-wrapper{position:absolute;left:0;top:0;right:0;bottom:0;opacity:.2;background:rgba(0,0,0,.5);transition:opacity .35s ease-in-out}.wp-block-uagb-image--layout-overlay-link{position:absolute;left:0;right:0;bottom:0;top:0}.wp-block-uagb-image--layout-overlay .wp-block-uagb-image__figure:hover .wp-block-uagb-image--layout-overlay__color-wrapper{opacity:1}.wp-block-uagb-image--layout-overlay__inner{position:absolute;left:15px;right:15px;bottom:15px;top:15px;display:flex;align-items:center;justify-content:center;flex-direction:column;border-color:#fff;transition:.35s ease-in-out}.wp-block-uagb-image--layout-overlay__inner.top-left,.wp-block-uagb-image--layout-overlay__inner.top-center,.wp-block-uagb-image--layout-overlay__inner.top-right{justify-content:flex-start}.wp-block-uagb-image--layout-overlay__inner.bottom-left,.wp-block-uagb-image--layout-overlay__inner.bottom-center,.wp-block-uagb-image--layout-overlay__inner.bottom-right{justify-content:flex-end}.wp-block-uagb-image--layout-overlay__inner.top-left,.wp-block-uagb-image--layout-overlay__inner.center-left,.wp-block-uagb-image--layout-overlay__inner.bottom-left{align-items:flex-start}.wp-block-uagb-image--layout-overlay__inner.top-right,.wp-block-uagb-image--layout-overlay__inner.center-right,.wp-block-uagb-image--layout-overlay__inner.bottom-right{align-items:flex-end}.wp-block-uagb-image--layout-overlay__inner .uagb-image-heading{color:#fff;transition:transform .35s,opacity .35s ease-in-out;transform:translate3d(0, 24px, 0);margin:0;line-height:1em}.wp-block-uagb-image--layout-overlay__inner .uagb-image-separator{width:30%;border-top-width:2px;border-top-color:#fff;border-top-style:solid;margin-bottom:10px;opacity:0;transition:transform .4s,opacity .4s ease-in-out;transform:translate3d(0, 30px, 0)}.wp-block-uagb-image--layout-overlay__inner .uagb-image-caption{opacity:0;overflow:visible;color:#fff;transition:transform .45s,opacity .45s ease-in-out;transform:translate3d(0, 35px, 0)}.wp-block-uagb-image--layout-overlay__inner:hover .uagb-image-heading,.wp-block-uagb-image--layout-overlay__inner:hover .uagb-image-separator,.wp-block-uagb-image--layout-overlay__inner:hover .uagb-image-caption{opacity:1;transform:translate3d(0, 0, 0)}.wp-block-uagb-image--effect-zoomin .wp-block-uagb-image__figure img,.wp-block-uagb-image--effect-zoomin .wp-block-uagb-image__figure .wp-block-uagb-image--layout-overlay__color-wrapper{transform:scale(1);transition:transform .35s ease-in-out}.wp-block-uagb-image--effect-zoomin .wp-block-uagb-image__figure:hover img,.wp-block-uagb-image--effect-zoomin .wp-block-uagb-image__figure:hover .wp-block-uagb-image--layout-overlay__color-wrapper{transform:scale(1.05)}.wp-block-uagb-image--effect-slide .wp-block-uagb-image__figure img,.wp-block-uagb-image--effect-slide .wp-block-uagb-image__figure .wp-block-uagb-image--layout-overlay__color-wrapper{width:calc(100% + 40px) !important;max-width:none !important;transform:translate3d(-40px, 0, 0);transition:transform .35s ease-in-out}.wp-block-uagb-image--effect-slide .wp-block-uagb-image__figure:hover img,.wp-block-uagb-image--effect-slide .wp-block-uagb-image__figure:hover .wp-block-uagb-image--layout-overlay__color-wrapper{transform:translate3d(0, 0, 0)}.wp-block-uagb-image--effect-grayscale img{filter:grayscale(0%);transition:.35s ease-in-out}.wp-block-uagb-image--effect-grayscale:hover img{filter:grayscale(100%)}.wp-block-uagb-image--effect-blur img{filter:blur(0);transition:.35s ease-in-out}.wp-block-uagb-image--effect-blur:hover img{filter:blur(3px)}.uagb-block-e6f939b3.wp-block-uagb-image--layout-default figure img{box-shadow: 0px 0px 0 #00000070;}.uagb-block-e6f939b3.wp-block-uagb-image .wp-block-uagb-image__figure figcaption{font-style: normal;align-self: center;}.uagb-block-e6f939b3.wp-block-uagb-image--layout-overlay figure img{box-shadow: 0px 0px 0 #00000070;}.uagb-block-e6f939b3.wp-block-uagb-image--layout-overlay .wp-block-uagb-image--layout-overlay__color-wrapper{opacity: 0.2;}.uagb-block-e6f939b3.wp-block-uagb-image--layout-overlay .wp-block-uagb-image--layout-overlay__inner{left: 15px;right: 15px;top: 15px;bottom: 15px;}.uagb-block-e6f939b3.wp-block-uagb-image--layout-overlay .wp-block-uagb-image--layout-overlay__inner .uagb-image-heading{font-style: normal;color: #fff;opacity: 1;}.uagb-block-e6f939b3.wp-block-uagb-image--layout-overlay .wp-block-uagb-image--layout-overlay__inner .uagb-image-heading a{color: #fff;}.uagb-block-e6f939b3.wp-block-uagb-image--layout-overlay .wp-block-uagb-image--layout-overlay__inner .uagb-image-caption{opacity: 0;}.uagb-block-e6f939b3.wp-block-uagb-image--layout-overlay .wp-block-uagb-image__figure:hover .wp-block-uagb-image--layout-overlay__color-wrapper{opacity: 1;}.uagb-block-e6f939b3.wp-block-uagb-image .wp-block-uagb-image--layout-overlay__inner .uagb-image-separator{width: 30%;border-top-width: 2px;border-top-color: #fff;opacity: 0;}.uagb-block-e6f939b3.wp-block-uagb-image .wp-block-uagb-image__figure img{width: px;height: auto;}.uagb-block-e6f939b3.wp-block-uagb-image .wp-block-uagb-image__figure:hover .wp-block-uagb-image--layout-overlay__inner .uagb-image-caption{opacity: 1;}.uagb-block-e6f939b3.wp-block-uagb-image .wp-block-uagb-image__figure:hover .wp-block-uagb-image--layout-overlay__inner .uagb-image-separator{opacity: 1;}.uagb-block-e6f939b3.wp-block-uagb-image--layout-default figure:hover img{box-shadow: 0px 0px 0 #00000070;}.uagb-block-e6f939b3.wp-block-uagb-image--layout-overlay figure:hover img{box-shadow: 0px 0px 0 #00000070;}@media only screen and (max-width: 976px) {.uagb-block-e6f939b3.wp-block-uagb-image .wp-block-uagb-image__figure img{width: px;height: auto;}}@media only screen and (max-width: 767px) {.uagb-block-e6f939b3.wp-block-uagb-image .wp-block-uagb-image__figure img{width: px;height: auto;}}\";s:2:\"js\";s:0:\"\";s:18:\"current_block_list\";a:13:{i:0;s:11:\"core\/search\";i:1;s:10:\"core\/group\";i:2;s:12:\"core\/heading\";i:3;s:17:\"core\/latest-posts\";i:4;s:20:\"core\/latest-comments\";i:5;s:13:\"core\/archives\";i:6;s:15:\"core\/categories\";i:7;s:14:\"core\/paragraph\";i:8;s:10:\"uagb\/image\";i:9;s:11:\"core\/spacer\";i:10;s:30:\"woocommerce\/product-categories\";i:11;s:10:\"core\/image\";i:12;s:14:\"core\/shortcode\";}s:8:\"uag_flag\";b:1;s:11:\"uag_version\";s:10:\"1777035642\";s:6:\"gfonts\";a:0:{}s:10:\"gfonts_url\";s:0:\"\";s:12:\"gfonts_files\";a:0:{}s:14:\"uag_faq_layout\";b:0;}"]},"uagb_featured_image_src":{"full":["https:\/\/www.ferberpainting.com\/wp-content\/uploads\/2025\/05\/Blueberry_Fertilizer_5L.png",2560,2560,false],"thumbnail":["https:\/\/www.ferberpainting.com\/wp-content\/uploads\/2025\/05\/Blueberry_Fertilizer_5L-150x150.png",150,150,true],"medium":["https:\/\/www.ferberpainting.com\/wp-content\/uploads\/2025\/05\/Blueberry_Fertilizer_5L-300x300.png",300,300,true],"medium_large":["https:\/\/www.ferberpainting.com\/wp-content\/uploads\/2025\/05\/Blueberry_Fertilizer_5L-768x768.png",768,768,true],"large":["https:\/\/www.ferberpainting.com\/wp-content\/uploads\/2025\/05\/Blueberry_Fertilizer_5L-1024x1024.png",1024,1024,true],"1536x1536":["https:\/\/www.ferberpainting.com\/wp-content\/uploads\/2025\/05\/Blueberry_Fertilizer_5L-1536x1536.png",1536,1536,true],"2048x2048":["https:\/\/www.ferberpainting.com\/wp-content\/uploads\/2025\/05\/Blueberry_Fertilizer_5L-2048x2048.png",2048,2048,true],"trp-custom-language-flag":["https:\/\/www.ferberpainting.com\/wp-content\/uploads\/2025\/05\/Blueberry_Fertilizer_5L-12x12.png",12,12,true],"woocommerce_thumbnail":["https:\/\/www.ferberpainting.com\/wp-content\/uploads\/2025\/05\/Blueberry_Fertilizer_5L-300x300.png",300,300,true],"woocommerce_single":["https:\/\/www.ferberpainting.com\/wp-content\/uploads\/2025\/05\/Blueberry_Fertilizer_5L-600x600.png",600,600,true],"woocommerce_gallery_thumbnail":["https:\/\/www.ferberpainting.com\/wp-content\/uploads\/2025\/05\/Blueberry_Fertilizer_5L-100x100.png",100,100,true]},"uagb_author_info":{"display_name":"admin","author_link":"https:\/\/www.ferberpainting.com\/pl\/author\/"},"uagb_comment_info":5,"uagb_excerpt":"A balanced fertilizer for healthy blueberries and abundant harvests.\u00a0This blueberry fertilizer is specially designed to support the growth of this fruit shrub and ensure optimal production of flavorful berries. Thanks to its NPK 15-15-15 formulation, it provides a balanced supply of nitrogen (N), promoting dense and green foliage, phosphorus (P), which stimulates solid rooting and&hellip;","_links":{"self":[{"href":"https:\/\/www.ferberpainting.com\/pl\/wp-json\/wp\/v2\/product\/23102","targetHints":{"allow":["GET"]}}],"collection":[{"href":"https:\/\/www.ferberpainting.com\/pl\/wp-json\/wp\/v2\/product"}],"about":[{"href":"https:\/\/www.ferberpainting.com\/pl\/wp-json\/wp\/v2\/types\/product"}],"replies":[{"embeddable":true,"href":"https:\/\/www.ferberpainting.com\/pl\/wp-json\/wp\/v2\/comments?post=23102"}],"version-history":[{"count":5,"href":"https:\/\/www.ferberpainting.com\/pl\/wp-json\/wp\/v2\/product\/23102\/revisions"}],"predecessor-version":[{"id":166043,"href":"https:\/\/www.ferberpainting.com\/pl\/wp-json\/wp\/v2\/product\/23102\/revisions\/166043"}],"wp:featuredmedia":[{"embeddable":true,"href":"https:\/\/www.ferberpainting.com\/pl\/wp-json\/wp\/v2\/media\/25702"}],"wp:attachment":[{"href":"https:\/\/www.ferberpainting.com\/pl\/wp-json\/wp\/v2\/media?parent=23102"}],"wp:term":[{"taxonomy":"product_brand","embeddable":true,"href":"https:\/\/www.ferberpainting.com\/pl\/wp-json\/wp\/v2\/product_brand?post=23102"},{"taxonomy":"product_cat","embeddable":true,"href":"https:\/\/www.ferberpainting.com\/pl\/wp-json\/wp\/v2\/product_cat?post=23102"},{"taxonomy":"product_tag","embeddable":true,"href":"https:\/\/www.ferberpainting.com\/pl\/wp-json\/wp\/v2\/product_tag?post=23102"}],"curies":[{"name":"wp","href":"https:\/\/api.w.org\/{rel}","templated":true}]}}