{"id":23095,"date":"2025-05-26T10:22:41","date_gmt":"2025-05-26T08:22:41","guid":{"rendered":"https:\/\/www.ferberpainting.com\/products\/bituminous-foundation-sealant\/"},"modified":"2026-02-24T17:58:40","modified_gmt":"2026-02-24T16:58:40","slug":"bituminous-foundation-sealant","status":"publish","type":"product","link":"https:\/\/www.ferberpainting.com\/pl\/products\/bituminous-foundation-sealant\/","title":{"rendered":"Bitumiczny uszczelniacz fundament\u00f3w"},"content":{"rendered":"<p><img decoding=\"async\" style=\"margin-right: 12px;\" src=\"https:\/\/www.ferberpainting.com\/wp-content\/uploads\/2026\/02\/Check.svg\" alt=\"\" width=\"18\" height=\"15\" \/><strong>Optymalna ochrona przed wilgoci\u0105 i przenikaniem wody.<\/strong>\u00a0Ta bitumiczna pow\u0142oka zosta\u0142a specjalnie zaprojektowana w celu zapewnienia trwa\u0142ej hydroizolacji fundament\u00f3w i konstrukcji podziemnych. Tworzy wodoodporn\u0105 barier\u0119, kt\u00f3ra zapobiega przenikaniu wody przez \u015bciany, zmniejszaj\u0105c w ten spos\u00f3b ryzyko wilgoci, ple\u015bni i uszkodze\u0144 spowodowanych infiltracj\u0105. Chroni r\u00f3wnie\u017c przed sp\u0142ywaniem wody i podci\u0105ganiem kapilarnym, zapewniaj\u0105c d\u0142ugowieczno\u015b\u0107 konstrukcji.<\/p>\n<p><img decoding=\"async\" style=\"margin-right: 12px;\" src=\"https:\/\/www.ferberpainting.com\/wp-content\/uploads\/2026\/02\/Check.svg\" alt=\"\" width=\"18\" height=\"15\" \/><strong>Gwarancja zwrotu pieni\u0119dzy.<\/strong>\u00a0Mamy pe\u0142ne zaufanie do skuteczno\u015bci naszych bitumicznych pow\u0142ok hydroizolacyjnych. Dlatego oferujemy gwarancj\u0119 zwrotu pieni\u0119dzy. Je\u015bli produkt nie spe\u0142ni Twoich oczekiwa\u0144 po zastosowaniu zgodnie z zaleceniami, masz mo\u017cliwo\u015b\u0107 za\u017c\u0105dania zwrotu pieni\u0119dzy bez \u017cadnych warunk\u00f3w, zapewniaj\u0105c bezpieczny i wolny od ryzyka zakup.<\/p>\n<p><img decoding=\"async\" style=\"margin-right: 12px;\" src=\"https:\/\/www.ferberpainting.com\/wp-content\/uploads\/2026\/02\/Check.svg\" alt=\"\" width=\"18\" height=\"15\" \/><strong>Kompatybilny z szerok\u0105 gam\u0105 powierzchni.<\/strong>\u00a0Ta pow\u0142oka bitumiczna jest kompatybilna z betonem, cementem, zapraw\u0105 i ceg\u0142\u0105, oferuj\u0105c wszechstronne rozwi\u0105zanie do hydroizolacji fundament\u00f3w, piwnic, \u015bcian podziemnych i konstrukcji maj\u0105cych kontakt z gruntem. Mo\u017ce by\u0107 r\u00f3wnie\u017c stosowana na powierzchniach pionowych lub poziomych, na nowych lub odnawianych powierzchniach, bez konieczno\u015bci stosowania specjalnego podk\u0142adu zapewniaj\u0105cego dobr\u0105 przyczepno\u015b\u0107.<\/p>\n<p><img decoding=\"async\" style=\"margin-right: 12px;\" src=\"https:\/\/www.ferberpainting.com\/wp-content\/uploads\/2026\/02\/Check.svg\" alt=\"\" width=\"18\" height=\"15\" \/><strong>Ekonomiczno\u015b\u0107 i maksymalna wydajno\u015b\u0107.<\/strong>\u00a0Dzi\u0119ki skoncentrowanej formule, 10 kg pow\u0142oki bitumicznej mo\u017ce pokry\u0107 oko\u0142o 1 m\u00b2, w zale\u017cno\u015bci od ch\u0142onno\u015bci pod\u0142o\u017ca i zastosowanej grubo\u015bci. Jego doskona\u0142a si\u0142a krycia zapewnia skuteczn\u0105 ochron\u0119 przy zmniejszonym zu\u017cyciu, obni\u017caj\u0105c w ten spos\u00f3b ca\u0142kowity koszt prac przy jednoczesnym zagwarantowaniu wysokiej jako\u015bci hydroizolacji.<\/p>\n<p><img decoding=\"async\" style=\"margin-right: 12px;\" src=\"https:\/\/www.ferberpainting.com\/wp-content\/uploads\/2026\/02\/Check.svg\" alt=\"\" width=\"18\" height=\"15\" \/><strong>Produkt bezpieczny i nieszkodliwy dla u\u017cytkownika.<\/strong>\u00a0Pow\u0142oka ta nie zawiera agresywnych rozpuszczalnik\u00f3w, dzi\u0119ki czemu nie wydziela szkodliwych opar\u00f3w i mo\u017ce by\u0107 bezpiecznie stosowana nawet w zamkni\u0119tych pomieszczeniach. Nie wymaga specjalnego sprz\u0119tu ochronnego, cho\u0107 zaleca si\u0119 noszenie r\u0119kawic w celu unikni\u0119cia bezpo\u015bredniego kontaktu ze sk\u00f3r\u0105. Jest zgodna z obowi\u0105zuj\u0105cymi normami \u015brodowiskowymi, zapewniaj\u0105c bezpieczn\u0105 aplikacj\u0119 zar\u00f3wno dla u\u017cytkownika, jak i \u015brodowiska.<\/p>\n<p><img decoding=\"async\" style=\"margin-right: 12px;\" src=\"https:\/\/www.ferberpainting.com\/wp-content\/uploads\/2026\/02\/Check.svg\" alt=\"\" width=\"18\" height=\"15\" \/><strong>\u0141atwa aplikacja i szybkie wdro\u017cenie.<\/strong>\u00a0Ta bitumiczna pow\u0142oka jest gotowa do u\u017cycia i mo\u017ce by\u0107 \u0142atwo nak\u0142adana za pomoc\u0105 p\u0119dzla, wa\u0142ka lub szpachelki, bez konieczno\u015bci wcze\u015bniejszego mieszania. Jej p\u0142ynna konsystencja pozwala na jednorodne rozprowadzenie na powierzchni, unikaj\u0105c s\u0142abych punkt\u00f3w. Aplikacja jest prosta, nawet dla niedo\u015bwiadczonych u\u017cytkownik\u00f3w, zapewniaj\u0105c r\u00f3wnomierne pokrycie ju\u017c od pierwszej warstwy.<\/p>\n<p><img decoding=\"async\" style=\"margin-right: 12px;\" src=\"https:\/\/www.ferberpainting.com\/wp-content\/uploads\/2026\/02\/Check.svg\" alt=\"\" width=\"18\" height=\"15\" \/><strong>Wyj\u0105tkowa trwa\u0142o\u015b\u0107 zapewniaj\u0105ca d\u0142ugotrwa\u0142\u0105 ochron\u0119.<\/strong>\u00a0Po na\u0142o\u017ceniu i wyschni\u0119ciu ta bitumiczna pow\u0142oka zapewnia wysok\u0105 odporno\u015b\u0107 na warunki pogodowe, cykle zamra\u017cania\/rozmra\u017cania i agresj\u0119 chemiczn\u0105 obecn\u0105 w glebie. Utrzymuje swoje w\u0142a\u015bciwo\u015bci hydroizolacyjne przez kilka lat bez konieczno\u015bci specjalnej konserwacji, zapewniaj\u0105c skuteczn\u0105 i d\u0142ugotrwa\u0142\u0105 ochron\u0119 fundament\u00f3w i konstrukcji podziemnych.<\/p>\n<p><img decoding=\"async\" style=\"margin-right: 12px;\" src=\"https:\/\/www.ferberpainting.com\/wp-content\/uploads\/2026\/02\/Check.svg\" alt=\"\" width=\"18\" height=\"15\" \/><strong>Szybkie schni\u0119cie w celu przyspieszenia wdro\u017cenia.<\/strong>\u00a0Jego formu\u0142a pozwala na wyschni\u0119cie powierzchni w ci\u0105gu 3 do 6 godzin i ca\u0142kowite wyschni\u0119cie w ci\u0105gu 24 do 48 godzin, w zale\u017cno\u015bci od warunk\u00f3w.<\/p>\n<h2><strong>Protok\u00f3\u0142 u\u017cytkowania<\/strong><\/h2>\n<ul>\n<li><strong>Przygotowanie powierzchni <\/strong>: Dok\u0142adnie oczy\u015bci\u0107 powierzchni\u0119, kt\u00f3ra ma by\u0107 poddana obr\u00f3bce, usuwaj\u0105c kurz, brud, plamy t\u0142uszczu i wszelkie kruche pozosta\u0142o\u015bci. W przypadku bardzo ch\u0142onnych lub porowatych powierzchni zaleca si\u0119 lekkie zwil\u017cenie powierzchni przed aplikacj\u0105.<\/li>\n<li><strong>Zalecane dawkowanie <\/strong>: Na\u0142o\u017cy\u0107 10 kg pow\u0142oki bitumicznej na 1 m\u00b2, w zale\u017cno\u015bci od chropowato\u015bci i ch\u0142onno\u015bci powierzchni. Aby uzyska\u0107 lepsz\u0105 wodoodporno\u015b\u0107, nale\u017cy zaplanowa\u0107 dwie do trzech kolejnych warstw.<\/li>\n<li><strong>Nak\u0142adanie pow\u0142oki <\/strong>: Rozprowadzi\u0107 produkt za pomoc\u0105 wa\u0142ka, szerokiego p\u0119dzla lub szpachelki, upewniaj\u0105c si\u0119, \u017ce ca\u0142a powierzchnia jest r\u00f3wnomiernie pokryta. Nak\u0142ada\u0107 krzy\u017cuj\u0105cymi si\u0119 warstwami, aby zmaksymalizowa\u0107 przyczepno\u015b\u0107 i unikn\u0105\u0107 niezabezpieczonych obszar\u00f3w.<\/li>\n<li><strong>Czas schni\u0119cia mi\u0119dzy warstwami <\/strong>: Pozostawi\u0107 do wyschni\u0119cia na co najmniej 3 do 6 godzin przed na\u0142o\u017ceniem drugiej warstwy. Czas schni\u0119cia mo\u017ce si\u0119 r\u00f3\u017cni\u0107 w zale\u017cno\u015bci od temperatury i wilgotno\u015bci otoczenia.<\/li>\n<li><strong>Wyko\u0144czenie i dodatkowa ochrona <\/strong>: Po 24 do 48 godzinach od ca\u0142kowitego wyschni\u0119cia, powierzchni\u0119 poddan\u0105 obr\u00f3bce mo\u017cna pokry\u0107 dodatkow\u0105 pow\u0142ok\u0105, tak\u0105 jak pow\u0142oka ochronna, drena\u017c lub izolacja termiczna.<\/li>\n<li><strong>Czyszczenie narz\u0119dzi <\/strong>: Po u\u017cyciu nale\u017cy natychmiast wyczy\u015bci\u0107 narz\u0119dzia odpowiednim rozpuszczalnikiem lub ciep\u0142\u0105 wod\u0105 z myd\u0142em, zanim pow\u0142oka stwardnieje.<\/li>\n<\/ul>","protected":false},"excerpt":{"rendered":"<p>Optimal protection against humidity and water infiltration.\u00a0This bituminous coating is specially designed to ensure durable waterproofing of foundations and underground structures. It creates a waterproof barrier that prevents water from penetrating walls, thus reducing the risks of humidity, mold, and damage caused by infiltration. It also protects against runoff water and capillary rise, ensuring the [&hellip;]<\/p>\n","protected":false},"featured_media":164720,"comment_status":"open","ping_status":"closed","template":"","meta":{"_uag_custom_page_level_css":"","site-sidebar-layout":"default","site-content-layout":"","ast-site-content-layout":"default","site-content-style":"default","site-sidebar-style":"default","ast-global-header-display":"","ast-banner-title-visibility":"","ast-main-header-display":"","ast-hfb-above-header-display":"","ast-hfb-below-header-display":"","ast-hfb-mobile-header-display":"","site-post-title":"","ast-breadcrumbs-content":"","ast-featured-img":"","footer-sml-layout":"","ast-disable-related-posts":"","theme-transparent-header-meta":"default","adv-header-id-meta":"","stick-header-meta":"","header-above-stick-meta":"","header-main-stick-meta":"","header-below-stick-meta":"","astra-migrate-meta-layouts":"set","ast-page-background-enabled":"default","ast-page-background-meta":{"desktop":{"background-color":"var(--ast-global-color-4)","background-image":"","background-repeat":"repeat","background-position":"center center","background-size":"auto","background-attachment":"scroll","background-type":"","background-media":"","overlay-type":"","overlay-color":"","overlay-opacity":"","overlay-gradient":""},"tablet":{"background-color":"","background-image":"","background-repeat":"repeat","background-position":"center center","background-size":"auto","background-attachment":"scroll","background-type":"","background-media":"","overlay-type":"","overlay-color":"","overlay-opacity":"","overlay-gradient":""},"mobile":{"background-color":"","background-image":"","background-repeat":"repeat","background-position":"center center","background-size":"auto","background-attachment":"scroll","background-type":"","background-media":"","overlay-type":"","overlay-color":"","overlay-opacity":"","overlay-gradient":""}},"ast-content-background-meta":{"desktop":{"background-color":"var(--ast-global-color-5)","background-image":"","background-repeat":"repeat","background-position":"center center","background-size":"auto","background-attachment":"scroll","background-type":"","background-media":"","overlay-type":"","overlay-color":"","overlay-opacity":"","overlay-gradient":""},"tablet":{"background-color":"var(--ast-global-color-5)","background-image":"","background-repeat":"repeat","background-position":"center center","background-size":"auto","background-attachment":"scroll","background-type":"","background-media":"","overlay-type":"","overlay-color":"","overlay-opacity":"","overlay-gradient":""},"mobile":{"background-color":"var(--ast-global-color-5)","background-image":"","background-repeat":"repeat","background-position":"center center","background-size":"auto","background-attachment":"scroll","background-type":"","background-media":"","overlay-type":"","overlay-color":"","overlay-opacity":"","overlay-gradient":""}}},"product_brand":[],"product_cat":[192],"product_tag":[],"class_list":{"0":"post-23095","1":"product","2":"type-product","3":"status-publish","4":"has-post-thumbnail","6":"product_cat-waterproof-sealant","7":"desktop-align-left","8":"tablet-align-left","9":"mobile-align-left","11":"first","12":"instock","13":"sale","14":"shipping-taxable","15":"purchasable","16":"product-type-variable","17":"has-default-attributes"},"spectra_custom_meta":{"_visibility":["visible"],"_shopify_product_id":["9061074927861"],"_s2w_shopify_domain":["ferberpainting.myshopify.com"],"_shopify_variant_id":["46484461158645"],"_sku":["FPBITUMINOUSFOUNDATIONSEALANT"],"_manage_stock":["no"],"total_sales":["8"],"_tax_status":["taxable"],"_tax_class":[""],"_backorders":["no"],"_sold_individually":["no"],"_virtual":["no"],"_downloadable":["no"],"_download_limit":["-1"],"_download_expiry":["-1"],"_stock":[null],"_stock_status":["instock"],"_wc_average_rating":["4.57"],"_wc_review_count":["7"],"_product_attributes":["a:1:{s:6:\"volume\";a:6:{s:4:\"name\";s:6:\"Volume\";s:5:\"value\";s:13:\"10 kg | 40 kg\";s:8:\"position\";i:1;s:10:\"is_visible\";i:0;s:12:\"is_variation\";i:1;s:11:\"is_taxonomy\";i:0;}}"],"_product_version":["10.5.2"],"_thumbnail_id":["164720"],"_product_image_gallery":["164721"],"wpse_downloadable_file_names":[""],"wpse_downloadable_file_urls":[""],"_edit_last":["1"],"_edit_lock":["1771952180:1"],"_default_attributes":["a:1:{s:6:\"volume\";s:5:\"10 kg\";}"],"merchant-center-availability":["yes"],"merchant-center-category":["2282"],"_wp_page_template":["default"],"site-sidebar-layout":["default"],"ast-site-content-layout":["default"],"site-content-style":["default"],"site-sidebar-style":["default"],"theme-transparent-header-meta":["default"],"_wc_rating_count":["a:2:{i:4;i:3;i:5;i:4;}"],"_price":["29.90","99.90"],"astra-migrate-meta-layouts":["set"],"_uag_css_file_name":["uag-css-23095.css"],"_elementor_page_assets":["a:0:{}"],"_uag_page_assets":["a:9:{s:3:\"css\";s:6873:\".wp-block-uagb-image{display:flex}.wp-block-uagb-image__figure{position:relative;display:flex;flex-direction:column;max-width:100%;height:auto;margin:0}.wp-block-uagb-image__figure img{height:auto;display:flex;max-width:100%;transition:box-shadow .2s ease}.wp-block-uagb-image__figure>a{display:inline-block}.wp-block-uagb-image__figure figcaption{text-align:center;margin-top:.5em;margin-bottom:1em}.wp-block-uagb-image .components-placeholder.block-editor-media-placeholder .components-placeholder__instructions{align-self:center}.wp-block-uagb-image--align-left{text-align:left}.wp-block-uagb-image--align-right{text-align:right}.wp-block-uagb-image--align-center{text-align:center}.wp-block-uagb-image--align-full .wp-block-uagb-image__figure{margin-left:calc(50% - 50vw);margin-right:calc(50% - 50vw);max-width:100vw;width:100vw;height:auto}.wp-block-uagb-image--align-full .wp-block-uagb-image__figure img{height:auto;width:100% !important}.wp-block-uagb-image--align-wide .wp-block-uagb-image__figure img{height:auto;width:100%}.wp-block-uagb-image--layout-overlay__color-wrapper{position:absolute;left:0;top:0;right:0;bottom:0;opacity:.2;background:rgba(0,0,0,.5);transition:opacity .35s ease-in-out}.wp-block-uagb-image--layout-overlay-link{position:absolute;left:0;right:0;bottom:0;top:0}.wp-block-uagb-image--layout-overlay .wp-block-uagb-image__figure:hover .wp-block-uagb-image--layout-overlay__color-wrapper{opacity:1}.wp-block-uagb-image--layout-overlay__inner{position:absolute;left:15px;right:15px;bottom:15px;top:15px;display:flex;align-items:center;justify-content:center;flex-direction:column;border-color:#fff;transition:.35s ease-in-out}.wp-block-uagb-image--layout-overlay__inner.top-left,.wp-block-uagb-image--layout-overlay__inner.top-center,.wp-block-uagb-image--layout-overlay__inner.top-right{justify-content:flex-start}.wp-block-uagb-image--layout-overlay__inner.bottom-left,.wp-block-uagb-image--layout-overlay__inner.bottom-center,.wp-block-uagb-image--layout-overlay__inner.bottom-right{justify-content:flex-end}.wp-block-uagb-image--layout-overlay__inner.top-left,.wp-block-uagb-image--layout-overlay__inner.center-left,.wp-block-uagb-image--layout-overlay__inner.bottom-left{align-items:flex-start}.wp-block-uagb-image--layout-overlay__inner.top-right,.wp-block-uagb-image--layout-overlay__inner.center-right,.wp-block-uagb-image--layout-overlay__inner.bottom-right{align-items:flex-end}.wp-block-uagb-image--layout-overlay__inner .uagb-image-heading{color:#fff;transition:transform .35s,opacity .35s ease-in-out;transform:translate3d(0, 24px, 0);margin:0;line-height:1em}.wp-block-uagb-image--layout-overlay__inner .uagb-image-separator{width:30%;border-top-width:2px;border-top-color:#fff;border-top-style:solid;margin-bottom:10px;opacity:0;transition:transform .4s,opacity .4s ease-in-out;transform:translate3d(0, 30px, 0)}.wp-block-uagb-image--layout-overlay__inner .uagb-image-caption{opacity:0;overflow:visible;color:#fff;transition:transform .45s,opacity .45s ease-in-out;transform:translate3d(0, 35px, 0)}.wp-block-uagb-image--layout-overlay__inner:hover .uagb-image-heading,.wp-block-uagb-image--layout-overlay__inner:hover .uagb-image-separator,.wp-block-uagb-image--layout-overlay__inner:hover .uagb-image-caption{opacity:1;transform:translate3d(0, 0, 0)}.wp-block-uagb-image--effect-zoomin .wp-block-uagb-image__figure img,.wp-block-uagb-image--effect-zoomin .wp-block-uagb-image__figure .wp-block-uagb-image--layout-overlay__color-wrapper{transform:scale(1);transition:transform .35s ease-in-out}.wp-block-uagb-image--effect-zoomin .wp-block-uagb-image__figure:hover img,.wp-block-uagb-image--effect-zoomin .wp-block-uagb-image__figure:hover .wp-block-uagb-image--layout-overlay__color-wrapper{transform:scale(1.05)}.wp-block-uagb-image--effect-slide .wp-block-uagb-image__figure img,.wp-block-uagb-image--effect-slide .wp-block-uagb-image__figure .wp-block-uagb-image--layout-overlay__color-wrapper{width:calc(100% + 40px) !important;max-width:none !important;transform:translate3d(-40px, 0, 0);transition:transform .35s ease-in-out}.wp-block-uagb-image--effect-slide .wp-block-uagb-image__figure:hover img,.wp-block-uagb-image--effect-slide .wp-block-uagb-image__figure:hover .wp-block-uagb-image--layout-overlay__color-wrapper{transform:translate3d(0, 0, 0)}.wp-block-uagb-image--effect-grayscale img{filter:grayscale(0%);transition:.35s ease-in-out}.wp-block-uagb-image--effect-grayscale:hover img{filter:grayscale(100%)}.wp-block-uagb-image--effect-blur img{filter:blur(0);transition:.35s ease-in-out}.wp-block-uagb-image--effect-blur:hover img{filter:blur(3px)}.uagb-block-e6f939b3.wp-block-uagb-image--layout-default figure img{box-shadow: 0px 0px 0 #00000070;}.uagb-block-e6f939b3.wp-block-uagb-image .wp-block-uagb-image__figure figcaption{font-style: normal;align-self: center;}.uagb-block-e6f939b3.wp-block-uagb-image--layout-overlay figure img{box-shadow: 0px 0px 0 #00000070;}.uagb-block-e6f939b3.wp-block-uagb-image--layout-overlay .wp-block-uagb-image--layout-overlay__color-wrapper{opacity: 0.2;}.uagb-block-e6f939b3.wp-block-uagb-image--layout-overlay .wp-block-uagb-image--layout-overlay__inner{left: 15px;right: 15px;top: 15px;bottom: 15px;}.uagb-block-e6f939b3.wp-block-uagb-image--layout-overlay .wp-block-uagb-image--layout-overlay__inner .uagb-image-heading{font-style: normal;color: #fff;opacity: 1;}.uagb-block-e6f939b3.wp-block-uagb-image--layout-overlay .wp-block-uagb-image--layout-overlay__inner .uagb-image-heading a{color: #fff;}.uagb-block-e6f939b3.wp-block-uagb-image--layout-overlay .wp-block-uagb-image--layout-overlay__inner .uagb-image-caption{opacity: 0;}.uagb-block-e6f939b3.wp-block-uagb-image--layout-overlay .wp-block-uagb-image__figure:hover .wp-block-uagb-image--layout-overlay__color-wrapper{opacity: 1;}.uagb-block-e6f939b3.wp-block-uagb-image .wp-block-uagb-image--layout-overlay__inner .uagb-image-separator{width: 30%;border-top-width: 2px;border-top-color: #fff;opacity: 0;}.uagb-block-e6f939b3.wp-block-uagb-image .wp-block-uagb-image__figure img{width: px;height: auto;}.uagb-block-e6f939b3.wp-block-uagb-image .wp-block-uagb-image__figure:hover .wp-block-uagb-image--layout-overlay__inner .uagb-image-caption{opacity: 1;}.uagb-block-e6f939b3.wp-block-uagb-image .wp-block-uagb-image__figure:hover .wp-block-uagb-image--layout-overlay__inner .uagb-image-separator{opacity: 1;}.uagb-block-e6f939b3.wp-block-uagb-image--layout-default figure:hover img{box-shadow: 0px 0px 0 #00000070;}.uagb-block-e6f939b3.wp-block-uagb-image--layout-overlay figure:hover img{box-shadow: 0px 0px 0 #00000070;}@media only screen and (max-width: 976px) {.uagb-block-e6f939b3.wp-block-uagb-image .wp-block-uagb-image__figure img{width: px;height: auto;}}@media only screen and (max-width: 767px) {.uagb-block-e6f939b3.wp-block-uagb-image .wp-block-uagb-image__figure img{width: px;height: auto;}}\";s:2:\"js\";s:0:\"\";s:18:\"current_block_list\";a:13:{i:0;s:11:\"core\/search\";i:1;s:10:\"core\/group\";i:2;s:12:\"core\/heading\";i:3;s:17:\"core\/latest-posts\";i:4;s:20:\"core\/latest-comments\";i:5;s:13:\"core\/archives\";i:6;s:15:\"core\/categories\";i:7;s:14:\"core\/paragraph\";i:8;s:10:\"uagb\/image\";i:9;s:11:\"core\/spacer\";i:10;s:30:\"woocommerce\/product-categories\";i:11;s:10:\"core\/image\";i:12;s:14:\"core\/shortcode\";}s:8:\"uag_flag\";b:1;s:11:\"uag_version\";s:10:\"1776796228\";s:6:\"gfonts\";a:0:{}s:10:\"gfonts_url\";s:0:\"\";s:12:\"gfonts_files\";a:0:{}s:14:\"uag_faq_layout\";b:0;}"]},"uagb_featured_image_src":{"full":["https:\/\/www.ferberpainting.com\/wp-content\/uploads\/2025\/05\/Bituminous-Foundation-Sealant-10-KG-mockups.png",2560,2560,false],"thumbnail":["https:\/\/www.ferberpainting.com\/wp-content\/uploads\/2025\/05\/Bituminous-Foundation-Sealant-10-KG-mockups-150x150.png",150,150,true],"medium":["https:\/\/www.ferberpainting.com\/wp-content\/uploads\/2025\/05\/Bituminous-Foundation-Sealant-10-KG-mockups-300x300.png",300,300,true],"medium_large":["https:\/\/www.ferberpainting.com\/wp-content\/uploads\/2025\/05\/Bituminous-Foundation-Sealant-10-KG-mockups-768x768.png",768,768,true],"large":["https:\/\/www.ferberpainting.com\/wp-content\/uploads\/2025\/05\/Bituminous-Foundation-Sealant-10-KG-mockups-1024x1024.png",1024,1024,true],"1536x1536":["https:\/\/www.ferberpainting.com\/wp-content\/uploads\/2025\/05\/Bituminous-Foundation-Sealant-10-KG-mockups-1536x1536.png",1536,1536,true],"2048x2048":["https:\/\/www.ferberpainting.com\/wp-content\/uploads\/2025\/05\/Bituminous-Foundation-Sealant-10-KG-mockups-2048x2048.png",2048,2048,true],"trp-custom-language-flag":["https:\/\/www.ferberpainting.com\/wp-content\/uploads\/2025\/05\/Bituminous-Foundation-Sealant-10-KG-mockups-12x12.png",12,12,true],"woocommerce_thumbnail":["https:\/\/www.ferberpainting.com\/wp-content\/uploads\/2025\/05\/Bituminous-Foundation-Sealant-10-KG-mockups-300x300.png",300,300,true],"woocommerce_single":["https:\/\/www.ferberpainting.com\/wp-content\/uploads\/2025\/05\/Bituminous-Foundation-Sealant-10-KG-mockups-600x600.png",600,600,true],"woocommerce_gallery_thumbnail":["https:\/\/www.ferberpainting.com\/wp-content\/uploads\/2025\/05\/Bituminous-Foundation-Sealant-10-KG-mockups-100x100.png",100,100,true]},"uagb_author_info":{"display_name":"admin","author_link":"https:\/\/www.ferberpainting.com\/pl\/author\/"},"uagb_comment_info":7,"uagb_excerpt":"Optimal protection against humidity and water infiltration.\u00a0This bituminous coating is specially designed to ensure durable waterproofing of foundations and underground structures. It creates a waterproof barrier that prevents water from penetrating walls, thus reducing the risks of humidity, mold, and damage caused by infiltration. It also protects against runoff water and capillary rise, ensuring the&hellip;","_links":{"self":[{"href":"https:\/\/www.ferberpainting.com\/pl\/wp-json\/wp\/v2\/product\/23095","targetHints":{"allow":["GET"]}}],"collection":[{"href":"https:\/\/www.ferberpainting.com\/pl\/wp-json\/wp\/v2\/product"}],"about":[{"href":"https:\/\/www.ferberpainting.com\/pl\/wp-json\/wp\/v2\/types\/product"}],"replies":[{"embeddable":true,"href":"https:\/\/www.ferberpainting.com\/pl\/wp-json\/wp\/v2\/comments?post=23095"}],"version-history":[{"count":6,"href":"https:\/\/www.ferberpainting.com\/pl\/wp-json\/wp\/v2\/product\/23095\/revisions"}],"predecessor-version":[{"id":166040,"href":"https:\/\/www.ferberpainting.com\/pl\/wp-json\/wp\/v2\/product\/23095\/revisions\/166040"}],"wp:featuredmedia":[{"embeddable":true,"href":"https:\/\/www.ferberpainting.com\/pl\/wp-json\/wp\/v2\/media\/164720"}],"wp:attachment":[{"href":"https:\/\/www.ferberpainting.com\/pl\/wp-json\/wp\/v2\/media?parent=23095"}],"wp:term":[{"taxonomy":"product_brand","embeddable":true,"href":"https:\/\/www.ferberpainting.com\/pl\/wp-json\/wp\/v2\/product_brand?post=23095"},{"taxonomy":"product_cat","embeddable":true,"href":"https:\/\/www.ferberpainting.com\/pl\/wp-json\/wp\/v2\/product_cat?post=23095"},{"taxonomy":"product_tag","embeddable":true,"href":"https:\/\/www.ferberpainting.com\/pl\/wp-json\/wp\/v2\/product_tag?post=23095"}],"curies":[{"name":"wp","href":"https:\/\/api.w.org\/{rel}","templated":true}]}}