{"id":23083,"date":"2025-05-26T10:22:36","date_gmt":"2025-05-26T08:22:36","guid":{"rendered":"https:\/\/www.ferberpainting.com\/products\/banana-tree-fertilizer\/"},"modified":"2026-02-24T18:51:33","modified_gmt":"2026-02-24T17:51:33","slug":"banana-tree-fertilizer","status":"publish","type":"product","link":"https:\/\/www.ferberpainting.com\/pl\/products\/banana-tree-fertilizer\/","title":{"rendered":"Naw\u00f3z do bananowca"},"content":{"rendered":"<p><img decoding=\"async\" style=\"margin-right: 12px;\" src=\"https:\/\/www.ferberpainting.com\/wp-content\/uploads\/2026\/02\/Check.svg\" alt=\"\" width=\"18\" height=\"15\" \/><strong>Kompletny naw\u00f3z zapewniaj\u0105cy szybki wzrost i obfit\u0105 produkcj\u0119 banan\u00f3w. <\/strong>Ten naw\u00f3z do banan\u00f3w zosta\u0142 specjalnie opracowany, aby zaspokoi\u0107 specyficzne potrzeby tej tropikalnej ro\u015bliny, kt\u00f3ra jest wymagaj\u0105ca pod wzgl\u0119dem sk\u0142adnik\u00f3w od\u017cywczych. Dzi\u0119ki sk\u0142adowi NPK 15-15-15 oferuje zr\u00f3wnowa\u017con\u0105 poda\u017c azotu (N) w celu stymulowania szybkiego wzrostu li\u015bci, fosforu (P) w celu promowania silnego ukorzenienia i potasu (K) w celu poprawy owocowania i odporno\u015bci na choroby. W ten spos\u00f3b zapewnia energiczny rozw\u00f3j, g\u0119ste ulistnienie oraz produkcj\u0119 smacznych i aromatycznych owoc\u00f3w.<\/p>\n<p><img decoding=\"async\" style=\"margin-right: 12px;\" src=\"https:\/\/www.ferberpainting.com\/wp-content\/uploads\/2026\/02\/Check.svg\" alt=\"\" width=\"18\" height=\"15\" \/><strong>Gwarancja zwrotu pieni\u0119dzy.\u00a0<\/strong>Jeste\u015bmy tak pewni skuteczno\u015bci naszego nawozu do banan\u00f3w, \u017ce oferujemy gwarancj\u0119 zwrotu pieni\u0119dzy. Je\u015bli po zastosowaniu zgodnie z zaleceniami nie zauwa\u017cysz zauwa\u017calnej poprawy wzrostu, wigoru lub owocowania, zobowi\u0105zujemy si\u0119 do pe\u0142nego zwrotu pieni\u0119dzy, zapewniaj\u0105c bezpieczny i beztroski zakup.<\/p>\n<p><img decoding=\"async\" style=\"margin-right: 12px;\" src=\"https:\/\/www.ferberpainting.com\/wp-content\/uploads\/2026\/02\/Check.svg\" alt=\"\" width=\"18\" height=\"15\" \/><strong>Nadaje si\u0119 do wszystkich odmian bananowc\u00f3w i wszystkich warunk\u00f3w uprawy. <\/strong>Naw\u00f3z ten jest odpowiedni dla bananowc\u00f3w doniczkowych, gruntowych oraz odmian ozdobnych i owocuj\u0105cych, takich jak Musa basjoo, Musa acuminata i Musa paradisiaca. Jest skuteczny na wszystkich rodzajach gleby i promuje optymalny wzrost zar\u00f3wno w klimacie umiarkowanym, jak i tropikalnym, zapewniaj\u0105c odpowiednie nawo\u017cenie dostosowane do ka\u017cdego trybu uprawy.<\/p>\n<p><img decoding=\"async\" style=\"margin-right: 12px;\" src=\"https:\/\/www.ferberpainting.com\/wp-content\/uploads\/2026\/02\/Check.svg\" alt=\"\" width=\"18\" height=\"15\" \/><strong>Ekonomiczne i d\u0142ugotrwa\u0142e nawo\u017cenie. <\/strong>Dzi\u0119ki skoncentrowanej, p\u0142ynnej formule, 5L pojemnik mo\u017ce przygotowa\u0107 do 1000 litr\u00f3w roztworu nawozu, zapewniaj\u0105c d\u0142ugotrwa\u0142e i ekonomiczne nawo\u017cenie. Dawka 5 ml na litr wody zapewnia szybk\u0105 asymilacj\u0119 sk\u0142adnik\u00f3w od\u017cywczych i optymalne wykorzystanie przy jednoczesnym zmniejszeniu ilo\u015bci odpad\u00f3w.<\/p>\n<p><img decoding=\"async\" style=\"margin-right: 12px;\" src=\"https:\/\/www.ferberpainting.com\/wp-content\/uploads\/2026\/02\/Check.svg\" alt=\"\" width=\"18\" height=\"15\" \/><strong>Bezpieczny naw\u00f3z bez zagro\u017cenia dla \u015brodowiska. <\/strong>Naw\u00f3z zosta\u0142 opracowany bez u\u017cycia agresywnych chemikali\u00f3w, dzi\u0119ki czemu szanuje naturaln\u0105 r\u00f3wnowag\u0119 gleby i nie stanowi zagro\u017cenia dla plantacji, w\u00f3d gruntowych ani zwierz\u0105t domowych. Stymuluje korzystn\u0105 aktywno\u015b\u0107 drobnoustroj\u00f3w i poprawia struktur\u0119 pod\u0142o\u017ca, zapewniaj\u0105c lepsze zatrzymywanie sk\u0142adnik\u00f3w od\u017cywczych i wilgoci, co jest niezb\u0119dne w uprawie banan\u00f3w.<\/p>\n<p><img decoding=\"async\" style=\"margin-right: 12px;\" src=\"https:\/\/www.ferberpainting.com\/wp-content\/uploads\/2026\/02\/Check.svg\" alt=\"\" width=\"18\" height=\"15\" \/><strong>\u0141atwa aplikacja dla \u0142atwego nawo\u017cenia. <\/strong>Ten p\u0142ynny naw\u00f3z rozcie\u0144cza si\u0119 bezpo\u015brednio w wodzie do podlewania, zapewniaj\u0105c r\u00f3wnomierne i skuteczne nawo\u017cenie przy minimalnym wysi\u0142ku. Mo\u017ce by\u0107 stosowany przez podlewanie u podstawy ro\u015bliny lub jako oprysk dolistny, umo\u017cliwiaj\u0105c optymalne wch\u0142anianie sk\u0142adnik\u00f3w od\u017cywczych przez korzenie i li\u015bcie, zwi\u0119kszaj\u0105c wigor i produktywno\u015b\u0107 bananowc\u00f3w.<\/p>\n<p><img decoding=\"async\" style=\"margin-right: 12px;\" src=\"https:\/\/www.ferberpainting.com\/wp-content\/uploads\/2026\/02\/Check.svg\" alt=\"\" width=\"18\" height=\"15\" \/><strong>Zr\u00f3wnowa\u017cone dzia\u0142ania na rzecz przyspieszonego wzrostu i zwi\u0119kszonej produkcji. <\/strong>Dzi\u0119ki stopniowemu uwalnianiu sk\u0142adnik\u00f3w od\u017cywczych naw\u00f3z ten w zr\u00f3wnowa\u017cony spos\u00f3b od\u017cywia bananowce, stymuluj\u0105c szybki wzrost li\u015bci i \u0142odyg, jednocze\u015bnie promuj\u0105c obfite i ci\u0105g\u0142e owocowanie. Pomaga r\u00f3wnie\u017c wzmocni\u0107 odporno\u015b\u0107 na choroby, paso\u017cyty i stresy klimatyczne, takie jak wiatr i susza.<\/p>\n<p><img decoding=\"async\" style=\"margin-right: 12px;\" src=\"https:\/\/www.ferberpainting.com\/wp-content\/uploads\/2026\/02\/Check.svg\" alt=\"\" width=\"18\" height=\"15\" \/><strong>Widoczne rezultaty ju\u017c w pierwszych tygodniach. <\/strong>Ju\u017c od pierwszych aplikacji naw\u00f3z ten stymuluje wzrost nowych p\u0119d\u00f3w, poprawia g\u0119sto\u015b\u0107 li\u015bci i sprzyja tworzeniu wi\u0119kszych i liczniejszych gron owocowych. Pomaga r\u00f3wnie\u017c ro\u015blinie przygotowa\u0107 si\u0119 do fazy kwitnienia i owocowania, zapewniaj\u0105c obfite i wysokiej jako\u015bci zbiory.<\/p>\n<h2><strong>Protok\u00f3\u0142 u\u017cytkowania<\/strong><\/h2>\n<ul>\n<li><strong>Rozcie\u0144czanie nawozu :<\/strong> Wymiesza\u0107 5 ml nawozu na 1 litr wody. Dobrze wstrz\u0105sn\u0105\u0107 roztworem przed ka\u017cdym zastosowaniem, aby zapewni\u0107 r\u00f3wnomierne rozprowadzenie sk\u0142adnik\u00f3w od\u017cywczych.<\/li>\n<li><strong>Metoda aplikacji :<\/strong>\n<ul>\n<li><strong>Przez podlewanie:<\/strong> Wlej rozcie\u0144czony roztw\u00f3r bezpo\u015brednio u podstawy bananowca, upewniaj\u0105c si\u0119, \u017ce gleba jest r\u00f3wnomiernie nawil\u017cona bez nadmiaru wody, aby unikn\u0105\u0107 sp\u0142ywania.<\/li>\n<li><strong>Przez oprysk dolistny:<\/strong> Lekko spryskaj li\u015bcie roztworem, wcze\u015bnie rano lub p\u00f3\u017ano w ci\u0105gu dnia, aby unikn\u0105\u0107 szybkiego parowania i zmaksymalizowa\u0107 wch\u0142anianie.<\/li>\n<\/ul>\n<\/li>\n<li><strong>Cz\u0119stotliwo\u015b\u0107 u\u017cytkowania :<\/strong> Naw\u00f3z nale\u017cy stosowa\u0107 co dwa tygodnie w okresie wzrostu i kwitnienia (wiosna-lato) oraz raz w miesi\u0105cu w okresie spoczynku (jesie\u0144-zima), aby utrzyma\u0107 stabilny wzrost.<\/li>\n<li><strong>Uzupe\u0142niaj\u0105ce nawadnianie :<\/strong> Po zastosowaniu nawozu nale\u017cy odczeka\u0107 48 godzin przed ponownym podlaniem, aby zoptymalizowa\u0107 wch\u0142anianie sk\u0142adnik\u00f3w od\u017cywczych przez korzenie.<\/li>\n<li><strong>\u015arodki ostro\u017cno\u015bci dotycz\u0105ce u\u017cytkowania :<\/strong> Nie przedawkowa\u0107 nawozu, aby unikn\u0105\u0107 zaburzenia r\u00f3wnowagi wzrostu lub nadmiernego gromadzenia si\u0119 soli mineralnych w glebie. Stosowa\u0107 tylko na lekko wilgotn\u0105 gleb\u0119 w celu lepszej asymilacji.<\/li>\n<li><strong>Przechowywanie i konserwacja :<\/strong> Naw\u00f3z nale\u017cy przechowywa\u0107 w ch\u0142odnym, suchym miejscu, z dala od \u015bwiat\u0142a i wilgoci. Po ka\u017cdym u\u017cyciu szczelnie zamkn\u0105\u0107 pojemnik, aby zachowa\u0107 skuteczno\u015b\u0107 produktu i zapobiec parowaniu.<\/li>\n<\/ul>\n<p>Ten naw\u00f3z do banan\u00f3w zapewnia ro\u015blinom kompletne i zr\u00f3wnowa\u017cone od\u017cywianie, zach\u0119caj\u0105c do energicznego wzrostu, szybszego kwitnienia i obfitej, aromatycznej produkcji banan\u00f3w. Jest to idealne rozwi\u0105zanie zapewniaj\u0105ce zdrowe bananowce i wyj\u0105tkowe zbiory przez ca\u0142y rok.<\/p>","protected":false},"excerpt":{"rendered":"<p>A complete fertilizer for fast growth and abundant banana production. This banana fertilizer is specially formulated to meet the specific needs of this tropical plant, which is demanding in nutrients. Thanks to its NPK 15-15-15 composition, it offers a balanced supply of nitrogen (N) to stimulate rapid leaf growth, phosphorus (P) to promote strong rooting, [&hellip;]<\/p>\n","protected":false},"featured_media":25305,"comment_status":"open","ping_status":"closed","template":"","meta":{"_uag_custom_page_level_css":"","site-sidebar-layout":"default","site-content-layout":"","ast-site-content-layout":"default","site-content-style":"default","site-sidebar-style":"default","ast-global-header-display":"","ast-banner-title-visibility":"","ast-main-header-display":"","ast-hfb-above-header-display":"","ast-hfb-below-header-display":"","ast-hfb-mobile-header-display":"","site-post-title":"","ast-breadcrumbs-content":"","ast-featured-img":"","footer-sml-layout":"","ast-disable-related-posts":"","theme-transparent-header-meta":"default","adv-header-id-meta":"","stick-header-meta":"","header-above-stick-meta":"","header-main-stick-meta":"","header-below-stick-meta":"","astra-migrate-meta-layouts":"set","ast-page-background-enabled":"default","ast-page-background-meta":{"desktop":{"background-color":"var(--ast-global-color-4)","background-image":"","background-repeat":"repeat","background-position":"center center","background-size":"auto","background-attachment":"scroll","background-type":"","background-media":"","overlay-type":"","overlay-color":"","overlay-opacity":"","overlay-gradient":""},"tablet":{"background-color":"","background-image":"","background-repeat":"repeat","background-position":"center center","background-size":"auto","background-attachment":"scroll","background-type":"","background-media":"","overlay-type":"","overlay-color":"","overlay-opacity":"","overlay-gradient":""},"mobile":{"background-color":"","background-image":"","background-repeat":"repeat","background-position":"center center","background-size":"auto","background-attachment":"scroll","background-type":"","background-media":"","overlay-type":"","overlay-color":"","overlay-opacity":"","overlay-gradient":""}},"ast-content-background-meta":{"desktop":{"background-color":"var(--ast-global-color-5)","background-image":"","background-repeat":"repeat","background-position":"center center","background-size":"auto","background-attachment":"scroll","background-type":"","background-media":"","overlay-type":"","overlay-color":"","overlay-opacity":"","overlay-gradient":""},"tablet":{"background-color":"var(--ast-global-color-5)","background-image":"","background-repeat":"repeat","background-position":"center center","background-size":"auto","background-attachment":"scroll","background-type":"","background-media":"","overlay-type":"","overlay-color":"","overlay-opacity":"","overlay-gradient":""},"mobile":{"background-color":"var(--ast-global-color-5)","background-image":"","background-repeat":"repeat","background-position":"center center","background-size":"auto","background-attachment":"scroll","background-type":"","background-media":"","overlay-type":"","overlay-color":"","overlay-opacity":"","overlay-gradient":""}}},"product_brand":[],"product_cat":[178],"product_tag":[],"class_list":{"0":"post-23083","1":"product","2":"type-product","3":"status-publish","4":"has-post-thumbnail","6":"product_cat-fertilizers","7":"desktop-align-left","8":"tablet-align-left","9":"mobile-align-left","11":"first","12":"instock","13":"sale","14":"shipping-taxable","15":"purchasable","16":"product-type-variable","17":"has-default-attributes"},"spectra_custom_meta":{"_visibility":["visible"],"_shopify_product_id":["9066079977717"],"_s2w_shopify_domain":["ferberpainting.myshopify.com"],"_shopify_variant_id":["46501631459573"],"_sku":["FPBANANATREEFERTILIZER"],"_manage_stock":["no"],"total_sales":["111"],"_tax_status":["taxable"],"_tax_class":[""],"_backorders":["no"],"_sold_individually":["no"],"_virtual":["no"],"_downloadable":["no"],"_download_limit":["-1"],"_download_expiry":["-1"],"_stock":[null],"_stock_status":["instock"],"_wc_average_rating":["5.00"],"_wc_review_count":["5"],"_product_attributes":["a:1:{s:6:\"volume\";a:6:{s:4:\"name\";s:6:\"Volume\";s:5:\"value\";s:20:\"5 liters | 25 liters\";s:8:\"position\";i:1;s:10:\"is_visible\";i:0;s:12:\"is_variation\";i:1;s:11:\"is_taxonomy\";i:0;}}"],"_product_version":["10.5.2"],"_thumbnail_id":["25305"],"_product_image_gallery":["25335"],"wpse_downloadable_file_names":[""],"wpse_downloadable_file_urls":[""],"_edit_last":["1"],"_default_attributes":["a:1:{s:6:\"volume\";s:8:\"5 liters\";}"],"_wc_rating_count":["a:1:{i:5;i:5;}"],"_edit_lock":["1772569275:1"],"merchant-center-availability":["yes"],"merchant-center-category":["113"],"_wp_page_template":["default"],"site-sidebar-layout":["default"],"ast-site-content-layout":["default"],"site-content-style":["default"],"site-sidebar-style":["default"],"theme-transparent-header-meta":["default"],"_price":["29.90","129.90"],"astra-migrate-meta-layouts":["set"],"_uag_css_file_name":["uag-css-23083.css"],"_elementor_page_assets":["a:0:{}"],"_uag_page_assets":["a:9:{s:3:\"css\";s:6873:\".wp-block-uagb-image{display:flex}.wp-block-uagb-image__figure{position:relative;display:flex;flex-direction:column;max-width:100%;height:auto;margin:0}.wp-block-uagb-image__figure img{height:auto;display:flex;max-width:100%;transition:box-shadow .2s ease}.wp-block-uagb-image__figure>a{display:inline-block}.wp-block-uagb-image__figure figcaption{text-align:center;margin-top:.5em;margin-bottom:1em}.wp-block-uagb-image .components-placeholder.block-editor-media-placeholder .components-placeholder__instructions{align-self:center}.wp-block-uagb-image--align-left{text-align:left}.wp-block-uagb-image--align-right{text-align:right}.wp-block-uagb-image--align-center{text-align:center}.wp-block-uagb-image--align-full .wp-block-uagb-image__figure{margin-left:calc(50% - 50vw);margin-right:calc(50% - 50vw);max-width:100vw;width:100vw;height:auto}.wp-block-uagb-image--align-full .wp-block-uagb-image__figure img{height:auto;width:100% !important}.wp-block-uagb-image--align-wide .wp-block-uagb-image__figure img{height:auto;width:100%}.wp-block-uagb-image--layout-overlay__color-wrapper{position:absolute;left:0;top:0;right:0;bottom:0;opacity:.2;background:rgba(0,0,0,.5);transition:opacity .35s ease-in-out}.wp-block-uagb-image--layout-overlay-link{position:absolute;left:0;right:0;bottom:0;top:0}.wp-block-uagb-image--layout-overlay .wp-block-uagb-image__figure:hover .wp-block-uagb-image--layout-overlay__color-wrapper{opacity:1}.wp-block-uagb-image--layout-overlay__inner{position:absolute;left:15px;right:15px;bottom:15px;top:15px;display:flex;align-items:center;justify-content:center;flex-direction:column;border-color:#fff;transition:.35s ease-in-out}.wp-block-uagb-image--layout-overlay__inner.top-left,.wp-block-uagb-image--layout-overlay__inner.top-center,.wp-block-uagb-image--layout-overlay__inner.top-right{justify-content:flex-start}.wp-block-uagb-image--layout-overlay__inner.bottom-left,.wp-block-uagb-image--layout-overlay__inner.bottom-center,.wp-block-uagb-image--layout-overlay__inner.bottom-right{justify-content:flex-end}.wp-block-uagb-image--layout-overlay__inner.top-left,.wp-block-uagb-image--layout-overlay__inner.center-left,.wp-block-uagb-image--layout-overlay__inner.bottom-left{align-items:flex-start}.wp-block-uagb-image--layout-overlay__inner.top-right,.wp-block-uagb-image--layout-overlay__inner.center-right,.wp-block-uagb-image--layout-overlay__inner.bottom-right{align-items:flex-end}.wp-block-uagb-image--layout-overlay__inner .uagb-image-heading{color:#fff;transition:transform .35s,opacity .35s ease-in-out;transform:translate3d(0, 24px, 0);margin:0;line-height:1em}.wp-block-uagb-image--layout-overlay__inner .uagb-image-separator{width:30%;border-top-width:2px;border-top-color:#fff;border-top-style:solid;margin-bottom:10px;opacity:0;transition:transform .4s,opacity .4s ease-in-out;transform:translate3d(0, 30px, 0)}.wp-block-uagb-image--layout-overlay__inner .uagb-image-caption{opacity:0;overflow:visible;color:#fff;transition:transform .45s,opacity .45s ease-in-out;transform:translate3d(0, 35px, 0)}.wp-block-uagb-image--layout-overlay__inner:hover .uagb-image-heading,.wp-block-uagb-image--layout-overlay__inner:hover .uagb-image-separator,.wp-block-uagb-image--layout-overlay__inner:hover .uagb-image-caption{opacity:1;transform:translate3d(0, 0, 0)}.wp-block-uagb-image--effect-zoomin .wp-block-uagb-image__figure img,.wp-block-uagb-image--effect-zoomin .wp-block-uagb-image__figure .wp-block-uagb-image--layout-overlay__color-wrapper{transform:scale(1);transition:transform .35s ease-in-out}.wp-block-uagb-image--effect-zoomin .wp-block-uagb-image__figure:hover img,.wp-block-uagb-image--effect-zoomin .wp-block-uagb-image__figure:hover .wp-block-uagb-image--layout-overlay__color-wrapper{transform:scale(1.05)}.wp-block-uagb-image--effect-slide .wp-block-uagb-image__figure img,.wp-block-uagb-image--effect-slide .wp-block-uagb-image__figure .wp-block-uagb-image--layout-overlay__color-wrapper{width:calc(100% + 40px) !important;max-width:none !important;transform:translate3d(-40px, 0, 0);transition:transform .35s ease-in-out}.wp-block-uagb-image--effect-slide .wp-block-uagb-image__figure:hover img,.wp-block-uagb-image--effect-slide .wp-block-uagb-image__figure:hover .wp-block-uagb-image--layout-overlay__color-wrapper{transform:translate3d(0, 0, 0)}.wp-block-uagb-image--effect-grayscale img{filter:grayscale(0%);transition:.35s ease-in-out}.wp-block-uagb-image--effect-grayscale:hover img{filter:grayscale(100%)}.wp-block-uagb-image--effect-blur img{filter:blur(0);transition:.35s ease-in-out}.wp-block-uagb-image--effect-blur:hover img{filter:blur(3px)}.uagb-block-e6f939b3.wp-block-uagb-image--layout-default figure img{box-shadow: 0px 0px 0 #00000070;}.uagb-block-e6f939b3.wp-block-uagb-image .wp-block-uagb-image__figure figcaption{font-style: normal;align-self: center;}.uagb-block-e6f939b3.wp-block-uagb-image--layout-overlay figure img{box-shadow: 0px 0px 0 #00000070;}.uagb-block-e6f939b3.wp-block-uagb-image--layout-overlay .wp-block-uagb-image--layout-overlay__color-wrapper{opacity: 0.2;}.uagb-block-e6f939b3.wp-block-uagb-image--layout-overlay .wp-block-uagb-image--layout-overlay__inner{left: 15px;right: 15px;top: 15px;bottom: 15px;}.uagb-block-e6f939b3.wp-block-uagb-image--layout-overlay .wp-block-uagb-image--layout-overlay__inner .uagb-image-heading{font-style: normal;color: #fff;opacity: 1;}.uagb-block-e6f939b3.wp-block-uagb-image--layout-overlay .wp-block-uagb-image--layout-overlay__inner .uagb-image-heading a{color: #fff;}.uagb-block-e6f939b3.wp-block-uagb-image--layout-overlay .wp-block-uagb-image--layout-overlay__inner .uagb-image-caption{opacity: 0;}.uagb-block-e6f939b3.wp-block-uagb-image--layout-overlay .wp-block-uagb-image__figure:hover .wp-block-uagb-image--layout-overlay__color-wrapper{opacity: 1;}.uagb-block-e6f939b3.wp-block-uagb-image .wp-block-uagb-image--layout-overlay__inner .uagb-image-separator{width: 30%;border-top-width: 2px;border-top-color: #fff;opacity: 0;}.uagb-block-e6f939b3.wp-block-uagb-image .wp-block-uagb-image__figure img{width: px;height: auto;}.uagb-block-e6f939b3.wp-block-uagb-image .wp-block-uagb-image__figure:hover .wp-block-uagb-image--layout-overlay__inner .uagb-image-caption{opacity: 1;}.uagb-block-e6f939b3.wp-block-uagb-image .wp-block-uagb-image__figure:hover .wp-block-uagb-image--layout-overlay__inner .uagb-image-separator{opacity: 1;}.uagb-block-e6f939b3.wp-block-uagb-image--layout-default figure:hover img{box-shadow: 0px 0px 0 #00000070;}.uagb-block-e6f939b3.wp-block-uagb-image--layout-overlay figure:hover img{box-shadow: 0px 0px 0 #00000070;}@media only screen and (max-width: 976px) {.uagb-block-e6f939b3.wp-block-uagb-image .wp-block-uagb-image__figure img{width: px;height: auto;}}@media only screen and (max-width: 767px) {.uagb-block-e6f939b3.wp-block-uagb-image .wp-block-uagb-image__figure img{width: px;height: auto;}}\";s:2:\"js\";s:0:\"\";s:18:\"current_block_list\";a:13:{i:0;s:11:\"core\/search\";i:1;s:10:\"core\/group\";i:2;s:12:\"core\/heading\";i:3;s:17:\"core\/latest-posts\";i:4;s:20:\"core\/latest-comments\";i:5;s:13:\"core\/archives\";i:6;s:15:\"core\/categories\";i:7;s:14:\"core\/paragraph\";i:8;s:10:\"uagb\/image\";i:9;s:11:\"core\/spacer\";i:10;s:30:\"woocommerce\/product-categories\";i:11;s:10:\"core\/image\";i:12;s:14:\"core\/shortcode\";}s:8:\"uag_flag\";b:1;s:11:\"uag_version\";s:10:\"1777100775\";s:6:\"gfonts\";a:0:{}s:10:\"gfonts_url\";s:0:\"\";s:12:\"gfonts_files\";a:0:{}s:14:\"uag_faq_layout\";b:0;}"]},"uagb_featured_image_src":{"full":["https:\/\/www.ferberpainting.com\/wp-content\/uploads\/2025\/05\/BananaTreeFertilizer5L.png",2560,2560,false],"thumbnail":["https:\/\/www.ferberpainting.com\/wp-content\/uploads\/2025\/05\/BananaTreeFertilizer5L-150x150.png",150,150,true],"medium":["https:\/\/www.ferberpainting.com\/wp-content\/uploads\/2025\/05\/BananaTreeFertilizer5L-300x300.png",300,300,true],"medium_large":["https:\/\/www.ferberpainting.com\/wp-content\/uploads\/2025\/05\/BananaTreeFertilizer5L-768x768.png",768,768,true],"large":["https:\/\/www.ferberpainting.com\/wp-content\/uploads\/2025\/05\/BananaTreeFertilizer5L-1024x1024.png",1024,1024,true],"1536x1536":["https:\/\/www.ferberpainting.com\/wp-content\/uploads\/2025\/05\/BananaTreeFertilizer5L-1536x1536.png",1536,1536,true],"2048x2048":["https:\/\/www.ferberpainting.com\/wp-content\/uploads\/2025\/05\/BananaTreeFertilizer5L-2048x2048.png",2048,2048,true],"trp-custom-language-flag":["https:\/\/www.ferberpainting.com\/wp-content\/uploads\/2025\/05\/BananaTreeFertilizer5L-12x12.png",12,12,true],"woocommerce_thumbnail":["https:\/\/www.ferberpainting.com\/wp-content\/uploads\/2025\/05\/BananaTreeFertilizer5L-300x300.png",300,300,true],"woocommerce_single":["https:\/\/www.ferberpainting.com\/wp-content\/uploads\/2025\/05\/BananaTreeFertilizer5L-600x600.png",600,600,true],"woocommerce_gallery_thumbnail":["https:\/\/www.ferberpainting.com\/wp-content\/uploads\/2025\/05\/BananaTreeFertilizer5L-100x100.png",100,100,true]},"uagb_author_info":{"display_name":"admin","author_link":"https:\/\/www.ferberpainting.com\/pl\/author\/"},"uagb_comment_info":5,"uagb_excerpt":"A complete fertilizer for fast growth and abundant banana production. This banana fertilizer is specially formulated to meet the specific needs of this tropical plant, which is demanding in nutrients. Thanks to its NPK 15-15-15 composition, it offers a balanced supply of nitrogen (N) to stimulate rapid leaf growth, phosphorus (P) to promote strong rooting,&hellip;","_links":{"self":[{"href":"https:\/\/www.ferberpainting.com\/pl\/wp-json\/wp\/v2\/product\/23083","targetHints":{"allow":["GET"]}}],"collection":[{"href":"https:\/\/www.ferberpainting.com\/pl\/wp-json\/wp\/v2\/product"}],"about":[{"href":"https:\/\/www.ferberpainting.com\/pl\/wp-json\/wp\/v2\/types\/product"}],"replies":[{"embeddable":true,"href":"https:\/\/www.ferberpainting.com\/pl\/wp-json\/wp\/v2\/comments?post=23083"}],"version-history":[{"count":5,"href":"https:\/\/www.ferberpainting.com\/pl\/wp-json\/wp\/v2\/product\/23083\/revisions"}],"predecessor-version":[{"id":166033,"href":"https:\/\/www.ferberpainting.com\/pl\/wp-json\/wp\/v2\/product\/23083\/revisions\/166033"}],"wp:featuredmedia":[{"embeddable":true,"href":"https:\/\/www.ferberpainting.com\/pl\/wp-json\/wp\/v2\/media\/25305"}],"wp:attachment":[{"href":"https:\/\/www.ferberpainting.com\/pl\/wp-json\/wp\/v2\/media?parent=23083"}],"wp:term":[{"taxonomy":"product_brand","embeddable":true,"href":"https:\/\/www.ferberpainting.com\/pl\/wp-json\/wp\/v2\/product_brand?post=23083"},{"taxonomy":"product_cat","embeddable":true,"href":"https:\/\/www.ferberpainting.com\/pl\/wp-json\/wp\/v2\/product_cat?post=23083"},{"taxonomy":"product_tag","embeddable":true,"href":"https:\/\/www.ferberpainting.com\/pl\/wp-json\/wp\/v2\/product_tag?post=23083"}],"curies":[{"name":"wp","href":"https:\/\/api.w.org\/{rel}","templated":true}]}}