{"id":23073,"date":"2025-05-26T10:22:31","date_gmt":"2025-05-26T08:22:31","guid":{"rendered":"https:\/\/www.ferberpainting.com\/products\/asphalt-crack-filler\/"},"modified":"2026-02-24T17:52:39","modified_gmt":"2026-02-24T16:52:39","slug":"asphalt-crack-filler","status":"publish","type":"product","link":"https:\/\/www.ferberpainting.com\/pl\/products\/asphalt-crack-filler\/","title":{"rendered":"Wype\u0142niacz p\u0119kni\u0119\u0107 asfaltu"},"content":{"rendered":"<p><img decoding=\"async\" style=\"margin-right: 12px;\" src=\"https:\/\/www.ferberpainting.com\/wp-content\/uploads\/2026\/02\/Check.svg\" alt=\"\" width=\"18\" height=\"15\" \/><strong>Szybko i trwale naprawiaj p\u0119kni\u0119cia asfaltu za pomoc\u0105 gotowej do u\u017cycia technologii zimnego asfaltu.<\/strong> Nasz wype\u0142niacz p\u0119kni\u0119\u0107 asfaltu to wysokowydajne rozwi\u0105zanie do asfaltu na zimno przeznaczone do naprawy p\u0119kni\u0119\u0107, dziur i uszkodze\u0144 powierzchni bez konieczno\u015bci podgrzewania lub stosowania specjalistycznego sprz\u0119tu. Jest gotowy do u\u017cycia prosto z opakowania, umo\u017cliwiaj\u0105c szybk\u0105 i skuteczn\u0105 napraw\u0119 uszkodzonych powierzchni asfaltowych. Niezale\u017cnie od tego, czy chodzi o podjazdy, parkingi, drogi czy \u015bcie\u017cki, ten wype\u0142niacz do asfaltu na zimno zapewnia trwa\u0142e i profesjonalne rezultaty przy minimalnym wysi\u0142ku.<\/p>\n<p><strong><img decoding=\"async\" style=\"margin-right: 12px;\" src=\"https:\/\/www.ferberpainting.com\/wp-content\/uploads\/2026\/02\/Check.svg\" alt=\"\" width=\"18\" height=\"15\" \/>Najskuteczniejsze dost\u0119pne rozwi\u0105zanie do naprawy p\u0119kni\u0119\u0107 asfaltu na zimno.<\/strong> Zaprojektowana z my\u015bl\u0105 o maksymalnej przyczepno\u015bci i d\u0142ugotrwa\u0142ej wydajno\u015bci, nasza formu\u0142a penetruje p\u0119kni\u0119cia i silnie wi\u0105\u017ce si\u0119 z istniej\u0105cymi powierzchniami asfaltowymi. \u0141atwo si\u0119 zag\u0119szcza i tworzy solidn\u0105, odporn\u0105 na warunki atmosferyczne napraw\u0119, kt\u00f3ra wytrzymuje ruch pojazd\u00f3w i obci\u0105\u017cenia \u015brodowiskowe. W por\u00f3wnaniu do tymczasowych mas naprawczych, produkt ten oferuje doskona\u0142\u0105 trwa\u0142o\u015b\u0107 i stabilno\u015b\u0107 strukturaln\u0105.<\/p>\n<p><strong><img decoding=\"async\" style=\"margin-right: 12px;\" src=\"https:\/\/www.ferberpainting.com\/wp-content\/uploads\/2026\/02\/Check.svg\" alt=\"\" width=\"18\" height=\"15\" \/>Gwarancja zwrotu pieni\u0119dzy dla ca\u0142kowitego spokoju ducha.<\/strong> Jeste\u015bmy przekonani o niezawodno\u015bci i skuteczno\u015bci naszych wype\u0142niaczy p\u0119kni\u0119\u0107 asfaltu. Je\u015bli nie b\u0119dziesz w pe\u0142ni zadowolony z rezultat\u00f3w, oferujemy pe\u0142ny zwrot pieni\u0119dzy. Nasza gwarancja zwrotu pieni\u0119dzy zapewnia, \u017ce zakup jest ca\u0142kowicie wolny od ryzyka i \u015bwiadczy o naszym zaanga\u017cowaniu w zapewnianie profesjonalnej wydajno\u015bci.<\/p>\n<p><strong><img decoding=\"async\" style=\"margin-right: 12px;\" src=\"https:\/\/www.ferberpainting.com\/wp-content\/uploads\/2026\/02\/Check.svg\" alt=\"\" width=\"18\" height=\"15\" \/>Najta\u0144sze profesjonalne rozwi\u0105zanie do zimnego asfaltu na rynku.<\/strong> Naprawy asfaltu nie musz\u0105 by\u0107 drogie ani wymaga\u0107 kosztownych wykonawc\u00f3w. Nasz wype\u0142niacz do asfaltu na zimno zapewnia wyj\u0105tkow\u0105 jako\u015b\u0107 w najbardziej konkurencyjnej cenie. Pozwala na samodzielne wykonanie trwa\u0142ych napraw, jednocze\u015bnie znacznie oszcz\u0119dzaj\u0105c w por\u00f3wnaniu z profesjonalnymi us\u0142ugami odnawiania nawierzchni lub gor\u0105cego asfaltu.<\/p>\n<p><strong><img decoding=\"async\" style=\"margin-right: 12px;\" src=\"https:\/\/www.ferberpainting.com\/wp-content\/uploads\/2026\/02\/Check.svg\" alt=\"\" width=\"18\" height=\"15\" \/>Szybka 24-godzinna dostawa w przypadku pilnych napraw.<\/strong> Nieleczone p\u0119kni\u0119cia powierzchniowe mog\u0105 szybko si\u0119 pog\u0142\u0119bi\u0107. Dlatego te\u017c oferujemy niezawodn\u0105 24-godzinn\u0105 dostaw\u0119, zapewniaj\u0105c szybk\u0105 dostaw\u0119 wype\u0142niacza do zimnego asfaltu i mo\u017cliwo\u015b\u0107 usuni\u0119cia uszkodze\u0144, zanim si\u0119 rozszerz\u0105. Szybka wysy\u0142ka pomaga zapobiega\u0107 dalszemu pogarszaniu si\u0119 stanu nawierzchni i kosztownym naprawom.<\/p>\n<p><strong><img decoding=\"async\" style=\"margin-right: 12px;\" src=\"https:\/\/www.ferberpainting.com\/wp-content\/uploads\/2026\/02\/Check.svg\" alt=\"\" width=\"18\" height=\"15\" \/>Nie wymaga podgrzewania dla bezpiecznego i prostego u\u017cytkowania.<\/strong> W przeciwie\u0144stwie do tradycyjnego gor\u0105cego asfaltu, ten zimny asfalt nie wymaga palnik\u00f3w, kot\u0142\u00f3w ani specjalistycznego sprz\u0119tu grzewczego. Mo\u017cna go nak\u0142ada\u0107 bezpo\u015brednio w temperaturze otoczenia, co znacznie zmniejsza ryzyko zwi\u0105zane z bezpiecze\u0144stwem i upraszcza proces naprawy. Dzi\u0119ki temu jest to idealne rozwi\u0105zanie zar\u00f3wno dla w\u0142a\u015bcicieli dom\u00f3w, zespo\u0142\u00f3w konserwacyjnych, jak i wykonawc\u00f3w.<\/p>\n<p><strong><img decoding=\"async\" style=\"margin-right: 12px;\" src=\"https:\/\/www.ferberpainting.com\/wp-content\/uploads\/2026\/02\/Check.svg\" alt=\"\" width=\"18\" height=\"15\" \/>Odporne na warunki atmosferyczne i trwa\u0142e wyko\u0144czenie.<\/strong> Po zag\u0119szczeniu wype\u0142niacz tworzy spr\u0119\u017cyst\u0105 warstw\u0119 naprawcz\u0105, kt\u00f3ra jest odporna na deszcz, przenikanie wilgoci i wahania temperatury. Utrzymuje elastyczno\u015b\u0107, zapewniaj\u0105c jednocze\u015bnie wytrzyma\u0142o\u015b\u0107, pomagaj\u0105c zapobiega\u0107 przenikaniu wody, kt\u00f3ra mog\u0142aby powodowa\u0107 dalsze p\u0119kanie lub uszkodzenia strukturalne.<\/p>\n<p><strong><img decoding=\"async\" style=\"margin-right: 12px;\" src=\"https:\/\/www.ferberpainting.com\/wp-content\/uploads\/2026\/02\/Check.svg\" alt=\"\" width=\"18\" height=\"15\" \/>Nadaje si\u0119 do wielu nawierzchni asfaltowych.<\/strong> Ten wype\u0142niacz do asfaltu na zimno jest idealny do naprawy p\u0119kni\u0119\u0107, dziur i uszkodze\u0144 powierzchni na podjazdach, parkingach, drogach prywatnych, chodnikach i placach przemys\u0142owych. Jego wszechstronno\u015b\u0107 sprawia, \u017ce nadaje si\u0119 zar\u00f3wno do zastosowa\u0144 domowych, jak i komercyjnych.<\/p>\n<p><strong><img decoding=\"async\" style=\"margin-right: 12px;\" src=\"https:\/\/www.ferberpainting.com\/wp-content\/uploads\/2026\/02\/Check.svg\" alt=\"\" width=\"18\" height=\"15\" \/>Silna przyczepno\u015b\u0107 i d\u0142ugotrwa\u0142e wsparcie strukturalne.<\/strong> Zaawansowane w\u0142a\u015bciwo\u015bci wi\u0105\u017c\u0105ce zapewniaj\u0105 siln\u0105 integracj\u0119 z istniej\u0105cym asfaltem. Prawid\u0142owo zag\u0119szczone naprawy mog\u0105 wytrzyma\u0107 obci\u0105\u017cenia pojazd\u00f3w i codzienne zu\u017cycie, przywracaj\u0105c stabilno\u015b\u0107 powierzchni i poprawiaj\u0105c bezpiecze\u0144stwo poprzez wyeliminowanie ryzyka potkni\u0119cia si\u0119 i nier\u00f3wno\u015bci.<\/p>\n<h2><strong>Instrukcje<\/strong><\/h2>\n<ul>\n<li>Przed aplikacj\u0105 nale\u017cy upewni\u0107 si\u0119, \u017ce uszkodzony obszar jest czysty i wolny od lu\u017anych zanieczyszcze\u0144, kurzu, stoj\u0105cej wody lub ro\u015blinno\u015bci.<\/li>\n<li>Usu\u0144 lu\u017ane fragmenty asfaltu za pomoc\u0105 szczotki lub spr\u0119\u017conego powietrza, aby stworzy\u0107 stabiln\u0105 podstaw\u0119 naprawy.<\/li>\n<li>W przypadku g\u0142\u0119bszych p\u0119kni\u0119\u0107 lub dziur, przed wype\u0142nieniem nale\u017cy upewni\u0107 si\u0119, \u017ce obszar jest suchy i strukturalnie zdrowy.<\/li>\n<li>Wla\u0107 lub umie\u015bci\u0107 wype\u0142niacz asfaltowy na zimno bezpo\u015brednio w p\u0119kni\u0119ciu lub uszkodzonej cz\u0119\u015bci.<\/li>\n<li>Nieznacznie przepe\u0142ni\u0107 obszar naprawy, aby umo\u017cliwi\u0107 prawid\u0142owe zag\u0119szczenie i osiadanie.<\/li>\n<li>Dok\u0142adnie ubi\u0107 materia\u0142 za pomoc\u0105 ubijaka r\u0119cznego, wa\u0142ka lub p\u0142askiej powierzchni odpowiedniego narz\u0119dzia, a\u017c powierzchnia b\u0119dzie r\u00f3wna i mocno zag\u0119szczona.<\/li>\n<li>W przypadku obszar\u00f3w dost\u0119pnych dla pojazd\u00f3w, dodatkowe zag\u0119szczenie mo\u017cna uzyska\u0107, pozwalaj\u0105c na lekki ruch po naprawie po osi\u0105gni\u0119ciu wst\u0119pnej stabilizacji.<\/li>\n<li>Naprawa mo\u017ce by\u0107 zazwyczaj otwarta dla ruchu wkr\u00f3tce po zag\u0119szczeniu, w zale\u017cno\u015bci od warunk\u00f3w \u015brodowiskowych i g\u0142\u0119boko\u015bci aplikacji.<\/li>\n<li>Unikaj aplikacji podczas ulewnego deszczu lub gdy pod\u0142o\u017ce jest nadmiernie mokre, aby zapewni\u0107 odpowiedni\u0105 przyczepno\u015b\u0107.<\/li>\n<li>Niewykorzystany materia\u0142 nale\u017cy przechowywa\u0107 w szczelnie zamkni\u0119tym pojemniku w ch\u0142odnym i suchym miejscu, aby zachowa\u0107 jako\u015b\u0107 produktu.<\/li>\n<\/ul>\n<p>&nbsp;<\/p>","protected":false},"excerpt":{"rendered":"<p>Repair asphalt cracks quickly and permanently with ready-to-use cold asphalt technology. Our asphalt crack filler is a high-performance cold asphalt solution designed to repair cracks, holes, and surface damage without the need for heating or specialized equipment. It is ready to use straight from the packaging, allowing you to restore damaged asphalt surfaces rapidly and [&hellip;]<\/p>\n","protected":false},"featured_media":164718,"comment_status":"open","ping_status":"closed","template":"","meta":{"_uag_custom_page_level_css":"","site-sidebar-layout":"default","site-content-layout":"","ast-site-content-layout":"default","site-content-style":"default","site-sidebar-style":"default","ast-global-header-display":"","ast-banner-title-visibility":"","ast-main-header-display":"","ast-hfb-above-header-display":"","ast-hfb-below-header-display":"","ast-hfb-mobile-header-display":"","site-post-title":"","ast-breadcrumbs-content":"","ast-featured-img":"","footer-sml-layout":"","ast-disable-related-posts":"","theme-transparent-header-meta":"default","adv-header-id-meta":"","stick-header-meta":"","header-above-stick-meta":"","header-main-stick-meta":"","header-below-stick-meta":"","astra-migrate-meta-layouts":"set","ast-page-background-enabled":"default","ast-page-background-meta":{"desktop":{"background-color":"var(--ast-global-color-4)","background-image":"","background-repeat":"repeat","background-position":"center center","background-size":"auto","background-attachment":"scroll","background-type":"","background-media":"","overlay-type":"","overlay-color":"","overlay-opacity":"","overlay-gradient":""},"tablet":{"background-color":"","background-image":"","background-repeat":"repeat","background-position":"center center","background-size":"auto","background-attachment":"scroll","background-type":"","background-media":"","overlay-type":"","overlay-color":"","overlay-opacity":"","overlay-gradient":""},"mobile":{"background-color":"","background-image":"","background-repeat":"repeat","background-position":"center center","background-size":"auto","background-attachment":"scroll","background-type":"","background-media":"","overlay-type":"","overlay-color":"","overlay-opacity":"","overlay-gradient":""}},"ast-content-background-meta":{"desktop":{"background-color":"var(--ast-global-color-5)","background-image":"","background-repeat":"repeat","background-position":"center center","background-size":"auto","background-attachment":"scroll","background-type":"","background-media":"","overlay-type":"","overlay-color":"","overlay-opacity":"","overlay-gradient":""},"tablet":{"background-color":"var(--ast-global-color-5)","background-image":"","background-repeat":"repeat","background-position":"center center","background-size":"auto","background-attachment":"scroll","background-type":"","background-media":"","overlay-type":"","overlay-color":"","overlay-opacity":"","overlay-gradient":""},"mobile":{"background-color":"var(--ast-global-color-5)","background-image":"","background-repeat":"repeat","background-position":"center center","background-size":"auto","background-attachment":"scroll","background-type":"","background-media":"","overlay-type":"","overlay-color":"","overlay-opacity":"","overlay-gradient":""}}},"product_brand":[],"product_cat":[176],"product_tag":[],"class_list":{"0":"post-23073","1":"product","2":"type-product","3":"status-publish","4":"has-post-thumbnail","6":"product_cat-concrete-treatment","7":"desktop-align-left","8":"tablet-align-left","9":"mobile-align-left","11":"first","12":"instock","13":"sale","14":"shipping-taxable","15":"purchasable","16":"product-type-variable","17":"has-default-attributes"},"spectra_custom_meta":{"_visibility":["visible"],"_shopify_product_id":["7955512983797"],"_s2w_shopify_domain":["ferberpainting.myshopify.com"],"_shopify_variant_id":["43515612201205"],"_manage_stock":["no"],"total_sales":["440"],"_tax_status":["taxable"],"_tax_class":[""],"_backorders":["no"],"_sold_individually":["no"],"_virtual":["no"],"_downloadable":["no"],"_download_limit":["-1"],"_download_expiry":["-1"],"_stock":[null],"_stock_status":["instock"],"_wc_average_rating":["4.82"],"_wc_review_count":["65"],"_product_attributes":["a:1:{s:6:\"volume\";a:6:{s:4:\"name\";s:6:\"Volume\";s:5:\"value\";s:13:\"10 kg | 40 kg\";s:8:\"position\";i:1;s:10:\"is_visible\";i:0;s:12:\"is_variation\";i:1;s:11:\"is_taxonomy\";i:0;}}"],"_product_version":["10.5.2"],"_thumbnail_id":["164718"],"_product_image_gallery":["164719"],"_edit_lock":["1774563777:1317"],"merchant-center-availability":["yes"],"merchant-center-category":["505802"],"merchant-center-id":["ACF"],"_edit_last":["1"],"_wp_page_template":["default"],"site-sidebar-layout":["default"],"ast-site-content-layout":["default"],"site-content-style":["default"],"site-sidebar-style":["default"],"theme-transparent-header-meta":["default"],"_wc_rating_count":["a:3:{i:3;i:2;i:4;i:8;i:5;i:55;}"],"_default_attributes":["a:1:{s:6:\"volume\";s:5:\"10 kg\";}"],"_price":["49.90","199.90"],"_sku":["FPASPHALTCRACKFILLER"],"astra-migrate-meta-layouts":["set"],"_uag_css_file_name":["uag-css-23073.css"],"_elementor_page_assets":["a:0:{}"],"_uag_page_assets":["a:9:{s:3:\"css\";s:6873:\".wp-block-uagb-image{display:flex}.wp-block-uagb-image__figure{position:relative;display:flex;flex-direction:column;max-width:100%;height:auto;margin:0}.wp-block-uagb-image__figure img{height:auto;display:flex;max-width:100%;transition:box-shadow .2s ease}.wp-block-uagb-image__figure>a{display:inline-block}.wp-block-uagb-image__figure figcaption{text-align:center;margin-top:.5em;margin-bottom:1em}.wp-block-uagb-image .components-placeholder.block-editor-media-placeholder .components-placeholder__instructions{align-self:center}.wp-block-uagb-image--align-left{text-align:left}.wp-block-uagb-image--align-right{text-align:right}.wp-block-uagb-image--align-center{text-align:center}.wp-block-uagb-image--align-full .wp-block-uagb-image__figure{margin-left:calc(50% - 50vw);margin-right:calc(50% - 50vw);max-width:100vw;width:100vw;height:auto}.wp-block-uagb-image--align-full .wp-block-uagb-image__figure img{height:auto;width:100% !important}.wp-block-uagb-image--align-wide .wp-block-uagb-image__figure img{height:auto;width:100%}.wp-block-uagb-image--layout-overlay__color-wrapper{position:absolute;left:0;top:0;right:0;bottom:0;opacity:.2;background:rgba(0,0,0,.5);transition:opacity .35s ease-in-out}.wp-block-uagb-image--layout-overlay-link{position:absolute;left:0;right:0;bottom:0;top:0}.wp-block-uagb-image--layout-overlay .wp-block-uagb-image__figure:hover .wp-block-uagb-image--layout-overlay__color-wrapper{opacity:1}.wp-block-uagb-image--layout-overlay__inner{position:absolute;left:15px;right:15px;bottom:15px;top:15px;display:flex;align-items:center;justify-content:center;flex-direction:column;border-color:#fff;transition:.35s ease-in-out}.wp-block-uagb-image--layout-overlay__inner.top-left,.wp-block-uagb-image--layout-overlay__inner.top-center,.wp-block-uagb-image--layout-overlay__inner.top-right{justify-content:flex-start}.wp-block-uagb-image--layout-overlay__inner.bottom-left,.wp-block-uagb-image--layout-overlay__inner.bottom-center,.wp-block-uagb-image--layout-overlay__inner.bottom-right{justify-content:flex-end}.wp-block-uagb-image--layout-overlay__inner.top-left,.wp-block-uagb-image--layout-overlay__inner.center-left,.wp-block-uagb-image--layout-overlay__inner.bottom-left{align-items:flex-start}.wp-block-uagb-image--layout-overlay__inner.top-right,.wp-block-uagb-image--layout-overlay__inner.center-right,.wp-block-uagb-image--layout-overlay__inner.bottom-right{align-items:flex-end}.wp-block-uagb-image--layout-overlay__inner .uagb-image-heading{color:#fff;transition:transform .35s,opacity .35s ease-in-out;transform:translate3d(0, 24px, 0);margin:0;line-height:1em}.wp-block-uagb-image--layout-overlay__inner .uagb-image-separator{width:30%;border-top-width:2px;border-top-color:#fff;border-top-style:solid;margin-bottom:10px;opacity:0;transition:transform .4s,opacity .4s ease-in-out;transform:translate3d(0, 30px, 0)}.wp-block-uagb-image--layout-overlay__inner .uagb-image-caption{opacity:0;overflow:visible;color:#fff;transition:transform .45s,opacity .45s ease-in-out;transform:translate3d(0, 35px, 0)}.wp-block-uagb-image--layout-overlay__inner:hover .uagb-image-heading,.wp-block-uagb-image--layout-overlay__inner:hover .uagb-image-separator,.wp-block-uagb-image--layout-overlay__inner:hover .uagb-image-caption{opacity:1;transform:translate3d(0, 0, 0)}.wp-block-uagb-image--effect-zoomin .wp-block-uagb-image__figure img,.wp-block-uagb-image--effect-zoomin .wp-block-uagb-image__figure .wp-block-uagb-image--layout-overlay__color-wrapper{transform:scale(1);transition:transform .35s ease-in-out}.wp-block-uagb-image--effect-zoomin .wp-block-uagb-image__figure:hover img,.wp-block-uagb-image--effect-zoomin .wp-block-uagb-image__figure:hover .wp-block-uagb-image--layout-overlay__color-wrapper{transform:scale(1.05)}.wp-block-uagb-image--effect-slide .wp-block-uagb-image__figure img,.wp-block-uagb-image--effect-slide .wp-block-uagb-image__figure .wp-block-uagb-image--layout-overlay__color-wrapper{width:calc(100% + 40px) !important;max-width:none !important;transform:translate3d(-40px, 0, 0);transition:transform .35s ease-in-out}.wp-block-uagb-image--effect-slide .wp-block-uagb-image__figure:hover img,.wp-block-uagb-image--effect-slide .wp-block-uagb-image__figure:hover .wp-block-uagb-image--layout-overlay__color-wrapper{transform:translate3d(0, 0, 0)}.wp-block-uagb-image--effect-grayscale img{filter:grayscale(0%);transition:.35s ease-in-out}.wp-block-uagb-image--effect-grayscale:hover img{filter:grayscale(100%)}.wp-block-uagb-image--effect-blur img{filter:blur(0);transition:.35s ease-in-out}.wp-block-uagb-image--effect-blur:hover img{filter:blur(3px)}.uagb-block-e6f939b3.wp-block-uagb-image--layout-default figure img{box-shadow: 0px 0px 0 #00000070;}.uagb-block-e6f939b3.wp-block-uagb-image .wp-block-uagb-image__figure figcaption{font-style: normal;align-self: center;}.uagb-block-e6f939b3.wp-block-uagb-image--layout-overlay figure img{box-shadow: 0px 0px 0 #00000070;}.uagb-block-e6f939b3.wp-block-uagb-image--layout-overlay .wp-block-uagb-image--layout-overlay__color-wrapper{opacity: 0.2;}.uagb-block-e6f939b3.wp-block-uagb-image--layout-overlay .wp-block-uagb-image--layout-overlay__inner{left: 15px;right: 15px;top: 15px;bottom: 15px;}.uagb-block-e6f939b3.wp-block-uagb-image--layout-overlay .wp-block-uagb-image--layout-overlay__inner .uagb-image-heading{font-style: normal;color: #fff;opacity: 1;}.uagb-block-e6f939b3.wp-block-uagb-image--layout-overlay .wp-block-uagb-image--layout-overlay__inner .uagb-image-heading a{color: #fff;}.uagb-block-e6f939b3.wp-block-uagb-image--layout-overlay .wp-block-uagb-image--layout-overlay__inner .uagb-image-caption{opacity: 0;}.uagb-block-e6f939b3.wp-block-uagb-image--layout-overlay .wp-block-uagb-image__figure:hover .wp-block-uagb-image--layout-overlay__color-wrapper{opacity: 1;}.uagb-block-e6f939b3.wp-block-uagb-image .wp-block-uagb-image--layout-overlay__inner .uagb-image-separator{width: 30%;border-top-width: 2px;border-top-color: #fff;opacity: 0;}.uagb-block-e6f939b3.wp-block-uagb-image .wp-block-uagb-image__figure img{width: px;height: auto;}.uagb-block-e6f939b3.wp-block-uagb-image .wp-block-uagb-image__figure:hover .wp-block-uagb-image--layout-overlay__inner .uagb-image-caption{opacity: 1;}.uagb-block-e6f939b3.wp-block-uagb-image .wp-block-uagb-image__figure:hover .wp-block-uagb-image--layout-overlay__inner .uagb-image-separator{opacity: 1;}.uagb-block-e6f939b3.wp-block-uagb-image--layout-default figure:hover img{box-shadow: 0px 0px 0 #00000070;}.uagb-block-e6f939b3.wp-block-uagb-image--layout-overlay figure:hover img{box-shadow: 0px 0px 0 #00000070;}@media only screen and (max-width: 976px) {.uagb-block-e6f939b3.wp-block-uagb-image .wp-block-uagb-image__figure img{width: px;height: auto;}}@media only screen and (max-width: 767px) {.uagb-block-e6f939b3.wp-block-uagb-image .wp-block-uagb-image__figure img{width: px;height: auto;}}\";s:2:\"js\";s:0:\"\";s:18:\"current_block_list\";a:13:{i:0;s:11:\"core\/search\";i:1;s:10:\"core\/group\";i:2;s:12:\"core\/heading\";i:3;s:17:\"core\/latest-posts\";i:4;s:20:\"core\/latest-comments\";i:5;s:13:\"core\/archives\";i:6;s:15:\"core\/categories\";i:7;s:14:\"core\/paragraph\";i:8;s:10:\"uagb\/image\";i:9;s:11:\"core\/spacer\";i:10;s:30:\"woocommerce\/product-categories\";i:11;s:10:\"core\/image\";i:12;s:14:\"core\/shortcode\";}s:8:\"uag_flag\";b:1;s:11:\"uag_version\";s:10:\"1777069464\";s:6:\"gfonts\";a:0:{}s:10:\"gfonts_url\";s:0:\"\";s:12:\"gfonts_files\";a:0:{}s:14:\"uag_faq_layout\";b:0;}"]},"uagb_featured_image_src":{"full":["https:\/\/www.ferberpainting.com\/wp-content\/uploads\/2025\/05\/Asphalt-Crack-Filler-10-KG-mockups.png",2560,2560,false],"thumbnail":["https:\/\/www.ferberpainting.com\/wp-content\/uploads\/2025\/05\/Asphalt-Crack-Filler-10-KG-mockups-150x150.png",150,150,true],"medium":["https:\/\/www.ferberpainting.com\/wp-content\/uploads\/2025\/05\/Asphalt-Crack-Filler-10-KG-mockups-300x300.png",300,300,true],"medium_large":["https:\/\/www.ferberpainting.com\/wp-content\/uploads\/2025\/05\/Asphalt-Crack-Filler-10-KG-mockups-768x768.png",768,768,true],"large":["https:\/\/www.ferberpainting.com\/wp-content\/uploads\/2025\/05\/Asphalt-Crack-Filler-10-KG-mockups-1024x1024.png",1024,1024,true],"1536x1536":["https:\/\/www.ferberpainting.com\/wp-content\/uploads\/2025\/05\/Asphalt-Crack-Filler-10-KG-mockups-1536x1536.png",1536,1536,true],"2048x2048":["https:\/\/www.ferberpainting.com\/wp-content\/uploads\/2025\/05\/Asphalt-Crack-Filler-10-KG-mockups-2048x2048.png",2048,2048,true],"trp-custom-language-flag":["https:\/\/www.ferberpainting.com\/wp-content\/uploads\/2025\/05\/Asphalt-Crack-Filler-10-KG-mockups-12x12.png",12,12,true],"woocommerce_thumbnail":["https:\/\/www.ferberpainting.com\/wp-content\/uploads\/2025\/05\/Asphalt-Crack-Filler-10-KG-mockups-300x300.png",300,300,true],"woocommerce_single":["https:\/\/www.ferberpainting.com\/wp-content\/uploads\/2025\/05\/Asphalt-Crack-Filler-10-KG-mockups-600x600.png",600,600,true],"woocommerce_gallery_thumbnail":["https:\/\/www.ferberpainting.com\/wp-content\/uploads\/2025\/05\/Asphalt-Crack-Filler-10-KG-mockups-100x100.png",100,100,true]},"uagb_author_info":{"display_name":"admin","author_link":"https:\/\/www.ferberpainting.com\/pl\/author\/"},"uagb_comment_info":65,"uagb_excerpt":"Repair asphalt cracks quickly and permanently with ready-to-use cold asphalt technology. Our asphalt crack filler is a high-performance cold asphalt solution designed to repair cracks, holes, and surface damage without the need for heating or specialized equipment. It is ready to use straight from the packaging, allowing you to restore damaged asphalt surfaces rapidly and&hellip;","_links":{"self":[{"href":"https:\/\/www.ferberpainting.com\/pl\/wp-json\/wp\/v2\/product\/23073","targetHints":{"allow":["GET"]}}],"collection":[{"href":"https:\/\/www.ferberpainting.com\/pl\/wp-json\/wp\/v2\/product"}],"about":[{"href":"https:\/\/www.ferberpainting.com\/pl\/wp-json\/wp\/v2\/types\/product"}],"replies":[{"embeddable":true,"href":"https:\/\/www.ferberpainting.com\/pl\/wp-json\/wp\/v2\/comments?post=23073"}],"version-history":[{"count":6,"href":"https:\/\/www.ferberpainting.com\/pl\/wp-json\/wp\/v2\/product\/23073\/revisions"}],"predecessor-version":[{"id":166028,"href":"https:\/\/www.ferberpainting.com\/pl\/wp-json\/wp\/v2\/product\/23073\/revisions\/166028"}],"wp:featuredmedia":[{"embeddable":true,"href":"https:\/\/www.ferberpainting.com\/pl\/wp-json\/wp\/v2\/media\/164718"}],"wp:attachment":[{"href":"https:\/\/www.ferberpainting.com\/pl\/wp-json\/wp\/v2\/media?parent=23073"}],"wp:term":[{"taxonomy":"product_brand","embeddable":true,"href":"https:\/\/www.ferberpainting.com\/pl\/wp-json\/wp\/v2\/product_brand?post=23073"},{"taxonomy":"product_cat","embeddable":true,"href":"https:\/\/www.ferberpainting.com\/pl\/wp-json\/wp\/v2\/product_cat?post=23073"},{"taxonomy":"product_tag","embeddable":true,"href":"https:\/\/www.ferberpainting.com\/pl\/wp-json\/wp\/v2\/product_tag?post=23073"}],"curies":[{"name":"wp","href":"https:\/\/api.w.org\/{rel}","templated":true}]}}