{"id":23049,"date":"2025-07-01T18:50:32","date_gmt":"2025-07-01T16:50:32","guid":{"rendered":"https:\/\/www.ferberpainting.com\/?post_type=product&#038;p=23046"},"modified":"2026-02-24T18:43:35","modified_gmt":"2026-02-24T17:43:35","slug":"aluminum-cleaner","status":"publish","type":"product","link":"https:\/\/www.ferberpainting.com\/pl\/products\/aluminum-cleaner\/","title":{"rendered":"\u015arodek do czyszczenia Aluminium"},"content":{"rendered":"<p><img decoding=\"async\" style=\"margin-right: 12px;\" src=\"https:\/\/www.ferberpainting.com\/wp-content\/uploads\/2026\/02\/Check.svg\" alt=\"\" width=\"18\" height=\"15\" \/><strong>Optymalna skuteczno\u015b\u0107. <\/strong>Ten \u015brodek do czyszczenia aluminium zosta\u0142 specjalnie zaprojektowany w celu wyeliminowania \u015blad\u00f3w utleniania, osad\u00f3w wapiennych, osadzonego brudu i pozosta\u0142o\u015bci zanieczyszcze\u0144. Przywraca pierwotny po\u0142ysk aluminium poprzez g\u0142\u0119bokie czyszczenie bez zmiany lub zarysowania powierzchni. Jego silne dzia\u0142anie pomaga przywr\u00f3ci\u0107 blask i czysto\u015b\u0107 powierzchniom aluminiowym - zar\u00f3wno surowym, anodowanym, jak i lakierowanym.<\/p>\n<p><img decoding=\"async\" style=\"margin-right: 12px;\" src=\"https:\/\/www.ferberpainting.com\/wp-content\/uploads\/2026\/02\/Check.svg\" alt=\"\" width=\"18\" height=\"15\" \/><strong>Gwarancja zwrotu pieni\u0119dzy.<\/strong> Jeste\u015bmy przekonani o skuteczno\u015bci naszego \u015brodka do czyszczenia aluminium i jego zdolno\u015bci do nadania powierzchniom aluminiowym nowego wyko\u0144czenia. Je\u015bli po u\u017cyciu nie b\u0119dziesz w pe\u0142ni usatysfakcjonowany, przys\u0142uguje Ci pe\u0142ny zwrot pieni\u0119dzy. Wypr\u00f3buj bez ryzyka i przekonaj si\u0119 sam o rezultatach.<\/p>\n<p><img decoding=\"async\" style=\"margin-right: 12px;\" src=\"https:\/\/www.ferberpainting.com\/wp-content\/uploads\/2026\/02\/Check.svg\" alt=\"\" width=\"18\" height=\"15\" \/><strong>Wyj\u0105tkowa wszechstronno\u015b\u0107.<\/strong>\u00a0Ten \u015brodek czyszcz\u0105cy nie ogranicza si\u0119 do aluminium! Jest r\u00f3wnie\u017c skuteczny w przypadku stali nierdzewnej, miedzi, mosi\u0105dzu oraz malowanych lub anodowanych powierzchni metalowych. Jest idealny do czyszczenia ram okiennych, bram, balustrad, cz\u0119\u015bci samochodowych, urz\u0105dze\u0144 kuchennych i sprz\u0119tu przemys\u0142owego - wewn\u0105trz i na zewn\u0105trz - bez uszkadzania obrabianego materia\u0142u.<\/p>\n<p><img decoding=\"async\" style=\"margin-right: 12px;\" src=\"https:\/\/www.ferberpainting.com\/wp-content\/uploads\/2026\/02\/Check.svg\" alt=\"\" width=\"18\" height=\"15\" \/><strong>Op\u0142acalno\u015b\u0107.<\/strong>\u00a0Dzi\u0119ki 5-litrowemu formatowi i ultra skoncentrowanej formule ten \u015brodek czyszcz\u0105cy zapewnia doskona\u0142\u0105 warto\u015b\u0107. Niewielka ilo\u015b\u0107 wystarcza do czyszczenia du\u017cych powierzchni. \u015arednio 1 litr wystarcza na 50 m\u00b2 powierzchni aluminiowej, co czyni go ekonomicznym i zr\u00f3wnowa\u017conym rozwi\u0105zaniem zar\u00f3wno do regularnego, jak i intensywnego czyszczenia.<\/p>\n<p><img decoding=\"async\" style=\"margin-right: 12px;\" src=\"https:\/\/www.ferberpainting.com\/wp-content\/uploads\/2026\/02\/Check.svg\" alt=\"\" width=\"18\" height=\"15\" \/><strong>Bezpieczny w u\u017cyciu.<\/strong>\u00a0W przeciwie\u0144stwie do agresywnych chemicznych \u015brodk\u00f3w czyszcz\u0105cych, produkt ten jest bezpieczny zar\u00f3wno dla powierzchni, jak i u\u017cytkownik\u00f3w. Nie zawiera toksycznych rozpuszczalnik\u00f3w, nie emituje szkodliwych opar\u00f3w i jest bezpieczny do u\u017cytku wewn\u0105trz i na zewn\u0105trz pomieszcze\u0144. Stosowany zgodnie z zaleceniami nie powoduje korozji ani uszkodze\u0144 materia\u0142\u00f3w poddanych obr\u00f3bce i zachowuje integralno\u015b\u0107 powierzchni.<\/p>\n<p><img decoding=\"async\" style=\"margin-right: 12px;\" src=\"https:\/\/www.ferberpainting.com\/wp-content\/uploads\/2026\/02\/Check.svg\" alt=\"\" width=\"18\" height=\"15\" \/><strong>\u0141atwy w u\u017cyciu.<\/strong>\u00a0Produkt jest gotowy do u\u017cycia i nie wymaga rozcie\u0144czania ani skomplikowanego przygotowania. Wystarczy nanie\u015b\u0107 go na powierzchni\u0119, pozostawi\u0107 na chwil\u0119 i sp\u0142uka\u0107 lub wytrze\u0107 do czysta. Jego szybka i intuicyjna aplikacja zapewnia \u0142atwe i skuteczne czyszczenie, zar\u00f3wno do u\u017cytku osobistego, jak i profesjonalnego.<\/p>\n<p><img decoding=\"async\" style=\"margin-right: 12px;\" src=\"https:\/\/www.ferberpainting.com\/wp-content\/uploads\/2026\/02\/Check.svg\" alt=\"\" width=\"18\" height=\"15\" \/><strong>D\u0142ugotrwa\u0142a wytrzyma\u0142o\u015b\u0107.<\/strong>\u00a0Usuwaj\u0105c zanieczyszczenia i zapobiegaj\u0105c utlenianiu, ten \u015brodek czyszcz\u0105cy wyd\u0142u\u017ca \u017cywotno\u015b\u0107 powierzchni aluminiowych. Regularna konserwacja pomaga unikn\u0105\u0107 matowienia i przedwczesnej degradacji, zapewniaj\u0105c d\u0142ugotrwa\u0142y po\u0142ysk i odporno\u015b\u0107 na zu\u017cycie.<\/p>\n<p><img decoding=\"async\" style=\"margin-right: 12px;\" src=\"https:\/\/www.ferberpainting.com\/wp-content\/uploads\/2026\/02\/Check.svg\" alt=\"\" width=\"18\" height=\"15\" \/><strong>Szybkie dzia\u0142anie.<\/strong>\u00a0Dzi\u0119ki wysoce reaktywnej formule ten \u015brodek czyszcz\u0105cy dzia\u0142a natychmiast na brud i utlenianie. W ci\u0105gu zaledwie kilku sekund rozpuszcza brud i umo\u017cliwia szybkie i skuteczne czyszczenie. Zapewnia widoczne rezultaty od razu, oszcz\u0119dzaj\u0105c czas i wysi\u0142ek.<\/p>\n<h2><strong>Instrukcje u\u017cytkowania<\/strong><\/h2>\n<ul>\n<li><strong>Przygotowanie <\/strong>: Przed na\u0142o\u017ceniem produktu nale\u017cy upewni\u0107 si\u0119, \u017ce aluminiowa powierzchnia jest wolna od kurzu i innych zanieczyszcze\u0144.<\/li>\n<li><strong>Zastosowanie <\/strong>: Nanie\u015b\u0107 niewielk\u0105 ilo\u015b\u0107 \u015brodka czyszcz\u0105cego na mi\u0119kk\u0105 \u015bciereczk\u0119, g\u0105bk\u0119 lub bezpo\u015brednio na powierzchni\u0119.<\/li>\n<li><strong>Czyszczenie <\/strong>: Rozprowadzi\u0107 produkt r\u00f3wnomiernie i pozostawi\u0107 na 2 do 5 minut w celu rozpuszczenia brudu i utlenienia. W przypadku trudnych plam delikatnie wyszoruj mi\u0119kk\u0105 szczotk\u0105 lub nie\u015bciern\u0105 g\u0105bk\u0105.<\/li>\n<li><strong>P\u0142ukanie <\/strong>: Wytrze\u0107 wilgotn\u0105 szmatk\u0105 lub dok\u0142adnie sp\u0142uka\u0107 czyst\u0105 wod\u0105, aby usun\u0105\u0107 wszelkie pozosta\u0142o\u015bci i zapobiec powstawaniu smug.<\/li>\n<li><strong>Suszenie i polerowanie <\/strong>: Przetrze\u0107 such\u0105 \u015bciereczk\u0105 z mikrofibry, aby przywr\u00f3ci\u0107 naturalny po\u0142ysk aluminium i sfinalizowa\u0107 efekt.<\/li>\n<li><strong>Cz\u0119stotliwo\u015b\u0107 u\u017cytkowania <\/strong>: Stosowa\u0107, gdy tylko pojawi si\u0119 utlenianie lub matowienie, lub stosowa\u0107 regularnie, aby utrzyma\u0107 jasno\u015b\u0107 i czysto\u015b\u0107 aluminium.<\/li>\n<li><strong>Przechowywanie <\/strong>: Po ka\u017cdym u\u017cyciu nale\u017cy szczelnie zamkn\u0105\u0107 pojemnik i przechowywa\u0107 go w ch\u0142odnym, suchym miejscu, z dala od \u015bwiat\u0142a i ekstremalnych temperatur, aby zachowa\u0107 jego skuteczno\u015b\u0107.<\/li>\n<\/ul>\n<p>Nasz \u015brodek do czyszczenia aluminium pozwala bezpiecznie i bez wysi\u0142ku przywr\u00f3ci\u0107 po\u0142ysk i czysto\u015b\u0107 metalowych powierzchni.<\/p>","protected":false},"excerpt":{"rendered":"<p>Optimal Effectiveness. This aluminium cleaner is specially designed to eliminate oxidation marks, limescale deposits, embedded dirt, and pollution residues. It restores aluminium\u2019s original shine by deep-cleaning without altering or scratching the surface. Its powerful action helps restore brilliance and cleanliness to aluminium surfaces\u2014whether raw, anodized, or lacquered. Money-back guarantee. We are confident in the effectiveness [&hellip;]<\/p>\n","protected":false},"featured_media":36582,"comment_status":"open","ping_status":"closed","template":"","meta":{"_uag_custom_page_level_css":"","site-sidebar-layout":"default","site-content-layout":"","ast-site-content-layout":"default","site-content-style":"default","site-sidebar-style":"default","ast-global-header-display":"","ast-banner-title-visibility":"","ast-main-header-display":"","ast-hfb-above-header-display":"","ast-hfb-below-header-display":"","ast-hfb-mobile-header-display":"","site-post-title":"","ast-breadcrumbs-content":"","ast-featured-img":"","footer-sml-layout":"","ast-disable-related-posts":"","theme-transparent-header-meta":"default","adv-header-id-meta":"","stick-header-meta":"","header-above-stick-meta":"","header-main-stick-meta":"","header-below-stick-meta":"","astra-migrate-meta-layouts":"set","ast-page-background-enabled":"default","ast-page-background-meta":{"desktop":{"background-color":"var(--ast-global-color-4)","background-image":"","background-repeat":"repeat","background-position":"center center","background-size":"auto","background-attachment":"scroll","background-type":"","background-media":"","overlay-type":"","overlay-color":"","overlay-opacity":"","overlay-gradient":""},"tablet":{"background-color":"","background-image":"","background-repeat":"repeat","background-position":"center center","background-size":"auto","background-attachment":"scroll","background-type":"","background-media":"","overlay-type":"","overlay-color":"","overlay-opacity":"","overlay-gradient":""},"mobile":{"background-color":"","background-image":"","background-repeat":"repeat","background-position":"center center","background-size":"auto","background-attachment":"scroll","background-type":"","background-media":"","overlay-type":"","overlay-color":"","overlay-opacity":"","overlay-gradient":""}},"ast-content-background-meta":{"desktop":{"background-color":"var(--ast-global-color-5)","background-image":"","background-repeat":"repeat","background-position":"center center","background-size":"auto","background-attachment":"scroll","background-type":"","background-media":"","overlay-type":"","overlay-color":"","overlay-opacity":"","overlay-gradient":""},"tablet":{"background-color":"var(--ast-global-color-5)","background-image":"","background-repeat":"repeat","background-position":"center center","background-size":"auto","background-attachment":"scroll","background-type":"","background-media":"","overlay-type":"","overlay-color":"","overlay-opacity":"","overlay-gradient":""},"mobile":{"background-color":"var(--ast-global-color-5)","background-image":"","background-repeat":"repeat","background-position":"center center","background-size":"auto","background-attachment":"scroll","background-type":"","background-media":"","overlay-type":"","overlay-color":"","overlay-opacity":"","overlay-gradient":""}}},"product_brand":[],"product_cat":[175],"product_tag":[],"class_list":{"0":"post-23049","1":"product","2":"type-product","3":"status-publish","4":"has-post-thumbnail","6":"product_cat-cleaning-products","7":"desktop-align-left","8":"tablet-align-left","9":"mobile-align-left","11":"first","12":"instock","13":"sale","14":"taxable","15":"shipping-taxable","16":"purchasable","17":"product-type-variable","18":"has-default-attributes"},"spectra_custom_meta":{"_visibility":["visible"],"_shopify_product_id":["9101808140533"],"_s2w_shopify_domain":["ferberpainting.myshopify.com"],"_shopify_variant_id":["46613503017205"],"_sku":["FPALUMINUMCLEANER"],"_manage_stock":["no"],"total_sales":["171"],"_tax_status":["taxable"],"_tax_class":[""],"_backorders":["no"],"_sold_individually":["no"],"_virtual":["no"],"_downloadable":["no"],"_download_limit":["-1"],"_download_expiry":["-1"],"_stock":[null],"_stock_status":["instock"],"_wc_average_rating":["5.00"],"_wc_review_count":["12"],"_product_attributes":["a:1:{s:6:\"volume\";a:6:{s:4:\"name\";s:6:\"Volume\";s:5:\"value\";s:20:\"5 liters | 25 liters\";s:8:\"position\";i:1;s:10:\"is_visible\";i:0;s:12:\"is_variation\";i:1;s:11:\"is_taxonomy\";i:0;}}"],"_product_version":["10.5.2"],"wpse_downloadable_file_names":[""],"wpse_downloadable_file_urls":[""],"_edit_last":["1"],"_default_attributes":["a:1:{s:6:\"volume\";s:8:\"5 liters\";}"],"_edit_lock":["1771954880:1"],"_price":["29.90","129.90"],"merchant-center-availability":["yes"],"merchant-center-category":["4973"],"_thumbnail_id":["36582"],"_wp_page_template":["default"],"_wp_old_date":["2025-05-26"],"_product_image_gallery":["36583"],"site-sidebar-layout":["default"],"ast-site-content-layout":["default"],"site-content-style":["default"],"site-sidebar-style":["default"],"theme-transparent-header-meta":["default"],"_wc_rating_count":["a:1:{i:5;i:12;}"],"astra-migrate-meta-layouts":["set"],"_uag_css_file_name":["uag-css-23049.css"],"_elementor_page_assets":["a:0:{}"],"_uag_page_assets":["a:9:{s:3:\"css\";s:7133:\".uag-blocks-common-selector{z-index:var(--z-index-desktop) !important}@media(max-width: 976px){.uag-blocks-common-selector{z-index:var(--z-index-tablet) !important}}@media(max-width: 767px){.uag-blocks-common-selector{z-index:var(--z-index-mobile) !important}}.wp-block-uagb-image{display:flex}.wp-block-uagb-image__figure{position:relative;display:flex;flex-direction:column;max-width:100%;height:auto;margin:0}.wp-block-uagb-image__figure img{height:auto;display:flex;max-width:100%;transition:box-shadow .2s ease}.wp-block-uagb-image__figure>a{display:inline-block}.wp-block-uagb-image__figure figcaption{text-align:center;margin-top:.5em;margin-bottom:1em}.wp-block-uagb-image .components-placeholder.block-editor-media-placeholder .components-placeholder__instructions{align-self:center}.wp-block-uagb-image--align-left{text-align:left}.wp-block-uagb-image--align-right{text-align:right}.wp-block-uagb-image--align-center{text-align:center}.wp-block-uagb-image--align-full .wp-block-uagb-image__figure{margin-left:calc(50% - 50vw);margin-right:calc(50% - 50vw);max-width:100vw;width:100vw;height:auto}.wp-block-uagb-image--align-full .wp-block-uagb-image__figure img{height:auto;width:100% !important}.wp-block-uagb-image--align-wide .wp-block-uagb-image__figure img{height:auto;width:100%}.wp-block-uagb-image--layout-overlay__color-wrapper{position:absolute;left:0;top:0;right:0;bottom:0;opacity:.2;background:rgba(0,0,0,.5);transition:opacity .35s ease-in-out}.wp-block-uagb-image--layout-overlay-link{position:absolute;left:0;right:0;bottom:0;top:0}.wp-block-uagb-image--layout-overlay .wp-block-uagb-image__figure:hover .wp-block-uagb-image--layout-overlay__color-wrapper{opacity:1}.wp-block-uagb-image--layout-overlay__inner{position:absolute;left:15px;right:15px;bottom:15px;top:15px;display:flex;align-items:center;justify-content:center;flex-direction:column;border-color:#fff;transition:.35s ease-in-out}.wp-block-uagb-image--layout-overlay__inner.top-left,.wp-block-uagb-image--layout-overlay__inner.top-center,.wp-block-uagb-image--layout-overlay__inner.top-right{justify-content:flex-start}.wp-block-uagb-image--layout-overlay__inner.bottom-left,.wp-block-uagb-image--layout-overlay__inner.bottom-center,.wp-block-uagb-image--layout-overlay__inner.bottom-right{justify-content:flex-end}.wp-block-uagb-image--layout-overlay__inner.top-left,.wp-block-uagb-image--layout-overlay__inner.center-left,.wp-block-uagb-image--layout-overlay__inner.bottom-left{align-items:flex-start}.wp-block-uagb-image--layout-overlay__inner.top-right,.wp-block-uagb-image--layout-overlay__inner.center-right,.wp-block-uagb-image--layout-overlay__inner.bottom-right{align-items:flex-end}.wp-block-uagb-image--layout-overlay__inner .uagb-image-heading{color:#fff;transition:transform .35s,opacity .35s ease-in-out;transform:translate3d(0, 24px, 0);margin:0;line-height:1em}.wp-block-uagb-image--layout-overlay__inner .uagb-image-separator{width:30%;border-top-width:2px;border-top-color:#fff;border-top-style:solid;margin-bottom:10px;opacity:0;transition:transform .4s,opacity .4s ease-in-out;transform:translate3d(0, 30px, 0)}.wp-block-uagb-image--layout-overlay__inner .uagb-image-caption{opacity:0;overflow:visible;color:#fff;transition:transform .45s,opacity .45s ease-in-out;transform:translate3d(0, 35px, 0)}.wp-block-uagb-image--layout-overlay__inner:hover .uagb-image-heading,.wp-block-uagb-image--layout-overlay__inner:hover .uagb-image-separator,.wp-block-uagb-image--layout-overlay__inner:hover .uagb-image-caption{opacity:1;transform:translate3d(0, 0, 0)}.wp-block-uagb-image--effect-zoomin .wp-block-uagb-image__figure img,.wp-block-uagb-image--effect-zoomin .wp-block-uagb-image__figure .wp-block-uagb-image--layout-overlay__color-wrapper{transform:scale(1);transition:transform .35s ease-in-out}.wp-block-uagb-image--effect-zoomin .wp-block-uagb-image__figure:hover img,.wp-block-uagb-image--effect-zoomin .wp-block-uagb-image__figure:hover .wp-block-uagb-image--layout-overlay__color-wrapper{transform:scale(1.05)}.wp-block-uagb-image--effect-slide .wp-block-uagb-image__figure img,.wp-block-uagb-image--effect-slide .wp-block-uagb-image__figure .wp-block-uagb-image--layout-overlay__color-wrapper{width:calc(100% + 40px) !important;max-width:none !important;transform:translate3d(-40px, 0, 0);transition:transform .35s ease-in-out}.wp-block-uagb-image--effect-slide .wp-block-uagb-image__figure:hover img,.wp-block-uagb-image--effect-slide .wp-block-uagb-image__figure:hover .wp-block-uagb-image--layout-overlay__color-wrapper{transform:translate3d(0, 0, 0)}.wp-block-uagb-image--effect-grayscale img{filter:grayscale(0%);transition:.35s ease-in-out}.wp-block-uagb-image--effect-grayscale:hover img{filter:grayscale(100%)}.wp-block-uagb-image--effect-blur img{filter:blur(0);transition:.35s ease-in-out}.wp-block-uagb-image--effect-blur:hover img{filter:blur(3px)}.uagb-block-e6f939b3.wp-block-uagb-image--layout-default figure img{box-shadow: 0px 0px 0 #00000070;}.uagb-block-e6f939b3.wp-block-uagb-image .wp-block-uagb-image__figure figcaption{font-style: normal;align-self: center;}.uagb-block-e6f939b3.wp-block-uagb-image--layout-overlay figure img{box-shadow: 0px 0px 0 #00000070;}.uagb-block-e6f939b3.wp-block-uagb-image--layout-overlay .wp-block-uagb-image--layout-overlay__color-wrapper{opacity: 0.2;}.uagb-block-e6f939b3.wp-block-uagb-image--layout-overlay .wp-block-uagb-image--layout-overlay__inner{left: 15px;right: 15px;top: 15px;bottom: 15px;}.uagb-block-e6f939b3.wp-block-uagb-image--layout-overlay .wp-block-uagb-image--layout-overlay__inner .uagb-image-heading{font-style: normal;color: #fff;opacity: 1;}.uagb-block-e6f939b3.wp-block-uagb-image--layout-overlay .wp-block-uagb-image--layout-overlay__inner .uagb-image-heading a{color: #fff;}.uagb-block-e6f939b3.wp-block-uagb-image--layout-overlay .wp-block-uagb-image--layout-overlay__inner .uagb-image-caption{opacity: 0;}.uagb-block-e6f939b3.wp-block-uagb-image--layout-overlay .wp-block-uagb-image__figure:hover .wp-block-uagb-image--layout-overlay__color-wrapper{opacity: 1;}.uagb-block-e6f939b3.wp-block-uagb-image .wp-block-uagb-image--layout-overlay__inner .uagb-image-separator{width: 30%;border-top-width: 2px;border-top-color: #fff;opacity: 0;}.uagb-block-e6f939b3.wp-block-uagb-image .wp-block-uagb-image__figure img{width: px;height: auto;}.uagb-block-e6f939b3.wp-block-uagb-image .wp-block-uagb-image__figure:hover .wp-block-uagb-image--layout-overlay__inner .uagb-image-caption{opacity: 1;}.uagb-block-e6f939b3.wp-block-uagb-image .wp-block-uagb-image__figure:hover .wp-block-uagb-image--layout-overlay__inner .uagb-image-separator{opacity: 1;}.uagb-block-e6f939b3.wp-block-uagb-image--layout-default figure:hover img{box-shadow: 0px 0px 0 #00000070;}.uagb-block-e6f939b3.wp-block-uagb-image--layout-overlay figure:hover img{box-shadow: 0px 0px 0 #00000070;}@media only screen and (max-width: 976px) {.uagb-block-e6f939b3.wp-block-uagb-image .wp-block-uagb-image__figure img{width: px;height: auto;}}@media only screen and (max-width: 767px) {.uagb-block-e6f939b3.wp-block-uagb-image .wp-block-uagb-image__figure img{width: px;height: auto;}}\";s:2:\"js\";s:0:\"\";s:18:\"current_block_list\";a:13:{i:0;s:11:\"core\/search\";i:1;s:10:\"core\/group\";i:2;s:12:\"core\/heading\";i:3;s:17:\"core\/latest-posts\";i:4;s:20:\"core\/latest-comments\";i:5;s:13:\"core\/archives\";i:6;s:15:\"core\/categories\";i:7;s:14:\"core\/paragraph\";i:8;s:10:\"uagb\/image\";i:9;s:11:\"core\/spacer\";i:10;s:30:\"woocommerce\/product-categories\";i:11;s:10:\"core\/image\";i:12;s:14:\"core\/shortcode\";}s:8:\"uag_flag\";b:1;s:11:\"uag_version\";s:10:\"1777197257\";s:6:\"gfonts\";a:0:{}s:10:\"gfonts_url\";s:0:\"\";s:12:\"gfonts_files\";a:0:{}s:14:\"uag_faq_layout\";b:0;}"]},"uagb_featured_image_src":{"full":["https:\/\/www.ferberpainting.com\/wp-content\/uploads\/2025\/05\/Aluminum-Cleaner-5L.png",2560,2560,false],"thumbnail":["https:\/\/www.ferberpainting.com\/wp-content\/uploads\/2025\/05\/Aluminum-Cleaner-5L-150x150.png",150,150,true],"medium":["https:\/\/www.ferberpainting.com\/wp-content\/uploads\/2025\/05\/Aluminum-Cleaner-5L-300x300.png",300,300,true],"medium_large":["https:\/\/www.ferberpainting.com\/wp-content\/uploads\/2025\/05\/Aluminum-Cleaner-5L-768x768.png",768,768,true],"large":["https:\/\/www.ferberpainting.com\/wp-content\/uploads\/2025\/05\/Aluminum-Cleaner-5L-1024x1024.png",1024,1024,true],"1536x1536":["https:\/\/www.ferberpainting.com\/wp-content\/uploads\/2025\/05\/Aluminum-Cleaner-5L-1536x1536.png",1536,1536,true],"2048x2048":["https:\/\/www.ferberpainting.com\/wp-content\/uploads\/2025\/05\/Aluminum-Cleaner-5L-2048x2048.png",2048,2048,true],"trp-custom-language-flag":["https:\/\/www.ferberpainting.com\/wp-content\/uploads\/2025\/05\/Aluminum-Cleaner-5L-12x12.png",12,12,true],"woocommerce_thumbnail":["https:\/\/www.ferberpainting.com\/wp-content\/uploads\/2025\/05\/Aluminum-Cleaner-5L-300x300.png",300,300,true],"woocommerce_single":["https:\/\/www.ferberpainting.com\/wp-content\/uploads\/2025\/05\/Aluminum-Cleaner-5L-600x600.png",600,600,true],"woocommerce_gallery_thumbnail":["https:\/\/www.ferberpainting.com\/wp-content\/uploads\/2025\/05\/Aluminum-Cleaner-5L-100x100.png",100,100,true]},"uagb_author_info":{"display_name":"admin","author_link":"https:\/\/www.ferberpainting.com\/pl\/author\/"},"uagb_comment_info":12,"uagb_excerpt":"Optimal Effectiveness. This aluminium cleaner is specially designed to eliminate oxidation marks, limescale deposits, embedded dirt, and pollution residues. It restores aluminium\u2019s original shine by deep-cleaning without altering or scratching the surface. Its powerful action helps restore brilliance and cleanliness to aluminium surfaces\u2014whether raw, anodized, or lacquered. Money-back guarantee. We are confident in the effectiveness&hellip;","_links":{"self":[{"href":"https:\/\/www.ferberpainting.com\/pl\/wp-json\/wp\/v2\/product\/23049","targetHints":{"allow":["GET"]}}],"collection":[{"href":"https:\/\/www.ferberpainting.com\/pl\/wp-json\/wp\/v2\/product"}],"about":[{"href":"https:\/\/www.ferberpainting.com\/pl\/wp-json\/wp\/v2\/types\/product"}],"replies":[{"embeddable":true,"href":"https:\/\/www.ferberpainting.com\/pl\/wp-json\/wp\/v2\/comments?post=23049"}],"version-history":[{"count":8,"href":"https:\/\/www.ferberpainting.com\/pl\/wp-json\/wp\/v2\/product\/23049\/revisions"}],"predecessor-version":[{"id":166014,"href":"https:\/\/www.ferberpainting.com\/pl\/wp-json\/wp\/v2\/product\/23049\/revisions\/166014"}],"wp:featuredmedia":[{"embeddable":true,"href":"https:\/\/www.ferberpainting.com\/pl\/wp-json\/wp\/v2\/media\/36582"}],"wp:attachment":[{"href":"https:\/\/www.ferberpainting.com\/pl\/wp-json\/wp\/v2\/media?parent=23049"}],"wp:term":[{"taxonomy":"product_brand","embeddable":true,"href":"https:\/\/www.ferberpainting.com\/pl\/wp-json\/wp\/v2\/product_brand?post=23049"},{"taxonomy":"product_cat","embeddable":true,"href":"https:\/\/www.ferberpainting.com\/pl\/wp-json\/wp\/v2\/product_cat?post=23049"},{"taxonomy":"product_tag","embeddable":true,"href":"https:\/\/www.ferberpainting.com\/pl\/wp-json\/wp\/v2\/product_tag?post=23049"}],"curies":[{"name":"wp","href":"https:\/\/api.w.org\/{rel}","templated":true}]}}