{"id":23040,"date":"2025-05-26T10:22:20","date_gmt":"2025-05-26T08:22:20","guid":{"rendered":"https:\/\/www.ferberpainting.com\/products\/air-dry-clay-varnish\/"},"modified":"2026-02-24T18:40:15","modified_gmt":"2026-02-24T17:40:15","slug":"air-dry-clay-varnish","status":"publish","type":"product","link":"https:\/\/www.ferberpainting.com\/pl\/products\/air-dry-clay-varnish\/","title":{"rendered":"Lakier do gliny samoutwardzalnej"},"content":{"rendered":"<p><img decoding=\"async\" style=\"margin-right: 12px;\" src=\"https:\/\/www.ferberpainting.com\/wp-content\/uploads\/2026\/02\/Check.svg\" alt=\"\" width=\"18\" height=\"15\" \/><strong>Optymalna ochrona i wyko\u0144czenie dla<\/strong> <strong>samoutwardzalna glina.<\/strong>\u00a0Ten lakier specjalnie zaprojektowany do gliny samoutwardzalnej zapewnia trwa\u0142e, odporne wyko\u0144czenie dzie\u0142 wykonanych bez wypalania. Skutecznie chroni powierzchni\u0119 przed wilgoci\u0105, kurzem i zu\u017cyciem, jednocze\u015bnie uwydatniaj\u0105c szczeg\u00f3\u0142y i tekstury modelu. Oferuje satynowe, matowe lub b\u0142yszcz\u0105ce wyko\u0144czenie w zale\u017cno\u015bci od zastosowania i liczby warstw.<\/p>\n<p><img decoding=\"async\" style=\"margin-right: 12px;\" src=\"https:\/\/www.ferberpainting.com\/wp-content\/uploads\/2026\/02\/Check.svg\" alt=\"\" width=\"18\" height=\"15\" \/><strong>Gwarancja zwrotu pieni\u0119dzy. <\/strong>Mamy pe\u0142ne zaufanie do naszego lakieru przeznaczonego do gliny samoutwardzalnej. Dlatego oferujemy gwarancj\u0119 zwrotu pieni\u0119dzy. Je\u015bli produkt nie spe\u0142ni Twoich oczekiwa\u0144 po zastosowaniu zgodnie z zaleceniami, mo\u017cesz poprosi\u0107 o zwrot pieni\u0119dzy bez \u017cadnych warunk\u00f3w, zapewniaj\u0105c sobie beztroski zakup.<\/p>\n<p><img decoding=\"async\" style=\"margin-right: 12px;\" src=\"https:\/\/www.ferberpainting.com\/wp-content\/uploads\/2026\/02\/Check.svg\" alt=\"\" width=\"18\" height=\"15\" \/><strong>Kompatybilny z wieloma rodzajami materia\u0142\u00f3w porowatych.<\/strong>\u00a0Lakier ten nie ogranicza si\u0119 do samoutwardzalnej gliny; nadaje si\u0119 r\u00f3wnie\u017c do innych porowatych materia\u0142\u00f3w, takich jak gips, cement, terakota i niekt\u00f3re kamienie naturalne. Jest idealny do uszczelniania i ochrony wszelkiego rodzaju wyrob\u00f3w rzemie\u015blniczych, rze\u017ab i r\u0119cznie robionych przedmiot\u00f3w dekoracyjnych.<\/p>\n<p><img decoding=\"async\" style=\"margin-right: 12px;\" src=\"https:\/\/www.ferberpainting.com\/wp-content\/uploads\/2026\/02\/Check.svg\" alt=\"\" width=\"18\" height=\"15\" \/> <strong>Ekonomiczna wydajno\u015b\u0107 i zoptymalizowane zastosowanie.<\/strong>\u00a0Dzi\u0119ki skoncentrowanej formule 1 litr lakieru pokrywa od 8 do 12 m\u00b2, w zale\u017cno\u015bci od porowato\u015bci powierzchni i grubo\u015bci na\u0142o\u017conych warstw. Pojedyncza warstwa jest wystarczaj\u0105ca dla dobrej ochrony, a produkt mo\u017ce by\u0107 lekko rozcie\u0144czony dla lepszej penetracji na bardzo ch\u0142onnych powierzchniach.<\/p>\n<p><img decoding=\"async\" style=\"margin-right: 12px;\" src=\"https:\/\/www.ferberpainting.com\/wp-content\/uploads\/2026\/02\/Check.svg\" alt=\"\" width=\"18\" height=\"15\" \/><strong>Bezpieczny, nietoksyczny produkt.<\/strong>\u00a0Lakier ten nie zawiera agresywnych rozpuszczalnik\u00f3w i nie wydziela toksycznych opar\u00f3w, zapewniaj\u0105c bezpieczne u\u017cytkowanie w pomieszczeniach i na zewn\u0105trz. Jest bezwonny i mo\u017ce by\u0107 stosowany w zamkni\u0119tych pomieszczeniach bez specjalnego sprz\u0119tu ochronnego, co czyni go idealnym wyborem dla artyst\u00f3w, rzemie\u015blnik\u00f3w i hobbyst\u00f3w.<\/p>\n<p><img decoding=\"async\" style=\"margin-right: 12px;\" src=\"https:\/\/www.ferberpainting.com\/wp-content\/uploads\/2026\/02\/Check.svg\" alt=\"\" width=\"18\" height=\"15\" \/><strong>\u0141atwa aplikacja zapewnia jednolite wyko\u0144czenie.<\/strong>\u00a0Lakier ten jest gotowy do u\u017cycia i \u0142atwy w aplikacji za pomoc\u0105 p\u0119dzla, g\u0105bki lub mi\u0119kkiej szmatki, umo\u017cliwiaj\u0105c r\u00f3wnomierne rozprowadzenie bez widocznych \u015blad\u00f3w p\u0119dzla. Szybko schnie i pozwala na nak\u0142adanie kolejnych warstw w celu zwi\u0119kszenia ochrony lub dostosowania wyko\u0144czenia zgodnie z \u017cyczeniem.<\/p>\n<p><img decoding=\"async\" style=\"margin-right: 12px;\" src=\"https:\/\/www.ferberpainting.com\/wp-content\/uploads\/2026\/02\/Check.svg\" alt=\"\" width=\"18\" height=\"15\" \/><strong>Trwa\u0142o\u015b\u0107 i wzmocniona odporno\u015b\u0107 dla Twoich kreacji.<\/strong>\u00a0Po na\u0142o\u017ceniu i wyschni\u0119ciu lakier ten zapewnia d\u0142ugotrwa\u0142\u0105 ochron\u0119 przed wod\u0105, plamami i codziennym zu\u017cyciem, przed\u0142u\u017caj\u0105c trwa\u0142o\u015b\u0107 i wytrzyma\u0142o\u015b\u0107 glinianych dzie\u0142. Wzmacnia r\u00f3wnie\u017c struktur\u0119 przedmiot\u00f3w, zmniejszaj\u0105c ich krucho\u015b\u0107 i ograniczaj\u0105c ryzyko p\u0119kania w miar\u0119 up\u0142ywu czasu.<\/p>\n<p><img decoding=\"async\" style=\"margin-right: 12px;\" src=\"https:\/\/www.ferberpainting.com\/wp-content\/uploads\/2026\/02\/Check.svg\" alt=\"\" width=\"18\" height=\"15\" \/><strong>Szybkie schni\u0119cie zapewnia ekspresowe wyko\u0144czenie.<\/strong>\u00a0Dzi\u0119ki szybkoschn\u0105cej formule lakier ten wysycha na powierzchni w ci\u0105gu 30-60 minut i osi\u0105ga maksymaln\u0105 wytrzyma\u0142o\u015b\u0107 po 24 godzinach. Przyspiesza proces wyka\u0144czania przedmiot\u00f3w wykonanych z samoutwardzalnej gliny, eliminuj\u0105c d\u0142ugie okresy oczekiwania przed u\u017cyciem lub wystawieniem przedmiotu.<\/p>\n<h2><strong>Protok\u00f3\u0142 u\u017cytkowania<\/strong><\/h2>\n<ul>\n<li><strong>Przygotowanie powierzchni <\/strong>: Przed na\u0142o\u017ceniem lakieru nale\u017cy upewni\u0107 si\u0119, \u017ce powierzchnia glinki samoutwardzalnej jest ca\u0142kowicie sucha. Usu\u0144 kurz lub pozosta\u0142o\u015bci za pomoc\u0105 suchej szmatki lub czystej szczotki, aby zapewni\u0107 optymaln\u0105 przyczepno\u015b\u0107.<\/li>\n<li><strong>Zalecany zasi\u0119g <\/strong>: Na\u0142o\u017cy\u0107 1 litr na 8 do 12 m\u00b2, w zale\u017cno\u015bci od porowato\u015bci materia\u0142u. Jedna cienka warstwa jest wystarczaj\u0105ca do ochrony powierzchni, chocia\u017c kilka warstw mo\u017ce zwi\u0119kszy\u0107 nieprzepuszczalno\u015b\u0107 i efekty estetyczne.<\/li>\n<li><strong>Nak\u0142adanie lakieru <\/strong>: Lakier nak\u0142ada\u0107 mi\u0119kkim p\u0119dzlem, g\u0105bk\u0105 lub mi\u0119kk\u0105 \u015bciereczk\u0105, r\u00f3wnomiernie rozprowadzaj\u0105c produkt. Pracuj cienkimi warstwami, aby unikn\u0105\u0107 nadmiernego nagromadzenia i uzyska\u0107 jednorodne wyko\u0144czenie.<\/li>\n<li><strong>Czas schni\u0119cia <\/strong>: Pozostawi\u0107 pierwsz\u0105 warstw\u0119 do wyschni\u0119cia na 30-60 minut przed na\u0142o\u017ceniem drugiej warstwy, je\u015bli to konieczne. Aby uzyska\u0107 ca\u0142kowite wyschni\u0119cie i maksymaln\u0105 odporno\u015b\u0107, nale\u017cy odczeka\u0107 24 godziny przed manipulacj\u0105 lub przed\u0142u\u017con\u0105 ekspozycj\u0105 obiektu.<\/li>\n<li><strong>Regulacja wyko\u0144czenia <\/strong>: Aby uzyska\u0107 bardziej b\u0142yszcz\u0105cy efekt, na\u0142\u00f3\u017c drug\u0105 lub trzeci\u0105 warstw\u0119 po wyschni\u0119ciu poprzedniej. Aby uzyska\u0107 matowe wyko\u0144czenie, lekko przeszlifuj ostatni\u0105 warstw\u0119 mi\u0119kk\u0105 szmatk\u0105 po ca\u0142kowitym wyschni\u0119ciu.<\/li>\n<li><strong>Narz\u0119dzia czyszcz\u0105ce <\/strong>: Natychmiast po aplikacji wyczy\u015b\u0107 p\u0119dzle, g\u0105bki i \u015bciereczki czyst\u0105 wod\u0105, aby zapobiec stwardnieniu produktu na narz\u0119dziach i zapewni\u0107 mo\u017cliwo\u015b\u0107 ich ponownego u\u017cycia w innych projektach.<\/li>\n<\/ul>\n<p>&nbsp;<\/p>","protected":false},"excerpt":{"rendered":"<p>Optimal protection and finish for self-hardening clay.\u00a0This varnish specially designed for self-hardening clay provides a durable, resistant finish to creations made without baking. It effectively protects the surface against humidity, dust, and wear, while enhancing details and textures of the model. It offers a satin, matte, or glossy finish depending on application and the number [&hellip;]<\/p>\n","protected":false},"featured_media":23444,"comment_status":"open","ping_status":"closed","template":"","meta":{"_uag_custom_page_level_css":"","site-sidebar-layout":"default","site-content-layout":"","ast-site-content-layout":"default","site-content-style":"default","site-sidebar-style":"default","ast-global-header-display":"","ast-banner-title-visibility":"","ast-main-header-display":"","ast-hfb-above-header-display":"","ast-hfb-below-header-display":"","ast-hfb-mobile-header-display":"","site-post-title":"","ast-breadcrumbs-content":"","ast-featured-img":"","footer-sml-layout":"","ast-disable-related-posts":"","theme-transparent-header-meta":"default","adv-header-id-meta":"","stick-header-meta":"","header-above-stick-meta":"","header-main-stick-meta":"","header-below-stick-meta":"","astra-migrate-meta-layouts":"set","ast-page-background-enabled":"default","ast-page-background-meta":{"desktop":{"background-color":"var(--ast-global-color-4)","background-image":"","background-repeat":"repeat","background-position":"center center","background-size":"auto","background-attachment":"scroll","background-type":"","background-media":"","overlay-type":"","overlay-color":"","overlay-opacity":"","overlay-gradient":""},"tablet":{"background-color":"","background-image":"","background-repeat":"repeat","background-position":"center center","background-size":"auto","background-attachment":"scroll","background-type":"","background-media":"","overlay-type":"","overlay-color":"","overlay-opacity":"","overlay-gradient":""},"mobile":{"background-color":"","background-image":"","background-repeat":"repeat","background-position":"center center","background-size":"auto","background-attachment":"scroll","background-type":"","background-media":"","overlay-type":"","overlay-color":"","overlay-opacity":"","overlay-gradient":""}},"ast-content-background-meta":{"desktop":{"background-color":"var(--ast-global-color-5)","background-image":"","background-repeat":"repeat","background-position":"center center","background-size":"auto","background-attachment":"scroll","background-type":"","background-media":"","overlay-type":"","overlay-color":"","overlay-opacity":"","overlay-gradient":""},"tablet":{"background-color":"var(--ast-global-color-5)","background-image":"","background-repeat":"repeat","background-position":"center center","background-size":"auto","background-attachment":"scroll","background-type":"","background-media":"","overlay-type":"","overlay-color":"","overlay-opacity":"","overlay-gradient":""},"mobile":{"background-color":"var(--ast-global-color-5)","background-image":"","background-repeat":"repeat","background-position":"center center","background-size":"auto","background-attachment":"scroll","background-type":"","background-media":"","overlay-type":"","overlay-color":"","overlay-opacity":"","overlay-gradient":""}}},"product_brand":[],"product_cat":[190],"product_tag":[],"class_list":{"0":"post-23040","1":"product","2":"type-product","3":"status-publish","4":"has-post-thumbnail","6":"product_cat-varnish","7":"desktop-align-left","8":"tablet-align-left","9":"mobile-align-left","11":"first","12":"instock","13":"sale","14":"shipping-taxable","15":"purchasable","16":"product-type-variable","17":"has-default-attributes"},"spectra_custom_meta":{"_visibility":["visible"],"_shopify_product_id":["9060510728437"],"_s2w_shopify_domain":["ferberpainting.myshopify.com"],"_shopify_variant_id":["46483478675701"],"_sku":["FPAIRDRYCLAYVARNISH"],"_manage_stock":["no"],"total_sales":["30"],"_tax_status":["taxable"],"_tax_class":[""],"_backorders":["no"],"_sold_individually":["no"],"_virtual":["no"],"_downloadable":["no"],"_download_limit":["-1"],"_download_expiry":["-1"],"_stock":[null],"_stock_status":["instock"],"_wc_average_rating":["4.75"],"_wc_review_count":["8"],"_product_attributes":["a:1:{s:6:\"volume\";a:6:{s:4:\"name\";s:6:\"Volume\";s:5:\"value\";s:30:\"1 liter | 5 liters | 20 liters\";s:8:\"position\";i:1;s:10:\"is_visible\";i:0;s:12:\"is_variation\";i:1;s:11:\"is_taxonomy\";i:0;}}"],"_product_version":["10.5.2"],"_thumbnail_id":["23444"],"_product_image_gallery":["23496,23553"],"_edit_lock":["1771954850:1"],"_edit_last":["1"],"_wp_page_template":["default"],"site-sidebar-layout":["default"],"ast-site-content-layout":["default"],"site-content-style":["default"],"site-sidebar-style":["default"],"theme-transparent-header-meta":["default"],"wpse_downloadable_file_names":[""],"wpse_downloadable_file_urls":[""],"_default_attributes":["a:1:{s:6:\"volume\";s:7:\"1 liter\";}"],"merchant-center-availability":["yes"],"merchant-center-category":["503738"],"_price":["29.90","129.90","499.90"],"_wc_rating_count":["a:2:{i:4;i:2;i:5;i:6;}"],"astra-migrate-meta-layouts":["set"],"_uag_css_file_name":["uag-css-23040.css"],"_elementor_page_assets":["a:0:{}"],"_uag_page_assets":["a:9:{s:3:\"css\";s:7133:\".uag-blocks-common-selector{z-index:var(--z-index-desktop) !important}@media(max-width: 976px){.uag-blocks-common-selector{z-index:var(--z-index-tablet) !important}}@media(max-width: 767px){.uag-blocks-common-selector{z-index:var(--z-index-mobile) !important}}.wp-block-uagb-image{display:flex}.wp-block-uagb-image__figure{position:relative;display:flex;flex-direction:column;max-width:100%;height:auto;margin:0}.wp-block-uagb-image__figure img{height:auto;display:flex;max-width:100%;transition:box-shadow .2s ease}.wp-block-uagb-image__figure>a{display:inline-block}.wp-block-uagb-image__figure figcaption{text-align:center;margin-top:.5em;margin-bottom:1em}.wp-block-uagb-image .components-placeholder.block-editor-media-placeholder .components-placeholder__instructions{align-self:center}.wp-block-uagb-image--align-left{text-align:left}.wp-block-uagb-image--align-right{text-align:right}.wp-block-uagb-image--align-center{text-align:center}.wp-block-uagb-image--align-full .wp-block-uagb-image__figure{margin-left:calc(50% - 50vw);margin-right:calc(50% - 50vw);max-width:100vw;width:100vw;height:auto}.wp-block-uagb-image--align-full .wp-block-uagb-image__figure img{height:auto;width:100% !important}.wp-block-uagb-image--align-wide .wp-block-uagb-image__figure img{height:auto;width:100%}.wp-block-uagb-image--layout-overlay__color-wrapper{position:absolute;left:0;top:0;right:0;bottom:0;opacity:.2;background:rgba(0,0,0,.5);transition:opacity .35s ease-in-out}.wp-block-uagb-image--layout-overlay-link{position:absolute;left:0;right:0;bottom:0;top:0}.wp-block-uagb-image--layout-overlay .wp-block-uagb-image__figure:hover .wp-block-uagb-image--layout-overlay__color-wrapper{opacity:1}.wp-block-uagb-image--layout-overlay__inner{position:absolute;left:15px;right:15px;bottom:15px;top:15px;display:flex;align-items:center;justify-content:center;flex-direction:column;border-color:#fff;transition:.35s ease-in-out}.wp-block-uagb-image--layout-overlay__inner.top-left,.wp-block-uagb-image--layout-overlay__inner.top-center,.wp-block-uagb-image--layout-overlay__inner.top-right{justify-content:flex-start}.wp-block-uagb-image--layout-overlay__inner.bottom-left,.wp-block-uagb-image--layout-overlay__inner.bottom-center,.wp-block-uagb-image--layout-overlay__inner.bottom-right{justify-content:flex-end}.wp-block-uagb-image--layout-overlay__inner.top-left,.wp-block-uagb-image--layout-overlay__inner.center-left,.wp-block-uagb-image--layout-overlay__inner.bottom-left{align-items:flex-start}.wp-block-uagb-image--layout-overlay__inner.top-right,.wp-block-uagb-image--layout-overlay__inner.center-right,.wp-block-uagb-image--layout-overlay__inner.bottom-right{align-items:flex-end}.wp-block-uagb-image--layout-overlay__inner .uagb-image-heading{color:#fff;transition:transform .35s,opacity .35s ease-in-out;transform:translate3d(0, 24px, 0);margin:0;line-height:1em}.wp-block-uagb-image--layout-overlay__inner .uagb-image-separator{width:30%;border-top-width:2px;border-top-color:#fff;border-top-style:solid;margin-bottom:10px;opacity:0;transition:transform .4s,opacity .4s ease-in-out;transform:translate3d(0, 30px, 0)}.wp-block-uagb-image--layout-overlay__inner .uagb-image-caption{opacity:0;overflow:visible;color:#fff;transition:transform .45s,opacity .45s ease-in-out;transform:translate3d(0, 35px, 0)}.wp-block-uagb-image--layout-overlay__inner:hover .uagb-image-heading,.wp-block-uagb-image--layout-overlay__inner:hover .uagb-image-separator,.wp-block-uagb-image--layout-overlay__inner:hover .uagb-image-caption{opacity:1;transform:translate3d(0, 0, 0)}.wp-block-uagb-image--effect-zoomin .wp-block-uagb-image__figure img,.wp-block-uagb-image--effect-zoomin .wp-block-uagb-image__figure .wp-block-uagb-image--layout-overlay__color-wrapper{transform:scale(1);transition:transform .35s ease-in-out}.wp-block-uagb-image--effect-zoomin .wp-block-uagb-image__figure:hover img,.wp-block-uagb-image--effect-zoomin .wp-block-uagb-image__figure:hover .wp-block-uagb-image--layout-overlay__color-wrapper{transform:scale(1.05)}.wp-block-uagb-image--effect-slide .wp-block-uagb-image__figure img,.wp-block-uagb-image--effect-slide .wp-block-uagb-image__figure .wp-block-uagb-image--layout-overlay__color-wrapper{width:calc(100% + 40px) !important;max-width:none !important;transform:translate3d(-40px, 0, 0);transition:transform .35s ease-in-out}.wp-block-uagb-image--effect-slide .wp-block-uagb-image__figure:hover img,.wp-block-uagb-image--effect-slide .wp-block-uagb-image__figure:hover .wp-block-uagb-image--layout-overlay__color-wrapper{transform:translate3d(0, 0, 0)}.wp-block-uagb-image--effect-grayscale img{filter:grayscale(0%);transition:.35s ease-in-out}.wp-block-uagb-image--effect-grayscale:hover img{filter:grayscale(100%)}.wp-block-uagb-image--effect-blur img{filter:blur(0);transition:.35s ease-in-out}.wp-block-uagb-image--effect-blur:hover img{filter:blur(3px)}.uagb-block-e6f939b3.wp-block-uagb-image--layout-default figure img{box-shadow: 0px 0px 0 #00000070;}.uagb-block-e6f939b3.wp-block-uagb-image .wp-block-uagb-image__figure figcaption{font-style: normal;align-self: center;}.uagb-block-e6f939b3.wp-block-uagb-image--layout-overlay figure img{box-shadow: 0px 0px 0 #00000070;}.uagb-block-e6f939b3.wp-block-uagb-image--layout-overlay .wp-block-uagb-image--layout-overlay__color-wrapper{opacity: 0.2;}.uagb-block-e6f939b3.wp-block-uagb-image--layout-overlay .wp-block-uagb-image--layout-overlay__inner{left: 15px;right: 15px;top: 15px;bottom: 15px;}.uagb-block-e6f939b3.wp-block-uagb-image--layout-overlay .wp-block-uagb-image--layout-overlay__inner .uagb-image-heading{font-style: normal;color: #fff;opacity: 1;}.uagb-block-e6f939b3.wp-block-uagb-image--layout-overlay .wp-block-uagb-image--layout-overlay__inner .uagb-image-heading a{color: #fff;}.uagb-block-e6f939b3.wp-block-uagb-image--layout-overlay .wp-block-uagb-image--layout-overlay__inner .uagb-image-caption{opacity: 0;}.uagb-block-e6f939b3.wp-block-uagb-image--layout-overlay .wp-block-uagb-image__figure:hover .wp-block-uagb-image--layout-overlay__color-wrapper{opacity: 1;}.uagb-block-e6f939b3.wp-block-uagb-image .wp-block-uagb-image--layout-overlay__inner .uagb-image-separator{width: 30%;border-top-width: 2px;border-top-color: #fff;opacity: 0;}.uagb-block-e6f939b3.wp-block-uagb-image .wp-block-uagb-image__figure img{width: px;height: auto;}.uagb-block-e6f939b3.wp-block-uagb-image .wp-block-uagb-image__figure:hover .wp-block-uagb-image--layout-overlay__inner .uagb-image-caption{opacity: 1;}.uagb-block-e6f939b3.wp-block-uagb-image .wp-block-uagb-image__figure:hover .wp-block-uagb-image--layout-overlay__inner .uagb-image-separator{opacity: 1;}.uagb-block-e6f939b3.wp-block-uagb-image--layout-default figure:hover img{box-shadow: 0px 0px 0 #00000070;}.uagb-block-e6f939b3.wp-block-uagb-image--layout-overlay figure:hover img{box-shadow: 0px 0px 0 #00000070;}@media only screen and (max-width: 976px) {.uagb-block-e6f939b3.wp-block-uagb-image .wp-block-uagb-image__figure img{width: px;height: auto;}}@media only screen and (max-width: 767px) {.uagb-block-e6f939b3.wp-block-uagb-image .wp-block-uagb-image__figure img{width: px;height: auto;}}\";s:2:\"js\";s:0:\"\";s:18:\"current_block_list\";a:13:{i:0;s:11:\"core\/search\";i:1;s:10:\"core\/group\";i:2;s:12:\"core\/heading\";i:3;s:17:\"core\/latest-posts\";i:4;s:20:\"core\/latest-comments\";i:5;s:13:\"core\/archives\";i:6;s:15:\"core\/categories\";i:7;s:14:\"core\/paragraph\";i:8;s:10:\"uagb\/image\";i:9;s:11:\"core\/spacer\";i:10;s:30:\"woocommerce\/product-categories\";i:11;s:10:\"core\/image\";i:12;s:14:\"core\/shortcode\";}s:8:\"uag_flag\";b:1;s:11:\"uag_version\";s:10:\"1777099223\";s:6:\"gfonts\";a:0:{}s:10:\"gfonts_url\";s:0:\"\";s:12:\"gfonts_files\";a:0:{}s:14:\"uag_faq_layout\";b:0;}"]},"uagb_featured_image_src":{"full":["https:\/\/www.ferberpainting.com\/wp-content\/uploads\/2025\/05\/Air-DryClayVarnish_1L.png",2560,2276,false],"thumbnail":["https:\/\/www.ferberpainting.com\/wp-content\/uploads\/2025\/05\/Air-DryClayVarnish_1L-150x150.png",150,150,true],"medium":["https:\/\/www.ferberpainting.com\/wp-content\/uploads\/2025\/05\/Air-DryClayVarnish_1L-300x267.png",300,267,true],"medium_large":["https:\/\/www.ferberpainting.com\/wp-content\/uploads\/2025\/05\/Air-DryClayVarnish_1L-768x683.png",768,683,true],"large":["https:\/\/www.ferberpainting.com\/wp-content\/uploads\/2025\/05\/Air-DryClayVarnish_1L-1024x910.png",1024,910,true],"1536x1536":["https:\/\/www.ferberpainting.com\/wp-content\/uploads\/2025\/05\/Air-DryClayVarnish_1L-1536x1366.png",1536,1366,true],"2048x2048":["https:\/\/www.ferberpainting.com\/wp-content\/uploads\/2025\/05\/Air-DryClayVarnish_1L-2048x1821.png",2048,1821,true],"trp-custom-language-flag":["https:\/\/www.ferberpainting.com\/wp-content\/uploads\/2025\/05\/Air-DryClayVarnish_1L-13x12.png",13,12,true],"woocommerce_thumbnail":["https:\/\/www.ferberpainting.com\/wp-content\/uploads\/2025\/05\/Air-DryClayVarnish_1L-300x300.png",300,300,true],"woocommerce_single":["https:\/\/www.ferberpainting.com\/wp-content\/uploads\/2025\/05\/Air-DryClayVarnish_1L-600x533.png",600,533,true],"woocommerce_gallery_thumbnail":["https:\/\/www.ferberpainting.com\/wp-content\/uploads\/2025\/05\/Air-DryClayVarnish_1L-100x100.png",100,100,true]},"uagb_author_info":{"display_name":"admin","author_link":"https:\/\/www.ferberpainting.com\/pl\/author\/"},"uagb_comment_info":8,"uagb_excerpt":"Optimal protection and finish for self-hardening clay.\u00a0This varnish specially designed for self-hardening clay provides a durable, resistant finish to creations made without baking. It effectively protects the surface against humidity, dust, and wear, while enhancing details and textures of the model. It offers a satin, matte, or glossy finish depending on application and the number&hellip;","_links":{"self":[{"href":"https:\/\/www.ferberpainting.com\/pl\/wp-json\/wp\/v2\/product\/23040","targetHints":{"allow":["GET"]}}],"collection":[{"href":"https:\/\/www.ferberpainting.com\/pl\/wp-json\/wp\/v2\/product"}],"about":[{"href":"https:\/\/www.ferberpainting.com\/pl\/wp-json\/wp\/v2\/types\/product"}],"replies":[{"embeddable":true,"href":"https:\/\/www.ferberpainting.com\/pl\/wp-json\/wp\/v2\/comments?post=23040"}],"version-history":[{"count":6,"href":"https:\/\/www.ferberpainting.com\/pl\/wp-json\/wp\/v2\/product\/23040\/revisions"}],"predecessor-version":[{"id":166007,"href":"https:\/\/www.ferberpainting.com\/pl\/wp-json\/wp\/v2\/product\/23040\/revisions\/166007"}],"wp:featuredmedia":[{"embeddable":true,"href":"https:\/\/www.ferberpainting.com\/pl\/wp-json\/wp\/v2\/media\/23444"}],"wp:attachment":[{"href":"https:\/\/www.ferberpainting.com\/pl\/wp-json\/wp\/v2\/media?parent=23040"}],"wp:term":[{"taxonomy":"product_brand","embeddable":true,"href":"https:\/\/www.ferberpainting.com\/pl\/wp-json\/wp\/v2\/product_brand?post=23040"},{"taxonomy":"product_cat","embeddable":true,"href":"https:\/\/www.ferberpainting.com\/pl\/wp-json\/wp\/v2\/product_cat?post=23040"},{"taxonomy":"product_tag","embeddable":true,"href":"https:\/\/www.ferberpainting.com\/pl\/wp-json\/wp\/v2\/product_tag?post=23040"}],"curies":[{"name":"wp","href":"https:\/\/api.w.org\/{rel}","templated":true}]}}