{"id":23017,"date":"2025-05-26T10:22:10","date_gmt":"2025-05-26T08:22:10","guid":{"rendered":"https:\/\/www.ferberpainting.com\/products\/3-in-1-marble-restorer\/"},"modified":"2026-02-18T10:17:23","modified_gmt":"2026-02-18T09:17:23","slug":"3-in-1-marble-restorer","status":"publish","type":"product","link":"https:\/\/www.ferberpainting.com\/pl\/products\/3-in-1-marble-restorer\/","title":{"rendered":"Renowator do marmuru"},"content":{"rendered":"<p><strong><img decoding=\"async\" style=\"margin-right: 12px;\" src=\"https:\/\/www.ferberpainting.com\/wp-content\/uploads\/2026\/02\/Check.svg\" alt=\"\" width=\"18\" height=\"15\" \/>Przywr\u00f3\u0107 matowy marmur do \u017cycia dzi\u0119ki profesjonalnej mocy renowacji.<\/strong> Nasz renowator do marmuru zosta\u0142 specjalnie opracowany, aby o\u017cywi\u0107 zm\u0119czone, wytrawione i zwietrza\u0142e powierzchnie marmurowe, przywracaj\u0105c im naturaln\u0105 g\u0142\u0119bi\u0119, klarowno\u015b\u0107 i po\u0142ysk w jednym usprawnionym procesie. Niezale\u017cnie od tego, czy marmur straci\u0142 sw\u00f3j blask z powodu ruchu pieszego, chemikali\u00f3w czyszcz\u0105cych czy up\u0142ywu czasu, ta zaawansowana formu\u0142a penetruje powierzchni\u0119 kamienia, aby podkre\u015bli\u0107 jego pierwotne pi\u0119kno, zachowuj\u0105c jednocze\u015bnie jego naturalny charakter. Dzia\u0142a na pod\u0142ogach, blatach, \u015bcianach, toaletkach, schodach i dekoracyjnych elementach marmurowych, dzi\u0119ki czemu jest wszechstronnym rozwi\u0105zaniem zar\u00f3wno dla \u015brodowisk mieszkalnych, jak i komercyjnych.<\/p>\n<p><strong><img decoding=\"async\" style=\"margin-right: 12px;\" src=\"https:\/\/www.ferberpainting.com\/wp-content\/uploads\/2026\/02\/Check.svg\" alt=\"\" width=\"18\" height=\"15\" \/>Najskuteczniejsze rozwi\u0105zanie do renowacji marmuru na rynku.<\/strong> Nasz produkt wyr\u00f3\u017cnia si\u0119 wysokowydajn\u0105 formu\u0142\u0105 zaprojektowan\u0105 specjalnie dla kamieni na bazie kalcytu, takich jak marmur. Usuwa lekkie wytrawianie powierzchni, zmniejsza widoczno\u015b\u0107 mikrozarysowa\u0144, o\u017cywia wyblak\u0142e obszary i zwi\u0119ksza kontrast kolor\u00f3w znacznie skuteczniej ni\u017c konwencjonalne \u015brodki czyszcz\u0105ce lub og\u00f3lne pasty polerskie. Zamiast po prostu pokrywa\u0107 powierzchni\u0119, wchodzi w interakcj\u0119 z kamieniem, daj\u0105c widoczne i d\u0142ugotrwa\u0142e rezultaty, kt\u00f3re przywracaj\u0105 elegancj\u0119 i jednolito\u015b\u0107.<\/p>\n<p><strong><img decoding=\"async\" style=\"margin-right: 12px;\" src=\"https:\/\/www.ferberpainting.com\/wp-content\/uploads\/2026\/02\/Check.svg\" alt=\"\" width=\"18\" height=\"15\" \/>Gwarantowana satysfakcja lub zwrot pieni\u0119dzy.<\/strong> Jeste\u015bmy w pe\u0142ni przekonani o skuteczno\u015bci naszej renowacji marmuru, dlatego te\u017c oferujemy pe\u0142n\u0105 gwarancj\u0119 zwrotu pieni\u0119dzy. Je\u015bli nie b\u0119dziesz w pe\u0142ni zadowolony z rezultat\u00f3w, zwr\u00f3cimy Ci cen\u0119 zakupu. Bez stresu, bez skomplikowanych procedur - po prostu bezpo\u015brednie zobowi\u0105zanie do zadowolenia. Gwarancja ta odzwierciedla zaufanie, jakim darzymy nasz\u0105 formu\u0142\u0119 i zapewnia, \u017ce zakup jest ca\u0142kowicie wolny od ryzyka.<\/p>\n<p><strong><img decoding=\"async\" style=\"margin-right: 12px;\" src=\"https:\/\/www.ferberpainting.com\/wp-content\/uploads\/2026\/02\/Check.svg\" alt=\"\" width=\"18\" height=\"15\" \/>Najta\u0144sza dost\u0119pna profesjonalna renowacja marmuru.<\/strong> Wierzymy, \u017ce najwy\u017csza jako\u015b\u0107 nie powinna wi\u0105za\u0107 si\u0119 z wyg\u00f3rowan\u0105 cen\u0105. Nasza renowacja marmuru zapewnia profesjonaln\u0105 wydajno\u015b\u0107 w najbardziej konkurencyjnej cenie na rynku. W por\u00f3wnaniu z kosztownymi us\u0142ugami renowacyjnymi lub drogimi specjalistycznymi produktami, nasze rozwi\u0105zanie pozwala osi\u0105gn\u0105\u0107 wyj\u0105tkowe rezultaty za u\u0142amek koszt\u00f3w, co czyni je najm\u0105drzejszym wyborem finansowym do konserwacji marmurowych powierzchni.<\/p>\n<p><strong><img decoding=\"async\" style=\"margin-right: 12px;\" src=\"https:\/\/www.ferberpainting.com\/wp-content\/uploads\/2026\/02\/Check.svg\" alt=\"\" width=\"18\" height=\"15\" \/>Szybka dostawa w ci\u0105gu 24 godzin za ka\u017cdym razem.<\/strong> Rozumiemy, \u017ce gdy Twoje marmurowe powierzchnie wymagaj\u0105 uwagi, potrzebujesz szybkiego rozwi\u0105zania. Dlatego zawsze oferujemy 24-godzinn\u0105 dostaw\u0119. Gdy tylko z\u0142o\u017cysz zam\u00f3wienie, szybko je przetworzymy i wy\u015blemy, aby\u015b m\u00f3g\u0142 bezzw\u0142ocznie rozpocz\u0105\u0107 renowacj\u0119 marmuru. Szybko\u015b\u0107, niezawodno\u015b\u0107 i wydajno\u015b\u0107 s\u0105 cz\u0119\u015bci\u0105 naszego zobowi\u0105zania do \u015bwiadczenia us\u0142ug.<\/p>\n<p><strong><img decoding=\"async\" style=\"margin-right: 12px;\" src=\"https:\/\/www.ferberpainting.com\/wp-content\/uploads\/2026\/02\/Check.svg\" alt=\"\" width=\"18\" height=\"15\" \/>Imponuj\u0105ce pokrycie do 20 m\u00b2 na litr.<\/strong> Jeden litr naszego \u015brodka do renowacji marmuru pokrywa do 20 metr\u00f3w kwadratowych, zapewniaj\u0105c doskona\u0142y stosunek jako\u015bci do ceny. Tak obfite pokrycie sprawia, \u017ce idealnie nadaje si\u0119 zar\u00f3wno do niewielkich poprawek, jak i wi\u0119kszych powierzchni, takich jak otwarte pod\u0142ogi lub rozleg\u0142e blaty. Optymalne rozprowadzanie i wch\u0142anianie pozwala maksymalnie wykorzysta\u0107 ka\u017cdy litr i zminimalizowa\u0107 ilo\u015b\u0107 odpad\u00f3w.<\/p>\n<p><strong><img decoding=\"async\" style=\"margin-right: 12px;\" src=\"https:\/\/www.ferberpainting.com\/wp-content\/uploads\/2026\/02\/Check.svg\" alt=\"\" width=\"18\" height=\"15\" \/>Zwi\u0119ksza po\u0142ysk, zachowuj\u0105c integralno\u015b\u0107 kamienia naturalnego.<\/strong> W przeciwie\u0144stwie do ostrych \u015brodk\u00f3w chemicznych, kt\u00f3re z czasem mog\u0105 os\u0142abi\u0107 marmur, nasza formu\u0142a jest zr\u00f3wnowa\u017cona, aby zwi\u0119kszy\u0107 po\u0142ysk i g\u0142\u0119bi\u0119 bez uszkadzania wewn\u0119trznej struktury kamienia. Szanuje naturalny sk\u0142ad marmuru, pomagaj\u0105c zachowa\u0107 jego trwa\u0142o\u015b\u0107 przy jednoczesnej poprawie wygl\u0105du. Rezultatem jest wyrafinowane, naturalnie wygl\u0105daj\u0105ce wyko\u0144czenie, a nie sztuczna lub nadmiernie b\u0142yszcz\u0105ca powierzchnia.<\/p>\n<p><strong><img decoding=\"async\" style=\"margin-right: 12px;\" src=\"https:\/\/www.ferberpainting.com\/wp-content\/uploads\/2026\/02\/Check.svg\" alt=\"\" width=\"18\" height=\"15\" \/>Chroni przed przysz\u0142ym zu\u017cyciem i matowieniem.<\/strong> Opr\u00f3cz prostej renowacji, nasz renowator do marmuru zapewnia subteln\u0105 warstw\u0119 ochronn\u0105, kt\u00f3ra pomaga chroni\u0107 powierzchnie przed codziennym zu\u017cyciem, nara\u017ceniem na wilgo\u0107 i drobnymi plamami. Ta dodatkowa ochrona zmniejsza cz\u0119stotliwo\u015b\u0107 g\u0142\u0119bokich zabieg\u00f3w renowacyjnych i pomaga zachowa\u0107 blask marmuru przez d\u0142u\u017cszy czas.<\/p>\n<p><strong><img decoding=\"async\" style=\"margin-right: 12px;\" src=\"https:\/\/www.ferberpainting.com\/wp-content\/uploads\/2026\/02\/Check.svg\" alt=\"\" width=\"18\" height=\"15\" \/>\u0141atwa aplikacja zar\u00f3wno dla profesjonalist\u00f3w, jak i w\u0142a\u015bcicieli dom\u00f3w.<\/strong> Nie potrzebujesz specjalistycznych maszyn ani du\u017cego do\u015bwiadczenia, aby osi\u0105gn\u0105\u0107 doskona\u0142e rezultaty. Produkt zosta\u0142 zaprojektowany do prostej aplikacji r\u0119cznej lub przy u\u017cyciu maszyn polerskich, dzi\u0119ki czemu zar\u00f3wno profesjonali\u015bci, jak i majsterkowicze mog\u0105 skutecznie i bezpiecznie odnawia\u0107 marmurowe powierzchnie. Jasne instrukcje u\u017cytkowania zapewniaj\u0105 sp\u00f3jne rezultaty.<\/p>\n<p><strong><img decoding=\"async\" style=\"margin-right: 12px;\" src=\"https:\/\/www.ferberpainting.com\/wp-content\/uploads\/2026\/02\/Check.svg\" alt=\"\" width=\"18\" height=\"15\" \/>Nadaje si\u0119 do wielu \u015brodowisk wewn\u0119trznych.<\/strong> Nasz \u015brodek do renowacji marmuru jest idealny do kuchni, \u0142azienek, korytarzy, lobby hotelowych, biur, powierzchni handlowych i nie tylko. Dzia\u0142a skutecznie na pod\u0142ogach, blatach, parapetach i elementach dekoracyjnych, dzi\u0119ki czemu jest kompleksowym rozwi\u0105zaniem do konserwacji marmuru w ka\u017cdej nieruchomo\u015bci. Mo\u017cliwo\u015b\u0107 dostosowania sprawia, \u017ce jest to produkt niezb\u0119dny dla w\u0142a\u015bcicieli nieruchomo\u015bci, zarz\u0105dc\u00f3w obiekt\u00f3w i specjalist\u00f3w od renowacji.<\/p>\n<h2><strong>Instrukcje<\/strong><\/h2>\n<ul>\n<li>Przed aplikacj\u0105 upewnij si\u0119, \u017ce marmurowa powierzchnia jest czysta, sucha i wolna od kurzu, t\u0142uszczu, wosku lub poprzednich pow\u0142ok. W razie potrzeby umyj powierzchni\u0119 neutralnym \u015brodkiem do czyszczenia kamienia i pozostaw do ca\u0142kowitego wyschni\u0119cia.<\/li>\n<li>Przed u\u017cyciem dobrze wstrz\u0105sn\u0105\u0107 pojemnikiem, aby zapewni\u0107 r\u00f3wnomierne rozprowadzenie sk\u0142adnik\u00f3w aktywnych.<\/li>\n<li>Na\u0142\u00f3\u017c niewielk\u0105 ilo\u015b\u0107 renowatora do marmuru bezpo\u015brednio na powierzchni\u0119 lub na czyst\u0105, mi\u0119kk\u0105 \u015bciereczk\u0119 lub aplikator.<\/li>\n<li>Rozprowad\u017a r\u00f3wnomiernie po marmurze, wykonuj\u0105c okr\u0119\u017cne ruchy, aby zapewni\u0107 jednolite pokrycie. Nie przesyca\u0107 powierzchni.<\/li>\n<li>Przestrzega\u0107 wska\u017anika pokrycia oko\u0142o 20 m\u00b2 na litr. Dostosowa\u0107 nak\u0142adan\u0105 ilo\u015b\u0107 do porowato\u015bci i stanu marmuru.<\/li>\n<li>Pozostawi\u0107 produkt na kilka minut, aby wnikn\u0105\u0142 w powierzchni\u0119 i wszed\u0142 z ni\u0105 w reakcj\u0119, w zale\u017cno\u015bci od stopnia zmatowienia i zu\u017cycia.<\/li>\n<li>Wypoleruj powierzchni\u0119 za pomoc\u0105 czystej, suchej \u015bciereczki z mikrofibry lub wolnoobrotowej maszyny polerskiej wyposa\u017conej w mi\u0119kki pad, a\u017c do uzyskania po\u017c\u0105danego po\u0142ysku.<\/li>\n<li>W przypadku mocno zu\u017cytych lub wytrawionych obszar\u00f3w mo\u017ce by\u0107 wymagana druga aplikacja. Przed na\u0142o\u017ceniem kolejnej warstwy nale\u017cy odczeka\u0107 do ca\u0142kowitego wyschni\u0119cia pierwszej warstwy.<\/li>\n<li>Zalecana dawka to oko\u0142o 50 ml na metr kwadratowy, dostosowana do absorpcji i stanu powierzchni. Nale\u017cy unika\u0107 nadmiernego nak\u0142adania, poniewa\u017c cienka, r\u00f3wnomierna warstwa zapewnia najlepsze rezultaty.<\/li>\n<li>Po obr\u00f3bce nale\u017cy pozostawi\u0107 powierzchni\u0119 na kilka godzin przed nara\u017ceniem jej na intensywny ruch lub wilgo\u0107.<\/li>\n<li>W celu bie\u017c\u0105cej konserwacji nale\u017cy czy\u015bci\u0107 marmurowe powierzchnie \u015brodkiem czyszcz\u0105cym o neutralnym pH i unika\u0107 kwa\u015bnych produkt\u00f3w, kt\u00f3re mog\u0142yby uszkodzi\u0107 wyko\u0144czenie.<\/li>\n<li>Produkt nale\u017cy przechowywa\u0107 w ch\u0142odnym, suchym miejscu, z dala od bezpo\u015bredniego \u015bwiat\u0142a s\u0142onecznego i ekstremalnych temperatur. Upewni\u0107 si\u0119, \u017ce pojemnik jest szczelnie zamkni\u0119ty po ka\u017cdym u\u017cyciu.<\/li>\n<\/ul>\n<p>&nbsp;<\/p>\n<p>&nbsp;<\/p>","protected":false},"excerpt":{"rendered":"<p>Bring dull marble back to life with professional-grade restoration power. Our marble restorer is specially formulated to revive tired, etched, and weathered marble surfaces, restoring their natural depth, clarity, and shine in a single streamlined process. Whether your marble has lost its luster due to foot traffic, cleaning chemicals, or time, this advanced formula penetrates [&hellip;]<\/p>\n","protected":false},"featured_media":22989,"comment_status":"open","ping_status":"closed","template":"","meta":{"_uag_custom_page_level_css":"","site-sidebar-layout":"default","site-content-layout":"","ast-site-content-layout":"default","site-content-style":"default","site-sidebar-style":"default","ast-global-header-display":"","ast-banner-title-visibility":"","ast-main-header-display":"","ast-hfb-above-header-display":"","ast-hfb-below-header-display":"","ast-hfb-mobile-header-display":"","site-post-title":"","ast-breadcrumbs-content":"","ast-featured-img":"","footer-sml-layout":"","ast-disable-related-posts":"","theme-transparent-header-meta":"default","adv-header-id-meta":"","stick-header-meta":"","header-above-stick-meta":"","header-main-stick-meta":"","header-below-stick-meta":"","astra-migrate-meta-layouts":"set","ast-page-background-enabled":"default","ast-page-background-meta":{"desktop":{"background-color":"var(--ast-global-color-4)","background-image":"","background-repeat":"repeat","background-position":"center center","background-size":"auto","background-attachment":"scroll","background-type":"","background-media":"","overlay-type":"","overlay-color":"","overlay-opacity":"","overlay-gradient":""},"tablet":{"background-color":"","background-image":"","background-repeat":"repeat","background-position":"center center","background-size":"auto","background-attachment":"scroll","background-type":"","background-media":"","overlay-type":"","overlay-color":"","overlay-opacity":"","overlay-gradient":""},"mobile":{"background-color":"","background-image":"","background-repeat":"repeat","background-position":"center center","background-size":"auto","background-attachment":"scroll","background-type":"","background-media":"","overlay-type":"","overlay-color":"","overlay-opacity":"","overlay-gradient":""}},"ast-content-background-meta":{"desktop":{"background-color":"var(--ast-global-color-5)","background-image":"","background-repeat":"repeat","background-position":"center center","background-size":"auto","background-attachment":"scroll","background-type":"","background-media":"","overlay-type":"","overlay-color":"","overlay-opacity":"","overlay-gradient":""},"tablet":{"background-color":"var(--ast-global-color-5)","background-image":"","background-repeat":"repeat","background-position":"center center","background-size":"auto","background-attachment":"scroll","background-type":"","background-media":"","overlay-type":"","overlay-color":"","overlay-opacity":"","overlay-gradient":""},"mobile":{"background-color":"var(--ast-global-color-5)","background-image":"","background-repeat":"repeat","background-position":"center center","background-size":"auto","background-attachment":"scroll","background-type":"","background-media":"","overlay-type":"","overlay-color":"","overlay-opacity":"","overlay-gradient":""}}},"product_brand":[],"product_cat":[175],"product_tag":[],"class_list":{"0":"post-23017","1":"product","2":"type-product","3":"status-publish","4":"has-post-thumbnail","6":"product_cat-cleaning-products","7":"desktop-align-left","8":"tablet-align-left","9":"mobile-align-left","11":"first","12":"instock","13":"sale","14":"shipping-taxable","15":"purchasable","16":"product-type-variable","17":"has-default-attributes"},"spectra_custom_meta":{"_visibility":["visible"],"_shopify_product_id":["7955507511541"],"_s2w_shopify_domain":["ferberpainting.myshopify.com"],"_shopify_variant_id":["43515594670325"],"_manage_stock":["no"],"total_sales":["272"],"_tax_status":["taxable"],"_tax_class":[""],"_backorders":["no"],"_sold_individually":["no"],"_virtual":["no"],"_downloadable":["no"],"_download_limit":["-1"],"_download_expiry":["-1"],"_stock":[null],"_stock_status":["instock"],"_wc_average_rating":["4.90"],"_wc_review_count":["58"],"_product_attributes":["a:1:{s:6:\"volume\";a:6:{s:4:\"name\";s:6:\"Volume\";s:5:\"value\";s:20:\"5 liters | 25 liters\";s:8:\"position\";i:1;s:10:\"is_visible\";i:0;s:12:\"is_variation\";i:1;s:11:\"is_taxonomy\";i:0;}}"],"_product_version":["10.5.2"],"_thumbnail_id":["22989"],"_product_image_gallery":["22990"],"_edit_lock":["1771954824:1"],"_edit_last":["1"],"_wp_page_template":["default"],"site-sidebar-layout":["default"],"ast-site-content-layout":["default"],"site-content-style":["default"],"site-sidebar-style":["default"],"theme-transparent-header-meta":["default"],"merchant-center-availability":["yes"],"merchant-center-id":["3I1MR"],"merchant-center-category":["7504"],"_default_attributes":["a:1:{s:6:\"volume\";s:8:\"5 liters\";}"],"_price":["29.90","129.90"],"_wc_rating_count":["a:3:{i:3;i:1;i:4;i:4;i:5;i:53;}"],"_sku":["FP31MARBLERESTORER"],"astra-migrate-meta-layouts":["set"],"_uag_css_file_name":["uag-css-23017.css"],"_elementor_page_assets":["a:0:{}"],"_uag_page_assets":["a:9:{s:3:\"css\";s:7133:\".uag-blocks-common-selector{z-index:var(--z-index-desktop) !important}@media(max-width: 976px){.uag-blocks-common-selector{z-index:var(--z-index-tablet) !important}}@media(max-width: 767px){.uag-blocks-common-selector{z-index:var(--z-index-mobile) !important}}.wp-block-uagb-image{display:flex}.wp-block-uagb-image__figure{position:relative;display:flex;flex-direction:column;max-width:100%;height:auto;margin:0}.wp-block-uagb-image__figure img{height:auto;display:flex;max-width:100%;transition:box-shadow .2s ease}.wp-block-uagb-image__figure>a{display:inline-block}.wp-block-uagb-image__figure figcaption{text-align:center;margin-top:.5em;margin-bottom:1em}.wp-block-uagb-image .components-placeholder.block-editor-media-placeholder .components-placeholder__instructions{align-self:center}.wp-block-uagb-image--align-left{text-align:left}.wp-block-uagb-image--align-right{text-align:right}.wp-block-uagb-image--align-center{text-align:center}.wp-block-uagb-image--align-full .wp-block-uagb-image__figure{margin-left:calc(50% - 50vw);margin-right:calc(50% - 50vw);max-width:100vw;width:100vw;height:auto}.wp-block-uagb-image--align-full .wp-block-uagb-image__figure img{height:auto;width:100% !important}.wp-block-uagb-image--align-wide .wp-block-uagb-image__figure img{height:auto;width:100%}.wp-block-uagb-image--layout-overlay__color-wrapper{position:absolute;left:0;top:0;right:0;bottom:0;opacity:.2;background:rgba(0,0,0,.5);transition:opacity .35s ease-in-out}.wp-block-uagb-image--layout-overlay-link{position:absolute;left:0;right:0;bottom:0;top:0}.wp-block-uagb-image--layout-overlay .wp-block-uagb-image__figure:hover .wp-block-uagb-image--layout-overlay__color-wrapper{opacity:1}.wp-block-uagb-image--layout-overlay__inner{position:absolute;left:15px;right:15px;bottom:15px;top:15px;display:flex;align-items:center;justify-content:center;flex-direction:column;border-color:#fff;transition:.35s ease-in-out}.wp-block-uagb-image--layout-overlay__inner.top-left,.wp-block-uagb-image--layout-overlay__inner.top-center,.wp-block-uagb-image--layout-overlay__inner.top-right{justify-content:flex-start}.wp-block-uagb-image--layout-overlay__inner.bottom-left,.wp-block-uagb-image--layout-overlay__inner.bottom-center,.wp-block-uagb-image--layout-overlay__inner.bottom-right{justify-content:flex-end}.wp-block-uagb-image--layout-overlay__inner.top-left,.wp-block-uagb-image--layout-overlay__inner.center-left,.wp-block-uagb-image--layout-overlay__inner.bottom-left{align-items:flex-start}.wp-block-uagb-image--layout-overlay__inner.top-right,.wp-block-uagb-image--layout-overlay__inner.center-right,.wp-block-uagb-image--layout-overlay__inner.bottom-right{align-items:flex-end}.wp-block-uagb-image--layout-overlay__inner .uagb-image-heading{color:#fff;transition:transform .35s,opacity .35s ease-in-out;transform:translate3d(0, 24px, 0);margin:0;line-height:1em}.wp-block-uagb-image--layout-overlay__inner .uagb-image-separator{width:30%;border-top-width:2px;border-top-color:#fff;border-top-style:solid;margin-bottom:10px;opacity:0;transition:transform .4s,opacity .4s ease-in-out;transform:translate3d(0, 30px, 0)}.wp-block-uagb-image--layout-overlay__inner .uagb-image-caption{opacity:0;overflow:visible;color:#fff;transition:transform .45s,opacity .45s ease-in-out;transform:translate3d(0, 35px, 0)}.wp-block-uagb-image--layout-overlay__inner:hover .uagb-image-heading,.wp-block-uagb-image--layout-overlay__inner:hover .uagb-image-separator,.wp-block-uagb-image--layout-overlay__inner:hover .uagb-image-caption{opacity:1;transform:translate3d(0, 0, 0)}.wp-block-uagb-image--effect-zoomin .wp-block-uagb-image__figure img,.wp-block-uagb-image--effect-zoomin .wp-block-uagb-image__figure .wp-block-uagb-image--layout-overlay__color-wrapper{transform:scale(1);transition:transform .35s ease-in-out}.wp-block-uagb-image--effect-zoomin .wp-block-uagb-image__figure:hover img,.wp-block-uagb-image--effect-zoomin .wp-block-uagb-image__figure:hover .wp-block-uagb-image--layout-overlay__color-wrapper{transform:scale(1.05)}.wp-block-uagb-image--effect-slide .wp-block-uagb-image__figure img,.wp-block-uagb-image--effect-slide .wp-block-uagb-image__figure .wp-block-uagb-image--layout-overlay__color-wrapper{width:calc(100% + 40px) !important;max-width:none !important;transform:translate3d(-40px, 0, 0);transition:transform .35s ease-in-out}.wp-block-uagb-image--effect-slide .wp-block-uagb-image__figure:hover img,.wp-block-uagb-image--effect-slide .wp-block-uagb-image__figure:hover .wp-block-uagb-image--layout-overlay__color-wrapper{transform:translate3d(0, 0, 0)}.wp-block-uagb-image--effect-grayscale img{filter:grayscale(0%);transition:.35s ease-in-out}.wp-block-uagb-image--effect-grayscale:hover img{filter:grayscale(100%)}.wp-block-uagb-image--effect-blur img{filter:blur(0);transition:.35s ease-in-out}.wp-block-uagb-image--effect-blur:hover img{filter:blur(3px)}.uagb-block-e6f939b3.wp-block-uagb-image--layout-default figure img{box-shadow: 0px 0px 0 #00000070;}.uagb-block-e6f939b3.wp-block-uagb-image .wp-block-uagb-image__figure figcaption{font-style: normal;align-self: center;}.uagb-block-e6f939b3.wp-block-uagb-image--layout-overlay figure img{box-shadow: 0px 0px 0 #00000070;}.uagb-block-e6f939b3.wp-block-uagb-image--layout-overlay .wp-block-uagb-image--layout-overlay__color-wrapper{opacity: 0.2;}.uagb-block-e6f939b3.wp-block-uagb-image--layout-overlay .wp-block-uagb-image--layout-overlay__inner{left: 15px;right: 15px;top: 15px;bottom: 15px;}.uagb-block-e6f939b3.wp-block-uagb-image--layout-overlay .wp-block-uagb-image--layout-overlay__inner .uagb-image-heading{font-style: normal;color: #fff;opacity: 1;}.uagb-block-e6f939b3.wp-block-uagb-image--layout-overlay .wp-block-uagb-image--layout-overlay__inner .uagb-image-heading a{color: #fff;}.uagb-block-e6f939b3.wp-block-uagb-image--layout-overlay .wp-block-uagb-image--layout-overlay__inner .uagb-image-caption{opacity: 0;}.uagb-block-e6f939b3.wp-block-uagb-image--layout-overlay .wp-block-uagb-image__figure:hover .wp-block-uagb-image--layout-overlay__color-wrapper{opacity: 1;}.uagb-block-e6f939b3.wp-block-uagb-image .wp-block-uagb-image--layout-overlay__inner .uagb-image-separator{width: 30%;border-top-width: 2px;border-top-color: #fff;opacity: 0;}.uagb-block-e6f939b3.wp-block-uagb-image .wp-block-uagb-image__figure img{width: px;height: auto;}.uagb-block-e6f939b3.wp-block-uagb-image .wp-block-uagb-image__figure:hover .wp-block-uagb-image--layout-overlay__inner .uagb-image-caption{opacity: 1;}.uagb-block-e6f939b3.wp-block-uagb-image .wp-block-uagb-image__figure:hover .wp-block-uagb-image--layout-overlay__inner .uagb-image-separator{opacity: 1;}.uagb-block-e6f939b3.wp-block-uagb-image--layout-default figure:hover img{box-shadow: 0px 0px 0 #00000070;}.uagb-block-e6f939b3.wp-block-uagb-image--layout-overlay figure:hover img{box-shadow: 0px 0px 0 #00000070;}@media only screen and (max-width: 976px) {.uagb-block-e6f939b3.wp-block-uagb-image .wp-block-uagb-image__figure img{width: px;height: auto;}}@media only screen and (max-width: 767px) {.uagb-block-e6f939b3.wp-block-uagb-image .wp-block-uagb-image__figure img{width: px;height: auto;}}\";s:2:\"js\";s:0:\"\";s:18:\"current_block_list\";a:13:{i:0;s:11:\"core\/search\";i:1;s:10:\"core\/group\";i:2;s:12:\"core\/heading\";i:3;s:17:\"core\/latest-posts\";i:4;s:20:\"core\/latest-comments\";i:5;s:13:\"core\/archives\";i:6;s:15:\"core\/categories\";i:7;s:14:\"core\/paragraph\";i:8;s:10:\"uagb\/image\";i:9;s:11:\"core\/spacer\";i:10;s:30:\"woocommerce\/product-categories\";i:11;s:10:\"core\/image\";i:12;s:14:\"core\/shortcode\";}s:8:\"uag_flag\";b:1;s:11:\"uag_version\";s:10:\"1777109123\";s:6:\"gfonts\";a:0:{}s:10:\"gfonts_url\";s:0:\"\";s:12:\"gfonts_files\";a:0:{}s:14:\"uag_faq_layout\";b:0;}"]},"uagb_featured_image_src":{"full":["https:\/\/www.ferberpainting.com\/wp-content\/uploads\/2025\/05\/Renovateurdemarbre5L.jpg",2560,2560,false],"thumbnail":["https:\/\/www.ferberpainting.com\/wp-content\/uploads\/2025\/05\/Renovateurdemarbre5L-150x150.jpg",150,150,true],"medium":["https:\/\/www.ferberpainting.com\/wp-content\/uploads\/2025\/05\/Renovateurdemarbre5L-300x300.jpg",300,300,true],"medium_large":["https:\/\/www.ferberpainting.com\/wp-content\/uploads\/2025\/05\/Renovateurdemarbre5L-768x768.jpg",768,768,true],"large":["https:\/\/www.ferberpainting.com\/wp-content\/uploads\/2025\/05\/Renovateurdemarbre5L-1024x1024.jpg",1024,1024,true],"1536x1536":["https:\/\/www.ferberpainting.com\/wp-content\/uploads\/2025\/05\/Renovateurdemarbre5L-1536x1536.jpg",1536,1536,true],"2048x2048":["https:\/\/www.ferberpainting.com\/wp-content\/uploads\/2025\/05\/Renovateurdemarbre5L-2048x2048.jpg",2048,2048,true],"trp-custom-language-flag":["https:\/\/www.ferberpainting.com\/wp-content\/uploads\/2025\/05\/Renovateurdemarbre5L-12x12.jpg",12,12,true],"woocommerce_thumbnail":["https:\/\/www.ferberpainting.com\/wp-content\/uploads\/2025\/05\/Renovateurdemarbre5L-300x300.jpg",300,300,true],"woocommerce_single":["https:\/\/www.ferberpainting.com\/wp-content\/uploads\/2025\/05\/Renovateurdemarbre5L-600x600.jpg",600,600,true],"woocommerce_gallery_thumbnail":["https:\/\/www.ferberpainting.com\/wp-content\/uploads\/2025\/05\/Renovateurdemarbre5L-100x100.jpg",100,100,true]},"uagb_author_info":{"display_name":"admin","author_link":"https:\/\/www.ferberpainting.com\/pl\/author\/"},"uagb_comment_info":58,"uagb_excerpt":"Bring dull marble back to life with professional-grade restoration power. Our marble restorer is specially formulated to revive tired, etched, and weathered marble surfaces, restoring their natural depth, clarity, and shine in a single streamlined process. Whether your marble has lost its luster due to foot traffic, cleaning chemicals, or time, this advanced formula penetrates&hellip;","_links":{"self":[{"href":"https:\/\/www.ferberpainting.com\/pl\/wp-json\/wp\/v2\/product\/23017","targetHints":{"allow":["GET"]}}],"collection":[{"href":"https:\/\/www.ferberpainting.com\/pl\/wp-json\/wp\/v2\/product"}],"about":[{"href":"https:\/\/www.ferberpainting.com\/pl\/wp-json\/wp\/v2\/types\/product"}],"replies":[{"embeddable":true,"href":"https:\/\/www.ferberpainting.com\/pl\/wp-json\/wp\/v2\/comments?post=23017"}],"version-history":[{"count":9,"href":"https:\/\/www.ferberpainting.com\/pl\/wp-json\/wp\/v2\/product\/23017\/revisions"}],"predecessor-version":[{"id":166249,"href":"https:\/\/www.ferberpainting.com\/pl\/wp-json\/wp\/v2\/product\/23017\/revisions\/166249"}],"wp:featuredmedia":[{"embeddable":true,"href":"https:\/\/www.ferberpainting.com\/pl\/wp-json\/wp\/v2\/media\/22989"}],"wp:attachment":[{"href":"https:\/\/www.ferberpainting.com\/pl\/wp-json\/wp\/v2\/media?parent=23017"}],"wp:term":[{"taxonomy":"product_brand","embeddable":true,"href":"https:\/\/www.ferberpainting.com\/pl\/wp-json\/wp\/v2\/product_brand?post=23017"},{"taxonomy":"product_cat","embeddable":true,"href":"https:\/\/www.ferberpainting.com\/pl\/wp-json\/wp\/v2\/product_cat?post=23017"},{"taxonomy":"product_tag","embeddable":true,"href":"https:\/\/www.ferberpainting.com\/pl\/wp-json\/wp\/v2\/product_tag?post=23017"}],"curies":[{"name":"wp","href":"https:\/\/api.w.org\/{rel}","templated":true}]}}