{"id":25689,"date":"2025-06-30T17:22:19","date_gmt":"2025-06-30T15:22:19","guid":{"rendered":"https:\/\/www.ferberpainting.com\/?post_type=product&#038;p=25689"},"modified":"2026-02-18T10:07:46","modified_gmt":"2026-02-18T09:07:46","slug":"wood-water-repellent","status":"publish","type":"product","link":"https:\/\/www.ferberpainting.com\/no\/products\/wood-water-repellent\/","title":{"rendered":"Vannavst\u00f8tende for tre"},"content":{"rendered":"<p><strong><img decoding=\"async\" style=\"margin-right: 12px;\" src=\"https:\/\/www.ferberpainting.com\/wp-content\/uploads\/2026\/02\/Check.svg\" alt=\"\" width=\"18\" height=\"15\" \/>Optimal beskyttelse mot fuktighet.<\/strong>\u00a0Denne impregneringen er spesielt utviklet for \u00e5 skape en barriere mot fuktighet, mugg og for tidlig nedbrytning av treoverflater. Enten det gjelder utem\u00f8bler, terrassebord, skodder eller andre treelementer som er utsatt for v\u00e6r og vind, sikrer dette produktet langvarig impregnering. Det fungerer som et fuktskjold som hindrer vann i \u00e5 trenge inn i treverket, og reduserer dermed risikoen for svelling, mugg og r\u00e5te.<\/p>\n<p><strong><img decoding=\"async\" style=\"margin-right: 12px;\" src=\"https:\/\/www.ferberpainting.com\/wp-content\/uploads\/2026\/02\/Check.svg\" alt=\"\" width=\"18\" height=\"15\" \/>Pengene tilbake-garanti.<\/strong> Vi er sikre p\u00e5 at impregneringsmidlet v\u00e5rt er effektivt. Hvis du ikke er helt forn\u00f8yd med resultatet, tilbyr vi en tilfredshets- eller refusjonsgaranti. Hvis produktet ikke oppfyller forventningene dine, kan du returnere det og f\u00e5 full refusjon, uten \u00e5 stille sp\u00f8rsm\u00e5l. Denne policyen sikrer at du kan v\u00e6re helt trygg n\u00e5r du kj\u00f8per.<\/p>\n<p><strong><img decoding=\"async\" style=\"margin-right: 12px;\" src=\"https:\/\/www.ferberpainting.com\/wp-content\/uploads\/2026\/02\/Check.svg\" alt=\"\" width=\"18\" height=\"15\" \/>Allsidig bruk.<\/strong>\u00a0Dette \u201cuniversalproduktet\u201d kan brukes p\u00e5 ulike typer treverk, behandlet eller ubehandlet, enten det er bartre eller l\u00f8vtre. Det er spesielt effektivt p\u00e5 utvendige overflater som terrasser, ytterkledning, gjerder og til og med hagem\u00f8bler. Det beskytter ogs\u00e5 \u00f8mfintlige tresorter som m\u00f8bler og snekkerarbeider innend\u00f8rs, og sikrer langvarig beskyttelse samtidig som treets naturlige utseende bevares.<\/p>\n<p><strong><img decoding=\"async\" style=\"margin-right: 12px;\" src=\"https:\/\/www.ferberpainting.com\/wp-content\/uploads\/2026\/02\/Check.svg\" alt=\"\" width=\"18\" height=\"15\" \/>Kostnadseffektivt.<\/strong>\u00a0Dette produktet har en imponerende dekningsgrad p\u00e5 mellom 8 og 12 m\u00b2 per liter, avhengig av treets por\u00f8sitet. Det er spesielt \u00f8konomisk for store overflater, slik at du kan behandle trekonstruksjoner uten behov for hyppig p\u00e5f\u00f8ring. Med en 5-liters dunk kan du beskytte store omr\u00e5der effektivt og til en lav kostnad.<\/p>\n<p><strong><img decoding=\"async\" style=\"margin-right: 12px;\" src=\"https:\/\/www.ferberpainting.com\/wp-content\/uploads\/2026\/02\/Check.svg\" alt=\"\" width=\"18\" height=\"15\" \/>Trygt og milj\u00f8vennlig.<\/strong>\u00a0I motsetning til mange andre trebehandlingsprodukter er dette impregneringsmiddelet giftfritt og trygt for brukerne, forutsatt at bruksanvisningen f\u00f8lges. Den inneholder ingen forurensende stoffer og avgir ingen skadelige stoffer til milj\u00f8et. Dette gj\u00f8r det til en trygg og milj\u00f8vennlig behandling som er ideell for alle som er opptatt av helse og milj\u00f8p\u00e5virkning.<\/p>\n<p><strong><img decoding=\"async\" style=\"margin-right: 12px;\" src=\"https:\/\/www.ferberpainting.com\/wp-content\/uploads\/2026\/02\/Check.svg\" alt=\"\" width=\"18\" height=\"15\" \/>Lett \u00e5 p\u00e5f\u00f8re.<\/strong>\u00a0Denne impregneringen er ekstremt enkel \u00e5 bruke. Den er klar til bruk og krever ingen fortynning. P\u00e5f\u00f8r bare et jevnt str\u00f8k med pensel, rulle eller spr\u00f8yte, avhengig av hva du foretrekker og st\u00f8rrelsen p\u00e5 overflaten. P\u00e5f\u00f8ringen g\u00e5r raskt og krever ingen kompliserte forberedelser, slik at du sparer tid samtidig som du oppn\u00e5r en profesjonell finish.<\/p>\n<p><strong><img decoding=\"async\" style=\"margin-right: 12px;\" src=\"https:\/\/www.ferberpainting.com\/wp-content\/uploads\/2026\/02\/Check.svg\" alt=\"\" width=\"18\" height=\"15\" \/>Langvarig beskyttelse og holdbarhet.<\/strong>\u00a0Dette produktet gir langvarig beskyttelse. En enkelt p\u00e5f\u00f8ring bidrar til \u00e5 opprettholde treets naturlige utseende, samtidig som det gir forsterket motstandskraft mot utend\u00f8rs p\u00e5virkninger. Det beskytter trekonstruksjonene dine mot v\u00e6r og vind og klimavariasjoner, noe som reduserer behovet for hyppig vedlikehold. Det bidrar ogs\u00e5 til \u00e5 forhindre misfarging fra sol og tid, slik at treets estetiske utseende bevares.<\/p>\n<p><strong><img decoding=\"async\" style=\"margin-right: 12px;\" src=\"https:\/\/www.ferberpainting.com\/wp-content\/uploads\/2026\/02\/Check.svg\" alt=\"\" width=\"18\" height=\"15\" \/>Rask handling.<\/strong>\u00a0Impregneringsmidlet trenger raskt inn i materialet og skaper en usynlig vanntett barriere p\u00e5 rekordtid. I l\u00f8pet av bare noen timer er treverket beskyttet, og den raske t\u00f8rketiden gj\u00f8r at du raskt kan ta den behandlede overflaten i bruk. Dette produktet er perfekt n\u00e5r du trenger raske resultater, spesielt ved akutt vedlikehold eller store utend\u00f8rsflater.<\/p>\n<h2><strong>Protokoll for bruk<\/strong><\/h2>\n<ul>\n<li><strong>Forberedelse av overflaten <\/strong>: F\u00f8r du p\u00e5f\u00f8rer impregneringsmidlet, m\u00e5 du s\u00f8rge for at treverket er rent, t\u00f8rt og fritt for smuss, st\u00f8v eller andre forurensninger. Rengj\u00f8r om n\u00f8dvendig overflaten med en myk b\u00f8rste og s\u00e5pevann, og la den t\u00f8rke i minst 24 timer f\u00f8r p\u00e5f\u00f8ring.<\/li>\n<li><strong>Produktapplikasjon <\/strong>: Dette produktet er klart til bruk og trenger ikke fortynnes. Rist godt f\u00f8r bruk. P\u00e5f\u00f8r med pensel, rulle eller spr\u00f8yte. For st\u00f8rre omr\u00e5der anbefales det \u00e5 bruke en spr\u00f8yte for raskere og jevnere dekning. S\u00f8rg for \u00e5 p\u00e5f\u00f8re et jevnt lag over hele overflaten.<\/li>\n<li><strong>Bel\u00f8p \u00e5 bruke <\/strong>: En liter dekker i gjennomsnitt 8 til 12 m\u00b2, avhengig av por\u00f8sitet og tresort. Et ekstra str\u00f8k kan v\u00e6re n\u00f8dvendig for sv\u00e6rt por\u00f8st treverk eller for \u00e5 sikre sterkere beskyttelse.<\/li>\n<li><strong>T\u00f8rketid <\/strong>: La produktet t\u00f8rke i ca. 1 til 2 timer f\u00f8r du utsetter treverket for lett fuktighet. Det er imidlertid best \u00e5 la det t\u00f8rke i 24 timer f\u00f8r du bruker overflaten p\u00e5 nytt eller utsetter den for v\u00e5tt eller hardt v\u00e6r. Ikke utsett behandlede overflater for kraftig regn i 48 timer for \u00e5 sikre optimal ytelse.<\/li>\n<li><strong>Ny s\u00f8knad <\/strong>: Avhengig av v\u00e6r og vind kan det v\u00e6re n\u00f8dvendig med p\u00e5f\u00f8ring hvert 1. til 3. \u00e5r. For ofte eksponerte overflater (terrasser, hagem\u00f8bler) anbefales hyppigere p\u00e5f\u00f8ring for \u00e5 opprettholde maksimal beskyttelse.<\/li>\n<li><strong>Vedlikehold <\/strong>: For \u00e5 bevare effektiviteten b\u00f8r du unng\u00e5 \u00e5 bruke slipende eller kjemiske rengj\u00f8ringsmidler p\u00e5 behandlede overflater. En enkel rengj\u00f8ring med vann og en myk klut er vanligvis tilstrekkelig for \u00e5 holde trekonstruksjonene i topp stand.<\/li>\n<\/ul>\n<p>Oppsummert er impregneringsmidlet et must-have-produkt for alle som \u00f8nsker \u00e5 beskytte utseendet og levetiden til treoverflatene sine. Med sin brukervennlighet, langvarige beskyttelse og milj\u00f8vennlige formel er det en p\u00e5litelig og effektiv l\u00f8sning mot fukt- og vannskader. Den raske virkningen og det utmerkede utbyttet gj\u00f8r det ideelt for b\u00e5de profesjonelle og gj\u00f8r-det-selv-prosjekter.<\/p>","protected":false},"excerpt":{"rendered":"<p>Optimal Protection Against Moisture.\u00a0This wood waterproofer is specially formulated to create a barrier against humidity, mold, and premature degradation of wooden surfaces. Whether it&#8217;s for outdoor furniture, decks, shutters, or any wooden element exposed to the elements, this product ensures long-lasting waterproofing. It acts as a moisture shield, preventing water from penetrating the wood, thereby [&hellip;]<\/p>\n","protected":false},"featured_media":35756,"comment_status":"open","ping_status":"closed","template":"","meta":{"_uag_custom_page_level_css":"","site-sidebar-layout":"default","site-content-layout":"","ast-site-content-layout":"default","site-content-style":"default","site-sidebar-style":"default","ast-global-header-display":"","ast-banner-title-visibility":"","ast-main-header-display":"","ast-hfb-above-header-display":"","ast-hfb-below-header-display":"","ast-hfb-mobile-header-display":"","site-post-title":"","ast-breadcrumbs-content":"","ast-featured-img":"","footer-sml-layout":"","ast-disable-related-posts":"","theme-transparent-header-meta":"default","adv-header-id-meta":"","stick-header-meta":"","header-above-stick-meta":"","header-main-stick-meta":"","header-below-stick-meta":"","astra-migrate-meta-layouts":"set","ast-page-background-enabled":"default","ast-page-background-meta":{"desktop":{"background-color":"var(--ast-global-color-4)","background-image":"","background-repeat":"repeat","background-position":"center center","background-size":"auto","background-attachment":"scroll","background-type":"","background-media":"","overlay-type":"","overlay-color":"","overlay-opacity":"","overlay-gradient":""},"tablet":{"background-color":"","background-image":"","background-repeat":"repeat","background-position":"center center","background-size":"auto","background-attachment":"scroll","background-type":"","background-media":"","overlay-type":"","overlay-color":"","overlay-opacity":"","overlay-gradient":""},"mobile":{"background-color":"","background-image":"","background-repeat":"repeat","background-position":"center center","background-size":"auto","background-attachment":"scroll","background-type":"","background-media":"","overlay-type":"","overlay-color":"","overlay-opacity":"","overlay-gradient":""}},"ast-content-background-meta":{"desktop":{"background-color":"var(--ast-global-color-5)","background-image":"","background-repeat":"repeat","background-position":"center center","background-size":"auto","background-attachment":"scroll","background-type":"","background-media":"","overlay-type":"","overlay-color":"","overlay-opacity":"","overlay-gradient":""},"tablet":{"background-color":"var(--ast-global-color-5)","background-image":"","background-repeat":"repeat","background-position":"center center","background-size":"auto","background-attachment":"scroll","background-type":"","background-media":"","overlay-type":"","overlay-color":"","overlay-opacity":"","overlay-gradient":""},"mobile":{"background-color":"var(--ast-global-color-5)","background-image":"","background-repeat":"repeat","background-position":"center center","background-size":"auto","background-attachment":"scroll","background-type":"","background-media":"","overlay-type":"","overlay-color":"","overlay-opacity":"","overlay-gradient":""}}},"product_brand":[],"product_cat":[191],"product_tag":[],"class_list":{"0":"post-25689","1":"product","2":"type-product","3":"status-publish","4":"has-post-thumbnail","6":"product_cat-water-repellent","7":"desktop-align-left","8":"tablet-align-left","9":"mobile-align-left","11":"first","12":"instock","13":"sale","14":"shipping-taxable","15":"purchasable","16":"product-type-variable","17":"has-default-attributes"},"spectra_custom_meta":{"_visibility":["visible"],"_shopify_product_id":["9106613698805"],"_s2w_shopify_domain":["ferberpainting.myshopify.com"],"_shopify_variant_id":["46626330673397"],"_sku":[""],"_manage_stock":["no"],"total_sales":["139"],"_tax_status":["taxable"],"_tax_class":[""],"_backorders":["no"],"_sold_individually":["no"],"_virtual":["no"],"_downloadable":["no"],"_download_limit":["-1"],"_download_expiry":["-1"],"_stock":[null],"_stock_status":["instock"],"_wc_average_rating":["5.00"],"_wc_review_count":["11"],"_product_attributes":["a:1:{s:6:\"volume\";a:6:{s:4:\"name\";s:6:\"Volume\";s:5:\"value\";s:20:\"5 liters | 25 liters\";s:8:\"position\";i:1;s:10:\"is_visible\";i:0;s:12:\"is_variation\";i:1;s:11:\"is_taxonomy\";i:0;}}"],"_product_version":["10.5.2"],"wpse_downloadable_file_names":[""],"wpse_downloadable_file_urls":[""],"_edit_last":["1"],"_default_attributes":["a:1:{s:6:\"volume\";s:8:\"5 liters\";}"],"_edit_lock":["1771405530:1"],"_price":["29.90","129.90"],"merchant-center-availability":["yes"],"merchant-center-category":["503744"],"_thumbnail_id":["35756"],"_wp_page_template":["default"],"_product_image_gallery":["35757"],"site-sidebar-layout":["default"],"ast-site-content-layout":["default"],"site-content-style":["default"],"site-sidebar-style":["default"],"theme-transparent-header-meta":["default"],"_wc_rating_count":["a:1:{i:5;i:11;}"],"astra-migrate-meta-layouts":["set"],"_uag_css_file_name":["uag-css-25689.css"],"_elementor_page_assets":["a:0:{}"],"_uag_page_assets":["a:9:{s:3:\"css\";s:6873:\".wp-block-uagb-image{display:flex}.wp-block-uagb-image__figure{position:relative;display:flex;flex-direction:column;max-width:100%;height:auto;margin:0}.wp-block-uagb-image__figure img{height:auto;display:flex;max-width:100%;transition:box-shadow .2s ease}.wp-block-uagb-image__figure>a{display:inline-block}.wp-block-uagb-image__figure figcaption{text-align:center;margin-top:.5em;margin-bottom:1em}.wp-block-uagb-image .components-placeholder.block-editor-media-placeholder .components-placeholder__instructions{align-self:center}.wp-block-uagb-image--align-left{text-align:left}.wp-block-uagb-image--align-right{text-align:right}.wp-block-uagb-image--align-center{text-align:center}.wp-block-uagb-image--align-full .wp-block-uagb-image__figure{margin-left:calc(50% - 50vw);margin-right:calc(50% - 50vw);max-width:100vw;width:100vw;height:auto}.wp-block-uagb-image--align-full .wp-block-uagb-image__figure img{height:auto;width:100% !important}.wp-block-uagb-image--align-wide .wp-block-uagb-image__figure img{height:auto;width:100%}.wp-block-uagb-image--layout-overlay__color-wrapper{position:absolute;left:0;top:0;right:0;bottom:0;opacity:.2;background:rgba(0,0,0,.5);transition:opacity .35s ease-in-out}.wp-block-uagb-image--layout-overlay-link{position:absolute;left:0;right:0;bottom:0;top:0}.wp-block-uagb-image--layout-overlay .wp-block-uagb-image__figure:hover .wp-block-uagb-image--layout-overlay__color-wrapper{opacity:1}.wp-block-uagb-image--layout-overlay__inner{position:absolute;left:15px;right:15px;bottom:15px;top:15px;display:flex;align-items:center;justify-content:center;flex-direction:column;border-color:#fff;transition:.35s ease-in-out}.wp-block-uagb-image--layout-overlay__inner.top-left,.wp-block-uagb-image--layout-overlay__inner.top-center,.wp-block-uagb-image--layout-overlay__inner.top-right{justify-content:flex-start}.wp-block-uagb-image--layout-overlay__inner.bottom-left,.wp-block-uagb-image--layout-overlay__inner.bottom-center,.wp-block-uagb-image--layout-overlay__inner.bottom-right{justify-content:flex-end}.wp-block-uagb-image--layout-overlay__inner.top-left,.wp-block-uagb-image--layout-overlay__inner.center-left,.wp-block-uagb-image--layout-overlay__inner.bottom-left{align-items:flex-start}.wp-block-uagb-image--layout-overlay__inner.top-right,.wp-block-uagb-image--layout-overlay__inner.center-right,.wp-block-uagb-image--layout-overlay__inner.bottom-right{align-items:flex-end}.wp-block-uagb-image--layout-overlay__inner .uagb-image-heading{color:#fff;transition:transform .35s,opacity .35s ease-in-out;transform:translate3d(0, 24px, 0);margin:0;line-height:1em}.wp-block-uagb-image--layout-overlay__inner .uagb-image-separator{width:30%;border-top-width:2px;border-top-color:#fff;border-top-style:solid;margin-bottom:10px;opacity:0;transition:transform .4s,opacity .4s ease-in-out;transform:translate3d(0, 30px, 0)}.wp-block-uagb-image--layout-overlay__inner .uagb-image-caption{opacity:0;overflow:visible;color:#fff;transition:transform .45s,opacity .45s ease-in-out;transform:translate3d(0, 35px, 0)}.wp-block-uagb-image--layout-overlay__inner:hover .uagb-image-heading,.wp-block-uagb-image--layout-overlay__inner:hover .uagb-image-separator,.wp-block-uagb-image--layout-overlay__inner:hover .uagb-image-caption{opacity:1;transform:translate3d(0, 0, 0)}.wp-block-uagb-image--effect-zoomin .wp-block-uagb-image__figure img,.wp-block-uagb-image--effect-zoomin .wp-block-uagb-image__figure .wp-block-uagb-image--layout-overlay__color-wrapper{transform:scale(1);transition:transform .35s ease-in-out}.wp-block-uagb-image--effect-zoomin .wp-block-uagb-image__figure:hover img,.wp-block-uagb-image--effect-zoomin .wp-block-uagb-image__figure:hover .wp-block-uagb-image--layout-overlay__color-wrapper{transform:scale(1.05)}.wp-block-uagb-image--effect-slide .wp-block-uagb-image__figure img,.wp-block-uagb-image--effect-slide .wp-block-uagb-image__figure .wp-block-uagb-image--layout-overlay__color-wrapper{width:calc(100% + 40px) !important;max-width:none !important;transform:translate3d(-40px, 0, 0);transition:transform .35s ease-in-out}.wp-block-uagb-image--effect-slide .wp-block-uagb-image__figure:hover img,.wp-block-uagb-image--effect-slide .wp-block-uagb-image__figure:hover .wp-block-uagb-image--layout-overlay__color-wrapper{transform:translate3d(0, 0, 0)}.wp-block-uagb-image--effect-grayscale img{filter:grayscale(0%);transition:.35s ease-in-out}.wp-block-uagb-image--effect-grayscale:hover img{filter:grayscale(100%)}.wp-block-uagb-image--effect-blur img{filter:blur(0);transition:.35s ease-in-out}.wp-block-uagb-image--effect-blur:hover img{filter:blur(3px)}.uagb-block-e6f939b3.wp-block-uagb-image--layout-default figure img{box-shadow: 0px 0px 0 #00000070;}.uagb-block-e6f939b3.wp-block-uagb-image .wp-block-uagb-image__figure figcaption{font-style: normal;align-self: center;}.uagb-block-e6f939b3.wp-block-uagb-image--layout-overlay figure img{box-shadow: 0px 0px 0 #00000070;}.uagb-block-e6f939b3.wp-block-uagb-image--layout-overlay .wp-block-uagb-image--layout-overlay__color-wrapper{opacity: 0.2;}.uagb-block-e6f939b3.wp-block-uagb-image--layout-overlay .wp-block-uagb-image--layout-overlay__inner{left: 15px;right: 15px;top: 15px;bottom: 15px;}.uagb-block-e6f939b3.wp-block-uagb-image--layout-overlay .wp-block-uagb-image--layout-overlay__inner .uagb-image-heading{font-style: normal;color: #fff;opacity: 1;}.uagb-block-e6f939b3.wp-block-uagb-image--layout-overlay .wp-block-uagb-image--layout-overlay__inner .uagb-image-heading a{color: #fff;}.uagb-block-e6f939b3.wp-block-uagb-image--layout-overlay .wp-block-uagb-image--layout-overlay__inner .uagb-image-caption{opacity: 0;}.uagb-block-e6f939b3.wp-block-uagb-image--layout-overlay .wp-block-uagb-image__figure:hover .wp-block-uagb-image--layout-overlay__color-wrapper{opacity: 1;}.uagb-block-e6f939b3.wp-block-uagb-image .wp-block-uagb-image--layout-overlay__inner .uagb-image-separator{width: 30%;border-top-width: 2px;border-top-color: #fff;opacity: 0;}.uagb-block-e6f939b3.wp-block-uagb-image .wp-block-uagb-image__figure img{width: px;height: auto;}.uagb-block-e6f939b3.wp-block-uagb-image .wp-block-uagb-image__figure:hover .wp-block-uagb-image--layout-overlay__inner .uagb-image-caption{opacity: 1;}.uagb-block-e6f939b3.wp-block-uagb-image .wp-block-uagb-image__figure:hover .wp-block-uagb-image--layout-overlay__inner .uagb-image-separator{opacity: 1;}.uagb-block-e6f939b3.wp-block-uagb-image--layout-default figure:hover img{box-shadow: 0px 0px 0 #00000070;}.uagb-block-e6f939b3.wp-block-uagb-image--layout-overlay figure:hover img{box-shadow: 0px 0px 0 #00000070;}@media only screen and (max-width: 976px) {.uagb-block-e6f939b3.wp-block-uagb-image .wp-block-uagb-image__figure img{width: px;height: auto;}}@media only screen and (max-width: 767px) {.uagb-block-e6f939b3.wp-block-uagb-image .wp-block-uagb-image__figure img{width: px;height: auto;}}\";s:2:\"js\";s:0:\"\";s:18:\"current_block_list\";a:13:{i:0;s:11:\"core\/search\";i:1;s:10:\"core\/group\";i:2;s:12:\"core\/heading\";i:3;s:17:\"core\/latest-posts\";i:4;s:20:\"core\/latest-comments\";i:5;s:13:\"core\/archives\";i:6;s:15:\"core\/categories\";i:7;s:14:\"core\/paragraph\";i:8;s:10:\"uagb\/image\";i:9;s:11:\"core\/spacer\";i:10;s:30:\"woocommerce\/product-categories\";i:11;s:10:\"core\/image\";i:12;s:14:\"core\/shortcode\";}s:8:\"uag_flag\";b:1;s:11:\"uag_version\";s:10:\"1777095642\";s:6:\"gfonts\";a:0:{}s:10:\"gfonts_url\";s:0:\"\";s:12:\"gfonts_files\";a:0:{}s:14:\"uag_faq_layout\";b:0;}"]},"uagb_featured_image_src":{"full":["https:\/\/www.ferberpainting.com\/wp-content\/uploads\/2025\/06\/Wood-Water-Repellent-5L-.png",2560,2560,false],"thumbnail":["https:\/\/www.ferberpainting.com\/wp-content\/uploads\/2025\/06\/Wood-Water-Repellent-5L--150x150.png",150,150,true],"medium":["https:\/\/www.ferberpainting.com\/wp-content\/uploads\/2025\/06\/Wood-Water-Repellent-5L--300x300.png",300,300,true],"medium_large":["https:\/\/www.ferberpainting.com\/wp-content\/uploads\/2025\/06\/Wood-Water-Repellent-5L--768x768.png",768,768,true],"large":["https:\/\/www.ferberpainting.com\/wp-content\/uploads\/2025\/06\/Wood-Water-Repellent-5L--1024x1024.png",1024,1024,true],"1536x1536":["https:\/\/www.ferberpainting.com\/wp-content\/uploads\/2025\/06\/Wood-Water-Repellent-5L--1536x1536.png",1536,1536,true],"2048x2048":["https:\/\/www.ferberpainting.com\/wp-content\/uploads\/2025\/06\/Wood-Water-Repellent-5L--2048x2048.png",2048,2048,true],"trp-custom-language-flag":["https:\/\/www.ferberpainting.com\/wp-content\/uploads\/2025\/06\/Wood-Water-Repellent-5L--12x12.png",12,12,true],"woocommerce_thumbnail":["https:\/\/www.ferberpainting.com\/wp-content\/uploads\/2025\/06\/Wood-Water-Repellent-5L--300x300.png",300,300,true],"woocommerce_single":["https:\/\/www.ferberpainting.com\/wp-content\/uploads\/2025\/06\/Wood-Water-Repellent-5L--600x600.png",600,600,true],"woocommerce_gallery_thumbnail":["https:\/\/www.ferberpainting.com\/wp-content\/uploads\/2025\/06\/Wood-Water-Repellent-5L--100x100.png",100,100,true]},"uagb_author_info":{"display_name":"admin","author_link":"https:\/\/www.ferberpainting.com\/no\/author\/"},"uagb_comment_info":11,"uagb_excerpt":"Optimal Protection Against Moisture.\u00a0This wood waterproofer is specially formulated to create a barrier against humidity, mold, and premature degradation of wooden surfaces. Whether it&#8217;s for outdoor furniture, decks, shutters, or any wooden element exposed to the elements, this product ensures long-lasting waterproofing. It acts as a moisture shield, preventing water from penetrating the wood, thereby&hellip;","_links":{"self":[{"href":"https:\/\/www.ferberpainting.com\/no\/wp-json\/wp\/v2\/product\/25689","targetHints":{"allow":["GET"]}}],"collection":[{"href":"https:\/\/www.ferberpainting.com\/no\/wp-json\/wp\/v2\/product"}],"about":[{"href":"https:\/\/www.ferberpainting.com\/no\/wp-json\/wp\/v2\/types\/product"}],"replies":[{"embeddable":true,"href":"https:\/\/www.ferberpainting.com\/no\/wp-json\/wp\/v2\/comments?post=25689"}],"version-history":[{"count":4,"href":"https:\/\/www.ferberpainting.com\/no\/wp-json\/wp\/v2\/product\/25689\/revisions"}],"predecessor-version":[{"id":169182,"href":"https:\/\/www.ferberpainting.com\/no\/wp-json\/wp\/v2\/product\/25689\/revisions\/169182"}],"wp:featuredmedia":[{"embeddable":true,"href":"https:\/\/www.ferberpainting.com\/no\/wp-json\/wp\/v2\/media\/35756"}],"wp:attachment":[{"href":"https:\/\/www.ferberpainting.com\/no\/wp-json\/wp\/v2\/media?parent=25689"}],"wp:term":[{"taxonomy":"product_brand","embeddable":true,"href":"https:\/\/www.ferberpainting.com\/no\/wp-json\/wp\/v2\/product_brand?post=25689"},{"taxonomy":"product_cat","embeddable":true,"href":"https:\/\/www.ferberpainting.com\/no\/wp-json\/wp\/v2\/product_cat?post=25689"},{"taxonomy":"product_tag","embeddable":true,"href":"https:\/\/www.ferberpainting.com\/no\/wp-json\/wp\/v2\/product_tag?post=25689"}],"curies":[{"name":"wp","href":"https:\/\/api.w.org\/{rel}","templated":true}]}}