{"id":25656,"date":"2025-06-30T17:38:17","date_gmt":"2025-06-30T15:38:17","guid":{"rendered":"https:\/\/www.ferberpainting.com\/?post_type=product&#038;p=25655"},"modified":"2026-02-18T09:13:44","modified_gmt":"2026-02-18T08:13:44","slug":"wood-cleaner","status":"publish","type":"product","link":"https:\/\/www.ferberpainting.com\/no\/products\/wood-cleaner\/","title":{"rendered":"Rengj\u00f8ringsmiddel for tre"},"content":{"rendered":"<p><strong><img decoding=\"async\" style=\"margin-right: 12px;\" src=\"https:\/\/www.ferberpainting.com\/wp-content\/uploads\/2026\/02\/Check.svg\" alt=\"\" width=\"18\" height=\"15\" \/>Optimal effektivitet.<\/strong>\u00a0Dette rengj\u00f8ringsmiddelet er spesielt utviklet for effektivt \u00e5 fjerne flekker, st\u00f8v, fettmerker og fuktspor som setter flekker p\u00e5 treoverflater. Takket v\u00e6re den kraftige, men sk\u00e5nsomme formelen rengj\u00f8r den p\u00e5 dypet uten \u00e5 endre treets naturlige \u00e5rer eller farge. Det renser, beskytter og gjenoppliver glansen p\u00e5 behandlede overflater, og gjenoppretter deres opprinnelige utseende samtidig som det bevarer integriteten.<\/p>\n<p><strong><img decoding=\"async\" style=\"margin-right: 12px;\" src=\"https:\/\/www.ferberpainting.com\/wp-content\/uploads\/2026\/02\/Check.svg\" alt=\"\" width=\"18\" height=\"15\" \/>Pengene tilbake-garanti.<\/strong>\u00a0Vi har full tillit til rengj\u00f8ringsmidlets ytelse. Hvis du ikke er helt forn\u00f8yd etter \u00e5 ha brukt det, har du rett til full refusjon. Pr\u00f8v produktet v\u00e5rt risikofritt og nyt rent og skinnende treverk med full trygghet.<\/p>\n<p><strong><img decoding=\"async\" style=\"margin-right: 12px;\" src=\"https:\/\/www.ferberpainting.com\/wp-content\/uploads\/2026\/02\/Check.svg\" alt=\"\" width=\"18\" height=\"15\" \/>Eksepsjonell allsidighet.<\/strong> Dette rengj\u00f8ringsmiddelet er ikke begrenset til trem\u00f8bler, det er ogs\u00e5 ideelt for rengj\u00f8ring av parkettgulv, trapper, terrasser, ytterkledning, innend\u00f8rs og utend\u00f8rs treverk, tred\u00f8rer, bjelker, hytter og til og med utsk\u00e5rne treobjekter. Det er kompatibelt med et bredt spekter av tresorter, enten det er massivt, laminert, lakkert, oljet, vokset eller r\u00e5tt treverk, og gir effektiv rengj\u00f8ring av alle typer naturlige eller behandlede treoverflater.<\/p>\n<p><strong><img decoding=\"async\" style=\"margin-right: 12px;\" src=\"https:\/\/www.ferberpainting.com\/wp-content\/uploads\/2026\/02\/Check.svg\" alt=\"\" width=\"18\" height=\"15\" \/>Kostnadseffektivt.<\/strong>\u00a0Med sin 5-liters beholder og ultraeffektive formel gir dette rengj\u00f8ringsmiddelet utmerket utbytte. En liten mengde er nok til \u00e5 rengj\u00f8re store omr\u00e5der uten sl\u00f8sing. I gjennomsnitt kan \u00e9n liter behandle opptil 80 m\u00b2 treoverflate, noe som gj\u00f8r det til en kostnadseffektiv og h\u00f8ytytende l\u00f8sning for rutinemessig eller intensivt vedlikehold av treverk og m\u00f8bler.<\/p>\n<p><strong><img decoding=\"async\" style=\"margin-right: 12px;\" src=\"https:\/\/www.ferberpainting.com\/wp-content\/uploads\/2026\/02\/Check.svg\" alt=\"\" width=\"18\" height=\"15\" \/>Trygt \u00e5 bruke.<\/strong>\u00a0I motsetning til slipende rengj\u00f8ringsmidler eller l\u00f8semiddelbaserte produkter er dette rengj\u00f8ringsmiddelet laget uten giftige eller skadelige stoffer for helse eller milj\u00f8. Det avgir ingen irriterende damper, skader ikke trestrukturen og etterlater ingen klissete eller glatte rester etter t\u00f8rking. Det er trygt \u00e5 bruke i hjem med barn eller kj\u00e6ledyr, noe som gir en sikker og respektfull pleierutine for naturlige overflater.<\/p>\n<p><strong><img decoding=\"async\" style=\"margin-right: 12px;\" src=\"https:\/\/www.ferberpainting.com\/wp-content\/uploads\/2026\/02\/Check.svg\" alt=\"\" width=\"18\" height=\"15\" \/>Brukervennlighet.<\/strong>\u00a0Dette produktet er klart til bruk og krever ingen fortynning eller kompliserte forberedelser. Det kan p\u00e5f\u00f8res direkte p\u00e5 treverket med en klut, svamp eller mikrofibermopp. Den raske virkningen og intuitive p\u00e5f\u00f8ringen gj\u00f8r det enkelt \u00e5 fjerne smuss med minimal anstrengelse, uten overdreven skylling og uten behov for polering etter bruk.<\/p>\n<p><strong><img decoding=\"async\" style=\"margin-right: 12px;\" src=\"https:\/\/www.ferberpainting.com\/wp-content\/uploads\/2026\/02\/Check.svg\" alt=\"\" width=\"18\" height=\"15\" \/>Forbedret holdbarhet.<\/strong>\u00a0Ved effektivt \u00e5 fjerne rester og gi n\u00e6ring til trefibrene, forlenger dette rengj\u00f8ringsmiddelet levetiden til treoverflater og forhindrer for tidlig slitasje. Det bidrar til \u00e5 bevare treets glans og beskytter det samtidig mot ytre p\u00e5virkninger som fuktighet, st\u00f8v og daglig bruk. Regelmessig bruk sikrer at treverket ditt forblir rent, elegant og langvarig.<\/p>\n<p><strong><img decoding=\"async\" style=\"margin-right: 12px;\" src=\"https:\/\/www.ferberpainting.com\/wp-content\/uploads\/2026\/02\/Check.svg\" alt=\"\" width=\"18\" height=\"15\" \/>Rask handling.<\/strong>\u00a0Takket v\u00e6re den sv\u00e6rt aktive formelen virker dette rengj\u00f8ringsmiddelet umiddelbart p\u00e5 smuss og inngrodde flekker. P\u00e5 bare noen sekunder l\u00f8ser det opp urenheter og gj\u00f8r det lettere \u00e5 fjerne dem uten \u00e5 m\u00e5tte skrubbe hardt. Det t\u00f8rker raskt uten \u00e5 etterlate spor eller fettfilm, slik at de rengjorte overflatene kan brukes p\u00e5 nytt umiddelbart.<\/p>\n<h2><strong>Bruksanvisning<\/strong><\/h2>\n<ul>\n<li><strong>Forberedelse <\/strong>: S\u00f8rg for at overflaten som skal rengj\u00f8res er fri for st\u00f8v og rusk ved \u00e5 t\u00f8rke st\u00f8v med en ren klut eller en egnet kost f\u00f8r p\u00e5f\u00f8ring.<\/li>\n<li><strong>Manuell p\u00e5f\u00f8ring <\/strong>: Hell en liten mengde rengj\u00f8ringsmiddel p\u00e5 en ren klut, svamp eller mikrofibermopp, og p\u00e5f\u00f8r det jevnt p\u00e5 treoverflaten med sirkul\u00e6re bevegelser for \u00e5 l\u00f8sne urenheter.<\/li>\n<li><strong>Brukes p\u00e5 parkett og store flater <\/strong>: P\u00e5 st\u00f8rre omr\u00e5der p\u00e5f\u00f8res produktet med en lett fuktig mopp fuktet med rengj\u00f8ringsmiddelet, og g\u00e5 over hele treoverflaten uten \u00e5 skrubbe for mye.<\/li>\n<li><strong>Rengj\u00f8ring av gjenstridige flekker <\/strong>: La sitte i 5 til 10 minutter p\u00e5 de vanskeligste stedene, og skrubb deretter forsiktig med en myk b\u00f8rste eller en ikke-slipende svamp for \u00e5 fjerne fastgrodd smuss.<\/li>\n<li><strong>Skylling <\/strong>: <strong>Ingen skylling er n\u00f8dvendig<\/strong> for standard vedlikehold. P\u00e5 sv\u00e6rt skitne omr\u00e5der kan du imidlertid t\u00f8rke av med en fuktig klut for \u00e5 oppn\u00e5 en feilfri finish.<\/li>\n<li><strong>T\u00f8rking og etterbehandling <\/strong>: La luftt\u00f8rke eller t\u00f8rk av med en t\u00f8rr mikrofiberklut for et enda mer skinnende, stripefritt resultat. P\u00e5 lakkert eller oljet treverk kan du etter t\u00f8rking p\u00e5f\u00f8re et lett poleringsmiddel for \u00e5 f\u00e5 en enda mer skinnende finish.<\/li>\n<li><strong>Hyppighet av bruk <\/strong>: P\u00e5f\u00f8r en eller to ganger i uken for regelmessig vedlikehold og s\u00e5 snart flekker eller smuss dukker opp for \u00e5 forhindre opphopning. For utend\u00f8rs treoverflater anbefales m\u00e5nedlig rengj\u00f8ring for \u00e5 bevare materialets integritet og utseende.<\/li>\n<li><strong>Lagring <\/strong>: Forsegl beholderen godt etter hver bruk og oppbevar den p\u00e5 et kj\u00f8lig, t\u00f8rt sted, beskyttet mot lys og ekstreme temperaturer, for \u00e5 bevare produktets effektivitet over tid.<\/li>\n<\/ul>\n<p>Med v\u00e5r trerens sikrer du optimalt, raskt og effektivt vedlikehold, samtidig som du forbedrer glansen og holdbarheten til treoverflatene dine. En ideell l\u00f8sning for \u00e5 bevare treets naturlige skj\u00f8nnhet p\u00e5 en enkel m\u00e5te.<\/p>","protected":false},"excerpt":{"rendered":"<p>Optimal Effectiveness.\u00a0This wood cleaner is specially formulated to effectively eliminate stains, dust, grease marks, and humidity traces that tarnish wooden surfaces. Thanks to its powerful yet gentle formula, it deeply cleans without altering the natural grain or color of the wood. It cleans, protects, and revives the shine of treated surfaces, restoring their original appearance [&hellip;]<\/p>\n","protected":false},"featured_media":35773,"comment_status":"open","ping_status":"closed","template":"","meta":{"_uag_custom_page_level_css":"","site-sidebar-layout":"default","site-content-layout":"","ast-site-content-layout":"default","site-content-style":"default","site-sidebar-style":"default","ast-global-header-display":"","ast-banner-title-visibility":"","ast-main-header-display":"","ast-hfb-above-header-display":"","ast-hfb-below-header-display":"","ast-hfb-mobile-header-display":"","site-post-title":"","ast-breadcrumbs-content":"","ast-featured-img":"","footer-sml-layout":"","ast-disable-related-posts":"","theme-transparent-header-meta":"default","adv-header-id-meta":"","stick-header-meta":"","header-above-stick-meta":"","header-main-stick-meta":"","header-below-stick-meta":"","astra-migrate-meta-layouts":"set","ast-page-background-enabled":"default","ast-page-background-meta":{"desktop":{"background-color":"var(--ast-global-color-4)","background-image":"","background-repeat":"repeat","background-position":"center center","background-size":"auto","background-attachment":"scroll","background-type":"","background-media":"","overlay-type":"","overlay-color":"","overlay-opacity":"","overlay-gradient":""},"tablet":{"background-color":"","background-image":"","background-repeat":"repeat","background-position":"center center","background-size":"auto","background-attachment":"scroll","background-type":"","background-media":"","overlay-type":"","overlay-color":"","overlay-opacity":"","overlay-gradient":""},"mobile":{"background-color":"","background-image":"","background-repeat":"repeat","background-position":"center center","background-size":"auto","background-attachment":"scroll","background-type":"","background-media":"","overlay-type":"","overlay-color":"","overlay-opacity":"","overlay-gradient":""}},"ast-content-background-meta":{"desktop":{"background-color":"var(--ast-global-color-5)","background-image":"","background-repeat":"repeat","background-position":"center center","background-size":"auto","background-attachment":"scroll","background-type":"","background-media":"","overlay-type":"","overlay-color":"","overlay-opacity":"","overlay-gradient":""},"tablet":{"background-color":"var(--ast-global-color-5)","background-image":"","background-repeat":"repeat","background-position":"center center","background-size":"auto","background-attachment":"scroll","background-type":"","background-media":"","overlay-type":"","overlay-color":"","overlay-opacity":"","overlay-gradient":""},"mobile":{"background-color":"var(--ast-global-color-5)","background-image":"","background-repeat":"repeat","background-position":"center center","background-size":"auto","background-attachment":"scroll","background-type":"","background-media":"","overlay-type":"","overlay-color":"","overlay-opacity":"","overlay-gradient":""}}},"product_brand":[],"product_cat":[175,193],"product_tag":[],"class_list":{"0":"post-25656","1":"product","2":"type-product","3":"status-publish","4":"has-post-thumbnail","6":"product_cat-cleaning-products","7":"product_cat-wood-treatment","8":"desktop-align-left","9":"tablet-align-left","10":"mobile-align-left","12":"first","13":"instock","14":"sale","15":"shipping-taxable","16":"purchasable","17":"product-type-variable","18":"has-default-attributes"},"spectra_custom_meta":{"_visibility":["visible"],"_shopify_product_id":["9102472020213"],"_s2w_shopify_domain":["ferberpainting.myshopify.com"],"_shopify_variant_id":["46616343412981"],"_sku":[""],"_manage_stock":["no"],"total_sales":["21"],"_tax_status":["taxable"],"_tax_class":[""],"_backorders":["no"],"_sold_individually":["no"],"_virtual":["no"],"_downloadable":["no"],"_download_limit":["-1"],"_download_expiry":["-1"],"_stock":[null],"_stock_status":["instock"],"_wc_average_rating":["5.00"],"_wc_review_count":["12"],"_product_attributes":["a:1:{s:6:\"volume\";a:6:{s:4:\"name\";s:6:\"Volume\";s:5:\"value\";s:20:\"5 liters | 25 liters\";s:8:\"position\";i:1;s:10:\"is_visible\";i:0;s:12:\"is_variation\";i:1;s:11:\"is_taxonomy\";i:0;}}"],"_product_version":["10.5.2"],"wpse_downloadable_file_names":[""],"wpse_downloadable_file_urls":[""],"_edit_last":["1"],"_default_attributes":["a:1:{s:6:\"volume\";s:8:\"5 liters\";}"],"_edit_lock":["1771402292:1"],"_price":["29.90","129.90"],"merchant-center-availability":["yes"],"merchant-center-category":["4973"],"_thumbnail_id":["35773"],"_wp_page_template":["default"],"_wp_old_date":["2025-05-26"],"_product_image_gallery":["35774"],"site-sidebar-layout":["default"],"ast-site-content-layout":["default"],"site-content-style":["default"],"site-sidebar-style":["default"],"theme-transparent-header-meta":["default"],"_wc_rating_count":["a:1:{i:5;i:12;}"],"astra-migrate-meta-layouts":["set"],"_uag_css_file_name":["uag-css-25656.css"],"_elementor_page_assets":["a:0:{}"],"_uag_page_assets":["a:9:{s:3:\"css\";s:6873:\".wp-block-uagb-image{display:flex}.wp-block-uagb-image__figure{position:relative;display:flex;flex-direction:column;max-width:100%;height:auto;margin:0}.wp-block-uagb-image__figure img{height:auto;display:flex;max-width:100%;transition:box-shadow .2s ease}.wp-block-uagb-image__figure>a{display:inline-block}.wp-block-uagb-image__figure figcaption{text-align:center;margin-top:.5em;margin-bottom:1em}.wp-block-uagb-image .components-placeholder.block-editor-media-placeholder .components-placeholder__instructions{align-self:center}.wp-block-uagb-image--align-left{text-align:left}.wp-block-uagb-image--align-right{text-align:right}.wp-block-uagb-image--align-center{text-align:center}.wp-block-uagb-image--align-full .wp-block-uagb-image__figure{margin-left:calc(50% - 50vw);margin-right:calc(50% - 50vw);max-width:100vw;width:100vw;height:auto}.wp-block-uagb-image--align-full .wp-block-uagb-image__figure img{height:auto;width:100% !important}.wp-block-uagb-image--align-wide .wp-block-uagb-image__figure img{height:auto;width:100%}.wp-block-uagb-image--layout-overlay__color-wrapper{position:absolute;left:0;top:0;right:0;bottom:0;opacity:.2;background:rgba(0,0,0,.5);transition:opacity .35s ease-in-out}.wp-block-uagb-image--layout-overlay-link{position:absolute;left:0;right:0;bottom:0;top:0}.wp-block-uagb-image--layout-overlay .wp-block-uagb-image__figure:hover .wp-block-uagb-image--layout-overlay__color-wrapper{opacity:1}.wp-block-uagb-image--layout-overlay__inner{position:absolute;left:15px;right:15px;bottom:15px;top:15px;display:flex;align-items:center;justify-content:center;flex-direction:column;border-color:#fff;transition:.35s ease-in-out}.wp-block-uagb-image--layout-overlay__inner.top-left,.wp-block-uagb-image--layout-overlay__inner.top-center,.wp-block-uagb-image--layout-overlay__inner.top-right{justify-content:flex-start}.wp-block-uagb-image--layout-overlay__inner.bottom-left,.wp-block-uagb-image--layout-overlay__inner.bottom-center,.wp-block-uagb-image--layout-overlay__inner.bottom-right{justify-content:flex-end}.wp-block-uagb-image--layout-overlay__inner.top-left,.wp-block-uagb-image--layout-overlay__inner.center-left,.wp-block-uagb-image--layout-overlay__inner.bottom-left{align-items:flex-start}.wp-block-uagb-image--layout-overlay__inner.top-right,.wp-block-uagb-image--layout-overlay__inner.center-right,.wp-block-uagb-image--layout-overlay__inner.bottom-right{align-items:flex-end}.wp-block-uagb-image--layout-overlay__inner .uagb-image-heading{color:#fff;transition:transform .35s,opacity .35s ease-in-out;transform:translate3d(0, 24px, 0);margin:0;line-height:1em}.wp-block-uagb-image--layout-overlay__inner .uagb-image-separator{width:30%;border-top-width:2px;border-top-color:#fff;border-top-style:solid;margin-bottom:10px;opacity:0;transition:transform .4s,opacity .4s ease-in-out;transform:translate3d(0, 30px, 0)}.wp-block-uagb-image--layout-overlay__inner .uagb-image-caption{opacity:0;overflow:visible;color:#fff;transition:transform .45s,opacity .45s ease-in-out;transform:translate3d(0, 35px, 0)}.wp-block-uagb-image--layout-overlay__inner:hover .uagb-image-heading,.wp-block-uagb-image--layout-overlay__inner:hover .uagb-image-separator,.wp-block-uagb-image--layout-overlay__inner:hover .uagb-image-caption{opacity:1;transform:translate3d(0, 0, 0)}.wp-block-uagb-image--effect-zoomin .wp-block-uagb-image__figure img,.wp-block-uagb-image--effect-zoomin .wp-block-uagb-image__figure .wp-block-uagb-image--layout-overlay__color-wrapper{transform:scale(1);transition:transform .35s ease-in-out}.wp-block-uagb-image--effect-zoomin .wp-block-uagb-image__figure:hover img,.wp-block-uagb-image--effect-zoomin .wp-block-uagb-image__figure:hover .wp-block-uagb-image--layout-overlay__color-wrapper{transform:scale(1.05)}.wp-block-uagb-image--effect-slide .wp-block-uagb-image__figure img,.wp-block-uagb-image--effect-slide .wp-block-uagb-image__figure .wp-block-uagb-image--layout-overlay__color-wrapper{width:calc(100% + 40px) !important;max-width:none !important;transform:translate3d(-40px, 0, 0);transition:transform .35s ease-in-out}.wp-block-uagb-image--effect-slide .wp-block-uagb-image__figure:hover img,.wp-block-uagb-image--effect-slide .wp-block-uagb-image__figure:hover .wp-block-uagb-image--layout-overlay__color-wrapper{transform:translate3d(0, 0, 0)}.wp-block-uagb-image--effect-grayscale img{filter:grayscale(0%);transition:.35s ease-in-out}.wp-block-uagb-image--effect-grayscale:hover img{filter:grayscale(100%)}.wp-block-uagb-image--effect-blur img{filter:blur(0);transition:.35s ease-in-out}.wp-block-uagb-image--effect-blur:hover img{filter:blur(3px)}.uagb-block-e6f939b3.wp-block-uagb-image--layout-default figure img{box-shadow: 0px 0px 0 #00000070;}.uagb-block-e6f939b3.wp-block-uagb-image .wp-block-uagb-image__figure figcaption{font-style: normal;align-self: center;}.uagb-block-e6f939b3.wp-block-uagb-image--layout-overlay figure img{box-shadow: 0px 0px 0 #00000070;}.uagb-block-e6f939b3.wp-block-uagb-image--layout-overlay .wp-block-uagb-image--layout-overlay__color-wrapper{opacity: 0.2;}.uagb-block-e6f939b3.wp-block-uagb-image--layout-overlay .wp-block-uagb-image--layout-overlay__inner{left: 15px;right: 15px;top: 15px;bottom: 15px;}.uagb-block-e6f939b3.wp-block-uagb-image--layout-overlay .wp-block-uagb-image--layout-overlay__inner .uagb-image-heading{font-style: normal;color: #fff;opacity: 1;}.uagb-block-e6f939b3.wp-block-uagb-image--layout-overlay .wp-block-uagb-image--layout-overlay__inner .uagb-image-heading a{color: #fff;}.uagb-block-e6f939b3.wp-block-uagb-image--layout-overlay .wp-block-uagb-image--layout-overlay__inner .uagb-image-caption{opacity: 0;}.uagb-block-e6f939b3.wp-block-uagb-image--layout-overlay .wp-block-uagb-image__figure:hover .wp-block-uagb-image--layout-overlay__color-wrapper{opacity: 1;}.uagb-block-e6f939b3.wp-block-uagb-image .wp-block-uagb-image--layout-overlay__inner .uagb-image-separator{width: 30%;border-top-width: 2px;border-top-color: #fff;opacity: 0;}.uagb-block-e6f939b3.wp-block-uagb-image .wp-block-uagb-image__figure img{width: px;height: auto;}.uagb-block-e6f939b3.wp-block-uagb-image .wp-block-uagb-image__figure:hover .wp-block-uagb-image--layout-overlay__inner .uagb-image-caption{opacity: 1;}.uagb-block-e6f939b3.wp-block-uagb-image .wp-block-uagb-image__figure:hover .wp-block-uagb-image--layout-overlay__inner .uagb-image-separator{opacity: 1;}.uagb-block-e6f939b3.wp-block-uagb-image--layout-default figure:hover img{box-shadow: 0px 0px 0 #00000070;}.uagb-block-e6f939b3.wp-block-uagb-image--layout-overlay figure:hover img{box-shadow: 0px 0px 0 #00000070;}@media only screen and (max-width: 976px) {.uagb-block-e6f939b3.wp-block-uagb-image .wp-block-uagb-image__figure img{width: px;height: auto;}}@media only screen and (max-width: 767px) {.uagb-block-e6f939b3.wp-block-uagb-image .wp-block-uagb-image__figure img{width: px;height: auto;}}\";s:2:\"js\";s:0:\"\";s:18:\"current_block_list\";a:13:{i:0;s:11:\"core\/search\";i:1;s:10:\"core\/group\";i:2;s:12:\"core\/heading\";i:3;s:17:\"core\/latest-posts\";i:4;s:20:\"core\/latest-comments\";i:5;s:13:\"core\/archives\";i:6;s:15:\"core\/categories\";i:7;s:14:\"core\/paragraph\";i:8;s:10:\"uagb\/image\";i:9;s:11:\"core\/spacer\";i:10;s:30:\"woocommerce\/product-categories\";i:11;s:10:\"core\/image\";i:12;s:14:\"core\/shortcode\";}s:8:\"uag_flag\";b:1;s:11:\"uag_version\";s:10:\"1777102137\";s:6:\"gfonts\";a:0:{}s:10:\"gfonts_url\";s:0:\"\";s:12:\"gfonts_files\";a:0:{}s:14:\"uag_faq_layout\";b:0;}"]},"uagb_featured_image_src":{"full":["https:\/\/www.ferberpainting.com\/wp-content\/uploads\/2025\/05\/Wood-Cleaner-5L-.png",2560,2560,false],"thumbnail":["https:\/\/www.ferberpainting.com\/wp-content\/uploads\/2025\/05\/Wood-Cleaner-5L--150x150.png",150,150,true],"medium":["https:\/\/www.ferberpainting.com\/wp-content\/uploads\/2025\/05\/Wood-Cleaner-5L--300x300.png",300,300,true],"medium_large":["https:\/\/www.ferberpainting.com\/wp-content\/uploads\/2025\/05\/Wood-Cleaner-5L--768x768.png",768,768,true],"large":["https:\/\/www.ferberpainting.com\/wp-content\/uploads\/2025\/05\/Wood-Cleaner-5L--1024x1024.png",1024,1024,true],"1536x1536":["https:\/\/www.ferberpainting.com\/wp-content\/uploads\/2025\/05\/Wood-Cleaner-5L--1536x1536.png",1536,1536,true],"2048x2048":["https:\/\/www.ferberpainting.com\/wp-content\/uploads\/2025\/05\/Wood-Cleaner-5L--2048x2048.png",2048,2048,true],"trp-custom-language-flag":["https:\/\/www.ferberpainting.com\/wp-content\/uploads\/2025\/05\/Wood-Cleaner-5L--12x12.png",12,12,true],"woocommerce_thumbnail":["https:\/\/www.ferberpainting.com\/wp-content\/uploads\/2025\/05\/Wood-Cleaner-5L--300x300.png",300,300,true],"woocommerce_single":["https:\/\/www.ferberpainting.com\/wp-content\/uploads\/2025\/05\/Wood-Cleaner-5L--600x600.png",600,600,true],"woocommerce_gallery_thumbnail":["https:\/\/www.ferberpainting.com\/wp-content\/uploads\/2025\/05\/Wood-Cleaner-5L--100x100.png",100,100,true]},"uagb_author_info":{"display_name":"admin","author_link":"https:\/\/www.ferberpainting.com\/no\/author\/"},"uagb_comment_info":12,"uagb_excerpt":"Optimal Effectiveness.\u00a0This wood cleaner is specially formulated to effectively eliminate stains, dust, grease marks, and humidity traces that tarnish wooden surfaces. Thanks to its powerful yet gentle formula, it deeply cleans without altering the natural grain or color of the wood. It cleans, protects, and revives the shine of treated surfaces, restoring their original appearance&hellip;","_links":{"self":[{"href":"https:\/\/www.ferberpainting.com\/no\/wp-json\/wp\/v2\/product\/25656","targetHints":{"allow":["GET"]}}],"collection":[{"href":"https:\/\/www.ferberpainting.com\/no\/wp-json\/wp\/v2\/product"}],"about":[{"href":"https:\/\/www.ferberpainting.com\/no\/wp-json\/wp\/v2\/types\/product"}],"replies":[{"embeddable":true,"href":"https:\/\/www.ferberpainting.com\/no\/wp-json\/wp\/v2\/comments?post=25656"}],"version-history":[{"count":4,"href":"https:\/\/www.ferberpainting.com\/no\/wp-json\/wp\/v2\/product\/25656\/revisions"}],"predecessor-version":[{"id":169110,"href":"https:\/\/www.ferberpainting.com\/no\/wp-json\/wp\/v2\/product\/25656\/revisions\/169110"}],"wp:featuredmedia":[{"embeddable":true,"href":"https:\/\/www.ferberpainting.com\/no\/wp-json\/wp\/v2\/media\/35773"}],"wp:attachment":[{"href":"https:\/\/www.ferberpainting.com\/no\/wp-json\/wp\/v2\/media?parent=25656"}],"wp:term":[{"taxonomy":"product_brand","embeddable":true,"href":"https:\/\/www.ferberpainting.com\/no\/wp-json\/wp\/v2\/product_brand?post=25656"},{"taxonomy":"product_cat","embeddable":true,"href":"https:\/\/www.ferberpainting.com\/no\/wp-json\/wp\/v2\/product_cat?post=25656"},{"taxonomy":"product_tag","embeddable":true,"href":"https:\/\/www.ferberpainting.com\/no\/wp-json\/wp\/v2\/product_tag?post=25656"}],"curies":[{"name":"wp","href":"https:\/\/api.w.org\/{rel}","templated":true}]}}