{"id":25604,"date":"2025-05-26T10:32:43","date_gmt":"2025-05-26T08:32:43","guid":{"rendered":"https:\/\/www.ferberpainting.com\/products\/truffle-tree-fertilizer\/"},"modified":"2026-02-16T13:50:18","modified_gmt":"2026-02-16T12:50:18","slug":"truffle-tree-fertilizer","status":"publish","type":"product","link":"https:\/\/www.ferberpainting.com\/no\/products\/truffle-tree-fertilizer\/","title":{"rendered":"Tr\u00f8ffeltregj\u00f8dsel 25 kg"},"content":{"rendered":"<p><strong><img decoding=\"async\" style=\"margin-right: 12px;\" src=\"https:\/\/www.ferberpainting.com\/wp-content\/uploads\/2026\/02\/Check.svg\" alt=\"\" width=\"18\" height=\"15\" \/>En gj\u00f8dsel som er spesielt utviklet for \u00e5 fremme tr\u00f8ffelmykorrhization.<\/strong>\u00a0Denne granul\u00e6re gj\u00f8dselen er spesielt utviklet for \u00e5 dekke tr\u00f8ffeltr\u00e6rnes behov, ved \u00e5 tilf\u00f8re de essensielle n\u00e6ringsstoffene som trengs for deres utvikling. Den fremmer en balansert og progressiv ern\u00e6ring, som stimulerer rotvekst og implantering av tr\u00f8ffelmycelium. Takket v\u00e6re den balanserte sammensetningen av nitrogen, fosfor og kalium (NPK 10-10-10) st\u00f8tter denne gj\u00f8dselen symbiosen mellom treet og tr\u00f8ffelen, samtidig som den styrker tr\u00f8ffeltreets livskraft og motstandskraft mot milj\u00f8belastninger.<\/p>\n<p><strong><img decoding=\"async\" style=\"margin-right: 12px;\" src=\"https:\/\/www.ferberpainting.com\/wp-content\/uploads\/2026\/02\/Check.svg\" alt=\"\" width=\"18\" height=\"15\" \/>Pengene tilbake-garanti.<\/strong>\u00a0Vi er overbevist om effektiviteten til tr\u00f8ffelgj\u00f8dselen v\u00e5r, og vi tilbyr derfor full refusjon hvis du ikke er helt forn\u00f8yd med resultatene. Hvis du etter bruk ikke merker noen forbedring i veksten av tr\u00e6rne dine eller i dannelsen av mykorrhiza, forplikter vi oss til \u00e5 refundere deg uten betingelser.<\/p>\n<p><strong><img decoding=\"async\" style=\"margin-right: 12px;\" src=\"https:\/\/www.ferberpainting.com\/wp-content\/uploads\/2026\/02\/Check.svg\" alt=\"\" width=\"18\" height=\"15\" \/>En allsidig gj\u00f8dsel som passer til forskjellige jordsmonn og tr\u00f8ffelarter.<\/strong>\u00a0Denne gj\u00f8dselen er kompatibel med alle arter av tr\u00f8ffeleik, inkludert pubescent eik, gr\u00f8nn eik og hvit eik, samt med hasseltr\u00e6r for tr\u00f8ffeldyrking. Den er ogs\u00e5 tilpasset kalkholdig jord, leire-kalkstein og leirjord, og fremmer dermed bedre n\u00e6ringsassimilering og optimal mykorrhisering.<\/p>\n<p><strong><img decoding=\"async\" style=\"margin-right: 12px;\" src=\"https:\/\/www.ferberpainting.com\/wp-content\/uploads\/2026\/02\/Check.svg\" alt=\"\" width=\"18\" height=\"15\" \/>Eksepsjonelt \u00f8konomisk utbytte for langvarig gj\u00f8dsling.<\/strong>\u00a0Takket v\u00e6re den h\u00f8ye konsentrasjonen av n\u00e6ringsstoffer sikrer denne gj\u00f8dselen effektiv gj\u00f8dsling med en liten mengde produkt per tre. Med en pose p\u00e5 25 kg kan du behandle et stort plantasjeomr\u00e5de. Med et utbytte p\u00e5 200 gram per tre er det et kostnadseffektivt og effektivt valg for alle tr\u00f8ffeldyrkere.<\/p>\n<p><strong><img decoding=\"async\" style=\"margin-right: 12px;\" src=\"https:\/\/www.ferberpainting.com\/wp-content\/uploads\/2026\/02\/Check.svg\" alt=\"\" width=\"18\" height=\"15\" \/>En milj\u00f8vennlig gj\u00f8dsel som er trygg for fauna og flora.<\/strong>\u00a0Denne gj\u00f8dselen er formulert uten giftige produkter, endrer ikke jordens biologiske mangfold, frigj\u00f8r ingen skadelige kjemiske rester og bidrar til \u00e5 bevare mikroorganismer som er gunstige for tr\u00f8ffelproduksjonen. Den er ufarlig for dyr, insekter og organismer som finnes i jorda, og sikrer en harmonisk utvikling av tr\u00f8ffeltreet og mykorrhizanettverket.<\/p>\n<p><strong><img decoding=\"async\" style=\"margin-right: 12px;\" src=\"https:\/\/www.ferberpainting.com\/wp-content\/uploads\/2026\/02\/Check.svg\" alt=\"\" width=\"18\" height=\"15\" \/>En enkel og rask p\u00e5f\u00f8ring uten risiko for overdosering.<\/strong>\u00a0Denne gj\u00f8dselen brukes i fast form, noe som gj\u00f8r det enkelt \u00e5 p\u00e5f\u00f8re den uten behov for fortynning. Bare spre den anbefalte mengden rundt treet og bland den lett inn i jorden for \u00e5 sikre progressiv frigj\u00f8ring av n\u00e6ringsstoffer.<\/p>\n<p><strong><img decoding=\"async\" style=\"margin-right: 12px;\" src=\"https:\/\/www.ferberpainting.com\/wp-content\/uploads\/2026\/02\/Check.svg\" alt=\"\" width=\"18\" height=\"15\" \/>Langvarig effekt for vedvarende vekst av tr\u00f8ffeltr\u00e6r.<\/strong>\u00a0Takket v\u00e6re den langsomme frigj\u00f8ringen sikrer denne gj\u00f8dselblandingen en jevn frigj\u00f8ring av n\u00e6ringsstoffer gjennom hele sesongen. Den fremmer rotutviklingen, stimulerer mykorrhiza-aktiviteten og forbedrer tr\u00f8ffeltreets generelle helse, og \u00f8ker dermed sjansene for en rikelig og b\u00e6rekraftig tr\u00f8ffelproduksjon.<\/p>\n<p><strong><img decoding=\"async\" style=\"margin-right: 12px;\" src=\"https:\/\/www.ferberpainting.com\/wp-content\/uploads\/2026\/02\/Check.svg\" alt=\"\" width=\"18\" height=\"15\" \/>Synlige resultater fra den f\u00f8rste sesongen.<\/strong>\u00a0Allerede fra de f\u00f8rste ukene etter p\u00e5f\u00f8ring vil du observere en mer dynamisk trevekst, bedre rottetthet og en generell forbedring av tr\u00f8ffeltreets helsestatus. Denne gj\u00f8dselen stimulerer rotdannelse og sekund\u00e6re r\u00f8tter, noe som fremmer mykorrhization og tr\u00f8ffelproduksjon.<\/p>\n<h2><strong>Protokoll for bruk<\/strong><\/h2>\n<p><strong>Anbefalt dosering <\/strong>:<\/p>\n<ul>\n<li>200 gram gj\u00f8dsel per tre, som skal p\u00e5f\u00f8res en eller to ganger i \u00e5ret, helst om v\u00e5ren og h\u00f8sten.<\/li>\n<li>For unge plantasjer er en redusert dose p\u00e5 100 gram per tre tilstrekkelig for \u00e5 fremme rask etablering og jevn vekst.<\/li>\n<\/ul>\n<p><strong>P\u00e5f\u00f8ringsmetode <\/strong>:<\/p>\n<ul>\n<li>Spre gj\u00f8dselen i en sirkel rundt treets basis, og pass p\u00e5 \u00e5 ikke plassere den direkte p\u00e5 stammen.<\/li>\n<li>Bland gj\u00f8dselen lett ned i jorden med en rive eller klo for \u00e5 sikre bedre opptak av n\u00e6ringsstoffene.<\/li>\n<li>Vann etter p\u00e5f\u00f8ring for \u00e5 fremme frigj\u00f8ring av mineralelementer og aktivere jordens mikrobielle aktivitet.<\/li>\n<\/ul>\n<p><strong>Bruksfrekvens <\/strong>:<\/p>\n<ul>\n<li><strong>Om v\u00e5ren (mars-april) <\/strong>: For \u00e5 fremme rotutvikling og stimulere tr\u00f8ffelmycelium.<\/li>\n<li><strong>Om h\u00f8sten (september-oktober) <\/strong>: For \u00e5 forberede tr\u00f8ffeltr\u00e6rne p\u00e5 den kalde \u00e5rstiden og gi dem n\u00e6ring til neste \u00e5r.<\/li>\n<\/ul>\n<p><strong>Forholdsregler for bruk <\/strong>:<\/p>\n<ul>\n<li>Unng\u00e5 overdosering, da for mye gj\u00f8dsling kan skape ubalanse i jorden og bremse tr\u00f8ffeldannelsen.<\/li>\n<li>Ikke bruk om sommeren i perioder med h\u00f8y varme, da n\u00e6ringsopptaket er lavere og fordampingen \u00f8ker.<\/li>\n<li>Oppbevares p\u00e5 et t\u00f8rt, ventilert sted, borte fra fuktighet for \u00e5 bevare produktets kvalitet og effektivitet.<\/li>\n<\/ul>\n<p>Denne tr\u00f8ffelgj\u00f8dselen er den ideelle l\u00f8sningen for alle tr\u00f8ffeldyrkere som \u00f8nsker \u00e5 maksimere treveksten og optimalisere tr\u00f8ffelproduksjonen.<br \/>\nDen er enkel \u00e5 bruke, kostnadseffektiv og milj\u00f8vennlig, og gir en komplett og b\u00e6rekraftig gj\u00f8dsling for rik og produktiv jord.<\/p>","protected":false},"excerpt":{"rendered":"<p>A fertilizer specially designed to promote truffle mycorrhization.\u00a0This granular fertilizer has been specially formulated to meet the needs of truffle trees, by providing the essential nutrients needed for their development. It promotes a balanced and progressive nutrition, which stimulates root growth and the implantation of the truffle mycelium. Thanks to its balanced formulation in nitrogen, [&hellip;]<\/p>\n","protected":false},"featured_media":27436,"comment_status":"open","ping_status":"closed","template":"","meta":{"_uag_custom_page_level_css":"","site-sidebar-layout":"default","site-content-layout":"","ast-site-content-layout":"default","site-content-style":"default","site-sidebar-style":"default","ast-global-header-display":"","ast-banner-title-visibility":"","ast-main-header-display":"","ast-hfb-above-header-display":"","ast-hfb-below-header-display":"","ast-hfb-mobile-header-display":"","site-post-title":"","ast-breadcrumbs-content":"","ast-featured-img":"","footer-sml-layout":"","ast-disable-related-posts":"","theme-transparent-header-meta":"default","adv-header-id-meta":"","stick-header-meta":"","header-above-stick-meta":"","header-main-stick-meta":"","header-below-stick-meta":"","astra-migrate-meta-layouts":"set","ast-page-background-enabled":"default","ast-page-background-meta":{"desktop":{"background-color":"var(--ast-global-color-4)","background-image":"","background-repeat":"repeat","background-position":"center center","background-size":"auto","background-attachment":"scroll","background-type":"","background-media":"","overlay-type":"","overlay-color":"","overlay-opacity":"","overlay-gradient":""},"tablet":{"background-color":"","background-image":"","background-repeat":"repeat","background-position":"center center","background-size":"auto","background-attachment":"scroll","background-type":"","background-media":"","overlay-type":"","overlay-color":"","overlay-opacity":"","overlay-gradient":""},"mobile":{"background-color":"","background-image":"","background-repeat":"repeat","background-position":"center center","background-size":"auto","background-attachment":"scroll","background-type":"","background-media":"","overlay-type":"","overlay-color":"","overlay-opacity":"","overlay-gradient":""}},"ast-content-background-meta":{"desktop":{"background-color":"var(--ast-global-color-5)","background-image":"","background-repeat":"repeat","background-position":"center center","background-size":"auto","background-attachment":"scroll","background-type":"","background-media":"","overlay-type":"","overlay-color":"","overlay-opacity":"","overlay-gradient":""},"tablet":{"background-color":"var(--ast-global-color-5)","background-image":"","background-repeat":"repeat","background-position":"center center","background-size":"auto","background-attachment":"scroll","background-type":"","background-media":"","overlay-type":"","overlay-color":"","overlay-opacity":"","overlay-gradient":""},"mobile":{"background-color":"var(--ast-global-color-5)","background-image":"","background-repeat":"repeat","background-position":"center center","background-size":"auto","background-attachment":"scroll","background-type":"","background-media":"","overlay-type":"","overlay-color":"","overlay-opacity":"","overlay-gradient":""}}},"product_brand":[],"product_cat":[178],"product_tag":[],"class_list":{"0":"post-25604","1":"product","2":"type-product","3":"status-publish","4":"has-post-thumbnail","6":"product_cat-fertilizers","7":"desktop-align-left","8":"tablet-align-left","9":"mobile-align-left","11":"first","12":"instock","13":"shipping-taxable","14":"purchasable","15":"product-type-simple"},"spectra_custom_meta":{"_visibility":["visible"],"_shopify_product_id":["9073230774517"],"_s2w_shopify_domain":["ferberpainting.myshopify.com"],"_shopify_variant_id":["46524447981813"],"_sku":["FPTRUFFLETREEFERTILIZER25KG"],"_regular_price":["39.90"],"_price":["39.90"],"_sale_price":[""],"_weight":["18.7"],"_thumbnail_id":["27436"],"_global_unique_id":["5056773817920"],"total_sales":["14"],"_tax_status":["taxable"],"_tax_class":[""],"_manage_stock":["no"],"_backorders":["no"],"_sold_individually":["no"],"_virtual":["no"],"_downloadable":["no"],"_download_limit":["-1"],"_download_expiry":["-1"],"_stock":[null],"_stock_status":["instock"],"_wc_average_rating":["5.00"],"_wc_review_count":["33"],"_product_version":["10.5.1"],"_wc_rating_count":["a:1:{i:5;i:33;}"],"_edit_lock":["1771246083:1"],"merchant-center-availability":["yes"],"merchant-center-category":["113"],"_edit_last":["1"],"_wp_page_template":["default"],"site-sidebar-layout":["default"],"ast-site-content-layout":["default"],"site-content-style":["default"],"site-sidebar-style":["default"],"theme-transparent-header-meta":["default"],"astra-migrate-meta-layouts":["set"],"_uag_css_file_name":["uag-css-25604.css"],"_elementor_page_assets":["a:0:{}"],"_uag_page_assets":["a:9:{s:3:\"css\";s:6893:\".wp-block-uagb-image{display:flex}.wp-block-uagb-image__figure{position:relative;display:flex;flex-direction:column;max-width:100%;height:auto;margin:0}.wp-block-uagb-image__figure img{height:auto;display:flex;max-width:100%;transition:box-shadow 0.2s ease}.wp-block-uagb-image__figure>a{display:inline-block}.wp-block-uagb-image__figure figcaption{text-align:center;margin-top:0.5em;margin-bottom:1em}.wp-block-uagb-image .components-placeholder.block-editor-media-placeholder .components-placeholder__instructions{align-self:center}.wp-block-uagb-image--align-left{text-align:left}.wp-block-uagb-image--align-right{text-align:right}.wp-block-uagb-image--align-center{text-align:center}.wp-block-uagb-image--align-full .wp-block-uagb-image__figure{margin-left:calc(50% - 50vw);margin-right:calc(50% - 50vw);max-width:100vw;width:100vw;height:auto}.wp-block-uagb-image--align-full .wp-block-uagb-image__figure img{height:auto;width:100% !important}.wp-block-uagb-image--align-wide .wp-block-uagb-image__figure img{height:auto;width:100%}.wp-block-uagb-image--layout-overlay__color-wrapper{position:absolute;left:0;top:0;right:0;bottom:0;opacity:0.2;background:rgba(0,0,0,0.5);transition:opacity 0.35s ease-in-out}.wp-block-uagb-image--layout-overlay-link{position:absolute;left:0;right:0;bottom:0;top:0}.wp-block-uagb-image--layout-overlay .wp-block-uagb-image__figure:hover .wp-block-uagb-image--layout-overlay__color-wrapper{opacity:1}.wp-block-uagb-image--layout-overlay__inner{position:absolute;left:15px;right:15px;bottom:15px;top:15px;display:flex;align-items:center;justify-content:center;flex-direction:column;border-color:#fff;transition:0.35s ease-in-out}.wp-block-uagb-image--layout-overlay__inner.top-left,.wp-block-uagb-image--layout-overlay__inner.top-center,.wp-block-uagb-image--layout-overlay__inner.top-right{justify-content:flex-start}.wp-block-uagb-image--layout-overlay__inner.bottom-left,.wp-block-uagb-image--layout-overlay__inner.bottom-center,.wp-block-uagb-image--layout-overlay__inner.bottom-right{justify-content:flex-end}.wp-block-uagb-image--layout-overlay__inner.top-left,.wp-block-uagb-image--layout-overlay__inner.center-left,.wp-block-uagb-image--layout-overlay__inner.bottom-left{align-items:flex-start}.wp-block-uagb-image--layout-overlay__inner.top-right,.wp-block-uagb-image--layout-overlay__inner.center-right,.wp-block-uagb-image--layout-overlay__inner.bottom-right{align-items:flex-end}.wp-block-uagb-image--layout-overlay__inner .uagb-image-heading{color:#fff;transition:transform 0.35s, opacity 0.35s ease-in-out;transform:translate3d(0, 24px, 0);margin:0;line-height:1em}.wp-block-uagb-image--layout-overlay__inner .uagb-image-separator{width:30%;border-top-width:2px;border-top-color:#fff;border-top-style:solid;margin-bottom:10px;opacity:0;transition:transform 0.4s, opacity 0.4s ease-in-out;transform:translate3d(0, 30px, 0)}.wp-block-uagb-image--layout-overlay__inner .uagb-image-caption{opacity:0;overflow:visible;color:#fff;transition:transform 0.45s, opacity 0.45s ease-in-out;transform:translate3d(0, 35px, 0)}.wp-block-uagb-image--layout-overlay__inner:hover .uagb-image-heading,.wp-block-uagb-image--layout-overlay__inner:hover .uagb-image-separator,.wp-block-uagb-image--layout-overlay__inner:hover .uagb-image-caption{opacity:1;transform:translate3d(0, 0, 0)}.wp-block-uagb-image--effect-zoomin .wp-block-uagb-image__figure img,.wp-block-uagb-image--effect-zoomin .wp-block-uagb-image__figure .wp-block-uagb-image--layout-overlay__color-wrapper{transform:scale(1);transition:transform 0.35s ease-in-out}.wp-block-uagb-image--effect-zoomin .wp-block-uagb-image__figure:hover img,.wp-block-uagb-image--effect-zoomin .wp-block-uagb-image__figure:hover .wp-block-uagb-image--layout-overlay__color-wrapper{transform:scale(1.05)}.wp-block-uagb-image--effect-slide .wp-block-uagb-image__figure img,.wp-block-uagb-image--effect-slide .wp-block-uagb-image__figure .wp-block-uagb-image--layout-overlay__color-wrapper{width:calc(100% + 40px) !important;max-width:none !important;transform:translate3d(-40px, 0, 0);transition:transform 0.35s ease-in-out}.wp-block-uagb-image--effect-slide .wp-block-uagb-image__figure:hover img,.wp-block-uagb-image--effect-slide .wp-block-uagb-image__figure:hover .wp-block-uagb-image--layout-overlay__color-wrapper{transform:translate3d(0, 0, 0)}.wp-block-uagb-image--effect-grayscale img{filter:grayscale(0%);transition:0.35s ease-in-out}.wp-block-uagb-image--effect-grayscale:hover img{filter:grayscale(100%)}.wp-block-uagb-image--effect-blur img{filter:blur(0);transition:0.35s ease-in-out}.wp-block-uagb-image--effect-blur:hover img{filter:blur(3px)}\n.uagb-block-e6f939b3.wp-block-uagb-image--layout-default figure img{box-shadow: 0px 0px 0 #00000070;}.uagb-block-e6f939b3.wp-block-uagb-image .wp-block-uagb-image__figure figcaption{font-style: normal;align-self: center;}.uagb-block-e6f939b3.wp-block-uagb-image--layout-overlay figure img{box-shadow: 0px 0px 0 #00000070;}.uagb-block-e6f939b3.wp-block-uagb-image--layout-overlay .wp-block-uagb-image--layout-overlay__color-wrapper{opacity: 0.2;}.uagb-block-e6f939b3.wp-block-uagb-image--layout-overlay .wp-block-uagb-image--layout-overlay__inner{left: 15px;right: 15px;top: 15px;bottom: 15px;}.uagb-block-e6f939b3.wp-block-uagb-image--layout-overlay .wp-block-uagb-image--layout-overlay__inner .uagb-image-heading{font-style: normal;color: #fff;opacity: 1;}.uagb-block-e6f939b3.wp-block-uagb-image--layout-overlay .wp-block-uagb-image--layout-overlay__inner .uagb-image-heading a{color: #fff;}.uagb-block-e6f939b3.wp-block-uagb-image--layout-overlay .wp-block-uagb-image--layout-overlay__inner .uagb-image-caption{opacity: 0;}.uagb-block-e6f939b3.wp-block-uagb-image--layout-overlay .wp-block-uagb-image__figure:hover .wp-block-uagb-image--layout-overlay__color-wrapper{opacity: 1;}.uagb-block-e6f939b3.wp-block-uagb-image .wp-block-uagb-image--layout-overlay__inner .uagb-image-separator{width: 30%;border-top-width: 2px;border-top-color: #fff;opacity: 0;}.uagb-block-e6f939b3.wp-block-uagb-image .wp-block-uagb-image__figure img{width: px;height: auto;}.uagb-block-e6f939b3.wp-block-uagb-image .wp-block-uagb-image__figure:hover .wp-block-uagb-image--layout-overlay__inner .uagb-image-caption{opacity: 1;}.uagb-block-e6f939b3.wp-block-uagb-image .wp-block-uagb-image__figure:hover .wp-block-uagb-image--layout-overlay__inner .uagb-image-separator{opacity: 1;}.uagb-block-e6f939b3.wp-block-uagb-image--layout-default figure:hover img{box-shadow: 0px 0px 0 #00000070;}.uagb-block-e6f939b3.wp-block-uagb-image--layout-overlay figure:hover img{box-shadow: 0px 0px 0 #00000070;}@media only screen and (max-width: 976px) {.uagb-block-e6f939b3.wp-block-uagb-image .wp-block-uagb-image__figure img{width: px;height: auto;}}@media only screen and (max-width: 767px) {.uagb-block-e6f939b3.wp-block-uagb-image .wp-block-uagb-image__figure img{width: px;height: auto;}}\";s:2:\"js\";s:0:\"\";s:18:\"current_block_list\";a:13:{i:0;s:11:\"core\/search\";i:1;s:10:\"core\/group\";i:2;s:12:\"core\/heading\";i:3;s:17:\"core\/latest-posts\";i:4;s:20:\"core\/latest-comments\";i:5;s:13:\"core\/archives\";i:6;s:15:\"core\/categories\";i:7;s:14:\"core\/paragraph\";i:8;s:10:\"uagb\/image\";i:9;s:11:\"core\/spacer\";i:10;s:30:\"woocommerce\/product-categories\";i:11;s:10:\"core\/image\";i:12;s:14:\"core\/shortcode\";}s:8:\"uag_flag\";b:1;s:11:\"uag_version\";s:10:\"1775572953\";s:6:\"gfonts\";a:0:{}s:10:\"gfonts_url\";s:0:\"\";s:12:\"gfonts_files\";a:0:{}s:14:\"uag_faq_layout\";b:0;}"]},"uagb_featured_image_src":{"full":["https:\/\/www.ferberpainting.com\/wp-content\/uploads\/2025\/05\/TruffleTreeFertilizer.png",2560,2560,false],"thumbnail":["https:\/\/www.ferberpainting.com\/wp-content\/uploads\/2025\/05\/TruffleTreeFertilizer-150x150.png",150,150,true],"medium":["https:\/\/www.ferberpainting.com\/wp-content\/uploads\/2025\/05\/TruffleTreeFertilizer-300x300.png",300,300,true],"medium_large":["https:\/\/www.ferberpainting.com\/wp-content\/uploads\/2025\/05\/TruffleTreeFertilizer-768x768.png",768,768,true],"large":["https:\/\/www.ferberpainting.com\/wp-content\/uploads\/2025\/05\/TruffleTreeFertilizer-1024x1024.png",1024,1024,true],"1536x1536":["https:\/\/www.ferberpainting.com\/wp-content\/uploads\/2025\/05\/TruffleTreeFertilizer-1536x1536.png",1536,1536,true],"2048x2048":["https:\/\/www.ferberpainting.com\/wp-content\/uploads\/2025\/05\/TruffleTreeFertilizer-2048x2048.png",2048,2048,true],"trp-custom-language-flag":["https:\/\/www.ferberpainting.com\/wp-content\/uploads\/2025\/05\/TruffleTreeFertilizer-12x12.png",12,12,true],"woocommerce_thumbnail":["https:\/\/www.ferberpainting.com\/wp-content\/uploads\/2025\/05\/TruffleTreeFertilizer-300x300.png",300,300,true],"woocommerce_single":["https:\/\/www.ferberpainting.com\/wp-content\/uploads\/2025\/05\/TruffleTreeFertilizer-600x600.png",600,600,true],"woocommerce_gallery_thumbnail":["https:\/\/www.ferberpainting.com\/wp-content\/uploads\/2025\/05\/TruffleTreeFertilizer-100x100.png",100,100,true]},"uagb_author_info":{"display_name":"admin","author_link":"https:\/\/www.ferberpainting.com\/no\/author\/"},"uagb_comment_info":33,"uagb_excerpt":"A fertilizer specially designed to promote truffle mycorrhization.\u00a0This granular fertilizer has been specially formulated to meet the needs of truffle trees, by providing the essential nutrients needed for their development. It promotes a balanced and progressive nutrition, which stimulates root growth and the implantation of the truffle mycelium. Thanks to its balanced formulation in nitrogen,&hellip;","_links":{"self":[{"href":"https:\/\/www.ferberpainting.com\/no\/wp-json\/wp\/v2\/product\/25604","targetHints":{"allow":["GET"]}}],"collection":[{"href":"https:\/\/www.ferberpainting.com\/no\/wp-json\/wp\/v2\/product"}],"about":[{"href":"https:\/\/www.ferberpainting.com\/no\/wp-json\/wp\/v2\/types\/product"}],"replies":[{"embeddable":true,"href":"https:\/\/www.ferberpainting.com\/no\/wp-json\/wp\/v2\/comments?post=25604"}],"version-history":[{"count":5,"href":"https:\/\/www.ferberpainting.com\/no\/wp-json\/wp\/v2\/product\/25604\/revisions"}],"predecessor-version":[{"id":167495,"href":"https:\/\/www.ferberpainting.com\/no\/wp-json\/wp\/v2\/product\/25604\/revisions\/167495"}],"wp:featuredmedia":[{"embeddable":true,"href":"https:\/\/www.ferberpainting.com\/no\/wp-json\/wp\/v2\/media\/27436"}],"wp:attachment":[{"href":"https:\/\/www.ferberpainting.com\/no\/wp-json\/wp\/v2\/media?parent=25604"}],"wp:term":[{"taxonomy":"product_brand","embeddable":true,"href":"https:\/\/www.ferberpainting.com\/no\/wp-json\/wp\/v2\/product_brand?post=25604"},{"taxonomy":"product_cat","embeddable":true,"href":"https:\/\/www.ferberpainting.com\/no\/wp-json\/wp\/v2\/product_cat?post=25604"},{"taxonomy":"product_tag","embeddable":true,"href":"https:\/\/www.ferberpainting.com\/no\/wp-json\/wp\/v2\/product_tag?post=25604"}],"curies":[{"name":"wp","href":"https:\/\/api.w.org\/{rel}","templated":true}]}}