{"id":25302,"date":"2025-05-26T10:30:36","date_gmt":"2025-05-26T08:30:36","guid":{"rendered":"https:\/\/www.ferberpainting.com\/products\/sink-and-basin-unblocker\/"},"modified":"2026-02-16T10:47:07","modified_gmt":"2026-02-16T09:47:07","slug":"sink-and-basin-unblocker","status":"publish","type":"product","link":"https:\/\/www.ferberpainting.com\/no\/products\/sink-and-basin-unblocker\/","title":{"rendered":"Avstengning av vask og kum"},"content":{"rendered":"<p><strong><img decoding=\"async\" style=\"margin-right: 12px;\" src=\"https:\/\/www.ferberpainting.com\/wp-content\/uploads\/2026\/02\/Check.svg\" alt=\"\" width=\"18\" height=\"15\" \/>Rask og effektiv fjerning av tette husholdningsklosser.<\/strong>\u00a0Denne vask- og servantfjerneren er spesielt utviklet for raskt \u00e5 l\u00f8se opp tilstoppinger for\u00e5rsaket av matrester, fett, s\u00e5pe, h\u00e5r og andre urenheter som blokkerer r\u00f8rene. Det arbeider dypt for \u00e5 gjenopprette en jevn flyt og forhindre d\u00e5rlig lukt for\u00e5rsaket av opphopning av organisk materiale i avl\u00f8pene.<\/p>\n<p><strong><img decoding=\"async\" style=\"margin-right: 12px;\" src=\"https:\/\/www.ferberpainting.com\/wp-content\/uploads\/2026\/02\/Check.svg\" alt=\"\" width=\"18\" height=\"15\" \/>Pengene tilbake-garanti.<\/strong>\u00a0Vi har full tillit til effektiviteten til v\u00e5r vask- og servantoppl\u00f8ser, og det er derfor vi tilbyr en pengene-tilbake-garanti. Hvis produktet ikke l\u00f8ser problemet ditt etter p\u00e5f\u00f8ring i henhold til anbefalingene, kan du be om refusjon uten betingelser, noe som sikrer et trygt og risikofritt kj\u00f8p.<\/p>\n<p><strong><img decoding=\"async\" style=\"margin-right: 12px;\" src=\"https:\/\/www.ferberpainting.com\/wp-content\/uploads\/2026\/02\/Check.svg\" alt=\"\" width=\"18\" height=\"15\" \/>Kompatibel med ulike typer r\u00f8r og materialer.<\/strong>\u00a0Dette rensemiddelet er egnet for r\u00f8r av PVC, st\u00f8pejern, kobber, rustfritt st\u00e5l og betong, og kan brukes i de fleste moderne og tradisjonelle installasjoner. Det er ogs\u00e5 kompatibelt med septiktanker n\u00e5r det brukes i de anbefalte dosene, noe som sikrer optimal effektivitet uten \u00e5 skade den biologiske balansen i avl\u00f8pssystemet.<\/p>\n<p><strong><img decoding=\"async\" style=\"margin-right: 12px;\" src=\"https:\/\/www.ferberpainting.com\/wp-content\/uploads\/2026\/02\/Check.svg\" alt=\"\" width=\"18\" height=\"15\" \/>\u00d8konomisk effektivitet og optimalisert dosering.<\/strong>\u00a0Takket v\u00e6re den konsentrerte formelen kan 1 liter produkt behandle opptil 4 tilstoppinger, noe som gir en effektiv og \u00f8konomisk l\u00f8sning for langsiktig r\u00f8rvedlikehold. Denne optimaliserte effektiviteten reduserer behovet for store mengder produkt, forlenger brukstiden og minimerer vedlikeholdskostnadene.<\/p>\n<p><strong><img decoding=\"async\" style=\"margin-right: 12px;\" src=\"https:\/\/www.ferberpainting.com\/wp-content\/uploads\/2026\/02\/Check.svg\" alt=\"\" width=\"18\" height=\"15\" \/>Et trygt produkt som respekterer sanit\u00e6rinstallasjoner.<\/strong>\u00a0I motsetning til aggressive, tradisjonelle rensemidler skader ikke dette produktet r\u00f8r eller pakninger, noe som forhindrer risiko for korrosjon eller \u00f8deleggelse av r\u00f8rene. Det sikrer effektiv, men sk\u00e5nsom rengj\u00f8ring av r\u00f8rene uten \u00e5 for\u00e5rsake for tidlig slitasje p\u00e5 installasjonene.<\/p>\n<p><strong><img decoding=\"async\" style=\"margin-right: 12px;\" src=\"https:\/\/www.ferberpainting.com\/wp-content\/uploads\/2026\/02\/Check.svg\" alt=\"\" width=\"18\" height=\"15\" \/>Brukervennlighet og umiddelbar effektivitet.<\/strong>\u00a0Denne blokkeringsfjerneren er klar til bruk og krever ingen spesielle forberedelser. Det er bare \u00e5 helle den direkte i den tette vasken eller servanten og la den sitte i noen minutter f\u00f8r du skyller grundig. Den ultra-raske virkningen l\u00f8ser effektivt opp tilstoppinger p\u00e5 15 til 30 minutter, slik at du slipper \u00e5 bruke mekaniske metoder som et stempel eller en avl\u00f8psslange.<\/p>\n<p><strong><img decoding=\"async\" style=\"margin-right: 12px;\" src=\"https:\/\/www.ferberpainting.com\/wp-content\/uploads\/2026\/02\/Check.svg\" alt=\"\" width=\"18\" height=\"15\" \/>Langvarig effekt og forebygging av fremtidige tilstoppinger.<\/strong>\u00a0I tillegg til \u00e5 fjerne eksisterende tilstoppinger, forhindrer dette produktet dannelsen av nye tilstoppinger ved gradvis \u00e5 l\u00f8se opp akkumulerte rester. Regelmessig bruk bidrar til \u00e5 redusere forekomsten av nye tilstoppinger og sikrer optimal r\u00f8rfunksjon p\u00e5 lang sikt.<\/p>\n<p><strong><img decoding=\"async\" style=\"margin-right: 12px;\" src=\"https:\/\/www.ferberpainting.com\/wp-content\/uploads\/2026\/02\/Check.svg\" alt=\"\" width=\"18\" height=\"15\" \/>Umiddelbar handling for raskt gjenopprettet komfort.<\/strong>\u00a0Ved p\u00e5f\u00f8ring begynner denne blokkeringsfjerneren \u00e5 l\u00f8se opp avleiringer som er ansvarlige for blokkeringer, slik at det blir jevn drenering uten vannstagnasjon. Etter en enkel skylling kan vasken eller servanten brukes som normalt igjen, uten ubehagelig lukt og stillest\u00e5ende vann.<\/p>\n<h2><strong>Protokoll for bruk<\/strong><\/h2>\n<ul>\n<li><strong>Klargj\u00f8ring av r\u00f8r <\/strong>: F\u00f8r p\u00e5f\u00f8ring m\u00e5 du kontrollere at stillest\u00e5ende vann er redusert s\u00e5 mye som mulig for \u00e5 maksimere produktets effektivitet. Fjern om n\u00f8dvendig synlig rusk som h\u00e5rklumper eller fett manuelt.<\/li>\n<li><strong>Anbefalt dosering <\/strong>: Hell 250 ml produkt direkte i det tette avl\u00f8pet for \u00e5 behandle en blokkering. 1 liter kan behandle opptil 4 blokkeringer. Ved mer alvorlige blokkeringer kan det v\u00e6re n\u00f8dvendig med en ny p\u00e5f\u00f8ring etter det f\u00f8rste inngrepet.<\/li>\n<li><strong>Bruk av Unblocker <\/strong>: Hell produktet sakte i avl\u00f8pet, og unng\u00e5 \u00e5 tilsette vann umiddelbart etter for \u00e5 tillate optimal virkning.<\/li>\n<li><strong>Handlingstid <\/strong>: La det virke i 15 til 30 minutter, avhengig av hvor alvorlig tilstoppingen er. Ved spesielt vanskelige blokkeringer kan du la det virke i opptil 1 time f\u00f8r du skyller.<\/li>\n<li><strong>Skylling og flytverifisering <\/strong>: Etter ventetiden, skyll grundig med varmt vann for \u00e5 fjerne oppl\u00f8ste rester og sikre optimal gjennomstr\u00f8mning. Gjenta om n\u00f8dvendig prosessen ved vedvarende blokkeringer.<\/li>\n<li><strong>Forebyggende vedlikehold <\/strong>: For \u00e5 forhindre nye blokkeringer, bruk en liten mengde produkt en gang i m\u00e5neden for gradvis \u00e5 l\u00f8se opp avleiringer og opprettholde riktig funksjon av r\u00f8rene.<\/li>\n<li><strong>Forholdsregler ved bruk <\/strong>: M\u00e5 ikke blandes med andre kjemiske produkter, spesielt ikke oppblokkeringsmidler som inneholder kaustisk soda eller svovelsyre. Unng\u00e5 kontakt med hud og \u00f8yne. Ved utilsiktet kontakt, skyll umiddelbart med rent vann og opps\u00f8k lege om n\u00f8dvendig.<\/li>\n<li><strong>Lagring og konservering <\/strong>: Oppbevar produktet p\u00e5 et t\u00f8rt og temperert sted, beskyttet mot lys og utilgjengelig for barn. Lukk alltid flasken godt etter bruk for \u00e5 forhindre fordampning eller endring av oppl\u00f8sningen.<\/li>\n<\/ul>\n<p>Med denne vask- og servantfjerneren kan du raskt og effektivt fjerne tilstoppinger og samtidig sikre optimalt vedlikehold av sanit\u00e6rinstallasjonene dine. Nyt langvarig komfort ved \u00e5 opprettholde jevn vannstr\u00f8m og forhindre problemer med blokkeringer.<\/p>","protected":false},"excerpt":{"rendered":"<p>Fast and effective removal of household clogs.\u00a0This sink and washbasin unblocker is specially formulated to quickly dissolve clogs caused by food residues, grease, soap, hair, and other impurities that obstruct pipes. It works deeply to restore a smooth flow and prevent bad odors caused by the accumulation of organic matter in the drains. Money-back guarantee.\u00a0We [&hellip;]<\/p>\n","protected":false},"featured_media":27180,"comment_status":"open","ping_status":"closed","template":"","meta":{"_uag_custom_page_level_css":"","site-sidebar-layout":"default","site-content-layout":"","ast-site-content-layout":"default","site-content-style":"default","site-sidebar-style":"default","ast-global-header-display":"","ast-banner-title-visibility":"","ast-main-header-display":"","ast-hfb-above-header-display":"","ast-hfb-below-header-display":"","ast-hfb-mobile-header-display":"","site-post-title":"","ast-breadcrumbs-content":"","ast-featured-img":"","footer-sml-layout":"","ast-disable-related-posts":"","theme-transparent-header-meta":"default","adv-header-id-meta":"","stick-header-meta":"","header-above-stick-meta":"","header-main-stick-meta":"","header-below-stick-meta":"","astra-migrate-meta-layouts":"set","ast-page-background-enabled":"default","ast-page-background-meta":{"desktop":{"background-color":"var(--ast-global-color-4)","background-image":"","background-repeat":"repeat","background-position":"center center","background-size":"auto","background-attachment":"scroll","background-type":"","background-media":"","overlay-type":"","overlay-color":"","overlay-opacity":"","overlay-gradient":""},"tablet":{"background-color":"","background-image":"","background-repeat":"repeat","background-position":"center center","background-size":"auto","background-attachment":"scroll","background-type":"","background-media":"","overlay-type":"","overlay-color":"","overlay-opacity":"","overlay-gradient":""},"mobile":{"background-color":"","background-image":"","background-repeat":"repeat","background-position":"center center","background-size":"auto","background-attachment":"scroll","background-type":"","background-media":"","overlay-type":"","overlay-color":"","overlay-opacity":"","overlay-gradient":""}},"ast-content-background-meta":{"desktop":{"background-color":"var(--ast-global-color-5)","background-image":"","background-repeat":"repeat","background-position":"center center","background-size":"auto","background-attachment":"scroll","background-type":"","background-media":"","overlay-type":"","overlay-color":"","overlay-opacity":"","overlay-gradient":""},"tablet":{"background-color":"var(--ast-global-color-5)","background-image":"","background-repeat":"repeat","background-position":"center center","background-size":"auto","background-attachment":"scroll","background-type":"","background-media":"","overlay-type":"","overlay-color":"","overlay-opacity":"","overlay-gradient":""},"mobile":{"background-color":"var(--ast-global-color-5)","background-image":"","background-repeat":"repeat","background-position":"center center","background-size":"auto","background-attachment":"scroll","background-type":"","background-media":"","overlay-type":"","overlay-color":"","overlay-opacity":"","overlay-gradient":""}}},"product_brand":[],"product_cat":[175],"product_tag":[],"class_list":{"0":"post-25302","1":"product","2":"type-product","3":"status-publish","4":"has-post-thumbnail","6":"product_cat-cleaning-products","7":"desktop-align-left","8":"tablet-align-left","9":"mobile-align-left","11":"first","12":"instock","13":"sale","14":"taxable","15":"shipping-taxable","16":"purchasable","17":"product-type-variable","18":"has-default-attributes"},"spectra_custom_meta":{"_visibility":["visible"],"_shopify_product_id":["9062247071989"],"_s2w_shopify_domain":["ferberpainting.myshopify.com"],"_shopify_variant_id":["46488605524213"],"_sku":[""],"_manage_stock":["no"],"total_sales":["3"],"_tax_status":["taxable"],"_tax_class":[""],"_backorders":["no"],"_sold_individually":["no"],"_virtual":["no"],"_downloadable":["no"],"_download_limit":["-1"],"_download_expiry":["-1"],"_stock":[null],"_stock_status":["instock"],"_wc_average_rating":["4.71"],"_wc_review_count":["7"],"_product_attributes":["a:1:{s:6:\"volume\";a:6:{s:4:\"name\";s:6:\"Volume\";s:5:\"value\";s:20:\"5 liters | 25 liters\";s:8:\"position\";i:1;s:10:\"is_visible\";i:0;s:12:\"is_variation\";i:1;s:11:\"is_taxonomy\";i:0;}}"],"_product_version":["10.5.1"],"_thumbnail_id":["27180"],"_product_image_gallery":["27181"],"wpse_downloadable_file_names":[""],"wpse_downloadable_file_urls":[""],"_edit_last":["1"],"_default_attributes":["a:1:{s:6:\"volume\";s:8:\"5 liters\";}"],"_edit_lock":["1771235089:1"],"_price":["29.90","129.90"],"merchant-center-availability":["yes"],"merchant-center-category":["1749"],"_wp_page_template":["default"],"site-sidebar-layout":["default"],"ast-site-content-layout":["default"],"site-content-style":["default"],"site-sidebar-style":["default"],"theme-transparent-header-meta":["default"],"_wc_rating_count":["a:2:{i:4;i:2;i:5;i:5;}"],"astra-migrate-meta-layouts":["set"],"_uag_css_file_name":["uag-css-25302.css"],"_elementor_page_assets":["a:0:{}"],"_uag_page_assets":["a:9:{s:3:\"css\";s:7133:\".uag-blocks-common-selector{z-index:var(--z-index-desktop) !important}@media(max-width: 976px){.uag-blocks-common-selector{z-index:var(--z-index-tablet) !important}}@media(max-width: 767px){.uag-blocks-common-selector{z-index:var(--z-index-mobile) !important}}.wp-block-uagb-image{display:flex}.wp-block-uagb-image__figure{position:relative;display:flex;flex-direction:column;max-width:100%;height:auto;margin:0}.wp-block-uagb-image__figure img{height:auto;display:flex;max-width:100%;transition:box-shadow .2s ease}.wp-block-uagb-image__figure>a{display:inline-block}.wp-block-uagb-image__figure figcaption{text-align:center;margin-top:.5em;margin-bottom:1em}.wp-block-uagb-image .components-placeholder.block-editor-media-placeholder .components-placeholder__instructions{align-self:center}.wp-block-uagb-image--align-left{text-align:left}.wp-block-uagb-image--align-right{text-align:right}.wp-block-uagb-image--align-center{text-align:center}.wp-block-uagb-image--align-full .wp-block-uagb-image__figure{margin-left:calc(50% - 50vw);margin-right:calc(50% - 50vw);max-width:100vw;width:100vw;height:auto}.wp-block-uagb-image--align-full .wp-block-uagb-image__figure img{height:auto;width:100% !important}.wp-block-uagb-image--align-wide .wp-block-uagb-image__figure img{height:auto;width:100%}.wp-block-uagb-image--layout-overlay__color-wrapper{position:absolute;left:0;top:0;right:0;bottom:0;opacity:.2;background:rgba(0,0,0,.5);transition:opacity .35s ease-in-out}.wp-block-uagb-image--layout-overlay-link{position:absolute;left:0;right:0;bottom:0;top:0}.wp-block-uagb-image--layout-overlay .wp-block-uagb-image__figure:hover .wp-block-uagb-image--layout-overlay__color-wrapper{opacity:1}.wp-block-uagb-image--layout-overlay__inner{position:absolute;left:15px;right:15px;bottom:15px;top:15px;display:flex;align-items:center;justify-content:center;flex-direction:column;border-color:#fff;transition:.35s ease-in-out}.wp-block-uagb-image--layout-overlay__inner.top-left,.wp-block-uagb-image--layout-overlay__inner.top-center,.wp-block-uagb-image--layout-overlay__inner.top-right{justify-content:flex-start}.wp-block-uagb-image--layout-overlay__inner.bottom-left,.wp-block-uagb-image--layout-overlay__inner.bottom-center,.wp-block-uagb-image--layout-overlay__inner.bottom-right{justify-content:flex-end}.wp-block-uagb-image--layout-overlay__inner.top-left,.wp-block-uagb-image--layout-overlay__inner.center-left,.wp-block-uagb-image--layout-overlay__inner.bottom-left{align-items:flex-start}.wp-block-uagb-image--layout-overlay__inner.top-right,.wp-block-uagb-image--layout-overlay__inner.center-right,.wp-block-uagb-image--layout-overlay__inner.bottom-right{align-items:flex-end}.wp-block-uagb-image--layout-overlay__inner .uagb-image-heading{color:#fff;transition:transform .35s,opacity .35s ease-in-out;transform:translate3d(0, 24px, 0);margin:0;line-height:1em}.wp-block-uagb-image--layout-overlay__inner .uagb-image-separator{width:30%;border-top-width:2px;border-top-color:#fff;border-top-style:solid;margin-bottom:10px;opacity:0;transition:transform .4s,opacity .4s ease-in-out;transform:translate3d(0, 30px, 0)}.wp-block-uagb-image--layout-overlay__inner .uagb-image-caption{opacity:0;overflow:visible;color:#fff;transition:transform .45s,opacity .45s ease-in-out;transform:translate3d(0, 35px, 0)}.wp-block-uagb-image--layout-overlay__inner:hover .uagb-image-heading,.wp-block-uagb-image--layout-overlay__inner:hover .uagb-image-separator,.wp-block-uagb-image--layout-overlay__inner:hover .uagb-image-caption{opacity:1;transform:translate3d(0, 0, 0)}.wp-block-uagb-image--effect-zoomin .wp-block-uagb-image__figure img,.wp-block-uagb-image--effect-zoomin .wp-block-uagb-image__figure .wp-block-uagb-image--layout-overlay__color-wrapper{transform:scale(1);transition:transform .35s ease-in-out}.wp-block-uagb-image--effect-zoomin .wp-block-uagb-image__figure:hover img,.wp-block-uagb-image--effect-zoomin .wp-block-uagb-image__figure:hover .wp-block-uagb-image--layout-overlay__color-wrapper{transform:scale(1.05)}.wp-block-uagb-image--effect-slide .wp-block-uagb-image__figure img,.wp-block-uagb-image--effect-slide .wp-block-uagb-image__figure .wp-block-uagb-image--layout-overlay__color-wrapper{width:calc(100% + 40px) !important;max-width:none !important;transform:translate3d(-40px, 0, 0);transition:transform .35s ease-in-out}.wp-block-uagb-image--effect-slide .wp-block-uagb-image__figure:hover img,.wp-block-uagb-image--effect-slide .wp-block-uagb-image__figure:hover .wp-block-uagb-image--layout-overlay__color-wrapper{transform:translate3d(0, 0, 0)}.wp-block-uagb-image--effect-grayscale img{filter:grayscale(0%);transition:.35s ease-in-out}.wp-block-uagb-image--effect-grayscale:hover img{filter:grayscale(100%)}.wp-block-uagb-image--effect-blur img{filter:blur(0);transition:.35s ease-in-out}.wp-block-uagb-image--effect-blur:hover img{filter:blur(3px)}.uagb-block-e6f939b3.wp-block-uagb-image--layout-default figure img{box-shadow: 0px 0px 0 #00000070;}.uagb-block-e6f939b3.wp-block-uagb-image .wp-block-uagb-image__figure figcaption{font-style: normal;align-self: center;}.uagb-block-e6f939b3.wp-block-uagb-image--layout-overlay figure img{box-shadow: 0px 0px 0 #00000070;}.uagb-block-e6f939b3.wp-block-uagb-image--layout-overlay .wp-block-uagb-image--layout-overlay__color-wrapper{opacity: 0.2;}.uagb-block-e6f939b3.wp-block-uagb-image--layout-overlay .wp-block-uagb-image--layout-overlay__inner{left: 15px;right: 15px;top: 15px;bottom: 15px;}.uagb-block-e6f939b3.wp-block-uagb-image--layout-overlay .wp-block-uagb-image--layout-overlay__inner .uagb-image-heading{font-style: normal;color: #fff;opacity: 1;}.uagb-block-e6f939b3.wp-block-uagb-image--layout-overlay .wp-block-uagb-image--layout-overlay__inner .uagb-image-heading a{color: #fff;}.uagb-block-e6f939b3.wp-block-uagb-image--layout-overlay .wp-block-uagb-image--layout-overlay__inner .uagb-image-caption{opacity: 0;}.uagb-block-e6f939b3.wp-block-uagb-image--layout-overlay .wp-block-uagb-image__figure:hover .wp-block-uagb-image--layout-overlay__color-wrapper{opacity: 1;}.uagb-block-e6f939b3.wp-block-uagb-image .wp-block-uagb-image--layout-overlay__inner .uagb-image-separator{width: 30%;border-top-width: 2px;border-top-color: #fff;opacity: 0;}.uagb-block-e6f939b3.wp-block-uagb-image .wp-block-uagb-image__figure img{width: px;height: auto;}.uagb-block-e6f939b3.wp-block-uagb-image .wp-block-uagb-image__figure:hover .wp-block-uagb-image--layout-overlay__inner .uagb-image-caption{opacity: 1;}.uagb-block-e6f939b3.wp-block-uagb-image .wp-block-uagb-image__figure:hover .wp-block-uagb-image--layout-overlay__inner .uagb-image-separator{opacity: 1;}.uagb-block-e6f939b3.wp-block-uagb-image--layout-default figure:hover img{box-shadow: 0px 0px 0 #00000070;}.uagb-block-e6f939b3.wp-block-uagb-image--layout-overlay figure:hover img{box-shadow: 0px 0px 0 #00000070;}@media only screen and (max-width: 976px) {.uagb-block-e6f939b3.wp-block-uagb-image .wp-block-uagb-image__figure img{width: px;height: auto;}}@media only screen and (max-width: 767px) {.uagb-block-e6f939b3.wp-block-uagb-image .wp-block-uagb-image__figure img{width: px;height: auto;}}\";s:2:\"js\";s:0:\"\";s:18:\"current_block_list\";a:13:{i:0;s:11:\"core\/search\";i:1;s:10:\"core\/group\";i:2;s:12:\"core\/heading\";i:3;s:17:\"core\/latest-posts\";i:4;s:20:\"core\/latest-comments\";i:5;s:13:\"core\/archives\";i:6;s:15:\"core\/categories\";i:7;s:14:\"core\/paragraph\";i:8;s:10:\"uagb\/image\";i:9;s:11:\"core\/spacer\";i:10;s:30:\"woocommerce\/product-categories\";i:11;s:10:\"core\/image\";i:12;s:14:\"core\/shortcode\";}s:8:\"uag_flag\";b:1;s:11:\"uag_version\";s:10:\"1777363564\";s:6:\"gfonts\";a:0:{}s:10:\"gfonts_url\";s:0:\"\";s:12:\"gfonts_files\";a:0:{}s:14:\"uag_faq_layout\";b:0;}"]},"uagb_featured_image_src":{"full":["https:\/\/www.ferberpainting.com\/wp-content\/uploads\/2025\/05\/SinkandBasinUnblocker5L.png",2560,2560,false],"thumbnail":["https:\/\/www.ferberpainting.com\/wp-content\/uploads\/2025\/05\/SinkandBasinUnblocker5L-150x150.png",150,150,true],"medium":["https:\/\/www.ferberpainting.com\/wp-content\/uploads\/2025\/05\/SinkandBasinUnblocker5L-300x300.png",300,300,true],"medium_large":["https:\/\/www.ferberpainting.com\/wp-content\/uploads\/2025\/05\/SinkandBasinUnblocker5L-768x768.png",768,768,true],"large":["https:\/\/www.ferberpainting.com\/wp-content\/uploads\/2025\/05\/SinkandBasinUnblocker5L-1024x1024.png",1024,1024,true],"1536x1536":["https:\/\/www.ferberpainting.com\/wp-content\/uploads\/2025\/05\/SinkandBasinUnblocker5L-1536x1536.png",1536,1536,true],"2048x2048":["https:\/\/www.ferberpainting.com\/wp-content\/uploads\/2025\/05\/SinkandBasinUnblocker5L-2048x2048.png",2048,2048,true],"trp-custom-language-flag":["https:\/\/www.ferberpainting.com\/wp-content\/uploads\/2025\/05\/SinkandBasinUnblocker5L-12x12.png",12,12,true],"woocommerce_thumbnail":["https:\/\/www.ferberpainting.com\/wp-content\/uploads\/2025\/05\/SinkandBasinUnblocker5L-300x300.png",300,300,true],"woocommerce_single":["https:\/\/www.ferberpainting.com\/wp-content\/uploads\/2025\/05\/SinkandBasinUnblocker5L-600x600.png",600,600,true],"woocommerce_gallery_thumbnail":["https:\/\/www.ferberpainting.com\/wp-content\/uploads\/2025\/05\/SinkandBasinUnblocker5L-100x100.png",100,100,true]},"uagb_author_info":{"display_name":"admin","author_link":"https:\/\/www.ferberpainting.com\/no\/author\/"},"uagb_comment_info":7,"uagb_excerpt":"Fast and effective removal of household clogs.\u00a0This sink and washbasin unblocker is specially formulated to quickly dissolve clogs caused by food residues, grease, soap, hair, and other impurities that obstruct pipes. It works deeply to restore a smooth flow and prevent bad odors caused by the accumulation of organic matter in the drains. Money-back guarantee.\u00a0We&hellip;","_links":{"self":[{"href":"https:\/\/www.ferberpainting.com\/no\/wp-json\/wp\/v2\/product\/25302","targetHints":{"allow":["GET"]}}],"collection":[{"href":"https:\/\/www.ferberpainting.com\/no\/wp-json\/wp\/v2\/product"}],"about":[{"href":"https:\/\/www.ferberpainting.com\/no\/wp-json\/wp\/v2\/types\/product"}],"replies":[{"embeddable":true,"href":"https:\/\/www.ferberpainting.com\/no\/wp-json\/wp\/v2\/comments?post=25302"}],"version-history":[{"count":3,"href":"https:\/\/www.ferberpainting.com\/no\/wp-json\/wp\/v2\/product\/25302\/revisions"}],"predecessor-version":[{"id":167291,"href":"https:\/\/www.ferberpainting.com\/no\/wp-json\/wp\/v2\/product\/25302\/revisions\/167291"}],"wp:featuredmedia":[{"embeddable":true,"href":"https:\/\/www.ferberpainting.com\/no\/wp-json\/wp\/v2\/media\/27180"}],"wp:attachment":[{"href":"https:\/\/www.ferberpainting.com\/no\/wp-json\/wp\/v2\/media?parent=25302"}],"wp:term":[{"taxonomy":"product_brand","embeddable":true,"href":"https:\/\/www.ferberpainting.com\/no\/wp-json\/wp\/v2\/product_brand?post=25302"},{"taxonomy":"product_cat","embeddable":true,"href":"https:\/\/www.ferberpainting.com\/no\/wp-json\/wp\/v2\/product_cat?post=25302"},{"taxonomy":"product_tag","embeddable":true,"href":"https:\/\/www.ferberpainting.com\/no\/wp-json\/wp\/v2\/product_tag?post=25302"}],"curies":[{"name":"wp","href":"https:\/\/api.w.org\/{rel}","templated":true}]}}