{"id":25296,"date":"2025-06-30T21:38:54","date_gmt":"2025-06-30T19:38:54","guid":{"rendered":"https:\/\/www.ferberpainting.com\/?post_type=product&#038;p=25296"},"modified":"2026-02-16T10:42:42","modified_gmt":"2026-02-16T09:42:42","slug":"shower-and-bathroom-water-repellent","status":"publish","type":"product","link":"https:\/\/www.ferberpainting.com\/no\/products\/shower-and-bathroom-water-repellent\/","title":{"rendered":"Vannavst\u00f8tende for dusj og bad"},"content":{"rendered":"<p><strong><img decoding=\"async\" style=\"margin-right: 12px;\" src=\"https:\/\/www.ferberpainting.com\/wp-content\/uploads\/2026\/02\/Check.svg\" alt=\"\" width=\"18\" height=\"15\" \/>Langvarig beskyttelse mot fuktighet.<\/strong>\u00a0Impregneringsmidlet for bad og dusj er spesielt utviklet for \u00e5 gi optimal beskyttelse mot fuktighet, mugg og vannsprut. P\u00e5f\u00f8ringen skaper en usynlig, men sv\u00e6rt effektiv barriere p\u00e5 overflater som hindrer vann i \u00e5 trenge inn i materialene, samtidig som overflaten kan puste. Dette produktet beskytter effektivt vegger, gulv og fuger i konstant fuktige milj\u00f8er som bad og dusj.<\/p>\n<p><strong><img decoding=\"async\" style=\"margin-right: 12px;\" src=\"https:\/\/www.ferberpainting.com\/wp-content\/uploads\/2026\/02\/Check.svg\" alt=\"\" width=\"18\" height=\"15\" \/>Pengene tilbake-garanti.<\/strong>\u00a0Vi er sikre p\u00e5 effektiviteten til v\u00e5re impregneringsmidler for bad og dusj. Derfor tilbyr vi en tilfredshets- eller refusjonsgaranti. Hvis du av en eller annen grunn ikke er helt forn\u00f8yd med produktet, kan du be om full refusjon. Med denne garantien kan du teste produktet v\u00e5rt med ro i sjelen og dra nytte av fordelene risikofritt.<\/p>\n<p><strong><img decoding=\"async\" style=\"margin-right: 12px;\" src=\"https:\/\/www.ferberpainting.com\/wp-content\/uploads\/2026\/02\/Check.svg\" alt=\"\" width=\"18\" height=\"15\" \/>Kan brukes til flere form\u00e5l.<\/strong>\u00a0Dette produktet er ikke begrenset til klassiske baderoms- og dusjoverflater som fliser - det er ogs\u00e5 egnet for en lang rekke andre materialer som betong, sement, stein, marmor, gips, tre og mer. Denne allsidigheten gj\u00f8r at du kan behandle et bredt spekter av overflater p\u00e5 badet og i fuktige omr\u00e5der. Uansett om det er gulvet eller fugene, gir impregneringsmidlet effektiv beskyttelse mot fukt og flekker. Dette gj\u00f8r den til en komplett l\u00f8sning for \u00e5 bevare overflatene dine.<\/p>\n<p><strong><img decoding=\"async\" style=\"margin-right: 12px;\" src=\"https:\/\/www.ferberpainting.com\/wp-content\/uploads\/2026\/02\/Check.svg\" alt=\"\" width=\"18\" height=\"15\" \/>Kostnadseffektivt.<\/strong>\u00a0Bad- og dusjtettemiddelet er et sv\u00e6rt \u00f8konomisk produkt. I gjennomsnitt kan 1 liter produkt dekke mellom 6 og 8 m\u00b2. Med en 5-litersbeholder kan du behandle en overflate p\u00e5 30-40 m\u00b2. Denne h\u00f8ye dekningsgraden betyr at du kan behandle et stort omr\u00e5de med en relativt liten mengde produkt, noe som gj\u00f8r dette impregneringsmiddelet til et \u00f8konomisk valg for hele huset.<\/p>\n<p><strong><img decoding=\"async\" style=\"margin-right: 12px;\" src=\"https:\/\/www.ferberpainting.com\/wp-content\/uploads\/2026\/02\/Check.svg\" alt=\"\" width=\"18\" height=\"15\" \/>Trygt \u00e5 bruke.<\/strong>\u00a0Bad- og dusj impregneringen er laget av giftfrie ingredienser og er milj\u00f8vennlig og trygg for helsen din. I motsetning til noen av de sterkere beskyttelsesproduktene inneholder den ingen etsende eller irriterende l\u00f8semidler. Det anbefales imidlertid alltid \u00e5 bruke hansker og ventilere rommet godt under p\u00e5f\u00f8ringen for \u00e5 sikre komfort og sikkerhet.<\/p>\n<p><strong><img decoding=\"async\" style=\"margin-right: 12px;\" src=\"https:\/\/www.ferberpainting.com\/wp-content\/uploads\/2026\/02\/Check.svg\" alt=\"\" width=\"18\" height=\"15\" \/>Brukervennlighet.<\/strong>\u00a0Bad- og dusjimpregneringen er ekstremt enkel \u00e5 p\u00e5f\u00f8re. Den er klar til bruk og krever ingen fortynning. P\u00e5f\u00f8r produktet direkte p\u00e5 den rene, t\u00f8rre overflaten med spr\u00f8yte, pensel eller rulle. Det trenger raskt og jevnt inn og danner et beskyttende lag uten \u00e5 etterlate synlige merker eller rester. Det kreves ingen spesielle ferdigheter for \u00e5 bruke det, noe som gj\u00f8r det ideelt for gj\u00f8r-det-selv-arbeidere p\u00e5 alle niv\u00e5er.<\/p>\n<p><strong><img decoding=\"async\" style=\"margin-right: 12px;\" src=\"https:\/\/www.ferberpainting.com\/wp-content\/uploads\/2026\/02\/Check.svg\" alt=\"\" width=\"18\" height=\"15\" \/>Holdbarhet.<\/strong>\u00a0Dette produktet garanterer langvarig beskyttelse. Etter p\u00e5f\u00f8ring danner impregneringen et usynlig lag som beskytter overflatene dine mot fukt, vannsprut og mugg. Det kan vare i flere \u00e5r, avhengig av luftfuktigheten i rommet. Impregneringen til bad og dusj t\u00e5ler t\u00f8ffe luftfuktighetsforhold og forblir effektiv over tid, slik at du slipper \u00e5 p\u00e5f\u00f8re den ofte.<\/p>\n<p><strong><img decoding=\"async\" style=\"margin-right: 12px;\" src=\"https:\/\/www.ferberpainting.com\/wp-content\/uploads\/2026\/02\/Check.svg\" alt=\"\" width=\"18\" height=\"15\" \/>Hurtigt\u00f8rkende.<\/strong>\u00a0Impregneringen til bad og dusj t\u00f8rker raskt. T\u00f8rketiden til ber\u00f8ring er ca. 1 til 2 timer, noe som minimerer ventetiden f\u00f8r du bruker omr\u00e5det. For optimal beskyttelse anbefales det \u00e5 la produktet t\u00f8rke helt i 24 timer f\u00f8r det utsettes for fuktighet. Den raske t\u00f8rketiden gj\u00f8r at du kan ta i bruk de beskyttede omr\u00e5dene raskere, samtidig som du f\u00e5r langvarig beskyttelse.<\/p>\n<h2><strong>Protokoll for bruk<\/strong><\/h2>\n<ul>\n<li><strong>Klargj\u00f8ring av overflaten <\/strong>: F\u00f8r du p\u00e5f\u00f8rer impregneringsmidlet, m\u00e5 du s\u00f8rge for at overflatene er rene, t\u00f8rre og fri for smuss, fett eller mugg. Rengj\u00f8r fliser, fuger og andre omr\u00e5der med et egnet produkt, og skyll deretter godt med rent vann. S\u00f8rg for at overflaten er helt t\u00f8rr f\u00f8r du p\u00e5f\u00f8rer impregneringsmidlet for \u00e5 sikre god vedheft.<\/li>\n<li><strong>Produktapplikasjon <\/strong>: Impregneringen er klar til bruk. Den kan p\u00e5f\u00f8res med spr\u00f8yte, pensel eller rulle. For \u00e5 f\u00e5 en jevn p\u00e5f\u00f8ring, spray eller p\u00e5f\u00f8r et tynt, jevnt lag med produktet p\u00e5 overflatene, med fokus p\u00e5 skj\u00f8ter og omr\u00e5der som er mest utsatt for fuktighet. La produktet trenge inn i materialene uten \u00e5 overbelaste dem.<\/li>\n<li><strong>Bel\u00f8p som skal brukes <\/strong>: I gjennomsnitt dekker 1 liter impregneringsmiddel mellom 6 og 8 m\u00b2. Med en 5-liters beholder kan du behandle ca. 30 til 40 m\u00b2 overflate. Dette betyr at du kan behandle et helt bad med en relativt liten mengde produkt. P\u00e5 spesielt por\u00f8se overflater kan du p\u00e5f\u00f8re et ekstra str\u00f8k for \u00e5 forsterke beskyttelsen.<\/li>\n<li><strong>T\u00f8rketid <\/strong>: Etter p\u00e5f\u00f8ring, la produktet t\u00f8rke i ca. 1 til 2 timer ved ber\u00f8ring. For maksimal effektivitet og for \u00e5 unng\u00e5 kontakt med fuktighet, anbefales det imidlertid \u00e5 la produktet t\u00f8rke helt i 24 timer. Unng\u00e5 \u00e5 utsette overflaten for fuktighet i denne perioden for \u00e5 sikre at det beskyttende laget fester seg skikkelig.<\/li>\n<li><strong>Ny s\u00f8knad <\/strong>: Avhengig av bruk og fuktighetsniv\u00e5et p\u00e5 badet eller i dusjen, kan det v\u00e6re n\u00f8dvendig \u00e5 p\u00e5f\u00f8re impregneringsmidlet p\u00e5 nytt hvert 2. til 5. \u00e5r for \u00e5 opprettholde beskyttelsen. Rengj\u00f8r overflaten og p\u00e5f\u00f8r et nytt str\u00f8k med impregneringsmiddel ved \u00e5 f\u00f8lge de samme trinnene som ved f\u00f8rste p\u00e5f\u00f8ring.<\/li>\n<li><strong>Vedlikehold <\/strong>: N\u00e5r impregneringen er p\u00e5f\u00f8rt, blir det mye enklere \u00e5 vedlikeholde de behandlede overflatene. Rengj\u00f8r dem ganske enkelt med en fuktig klut eller svamp, og unng\u00e5 slipende produkter som kan skade beskyttelsen. Ikke bruk h\u00f8ytrykksrensere p\u00e5 behandlede overflater for \u00e5 bevare impregneringens effektivitet.<\/li>\n<\/ul>","protected":false},"excerpt":{"rendered":"<p>Long-lasting protection against humidity.\u00a0The bathroom and shower waterproofer is specially formulated to provide optimal protection against humidity, mold, and water splashes. Its application creates an invisible yet highly effective barrier on surfaces, preventing water from penetrating the materials while allowing the surface to breathe. This product effectively protects your walls, floors, and joints in constantly [&hellip;]<\/p>\n","protected":false},"featured_media":35973,"comment_status":"open","ping_status":"closed","template":"","meta":{"_uag_custom_page_level_css":"","site-sidebar-layout":"default","site-content-layout":"","ast-site-content-layout":"default","site-content-style":"default","site-sidebar-style":"default","ast-global-header-display":"","ast-banner-title-visibility":"","ast-main-header-display":"","ast-hfb-above-header-display":"","ast-hfb-below-header-display":"","ast-hfb-mobile-header-display":"","site-post-title":"","ast-breadcrumbs-content":"","ast-featured-img":"","footer-sml-layout":"","ast-disable-related-posts":"","theme-transparent-header-meta":"default","adv-header-id-meta":"","stick-header-meta":"","header-above-stick-meta":"","header-main-stick-meta":"","header-below-stick-meta":"","astra-migrate-meta-layouts":"set","ast-page-background-enabled":"default","ast-page-background-meta":{"desktop":{"background-color":"var(--ast-global-color-4)","background-image":"","background-repeat":"repeat","background-position":"center center","background-size":"auto","background-attachment":"scroll","background-type":"","background-media":"","overlay-type":"","overlay-color":"","overlay-opacity":"","overlay-gradient":""},"tablet":{"background-color":"","background-image":"","background-repeat":"repeat","background-position":"center center","background-size":"auto","background-attachment":"scroll","background-type":"","background-media":"","overlay-type":"","overlay-color":"","overlay-opacity":"","overlay-gradient":""},"mobile":{"background-color":"","background-image":"","background-repeat":"repeat","background-position":"center center","background-size":"auto","background-attachment":"scroll","background-type":"","background-media":"","overlay-type":"","overlay-color":"","overlay-opacity":"","overlay-gradient":""}},"ast-content-background-meta":{"desktop":{"background-color":"var(--ast-global-color-5)","background-image":"","background-repeat":"repeat","background-position":"center center","background-size":"auto","background-attachment":"scroll","background-type":"","background-media":"","overlay-type":"","overlay-color":"","overlay-opacity":"","overlay-gradient":""},"tablet":{"background-color":"var(--ast-global-color-5)","background-image":"","background-repeat":"repeat","background-position":"center center","background-size":"auto","background-attachment":"scroll","background-type":"","background-media":"","overlay-type":"","overlay-color":"","overlay-opacity":"","overlay-gradient":""},"mobile":{"background-color":"var(--ast-global-color-5)","background-image":"","background-repeat":"repeat","background-position":"center center","background-size":"auto","background-attachment":"scroll","background-type":"","background-media":"","overlay-type":"","overlay-color":"","overlay-opacity":"","overlay-gradient":""}}},"product_brand":[],"product_cat":[191],"product_tag":[],"class_list":{"0":"post-25296","1":"product","2":"type-product","3":"status-publish","4":"has-post-thumbnail","6":"product_cat-water-repellent","7":"desktop-align-left","8":"tablet-align-left","9":"mobile-align-left","11":"first","12":"instock","13":"sale","14":"shipping-taxable","15":"purchasable","16":"product-type-variable","17":"has-default-attributes"},"spectra_custom_meta":{"_visibility":["visible"],"_shopify_product_id":["9106653118709"],"_s2w_shopify_domain":["ferberpainting.myshopify.com"],"_shopify_variant_id":["46626393686261"],"_sku":[""],"_manage_stock":["no"],"total_sales":["341"],"_tax_status":["taxable"],"_tax_class":[""],"_backorders":["no"],"_sold_individually":["no"],"_virtual":["no"],"_downloadable":["no"],"_download_limit":["-1"],"_download_expiry":["-1"],"_stock":[null],"_stock_status":["instock"],"_wc_average_rating":["5.00"],"_wc_review_count":["11"],"_product_attributes":["a:1:{s:6:\"volume\";a:6:{s:4:\"name\";s:6:\"Volume\";s:5:\"value\";s:20:\"5 liters | 25 liters\";s:8:\"position\";i:1;s:10:\"is_visible\";i:0;s:12:\"is_variation\";i:1;s:11:\"is_taxonomy\";i:0;}}"],"_product_version":["10.5.1"],"wpse_downloadable_file_names":[""],"wpse_downloadable_file_urls":[""],"_edit_last":["1"],"_default_attributes":["a:1:{s:6:\"volume\";s:8:\"5 liters\";}"],"_edit_lock":["1773469220:7131"],"_price":["29.90","129.90"],"merchant-center-availability":["yes"],"merchant-center-category":["503744"],"_thumbnail_id":["35973"],"_wp_page_template":["default"],"_wp_old_date":["2025-05-26"],"_product_image_gallery":["35974"],"site-sidebar-layout":["default"],"ast-site-content-layout":["default"],"site-content-style":["default"],"site-sidebar-style":["default"],"theme-transparent-header-meta":["default"],"_wc_rating_count":["a:1:{i:5;i:11;}"],"astra-migrate-meta-layouts":["set"],"_uag_css_file_name":["uag-css-25296.css"],"_elementor_page_assets":["a:0:{}"],"_uag_page_assets":["a:9:{s:3:\"css\";s:7133:\".uag-blocks-common-selector{z-index:var(--z-index-desktop) !important}@media(max-width: 976px){.uag-blocks-common-selector{z-index:var(--z-index-tablet) !important}}@media(max-width: 767px){.uag-blocks-common-selector{z-index:var(--z-index-mobile) !important}}.wp-block-uagb-image{display:flex}.wp-block-uagb-image__figure{position:relative;display:flex;flex-direction:column;max-width:100%;height:auto;margin:0}.wp-block-uagb-image__figure img{height:auto;display:flex;max-width:100%;transition:box-shadow .2s ease}.wp-block-uagb-image__figure>a{display:inline-block}.wp-block-uagb-image__figure figcaption{text-align:center;margin-top:.5em;margin-bottom:1em}.wp-block-uagb-image .components-placeholder.block-editor-media-placeholder .components-placeholder__instructions{align-self:center}.wp-block-uagb-image--align-left{text-align:left}.wp-block-uagb-image--align-right{text-align:right}.wp-block-uagb-image--align-center{text-align:center}.wp-block-uagb-image--align-full .wp-block-uagb-image__figure{margin-left:calc(50% - 50vw);margin-right:calc(50% - 50vw);max-width:100vw;width:100vw;height:auto}.wp-block-uagb-image--align-full .wp-block-uagb-image__figure img{height:auto;width:100% !important}.wp-block-uagb-image--align-wide .wp-block-uagb-image__figure img{height:auto;width:100%}.wp-block-uagb-image--layout-overlay__color-wrapper{position:absolute;left:0;top:0;right:0;bottom:0;opacity:.2;background:rgba(0,0,0,.5);transition:opacity .35s ease-in-out}.wp-block-uagb-image--layout-overlay-link{position:absolute;left:0;right:0;bottom:0;top:0}.wp-block-uagb-image--layout-overlay .wp-block-uagb-image__figure:hover .wp-block-uagb-image--layout-overlay__color-wrapper{opacity:1}.wp-block-uagb-image--layout-overlay__inner{position:absolute;left:15px;right:15px;bottom:15px;top:15px;display:flex;align-items:center;justify-content:center;flex-direction:column;border-color:#fff;transition:.35s ease-in-out}.wp-block-uagb-image--layout-overlay__inner.top-left,.wp-block-uagb-image--layout-overlay__inner.top-center,.wp-block-uagb-image--layout-overlay__inner.top-right{justify-content:flex-start}.wp-block-uagb-image--layout-overlay__inner.bottom-left,.wp-block-uagb-image--layout-overlay__inner.bottom-center,.wp-block-uagb-image--layout-overlay__inner.bottom-right{justify-content:flex-end}.wp-block-uagb-image--layout-overlay__inner.top-left,.wp-block-uagb-image--layout-overlay__inner.center-left,.wp-block-uagb-image--layout-overlay__inner.bottom-left{align-items:flex-start}.wp-block-uagb-image--layout-overlay__inner.top-right,.wp-block-uagb-image--layout-overlay__inner.center-right,.wp-block-uagb-image--layout-overlay__inner.bottom-right{align-items:flex-end}.wp-block-uagb-image--layout-overlay__inner .uagb-image-heading{color:#fff;transition:transform .35s,opacity .35s ease-in-out;transform:translate3d(0, 24px, 0);margin:0;line-height:1em}.wp-block-uagb-image--layout-overlay__inner .uagb-image-separator{width:30%;border-top-width:2px;border-top-color:#fff;border-top-style:solid;margin-bottom:10px;opacity:0;transition:transform .4s,opacity .4s ease-in-out;transform:translate3d(0, 30px, 0)}.wp-block-uagb-image--layout-overlay__inner .uagb-image-caption{opacity:0;overflow:visible;color:#fff;transition:transform .45s,opacity .45s ease-in-out;transform:translate3d(0, 35px, 0)}.wp-block-uagb-image--layout-overlay__inner:hover .uagb-image-heading,.wp-block-uagb-image--layout-overlay__inner:hover .uagb-image-separator,.wp-block-uagb-image--layout-overlay__inner:hover .uagb-image-caption{opacity:1;transform:translate3d(0, 0, 0)}.wp-block-uagb-image--effect-zoomin .wp-block-uagb-image__figure img,.wp-block-uagb-image--effect-zoomin .wp-block-uagb-image__figure .wp-block-uagb-image--layout-overlay__color-wrapper{transform:scale(1);transition:transform .35s ease-in-out}.wp-block-uagb-image--effect-zoomin .wp-block-uagb-image__figure:hover img,.wp-block-uagb-image--effect-zoomin .wp-block-uagb-image__figure:hover .wp-block-uagb-image--layout-overlay__color-wrapper{transform:scale(1.05)}.wp-block-uagb-image--effect-slide .wp-block-uagb-image__figure img,.wp-block-uagb-image--effect-slide .wp-block-uagb-image__figure .wp-block-uagb-image--layout-overlay__color-wrapper{width:calc(100% + 40px) !important;max-width:none !important;transform:translate3d(-40px, 0, 0);transition:transform .35s ease-in-out}.wp-block-uagb-image--effect-slide .wp-block-uagb-image__figure:hover img,.wp-block-uagb-image--effect-slide .wp-block-uagb-image__figure:hover .wp-block-uagb-image--layout-overlay__color-wrapper{transform:translate3d(0, 0, 0)}.wp-block-uagb-image--effect-grayscale img{filter:grayscale(0%);transition:.35s ease-in-out}.wp-block-uagb-image--effect-grayscale:hover img{filter:grayscale(100%)}.wp-block-uagb-image--effect-blur img{filter:blur(0);transition:.35s ease-in-out}.wp-block-uagb-image--effect-blur:hover img{filter:blur(3px)}.uagb-block-e6f939b3.wp-block-uagb-image--layout-default figure img{box-shadow: 0px 0px 0 #00000070;}.uagb-block-e6f939b3.wp-block-uagb-image .wp-block-uagb-image__figure figcaption{font-style: normal;align-self: center;}.uagb-block-e6f939b3.wp-block-uagb-image--layout-overlay figure img{box-shadow: 0px 0px 0 #00000070;}.uagb-block-e6f939b3.wp-block-uagb-image--layout-overlay .wp-block-uagb-image--layout-overlay__color-wrapper{opacity: 0.2;}.uagb-block-e6f939b3.wp-block-uagb-image--layout-overlay .wp-block-uagb-image--layout-overlay__inner{left: 15px;right: 15px;top: 15px;bottom: 15px;}.uagb-block-e6f939b3.wp-block-uagb-image--layout-overlay .wp-block-uagb-image--layout-overlay__inner .uagb-image-heading{font-style: normal;color: #fff;opacity: 1;}.uagb-block-e6f939b3.wp-block-uagb-image--layout-overlay .wp-block-uagb-image--layout-overlay__inner .uagb-image-heading a{color: #fff;}.uagb-block-e6f939b3.wp-block-uagb-image--layout-overlay .wp-block-uagb-image--layout-overlay__inner .uagb-image-caption{opacity: 0;}.uagb-block-e6f939b3.wp-block-uagb-image--layout-overlay .wp-block-uagb-image__figure:hover .wp-block-uagb-image--layout-overlay__color-wrapper{opacity: 1;}.uagb-block-e6f939b3.wp-block-uagb-image .wp-block-uagb-image--layout-overlay__inner .uagb-image-separator{width: 30%;border-top-width: 2px;border-top-color: #fff;opacity: 0;}.uagb-block-e6f939b3.wp-block-uagb-image .wp-block-uagb-image__figure img{width: px;height: auto;}.uagb-block-e6f939b3.wp-block-uagb-image .wp-block-uagb-image__figure:hover .wp-block-uagb-image--layout-overlay__inner .uagb-image-caption{opacity: 1;}.uagb-block-e6f939b3.wp-block-uagb-image .wp-block-uagb-image__figure:hover .wp-block-uagb-image--layout-overlay__inner .uagb-image-separator{opacity: 1;}.uagb-block-e6f939b3.wp-block-uagb-image--layout-default figure:hover img{box-shadow: 0px 0px 0 #00000070;}.uagb-block-e6f939b3.wp-block-uagb-image--layout-overlay figure:hover img{box-shadow: 0px 0px 0 #00000070;}@media only screen and (max-width: 976px) {.uagb-block-e6f939b3.wp-block-uagb-image .wp-block-uagb-image__figure img{width: px;height: auto;}}@media only screen and (max-width: 767px) {.uagb-block-e6f939b3.wp-block-uagb-image .wp-block-uagb-image__figure img{width: px;height: auto;}}\";s:2:\"js\";s:0:\"\";s:18:\"current_block_list\";a:13:{i:0;s:11:\"core\/search\";i:1;s:10:\"core\/group\";i:2;s:12:\"core\/heading\";i:3;s:17:\"core\/latest-posts\";i:4;s:20:\"core\/latest-comments\";i:5;s:13:\"core\/archives\";i:6;s:15:\"core\/categories\";i:7;s:14:\"core\/paragraph\";i:8;s:10:\"uagb\/image\";i:9;s:11:\"core\/spacer\";i:10;s:30:\"woocommerce\/product-categories\";i:11;s:10:\"core\/image\";i:12;s:14:\"core\/shortcode\";}s:8:\"uag_flag\";b:1;s:11:\"uag_version\";s:10:\"1777069654\";s:6:\"gfonts\";a:0:{}s:10:\"gfonts_url\";s:0:\"\";s:12:\"gfonts_files\";a:0:{}s:14:\"uag_faq_layout\";b:0;}"]},"uagb_featured_image_src":{"full":["https:\/\/www.ferberpainting.com\/wp-content\/uploads\/2025\/05\/Shower-and-Bathroom-Water-Repellent-5L-.png",2560,2560,false],"thumbnail":["https:\/\/www.ferberpainting.com\/wp-content\/uploads\/2025\/05\/Shower-and-Bathroom-Water-Repellent-5L--150x150.png",150,150,true],"medium":["https:\/\/www.ferberpainting.com\/wp-content\/uploads\/2025\/05\/Shower-and-Bathroom-Water-Repellent-5L--300x300.png",300,300,true],"medium_large":["https:\/\/www.ferberpainting.com\/wp-content\/uploads\/2025\/05\/Shower-and-Bathroom-Water-Repellent-5L--768x768.png",768,768,true],"large":["https:\/\/www.ferberpainting.com\/wp-content\/uploads\/2025\/05\/Shower-and-Bathroom-Water-Repellent-5L--1024x1024.png",1024,1024,true],"1536x1536":["https:\/\/www.ferberpainting.com\/wp-content\/uploads\/2025\/05\/Shower-and-Bathroom-Water-Repellent-5L--1536x1536.png",1536,1536,true],"2048x2048":["https:\/\/www.ferberpainting.com\/wp-content\/uploads\/2025\/05\/Shower-and-Bathroom-Water-Repellent-5L--2048x2048.png",2048,2048,true],"trp-custom-language-flag":["https:\/\/www.ferberpainting.com\/wp-content\/uploads\/2025\/05\/Shower-and-Bathroom-Water-Repellent-5L--12x12.png",12,12,true],"woocommerce_thumbnail":["https:\/\/www.ferberpainting.com\/wp-content\/uploads\/2025\/05\/Shower-and-Bathroom-Water-Repellent-5L--300x300.png",300,300,true],"woocommerce_single":["https:\/\/www.ferberpainting.com\/wp-content\/uploads\/2025\/05\/Shower-and-Bathroom-Water-Repellent-5L--600x600.png",600,600,true],"woocommerce_gallery_thumbnail":["https:\/\/www.ferberpainting.com\/wp-content\/uploads\/2025\/05\/Shower-and-Bathroom-Water-Repellent-5L--100x100.png",100,100,true]},"uagb_author_info":{"display_name":"admin","author_link":"https:\/\/www.ferberpainting.com\/no\/author\/"},"uagb_comment_info":11,"uagb_excerpt":"Long-lasting protection against humidity.\u00a0The bathroom and shower waterproofer is specially formulated to provide optimal protection against humidity, mold, and water splashes. Its application creates an invisible yet highly effective barrier on surfaces, preventing water from penetrating the materials while allowing the surface to breathe. This product effectively protects your walls, floors, and joints in constantly&hellip;","_links":{"self":[{"href":"https:\/\/www.ferberpainting.com\/no\/wp-json\/wp\/v2\/product\/25296","targetHints":{"allow":["GET"]}}],"collection":[{"href":"https:\/\/www.ferberpainting.com\/no\/wp-json\/wp\/v2\/product"}],"about":[{"href":"https:\/\/www.ferberpainting.com\/no\/wp-json\/wp\/v2\/types\/product"}],"replies":[{"embeddable":true,"href":"https:\/\/www.ferberpainting.com\/no\/wp-json\/wp\/v2\/comments?post=25296"}],"version-history":[{"count":4,"href":"https:\/\/www.ferberpainting.com\/no\/wp-json\/wp\/v2\/product\/25296\/revisions"}],"predecessor-version":[{"id":167282,"href":"https:\/\/www.ferberpainting.com\/no\/wp-json\/wp\/v2\/product\/25296\/revisions\/167282"}],"wp:featuredmedia":[{"embeddable":true,"href":"https:\/\/www.ferberpainting.com\/no\/wp-json\/wp\/v2\/media\/35973"}],"wp:attachment":[{"href":"https:\/\/www.ferberpainting.com\/no\/wp-json\/wp\/v2\/media?parent=25296"}],"wp:term":[{"taxonomy":"product_brand","embeddable":true,"href":"https:\/\/www.ferberpainting.com\/no\/wp-json\/wp\/v2\/product_brand?post=25296"},{"taxonomy":"product_cat","embeddable":true,"href":"https:\/\/www.ferberpainting.com\/no\/wp-json\/wp\/v2\/product_cat?post=25296"},{"taxonomy":"product_tag","embeddable":true,"href":"https:\/\/www.ferberpainting.com\/no\/wp-json\/wp\/v2\/product_tag?post=25296"}],"curies":[{"name":"wp","href":"https:\/\/api.w.org\/{rel}","templated":true}]}}