{"id":25268,"date":"2025-05-26T10:30:10","date_gmt":"2025-05-26T08:30:10","guid":{"rendered":"https:\/\/www.ferberpainting.com\/products\/root-and-seedling-fertilizer\/"},"modified":"2026-02-16T08:35:46","modified_gmt":"2026-02-16T07:35:46","slug":"root-and-seedling-fertilizer","status":"publish","type":"product","link":"https:\/\/www.ferberpainting.com\/no\/products\/root-and-seedling-fertilizer\/","title":{"rendered":"Rot- og plantegj\u00f8dsel"},"content":{"rendered":"<p><strong><img decoding=\"async\" style=\"margin-right: 12px;\" src=\"https:\/\/www.ferberpainting.com\/wp-content\/uploads\/2026\/02\/Check.svg\" alt=\"\" width=\"18\" height=\"15\" \/>En viktig gj\u00f8dsel for rotutvikling og vellykket fr\u00f8planting.<\/strong>\u00a0Denne gj\u00f8dselen er spesielt formulert for \u00e5 fremme rotdannelsen hos unge planter og stimulere fr\u00f8spiring. Med en perfekt balanse mellom nitrogen (N), fosfor (P) og kalium (K) med en NPK p\u00e5 15-15-15, s\u00f8rger den for rask og robust rotutvikling, og garanterer dermed kraftig vekst og bedre motstandskraft mot klimatiske forhold og sykdommer.<\/p>\n<p><strong><img decoding=\"async\" style=\"margin-right: 12px;\" src=\"https:\/\/www.ferberpainting.com\/wp-content\/uploads\/2026\/02\/Check.svg\" alt=\"\" width=\"18\" height=\"15\" \/>Pengene tilbake-garanti.<\/strong>\u00a0Vi har full tillit til effektiviteten til gj\u00f8dselen v\u00e5r, og det er derfor vi tilbyr en pengene-tilbake-garanti. Hvis du etter p\u00e5f\u00f8ring under anbefalte forhold ikke observerer noen merkbar forbedring i plantene dine eller rotutviklingen av plantene dine, vil vi refundere deg uten diskusjon.<\/p>\n<p><strong><img decoding=\"async\" style=\"margin-right: 12px;\" src=\"https:\/\/www.ferberpainting.com\/wp-content\/uploads\/2026\/02\/Check.svg\" alt=\"\" width=\"18\" height=\"15\" \/>En allsidig gj\u00f8dsel for alle typer fr\u00f8planter og r\u00f8tter.<\/strong>\u00a0Denne gj\u00f8dselen er egnet for alle typer avlinger, enten det er til gr\u00f8nnsaks-, blomster-, tre- eller buskplanter. Den er ogs\u00e5 ideell for unge potteplanter, enten det er p\u00e5 friland eller i drivhus. Den m\u00e5lrettede virkningen p\u00e5 rotutviklingen gj\u00f8r at plantene kan absorbere n\u00e6ringsstoffer og vann mer effektivt, noe som sikrer sunn og jevn vekst fra starten av.<\/p>\n<p><strong><img decoding=\"async\" style=\"margin-right: 12px;\" src=\"https:\/\/www.ferberpainting.com\/wp-content\/uploads\/2026\/02\/Check.svg\" alt=\"\" width=\"18\" height=\"15\" \/>Utmerket kostnadseffektivitet og optimal effektivitet.<\/strong>\u00a0Takket v\u00e6re den konsentrerte formuleringen gir denne gj\u00f8dselen eksepsjonelt utbytte, noe som gj\u00f8r det mulig \u00e5 behandle et stort antall fr\u00f8planter og unge planter med en liten mengde produkt. Med 5 ml gj\u00f8dsel per 1 liter vann kan en 5-liters flaske tilberede opptil 1000 liter gj\u00f8dseloppl\u00f8sning, noe som gj\u00f8r den til en b\u00e6rekraftig og l\u00f8nnsom investering for b\u00e5de amat\u00f8rer og profesjonelle gartnere.<\/p>\n<p><strong><img decoding=\"async\" style=\"margin-right: 12px;\" src=\"https:\/\/www.ferberpainting.com\/wp-content\/uploads\/2026\/02\/Check.svg\" alt=\"\" width=\"18\" height=\"15\" \/>Et trygt produkt for planter og milj\u00f8.<\/strong>\u00a0Denne gj\u00f8dselen inneholder ingen aggressive kjemiske stoffer og tar hensyn til milj\u00f8et. Den stimulerer r\u00f8ttene p\u00e5 en naturlig m\u00e5te uten \u00e5 risikere \u00e5 brenne unge skudd, noe som sikrer en balansert og trygg utvikling. Den skader ikke jordens mikrofauna, og heller ikke nytteorganismer som meitemark og mikroorganismer som er viktige for jordens fruktbarhet.<\/p>\n<p><strong><img decoding=\"async\" style=\"margin-right: 12px;\" src=\"https:\/\/www.ferberpainting.com\/wp-content\/uploads\/2026\/02\/Check.svg\" alt=\"\" width=\"18\" height=\"15\" \/>Et gj\u00f8dselmiddel som er enkelt \u00e5 bruke for rask og effektiv p\u00e5f\u00f8ring.<\/strong>\u00a0I motsetning til andre gj\u00f8dsel som krever komplekse trinn, fortynnes denne lett i vann og p\u00e5f\u00f8res ved enkel spr\u00f8yting. Ingen sofistikert utstyr er n\u00f8dvendig, en enkel vannkanne eller spr\u00f8yte er nok til \u00e5 effektivt mate r\u00f8ttene og plantene. Ingen spesielle ferdigheter kreves, noe som gj\u00f8r den tilgjengelig for alle gartnere, fra nybegynnere til profesjonelle.<\/p>\n<p><strong><img decoding=\"async\" style=\"margin-right: 12px;\" src=\"https:\/\/www.ferberpainting.com\/wp-content\/uploads\/2026\/02\/Check.svg\" alt=\"\" width=\"18\" height=\"15\" \/>B\u00e6rekraftig handling for dyp og robust forankring.<\/strong>\u00a0Takket v\u00e6re den balanserte frigj\u00f8ringen av n\u00e6ringsstoffer sikrer denne gj\u00f8dselen kontinuerlig og harmonisk vekst over flere uker. Den fremmer utviklingen av dype r\u00f8tter, hjelper unge planter med \u00e5 motst\u00e5 t\u00f8rke og absorberer mineraler og vann mer effektivt fra jorden. Dette sikrer bedre tilpasning til milj\u00f8et og h\u00f8yere overlevelsesrate.<\/p>\n<p><strong><img decoding=\"async\" style=\"margin-right: 12px;\" src=\"https:\/\/www.ferberpainting.com\/wp-content\/uploads\/2026\/02\/Check.svg\" alt=\"\" width=\"18\" height=\"15\" \/>Synlige resultater etter bare noen f\u00e5 uker.<\/strong>\u00a0Allerede fra de f\u00f8rste dagene etter p\u00e5f\u00f8ring vil du observere raskere fremvekst av fr\u00f8planter, kraftigere r\u00f8tter og et tettere og gr\u00f8nnere bladverk. Den forbedrede virkningen p\u00e5 rotsystemet gir bedre n\u00e6ringsopptak, noe som resulterer i mer robuste og stressresistente planter, noe som reduserer risikoen for sykdommer og skadedyr.<\/p>\n<h2><strong>Protokoll for bruk<\/strong><\/h2>\n<p><strong>Anbefalt dosering<\/strong> :<\/p>\n<ul>\n<li><strong>For s\u00e5ing<\/strong>: Bland 5 ml gj\u00f8dsel per 1 liter vann og fukt jorden lett etter at fr\u00f8ene er plassert.<\/li>\n<li><strong>For unge planter i potter eller beholdere<\/strong>: Vann med en fortynnet l\u00f8sning med en hastighet p\u00e5 5 ml per liter vann, en gang i uken.<\/li>\n<li><strong>For utend\u00f8rs beplantning<\/strong>: P\u00e5f\u00f8r 1 liter l\u00f8sning per kvadratmeter rundt unge planter.<\/li>\n<li><strong>For nyplantede tr\u00e6r og busker<\/strong>: Vann hver plante med 2 til 3 liter l\u00f8sning, avhengig av plantest\u00f8rrelsen.<\/li>\n<\/ul>\n<p><strong>S\u00f8knadsfrekvens<\/strong> :<\/p>\n<ul>\n<li>Rett etter s\u00e5ing, for \u00e5 fremme rask og jevn spiring.<\/li>\n<li>N\u00e5r de f\u00f8rste bladene dukker opp, for \u00e5 st\u00f8tte utviklingen av unge skudd.<\/li>\n<li>Etter hver transplantasjon, for \u00e5 redusere rotstress og fremme rask restitusjon.<\/li>\n<\/ul>\n<p><strong>P\u00e5f\u00f8ringsmetode<\/strong> :<\/p>\n<ul>\n<li>Bruk en vannkanne eller spr\u00f8yte for \u00e5 fordele den fortynnede gj\u00f8dselen jevnt.<\/li>\n<li>P\u00e5f\u00f8r direkte p\u00e5 jorden eller ved foten av unge planter, uten overdreven vanning for \u00e5 unng\u00e5 utvasking av n\u00e6ringsstoffer.<\/li>\n<li>Unng\u00e5 p\u00e5f\u00f8ring i varmt v\u00e6r, helst om morgenen eller sent p\u00e5 ettermiddagen.<\/li>\n<\/ul>\n<p><strong>Forholdsregler ved bruk<\/strong> :<\/p>\n<ul>\n<li>F\u00f8lg de anbefalte dosene, overdosering kan skade unge planter.<\/li>\n<li>Oppbevares t\u00f8rt og kj\u00f8lig, beskyttet mot lys og fuktighet.<\/li>\n<li>Ikke bruk p\u00e5 sovende planter, reserver bruk til aktive vekstperioder.<\/li>\n<\/ul>\n<p>Takket v\u00e6re denne rot- og fr\u00f8gj\u00f8dselen sikrer du vellykket spiring, optimal rotutvikling og kraftig vekst. De balanserte n\u00e6ringsstoffene gir en komplett og effektiv l\u00f8sning for alle fr\u00f8 og unge planter, noe som sikrer en sterk start for sunne og robuste avlinger.<\/p>","protected":false},"excerpt":{"rendered":"<p>An essential fertilizer for root development and seedling success.\u00a0This fertilizer is specifically formulated to promote the rooting of young plants and stimulate seed germination. With a perfect balance of nitrogen (N), phosphorus (P), and potassium (K) with an NPK of 15-15-15, it ensures rapid and robust root development, thus guaranteeing vigorous growth and better resistance [&hellip;]<\/p>\n","protected":false},"featured_media":27153,"comment_status":"open","ping_status":"closed","template":"","meta":{"_uag_custom_page_level_css":"","site-sidebar-layout":"default","site-content-layout":"","ast-site-content-layout":"default","site-content-style":"default","site-sidebar-style":"default","ast-global-header-display":"","ast-banner-title-visibility":"","ast-main-header-display":"","ast-hfb-above-header-display":"","ast-hfb-below-header-display":"","ast-hfb-mobile-header-display":"","site-post-title":"","ast-breadcrumbs-content":"","ast-featured-img":"","footer-sml-layout":"","ast-disable-related-posts":"","theme-transparent-header-meta":"default","adv-header-id-meta":"","stick-header-meta":"","header-above-stick-meta":"","header-main-stick-meta":"","header-below-stick-meta":"","astra-migrate-meta-layouts":"set","ast-page-background-enabled":"default","ast-page-background-meta":{"desktop":{"background-color":"var(--ast-global-color-4)","background-image":"","background-repeat":"repeat","background-position":"center center","background-size":"auto","background-attachment":"scroll","background-type":"","background-media":"","overlay-type":"","overlay-color":"","overlay-opacity":"","overlay-gradient":""},"tablet":{"background-color":"","background-image":"","background-repeat":"repeat","background-position":"center center","background-size":"auto","background-attachment":"scroll","background-type":"","background-media":"","overlay-type":"","overlay-color":"","overlay-opacity":"","overlay-gradient":""},"mobile":{"background-color":"","background-image":"","background-repeat":"repeat","background-position":"center center","background-size":"auto","background-attachment":"scroll","background-type":"","background-media":"","overlay-type":"","overlay-color":"","overlay-opacity":"","overlay-gradient":""}},"ast-content-background-meta":{"desktop":{"background-color":"var(--ast-global-color-5)","background-image":"","background-repeat":"repeat","background-position":"center center","background-size":"auto","background-attachment":"scroll","background-type":"","background-media":"","overlay-type":"","overlay-color":"","overlay-opacity":"","overlay-gradient":""},"tablet":{"background-color":"var(--ast-global-color-5)","background-image":"","background-repeat":"repeat","background-position":"center center","background-size":"auto","background-attachment":"scroll","background-type":"","background-media":"","overlay-type":"","overlay-color":"","overlay-opacity":"","overlay-gradient":""},"mobile":{"background-color":"var(--ast-global-color-5)","background-image":"","background-repeat":"repeat","background-position":"center center","background-size":"auto","background-attachment":"scroll","background-type":"","background-media":"","overlay-type":"","overlay-color":"","overlay-opacity":"","overlay-gradient":""}}},"product_brand":[],"product_cat":[178],"product_tag":[],"class_list":{"0":"post-25268","1":"product","2":"type-product","3":"status-publish","4":"has-post-thumbnail","6":"product_cat-fertilizers","7":"desktop-align-left","8":"tablet-align-left","9":"mobile-align-left","11":"first","12":"instock","13":"sale","14":"shipping-taxable","15":"purchasable","16":"product-type-variable","17":"has-default-attributes"},"spectra_custom_meta":{"_visibility":["visible"],"_shopify_product_id":["9071933686005"],"_s2w_shopify_domain":["ferberpainting.myshopify.com"],"_shopify_variant_id":["46519270408437"],"_sku":[""],"_manage_stock":["no"],"total_sales":["8"],"_tax_status":["taxable"],"_tax_class":[""],"_backorders":["no"],"_sold_individually":["no"],"_virtual":["no"],"_downloadable":["no"],"_download_limit":["-1"],"_download_expiry":["-1"],"_stock":[null],"_stock_status":["instock"],"_wc_average_rating":["4.71"],"_wc_review_count":["7"],"_product_attributes":["a:1:{s:6:\"volume\";a:6:{s:4:\"name\";s:6:\"Volume\";s:5:\"value\";s:20:\"5 liters | 25 liters\";s:8:\"position\";i:1;s:10:\"is_visible\";i:0;s:12:\"is_variation\";i:1;s:11:\"is_taxonomy\";i:0;}}"],"_product_version":["10.5.1"],"_thumbnail_id":["27153"],"_product_image_gallery":["27154"],"wpse_downloadable_file_names":[""],"wpse_downloadable_file_urls":[""],"_edit_last":["1"],"_default_attributes":["a:1:{s:6:\"volume\";s:8:\"5 liters\";}"],"_edit_lock":["1771228673:1"],"_price":["29.90","129.90"],"merchant-center-availability":["yes"],"merchant-center-category":["113"],"_wp_page_template":["default"],"site-sidebar-layout":["default"],"ast-site-content-layout":["default"],"site-content-style":["default"],"site-sidebar-style":["default"],"theme-transparent-header-meta":["default"],"_wc_rating_count":["a:2:{i:4;i:2;i:5;i:5;}"],"astra-migrate-meta-layouts":["set"],"_uag_css_file_name":["uag-css-25268.css"],"_elementor_page_assets":["a:0:{}"],"_uag_page_assets":["a:9:{s:3:\"css\";s:6893:\".wp-block-uagb-image{display:flex}.wp-block-uagb-image__figure{position:relative;display:flex;flex-direction:column;max-width:100%;height:auto;margin:0}.wp-block-uagb-image__figure img{height:auto;display:flex;max-width:100%;transition:box-shadow 0.2s ease}.wp-block-uagb-image__figure>a{display:inline-block}.wp-block-uagb-image__figure figcaption{text-align:center;margin-top:0.5em;margin-bottom:1em}.wp-block-uagb-image .components-placeholder.block-editor-media-placeholder .components-placeholder__instructions{align-self:center}.wp-block-uagb-image--align-left{text-align:left}.wp-block-uagb-image--align-right{text-align:right}.wp-block-uagb-image--align-center{text-align:center}.wp-block-uagb-image--align-full .wp-block-uagb-image__figure{margin-left:calc(50% - 50vw);margin-right:calc(50% - 50vw);max-width:100vw;width:100vw;height:auto}.wp-block-uagb-image--align-full .wp-block-uagb-image__figure img{height:auto;width:100% !important}.wp-block-uagb-image--align-wide .wp-block-uagb-image__figure img{height:auto;width:100%}.wp-block-uagb-image--layout-overlay__color-wrapper{position:absolute;left:0;top:0;right:0;bottom:0;opacity:0.2;background:rgba(0,0,0,0.5);transition:opacity 0.35s ease-in-out}.wp-block-uagb-image--layout-overlay-link{position:absolute;left:0;right:0;bottom:0;top:0}.wp-block-uagb-image--layout-overlay .wp-block-uagb-image__figure:hover .wp-block-uagb-image--layout-overlay__color-wrapper{opacity:1}.wp-block-uagb-image--layout-overlay__inner{position:absolute;left:15px;right:15px;bottom:15px;top:15px;display:flex;align-items:center;justify-content:center;flex-direction:column;border-color:#fff;transition:0.35s ease-in-out}.wp-block-uagb-image--layout-overlay__inner.top-left,.wp-block-uagb-image--layout-overlay__inner.top-center,.wp-block-uagb-image--layout-overlay__inner.top-right{justify-content:flex-start}.wp-block-uagb-image--layout-overlay__inner.bottom-left,.wp-block-uagb-image--layout-overlay__inner.bottom-center,.wp-block-uagb-image--layout-overlay__inner.bottom-right{justify-content:flex-end}.wp-block-uagb-image--layout-overlay__inner.top-left,.wp-block-uagb-image--layout-overlay__inner.center-left,.wp-block-uagb-image--layout-overlay__inner.bottom-left{align-items:flex-start}.wp-block-uagb-image--layout-overlay__inner.top-right,.wp-block-uagb-image--layout-overlay__inner.center-right,.wp-block-uagb-image--layout-overlay__inner.bottom-right{align-items:flex-end}.wp-block-uagb-image--layout-overlay__inner .uagb-image-heading{color:#fff;transition:transform 0.35s, opacity 0.35s ease-in-out;transform:translate3d(0, 24px, 0);margin:0;line-height:1em}.wp-block-uagb-image--layout-overlay__inner .uagb-image-separator{width:30%;border-top-width:2px;border-top-color:#fff;border-top-style:solid;margin-bottom:10px;opacity:0;transition:transform 0.4s, opacity 0.4s ease-in-out;transform:translate3d(0, 30px, 0)}.wp-block-uagb-image--layout-overlay__inner .uagb-image-caption{opacity:0;overflow:visible;color:#fff;transition:transform 0.45s, opacity 0.45s ease-in-out;transform:translate3d(0, 35px, 0)}.wp-block-uagb-image--layout-overlay__inner:hover .uagb-image-heading,.wp-block-uagb-image--layout-overlay__inner:hover .uagb-image-separator,.wp-block-uagb-image--layout-overlay__inner:hover .uagb-image-caption{opacity:1;transform:translate3d(0, 0, 0)}.wp-block-uagb-image--effect-zoomin .wp-block-uagb-image__figure img,.wp-block-uagb-image--effect-zoomin .wp-block-uagb-image__figure .wp-block-uagb-image--layout-overlay__color-wrapper{transform:scale(1);transition:transform 0.35s ease-in-out}.wp-block-uagb-image--effect-zoomin .wp-block-uagb-image__figure:hover img,.wp-block-uagb-image--effect-zoomin .wp-block-uagb-image__figure:hover .wp-block-uagb-image--layout-overlay__color-wrapper{transform:scale(1.05)}.wp-block-uagb-image--effect-slide .wp-block-uagb-image__figure img,.wp-block-uagb-image--effect-slide .wp-block-uagb-image__figure .wp-block-uagb-image--layout-overlay__color-wrapper{width:calc(100% + 40px) !important;max-width:none !important;transform:translate3d(-40px, 0, 0);transition:transform 0.35s ease-in-out}.wp-block-uagb-image--effect-slide .wp-block-uagb-image__figure:hover img,.wp-block-uagb-image--effect-slide .wp-block-uagb-image__figure:hover .wp-block-uagb-image--layout-overlay__color-wrapper{transform:translate3d(0, 0, 0)}.wp-block-uagb-image--effect-grayscale img{filter:grayscale(0%);transition:0.35s ease-in-out}.wp-block-uagb-image--effect-grayscale:hover img{filter:grayscale(100%)}.wp-block-uagb-image--effect-blur img{filter:blur(0);transition:0.35s ease-in-out}.wp-block-uagb-image--effect-blur:hover img{filter:blur(3px)}\n.uagb-block-e6f939b3.wp-block-uagb-image--layout-default figure img{box-shadow: 0px 0px 0 #00000070;}.uagb-block-e6f939b3.wp-block-uagb-image .wp-block-uagb-image__figure figcaption{font-style: normal;align-self: center;}.uagb-block-e6f939b3.wp-block-uagb-image--layout-overlay figure img{box-shadow: 0px 0px 0 #00000070;}.uagb-block-e6f939b3.wp-block-uagb-image--layout-overlay .wp-block-uagb-image--layout-overlay__color-wrapper{opacity: 0.2;}.uagb-block-e6f939b3.wp-block-uagb-image--layout-overlay .wp-block-uagb-image--layout-overlay__inner{left: 15px;right: 15px;top: 15px;bottom: 15px;}.uagb-block-e6f939b3.wp-block-uagb-image--layout-overlay .wp-block-uagb-image--layout-overlay__inner .uagb-image-heading{font-style: normal;color: #fff;opacity: 1;}.uagb-block-e6f939b3.wp-block-uagb-image--layout-overlay .wp-block-uagb-image--layout-overlay__inner .uagb-image-heading a{color: #fff;}.uagb-block-e6f939b3.wp-block-uagb-image--layout-overlay .wp-block-uagb-image--layout-overlay__inner .uagb-image-caption{opacity: 0;}.uagb-block-e6f939b3.wp-block-uagb-image--layout-overlay .wp-block-uagb-image__figure:hover .wp-block-uagb-image--layout-overlay__color-wrapper{opacity: 1;}.uagb-block-e6f939b3.wp-block-uagb-image .wp-block-uagb-image--layout-overlay__inner .uagb-image-separator{width: 30%;border-top-width: 2px;border-top-color: #fff;opacity: 0;}.uagb-block-e6f939b3.wp-block-uagb-image .wp-block-uagb-image__figure img{width: px;height: auto;}.uagb-block-e6f939b3.wp-block-uagb-image .wp-block-uagb-image__figure:hover .wp-block-uagb-image--layout-overlay__inner .uagb-image-caption{opacity: 1;}.uagb-block-e6f939b3.wp-block-uagb-image .wp-block-uagb-image__figure:hover .wp-block-uagb-image--layout-overlay__inner .uagb-image-separator{opacity: 1;}.uagb-block-e6f939b3.wp-block-uagb-image--layout-default figure:hover img{box-shadow: 0px 0px 0 #00000070;}.uagb-block-e6f939b3.wp-block-uagb-image--layout-overlay figure:hover img{box-shadow: 0px 0px 0 #00000070;}@media only screen and (max-width: 976px) {.uagb-block-e6f939b3.wp-block-uagb-image .wp-block-uagb-image__figure img{width: px;height: auto;}}@media only screen and (max-width: 767px) {.uagb-block-e6f939b3.wp-block-uagb-image .wp-block-uagb-image__figure img{width: px;height: auto;}}\";s:2:\"js\";s:0:\"\";s:18:\"current_block_list\";a:13:{i:0;s:11:\"core\/search\";i:1;s:10:\"core\/group\";i:2;s:12:\"core\/heading\";i:3;s:17:\"core\/latest-posts\";i:4;s:20:\"core\/latest-comments\";i:5;s:13:\"core\/archives\";i:6;s:15:\"core\/categories\";i:7;s:14:\"core\/paragraph\";i:8;s:10:\"uagb\/image\";i:9;s:11:\"core\/spacer\";i:10;s:30:\"woocommerce\/product-categories\";i:11;s:10:\"core\/image\";i:12;s:14:\"core\/shortcode\";}s:8:\"uag_flag\";b:1;s:11:\"uag_version\";s:10:\"1775587442\";s:6:\"gfonts\";a:0:{}s:10:\"gfonts_url\";s:0:\"\";s:12:\"gfonts_files\";a:0:{}s:14:\"uag_faq_layout\";b:0;}"]},"uagb_featured_image_src":{"full":["https:\/\/www.ferberpainting.com\/wp-content\/uploads\/2025\/05\/RootandSeedlingFertilizer5L.png",2560,2560,false],"thumbnail":["https:\/\/www.ferberpainting.com\/wp-content\/uploads\/2025\/05\/RootandSeedlingFertilizer5L-150x150.png",150,150,true],"medium":["https:\/\/www.ferberpainting.com\/wp-content\/uploads\/2025\/05\/RootandSeedlingFertilizer5L-300x300.png",300,300,true],"medium_large":["https:\/\/www.ferberpainting.com\/wp-content\/uploads\/2025\/05\/RootandSeedlingFertilizer5L-768x768.png",768,768,true],"large":["https:\/\/www.ferberpainting.com\/wp-content\/uploads\/2025\/05\/RootandSeedlingFertilizer5L-1024x1024.png",1024,1024,true],"1536x1536":["https:\/\/www.ferberpainting.com\/wp-content\/uploads\/2025\/05\/RootandSeedlingFertilizer5L-1536x1536.png",1536,1536,true],"2048x2048":["https:\/\/www.ferberpainting.com\/wp-content\/uploads\/2025\/05\/RootandSeedlingFertilizer5L-2048x2048.png",2048,2048,true],"trp-custom-language-flag":["https:\/\/www.ferberpainting.com\/wp-content\/uploads\/2025\/05\/RootandSeedlingFertilizer5L-12x12.png",12,12,true],"woocommerce_thumbnail":["https:\/\/www.ferberpainting.com\/wp-content\/uploads\/2025\/05\/RootandSeedlingFertilizer5L-300x300.png",300,300,true],"woocommerce_single":["https:\/\/www.ferberpainting.com\/wp-content\/uploads\/2025\/05\/RootandSeedlingFertilizer5L-600x600.png",600,600,true],"woocommerce_gallery_thumbnail":["https:\/\/www.ferberpainting.com\/wp-content\/uploads\/2025\/05\/RootandSeedlingFertilizer5L-100x100.png",100,100,true]},"uagb_author_info":{"display_name":"admin","author_link":"https:\/\/www.ferberpainting.com\/no\/author\/"},"uagb_comment_info":7,"uagb_excerpt":"An essential fertilizer for root development and seedling success.\u00a0This fertilizer is specifically formulated to promote the rooting of young plants and stimulate seed germination. With a perfect balance of nitrogen (N), phosphorus (P), and potassium (K) with an NPK of 15-15-15, it ensures rapid and robust root development, thus guaranteeing vigorous growth and better resistance&hellip;","_links":{"self":[{"href":"https:\/\/www.ferberpainting.com\/no\/wp-json\/wp\/v2\/product\/25268","targetHints":{"allow":["GET"]}}],"collection":[{"href":"https:\/\/www.ferberpainting.com\/no\/wp-json\/wp\/v2\/product"}],"about":[{"href":"https:\/\/www.ferberpainting.com\/no\/wp-json\/wp\/v2\/types\/product"}],"replies":[{"embeddable":true,"href":"https:\/\/www.ferberpainting.com\/no\/wp-json\/wp\/v2\/comments?post=25268"}],"version-history":[{"count":4,"href":"https:\/\/www.ferberpainting.com\/no\/wp-json\/wp\/v2\/product\/25268\/revisions"}],"predecessor-version":[{"id":167148,"href":"https:\/\/www.ferberpainting.com\/no\/wp-json\/wp\/v2\/product\/25268\/revisions\/167148"}],"wp:featuredmedia":[{"embeddable":true,"href":"https:\/\/www.ferberpainting.com\/no\/wp-json\/wp\/v2\/media\/27153"}],"wp:attachment":[{"href":"https:\/\/www.ferberpainting.com\/no\/wp-json\/wp\/v2\/media?parent=25268"}],"wp:term":[{"taxonomy":"product_brand","embeddable":true,"href":"https:\/\/www.ferberpainting.com\/no\/wp-json\/wp\/v2\/product_brand?post=25268"},{"taxonomy":"product_cat","embeddable":true,"href":"https:\/\/www.ferberpainting.com\/no\/wp-json\/wp\/v2\/product_cat?post=25268"},{"taxonomy":"product_tag","embeddable":true,"href":"https:\/\/www.ferberpainting.com\/no\/wp-json\/wp\/v2\/product_tag?post=25268"}],"curies":[{"name":"wp","href":"https:\/\/api.w.org\/{rel}","templated":true}]}}