{"id":25262,"date":"2025-06-30T21:59:06","date_gmt":"2025-06-30T19:59:06","guid":{"rendered":"https:\/\/www.ferberpainting.com\/?post_type=product&#038;p=25262"},"modified":"2026-02-16T08:30:23","modified_gmt":"2026-02-16T07:30:23","slug":"roof-tile-water-repellent","status":"publish","type":"product","link":"https:\/\/www.ferberpainting.com\/no\/products\/roof-tile-water-repellent\/","title":{"rendered":"Vannavst\u00f8tende middel for takstein"},"content":{"rendered":"<p><strong><img decoding=\"async\" style=\"margin-right: 12px;\" src=\"https:\/\/www.ferberpainting.com\/wp-content\/uploads\/2026\/02\/Check.svg\" alt=\"\" width=\"18\" height=\"15\" \/>Optimal beskyttelse mot fuktighet.<\/strong>\u00a0Denne impregneringen er spesielt utviklet for \u00e5 gi \u00f8kt beskyttelse mot fukt og vanninntrengning. Den trenger dypt inn i flisoverflaten og danner en usynlig barriere som er sv\u00e6rt effektiv. Takket v\u00e6re denne virkningen hindrer den vann i \u00e5 sive inn i taksteinene og beskytter taket mot skader for\u00e5rsaket av v\u00e6r og vind - spesielt mugg, flekker og nedbrytning av materialer.<\/p>\n<p><strong><img decoding=\"async\" style=\"margin-right: 12px;\" src=\"https:\/\/www.ferberpainting.com\/wp-content\/uploads\/2026\/02\/Check.svg\" alt=\"\" width=\"18\" height=\"15\" \/>Pengene tilbake-garanti.<\/strong>\u00a0For \u00e5 sikre at du er helt forn\u00f8yd, tilbyr vi en tilfredshets- eller pengene-tilbake-garanti. Hvis du ikke er helt forn\u00f8yd med dette vanntettingsmiddelet for fliser etter at du har brukt det, kan du be om full refusjon. Med denne returretten kan du kj\u00f8pe produktet i trygg forvissning om at du er dekket i tilfelle misn\u00f8ye.<\/p>\n<p><strong><img decoding=\"async\" style=\"margin-right: 12px;\" src=\"https:\/\/www.ferberpainting.com\/wp-content\/uploads\/2026\/02\/Check.svg\" alt=\"\" width=\"18\" height=\"15\" \/>Alt-i-ett-beskyttelse.<\/strong>\u00a0Denne impregneringen er ikke begrenset til leirtakstein. Den kan ogs\u00e5 brukes p\u00e5 andre takmaterialer som betong, sement, m\u00f8rtel, por\u00f8s naturstein og andre absorberende overflater som er utsatt for v\u00e6r og vind, slik at taket ditt f\u00e5r full beskyttelse.<\/p>\n<p><strong><img decoding=\"async\" style=\"margin-right: 12px;\" src=\"https:\/\/www.ferberpainting.com\/wp-content\/uploads\/2026\/02\/Check.svg\" alt=\"\" width=\"18\" height=\"15\" \/>Kostnadseffektivt.<\/strong>\u00a0Dette impregneringsmiddelet for fliser er ekstremt \u00f8konomisk n\u00e5r det gjelder dekningsgrad. En liter dekker i gjennomsnitt 6 til 8 m\u00b2 behandlet overflate, avhengig av por\u00f8sitet. Med en 5-liters beholder kan du behandle opptil 40 m\u00b2, noe som gj\u00f8r det til en rimelig l\u00f8sning for \u00e5 beskytte en stor takflate. Den h\u00f8ye effektiviteten betyr ogs\u00e5 at du ikke trenger \u00e5 p\u00e5f\u00f8re produktet ofte, samtidig som du opprettholder en langvarig beskyttelse.<\/p>\n<p><strong><img decoding=\"async\" style=\"margin-right: 12px;\" src=\"https:\/\/www.ferberpainting.com\/wp-content\/uploads\/2026\/02\/Check.svg\" alt=\"\" width=\"18\" height=\"15\" \/>Trygt \u00e5 bruke.<\/strong>\u00a0Dette impregneringsmiddelet for fliser er utviklet for \u00e5 v\u00e6re helt trygt. Den inneholder ingen sterke kjemikalier og er milj\u00f8vennlig. Du kan trygt p\u00e5f\u00f8re den b\u00e5de innend\u00f8rs og utend\u00f8rs, uten risiko for din egen eller dine n\u00e6rmestes helse. Som med alle andre behandlingsprodukter anbefales det imidlertid \u00e5 bruke hansker og vernebriller, spesielt hvis du arbeider i lukkede rom.<\/p>\n<p><strong><img decoding=\"async\" style=\"margin-right: 12px;\" src=\"https:\/\/www.ferberpainting.com\/wp-content\/uploads\/2026\/02\/Check.svg\" alt=\"\" width=\"18\" height=\"15\" \/>Lett \u00e5 p\u00e5f\u00f8re.<\/strong>\u00a0Dette produktet er klart til bruk, noe som gj\u00f8r det sv\u00e6rt enkelt \u00e5 p\u00e5f\u00f8re. Det er ikke n\u00f8dvendig \u00e5 fortynne produktet - bare p\u00e5f\u00f8r det direkte p\u00e5 flisoverflaten med spr\u00f8yte, pensel eller rulle. P\u00e5f\u00f8ringen g\u00e5r raskt og krever ikke noe spesialutstyr, noe som gj\u00f8r det enkelt \u00e5 bruke for b\u00e5de gj\u00f8r-det-selv-folk og fagfolk. I tillegg etterlater den ingen synlige rester, noe som sikrer et rent og estetisk resultat.<\/p>\n<p><strong><img decoding=\"async\" style=\"margin-right: 12px;\" src=\"https:\/\/www.ferberpainting.com\/wp-content\/uploads\/2026\/02\/Check.svg\" alt=\"\" width=\"18\" height=\"15\" \/>Langsiktig holdbarhet.<\/strong>\u00a0Denne impregneringen er utviklet for \u00e5 gi langvarig beskyttelse. Etter p\u00e5f\u00f8ring danner den en usynlig, men sv\u00e6rt motstandsdyktig barriere mot fuktighet. Avhengig av v\u00e6rforhold og eksponering kan den beskyttende effekten vare fra 2 til 5 \u00e5r. Denne holdbarheten reduserer behovet for hyppig vedlikehold, og sikrer konstant beskyttelse mot vanninntrengning.<\/p>\n<p><strong><img decoding=\"async\" style=\"margin-right: 12px;\" src=\"https:\/\/www.ferberpainting.com\/wp-content\/uploads\/2026\/02\/Check.svg\" alt=\"\" width=\"18\" height=\"15\" \/>Rask p\u00e5f\u00f8ring og t\u00f8rking.<\/strong>\u00a0Dette impregneringsmiddelet er kjent for sin raske virkning. N\u00e5r den er sprayet eller p\u00e5f\u00f8rt, trenger den raskt inn i flisens porer og gir beskyttelse p\u00e5 sv\u00e6rt kort tid. T\u00f8rketiden er ogs\u00e5 rask. Etter p\u00e5f\u00f8ring kan du vanligvis ber\u00f8re overflaten etter 1 til 2 timer. For \u00e5 sikre full effektivitet anbefales det imidlertid \u00e5 la produktet t\u00f8rke helt i 24 timer f\u00f8r det utsettes for fuktighet.<\/p>\n<h2><strong>Protokoll for bruk<\/strong><\/h2>\n<ul>\n<li><strong>Forberedelse av overflaten <\/strong>: F\u00f8r du p\u00e5f\u00f8rer impregneringsmiddelet, m\u00e5 du forsikre deg om at underlaget er rent, t\u00f8rt og fritt for smuss, mose og rusk. Rengj\u00f8r eventuelt taket med h\u00f8ytrykksspyler eller kost. Hvis det finnes mose eller lav, anbefales det \u00e5 behandle mot mose f\u00f8r p\u00e5f\u00f8ring. S\u00f8rg for at taket er helt t\u00f8rt f\u00f8r du p\u00e5f\u00f8rer impregneringsmidlet.<\/li>\n<li><strong>Produktapplikasjon <\/strong>: Dette vanntettingsmiddelet er klart til bruk og krever ingen fortynning. P\u00e5f\u00f8r den med spr\u00f8yte, rulle eller pensel. Ved bruk av spr\u00f8yte, hold en avstand p\u00e5 ca. 30 cm fra overflaten og p\u00e5f\u00f8r et jevnt str\u00f8k. Hvis du bruker rulle eller pensel, m\u00e5 du s\u00f8rge for \u00e5 p\u00e5f\u00f8re en gener\u00f8s mengde uten \u00e5 mette flisene. Arbeid jevnt for \u00e5 sikre fullstendig dekning.<\/li>\n<li><strong>Antall som skal brukes <\/strong>: I gjennomsnitt dekker en liter flis impregnering 6 til 8 m\u00b2, avhengig av por\u00f8sitet. For spesielt por\u00f8se fliser kan det v\u00e6re n\u00f8dvendig med et ekstra str\u00f8k for maksimal beskyttelse. En 5-liters beholder er tilstrekkelig til \u00e5 dekke ca. 40 m\u00b2 fliseoverflate.<\/li>\n<li><strong>T\u00f8rketid <\/strong>: Etter p\u00e5f\u00f8ring er t\u00f8rketiden vanligvis 1 til 2 timer. Generelt kan du ber\u00f8re overflaten etter denne perioden. For optimal beskyttelse anbefales det imidlertid \u00e5 vente 24 timer f\u00f8r taket utsettes for fuktighet. Denne t\u00f8rketiden gj\u00f8r at produktet kan trenge helt inn og danne en vannavvisende barriere.<\/li>\n<li><strong>Ny s\u00f8knad <\/strong>: Avhengig av v\u00e6r og vind og naturlig slitasje kan det v\u00e6re n\u00f8dvendig \u00e5 p\u00e5f\u00f8re impregneringsmidlet p\u00e5 nytt hvert 2. til 5. \u00e5r for \u00e5 opprettholde optimal beskyttelse. For best resultat b\u00f8r du p\u00e5f\u00f8re impregneringen p\u00e5 nytt etter at du har rengjort overflaten for \u00e5 fjerne oppsamlet smuss.<\/li>\n<li><strong>Vedlikehold <\/strong>: Denne vanntette flisen krever ikke komplisert vedlikehold. Det anbefales \u00e5 rengj\u00f8re overflaten med s\u00e5pevann og en myk b\u00f8rste eller kost. Unng\u00e5 \u00e5 bruke h\u00f8ytrykksspyler eller sterke kjemikalier, som kan skade det beskyttende laget. Regelmessig vedlikehold av taket kan forlenge levetiden til flisene og impregneringsmidlet.<\/li>\n<\/ul>\n<p>Oppsummert er denne impregneringen en effektiv og praktisk l\u00f8sning for \u00e5 beskytte taket ditt mot vanninntrenging og fuktighet. Takket v\u00e6re den enkle p\u00e5f\u00f8ringen, den lange holdbarheten og den h\u00f8ye ytelsen er det en utmerket investering for \u00e5 bevare kvaliteten og integriteten til taksteinene dine, samtidig som du reduserer vedlikeholdsbehovet.<\/p>","protected":false},"excerpt":{"rendered":"<p>Optimal Moisture Protection.\u00a0This tile waterproofer is specially formulated to provide enhanced protection against moisture and water infiltration. It penetrates deep into the tile surface to form an invisible barrier that is highly effective. Thanks to this action, it prevents water from seeping into your tiles and protects your roof from damage caused by weather\u2014especially mold, [&hellip;]<\/p>\n","protected":false},"featured_media":35996,"comment_status":"open","ping_status":"closed","template":"","meta":{"_uag_custom_page_level_css":"","site-sidebar-layout":"default","site-content-layout":"","ast-site-content-layout":"default","site-content-style":"default","site-sidebar-style":"default","ast-global-header-display":"","ast-banner-title-visibility":"","ast-main-header-display":"","ast-hfb-above-header-display":"","ast-hfb-below-header-display":"","ast-hfb-mobile-header-display":"","site-post-title":"","ast-breadcrumbs-content":"","ast-featured-img":"","footer-sml-layout":"","ast-disable-related-posts":"","theme-transparent-header-meta":"default","adv-header-id-meta":"","stick-header-meta":"","header-above-stick-meta":"","header-main-stick-meta":"","header-below-stick-meta":"","astra-migrate-meta-layouts":"set","ast-page-background-enabled":"default","ast-page-background-meta":{"desktop":{"background-color":"var(--ast-global-color-4)","background-image":"","background-repeat":"repeat","background-position":"center center","background-size":"auto","background-attachment":"scroll","background-type":"","background-media":"","overlay-type":"","overlay-color":"","overlay-opacity":"","overlay-gradient":""},"tablet":{"background-color":"","background-image":"","background-repeat":"repeat","background-position":"center center","background-size":"auto","background-attachment":"scroll","background-type":"","background-media":"","overlay-type":"","overlay-color":"","overlay-opacity":"","overlay-gradient":""},"mobile":{"background-color":"","background-image":"","background-repeat":"repeat","background-position":"center center","background-size":"auto","background-attachment":"scroll","background-type":"","background-media":"","overlay-type":"","overlay-color":"","overlay-opacity":"","overlay-gradient":""}},"ast-content-background-meta":{"desktop":{"background-color":"var(--ast-global-color-5)","background-image":"","background-repeat":"repeat","background-position":"center center","background-size":"auto","background-attachment":"scroll","background-type":"","background-media":"","overlay-type":"","overlay-color":"","overlay-opacity":"","overlay-gradient":""},"tablet":{"background-color":"var(--ast-global-color-5)","background-image":"","background-repeat":"repeat","background-position":"center center","background-size":"auto","background-attachment":"scroll","background-type":"","background-media":"","overlay-type":"","overlay-color":"","overlay-opacity":"","overlay-gradient":""},"mobile":{"background-color":"var(--ast-global-color-5)","background-image":"","background-repeat":"repeat","background-position":"center center","background-size":"auto","background-attachment":"scroll","background-type":"","background-media":"","overlay-type":"","overlay-color":"","overlay-opacity":"","overlay-gradient":""}}},"product_brand":[],"product_cat":[191],"product_tag":[],"class_list":{"0":"post-25262","1":"product","2":"type-product","3":"status-publish","4":"has-post-thumbnail","6":"product_cat-water-repellent","7":"desktop-align-left","8":"tablet-align-left","9":"mobile-align-left","11":"first","12":"instock","13":"sale","14":"taxable","15":"shipping-taxable","16":"purchasable","17":"product-type-variable","18":"has-default-attributes"},"spectra_custom_meta":{"_visibility":["visible"],"_shopify_product_id":["9106633851125"],"_s2w_shopify_domain":["ferberpainting.myshopify.com"],"_shopify_variant_id":["46626370879733"],"_sku":[""],"_manage_stock":["no"],"total_sales":["31"],"_tax_status":["taxable"],"_tax_class":[""],"_backorders":["no"],"_sold_individually":["no"],"_virtual":["no"],"_downloadable":["no"],"_download_limit":["-1"],"_download_expiry":["-1"],"_stock":[null],"_stock_status":["instock"],"_wc_average_rating":["5.00"],"_wc_review_count":["36"],"_product_attributes":["a:1:{s:6:\"volume\";a:6:{s:4:\"name\";s:6:\"Volume\";s:5:\"value\";s:20:\"5 liters | 25 liters\";s:8:\"position\";i:1;s:10:\"is_visible\";i:0;s:12:\"is_variation\";i:1;s:11:\"is_taxonomy\";i:0;}}"],"_product_version":["10.5.1"],"wpse_downloadable_file_names":[""],"wpse_downloadable_file_urls":[""],"_edit_last":["1"],"_default_attributes":["a:1:{s:6:\"volume\";s:8:\"5 liters\";}"],"_edit_lock":["1771226885:1"],"_price":["29.90","129.90"],"merchant-center-availability":["yes"],"merchant-center-category":["503744"],"_thumbnail_id":["35996"],"_wp_page_template":["default"],"_wp_old_date":["2025-05-26"],"_product_image_gallery":["35997"],"site-sidebar-layout":["default"],"ast-site-content-layout":["default"],"site-content-style":["default"],"site-sidebar-style":["default"],"theme-transparent-header-meta":["default"],"_wc_rating_count":["a:1:{i:5;i:36;}"],"astra-migrate-meta-layouts":["set"],"_uag_css_file_name":["uag-css-25262.css"],"_elementor_page_assets":["a:0:{}"],"_uag_page_assets":["a:9:{s:3:\"css\";s:6873:\".wp-block-uagb-image{display:flex}.wp-block-uagb-image__figure{position:relative;display:flex;flex-direction:column;max-width:100%;height:auto;margin:0}.wp-block-uagb-image__figure img{height:auto;display:flex;max-width:100%;transition:box-shadow .2s ease}.wp-block-uagb-image__figure>a{display:inline-block}.wp-block-uagb-image__figure figcaption{text-align:center;margin-top:.5em;margin-bottom:1em}.wp-block-uagb-image .components-placeholder.block-editor-media-placeholder .components-placeholder__instructions{align-self:center}.wp-block-uagb-image--align-left{text-align:left}.wp-block-uagb-image--align-right{text-align:right}.wp-block-uagb-image--align-center{text-align:center}.wp-block-uagb-image--align-full .wp-block-uagb-image__figure{margin-left:calc(50% - 50vw);margin-right:calc(50% - 50vw);max-width:100vw;width:100vw;height:auto}.wp-block-uagb-image--align-full .wp-block-uagb-image__figure img{height:auto;width:100% !important}.wp-block-uagb-image--align-wide .wp-block-uagb-image__figure img{height:auto;width:100%}.wp-block-uagb-image--layout-overlay__color-wrapper{position:absolute;left:0;top:0;right:0;bottom:0;opacity:.2;background:rgba(0,0,0,.5);transition:opacity .35s ease-in-out}.wp-block-uagb-image--layout-overlay-link{position:absolute;left:0;right:0;bottom:0;top:0}.wp-block-uagb-image--layout-overlay .wp-block-uagb-image__figure:hover .wp-block-uagb-image--layout-overlay__color-wrapper{opacity:1}.wp-block-uagb-image--layout-overlay__inner{position:absolute;left:15px;right:15px;bottom:15px;top:15px;display:flex;align-items:center;justify-content:center;flex-direction:column;border-color:#fff;transition:.35s ease-in-out}.wp-block-uagb-image--layout-overlay__inner.top-left,.wp-block-uagb-image--layout-overlay__inner.top-center,.wp-block-uagb-image--layout-overlay__inner.top-right{justify-content:flex-start}.wp-block-uagb-image--layout-overlay__inner.bottom-left,.wp-block-uagb-image--layout-overlay__inner.bottom-center,.wp-block-uagb-image--layout-overlay__inner.bottom-right{justify-content:flex-end}.wp-block-uagb-image--layout-overlay__inner.top-left,.wp-block-uagb-image--layout-overlay__inner.center-left,.wp-block-uagb-image--layout-overlay__inner.bottom-left{align-items:flex-start}.wp-block-uagb-image--layout-overlay__inner.top-right,.wp-block-uagb-image--layout-overlay__inner.center-right,.wp-block-uagb-image--layout-overlay__inner.bottom-right{align-items:flex-end}.wp-block-uagb-image--layout-overlay__inner .uagb-image-heading{color:#fff;transition:transform .35s,opacity .35s ease-in-out;transform:translate3d(0, 24px, 0);margin:0;line-height:1em}.wp-block-uagb-image--layout-overlay__inner .uagb-image-separator{width:30%;border-top-width:2px;border-top-color:#fff;border-top-style:solid;margin-bottom:10px;opacity:0;transition:transform .4s,opacity .4s ease-in-out;transform:translate3d(0, 30px, 0)}.wp-block-uagb-image--layout-overlay__inner .uagb-image-caption{opacity:0;overflow:visible;color:#fff;transition:transform .45s,opacity .45s ease-in-out;transform:translate3d(0, 35px, 0)}.wp-block-uagb-image--layout-overlay__inner:hover .uagb-image-heading,.wp-block-uagb-image--layout-overlay__inner:hover .uagb-image-separator,.wp-block-uagb-image--layout-overlay__inner:hover .uagb-image-caption{opacity:1;transform:translate3d(0, 0, 0)}.wp-block-uagb-image--effect-zoomin .wp-block-uagb-image__figure img,.wp-block-uagb-image--effect-zoomin .wp-block-uagb-image__figure .wp-block-uagb-image--layout-overlay__color-wrapper{transform:scale(1);transition:transform .35s ease-in-out}.wp-block-uagb-image--effect-zoomin .wp-block-uagb-image__figure:hover img,.wp-block-uagb-image--effect-zoomin .wp-block-uagb-image__figure:hover .wp-block-uagb-image--layout-overlay__color-wrapper{transform:scale(1.05)}.wp-block-uagb-image--effect-slide .wp-block-uagb-image__figure img,.wp-block-uagb-image--effect-slide .wp-block-uagb-image__figure .wp-block-uagb-image--layout-overlay__color-wrapper{width:calc(100% + 40px) !important;max-width:none !important;transform:translate3d(-40px, 0, 0);transition:transform .35s ease-in-out}.wp-block-uagb-image--effect-slide .wp-block-uagb-image__figure:hover img,.wp-block-uagb-image--effect-slide .wp-block-uagb-image__figure:hover .wp-block-uagb-image--layout-overlay__color-wrapper{transform:translate3d(0, 0, 0)}.wp-block-uagb-image--effect-grayscale img{filter:grayscale(0%);transition:.35s ease-in-out}.wp-block-uagb-image--effect-grayscale:hover img{filter:grayscale(100%)}.wp-block-uagb-image--effect-blur img{filter:blur(0);transition:.35s ease-in-out}.wp-block-uagb-image--effect-blur:hover img{filter:blur(3px)}.uagb-block-e6f939b3.wp-block-uagb-image--layout-default figure img{box-shadow: 0px 0px 0 #00000070;}.uagb-block-e6f939b3.wp-block-uagb-image .wp-block-uagb-image__figure figcaption{font-style: normal;align-self: center;}.uagb-block-e6f939b3.wp-block-uagb-image--layout-overlay figure img{box-shadow: 0px 0px 0 #00000070;}.uagb-block-e6f939b3.wp-block-uagb-image--layout-overlay .wp-block-uagb-image--layout-overlay__color-wrapper{opacity: 0.2;}.uagb-block-e6f939b3.wp-block-uagb-image--layout-overlay .wp-block-uagb-image--layout-overlay__inner{left: 15px;right: 15px;top: 15px;bottom: 15px;}.uagb-block-e6f939b3.wp-block-uagb-image--layout-overlay .wp-block-uagb-image--layout-overlay__inner .uagb-image-heading{font-style: normal;color: #fff;opacity: 1;}.uagb-block-e6f939b3.wp-block-uagb-image--layout-overlay .wp-block-uagb-image--layout-overlay__inner .uagb-image-heading a{color: #fff;}.uagb-block-e6f939b3.wp-block-uagb-image--layout-overlay .wp-block-uagb-image--layout-overlay__inner .uagb-image-caption{opacity: 0;}.uagb-block-e6f939b3.wp-block-uagb-image--layout-overlay .wp-block-uagb-image__figure:hover .wp-block-uagb-image--layout-overlay__color-wrapper{opacity: 1;}.uagb-block-e6f939b3.wp-block-uagb-image .wp-block-uagb-image--layout-overlay__inner .uagb-image-separator{width: 30%;border-top-width: 2px;border-top-color: #fff;opacity: 0;}.uagb-block-e6f939b3.wp-block-uagb-image .wp-block-uagb-image__figure img{width: px;height: auto;}.uagb-block-e6f939b3.wp-block-uagb-image .wp-block-uagb-image__figure:hover .wp-block-uagb-image--layout-overlay__inner .uagb-image-caption{opacity: 1;}.uagb-block-e6f939b3.wp-block-uagb-image .wp-block-uagb-image__figure:hover .wp-block-uagb-image--layout-overlay__inner .uagb-image-separator{opacity: 1;}.uagb-block-e6f939b3.wp-block-uagb-image--layout-default figure:hover img{box-shadow: 0px 0px 0 #00000070;}.uagb-block-e6f939b3.wp-block-uagb-image--layout-overlay figure:hover img{box-shadow: 0px 0px 0 #00000070;}@media only screen and (max-width: 976px) {.uagb-block-e6f939b3.wp-block-uagb-image .wp-block-uagb-image__figure img{width: px;height: auto;}}@media only screen and (max-width: 767px) {.uagb-block-e6f939b3.wp-block-uagb-image .wp-block-uagb-image__figure img{width: px;height: auto;}}\";s:2:\"js\";s:0:\"\";s:18:\"current_block_list\";a:13:{i:0;s:11:\"core\/search\";i:1;s:10:\"core\/group\";i:2;s:12:\"core\/heading\";i:3;s:17:\"core\/latest-posts\";i:4;s:20:\"core\/latest-comments\";i:5;s:13:\"core\/archives\";i:6;s:15:\"core\/categories\";i:7;s:14:\"core\/paragraph\";i:8;s:10:\"uagb\/image\";i:9;s:11:\"core\/spacer\";i:10;s:30:\"woocommerce\/product-categories\";i:11;s:10:\"core\/image\";i:12;s:14:\"core\/shortcode\";}s:8:\"uag_flag\";b:1;s:11:\"uag_version\";s:10:\"1777262865\";s:6:\"gfonts\";a:0:{}s:10:\"gfonts_url\";s:0:\"\";s:12:\"gfonts_files\";a:0:{}s:14:\"uag_faq_layout\";b:0;}"]},"uagb_featured_image_src":{"full":["https:\/\/www.ferberpainting.com\/wp-content\/uploads\/2025\/05\/Roof-Tile-Water-Repellent-5L-.png",2560,2560,false],"thumbnail":["https:\/\/www.ferberpainting.com\/wp-content\/uploads\/2025\/05\/Roof-Tile-Water-Repellent-5L--150x150.png",150,150,true],"medium":["https:\/\/www.ferberpainting.com\/wp-content\/uploads\/2025\/05\/Roof-Tile-Water-Repellent-5L--300x300.png",300,300,true],"medium_large":["https:\/\/www.ferberpainting.com\/wp-content\/uploads\/2025\/05\/Roof-Tile-Water-Repellent-5L--768x768.png",768,768,true],"large":["https:\/\/www.ferberpainting.com\/wp-content\/uploads\/2025\/05\/Roof-Tile-Water-Repellent-5L--1024x1024.png",1024,1024,true],"1536x1536":["https:\/\/www.ferberpainting.com\/wp-content\/uploads\/2025\/05\/Roof-Tile-Water-Repellent-5L--1536x1536.png",1536,1536,true],"2048x2048":["https:\/\/www.ferberpainting.com\/wp-content\/uploads\/2025\/05\/Roof-Tile-Water-Repellent-5L--2048x2048.png",2048,2048,true],"trp-custom-language-flag":["https:\/\/www.ferberpainting.com\/wp-content\/uploads\/2025\/05\/Roof-Tile-Water-Repellent-5L--12x12.png",12,12,true],"woocommerce_thumbnail":["https:\/\/www.ferberpainting.com\/wp-content\/uploads\/2025\/05\/Roof-Tile-Water-Repellent-5L--300x300.png",300,300,true],"woocommerce_single":["https:\/\/www.ferberpainting.com\/wp-content\/uploads\/2025\/05\/Roof-Tile-Water-Repellent-5L--600x600.png",600,600,true],"woocommerce_gallery_thumbnail":["https:\/\/www.ferberpainting.com\/wp-content\/uploads\/2025\/05\/Roof-Tile-Water-Repellent-5L--100x100.png",100,100,true]},"uagb_author_info":{"display_name":"admin","author_link":"https:\/\/www.ferberpainting.com\/no\/author\/"},"uagb_comment_info":36,"uagb_excerpt":"Optimal Moisture Protection.\u00a0This tile waterproofer is specially formulated to provide enhanced protection against moisture and water infiltration. It penetrates deep into the tile surface to form an invisible barrier that is highly effective. Thanks to this action, it prevents water from seeping into your tiles and protects your roof from damage caused by weather\u2014especially mold,&hellip;","_links":{"self":[{"href":"https:\/\/www.ferberpainting.com\/no\/wp-json\/wp\/v2\/product\/25262","targetHints":{"allow":["GET"]}}],"collection":[{"href":"https:\/\/www.ferberpainting.com\/no\/wp-json\/wp\/v2\/product"}],"about":[{"href":"https:\/\/www.ferberpainting.com\/no\/wp-json\/wp\/v2\/types\/product"}],"replies":[{"embeddable":true,"href":"https:\/\/www.ferberpainting.com\/no\/wp-json\/wp\/v2\/comments?post=25262"}],"version-history":[{"count":3,"href":"https:\/\/www.ferberpainting.com\/no\/wp-json\/wp\/v2\/product\/25262\/revisions"}],"predecessor-version":[{"id":167142,"href":"https:\/\/www.ferberpainting.com\/no\/wp-json\/wp\/v2\/product\/25262\/revisions\/167142"}],"wp:featuredmedia":[{"embeddable":true,"href":"https:\/\/www.ferberpainting.com\/no\/wp-json\/wp\/v2\/media\/35996"}],"wp:attachment":[{"href":"https:\/\/www.ferberpainting.com\/no\/wp-json\/wp\/v2\/media?parent=25262"}],"wp:term":[{"taxonomy":"product_brand","embeddable":true,"href":"https:\/\/www.ferberpainting.com\/no\/wp-json\/wp\/v2\/product_brand?post=25262"},{"taxonomy":"product_cat","embeddable":true,"href":"https:\/\/www.ferberpainting.com\/no\/wp-json\/wp\/v2\/product_cat?post=25262"},{"taxonomy":"product_tag","embeddable":true,"href":"https:\/\/www.ferberpainting.com\/no\/wp-json\/wp\/v2\/product_tag?post=25262"}],"curies":[{"name":"wp","href":"https:\/\/api.w.org\/{rel}","templated":true}]}}