{"id":24764,"date":"2025-05-26T10:27:01","date_gmt":"2025-05-26T08:27:01","guid":{"rendered":"https:\/\/www.ferberpainting.com\/products\/pasture-and-grassland-fertilizer\/"},"modified":"2026-02-15T23:43:12","modified_gmt":"2026-02-15T22:43:12","slug":"pasture-and-grassland-fertilizer","status":"publish","type":"product","link":"https:\/\/www.ferberpainting.com\/no\/products\/pasture-and-grassland-fertilizer\/","title":{"rendered":"Beite- og enggj\u00f8dsel 25 kg"},"content":{"rendered":"<p><strong><img decoding=\"async\" style=\"margin-right: 12px;\" src=\"https:\/\/www.ferberpainting.com\/wp-content\/uploads\/2026\/02\/Check.svg\" alt=\"\" width=\"18\" height=\"15\" \/>En balansert gj\u00f8dsel for frodige enger og n\u00e6ringsrike beitemarker.<\/strong>\u00a0Enger og beitemarker er viktige omr\u00e5der for f\u00f4ring av husdyr og for \u00e5 opprettholde fruktbar jord. V\u00e5r NPK 10-10-10-gj\u00f8dsel er spesialutviklet for \u00e5 sikre jevn vekst og et homogent gressdekke, og gir dermed et n\u00e6ringsrikt kosthold for husdyrene samtidig som jordhelsen opprettholdes. Takket v\u00e6re det balanserte innholdet av nitrogen (N) for \u00e5 fremme bladvekst, fosfor (P) for \u00e5 styrke rotsystemet og kalium (K) for \u00e5 forbedre motstandsdyktigheten mot milj\u00f8stress, sikrer denne gj\u00f8dselen optimale og varige resultater.<\/p>\n<p><strong><img decoding=\"async\" style=\"margin-right: 12px;\" src=\"https:\/\/www.ferberpainting.com\/wp-content\/uploads\/2026\/02\/Check.svg\" alt=\"\" width=\"18\" height=\"15\" \/>Pengene tilbake-garanti.<\/strong>\u00a0Fordi vi har full tillit til effektiviteten til v\u00e5r gj\u00f8dsel for enger og beitemarker, tilbyr vi en pengene-tilbake-garanti. Hvis du, etter bruk i henhold til anbefalingene, ikke observerer en betydelig forbedring i kvaliteten og tettheten av gresset ditt, refunderer vi kj\u00f8pet ditt fullt ut.<\/p>\n<p><strong><img decoding=\"async\" style=\"margin-right: 12px;\" src=\"https:\/\/www.ferberpainting.com\/wp-content\/uploads\/2026\/02\/Check.svg\" alt=\"\" width=\"18\" height=\"15\" \/>Kompatibel med alle jord- og gresstyper.<\/strong>\u00a0Denne gj\u00f8dselen er egnet for alle enger og beitemarker, enten de er beregnet p\u00e5 storfe, sauer, hester eller andre planteetere. Den tilpasser seg alle jordtyper, enten det er leirholdig, kalkholdig, leirholdig eller sandholdig, og sikrer en jevn fordeling av n\u00e6ringsstoffer for jevn vekst. Det kan ogs\u00e5 brukes b\u00e5de p\u00e5 naturbeitemarker og kunstig tils\u00e5dde enger.<\/p>\n<p><strong><img decoding=\"async\" style=\"margin-right: 12px;\" src=\"https:\/\/www.ferberpainting.com\/wp-content\/uploads\/2026\/02\/Check.svg\" alt=\"\" width=\"18\" height=\"15\" \/>Kostnadseffektiv og langsiktig effektiv gj\u00f8dsling.<\/strong>\u00a0Takket v\u00e6re den faste formuleringen gir dette gj\u00f8dselproduktet en progressiv frigj\u00f8ring av n\u00e6ringsstoffer, noe som sikrer b\u00e6rekraftig gj\u00f8dsling uten overdosering. Med et utbytte p\u00e5 200 gram per kvadratmeter dekker en pose p\u00e5 25 kg et stort omr\u00e5de, noe som gir utmerket valuta for pengene for b\u00f8nder og husdyroppdrettere som \u00f8nsker \u00e5 optimalisere grovf\u00f4rproduksjonen.<\/p>\n<p><strong><img decoding=\"async\" style=\"margin-right: 12px;\" src=\"https:\/\/www.ferberpainting.com\/wp-content\/uploads\/2026\/02\/Check.svg\" alt=\"\" width=\"18\" height=\"15\" \/>Et trygt og milj\u00f8vennlig gj\u00f8dselmiddel.<\/strong>\u00a0Denne gj\u00f8dselen er fri for skadelige kjemikalier og er utviklet for \u00e5 respektere den naturlige balansen i jordsmonnet og de omkringliggende \u00f8kosystemene. Den inneholder ingen giftige tilsetningsstoffer og utgj\u00f8r ingen fare for beitedyr. Ved \u00e5 fremme et rikt og balansert jordsmonn \u00f8ker den det biologiske mangfoldet og opprettholder et sunt milj\u00f8 for b\u00e5de husdyr og det lokale dyrelivet.<\/p>\n<p><strong><img decoding=\"async\" style=\"margin-right: 12px;\" src=\"https:\/\/www.ferberpainting.com\/wp-content\/uploads\/2026\/02\/Check.svg\" alt=\"\" width=\"18\" height=\"15\" \/>Enkel \u00e5 p\u00e5f\u00f8re og problemfri gj\u00f8dsling.<\/strong>\u00a0I motsetning til flytende gj\u00f8dsel som krever fortynning, er denne faste gj\u00f8dselen klar til bruk. Det er bare \u00e5 spre den p\u00e5 det \u00f8nskede omr\u00e5det, enten manuelt eller med en spreder, uten behov for spesialutstyr. Den er ideell for store g\u00e5rder s\u00e5 vel som sm\u00e5 private beitemarker, og sikrer rask og effektiv p\u00e5f\u00f8ring.<\/p>\n<p><strong><img decoding=\"async\" style=\"margin-right: 12px;\" src=\"https:\/\/www.ferberpainting.com\/wp-content\/uploads\/2026\/02\/Check.svg\" alt=\"\" width=\"18\" height=\"15\" \/>Rask virkning med synlige resultater i l\u00f8pet av de f\u00f8rste ukene.<\/strong>\u00a0N\u00e5r gj\u00f8dselen er p\u00e5f\u00f8rt, fremmer den rask og kraftig gjenvekst, noe som gir et tettere og mer n\u00e6ringsrikt beite for dyrene. Den forbedrer jordstrukturen, reduserer risikoen for utarming og erosjon, og gir bedre opptak av vann og n\u00e6ringsstoffer. De f\u00f8rste resultatene er synlige etter bare noen f\u00e5 uker, med gr\u00f8nnere, mer spenstig og frodigere gress.<\/p>\n<p><strong><img decoding=\"async\" style=\"margin-right: 12px;\" src=\"https:\/\/www.ferberpainting.com\/wp-content\/uploads\/2026\/02\/Check.svg\" alt=\"\" width=\"18\" height=\"15\" \/>En varig gj\u00f8dsling for frodige enger \u00e5ret rundt.<\/strong>\u00a0Takket v\u00e6re den gradvise frigj\u00f8ringen sikrer denne gj\u00f8dselen kontinuerlig n\u00e6ring til jorden og bidrar til \u00e5 opprettholde plantedekket over flere m\u00e5neder. Den forhindrer utarming av n\u00e6ringsstoffer, forbedrer den naturlige tilbakeholdelsen av n\u00e6ringsstoffer og reduserer hyppigheten av gj\u00f8dsling og vedlikehold av beitemark.<\/p>\n<h2><strong>Protokoll for bruk<\/strong><\/h2>\n<p><strong>Anbefalt dosering <\/strong>:<\/p>\n<ul>\n<li><strong>For en eng eller beitemark i full vekst<\/strong>:  P\u00e5f\u00f8r 200 gram gj\u00f8dsel per kvadratmeter for \u00e5 sikre optimal gj\u00f8dsling.<\/li>\n<li><strong>For en nys\u00e5dd eng<\/strong>: Reduser dosen til 100 gram per kvadratmeter for \u00e5 unng\u00e5 for rask vekst og fremme god rotetablering.<\/li>\n<li><strong>For en eng i vinterdvale <\/strong>: P\u00e5f\u00f8r et lett lag p\u00e5 100 gram per kvadratmeter om h\u00f8sten for \u00e5 forberede jorden for v\u00e5rens gjenvekst.<\/li>\n<\/ul>\n<p><strong>P\u00e5f\u00f8ringsmetode <\/strong>:<\/p>\n<ul>\n<li><strong>Manuell spredning <\/strong>: Spre gj\u00f8dselen for h\u00e5nd jevnt over hele overflaten.<\/li>\n<li><strong>Med en spreder <\/strong>: Bruk en mekanisk spreder for jevn fordeling over et stort omr\u00e5de.<\/li>\n<li><strong>Innarbeiding i jorda (valgfritt) <\/strong>: For maksimal effektivitet er det mulig \u00e5 innlemme gj\u00f8dselen litt i jorden ved hjelp av en rive eller rulle for bedre n\u00e6ringsinntrengning.<\/li>\n<\/ul>\n<p><strong>S\u00f8knadsfrekvens <\/strong>:<\/p>\n<ul>\n<li><strong>Spring og sommer (maksimal vekstperiode) <\/strong>: P\u00e5f\u00f8r hver 8. til 10. uke for \u00e5 opprettholde tett og regelmessig vekst.<\/li>\n<li><strong>H\u00f8sten (forberedelse av jorden f\u00f8r vinteren) <\/strong>: Bruk en redusert dose for \u00e5 berike jorden som forberedelse til v\u00e5rens gjenvekst.<\/li>\n<\/ul>\n<p><strong>Forholdsregler ved bruk <\/strong>:<\/p>\n<ul>\n<li>Unng\u00e5 \u00e5 spr\u00f8yte like f\u00f8r kraftig regnv\u00e6r for \u00e5 forhindre utvasking av n\u00e6ringsstoffer.<\/li>\n<li>Ikke gj\u00f8dsle under intens t\u00f8rke, vent p\u00e5 litt fuktig jord for \u00e5 maksimere absorpsjonen.<\/li>\n<li>Oppbevares utilgjengelig for barn og dyr f\u00f8r p\u00e5f\u00f8ring for \u00e5 unng\u00e5 utilsiktet kontakt.<\/li>\n<\/ul>\n<p><strong>Lagring og konservering <\/strong>:<\/p>\n<ul>\n<li>Oppbevar gj\u00f8dselen p\u00e5 et t\u00f8rt og kj\u00f8lig sted, beskyttet mot fuktighet og frost.<\/li>\n<li>Lukk posen godt igjen etter hver bruk for \u00e5 unng\u00e5 at produktet klumper seg.<\/li>\n<\/ul>\n<p>Takket v\u00e6re denne gj\u00f8dselen for enger og beitemarker kan du optimalisere veksten av gresset ditt, sikre et rikt og sunt kosthold for dyrene dine og forbedre jordens fruktbarhet p\u00e5 lang sikt. Enten du er profesjonell oppdretter, bonde eller privatperson som \u00f8nsker \u00e5 opprettholde en naturlig eng, er denne effektive, \u00f8konomiske og milj\u00f8vennlige gj\u00f8dsell\u00f8sningen den ideelle allierte for frodige og sunne beitemarker \u00e5ret rundt.<\/p>","protected":false},"excerpt":{"rendered":"<p>A balanced fertilizer for lush meadows and nutritious pastures.\u00a0Meadows and pastures are essential spaces for feeding livestock and maintaining fertile soil. Our NPK 10-10-10 fertilizer is specially designed to ensure consistent growth and a homogeneous grass cover, thereby providing a nutrient-rich diet for livestock while maintaining soil health. Thanks to its balanced content of nitrogen [&hellip;]<\/p>\n","protected":false},"featured_media":26619,"comment_status":"open","ping_status":"closed","template":"","meta":{"_uag_custom_page_level_css":"","site-sidebar-layout":"default","site-content-layout":"","ast-site-content-layout":"default","site-content-style":"default","site-sidebar-style":"default","ast-global-header-display":"","ast-banner-title-visibility":"","ast-main-header-display":"","ast-hfb-above-header-display":"","ast-hfb-below-header-display":"","ast-hfb-mobile-header-display":"","site-post-title":"","ast-breadcrumbs-content":"","ast-featured-img":"","footer-sml-layout":"","ast-disable-related-posts":"","theme-transparent-header-meta":"default","adv-header-id-meta":"","stick-header-meta":"","header-above-stick-meta":"","header-main-stick-meta":"","header-below-stick-meta":"","astra-migrate-meta-layouts":"set","ast-page-background-enabled":"default","ast-page-background-meta":{"desktop":{"background-color":"var(--ast-global-color-4)","background-image":"","background-repeat":"repeat","background-position":"center center","background-size":"auto","background-attachment":"scroll","background-type":"","background-media":"","overlay-type":"","overlay-color":"","overlay-opacity":"","overlay-gradient":""},"tablet":{"background-color":"","background-image":"","background-repeat":"repeat","background-position":"center center","background-size":"auto","background-attachment":"scroll","background-type":"","background-media":"","overlay-type":"","overlay-color":"","overlay-opacity":"","overlay-gradient":""},"mobile":{"background-color":"","background-image":"","background-repeat":"repeat","background-position":"center center","background-size":"auto","background-attachment":"scroll","background-type":"","background-media":"","overlay-type":"","overlay-color":"","overlay-opacity":"","overlay-gradient":""}},"ast-content-background-meta":{"desktop":{"background-color":"var(--ast-global-color-5)","background-image":"","background-repeat":"repeat","background-position":"center center","background-size":"auto","background-attachment":"scroll","background-type":"","background-media":"","overlay-type":"","overlay-color":"","overlay-opacity":"","overlay-gradient":""},"tablet":{"background-color":"var(--ast-global-color-5)","background-image":"","background-repeat":"repeat","background-position":"center center","background-size":"auto","background-attachment":"scroll","background-type":"","background-media":"","overlay-type":"","overlay-color":"","overlay-opacity":"","overlay-gradient":""},"mobile":{"background-color":"var(--ast-global-color-5)","background-image":"","background-repeat":"repeat","background-position":"center center","background-size":"auto","background-attachment":"scroll","background-type":"","background-media":"","overlay-type":"","overlay-color":"","overlay-opacity":"","overlay-gradient":""}}},"product_brand":[],"product_cat":[178],"product_tag":[],"class_list":{"0":"post-24764","1":"product","2":"type-product","3":"status-publish","4":"has-post-thumbnail","6":"product_cat-fertilizers","7":"desktop-align-left","8":"tablet-align-left","9":"mobile-align-left","11":"first","12":"instock","13":"taxable","14":"shipping-taxable","15":"purchasable","16":"product-type-simple"},"spectra_custom_meta":{"_visibility":["visible"],"_shopify_product_id":["9068050743541"],"_s2w_shopify_domain":["ferberpainting.myshopify.com"],"_shopify_variant_id":["46509982089461"],"_sku":["FPPASTUREANDGRASSLANDFERTILIZER25KG"],"_regular_price":["39.90"],"_price":["39.90"],"_sale_price":[""],"_weight":["18.7"],"_thumbnail_id":["26619"],"_global_unique_id":["5056773817647"],"total_sales":["7"],"_tax_status":["taxable"],"_tax_class":[""],"_manage_stock":["no"],"_backorders":["no"],"_sold_individually":["no"],"_virtual":["no"],"_downloadable":["no"],"_download_limit":["-1"],"_download_expiry":["-1"],"_stock":[null],"_stock_status":["instock"],"_wc_average_rating":["5.00"],"_wc_review_count":["34"],"_product_version":["10.5.1"],"_wc_rating_count":["a:1:{i:5;i:34;}"],"_edit_lock":["1771195298:1"],"merchant-center-availability":["yes"],"merchant-center-category":["113"],"_edit_last":["1"],"_wp_page_template":["default"],"site-sidebar-layout":["default"],"ast-site-content-layout":["default"],"site-content-style":["default"],"site-sidebar-style":["default"],"theme-transparent-header-meta":["default"],"astra-migrate-meta-layouts":["set"],"_uag_css_file_name":["uag-css-24764.css"],"_elementor_page_assets":["a:0:{}"],"_uag_page_assets":["a:9:{s:3:\"css\";s:7133:\".uag-blocks-common-selector{z-index:var(--z-index-desktop) !important}@media(max-width: 976px){.uag-blocks-common-selector{z-index:var(--z-index-tablet) !important}}@media(max-width: 767px){.uag-blocks-common-selector{z-index:var(--z-index-mobile) !important}}.wp-block-uagb-image{display:flex}.wp-block-uagb-image__figure{position:relative;display:flex;flex-direction:column;max-width:100%;height:auto;margin:0}.wp-block-uagb-image__figure img{height:auto;display:flex;max-width:100%;transition:box-shadow .2s ease}.wp-block-uagb-image__figure>a{display:inline-block}.wp-block-uagb-image__figure figcaption{text-align:center;margin-top:.5em;margin-bottom:1em}.wp-block-uagb-image .components-placeholder.block-editor-media-placeholder .components-placeholder__instructions{align-self:center}.wp-block-uagb-image--align-left{text-align:left}.wp-block-uagb-image--align-right{text-align:right}.wp-block-uagb-image--align-center{text-align:center}.wp-block-uagb-image--align-full .wp-block-uagb-image__figure{margin-left:calc(50% - 50vw);margin-right:calc(50% - 50vw);max-width:100vw;width:100vw;height:auto}.wp-block-uagb-image--align-full .wp-block-uagb-image__figure img{height:auto;width:100% !important}.wp-block-uagb-image--align-wide .wp-block-uagb-image__figure img{height:auto;width:100%}.wp-block-uagb-image--layout-overlay__color-wrapper{position:absolute;left:0;top:0;right:0;bottom:0;opacity:.2;background:rgba(0,0,0,.5);transition:opacity .35s ease-in-out}.wp-block-uagb-image--layout-overlay-link{position:absolute;left:0;right:0;bottom:0;top:0}.wp-block-uagb-image--layout-overlay .wp-block-uagb-image__figure:hover .wp-block-uagb-image--layout-overlay__color-wrapper{opacity:1}.wp-block-uagb-image--layout-overlay__inner{position:absolute;left:15px;right:15px;bottom:15px;top:15px;display:flex;align-items:center;justify-content:center;flex-direction:column;border-color:#fff;transition:.35s ease-in-out}.wp-block-uagb-image--layout-overlay__inner.top-left,.wp-block-uagb-image--layout-overlay__inner.top-center,.wp-block-uagb-image--layout-overlay__inner.top-right{justify-content:flex-start}.wp-block-uagb-image--layout-overlay__inner.bottom-left,.wp-block-uagb-image--layout-overlay__inner.bottom-center,.wp-block-uagb-image--layout-overlay__inner.bottom-right{justify-content:flex-end}.wp-block-uagb-image--layout-overlay__inner.top-left,.wp-block-uagb-image--layout-overlay__inner.center-left,.wp-block-uagb-image--layout-overlay__inner.bottom-left{align-items:flex-start}.wp-block-uagb-image--layout-overlay__inner.top-right,.wp-block-uagb-image--layout-overlay__inner.center-right,.wp-block-uagb-image--layout-overlay__inner.bottom-right{align-items:flex-end}.wp-block-uagb-image--layout-overlay__inner .uagb-image-heading{color:#fff;transition:transform .35s,opacity .35s ease-in-out;transform:translate3d(0, 24px, 0);margin:0;line-height:1em}.wp-block-uagb-image--layout-overlay__inner .uagb-image-separator{width:30%;border-top-width:2px;border-top-color:#fff;border-top-style:solid;margin-bottom:10px;opacity:0;transition:transform .4s,opacity .4s ease-in-out;transform:translate3d(0, 30px, 0)}.wp-block-uagb-image--layout-overlay__inner .uagb-image-caption{opacity:0;overflow:visible;color:#fff;transition:transform .45s,opacity .45s ease-in-out;transform:translate3d(0, 35px, 0)}.wp-block-uagb-image--layout-overlay__inner:hover .uagb-image-heading,.wp-block-uagb-image--layout-overlay__inner:hover .uagb-image-separator,.wp-block-uagb-image--layout-overlay__inner:hover .uagb-image-caption{opacity:1;transform:translate3d(0, 0, 0)}.wp-block-uagb-image--effect-zoomin .wp-block-uagb-image__figure img,.wp-block-uagb-image--effect-zoomin .wp-block-uagb-image__figure .wp-block-uagb-image--layout-overlay__color-wrapper{transform:scale(1);transition:transform .35s ease-in-out}.wp-block-uagb-image--effect-zoomin .wp-block-uagb-image__figure:hover img,.wp-block-uagb-image--effect-zoomin .wp-block-uagb-image__figure:hover .wp-block-uagb-image--layout-overlay__color-wrapper{transform:scale(1.05)}.wp-block-uagb-image--effect-slide .wp-block-uagb-image__figure img,.wp-block-uagb-image--effect-slide .wp-block-uagb-image__figure .wp-block-uagb-image--layout-overlay__color-wrapper{width:calc(100% + 40px) !important;max-width:none !important;transform:translate3d(-40px, 0, 0);transition:transform .35s ease-in-out}.wp-block-uagb-image--effect-slide .wp-block-uagb-image__figure:hover img,.wp-block-uagb-image--effect-slide .wp-block-uagb-image__figure:hover .wp-block-uagb-image--layout-overlay__color-wrapper{transform:translate3d(0, 0, 0)}.wp-block-uagb-image--effect-grayscale img{filter:grayscale(0%);transition:.35s ease-in-out}.wp-block-uagb-image--effect-grayscale:hover img{filter:grayscale(100%)}.wp-block-uagb-image--effect-blur img{filter:blur(0);transition:.35s ease-in-out}.wp-block-uagb-image--effect-blur:hover img{filter:blur(3px)}.uagb-block-e6f939b3.wp-block-uagb-image--layout-default figure img{box-shadow: 0px 0px 0 #00000070;}.uagb-block-e6f939b3.wp-block-uagb-image .wp-block-uagb-image__figure figcaption{font-style: normal;align-self: center;}.uagb-block-e6f939b3.wp-block-uagb-image--layout-overlay figure img{box-shadow: 0px 0px 0 #00000070;}.uagb-block-e6f939b3.wp-block-uagb-image--layout-overlay .wp-block-uagb-image--layout-overlay__color-wrapper{opacity: 0.2;}.uagb-block-e6f939b3.wp-block-uagb-image--layout-overlay .wp-block-uagb-image--layout-overlay__inner{left: 15px;right: 15px;top: 15px;bottom: 15px;}.uagb-block-e6f939b3.wp-block-uagb-image--layout-overlay .wp-block-uagb-image--layout-overlay__inner .uagb-image-heading{font-style: normal;color: #fff;opacity: 1;}.uagb-block-e6f939b3.wp-block-uagb-image--layout-overlay .wp-block-uagb-image--layout-overlay__inner .uagb-image-heading a{color: #fff;}.uagb-block-e6f939b3.wp-block-uagb-image--layout-overlay .wp-block-uagb-image--layout-overlay__inner .uagb-image-caption{opacity: 0;}.uagb-block-e6f939b3.wp-block-uagb-image--layout-overlay .wp-block-uagb-image__figure:hover .wp-block-uagb-image--layout-overlay__color-wrapper{opacity: 1;}.uagb-block-e6f939b3.wp-block-uagb-image .wp-block-uagb-image--layout-overlay__inner .uagb-image-separator{width: 30%;border-top-width: 2px;border-top-color: #fff;opacity: 0;}.uagb-block-e6f939b3.wp-block-uagb-image .wp-block-uagb-image__figure img{width: px;height: auto;}.uagb-block-e6f939b3.wp-block-uagb-image .wp-block-uagb-image__figure:hover .wp-block-uagb-image--layout-overlay__inner .uagb-image-caption{opacity: 1;}.uagb-block-e6f939b3.wp-block-uagb-image .wp-block-uagb-image__figure:hover .wp-block-uagb-image--layout-overlay__inner .uagb-image-separator{opacity: 1;}.uagb-block-e6f939b3.wp-block-uagb-image--layout-default figure:hover img{box-shadow: 0px 0px 0 #00000070;}.uagb-block-e6f939b3.wp-block-uagb-image--layout-overlay figure:hover img{box-shadow: 0px 0px 0 #00000070;}@media only screen and (max-width: 976px) {.uagb-block-e6f939b3.wp-block-uagb-image .wp-block-uagb-image__figure img{width: px;height: auto;}}@media only screen and (max-width: 767px) {.uagb-block-e6f939b3.wp-block-uagb-image .wp-block-uagb-image__figure img{width: px;height: auto;}}\";s:2:\"js\";s:0:\"\";s:18:\"current_block_list\";a:13:{i:0;s:11:\"core\/search\";i:1;s:10:\"core\/group\";i:2;s:12:\"core\/heading\";i:3;s:17:\"core\/latest-posts\";i:4;s:20:\"core\/latest-comments\";i:5;s:13:\"core\/archives\";i:6;s:15:\"core\/categories\";i:7;s:14:\"core\/paragraph\";i:8;s:10:\"uagb\/image\";i:9;s:11:\"core\/spacer\";i:10;s:30:\"woocommerce\/product-categories\";i:11;s:10:\"core\/image\";i:12;s:14:\"core\/shortcode\";}s:8:\"uag_flag\";b:1;s:11:\"uag_version\";s:10:\"1777323694\";s:6:\"gfonts\";a:0:{}s:10:\"gfonts_url\";s:0:\"\";s:12:\"gfonts_files\";a:0:{}s:14:\"uag_faq_layout\";b:0;}"]},"uagb_featured_image_src":{"full":["https:\/\/www.ferberpainting.com\/wp-content\/uploads\/2025\/05\/PastureandGrasslandFertilizerensac.png",2560,2560,false],"thumbnail":["https:\/\/www.ferberpainting.com\/wp-content\/uploads\/2025\/05\/PastureandGrasslandFertilizerensac-150x150.png",150,150,true],"medium":["https:\/\/www.ferberpainting.com\/wp-content\/uploads\/2025\/05\/PastureandGrasslandFertilizerensac-300x300.png",300,300,true],"medium_large":["https:\/\/www.ferberpainting.com\/wp-content\/uploads\/2025\/05\/PastureandGrasslandFertilizerensac-768x768.png",768,768,true],"large":["https:\/\/www.ferberpainting.com\/wp-content\/uploads\/2025\/05\/PastureandGrasslandFertilizerensac-1024x1024.png",1024,1024,true],"1536x1536":["https:\/\/www.ferberpainting.com\/wp-content\/uploads\/2025\/05\/PastureandGrasslandFertilizerensac-1536x1536.png",1536,1536,true],"2048x2048":["https:\/\/www.ferberpainting.com\/wp-content\/uploads\/2025\/05\/PastureandGrasslandFertilizerensac-2048x2048.png",2048,2048,true],"trp-custom-language-flag":["https:\/\/www.ferberpainting.com\/wp-content\/uploads\/2025\/05\/PastureandGrasslandFertilizerensac-12x12.png",12,12,true],"woocommerce_thumbnail":["https:\/\/www.ferberpainting.com\/wp-content\/uploads\/2025\/05\/PastureandGrasslandFertilizerensac-300x300.png",300,300,true],"woocommerce_single":["https:\/\/www.ferberpainting.com\/wp-content\/uploads\/2025\/05\/PastureandGrasslandFertilizerensac-600x600.png",600,600,true],"woocommerce_gallery_thumbnail":["https:\/\/www.ferberpainting.com\/wp-content\/uploads\/2025\/05\/PastureandGrasslandFertilizerensac-100x100.png",100,100,true]},"uagb_author_info":{"display_name":"admin","author_link":"https:\/\/www.ferberpainting.com\/no\/author\/"},"uagb_comment_info":34,"uagb_excerpt":"A balanced fertilizer for lush meadows and nutritious pastures.\u00a0Meadows and pastures are essential spaces for feeding livestock and maintaining fertile soil. Our NPK 10-10-10 fertilizer is specially designed to ensure consistent growth and a homogeneous grass cover, thereby providing a nutrient-rich diet for livestock while maintaining soil health. Thanks to its balanced content of nitrogen&hellip;","_links":{"self":[{"href":"https:\/\/www.ferberpainting.com\/no\/wp-json\/wp\/v2\/product\/24764","targetHints":{"allow":["GET"]}}],"collection":[{"href":"https:\/\/www.ferberpainting.com\/no\/wp-json\/wp\/v2\/product"}],"about":[{"href":"https:\/\/www.ferberpainting.com\/no\/wp-json\/wp\/v2\/types\/product"}],"replies":[{"embeddable":true,"href":"https:\/\/www.ferberpainting.com\/no\/wp-json\/wp\/v2\/comments?post=24764"}],"version-history":[{"count":6,"href":"https:\/\/www.ferberpainting.com\/no\/wp-json\/wp\/v2\/product\/24764\/revisions"}],"predecessor-version":[{"id":166703,"href":"https:\/\/www.ferberpainting.com\/no\/wp-json\/wp\/v2\/product\/24764\/revisions\/166703"}],"wp:featuredmedia":[{"embeddable":true,"href":"https:\/\/www.ferberpainting.com\/no\/wp-json\/wp\/v2\/media\/26619"}],"wp:attachment":[{"href":"https:\/\/www.ferberpainting.com\/no\/wp-json\/wp\/v2\/media?parent=24764"}],"wp:term":[{"taxonomy":"product_brand","embeddable":true,"href":"https:\/\/www.ferberpainting.com\/no\/wp-json\/wp\/v2\/product_brand?post=24764"},{"taxonomy":"product_cat","embeddable":true,"href":"https:\/\/www.ferberpainting.com\/no\/wp-json\/wp\/v2\/product_cat?post=24764"},{"taxonomy":"product_tag","embeddable":true,"href":"https:\/\/www.ferberpainting.com\/no\/wp-json\/wp\/v2\/product_tag?post=24764"}],"curies":[{"name":"wp","href":"https:\/\/api.w.org\/{rel}","templated":true}]}}