{"id":24756,"date":"2025-05-26T10:26:57","date_gmt":"2025-05-26T08:26:57","guid":{"rendered":"https:\/\/www.ferberpainting.com\/products\/palm-and-yucca-fertilizer\/"},"modified":"2026-02-15T23:28:15","modified_gmt":"2026-02-15T22:28:15","slug":"palm-and-yucca-fertilizer","status":"publish","type":"product","link":"https:\/\/www.ferberpainting.com\/no\/products\/palm-and-yucca-fertilizer\/","title":{"rendered":"Palme- og Yucca-gj\u00f8dsel 25 kg"},"content":{"rendered":"<p><strong><img decoding=\"async\" style=\"margin-right: 12px;\" src=\"https:\/\/www.ferberpainting.com\/wp-content\/uploads\/2026\/02\/Check.svg\" alt=\"\" width=\"18\" height=\"15\" \/>En komplett gj\u00f8dsel for optimal vekst og frodig bladverk.<\/strong>\u00a0Palmer og yucca er majestetiske planter som gir et eksotisk preg i hagen, p\u00e5 terrassen eller innend\u00f8rs. For \u00e5 sikre rask vekst, god helse og et levende bladverk er det viktig \u00e5 gi dem tilstrekkelig med n\u00e6ringsstoffer. Denne NPK 10-10-10-gj\u00f8dselen gir en komplett og balansert n\u00e6ring med nitrogen (N) for \u00e5 stimulere utviklingen av blad og stamme, fosfor (P) for \u00e5 fremme sterk rotvekst og kalium (K) for \u00e5 styrke motstandsdyktigheten mot sykdommer, vannstress og varme. Takket v\u00e6re denne gj\u00f8dselen vil palmer og yuccaer f\u00e5 et frodig og gr\u00f8nt bladverk, bedre motstandskraft mot milj\u00f8stress og kraftigere vekst.<\/p>\n<p><strong><img decoding=\"async\" style=\"margin-right: 12px;\" src=\"https:\/\/www.ferberpainting.com\/wp-content\/uploads\/2026\/02\/Check.svg\" alt=\"\" width=\"18\" height=\"15\" \/>Pengene tilbake-garanti.<\/strong>\u00a0Vi har full tillit til kvaliteten og effektiviteten til v\u00e5r gj\u00f8dsel for palmer og yucca, og derfor tilbyr vi en pengene-tilbake-garanti. Hvis du, etter riktig bruk i henhold til v\u00e5re anbefalinger, ikke merker synlig forbedring i vekst, l\u00f8vverk eller kraft, vil vi refundere deg fullt ut.<\/p>\n<p><strong><img decoding=\"async\" style=\"margin-right: 12px;\" src=\"https:\/\/www.ferberpainting.com\/wp-content\/uploads\/2026\/02\/Check.svg\" alt=\"\" width=\"18\" height=\"15\" \/>Passer til alle typer palmer og yucca, i potter eller p\u00e5 friland.<\/strong>\u00a0Denne gj\u00f8dselen er allsidig og tilpasset alle varianter av palmer (Washingtonia, Trachycarpus, Phoenix, Chamaerops, Butia, etc.) og yucca (Yucca rostrata, Yucca elephantipes, Yucca filamentosa, etc.). Den er ogs\u00e5 egnet for planter dyrket i \u00e5pen bakke i hagen eller i potter p\u00e5 en terrasse, balkong eller innend\u00f8rs. Den er ogs\u00e5 kompatibel med alle typer jord, enten det er sand, leire eller kalkholdig, og bidrar til \u00e5 forbedre jordstrukturen for bedre n\u00e6ringsretensjon.<\/p>\n<p><strong><img decoding=\"async\" style=\"margin-right: 12px;\" src=\"https:\/\/www.ferberpainting.com\/wp-content\/uploads\/2026\/02\/Check.svg\" alt=\"\" width=\"18\" height=\"15\" \/>Utmerket \u00f8konomisk utbytte og langvarig gj\u00f8dsling.<\/strong>\u00a0Takket v\u00e6re formuleringen frigj\u00f8r denne gj\u00f8dselen n\u00e6ringsstoffer sakte, noe som sikrer effektiv gj\u00f8dsling i flere uker. En pose p\u00e5 25 kg kan gj\u00f8dsle et stort antall palmer og yuccaer, og gir utmerket valuta for pengene. Med en optimal dosering p\u00e5 200 g per tre eller per kvadratmeter sikrer den en god tilf\u00f8rsel av n\u00e6ringsstoffer uten overskudd eller avfall.<\/p>\n<p><strong><img decoding=\"async\" style=\"margin-right: 12px;\" src=\"https:\/\/www.ferberpainting.com\/wp-content\/uploads\/2026\/02\/Check.svg\" alt=\"\" width=\"18\" height=\"15\" \/>Et trygt og milj\u00f8vennlig gj\u00f8dselmiddel.<\/strong>\u00a0Denne gj\u00f8dselen inneholder ingen skadelige kjemikalier, noe som bidrar til \u00e5 bevare kvaliteten p\u00e5 jorda og det biologiske mangfoldet. Den bidrar til \u00e5 respektere den \u00f8kologiske balansen i jordsmonnet og fremmer gunstig mikroorganismeaktivitet, noe som er avgj\u00f8rende for sunne r\u00f8tter. I tillegg er den trygg for husdyr og lokalt dyreliv, noe som sikrer trygg bruk i hagen eller p\u00e5 en balkong.<\/p>\n<p><strong><img decoding=\"async\" style=\"margin-right: 12px;\" src=\"https:\/\/www.ferberpainting.com\/wp-content\/uploads\/2026\/02\/Check.svg\" alt=\"\" width=\"18\" height=\"15\" \/>Enkel p\u00e5f\u00f8ring og uanstrengt gj\u00f8dsling.<\/strong>\u00a0I motsetning til flytende gj\u00f8dsel som krever presise doseringer og fortynninger, p\u00e5f\u00f8res denne gj\u00f8dselen i fast form direkte ved foten av plantene. Bare spre det rundt stammen og begrav det lett i jorden slik at det gradvis kan frigj\u00f8re n\u00e6ringsstoffene. Bruken er enkel, rask og tilgjengelig for alle, selv nybegynnere og profesjonelle anleggsgartnere.<\/p>\n<p><strong><img decoding=\"async\" style=\"margin-right: 12px;\" src=\"https:\/\/www.ferberpainting.com\/wp-content\/uploads\/2026\/02\/Check.svg\" alt=\"\" width=\"18\" height=\"15\" \/>Forlenget virkning for langvarig vekst og levende bladverk.<\/strong>\u00a0Takket v\u00e6re den gradvise frigj\u00f8ringen gir denne gj\u00f8dselen n\u00e6ring til palmer og yucca over en lang periode, og forhindrer dermed mangler og sikrer kontinuerlig og stabil vekst. Det styrker ogs\u00e5 plantens motstandskraft mot sykdommer, skadedyr og ugunstige v\u00e6rforhold, noe som sikrer levende l\u00f8vverk gjennom hele \u00e5ret.<\/p>\n<p><strong><img decoding=\"async\" style=\"margin-right: 12px;\" src=\"https:\/\/www.ferberpainting.com\/wp-content\/uploads\/2026\/02\/Check.svg\" alt=\"\" width=\"18\" height=\"15\" \/>Synlige resultater etter bare noen f\u00e5 uker.<\/strong>\u00a0Fra f\u00f8rste p\u00e5f\u00f8ring av gj\u00f8dsel vil du legge merke til raskere vekst, tykkere blader og en mer intens farge. Plantene blir kraftigere og mer spenstige, og fyller harmonisk ut plassen med balansert l\u00f8vverk og flere nye skudd. Gj\u00f8dsel bidrar til \u00e5 forbedre det generelle utseendet til palmer og yucca, noe som gj\u00f8r dem mer majestetiske og spektakul\u00e6re, enten de er plantet i bakken eller i potter.<\/p>\n<h2><strong>Protokoll for bruk<\/strong><\/h2>\n<p><strong>Anbefalt dosering <\/strong>:<\/p>\n<ul>\n<li><strong>Palmer og yucca p\u00e5 \u00e5pen mark <\/strong>: P\u00e5f\u00f8r 200 g gj\u00f8dsel per tre, avhengig av st\u00f8rrelse og alder.<\/li>\n<li><strong>Palmer og yucca i potter <\/strong>: Fordel 100 g per stor potte og 50 g for sm\u00e5 potter.<\/li>\n<li><strong>For masseplantinger <\/strong>: Bruk 200 g per m\u00b2 og s\u00f8rg for \u00e5 fordele gj\u00f8dselen jevnt.<\/li>\n<\/ul>\n<p><strong>P\u00e5f\u00f8ringsmetode :<\/strong><\/p>\n<ul>\n<li><strong>Ved direkte spredning <\/strong>: Fordel gj\u00f8dselen jevnt rundt bunnen av plantene, og unng\u00e5 direkte kontakt med stammen.<\/li>\n<li><strong>Ved innarbeiding i jord <\/strong>: Etter spredning, skrap lett p\u00e5 jordoverflaten for \u00e5 hjelpe granulatene til \u00e5 trenge inn og optimalisere rotopptaket.<\/li>\n<li><strong>Vanning etter p\u00e5f\u00f8ring <\/strong>: Vann sjener\u00f8st etter gj\u00f8dsling for \u00e5 aktivere frigj\u00f8ring av n\u00e6ringsstoffer og \u00f8ke spredningen i jorden.<\/li>\n<\/ul>\n<p><strong>S\u00f8knadsfrekvens <\/strong>:<\/p>\n<ul>\n<li><strong>Under aktiv vekstperiode (v\u00e5r-sommer) <\/strong>: P\u00e5f\u00f8r gj\u00f8dsel hver 6. til 8. uke for \u00e5 sikre en kontinuerlig tilf\u00f8rsel av viktige n\u00e6ringsstoffer.<\/li>\n<li><strong>Under hvileperioden (h\u00f8st-vinter) <\/strong>: Reduser p\u00e5f\u00f8ringsfrekvensen til en gang hver 3. m\u00e5ned for \u00e5 opprettholde plantehelsen uten \u00e5 oppmuntre til overdreven vekst.<\/li>\n<\/ul>\n<p><strong>Forholdsregler for bruk <\/strong>: Ikke overdosere gj\u00f8dsel for \u00e5 unng\u00e5 overfl\u00f8dig nitrogen, noe som kan f\u00f8re til overdreven bladvekst p\u00e5 bekostning av r\u00f8ttene. P\u00e5f\u00f8r bare p\u00e5 lett fuktig jord for optimal absorpsjon av n\u00e6ringsstoffer.<\/p>\n<p><strong>Lagring og konservering <\/strong>: Oppbevar gj\u00f8dselen p\u00e5 et t\u00f8rt sted, borte fra fuktighet og ekstreme temperaturer. Lukk posen godt etter hver bruk for \u00e5 bevare produktets effektivitet og unng\u00e5 tap av n\u00e6ringsstoffer.<\/p>\n<p>Med denne palme- og yucca-gj\u00f8dselen kan du gi plantene dine komplett og skreddersydd n\u00e6ring til deres spesifikke behov. Den sikrer kraftig vekst, frodig l\u00f8vverk og bedre motstandskraft mot klimatiske forhold. Det er den ideelle l\u00f8sningen for \u00e5 forbedre hagen, terrassen eller innend\u00f8rsomr\u00e5det ditt med sunne palmer og yucca \u00e5ret rundt.<\/p>","protected":false},"excerpt":{"rendered":"<p>A complete fertilizer for optimal growth and lush foliage.\u00a0Palms and yuccas are majestic plants that add an exotic touch to your garden, terrace or indoors. To ensure rapid growth, good health and vibrant foliage, it is essential to provide them with adequate nutrients. This NPK 10-10-10 fertilizer offers a complete and balanced nutrition with nitrogen [&hellip;]<\/p>\n","protected":false},"featured_media":26614,"comment_status":"open","ping_status":"closed","template":"","meta":{"_uag_custom_page_level_css":"","site-sidebar-layout":"default","site-content-layout":"","ast-site-content-layout":"default","site-content-style":"default","site-sidebar-style":"default","ast-global-header-display":"","ast-banner-title-visibility":"","ast-main-header-display":"","ast-hfb-above-header-display":"","ast-hfb-below-header-display":"","ast-hfb-mobile-header-display":"","site-post-title":"","ast-breadcrumbs-content":"","ast-featured-img":"","footer-sml-layout":"","ast-disable-related-posts":"","theme-transparent-header-meta":"default","adv-header-id-meta":"","stick-header-meta":"","header-above-stick-meta":"","header-main-stick-meta":"","header-below-stick-meta":"","astra-migrate-meta-layouts":"set","ast-page-background-enabled":"default","ast-page-background-meta":{"desktop":{"background-color":"var(--ast-global-color-4)","background-image":"","background-repeat":"repeat","background-position":"center center","background-size":"auto","background-attachment":"scroll","background-type":"","background-media":"","overlay-type":"","overlay-color":"","overlay-opacity":"","overlay-gradient":""},"tablet":{"background-color":"","background-image":"","background-repeat":"repeat","background-position":"center center","background-size":"auto","background-attachment":"scroll","background-type":"","background-media":"","overlay-type":"","overlay-color":"","overlay-opacity":"","overlay-gradient":""},"mobile":{"background-color":"","background-image":"","background-repeat":"repeat","background-position":"center center","background-size":"auto","background-attachment":"scroll","background-type":"","background-media":"","overlay-type":"","overlay-color":"","overlay-opacity":"","overlay-gradient":""}},"ast-content-background-meta":{"desktop":{"background-color":"var(--ast-global-color-5)","background-image":"","background-repeat":"repeat","background-position":"center center","background-size":"auto","background-attachment":"scroll","background-type":"","background-media":"","overlay-type":"","overlay-color":"","overlay-opacity":"","overlay-gradient":""},"tablet":{"background-color":"var(--ast-global-color-5)","background-image":"","background-repeat":"repeat","background-position":"center center","background-size":"auto","background-attachment":"scroll","background-type":"","background-media":"","overlay-type":"","overlay-color":"","overlay-opacity":"","overlay-gradient":""},"mobile":{"background-color":"var(--ast-global-color-5)","background-image":"","background-repeat":"repeat","background-position":"center center","background-size":"auto","background-attachment":"scroll","background-type":"","background-media":"","overlay-type":"","overlay-color":"","overlay-opacity":"","overlay-gradient":""}}},"product_brand":[],"product_cat":[178],"product_tag":[],"class_list":{"0":"post-24756","1":"product","2":"type-product","3":"status-publish","4":"has-post-thumbnail","6":"product_cat-fertilizers","7":"desktop-align-left","8":"tablet-align-left","9":"mobile-align-left","11":"first","12":"instock","13":"taxable","14":"shipping-taxable","15":"purchasable","16":"product-type-simple"},"spectra_custom_meta":{"_visibility":["visible"],"_shopify_product_id":["9068011847925"],"_s2w_shopify_domain":["ferberpainting.myshopify.com"],"_shopify_variant_id":["46509802815733"],"_sku":["FPPALMANDYUCCAFERTILIZER25KG"],"_regular_price":["39.90"],"_price":["39.90"],"_sale_price":[""],"_weight":["18.5"],"_thumbnail_id":["26614"],"_global_unique_id":["5056773817579"],"total_sales":["54"],"_tax_status":["taxable"],"_tax_class":[""],"_manage_stock":["no"],"_backorders":["no"],"_sold_individually":["no"],"_virtual":["no"],"_downloadable":["no"],"_download_limit":["-1"],"_download_expiry":["-1"],"_stock":[null],"_stock_status":["instock"],"_wc_average_rating":["5.00"],"_wc_review_count":["31"],"_product_version":["10.5.1"],"_wc_rating_count":["a:1:{i:5;i:31;}"],"_edit_lock":["1774761996:3822"],"merchant-center-availability":["yes"],"merchant-center-category":["113"],"_edit_last":["1"],"_wp_page_template":["default"],"site-sidebar-layout":["default"],"ast-site-content-layout":["default"],"site-content-style":["default"],"site-sidebar-style":["default"],"theme-transparent-header-meta":["default"],"astra-migrate-meta-layouts":["set"],"_uag_css_file_name":["uag-css-24756.css"],"_elementor_page_assets":["a:0:{}"],"_uag_page_assets":["a:9:{s:3:\"css\";s:6873:\".wp-block-uagb-image{display:flex}.wp-block-uagb-image__figure{position:relative;display:flex;flex-direction:column;max-width:100%;height:auto;margin:0}.wp-block-uagb-image__figure img{height:auto;display:flex;max-width:100%;transition:box-shadow .2s ease}.wp-block-uagb-image__figure>a{display:inline-block}.wp-block-uagb-image__figure figcaption{text-align:center;margin-top:.5em;margin-bottom:1em}.wp-block-uagb-image .components-placeholder.block-editor-media-placeholder .components-placeholder__instructions{align-self:center}.wp-block-uagb-image--align-left{text-align:left}.wp-block-uagb-image--align-right{text-align:right}.wp-block-uagb-image--align-center{text-align:center}.wp-block-uagb-image--align-full .wp-block-uagb-image__figure{margin-left:calc(50% - 50vw);margin-right:calc(50% - 50vw);max-width:100vw;width:100vw;height:auto}.wp-block-uagb-image--align-full .wp-block-uagb-image__figure img{height:auto;width:100% !important}.wp-block-uagb-image--align-wide .wp-block-uagb-image__figure img{height:auto;width:100%}.wp-block-uagb-image--layout-overlay__color-wrapper{position:absolute;left:0;top:0;right:0;bottom:0;opacity:.2;background:rgba(0,0,0,.5);transition:opacity .35s ease-in-out}.wp-block-uagb-image--layout-overlay-link{position:absolute;left:0;right:0;bottom:0;top:0}.wp-block-uagb-image--layout-overlay .wp-block-uagb-image__figure:hover .wp-block-uagb-image--layout-overlay__color-wrapper{opacity:1}.wp-block-uagb-image--layout-overlay__inner{position:absolute;left:15px;right:15px;bottom:15px;top:15px;display:flex;align-items:center;justify-content:center;flex-direction:column;border-color:#fff;transition:.35s ease-in-out}.wp-block-uagb-image--layout-overlay__inner.top-left,.wp-block-uagb-image--layout-overlay__inner.top-center,.wp-block-uagb-image--layout-overlay__inner.top-right{justify-content:flex-start}.wp-block-uagb-image--layout-overlay__inner.bottom-left,.wp-block-uagb-image--layout-overlay__inner.bottom-center,.wp-block-uagb-image--layout-overlay__inner.bottom-right{justify-content:flex-end}.wp-block-uagb-image--layout-overlay__inner.top-left,.wp-block-uagb-image--layout-overlay__inner.center-left,.wp-block-uagb-image--layout-overlay__inner.bottom-left{align-items:flex-start}.wp-block-uagb-image--layout-overlay__inner.top-right,.wp-block-uagb-image--layout-overlay__inner.center-right,.wp-block-uagb-image--layout-overlay__inner.bottom-right{align-items:flex-end}.wp-block-uagb-image--layout-overlay__inner .uagb-image-heading{color:#fff;transition:transform .35s,opacity .35s ease-in-out;transform:translate3d(0, 24px, 0);margin:0;line-height:1em}.wp-block-uagb-image--layout-overlay__inner .uagb-image-separator{width:30%;border-top-width:2px;border-top-color:#fff;border-top-style:solid;margin-bottom:10px;opacity:0;transition:transform .4s,opacity .4s ease-in-out;transform:translate3d(0, 30px, 0)}.wp-block-uagb-image--layout-overlay__inner .uagb-image-caption{opacity:0;overflow:visible;color:#fff;transition:transform .45s,opacity .45s ease-in-out;transform:translate3d(0, 35px, 0)}.wp-block-uagb-image--layout-overlay__inner:hover .uagb-image-heading,.wp-block-uagb-image--layout-overlay__inner:hover .uagb-image-separator,.wp-block-uagb-image--layout-overlay__inner:hover .uagb-image-caption{opacity:1;transform:translate3d(0, 0, 0)}.wp-block-uagb-image--effect-zoomin .wp-block-uagb-image__figure img,.wp-block-uagb-image--effect-zoomin .wp-block-uagb-image__figure .wp-block-uagb-image--layout-overlay__color-wrapper{transform:scale(1);transition:transform .35s ease-in-out}.wp-block-uagb-image--effect-zoomin .wp-block-uagb-image__figure:hover img,.wp-block-uagb-image--effect-zoomin .wp-block-uagb-image__figure:hover .wp-block-uagb-image--layout-overlay__color-wrapper{transform:scale(1.05)}.wp-block-uagb-image--effect-slide .wp-block-uagb-image__figure img,.wp-block-uagb-image--effect-slide .wp-block-uagb-image__figure .wp-block-uagb-image--layout-overlay__color-wrapper{width:calc(100% + 40px) !important;max-width:none !important;transform:translate3d(-40px, 0, 0);transition:transform .35s ease-in-out}.wp-block-uagb-image--effect-slide .wp-block-uagb-image__figure:hover img,.wp-block-uagb-image--effect-slide .wp-block-uagb-image__figure:hover .wp-block-uagb-image--layout-overlay__color-wrapper{transform:translate3d(0, 0, 0)}.wp-block-uagb-image--effect-grayscale img{filter:grayscale(0%);transition:.35s ease-in-out}.wp-block-uagb-image--effect-grayscale:hover img{filter:grayscale(100%)}.wp-block-uagb-image--effect-blur img{filter:blur(0);transition:.35s ease-in-out}.wp-block-uagb-image--effect-blur:hover img{filter:blur(3px)}.uagb-block-e6f939b3.wp-block-uagb-image--layout-default figure img{box-shadow: 0px 0px 0 #00000070;}.uagb-block-e6f939b3.wp-block-uagb-image .wp-block-uagb-image__figure figcaption{font-style: normal;align-self: center;}.uagb-block-e6f939b3.wp-block-uagb-image--layout-overlay figure img{box-shadow: 0px 0px 0 #00000070;}.uagb-block-e6f939b3.wp-block-uagb-image--layout-overlay .wp-block-uagb-image--layout-overlay__color-wrapper{opacity: 0.2;}.uagb-block-e6f939b3.wp-block-uagb-image--layout-overlay .wp-block-uagb-image--layout-overlay__inner{left: 15px;right: 15px;top: 15px;bottom: 15px;}.uagb-block-e6f939b3.wp-block-uagb-image--layout-overlay .wp-block-uagb-image--layout-overlay__inner .uagb-image-heading{font-style: normal;color: #fff;opacity: 1;}.uagb-block-e6f939b3.wp-block-uagb-image--layout-overlay .wp-block-uagb-image--layout-overlay__inner .uagb-image-heading a{color: #fff;}.uagb-block-e6f939b3.wp-block-uagb-image--layout-overlay .wp-block-uagb-image--layout-overlay__inner .uagb-image-caption{opacity: 0;}.uagb-block-e6f939b3.wp-block-uagb-image--layout-overlay .wp-block-uagb-image__figure:hover .wp-block-uagb-image--layout-overlay__color-wrapper{opacity: 1;}.uagb-block-e6f939b3.wp-block-uagb-image .wp-block-uagb-image--layout-overlay__inner .uagb-image-separator{width: 30%;border-top-width: 2px;border-top-color: #fff;opacity: 0;}.uagb-block-e6f939b3.wp-block-uagb-image .wp-block-uagb-image__figure img{width: px;height: auto;}.uagb-block-e6f939b3.wp-block-uagb-image .wp-block-uagb-image__figure:hover .wp-block-uagb-image--layout-overlay__inner .uagb-image-caption{opacity: 1;}.uagb-block-e6f939b3.wp-block-uagb-image .wp-block-uagb-image__figure:hover .wp-block-uagb-image--layout-overlay__inner .uagb-image-separator{opacity: 1;}.uagb-block-e6f939b3.wp-block-uagb-image--layout-default figure:hover img{box-shadow: 0px 0px 0 #00000070;}.uagb-block-e6f939b3.wp-block-uagb-image--layout-overlay figure:hover img{box-shadow: 0px 0px 0 #00000070;}@media only screen and (max-width: 976px) {.uagb-block-e6f939b3.wp-block-uagb-image .wp-block-uagb-image__figure img{width: px;height: auto;}}@media only screen and (max-width: 767px) {.uagb-block-e6f939b3.wp-block-uagb-image .wp-block-uagb-image__figure img{width: px;height: auto;}}\";s:2:\"js\";s:0:\"\";s:18:\"current_block_list\";a:13:{i:0;s:11:\"core\/search\";i:1;s:10:\"core\/group\";i:2;s:12:\"core\/heading\";i:3;s:17:\"core\/latest-posts\";i:4;s:20:\"core\/latest-comments\";i:5;s:13:\"core\/archives\";i:6;s:15:\"core\/categories\";i:7;s:14:\"core\/paragraph\";i:8;s:10:\"uagb\/image\";i:9;s:11:\"core\/spacer\";i:10;s:30:\"woocommerce\/product-categories\";i:11;s:10:\"core\/image\";i:12;s:14:\"core\/shortcode\";}s:8:\"uag_flag\";b:1;s:11:\"uag_version\";s:10:\"1777315608\";s:6:\"gfonts\";a:0:{}s:10:\"gfonts_url\";s:0:\"\";s:12:\"gfonts_files\";a:0:{}s:14:\"uag_faq_layout\";b:0;}"]},"uagb_featured_image_src":{"full":["https:\/\/www.ferberpainting.com\/wp-content\/uploads\/2025\/05\/PalmandYuccaFertilizer.png",2560,2560,false],"thumbnail":["https:\/\/www.ferberpainting.com\/wp-content\/uploads\/2025\/05\/PalmandYuccaFertilizer-150x150.png",150,150,true],"medium":["https:\/\/www.ferberpainting.com\/wp-content\/uploads\/2025\/05\/PalmandYuccaFertilizer-300x300.png",300,300,true],"medium_large":["https:\/\/www.ferberpainting.com\/wp-content\/uploads\/2025\/05\/PalmandYuccaFertilizer-768x768.png",768,768,true],"large":["https:\/\/www.ferberpainting.com\/wp-content\/uploads\/2025\/05\/PalmandYuccaFertilizer-1024x1024.png",1024,1024,true],"1536x1536":["https:\/\/www.ferberpainting.com\/wp-content\/uploads\/2025\/05\/PalmandYuccaFertilizer-1536x1536.png",1536,1536,true],"2048x2048":["https:\/\/www.ferberpainting.com\/wp-content\/uploads\/2025\/05\/PalmandYuccaFertilizer-2048x2048.png",2048,2048,true],"trp-custom-language-flag":["https:\/\/www.ferberpainting.com\/wp-content\/uploads\/2025\/05\/PalmandYuccaFertilizer-12x12.png",12,12,true],"woocommerce_thumbnail":["https:\/\/www.ferberpainting.com\/wp-content\/uploads\/2025\/05\/PalmandYuccaFertilizer-300x300.png",300,300,true],"woocommerce_single":["https:\/\/www.ferberpainting.com\/wp-content\/uploads\/2025\/05\/PalmandYuccaFertilizer-600x600.png",600,600,true],"woocommerce_gallery_thumbnail":["https:\/\/www.ferberpainting.com\/wp-content\/uploads\/2025\/05\/PalmandYuccaFertilizer-100x100.png",100,100,true]},"uagb_author_info":{"display_name":"admin","author_link":"https:\/\/www.ferberpainting.com\/no\/author\/"},"uagb_comment_info":31,"uagb_excerpt":"A complete fertilizer for optimal growth and lush foliage.\u00a0Palms and yuccas are majestic plants that add an exotic touch to your garden, terrace or indoors. To ensure rapid growth, good health and vibrant foliage, it is essential to provide them with adequate nutrients. This NPK 10-10-10 fertilizer offers a complete and balanced nutrition with nitrogen&hellip;","_links":{"self":[{"href":"https:\/\/www.ferberpainting.com\/no\/wp-json\/wp\/v2\/product\/24756","targetHints":{"allow":["GET"]}}],"collection":[{"href":"https:\/\/www.ferberpainting.com\/no\/wp-json\/wp\/v2\/product"}],"about":[{"href":"https:\/\/www.ferberpainting.com\/no\/wp-json\/wp\/v2\/types\/product"}],"replies":[{"embeddable":true,"href":"https:\/\/www.ferberpainting.com\/no\/wp-json\/wp\/v2\/comments?post=24756"}],"version-history":[{"count":5,"href":"https:\/\/www.ferberpainting.com\/no\/wp-json\/wp\/v2\/product\/24756\/revisions"}],"predecessor-version":[{"id":166686,"href":"https:\/\/www.ferberpainting.com\/no\/wp-json\/wp\/v2\/product\/24756\/revisions\/166686"}],"wp:featuredmedia":[{"embeddable":true,"href":"https:\/\/www.ferberpainting.com\/no\/wp-json\/wp\/v2\/media\/26614"}],"wp:attachment":[{"href":"https:\/\/www.ferberpainting.com\/no\/wp-json\/wp\/v2\/media?parent=24756"}],"wp:term":[{"taxonomy":"product_brand","embeddable":true,"href":"https:\/\/www.ferberpainting.com\/no\/wp-json\/wp\/v2\/product_brand?post=24756"},{"taxonomy":"product_cat","embeddable":true,"href":"https:\/\/www.ferberpainting.com\/no\/wp-json\/wp\/v2\/product_cat?post=24756"},{"taxonomy":"product_tag","embeddable":true,"href":"https:\/\/www.ferberpainting.com\/no\/wp-json\/wp\/v2\/product_tag?post=24756"}],"curies":[{"name":"wp","href":"https:\/\/api.w.org\/{rel}","templated":true}]}}