{"id":24714,"date":"2025-05-26T10:26:44","date_gmt":"2025-05-26T08:26:44","guid":{"rendered":"https:\/\/www.ferberpainting.com\/products\/monstera-fertilizer\/"},"modified":"2026-02-15T22:08:05","modified_gmt":"2026-02-15T21:08:05","slug":"monstera-fertilizer","status":"publish","type":"product","link":"https:\/\/www.ferberpainting.com\/no\/products\/monstera-fertilizer\/","title":{"rendered":"Monstera gj\u00f8dsel"},"content":{"rendered":"<p><strong><img decoding=\"async\" style=\"margin-right: 12px;\" src=\"https:\/\/www.ferberpainting.com\/wp-content\/uploads\/2026\/02\/Check.svg\" alt=\"\" width=\"18\" height=\"15\" \/>En gj\u00f8dsel spesielt utviklet for kraftig vekst og str\u00e5lende l\u00f8vverk.<\/strong>\u00a0Monstera, ogs\u00e5 kjent som \u201csveitserostplanten\u201d, er en tropisk plante som er verdsatt for sine store perforerte blader og unike estetikk. For \u00e5 sikre optimal vekst og et frodig bladverk er det viktig \u00e5 tilf\u00f8re planten de n\u00e6ringsstoffene den trenger. Denne NPK 15-15-15-gj\u00f8dselen gir en perfekt balansert mengde nitrogen (N), som fremmer bladutviklingen, fosfor (P), som stimulerer rotdannelsen og styrker plantestrukturen, og kalium (K), som forbedrer motstandsdyktigheten mot sykdommer og klimatiske variasjoner. Takket v\u00e6re denne gj\u00f8dselen vil monsteraen din utvikle st\u00f8rre blader, gr\u00f8nnere og mer perforerte, samtidig som den opprettholder optimal helse.<\/p>\n<p><strong><img decoding=\"async\" style=\"margin-right: 12px;\" src=\"https:\/\/www.ferberpainting.com\/wp-content\/uploads\/2026\/02\/Check.svg\" alt=\"\" width=\"18\" height=\"15\" \/>Pengene tilbake-garanti.<\/strong>\u00a0Vi er sikre p\u00e5 effektiviteten til v\u00e5r gj\u00f8dsel for monstera, og det er derfor vi tilbyr en pengene-tilbake-garanti. Hvis planten din ikke viser betydelig forbedring i vekst, vitalitet eller bladfarge etter bruk i samsvar med anbefalingene, forplikter vi oss til \u00e5 refundere deg uten \u00e5 n\u00f8le. Du kan kj\u00f8pe dette produktet med full trygghet og v\u00e6re sikker p\u00e5 et optimalt resultat.<\/p>\n<p><strong><img decoding=\"async\" style=\"margin-right: 12px;\" src=\"https:\/\/www.ferberpainting.com\/wp-content\/uploads\/2026\/02\/Check.svg\" alt=\"\" width=\"18\" height=\"15\" \/>Passer til alle sorter og dyrkingsmetoder.<\/strong>\u00a0Denne gj\u00f8dselen er ideell for alle monstera-sorter, inkludert monstera deliciosa, monstera adansonii, Monstera obliqua, monstera variegata og monstera borsigiana. Den er effektiv for planter dyrket innend\u00f8rs, i drivhus eller p\u00e5 en terrasse, og garanterer optimal gj\u00f8dsling uavhengig av milj\u00f8et. Den passer ogs\u00e5 perfekt til alle typer substrater, enten det er universaljord, drenerende jord eller en spesiell blanding for tropiske planter. Takket v\u00e6re sin allsidighet oppfyller den ern\u00e6ringsbehovene til monstera gjennom hele vekstsyklusen.<\/p>\n<p><strong><img decoding=\"async\" style=\"margin-right: 12px;\" src=\"https:\/\/www.ferberpainting.com\/wp-content\/uploads\/2026\/02\/Check.svg\" alt=\"\" width=\"18\" height=\"15\" \/>Kostnadseffektiv og langvarig effektiv gj\u00f8dsling.<\/strong>\u00a0Takket v\u00e6re den h\u00f8ykonsentrerte formuleringen kan du med en 5-liters flaske tilberede opptil 1000 liter gj\u00f8dsell\u00f8sning, noe som sikrer utvidet og \u00f8konomisk bruk. Med en presis dosering p\u00e5 5 ml per liter vann gir denne gj\u00f8dselen optimal gj\u00f8dsling uten overfl\u00f8dig, noe som maksimerer n\u00e6ringsopptaket av planten og reduserer avfall. Denne effektiviteten gj\u00f8r det mulig \u00e5 gi n\u00e6ring til et stort antall monstera og samtidig kontrollere gj\u00f8dslingskostnadene.<\/p>\n<p><strong><img decoding=\"async\" style=\"margin-right: 12px;\" src=\"https:\/\/www.ferberpainting.com\/wp-content\/uploads\/2026\/02\/Check.svg\" alt=\"\" width=\"18\" height=\"15\" \/>Et trygt og milj\u00f8vennlig gj\u00f8dselmiddel.<\/strong>\u00a0Denne gj\u00f8dselen er utviklet uten aggressive kjemiske produkter, og respekterer den naturlige jordbalansen og fremmer utviklingen av gunstige mikroorganismer. Den inneholder ingen giftige elementer som kan skade kj\u00e6ledyr eller barn, noe som sikrer trygg bruk i hjemmet eller p\u00e5 balkongen. I tillegg fremmer den levende jord og forbedrer rotenes opptakskapasitet, noe som bidrar til bedre n\u00e6ringsoppbevaring.<\/p>\n<p><strong><img decoding=\"async\" style=\"margin-right: 12px;\" src=\"https:\/\/www.ferberpainting.com\/wp-content\/uploads\/2026\/02\/Check.svg\" alt=\"\" width=\"18\" height=\"15\" \/>Enkel p\u00e5f\u00f8ring og uanstrengt gj\u00f8dsling.<\/strong>\u00a0I motsetning til fast gj\u00f8dsel som krever n\u00f8yaktig dosering og manuell spredning, l\u00f8ses denne gj\u00f8dselen umiddelbart opp i vann og p\u00e5f\u00f8res enkelt ved vanning eller bladspr\u00f8yting, noe som sikrer en jevn fordeling av n\u00e6ringsstoffene. Den enkle og raske p\u00e5f\u00f8ringsmetoden er like egnet for amat\u00f8rgartnere som for profesjonelle, noe som muliggj\u00f8r effektiv og uanstrengt gj\u00f8dsling.<\/p>\n<p><strong><img decoding=\"async\" style=\"margin-right: 12px;\" src=\"https:\/\/www.ferberpainting.com\/wp-content\/uploads\/2026\/02\/Check.svg\" alt=\"\" width=\"18\" height=\"15\" \/>Gradvis handling for tett l\u00f8vverk og en robust plante.<\/strong>\u00a0Takket v\u00e6re den progressive frigj\u00f8ringen av n\u00e6ringsstoffer tilf\u00f8rer denne gj\u00f8dselen monsteraen n\u00e6ring over flere uker, noe som sikrer jevn vekst og et lysere bladverk. Den bidrar ogs\u00e5 til \u00e5 styrke planten mot soppsykdommer, n\u00e6ringsmangel og perioder med vannstress.<\/p>\n<p><strong><img decoding=\"async\" style=\"margin-right: 12px;\" src=\"https:\/\/www.ferberpainting.com\/wp-content\/uploads\/2026\/02\/Check.svg\" alt=\"\" width=\"18\" height=\"15\" \/>Synlige resultater fra de f\u00f8rste ukene.<\/strong>\u00a0Allerede fra f\u00f8rste p\u00e5f\u00f8ring stimulerer denne gj\u00f8dselen fremveksten av nye skudd, fremmer bladutviklingen og forbedrer den generelle bladtettheten. I l\u00f8pet av bare noen f\u00e5 uker vil monsteraen din vokse raskere, med st\u00f8rre, gr\u00f8nnere og mer perforerte blader, noe som gir et spektakul\u00e6rt tropisk preg til interi\u00f8ret ditt.<\/p>\n<h2><strong>Protokoll for bruk<\/strong><\/h2>\n<p><strong>Fortynning av gj\u00f8dsel <\/strong>: Bland 5 ml gj\u00f8dsel per 1 liter vann. Rist l\u00f8sningen godt f\u00f8r hver p\u00e5f\u00f8ring for \u00e5 sikre en jevn fordeling av n\u00e6ringsstoffene.<\/p>\n<p><strong>P\u00e5f\u00f8ringsmetode <\/strong>:<\/p>\n<ul>\n<li><strong>Ved \u00e5 vanne <\/strong>: Hell den fortynnede l\u00f8sningen direkte p\u00e5 bunnen av monstera, og s\u00f8rg for \u00e5 fukte underlaget ordentlig uten overfl\u00f8dig for \u00e5 unng\u00e5 n\u00e6ringsavrenning.<\/li>\n<li><strong style=\"font-size: 16px;\">Ved spr\u00f8yting av blad (valgfritt) <\/strong><span style=\"font-size: 16px;\">: Spr\u00f8yt l\u00f8sningen lett p\u00e5 bladene, tidlig om morgenen eller sent p\u00e5 dagen, for \u00e5 maksimere absorpsjonen uten overdreven fordampning.<\/span><\/li>\n<\/ul>\n<p><strong>S\u00f8knadsfrekvens <\/strong>:<\/p>\n<ul>\n<li><strong>Under aktiv vekstperiode (v\u00e5r-sommer) <\/strong>: P\u00e5f\u00f8r gj\u00f8dsel annenhver uke for \u00e5 fremme frodig l\u00f8vverk og optimal vekst.<\/li>\n<li><strong style=\"font-size: 16px;\">Under vegetativ hvileperiode (h\u00f8st-vinter) <\/strong><span style=\"font-size: 16px;\">: Reduser frekvensen til \u00e9n gang i m\u00e5neden, for \u00e5 opprettholde monsteras helse uten \u00e5 stimulere til overdreven vekst.<\/span><\/li>\n<\/ul>\n<p><strong>Supplerende vanning <\/strong>: Etter p\u00e5f\u00f8ring av gj\u00f8dsel, vent 48 timer f\u00f8r neste vanning, for \u00e5 optimalisere n\u00e6ringsopptaket av r\u00f8ttene.<\/p>\n<p><strong>Forholdsregler for bruk <\/strong>: Ikke overskrid de anbefalte dosene for \u00e5 unng\u00e5 overdreven opphopning av mineralsalter i substratet, noe som kan redusere monsteras vekst. P\u00e5f\u00f8r bare p\u00e5 lett fuktig jord for \u00e5 sikre optimal absorpsjon av n\u00e6ringsstoffer.<\/p>\n<p><strong>Oppbevaring og konservering <\/strong>: Oppbevar gj\u00f8dselet p\u00e5 et t\u00f8rt og temperert sted, borte fra lys og fuktighet. Lukk alltid beholderen godt etter hver bruk for \u00e5 bevare produktets effektivitet og forhindre fordampning.<\/p>\n<p>Med denne monstera-gj\u00f8dselen gir du planten din komplett n\u00e6ring som passer perfekt til dens spesifikke behov, og sikrer kraftig vekst, str\u00e5lende l\u00f8vverk og bedre motstandskraft mot utend\u00f8rs forhold. Det er den ideelle l\u00f8sningen for \u00e5 forskj\u00f8nne interi\u00f8ret ditt med en sunn og frodig monstera, hele \u00e5ret.<\/p>","protected":false},"excerpt":{"rendered":"<p>A fertilizer specially designed for vigorous growth and radiant foliage.\u00a0The monstera, also known as the &#8220;Swiss cheese plant&#8221;, is a tropical plant appreciated for its large perforated leaves and unique aesthetic. To ensure optimal growth and lush foliage, it is essential to provide it with the nutrients it needs. This NPK 15-15-15 fertilizer provides a [&hellip;]<\/p>\n","protected":false},"featured_media":26592,"comment_status":"open","ping_status":"closed","template":"","meta":{"_uag_custom_page_level_css":"","site-sidebar-layout":"default","site-content-layout":"","ast-site-content-layout":"default","site-content-style":"default","site-sidebar-style":"default","ast-global-header-display":"","ast-banner-title-visibility":"","ast-main-header-display":"","ast-hfb-above-header-display":"","ast-hfb-below-header-display":"","ast-hfb-mobile-header-display":"","site-post-title":"","ast-breadcrumbs-content":"","ast-featured-img":"","footer-sml-layout":"","ast-disable-related-posts":"","theme-transparent-header-meta":"default","adv-header-id-meta":"","stick-header-meta":"","header-above-stick-meta":"","header-main-stick-meta":"","header-below-stick-meta":"","astra-migrate-meta-layouts":"set","ast-page-background-enabled":"default","ast-page-background-meta":{"desktop":{"background-color":"var(--ast-global-color-4)","background-image":"","background-repeat":"repeat","background-position":"center center","background-size":"auto","background-attachment":"scroll","background-type":"","background-media":"","overlay-type":"","overlay-color":"","overlay-opacity":"","overlay-gradient":""},"tablet":{"background-color":"","background-image":"","background-repeat":"repeat","background-position":"center center","background-size":"auto","background-attachment":"scroll","background-type":"","background-media":"","overlay-type":"","overlay-color":"","overlay-opacity":"","overlay-gradient":""},"mobile":{"background-color":"","background-image":"","background-repeat":"repeat","background-position":"center center","background-size":"auto","background-attachment":"scroll","background-type":"","background-media":"","overlay-type":"","overlay-color":"","overlay-opacity":"","overlay-gradient":""}},"ast-content-background-meta":{"desktop":{"background-color":"var(--ast-global-color-5)","background-image":"","background-repeat":"repeat","background-position":"center center","background-size":"auto","background-attachment":"scroll","background-type":"","background-media":"","overlay-type":"","overlay-color":"","overlay-opacity":"","overlay-gradient":""},"tablet":{"background-color":"var(--ast-global-color-5)","background-image":"","background-repeat":"repeat","background-position":"center center","background-size":"auto","background-attachment":"scroll","background-type":"","background-media":"","overlay-type":"","overlay-color":"","overlay-opacity":"","overlay-gradient":""},"mobile":{"background-color":"var(--ast-global-color-5)","background-image":"","background-repeat":"repeat","background-position":"center center","background-size":"auto","background-attachment":"scroll","background-type":"","background-media":"","overlay-type":"","overlay-color":"","overlay-opacity":"","overlay-gradient":""}}},"product_brand":[],"product_cat":[178],"product_tag":[],"class_list":{"0":"post-24714","1":"product","2":"type-product","3":"status-publish","4":"has-post-thumbnail","6":"product_cat-fertilizers","7":"desktop-align-left","8":"tablet-align-left","9":"mobile-align-left","11":"first","12":"instock","13":"sale","14":"taxable","15":"shipping-taxable","16":"purchasable","17":"product-type-variable","18":"has-default-attributes"},"spectra_custom_meta":{"_visibility":["visible"],"_shopify_product_id":["9067648450805"],"_s2w_shopify_domain":["ferberpainting.myshopify.com"],"_shopify_variant_id":["46508189810933"],"_sku":[""],"_manage_stock":["no"],"total_sales":["5"],"_tax_status":["taxable"],"_tax_class":[""],"_backorders":["no"],"_sold_individually":["no"],"_virtual":["no"],"_downloadable":["no"],"_download_limit":["-1"],"_download_expiry":["-1"],"_stock":[null],"_stock_status":["instock"],"_wc_average_rating":["4.86"],"_wc_review_count":["7"],"_product_attributes":["a:1:{s:6:\"volume\";a:6:{s:4:\"name\";s:6:\"Volume\";s:5:\"value\";s:20:\"5 liters | 25 liters\";s:8:\"position\";i:1;s:10:\"is_visible\";i:0;s:12:\"is_variation\";i:1;s:11:\"is_taxonomy\";i:0;}}"],"_product_version":["10.5.1"],"_thumbnail_id":["26592"],"_product_image_gallery":["26594"],"wpse_downloadable_file_names":[""],"wpse_downloadable_file_urls":[""],"_edit_last":["1"],"_default_attributes":["a:1:{s:6:\"volume\";s:8:\"5 liters\";}"],"_edit_lock":["1771189574:1"],"_price":["29.90","129.90"],"merchant-center-availability":["yes"],"merchant-center-category":["113"],"_wp_page_template":["default"],"site-sidebar-layout":["default"],"ast-site-content-layout":["default"],"site-content-style":["default"],"site-sidebar-style":["default"],"theme-transparent-header-meta":["default"],"_wc_rating_count":["a:2:{i:4;i:1;i:5;i:6;}"],"astra-migrate-meta-layouts":["set"],"_uag_css_file_name":["uag-css-24714.css"],"_elementor_page_assets":["a:0:{}"],"_uag_page_assets":["a:9:{s:3:\"css\";s:6873:\".wp-block-uagb-image{display:flex}.wp-block-uagb-image__figure{position:relative;display:flex;flex-direction:column;max-width:100%;height:auto;margin:0}.wp-block-uagb-image__figure img{height:auto;display:flex;max-width:100%;transition:box-shadow .2s ease}.wp-block-uagb-image__figure>a{display:inline-block}.wp-block-uagb-image__figure figcaption{text-align:center;margin-top:.5em;margin-bottom:1em}.wp-block-uagb-image .components-placeholder.block-editor-media-placeholder .components-placeholder__instructions{align-self:center}.wp-block-uagb-image--align-left{text-align:left}.wp-block-uagb-image--align-right{text-align:right}.wp-block-uagb-image--align-center{text-align:center}.wp-block-uagb-image--align-full .wp-block-uagb-image__figure{margin-left:calc(50% - 50vw);margin-right:calc(50% - 50vw);max-width:100vw;width:100vw;height:auto}.wp-block-uagb-image--align-full .wp-block-uagb-image__figure img{height:auto;width:100% !important}.wp-block-uagb-image--align-wide .wp-block-uagb-image__figure img{height:auto;width:100%}.wp-block-uagb-image--layout-overlay__color-wrapper{position:absolute;left:0;top:0;right:0;bottom:0;opacity:.2;background:rgba(0,0,0,.5);transition:opacity .35s ease-in-out}.wp-block-uagb-image--layout-overlay-link{position:absolute;left:0;right:0;bottom:0;top:0}.wp-block-uagb-image--layout-overlay .wp-block-uagb-image__figure:hover .wp-block-uagb-image--layout-overlay__color-wrapper{opacity:1}.wp-block-uagb-image--layout-overlay__inner{position:absolute;left:15px;right:15px;bottom:15px;top:15px;display:flex;align-items:center;justify-content:center;flex-direction:column;border-color:#fff;transition:.35s ease-in-out}.wp-block-uagb-image--layout-overlay__inner.top-left,.wp-block-uagb-image--layout-overlay__inner.top-center,.wp-block-uagb-image--layout-overlay__inner.top-right{justify-content:flex-start}.wp-block-uagb-image--layout-overlay__inner.bottom-left,.wp-block-uagb-image--layout-overlay__inner.bottom-center,.wp-block-uagb-image--layout-overlay__inner.bottom-right{justify-content:flex-end}.wp-block-uagb-image--layout-overlay__inner.top-left,.wp-block-uagb-image--layout-overlay__inner.center-left,.wp-block-uagb-image--layout-overlay__inner.bottom-left{align-items:flex-start}.wp-block-uagb-image--layout-overlay__inner.top-right,.wp-block-uagb-image--layout-overlay__inner.center-right,.wp-block-uagb-image--layout-overlay__inner.bottom-right{align-items:flex-end}.wp-block-uagb-image--layout-overlay__inner .uagb-image-heading{color:#fff;transition:transform .35s,opacity .35s ease-in-out;transform:translate3d(0, 24px, 0);margin:0;line-height:1em}.wp-block-uagb-image--layout-overlay__inner .uagb-image-separator{width:30%;border-top-width:2px;border-top-color:#fff;border-top-style:solid;margin-bottom:10px;opacity:0;transition:transform .4s,opacity .4s ease-in-out;transform:translate3d(0, 30px, 0)}.wp-block-uagb-image--layout-overlay__inner .uagb-image-caption{opacity:0;overflow:visible;color:#fff;transition:transform .45s,opacity .45s ease-in-out;transform:translate3d(0, 35px, 0)}.wp-block-uagb-image--layout-overlay__inner:hover .uagb-image-heading,.wp-block-uagb-image--layout-overlay__inner:hover .uagb-image-separator,.wp-block-uagb-image--layout-overlay__inner:hover .uagb-image-caption{opacity:1;transform:translate3d(0, 0, 0)}.wp-block-uagb-image--effect-zoomin .wp-block-uagb-image__figure img,.wp-block-uagb-image--effect-zoomin .wp-block-uagb-image__figure .wp-block-uagb-image--layout-overlay__color-wrapper{transform:scale(1);transition:transform .35s ease-in-out}.wp-block-uagb-image--effect-zoomin .wp-block-uagb-image__figure:hover img,.wp-block-uagb-image--effect-zoomin .wp-block-uagb-image__figure:hover .wp-block-uagb-image--layout-overlay__color-wrapper{transform:scale(1.05)}.wp-block-uagb-image--effect-slide .wp-block-uagb-image__figure img,.wp-block-uagb-image--effect-slide .wp-block-uagb-image__figure .wp-block-uagb-image--layout-overlay__color-wrapper{width:calc(100% + 40px) !important;max-width:none !important;transform:translate3d(-40px, 0, 0);transition:transform .35s ease-in-out}.wp-block-uagb-image--effect-slide .wp-block-uagb-image__figure:hover img,.wp-block-uagb-image--effect-slide .wp-block-uagb-image__figure:hover .wp-block-uagb-image--layout-overlay__color-wrapper{transform:translate3d(0, 0, 0)}.wp-block-uagb-image--effect-grayscale img{filter:grayscale(0%);transition:.35s ease-in-out}.wp-block-uagb-image--effect-grayscale:hover img{filter:grayscale(100%)}.wp-block-uagb-image--effect-blur img{filter:blur(0);transition:.35s ease-in-out}.wp-block-uagb-image--effect-blur:hover img{filter:blur(3px)}.uagb-block-e6f939b3.wp-block-uagb-image--layout-default figure img{box-shadow: 0px 0px 0 #00000070;}.uagb-block-e6f939b3.wp-block-uagb-image .wp-block-uagb-image__figure figcaption{font-style: normal;align-self: center;}.uagb-block-e6f939b3.wp-block-uagb-image--layout-overlay figure img{box-shadow: 0px 0px 0 #00000070;}.uagb-block-e6f939b3.wp-block-uagb-image--layout-overlay .wp-block-uagb-image--layout-overlay__color-wrapper{opacity: 0.2;}.uagb-block-e6f939b3.wp-block-uagb-image--layout-overlay .wp-block-uagb-image--layout-overlay__inner{left: 15px;right: 15px;top: 15px;bottom: 15px;}.uagb-block-e6f939b3.wp-block-uagb-image--layout-overlay .wp-block-uagb-image--layout-overlay__inner .uagb-image-heading{font-style: normal;color: #fff;opacity: 1;}.uagb-block-e6f939b3.wp-block-uagb-image--layout-overlay .wp-block-uagb-image--layout-overlay__inner .uagb-image-heading a{color: #fff;}.uagb-block-e6f939b3.wp-block-uagb-image--layout-overlay .wp-block-uagb-image--layout-overlay__inner .uagb-image-caption{opacity: 0;}.uagb-block-e6f939b3.wp-block-uagb-image--layout-overlay .wp-block-uagb-image__figure:hover .wp-block-uagb-image--layout-overlay__color-wrapper{opacity: 1;}.uagb-block-e6f939b3.wp-block-uagb-image .wp-block-uagb-image--layout-overlay__inner .uagb-image-separator{width: 30%;border-top-width: 2px;border-top-color: #fff;opacity: 0;}.uagb-block-e6f939b3.wp-block-uagb-image .wp-block-uagb-image__figure img{width: px;height: auto;}.uagb-block-e6f939b3.wp-block-uagb-image .wp-block-uagb-image__figure:hover .wp-block-uagb-image--layout-overlay__inner .uagb-image-caption{opacity: 1;}.uagb-block-e6f939b3.wp-block-uagb-image .wp-block-uagb-image__figure:hover .wp-block-uagb-image--layout-overlay__inner .uagb-image-separator{opacity: 1;}.uagb-block-e6f939b3.wp-block-uagb-image--layout-default figure:hover img{box-shadow: 0px 0px 0 #00000070;}.uagb-block-e6f939b3.wp-block-uagb-image--layout-overlay figure:hover img{box-shadow: 0px 0px 0 #00000070;}@media only screen and (max-width: 976px) {.uagb-block-e6f939b3.wp-block-uagb-image .wp-block-uagb-image__figure img{width: px;height: auto;}}@media only screen and (max-width: 767px) {.uagb-block-e6f939b3.wp-block-uagb-image .wp-block-uagb-image__figure img{width: px;height: auto;}}\";s:2:\"js\";s:0:\"\";s:18:\"current_block_list\";a:13:{i:0;s:11:\"core\/search\";i:1;s:10:\"core\/group\";i:2;s:12:\"core\/heading\";i:3;s:17:\"core\/latest-posts\";i:4;s:20:\"core\/latest-comments\";i:5;s:13:\"core\/archives\";i:6;s:15:\"core\/categories\";i:7;s:14:\"core\/paragraph\";i:8;s:10:\"uagb\/image\";i:9;s:11:\"core\/spacer\";i:10;s:30:\"woocommerce\/product-categories\";i:11;s:10:\"core\/image\";i:12;s:14:\"core\/shortcode\";}s:8:\"uag_flag\";b:1;s:11:\"uag_version\";s:10:\"1777319448\";s:6:\"gfonts\";a:0:{}s:10:\"gfonts_url\";s:0:\"\";s:12:\"gfonts_files\";a:0:{}s:14:\"uag_faq_layout\";b:0;}"]},"uagb_featured_image_src":{"full":["https:\/\/www.ferberpainting.com\/wp-content\/uploads\/2025\/05\/MonsteraFertilizer5L.png",2560,2560,false],"thumbnail":["https:\/\/www.ferberpainting.com\/wp-content\/uploads\/2025\/05\/MonsteraFertilizer5L-150x150.png",150,150,true],"medium":["https:\/\/www.ferberpainting.com\/wp-content\/uploads\/2025\/05\/MonsteraFertilizer5L-300x300.png",300,300,true],"medium_large":["https:\/\/www.ferberpainting.com\/wp-content\/uploads\/2025\/05\/MonsteraFertilizer5L-768x768.png",768,768,true],"large":["https:\/\/www.ferberpainting.com\/wp-content\/uploads\/2025\/05\/MonsteraFertilizer5L-1024x1024.png",1024,1024,true],"1536x1536":["https:\/\/www.ferberpainting.com\/wp-content\/uploads\/2025\/05\/MonsteraFertilizer5L-1536x1536.png",1536,1536,true],"2048x2048":["https:\/\/www.ferberpainting.com\/wp-content\/uploads\/2025\/05\/MonsteraFertilizer5L-2048x2048.png",2048,2048,true],"trp-custom-language-flag":["https:\/\/www.ferberpainting.com\/wp-content\/uploads\/2025\/05\/MonsteraFertilizer5L-12x12.png",12,12,true],"woocommerce_thumbnail":["https:\/\/www.ferberpainting.com\/wp-content\/uploads\/2025\/05\/MonsteraFertilizer5L-300x300.png",300,300,true],"woocommerce_single":["https:\/\/www.ferberpainting.com\/wp-content\/uploads\/2025\/05\/MonsteraFertilizer5L-600x600.png",600,600,true],"woocommerce_gallery_thumbnail":["https:\/\/www.ferberpainting.com\/wp-content\/uploads\/2025\/05\/MonsteraFertilizer5L-100x100.png",100,100,true]},"uagb_author_info":{"display_name":"admin","author_link":"https:\/\/www.ferberpainting.com\/no\/author\/"},"uagb_comment_info":7,"uagb_excerpt":"A fertilizer specially designed for vigorous growth and radiant foliage.\u00a0The monstera, also known as the &#8220;Swiss cheese plant&#8221;, is a tropical plant appreciated for its large perforated leaves and unique aesthetic. To ensure optimal growth and lush foliage, it is essential to provide it with the nutrients it needs. This NPK 15-15-15 fertilizer provides a&hellip;","_links":{"self":[{"href":"https:\/\/www.ferberpainting.com\/no\/wp-json\/wp\/v2\/product\/24714","targetHints":{"allow":["GET"]}}],"collection":[{"href":"https:\/\/www.ferberpainting.com\/no\/wp-json\/wp\/v2\/product"}],"about":[{"href":"https:\/\/www.ferberpainting.com\/no\/wp-json\/wp\/v2\/types\/product"}],"replies":[{"embeddable":true,"href":"https:\/\/www.ferberpainting.com\/no\/wp-json\/wp\/v2\/comments?post=24714"}],"version-history":[{"count":4,"href":"https:\/\/www.ferberpainting.com\/no\/wp-json\/wp\/v2\/product\/24714\/revisions"}],"predecessor-version":[{"id":166608,"href":"https:\/\/www.ferberpainting.com\/no\/wp-json\/wp\/v2\/product\/24714\/revisions\/166608"}],"wp:featuredmedia":[{"embeddable":true,"href":"https:\/\/www.ferberpainting.com\/no\/wp-json\/wp\/v2\/media\/26592"}],"wp:attachment":[{"href":"https:\/\/www.ferberpainting.com\/no\/wp-json\/wp\/v2\/media?parent=24714"}],"wp:term":[{"taxonomy":"product_brand","embeddable":true,"href":"https:\/\/www.ferberpainting.com\/no\/wp-json\/wp\/v2\/product_brand?post=24714"},{"taxonomy":"product_cat","embeddable":true,"href":"https:\/\/www.ferberpainting.com\/no\/wp-json\/wp\/v2\/product_cat?post=24714"},{"taxonomy":"product_tag","embeddable":true,"href":"https:\/\/www.ferberpainting.com\/no\/wp-json\/wp\/v2\/product_tag?post=24714"}],"curies":[{"name":"wp","href":"https:\/\/api.w.org\/{rel}","templated":true}]}}