{"id":24711,"date":"2025-05-26T10:26:44","date_gmt":"2025-05-26T08:26:44","guid":{"rendered":"https:\/\/www.ferberpainting.com\/products\/money-tree-fertilizer\/"},"modified":"2026-02-15T22:05:22","modified_gmt":"2026-02-15T21:05:22","slug":"money-tree-fertilizer","status":"publish","type":"product","link":"https:\/\/www.ferberpainting.com\/no\/products\/money-tree-fertilizer\/","title":{"rendered":"Pengetregj\u00f8dsel"},"content":{"rendered":"<p><strong><img decoding=\"async\" style=\"margin-right: 12px;\" src=\"https:\/\/www.ferberpainting.com\/wp-content\/uploads\/2026\/02\/Check.svg\" alt=\"\" width=\"18\" height=\"15\" \/>En balansert gj\u00f8dsel for en sterk og frodig pachira.<\/strong>\u00a0Pachira aquatica, ogs\u00e5 kjent som \u201cpengetreet\u201d, er en popul\u00e6r potteplante som er verdsatt for sin flettede stamme og skinnende, tette l\u00f8vverk. For \u00e5 sikre en kraftig vekst og harmonisk utvikling er det viktig \u00e5 gi den passende n\u00e6ring. Denne NPK 15-15-15-gj\u00f8dselen gir den perfekte balansen mellom nitrogen (N) for \u00e5 stimulere bladverket, fosfor (P) for \u00e5 styrke r\u00f8ttene og kalium (K) for \u00e5 \u00f8ke motstandsdyktigheten mot sykdommer og temperaturvariasjoner. Takket v\u00e6re denne komplette sammensetningen vil pachiraen din f\u00e5 et levende bladverk, lengre levetid og optimal utvikling.<\/p>\n<p><strong><img decoding=\"async\" style=\"margin-right: 12px;\" src=\"https:\/\/www.ferberpainting.com\/wp-content\/uploads\/2026\/02\/Check.svg\" alt=\"\" width=\"18\" height=\"15\" \/>Pengene tilbake-garanti.<\/strong>\u00a0Vi har full tillit til effektiviteten til gj\u00f8dsel for pachira, og det er derfor vi tilbyr en pengene-tilbake-garanti. Hvis du etter regelmessig bruk og i samsvar med v\u00e5re anbefalinger ikke merker en betydelig forbedring i plantens vekst og vitalitet, lover vi \u00e5 refundere deg.<\/p>\n<p><strong><img decoding=\"async\" style=\"margin-right: 12px;\" src=\"https:\/\/www.ferberpainting.com\/wp-content\/uploads\/2026\/02\/Check.svg\" alt=\"\" width=\"18\" height=\"15\" \/>Egnet for alle typer underlag og milj\u00f8er.<\/strong>\u00a0Denne gj\u00f8dselen er allsidig og effektiv p\u00e5 alle jord- og substrattyper, enten det er universell pottejord, godt drenerende blanding for eksotiske planter eller til og med spesielle substrater for tropiske planter. Den er ogs\u00e5 egnet for pachiras som dyrkes i potter innend\u00f8rs eller p\u00e5 friland i varme og fuktige klimaer. Takket v\u00e6re den balanserte sammensetningen er den kompatibel med alle typer vanning og endrer ikke jord- eller substratstrukturen.<\/p>\n<p><strong><img decoding=\"async\" style=\"margin-right: 12px;\" src=\"https:\/\/www.ferberpainting.com\/wp-content\/uploads\/2026\/02\/Check.svg\" alt=\"\" width=\"18\" height=\"15\" \/>Utmerket \u00f8konomisk verdi og langvarig effekt.<\/strong>\u00a0Denne gj\u00f8dselen kommer i flytende form for \u00e5 fortynne, noe som muliggj\u00f8r rask og effektiv absorpsjon av r\u00f8ttene. Med et utbytte p\u00e5 5 ml per liter vann, gir en 5-liters boks opptil 1000 liter bruksferdig l\u00f8sning, noe som sikrer gj\u00f8dsling som varer i flere m\u00e5neder. Den konsentrerte formelen forhindrer avfall og sikrer en gradvis og konstant n\u00e6ringstilf\u00f8rsel.<\/p>\n<p><strong><img decoding=\"async\" style=\"margin-right: 12px;\" src=\"https:\/\/www.ferberpainting.com\/wp-content\/uploads\/2026\/02\/Check.svg\" alt=\"\" width=\"18\" height=\"15\" \/>Et giftfritt og milj\u00f8vennlig gj\u00f8dselmiddel.<\/strong>\u00a0Denne gj\u00f8dselen inneholder ingen aggressive kjemikalier, noe som gj\u00f8r den til et trygt og milj\u00f8vennlig valg for pachiraen din og interi\u00f8ret ditt. Den er utviklet for \u00e5 respektere jordbalansen samtidig som den fremmer det mikrobielle biologiske mangfoldet som er avgj\u00f8rende for sunne r\u00f8tter. Den avgir ingen sterk lukt og utgj\u00f8r ingen fare for kj\u00e6ledyr, noe som sikrer helt trygg bruk.<\/p>\n<p><strong><img decoding=\"async\" style=\"margin-right: 12px;\" src=\"https:\/\/www.ferberpainting.com\/wp-content\/uploads\/2026\/02\/Check.svg\" alt=\"\" width=\"18\" height=\"15\" \/>Enkel \u00e5 p\u00e5f\u00f8re og gj\u00f8dsle uten anstrengelse.<\/strong>\u00a0I motsetning til fast gj\u00f8dsel som m\u00e5 inkorporeres i jorden, fortynnes denne flytende gj\u00f8dselen ganske enkelt i vanningsvannet. Bare tilsett den anbefalte dosen og vanne pachiraen din som vanlig. Den raske og effektive p\u00e5f\u00f8ringen er egnet for b\u00e5de nybegynnere og elskere av tropiske planter.<\/p>\n<p><strong><img decoding=\"async\" style=\"margin-right: 12px;\" src=\"https:\/\/www.ferberpainting.com\/wp-content\/uploads\/2026\/02\/Check.svg\" alt=\"\" width=\"18\" height=\"15\" \/>Et raskt tiltak for synlige resultater i l\u00f8pet av f\u00e5 uker.<\/strong>\u00a0Allerede fra de f\u00f8rste ukene vil du se raskere vekst, tettere og mer fargerikt bladverk og en mer intens gr\u00f8nnfarge. Takket v\u00e6re den raske rotassimileringen oppmuntrer denne gj\u00f8dselen til ny bladproduksjon og styrker plantens struktur. Det hjelper ogs\u00e5 med \u00e5 akselerere utvinningen av svekkede pachiras og redusere risikoen for gulfarging eller bladtap.<\/p>\n<p><strong><img decoding=\"async\" style=\"margin-right: 12px;\" src=\"https:\/\/www.ferberpainting.com\/wp-content\/uploads\/2026\/02\/Check.svg\" alt=\"\" width=\"18\" height=\"15\" \/>B\u00e6rekraftig gj\u00f8dsling for kontinuerlig vekst.<\/strong>\u00a0Takket v\u00e6re den gradvise frigj\u00f8ringen av n\u00e6ringsstoffer gir denne gj\u00f8dselen konstant n\u00e6ring i flere uker, slik at du unng\u00e5r mangel og sikrer jevn vekst. Den \u00f8ker pachiraens motstandskraft mot skiftende klima, skadedyr og sykdommer, noe som sikrer en sunn plante hele \u00e5ret.<\/p>\n<h2>Instruksjoner<\/h2>\n<p><strong>Anbefalt dosering <\/strong>:<\/p>\n<ul>\n<li><strong>Pachira i gryte <\/strong>: Fortynn 5 ml gj\u00f8dsel i 1 liter vann.<br \/>\n<strong>Pachira i bakken<\/strong>: P\u00e5f\u00f8r den tilberedte l\u00f8sningen direkte p\u00e5 bunnen av planten.<\/li>\n<li><strong>Unge planter <\/strong>: Reduser dosen til 2,5 ml per liter vann for \u00e5 unng\u00e5 overgj\u00f8dsling.<\/li>\n<\/ul>\n<p><strong>P\u00e5f\u00f8ringsmetode <\/strong>:<\/p>\n<ul>\n<li><strong>Ved \u00e5 vanne <\/strong>: Hell n\u00e6ringsl\u00f8sningen rundt bunnen av pachira, og unng\u00e5 overdreven fukting av bladene.<\/li>\n<li><strong>Ved bladspray<\/strong> (som et supplement) : Spray lett en veldig fortynnet l\u00f8sning (1 ml per liter) p\u00e5 bladene for \u00e5 \u00f8ke n\u00e6ringsopptaket.<\/li>\n<\/ul>\n<p><strong>S\u00f8knadsfrekvens <\/strong>:<\/p>\n<ul>\n<li><strong>Under aktiv vekstperiode (v\u00e5r-sommer) <\/strong>: P\u00e5f\u00f8r gj\u00f8dsel hver 15. dag for \u00e5 stimulere veksten og dannelsen av nye blader.<\/li>\n<li><strong>Under hvileperioden (h\u00f8st-vinter) <\/strong>: Reduser p\u00e5f\u00f8ringen til en gang i m\u00e5neden for \u00e5 opprettholde livskraften uten \u00e5 overstimulere planten.<\/li>\n<\/ul>\n<p><strong>Forholdsregler for bruk <\/strong>: Ikke overdos\u00e9r gj\u00f8dselen for \u00e5 unng\u00e5 overskudd av n\u00e6ringsstoffer som kan brenne r\u00f8ttene eller for\u00e5rsake ubalansert bladutvikling. Vann alltid etter p\u00e5f\u00f8ring for \u00e5 sikre bedre diffusjon av n\u00e6ringsstoffer.<\/p>\n<p><strong>Oppbevaring og konservering <\/strong>: Oppbevar gj\u00f8dselen p\u00e5 et kj\u00f8lig, t\u00f8rt sted, borte fra direkte lys og ekstreme temperaturer. Lukk alltid beholderen godt etter hver bruk for \u00e5 bevare produktets effektivitet.<\/p>\n<p>Med denne gj\u00f8dselen for pachira gir du den tropiske planten din et komplett og balansert kosthold, noe som sikrer frodig l\u00f8vverk, kraftig vekst og bedre motstandskraft mot ytre aggresjoner. Enten det er i en potte eller i bakken, denne n\u00e6ringsl\u00f8sningen er enkel \u00e5 bruke og kostnadseffektiv, slik at du kan ta vare p\u00e5 planten din med enkelhet og effektivitet.<\/p>","protected":false},"excerpt":{"rendered":"<p>A balanced fertilizer for a strong and lush pachira.\u00a0Pachira aquatica, also known as the &#8220;money tree,&#8221; is a popular houseplant appreciated for its braided trunk and shiny, dense foliage. To ensure vigorous growth and harmonious development, it is essential to provide it with suitable nutrition. This NPK 15-15-15 fertilizer provides the perfect balance of nitrogen [&hellip;]<\/p>\n","protected":false},"featured_media":26589,"comment_status":"open","ping_status":"closed","template":"","meta":{"_uag_custom_page_level_css":"","site-sidebar-layout":"default","site-content-layout":"","ast-site-content-layout":"default","site-content-style":"default","site-sidebar-style":"default","ast-global-header-display":"","ast-banner-title-visibility":"","ast-main-header-display":"","ast-hfb-above-header-display":"","ast-hfb-below-header-display":"","ast-hfb-mobile-header-display":"","site-post-title":"","ast-breadcrumbs-content":"","ast-featured-img":"","footer-sml-layout":"","ast-disable-related-posts":"","theme-transparent-header-meta":"default","adv-header-id-meta":"","stick-header-meta":"","header-above-stick-meta":"","header-main-stick-meta":"","header-below-stick-meta":"","astra-migrate-meta-layouts":"set","ast-page-background-enabled":"default","ast-page-background-meta":{"desktop":{"background-color":"var(--ast-global-color-4)","background-image":"","background-repeat":"repeat","background-position":"center center","background-size":"auto","background-attachment":"scroll","background-type":"","background-media":"","overlay-type":"","overlay-color":"","overlay-opacity":"","overlay-gradient":""},"tablet":{"background-color":"","background-image":"","background-repeat":"repeat","background-position":"center center","background-size":"auto","background-attachment":"scroll","background-type":"","background-media":"","overlay-type":"","overlay-color":"","overlay-opacity":"","overlay-gradient":""},"mobile":{"background-color":"","background-image":"","background-repeat":"repeat","background-position":"center center","background-size":"auto","background-attachment":"scroll","background-type":"","background-media":"","overlay-type":"","overlay-color":"","overlay-opacity":"","overlay-gradient":""}},"ast-content-background-meta":{"desktop":{"background-color":"var(--ast-global-color-5)","background-image":"","background-repeat":"repeat","background-position":"center center","background-size":"auto","background-attachment":"scroll","background-type":"","background-media":"","overlay-type":"","overlay-color":"","overlay-opacity":"","overlay-gradient":""},"tablet":{"background-color":"var(--ast-global-color-5)","background-image":"","background-repeat":"repeat","background-position":"center center","background-size":"auto","background-attachment":"scroll","background-type":"","background-media":"","overlay-type":"","overlay-color":"","overlay-opacity":"","overlay-gradient":""},"mobile":{"background-color":"var(--ast-global-color-5)","background-image":"","background-repeat":"repeat","background-position":"center center","background-size":"auto","background-attachment":"scroll","background-type":"","background-media":"","overlay-type":"","overlay-color":"","overlay-opacity":"","overlay-gradient":""}}},"product_brand":[],"product_cat":[178],"product_tag":[],"class_list":{"0":"post-24711","1":"product","2":"type-product","3":"status-publish","4":"has-post-thumbnail","6":"product_cat-fertilizers","7":"desktop-align-left","8":"tablet-align-left","9":"mobile-align-left","11":"first","12":"instock","13":"sale","14":"taxable","15":"shipping-taxable","16":"purchasable","17":"product-type-variable","18":"has-default-attributes"},"spectra_custom_meta":{"_visibility":["visible"],"_shopify_product_id":["9068022006005"],"_s2w_shopify_domain":["ferberpainting.myshopify.com"],"_shopify_variant_id":["46509848264949"],"_sku":[""],"_manage_stock":["no"],"total_sales":["2"],"_tax_status":["taxable"],"_tax_class":[""],"_backorders":["no"],"_sold_individually":["no"],"_virtual":["no"],"_downloadable":["no"],"_download_limit":["-1"],"_download_expiry":["-1"],"_stock":[null],"_stock_status":["instock"],"_wc_average_rating":["4.71"],"_wc_review_count":["7"],"_product_attributes":["a:1:{s:6:\"volume\";a:6:{s:4:\"name\";s:6:\"Volume\";s:5:\"value\";s:20:\"5 liters | 25 liters\";s:8:\"position\";i:1;s:10:\"is_visible\";i:0;s:12:\"is_variation\";i:1;s:11:\"is_taxonomy\";i:0;}}"],"_product_version":["10.5.1"],"_thumbnail_id":["26589"],"_product_image_gallery":["26590"],"wpse_downloadable_file_names":[""],"wpse_downloadable_file_urls":[""],"_edit_last":["1"],"_default_attributes":["a:1:{s:6:\"volume\";s:8:\"5 liters\";}"],"_edit_lock":["1771189570:1"],"_price":["29.90","129.90"],"merchant-center-availability":["yes"],"merchant-center-category":["113"],"_wp_page_template":["default"],"site-sidebar-layout":["default"],"ast-site-content-layout":["default"],"site-content-style":["default"],"site-sidebar-style":["default"],"theme-transparent-header-meta":["default"],"_wc_rating_count":["a:2:{i:4;i:2;i:5;i:5;}"],"astra-migrate-meta-layouts":["set"],"_uag_css_file_name":["uag-css-24711.css"],"_elementor_page_assets":["a:0:{}"],"_uag_page_assets":["a:9:{s:3:\"css\";s:7133:\".uag-blocks-common-selector{z-index:var(--z-index-desktop) !important}@media(max-width: 976px){.uag-blocks-common-selector{z-index:var(--z-index-tablet) !important}}@media(max-width: 767px){.uag-blocks-common-selector{z-index:var(--z-index-mobile) !important}}.wp-block-uagb-image{display:flex}.wp-block-uagb-image__figure{position:relative;display:flex;flex-direction:column;max-width:100%;height:auto;margin:0}.wp-block-uagb-image__figure img{height:auto;display:flex;max-width:100%;transition:box-shadow .2s ease}.wp-block-uagb-image__figure>a{display:inline-block}.wp-block-uagb-image__figure figcaption{text-align:center;margin-top:.5em;margin-bottom:1em}.wp-block-uagb-image .components-placeholder.block-editor-media-placeholder .components-placeholder__instructions{align-self:center}.wp-block-uagb-image--align-left{text-align:left}.wp-block-uagb-image--align-right{text-align:right}.wp-block-uagb-image--align-center{text-align:center}.wp-block-uagb-image--align-full .wp-block-uagb-image__figure{margin-left:calc(50% - 50vw);margin-right:calc(50% - 50vw);max-width:100vw;width:100vw;height:auto}.wp-block-uagb-image--align-full .wp-block-uagb-image__figure img{height:auto;width:100% !important}.wp-block-uagb-image--align-wide .wp-block-uagb-image__figure img{height:auto;width:100%}.wp-block-uagb-image--layout-overlay__color-wrapper{position:absolute;left:0;top:0;right:0;bottom:0;opacity:.2;background:rgba(0,0,0,.5);transition:opacity .35s ease-in-out}.wp-block-uagb-image--layout-overlay-link{position:absolute;left:0;right:0;bottom:0;top:0}.wp-block-uagb-image--layout-overlay .wp-block-uagb-image__figure:hover .wp-block-uagb-image--layout-overlay__color-wrapper{opacity:1}.wp-block-uagb-image--layout-overlay__inner{position:absolute;left:15px;right:15px;bottom:15px;top:15px;display:flex;align-items:center;justify-content:center;flex-direction:column;border-color:#fff;transition:.35s ease-in-out}.wp-block-uagb-image--layout-overlay__inner.top-left,.wp-block-uagb-image--layout-overlay__inner.top-center,.wp-block-uagb-image--layout-overlay__inner.top-right{justify-content:flex-start}.wp-block-uagb-image--layout-overlay__inner.bottom-left,.wp-block-uagb-image--layout-overlay__inner.bottom-center,.wp-block-uagb-image--layout-overlay__inner.bottom-right{justify-content:flex-end}.wp-block-uagb-image--layout-overlay__inner.top-left,.wp-block-uagb-image--layout-overlay__inner.center-left,.wp-block-uagb-image--layout-overlay__inner.bottom-left{align-items:flex-start}.wp-block-uagb-image--layout-overlay__inner.top-right,.wp-block-uagb-image--layout-overlay__inner.center-right,.wp-block-uagb-image--layout-overlay__inner.bottom-right{align-items:flex-end}.wp-block-uagb-image--layout-overlay__inner .uagb-image-heading{color:#fff;transition:transform .35s,opacity .35s ease-in-out;transform:translate3d(0, 24px, 0);margin:0;line-height:1em}.wp-block-uagb-image--layout-overlay__inner .uagb-image-separator{width:30%;border-top-width:2px;border-top-color:#fff;border-top-style:solid;margin-bottom:10px;opacity:0;transition:transform .4s,opacity .4s ease-in-out;transform:translate3d(0, 30px, 0)}.wp-block-uagb-image--layout-overlay__inner .uagb-image-caption{opacity:0;overflow:visible;color:#fff;transition:transform .45s,opacity .45s ease-in-out;transform:translate3d(0, 35px, 0)}.wp-block-uagb-image--layout-overlay__inner:hover .uagb-image-heading,.wp-block-uagb-image--layout-overlay__inner:hover .uagb-image-separator,.wp-block-uagb-image--layout-overlay__inner:hover .uagb-image-caption{opacity:1;transform:translate3d(0, 0, 0)}.wp-block-uagb-image--effect-zoomin .wp-block-uagb-image__figure img,.wp-block-uagb-image--effect-zoomin .wp-block-uagb-image__figure .wp-block-uagb-image--layout-overlay__color-wrapper{transform:scale(1);transition:transform .35s ease-in-out}.wp-block-uagb-image--effect-zoomin .wp-block-uagb-image__figure:hover img,.wp-block-uagb-image--effect-zoomin .wp-block-uagb-image__figure:hover .wp-block-uagb-image--layout-overlay__color-wrapper{transform:scale(1.05)}.wp-block-uagb-image--effect-slide .wp-block-uagb-image__figure img,.wp-block-uagb-image--effect-slide .wp-block-uagb-image__figure .wp-block-uagb-image--layout-overlay__color-wrapper{width:calc(100% + 40px) !important;max-width:none !important;transform:translate3d(-40px, 0, 0);transition:transform .35s ease-in-out}.wp-block-uagb-image--effect-slide .wp-block-uagb-image__figure:hover img,.wp-block-uagb-image--effect-slide .wp-block-uagb-image__figure:hover .wp-block-uagb-image--layout-overlay__color-wrapper{transform:translate3d(0, 0, 0)}.wp-block-uagb-image--effect-grayscale img{filter:grayscale(0%);transition:.35s ease-in-out}.wp-block-uagb-image--effect-grayscale:hover img{filter:grayscale(100%)}.wp-block-uagb-image--effect-blur img{filter:blur(0);transition:.35s ease-in-out}.wp-block-uagb-image--effect-blur:hover img{filter:blur(3px)}.uagb-block-e6f939b3.wp-block-uagb-image--layout-default figure img{box-shadow: 0px 0px 0 #00000070;}.uagb-block-e6f939b3.wp-block-uagb-image .wp-block-uagb-image__figure figcaption{font-style: normal;align-self: center;}.uagb-block-e6f939b3.wp-block-uagb-image--layout-overlay figure img{box-shadow: 0px 0px 0 #00000070;}.uagb-block-e6f939b3.wp-block-uagb-image--layout-overlay .wp-block-uagb-image--layout-overlay__color-wrapper{opacity: 0.2;}.uagb-block-e6f939b3.wp-block-uagb-image--layout-overlay .wp-block-uagb-image--layout-overlay__inner{left: 15px;right: 15px;top: 15px;bottom: 15px;}.uagb-block-e6f939b3.wp-block-uagb-image--layout-overlay .wp-block-uagb-image--layout-overlay__inner .uagb-image-heading{font-style: normal;color: #fff;opacity: 1;}.uagb-block-e6f939b3.wp-block-uagb-image--layout-overlay .wp-block-uagb-image--layout-overlay__inner .uagb-image-heading a{color: #fff;}.uagb-block-e6f939b3.wp-block-uagb-image--layout-overlay .wp-block-uagb-image--layout-overlay__inner .uagb-image-caption{opacity: 0;}.uagb-block-e6f939b3.wp-block-uagb-image--layout-overlay .wp-block-uagb-image__figure:hover .wp-block-uagb-image--layout-overlay__color-wrapper{opacity: 1;}.uagb-block-e6f939b3.wp-block-uagb-image .wp-block-uagb-image--layout-overlay__inner .uagb-image-separator{width: 30%;border-top-width: 2px;border-top-color: #fff;opacity: 0;}.uagb-block-e6f939b3.wp-block-uagb-image .wp-block-uagb-image__figure img{width: px;height: auto;}.uagb-block-e6f939b3.wp-block-uagb-image .wp-block-uagb-image__figure:hover .wp-block-uagb-image--layout-overlay__inner .uagb-image-caption{opacity: 1;}.uagb-block-e6f939b3.wp-block-uagb-image .wp-block-uagb-image__figure:hover .wp-block-uagb-image--layout-overlay__inner .uagb-image-separator{opacity: 1;}.uagb-block-e6f939b3.wp-block-uagb-image--layout-default figure:hover img{box-shadow: 0px 0px 0 #00000070;}.uagb-block-e6f939b3.wp-block-uagb-image--layout-overlay figure:hover img{box-shadow: 0px 0px 0 #00000070;}@media only screen and (max-width: 976px) {.uagb-block-e6f939b3.wp-block-uagb-image .wp-block-uagb-image__figure img{width: px;height: auto;}}@media only screen and (max-width: 767px) {.uagb-block-e6f939b3.wp-block-uagb-image .wp-block-uagb-image__figure img{width: px;height: auto;}}\";s:2:\"js\";s:0:\"\";s:18:\"current_block_list\";a:13:{i:0;s:11:\"core\/search\";i:1;s:10:\"core\/group\";i:2;s:12:\"core\/heading\";i:3;s:17:\"core\/latest-posts\";i:4;s:20:\"core\/latest-comments\";i:5;s:13:\"core\/archives\";i:6;s:15:\"core\/categories\";i:7;s:14:\"core\/paragraph\";i:8;s:10:\"uagb\/image\";i:9;s:11:\"core\/spacer\";i:10;s:30:\"woocommerce\/product-categories\";i:11;s:10:\"core\/image\";i:12;s:14:\"core\/shortcode\";}s:8:\"uag_flag\";b:1;s:11:\"uag_version\";s:10:\"1777336241\";s:6:\"gfonts\";a:0:{}s:10:\"gfonts_url\";s:0:\"\";s:12:\"gfonts_files\";a:0:{}s:14:\"uag_faq_layout\";b:0;}"]},"uagb_featured_image_src":{"full":["https:\/\/www.ferberpainting.com\/wp-content\/uploads\/2025\/05\/MoneyTreeFertilizer5L.png",2560,2560,false],"thumbnail":["https:\/\/www.ferberpainting.com\/wp-content\/uploads\/2025\/05\/MoneyTreeFertilizer5L-150x150.png",150,150,true],"medium":["https:\/\/www.ferberpainting.com\/wp-content\/uploads\/2025\/05\/MoneyTreeFertilizer5L-300x300.png",300,300,true],"medium_large":["https:\/\/www.ferberpainting.com\/wp-content\/uploads\/2025\/05\/MoneyTreeFertilizer5L-768x768.png",768,768,true],"large":["https:\/\/www.ferberpainting.com\/wp-content\/uploads\/2025\/05\/MoneyTreeFertilizer5L-1024x1024.png",1024,1024,true],"1536x1536":["https:\/\/www.ferberpainting.com\/wp-content\/uploads\/2025\/05\/MoneyTreeFertilizer5L-1536x1536.png",1536,1536,true],"2048x2048":["https:\/\/www.ferberpainting.com\/wp-content\/uploads\/2025\/05\/MoneyTreeFertilizer5L-2048x2048.png",2048,2048,true],"trp-custom-language-flag":["https:\/\/www.ferberpainting.com\/wp-content\/uploads\/2025\/05\/MoneyTreeFertilizer5L-12x12.png",12,12,true],"woocommerce_thumbnail":["https:\/\/www.ferberpainting.com\/wp-content\/uploads\/2025\/05\/MoneyTreeFertilizer5L-300x300.png",300,300,true],"woocommerce_single":["https:\/\/www.ferberpainting.com\/wp-content\/uploads\/2025\/05\/MoneyTreeFertilizer5L-600x600.png",600,600,true],"woocommerce_gallery_thumbnail":["https:\/\/www.ferberpainting.com\/wp-content\/uploads\/2025\/05\/MoneyTreeFertilizer5L-100x100.png",100,100,true]},"uagb_author_info":{"display_name":"admin","author_link":"https:\/\/www.ferberpainting.com\/no\/author\/"},"uagb_comment_info":7,"uagb_excerpt":"A balanced fertilizer for a strong and lush pachira.\u00a0Pachira aquatica, also known as the &#8220;money tree,&#8221; is a popular houseplant appreciated for its braided trunk and shiny, dense foliage. To ensure vigorous growth and harmonious development, it is essential to provide it with suitable nutrition. This NPK 15-15-15 fertilizer provides the perfect balance of nitrogen&hellip;","_links":{"self":[{"href":"https:\/\/www.ferberpainting.com\/no\/wp-json\/wp\/v2\/product\/24711","targetHints":{"allow":["GET"]}}],"collection":[{"href":"https:\/\/www.ferberpainting.com\/no\/wp-json\/wp\/v2\/product"}],"about":[{"href":"https:\/\/www.ferberpainting.com\/no\/wp-json\/wp\/v2\/types\/product"}],"replies":[{"embeddable":true,"href":"https:\/\/www.ferberpainting.com\/no\/wp-json\/wp\/v2\/comments?post=24711"}],"version-history":[{"count":4,"href":"https:\/\/www.ferberpainting.com\/no\/wp-json\/wp\/v2\/product\/24711\/revisions"}],"predecessor-version":[{"id":166603,"href":"https:\/\/www.ferberpainting.com\/no\/wp-json\/wp\/v2\/product\/24711\/revisions\/166603"}],"wp:featuredmedia":[{"embeddable":true,"href":"https:\/\/www.ferberpainting.com\/no\/wp-json\/wp\/v2\/media\/26589"}],"wp:attachment":[{"href":"https:\/\/www.ferberpainting.com\/no\/wp-json\/wp\/v2\/media?parent=24711"}],"wp:term":[{"taxonomy":"product_brand","embeddable":true,"href":"https:\/\/www.ferberpainting.com\/no\/wp-json\/wp\/v2\/product_brand?post=24711"},{"taxonomy":"product_cat","embeddable":true,"href":"https:\/\/www.ferberpainting.com\/no\/wp-json\/wp\/v2\/product_cat?post=24711"},{"taxonomy":"product_tag","embeddable":true,"href":"https:\/\/www.ferberpainting.com\/no\/wp-json\/wp\/v2\/product_tag?post=24711"}],"curies":[{"name":"wp","href":"https:\/\/api.w.org\/{rel}","templated":true}]}}