{"id":23781,"date":"2025-07-01T10:12:12","date_gmt":"2025-07-01T08:12:12","guid":{"rendered":"https:\/\/www.ferberpainting.com\/?post_type=product&#038;p=23781"},"modified":"2026-02-15T20:26:28","modified_gmt":"2026-02-15T19:26:28","slug":"leather-and-fabric-sofa-cleaner","status":"publish","type":"product","link":"https:\/\/www.ferberpainting.com\/no\/products\/leather-and-fabric-sofa-cleaner\/","title":{"rendered":"Rengj\u00f8ringsmiddel for sofa i stoff og l\u00e6r"},"content":{"rendered":"<p><strong><img decoding=\"async\" style=\"margin-right: 12px;\" src=\"https:\/\/www.ferberpainting.com\/wp-content\/uploads\/2026\/02\/Check.svg\" alt=\"\" width=\"18\" height=\"15\" \/>Optimal effektivitet.<\/strong>\u00a0Dette rengj\u00f8ringsmiddelet for stoff- og skinnsofaer er spesielt utviklet for effektivt \u00e5 fjerne flekker, st\u00f8v og ubehagelig lukt. Takket v\u00e6re den kraftige formelen l\u00f8ser den opp smuss og gjenoppliver utseendet til b\u00e5de stoff og skinn uten \u00e5 skade dem. Det trenger dypt inn i fibrene for \u00e5 fjerne matrester, fett, svettemerker og til og med flekker etter kj\u00e6ledyr, samtidig som fargen og teksturen i materialet bevares.<\/p>\n<p><strong><img decoding=\"async\" style=\"margin-right: 12px;\" src=\"https:\/\/www.ferberpainting.com\/wp-content\/uploads\/2026\/02\/Check.svg\" alt=\"\" width=\"18\" height=\"15\" \/>Pengene tilbake-garanti.<\/strong>\u00a0Vi har full tillit til effektiviteten til rengj\u00f8ringsmidlet v\u00e5rt. Hvis du ikke er helt forn\u00f8yd etter \u00e5 ha pr\u00f8vd det, har du rett til full refusjon. Pr\u00f8v produktet v\u00e5rt risikofritt og gi sofaen din et nytt og friskt utseende med full trygghet.<\/p>\n<p><strong><img decoding=\"async\" style=\"margin-right: 12px;\" src=\"https:\/\/www.ferberpainting.com\/wp-content\/uploads\/2026\/02\/Check.svg\" alt=\"\" width=\"18\" height=\"15\" \/>Eksepsjonell allsidighet.<\/strong>\u00a0Dette rengj\u00f8ringsmiddelet er ikke bare for sofaer! Den er ogs\u00e5 egnet for lenestoler, bilseter, polstrede stoler, veggoppheng, puter, tepper og m\u00f8bler i syntetisk eller ekte skinn. Den fungerer perfekt p\u00e5 en rekke ulike materialer som bomull, lin, mikrofiber, fl\u00f8yel, fullnarvet skinn, pigmentert skinn og kunstskinn, og gir effektiv rengj\u00f8ring p\u00e5 alle tekstil- og skinnoverflater.<\/p>\n<p><strong><img decoding=\"async\" style=\"margin-right: 12px;\" src=\"https:\/\/www.ferberpainting.com\/wp-content\/uploads\/2026\/02\/Check.svg\" alt=\"\" width=\"18\" height=\"15\" \/>\u00d8konomisk effektivitet.<\/strong>\u00a0Med sin 5-liters beholder og sv\u00e6rt effektive formel gir dette rengj\u00f8ringsmiddelet enest\u00e5ende dekning. En liten mengde er nok til \u00e5 rengj\u00f8re store omr\u00e5der, noe som sikrer lavt forbruk og utmerket verdi. I gjennomsnitt kan \u00e9n liter rengj\u00f8re opptil 50 m\u00b2 stoff eller l\u00e6r, noe som gj\u00f8r det til en kostnadseffektiv l\u00f8sning for m\u00f8belpleie.<\/p>\n<p><strong><img decoding=\"async\" style=\"margin-right: 12px;\" src=\"https:\/\/www.ferberpainting.com\/wp-content\/uploads\/2026\/02\/Check.svg\" alt=\"\" width=\"18\" height=\"15\" \/>Trygt \u00e5 bruke.<\/strong>\u00a0I motsetning til sterke rengj\u00f8ringsmidler inneholder dette produktet ingen slipende l\u00f8semidler eller giftige stoffer. Det avgir ingen skadelige damper og for\u00e5rsaker ingen hudirritasjon n\u00e5r det brukes som anvist. Det er trygt \u00e5 bruke i hjemmet, selv i n\u00e6rheten av barn og kj\u00e6ledyr, noe som sikrer en trygg og bekymringsfri rengj\u00f8ringsopplevelse.<\/p>\n<p><strong><img decoding=\"async\" style=\"margin-right: 12px;\" src=\"https:\/\/www.ferberpainting.com\/wp-content\/uploads\/2026\/02\/Check.svg\" alt=\"\" width=\"18\" height=\"15\" \/>Brukervennlighet.<\/strong>\u00a0Dette rengj\u00f8ringsmiddelet er klart til bruk og krever ingen fortynning eller kompliserte forberedelser. P\u00e5f\u00f8r bare direkte p\u00e5 overflaten, skrubb forsiktig og t\u00f8rk av med en ren klut. Den intuitive bruken gj\u00f8r sofapleien enkel og effektiv, og den er kompatibel med manuell rengj\u00f8ring eller maskinrengj\u00f8ring for dypere resultater.<\/p>\n<p><strong><img decoding=\"async\" style=\"margin-right: 12px;\" src=\"https:\/\/www.ferberpainting.com\/wp-content\/uploads\/2026\/02\/Check.svg\" alt=\"\" width=\"18\" height=\"15\" \/>Varig beskyttelse.<\/strong>\u00a0Ved effektivt \u00e5 fjerne smuss og rester forlenger dette rengj\u00f8ringsmiddelet levetiden til stoff- og skinnsofaer. Det bidrar til \u00e5 forhindre for tidlig slitasje, begrenser st\u00f8vdannelse og beskytter overflatene mot milj\u00f8skader. Regelmessig bruk opprettholder stoffets mykhet og l\u00e6rets elastisitet, slik at det opprinnelige utseendet bevares i \u00e5revis.<\/p>\n<p><strong><img decoding=\"async\" style=\"margin-right: 12px;\" src=\"https:\/\/www.ferberpainting.com\/wp-content\/uploads\/2026\/02\/Check.svg\" alt=\"\" width=\"18\" height=\"15\" \/>Rask handling.<\/strong>\u00a0Takket v\u00e6re den reaktive formelen angriper dette rengj\u00f8ringsmiddelet flekker og smuss umiddelbart. I l\u00f8pet av f\u00e5 minutter l\u00f8ser det opp rester og gj\u00f8r det lettere \u00e5 fjerne dem, slik at du f\u00e5r en effektiv rengj\u00f8ring uten lang ventetid. Perfekt for rask og effektiv oppfriskning, og hjelper deg med \u00e5 gjenopprette sofaens utseende p\u00e5 kort tid.<\/p>\n<h2><strong>Bruksanvisning<\/strong><\/h2>\n<ul>\n<li><strong>Forberedelse <\/strong>: S\u00f8rg for at sofaen er st\u00f8vfri og fri for fast rusk ved \u00e5 st\u00f8vsuge f\u00f8r du bruker rengj\u00f8ringsmidlet.<\/li>\n<li><strong>Manuell p\u00e5f\u00f8ring p\u00e5 stoff <\/strong>: P\u00e5f\u00f8r en liten mengde rengj\u00f8ringsmiddel p\u00e5 en ren klut, svamp eller myk b\u00f8rste, og dupp deretter p\u00e5 omr\u00e5det som skal behandles uten \u00e5 fukte for mye.<\/li>\n<li><strong>Manuell p\u00e5f\u00f8ring p\u00e5 l\u00e6r <\/strong>: P\u00e5f\u00f8r rengj\u00f8ringsmiddelet p\u00e5 en myk klut og gni forsiktig overflaten med sirkul\u00e6re bevegelser for \u00e5 fjerne smuss og gjenopprette glansen.<\/li>\n<li><strong>Dyp rengj\u00f8ring med avtrekksmaskin <\/strong>: Fyll beholderen med ufortynnet rengj\u00f8ringsmiddel. Spray jevnt over stoffet og st\u00f8vsug umiddelbart for \u00e5 fjerne oppl\u00f8ste urenheter.<\/li>\n<li><strong>Skylling og t\u00f8rking <\/strong>:\n<ul>\n<li>T\u00f8rk av stoffet med en ren, lett fuktig klut for \u00e5 fjerne overfl\u00f8dig produkt, og la det luftt\u00f8rke.<\/li>\n<li>For skinn, avslutt med en t\u00f8rr klut etter rengj\u00f8ring for optimal glans.<\/li>\n<\/ul>\n<\/li>\n<li><strong>Hyppighet av bruk <\/strong>: P\u00e5f\u00f8r en eller to ganger i m\u00e5neden som vanlig vedlikehold eller s\u00e5 snart en flekk dukker opp, for \u00e5 forhindre at den setter seg permanent.<\/li>\n<li><strong>Lagring <\/strong>: Lukk beholderen godt etter hver bruk og oppbevar den p\u00e5 et kj\u00f8lig, t\u00f8rt sted, beskyttet mot lys og ekstreme temperaturer, for \u00e5 bevare effektiviteten p\u00e5 lang sikt.<\/li>\n<\/ul>\n<p>Med v\u00e5rt rengj\u00f8ringsmiddel for stoff- og skinnsofaer kan du gi m\u00f8blene dine ny glans og renhet, samtidig som du forlenger levetiden deres. Et kraftig, men sk\u00e5nsomt produkt som er effektivt og enkelt \u00e5 bruke for et skinnende rent interi\u00f8r.<\/p>","protected":false},"excerpt":{"rendered":"<p>Optimal Effectiveness.\u00a0This fabric and leather sofa cleaner is specially formulated to effectively eliminate stains, embedded dust, and unpleasant odors. Thanks to its powerful formula, it dissolves dirt and revives the appearance of both fabric and leather without damaging them. It penetrates deep into fibers to dislodge food residues, grease, sweat marks, and even stains left [&hellip;]<\/p>\n","protected":false},"featured_media":36216,"comment_status":"open","ping_status":"closed","template":"","meta":{"_uag_custom_page_level_css":"","site-sidebar-layout":"default","site-content-layout":"","ast-site-content-layout":"default","site-content-style":"default","site-sidebar-style":"default","ast-global-header-display":"","ast-banner-title-visibility":"","ast-main-header-display":"","ast-hfb-above-header-display":"","ast-hfb-below-header-display":"","ast-hfb-mobile-header-display":"","site-post-title":"","ast-breadcrumbs-content":"","ast-featured-img":"","footer-sml-layout":"","ast-disable-related-posts":"","theme-transparent-header-meta":"default","adv-header-id-meta":"","stick-header-meta":"","header-above-stick-meta":"","header-main-stick-meta":"","header-below-stick-meta":"","astra-migrate-meta-layouts":"set","ast-page-background-enabled":"default","ast-page-background-meta":{"desktop":{"background-color":"var(--ast-global-color-4)","background-image":"","background-repeat":"repeat","background-position":"center center","background-size":"auto","background-attachment":"scroll","background-type":"","background-media":"","overlay-type":"","overlay-color":"","overlay-opacity":"","overlay-gradient":""},"tablet":{"background-color":"","background-image":"","background-repeat":"repeat","background-position":"center center","background-size":"auto","background-attachment":"scroll","background-type":"","background-media":"","overlay-type":"","overlay-color":"","overlay-opacity":"","overlay-gradient":""},"mobile":{"background-color":"","background-image":"","background-repeat":"repeat","background-position":"center center","background-size":"auto","background-attachment":"scroll","background-type":"","background-media":"","overlay-type":"","overlay-color":"","overlay-opacity":"","overlay-gradient":""}},"ast-content-background-meta":{"desktop":{"background-color":"var(--ast-global-color-5)","background-image":"","background-repeat":"repeat","background-position":"center center","background-size":"auto","background-attachment":"scroll","background-type":"","background-media":"","overlay-type":"","overlay-color":"","overlay-opacity":"","overlay-gradient":""},"tablet":{"background-color":"var(--ast-global-color-5)","background-image":"","background-repeat":"repeat","background-position":"center center","background-size":"auto","background-attachment":"scroll","background-type":"","background-media":"","overlay-type":"","overlay-color":"","overlay-opacity":"","overlay-gradient":""},"mobile":{"background-color":"var(--ast-global-color-5)","background-image":"","background-repeat":"repeat","background-position":"center center","background-size":"auto","background-attachment":"scroll","background-type":"","background-media":"","overlay-type":"","overlay-color":"","overlay-opacity":"","overlay-gradient":""}}},"product_brand":[],"product_cat":[175],"product_tag":[],"class_list":{"0":"post-23781","1":"product","2":"type-product","3":"status-publish","4":"has-post-thumbnail","6":"product_cat-cleaning-products","7":"desktop-align-left","8":"tablet-align-left","9":"mobile-align-left","11":"first","12":"instock","13":"sale","14":"taxable","15":"shipping-taxable","16":"purchasable","17":"product-type-variable","18":"has-default-attributes"},"spectra_custom_meta":{"_visibility":["visible"],"_shopify_product_id":["9101901463797"],"_s2w_shopify_domain":["ferberpainting.myshopify.com"],"_shopify_variant_id":["46614136619253"],"_sku":[""],"_manage_stock":["no"],"total_sales":["24"],"_tax_status":["taxable"],"_tax_class":[""],"_backorders":["no"],"_sold_individually":["no"],"_virtual":["no"],"_downloadable":["no"],"_download_limit":["-1"],"_download_expiry":["-1"],"_stock":[null],"_stock_status":["instock"],"_wc_average_rating":["5.00"],"_wc_review_count":["11"],"_product_attributes":["a:1:{s:6:\"volume\";a:6:{s:4:\"name\";s:6:\"Volume\";s:5:\"value\";s:20:\"5 liters | 25 liters\";s:8:\"position\";i:1;s:10:\"is_visible\";i:0;s:12:\"is_variation\";i:1;s:11:\"is_taxonomy\";i:0;}}"],"_product_version":["10.5.1"],"wpse_downloadable_file_names":[""],"wpse_downloadable_file_urls":[""],"_edit_last":["1"],"_default_attributes":["a:1:{s:6:\"volume\";s:8:\"5 liters\";}"],"_edit_lock":["1771183618:1"],"_price":["29.90","129.90"],"merchant-center-availability":["yes"],"merchant-center-category":["8043"],"_thumbnail_id":["36216"],"_wp_page_template":["default"],"_wp_old_date":["2025-05-26"],"_product_image_gallery":["36217"],"site-sidebar-layout":["default"],"ast-site-content-layout":["default"],"site-content-style":["default"],"site-sidebar-style":["default"],"theme-transparent-header-meta":["default"],"_wc_rating_count":["a:1:{i:5;i:11;}"],"astra-migrate-meta-layouts":["set"],"_uag_css_file_name":["uag-css-23781.css"],"_elementor_page_assets":["a:0:{}"],"_uag_page_assets":["a:9:{s:3:\"css\";s:7133:\".uag-blocks-common-selector{z-index:var(--z-index-desktop) !important}@media(max-width: 976px){.uag-blocks-common-selector{z-index:var(--z-index-tablet) !important}}@media(max-width: 767px){.uag-blocks-common-selector{z-index:var(--z-index-mobile) !important}}.wp-block-uagb-image{display:flex}.wp-block-uagb-image__figure{position:relative;display:flex;flex-direction:column;max-width:100%;height:auto;margin:0}.wp-block-uagb-image__figure img{height:auto;display:flex;max-width:100%;transition:box-shadow .2s ease}.wp-block-uagb-image__figure>a{display:inline-block}.wp-block-uagb-image__figure figcaption{text-align:center;margin-top:.5em;margin-bottom:1em}.wp-block-uagb-image .components-placeholder.block-editor-media-placeholder .components-placeholder__instructions{align-self:center}.wp-block-uagb-image--align-left{text-align:left}.wp-block-uagb-image--align-right{text-align:right}.wp-block-uagb-image--align-center{text-align:center}.wp-block-uagb-image--align-full .wp-block-uagb-image__figure{margin-left:calc(50% - 50vw);margin-right:calc(50% - 50vw);max-width:100vw;width:100vw;height:auto}.wp-block-uagb-image--align-full .wp-block-uagb-image__figure img{height:auto;width:100% !important}.wp-block-uagb-image--align-wide .wp-block-uagb-image__figure img{height:auto;width:100%}.wp-block-uagb-image--layout-overlay__color-wrapper{position:absolute;left:0;top:0;right:0;bottom:0;opacity:.2;background:rgba(0,0,0,.5);transition:opacity .35s ease-in-out}.wp-block-uagb-image--layout-overlay-link{position:absolute;left:0;right:0;bottom:0;top:0}.wp-block-uagb-image--layout-overlay .wp-block-uagb-image__figure:hover .wp-block-uagb-image--layout-overlay__color-wrapper{opacity:1}.wp-block-uagb-image--layout-overlay__inner{position:absolute;left:15px;right:15px;bottom:15px;top:15px;display:flex;align-items:center;justify-content:center;flex-direction:column;border-color:#fff;transition:.35s ease-in-out}.wp-block-uagb-image--layout-overlay__inner.top-left,.wp-block-uagb-image--layout-overlay__inner.top-center,.wp-block-uagb-image--layout-overlay__inner.top-right{justify-content:flex-start}.wp-block-uagb-image--layout-overlay__inner.bottom-left,.wp-block-uagb-image--layout-overlay__inner.bottom-center,.wp-block-uagb-image--layout-overlay__inner.bottom-right{justify-content:flex-end}.wp-block-uagb-image--layout-overlay__inner.top-left,.wp-block-uagb-image--layout-overlay__inner.center-left,.wp-block-uagb-image--layout-overlay__inner.bottom-left{align-items:flex-start}.wp-block-uagb-image--layout-overlay__inner.top-right,.wp-block-uagb-image--layout-overlay__inner.center-right,.wp-block-uagb-image--layout-overlay__inner.bottom-right{align-items:flex-end}.wp-block-uagb-image--layout-overlay__inner .uagb-image-heading{color:#fff;transition:transform .35s,opacity .35s ease-in-out;transform:translate3d(0, 24px, 0);margin:0;line-height:1em}.wp-block-uagb-image--layout-overlay__inner .uagb-image-separator{width:30%;border-top-width:2px;border-top-color:#fff;border-top-style:solid;margin-bottom:10px;opacity:0;transition:transform .4s,opacity .4s ease-in-out;transform:translate3d(0, 30px, 0)}.wp-block-uagb-image--layout-overlay__inner .uagb-image-caption{opacity:0;overflow:visible;color:#fff;transition:transform .45s,opacity .45s ease-in-out;transform:translate3d(0, 35px, 0)}.wp-block-uagb-image--layout-overlay__inner:hover .uagb-image-heading,.wp-block-uagb-image--layout-overlay__inner:hover .uagb-image-separator,.wp-block-uagb-image--layout-overlay__inner:hover .uagb-image-caption{opacity:1;transform:translate3d(0, 0, 0)}.wp-block-uagb-image--effect-zoomin .wp-block-uagb-image__figure img,.wp-block-uagb-image--effect-zoomin .wp-block-uagb-image__figure .wp-block-uagb-image--layout-overlay__color-wrapper{transform:scale(1);transition:transform .35s ease-in-out}.wp-block-uagb-image--effect-zoomin .wp-block-uagb-image__figure:hover img,.wp-block-uagb-image--effect-zoomin .wp-block-uagb-image__figure:hover .wp-block-uagb-image--layout-overlay__color-wrapper{transform:scale(1.05)}.wp-block-uagb-image--effect-slide .wp-block-uagb-image__figure img,.wp-block-uagb-image--effect-slide .wp-block-uagb-image__figure .wp-block-uagb-image--layout-overlay__color-wrapper{width:calc(100% + 40px) !important;max-width:none !important;transform:translate3d(-40px, 0, 0);transition:transform .35s ease-in-out}.wp-block-uagb-image--effect-slide .wp-block-uagb-image__figure:hover img,.wp-block-uagb-image--effect-slide .wp-block-uagb-image__figure:hover .wp-block-uagb-image--layout-overlay__color-wrapper{transform:translate3d(0, 0, 0)}.wp-block-uagb-image--effect-grayscale img{filter:grayscale(0%);transition:.35s ease-in-out}.wp-block-uagb-image--effect-grayscale:hover img{filter:grayscale(100%)}.wp-block-uagb-image--effect-blur img{filter:blur(0);transition:.35s ease-in-out}.wp-block-uagb-image--effect-blur:hover img{filter:blur(3px)}.uagb-block-e6f939b3.wp-block-uagb-image--layout-default figure img{box-shadow: 0px 0px 0 #00000070;}.uagb-block-e6f939b3.wp-block-uagb-image .wp-block-uagb-image__figure figcaption{font-style: normal;align-self: center;}.uagb-block-e6f939b3.wp-block-uagb-image--layout-overlay figure img{box-shadow: 0px 0px 0 #00000070;}.uagb-block-e6f939b3.wp-block-uagb-image--layout-overlay .wp-block-uagb-image--layout-overlay__color-wrapper{opacity: 0.2;}.uagb-block-e6f939b3.wp-block-uagb-image--layout-overlay .wp-block-uagb-image--layout-overlay__inner{left: 15px;right: 15px;top: 15px;bottom: 15px;}.uagb-block-e6f939b3.wp-block-uagb-image--layout-overlay .wp-block-uagb-image--layout-overlay__inner .uagb-image-heading{font-style: normal;color: #fff;opacity: 1;}.uagb-block-e6f939b3.wp-block-uagb-image--layout-overlay .wp-block-uagb-image--layout-overlay__inner .uagb-image-heading a{color: #fff;}.uagb-block-e6f939b3.wp-block-uagb-image--layout-overlay .wp-block-uagb-image--layout-overlay__inner .uagb-image-caption{opacity: 0;}.uagb-block-e6f939b3.wp-block-uagb-image--layout-overlay .wp-block-uagb-image__figure:hover .wp-block-uagb-image--layout-overlay__color-wrapper{opacity: 1;}.uagb-block-e6f939b3.wp-block-uagb-image .wp-block-uagb-image--layout-overlay__inner .uagb-image-separator{width: 30%;border-top-width: 2px;border-top-color: #fff;opacity: 0;}.uagb-block-e6f939b3.wp-block-uagb-image .wp-block-uagb-image__figure img{width: px;height: auto;}.uagb-block-e6f939b3.wp-block-uagb-image .wp-block-uagb-image__figure:hover .wp-block-uagb-image--layout-overlay__inner .uagb-image-caption{opacity: 1;}.uagb-block-e6f939b3.wp-block-uagb-image .wp-block-uagb-image__figure:hover .wp-block-uagb-image--layout-overlay__inner .uagb-image-separator{opacity: 1;}.uagb-block-e6f939b3.wp-block-uagb-image--layout-default figure:hover img{box-shadow: 0px 0px 0 #00000070;}.uagb-block-e6f939b3.wp-block-uagb-image--layout-overlay figure:hover img{box-shadow: 0px 0px 0 #00000070;}@media only screen and (max-width: 976px) {.uagb-block-e6f939b3.wp-block-uagb-image .wp-block-uagb-image__figure img{width: px;height: auto;}}@media only screen and (max-width: 767px) {.uagb-block-e6f939b3.wp-block-uagb-image .wp-block-uagb-image__figure img{width: px;height: auto;}}\";s:2:\"js\";s:0:\"\";s:18:\"current_block_list\";a:13:{i:0;s:11:\"core\/search\";i:1;s:10:\"core\/group\";i:2;s:12:\"core\/heading\";i:3;s:17:\"core\/latest-posts\";i:4;s:20:\"core\/latest-comments\";i:5;s:13:\"core\/archives\";i:6;s:15:\"core\/categories\";i:7;s:14:\"core\/paragraph\";i:8;s:10:\"uagb\/image\";i:9;s:11:\"core\/spacer\";i:10;s:30:\"woocommerce\/product-categories\";i:11;s:10:\"core\/image\";i:12;s:14:\"core\/shortcode\";}s:8:\"uag_flag\";b:1;s:11:\"uag_version\";s:10:\"1777228663\";s:6:\"gfonts\";a:0:{}s:10:\"gfonts_url\";s:0:\"\";s:12:\"gfonts_files\";a:0:{}s:14:\"uag_faq_layout\";b:0;}"]},"uagb_featured_image_src":{"full":["https:\/\/www.ferberpainting.com\/wp-content\/uploads\/2025\/05\/Leather-and-Fabric-Sofa-Cleaner-5L-Mockup-.png",2560,2560,false],"thumbnail":["https:\/\/www.ferberpainting.com\/wp-content\/uploads\/2025\/05\/Leather-and-Fabric-Sofa-Cleaner-5L-Mockup--150x150.png",150,150,true],"medium":["https:\/\/www.ferberpainting.com\/wp-content\/uploads\/2025\/05\/Leather-and-Fabric-Sofa-Cleaner-5L-Mockup--300x300.png",300,300,true],"medium_large":["https:\/\/www.ferberpainting.com\/wp-content\/uploads\/2025\/05\/Leather-and-Fabric-Sofa-Cleaner-5L-Mockup--768x768.png",768,768,true],"large":["https:\/\/www.ferberpainting.com\/wp-content\/uploads\/2025\/05\/Leather-and-Fabric-Sofa-Cleaner-5L-Mockup--1024x1024.png",1024,1024,true],"1536x1536":["https:\/\/www.ferberpainting.com\/wp-content\/uploads\/2025\/05\/Leather-and-Fabric-Sofa-Cleaner-5L-Mockup--1536x1536.png",1536,1536,true],"2048x2048":["https:\/\/www.ferberpainting.com\/wp-content\/uploads\/2025\/05\/Leather-and-Fabric-Sofa-Cleaner-5L-Mockup--2048x2048.png",2048,2048,true],"trp-custom-language-flag":["https:\/\/www.ferberpainting.com\/wp-content\/uploads\/2025\/05\/Leather-and-Fabric-Sofa-Cleaner-5L-Mockup--12x12.png",12,12,true],"woocommerce_thumbnail":["https:\/\/www.ferberpainting.com\/wp-content\/uploads\/2025\/05\/Leather-and-Fabric-Sofa-Cleaner-5L-Mockup--300x300.png",300,300,true],"woocommerce_single":["https:\/\/www.ferberpainting.com\/wp-content\/uploads\/2025\/05\/Leather-and-Fabric-Sofa-Cleaner-5L-Mockup--600x600.png",600,600,true],"woocommerce_gallery_thumbnail":["https:\/\/www.ferberpainting.com\/wp-content\/uploads\/2025\/05\/Leather-and-Fabric-Sofa-Cleaner-5L-Mockup--100x100.png",100,100,true]},"uagb_author_info":{"display_name":"admin","author_link":"https:\/\/www.ferberpainting.com\/no\/author\/"},"uagb_comment_info":11,"uagb_excerpt":"Optimal Effectiveness.\u00a0This fabric and leather sofa cleaner is specially formulated to effectively eliminate stains, embedded dust, and unpleasant odors. Thanks to its powerful formula, it dissolves dirt and revives the appearance of both fabric and leather without damaging them. It penetrates deep into fibers to dislodge food residues, grease, sweat marks, and even stains left&hellip;","_links":{"self":[{"href":"https:\/\/www.ferberpainting.com\/no\/wp-json\/wp\/v2\/product\/23781","targetHints":{"allow":["GET"]}}],"collection":[{"href":"https:\/\/www.ferberpainting.com\/no\/wp-json\/wp\/v2\/product"}],"about":[{"href":"https:\/\/www.ferberpainting.com\/no\/wp-json\/wp\/v2\/types\/product"}],"replies":[{"embeddable":true,"href":"https:\/\/www.ferberpainting.com\/no\/wp-json\/wp\/v2\/comments?post=23781"}],"version-history":[{"count":5,"href":"https:\/\/www.ferberpainting.com\/no\/wp-json\/wp\/v2\/product\/23781\/revisions"}],"predecessor-version":[{"id":166461,"href":"https:\/\/www.ferberpainting.com\/no\/wp-json\/wp\/v2\/product\/23781\/revisions\/166461"}],"wp:featuredmedia":[{"embeddable":true,"href":"https:\/\/www.ferberpainting.com\/no\/wp-json\/wp\/v2\/media\/36216"}],"wp:attachment":[{"href":"https:\/\/www.ferberpainting.com\/no\/wp-json\/wp\/v2\/media?parent=23781"}],"wp:term":[{"taxonomy":"product_brand","embeddable":true,"href":"https:\/\/www.ferberpainting.com\/no\/wp-json\/wp\/v2\/product_brand?post=23781"},{"taxonomy":"product_cat","embeddable":true,"href":"https:\/\/www.ferberpainting.com\/no\/wp-json\/wp\/v2\/product_cat?post=23781"},{"taxonomy":"product_tag","embeddable":true,"href":"https:\/\/www.ferberpainting.com\/no\/wp-json\/wp\/v2\/product_tag?post=23781"}],"curies":[{"name":"wp","href":"https:\/\/api.w.org\/{rel}","templated":true}]}}