{"id":23752,"date":"2025-07-01T10:26:24","date_gmt":"2025-07-01T08:26:24","guid":{"rendered":"https:\/\/www.ferberpainting.com\/?post_type=product&#038;p=23752"},"modified":"2026-02-15T19:46:05","modified_gmt":"2026-02-15T18:46:05","slug":"iron-soleplate-cleaner","status":"publish","type":"product","link":"https:\/\/www.ferberpainting.com\/no\/products\/iron-soleplate-cleaner\/","title":{"rendered":"Strykjernrens"},"content":{"rendered":"<p><strong><img decoding=\"async\" style=\"margin-right: 12px;\" src=\"https:\/\/www.ferberpainting.com\/wp-content\/uploads\/2026\/02\/Check.svg\" alt=\"\" width=\"18\" height=\"15\" \/>Optimal effektivitet.<\/strong>\u00a0Denne strykejernrenseren er spesialutviklet for effektivt \u00e5 fjerne kalk, brente stoffrester, rustmerker og andre avleiringer p\u00e5 strykes\u00e5len. Den virker dypt ned for \u00e5 gjenopprette strykejernets perfekte glid og forhindre merker p\u00e5 kl\u00e6rne. Den kraftige formelen l\u00f8ser opp urenheter uten \u00e5 skade overflaten, slik at strykingen blir jevn og uten haker.<\/p>\n<p><strong><img decoding=\"async\" style=\"margin-right: 12px;\" src=\"https:\/\/www.ferberpainting.com\/wp-content\/uploads\/2026\/02\/Check.svg\" alt=\"\" width=\"18\" height=\"15\" \/>Pengene tilbake-garanti.<\/strong>\u00a0Vi har full tillit til effektiviteten til rengj\u00f8ringsmidlet v\u00e5rt. Hvis du ikke er helt forn\u00f8yd med resultatet etter \u00e5 ha brukt det, har du rett til full refusjon. Pr\u00f8v produktet v\u00e5rt risikofritt og gi strykejernet ditt et nytt liv med ro i sinnet.<\/p>\n<p><strong><img decoding=\"async\" style=\"margin-right: 12px;\" src=\"https:\/\/www.ferberpainting.com\/wp-content\/uploads\/2026\/02\/Check.svg\" alt=\"\" width=\"18\" height=\"15\" \/>Eksepsjonell allsidighet.<\/strong>\u00a0Dette rengj\u00f8ringsmiddelet er ikke begrenset til tradisjonelle strykejern! Den er ogs\u00e5 ideell for rengj\u00f8ring av dampgeneratorer, strykes\u00e5ler i rustfritt st\u00e5l, aluminiums- eller keramikkbunner og varmeplater p\u00e5 presser. Den er ogs\u00e5 egnet for metalloverflater p\u00e5 strykeapparater som krever sk\u00e5nsom rengj\u00f8ring, og sikrer optimalt vedlikehold uten \u00e5 skade f\u00f8lsomme materialer.<\/p>\n<p><strong><img decoding=\"async\" style=\"margin-right: 12px;\" src=\"https:\/\/www.ferberpainting.com\/wp-content\/uploads\/2026\/02\/Check.svg\" alt=\"\" width=\"18\" height=\"15\" \/>Kostnadseffektivt.<\/strong>\u00a0Med sin 5-liters beholder og ultraeffektive formel gir dette rengj\u00f8ringsmidlet utmerket valuta for pengene. En liten mengde er nok til \u00e5 rengj\u00f8re flere strykejern og dampsystemer uten \u00e5 sl\u00f8se. I gjennomsnitt kan \u00e9n liter produkt brukes til \u00e5 vedlikeholde over 200 apparater, noe som gj\u00f8r det til en \u00f8konomisk og langsiktig l\u00f8sning for vedlikehold av strykeutstyr.<\/p>\n<p><strong><img decoding=\"async\" style=\"margin-right: 12px;\" src=\"https:\/\/www.ferberpainting.com\/wp-content\/uploads\/2026\/02\/Check.svg\" alt=\"\" width=\"18\" height=\"15\" \/>Trygt \u00e5 bruke.<\/strong>\u00a0I motsetning til produkter med slipende syrer er dette rengj\u00f8ringsmiddelet formulert uten skadelige komponenter for brukeren og utgj\u00f8r ingen risiko for s\u00e5leplaten. Det avgir ingen giftige gasser, for\u00e5rsaker ikke hudirritasjon og respekterer metall- og keramiske overflater. Det er trygt for regelmessig bruk og garanterer optimalt vedlikehold uten \u00e5 forringe strykejernets ytelse.<\/p>\n<p><strong><img decoding=\"async\" style=\"margin-right: 12px;\" src=\"https:\/\/www.ferberpainting.com\/wp-content\/uploads\/2026\/02\/Check.svg\" alt=\"\" width=\"18\" height=\"15\" \/>Brukervennlighet.<\/strong>\u00a0Rengj\u00f8ringsmidlet er klart til bruk og krever ingen fortynning eller kompliserte forberedelser. Det kan p\u00e5f\u00f8res direkte p\u00e5 strykes\u00e5len eller med en myk klut. Den raske virkningen sikrer effektiv rengj\u00f8ring i bare noen f\u00e5 trinn, uten anstrengelse eller overdreven skylling. Den flytende formelen gj\u00f8r p\u00e5f\u00f8ringen enkel og garanterer rask fjerning av u\u00f8nskede avleiringer.<\/p>\n<p><strong><img decoding=\"async\" style=\"margin-right: 12px;\" src=\"https:\/\/www.ferberpainting.com\/wp-content\/uploads\/2026\/02\/Check.svg\" alt=\"\" width=\"18\" height=\"15\" \/>Forbedret holdbarhet.<\/strong>\u00a0Ved \u00e5 fjerne kalk og fastbrent stoff regelmessig, forlenger dette rengj\u00f8ringsmiddelet strykejernets levetid og forbedrer effektiviteten p\u00e5 lang sikt. Det forhindrer tilstopping av damphullene og bidrar til \u00e5 holde strykes\u00e5len ren. Regelmessig vedlikehold med dette produktet sikrer optimal funksjon og ytelse.<\/p>\n<p><strong><img decoding=\"async\" style=\"margin-right: 12px;\" src=\"https:\/\/www.ferberpainting.com\/wp-content\/uploads\/2026\/02\/Check.svg\" alt=\"\" width=\"18\" height=\"15\" \/>Rask handling.<\/strong>\u00a0Takket v\u00e6re den sv\u00e6rt aktive formelen virker dette rengj\u00f8ringsmiddelet umiddelbart p\u00e5 rester og inngrodde flekker. P\u00e5 bare noen f\u00e5 sekunder l\u00f8ser det opp urenheter og gj\u00f8r dem enkle \u00e5 t\u00f8rke bort uten behov for skrubbing. Den umiddelbare effekten gj\u00f8r den ideell for raskt og effektivt vedlikehold, og garanterer perfekt glid fra f\u00f8rste gang du bruker den etter rengj\u00f8ring.<\/p>\n<h2><strong>Bruksanvisning<\/strong><\/h2>\n<ul>\n<li><strong>Forberedelse <\/strong>: S\u00f8rg for at strykejernet er sl\u00e5tt av og lunkent f\u00f8r du p\u00e5f\u00f8rer rengj\u00f8ringsmiddelet. P\u00e5f\u00f8r aldri produktet p\u00e5 en varm strykes\u00e5l for \u00e5 unng\u00e5 for tidlig fordampning.<\/li>\n<li><strong>P\u00e5f\u00f8ring av s\u00e5leplate <\/strong>: Hell en liten mengde rengj\u00f8ringsmiddel p\u00e5 en myk klut eller svamp, og fordel det jevnt over s\u00e5leplaten med sirkul\u00e6re bevegelser.<\/li>\n<li><strong>Rengj\u00f8ring av damphull <\/strong>: For \u00e5 fjerne tilstoppede damphull, bl\u00f8tlegg en bomullspinne i produktet og rengj\u00f8r hvert hull forsiktig for \u00e5 fjerne kalk og brente stoffrester.<\/li>\n<li><strong>Fjerning av rester <\/strong>: T\u00f8rk av med en ren, t\u00f8rr klut for \u00e5 fjerne oppl\u00f8ste rester, og s\u00f8rg for at s\u00e5leplaten er helt ren f\u00f8r bruk.<\/li>\n<li><strong>Utvendig rengj\u00f8ring av overflater <\/strong>: P\u00e5f\u00f8r en liten mengde produkt p\u00e5 en fuktig klut og t\u00f8rk forsiktig av strykejernets kropp for \u00e5 fjerne st\u00f8v og kalk.<\/li>\n<li><strong>Skylling og etterbehandling <\/strong>: Ingen skylling er n\u00f8dvendig for grunnleggende rengj\u00f8ring. For dypere vedlikehold, t\u00f8rk av s\u00e5leplaten med en lett fuktig klut f\u00f8r du t\u00f8rker med en myk klut.<\/li>\n<li><strong>Hyppighet av bruk <\/strong>: P\u00e5f\u00f8r en gang i m\u00e5neden for regelmessig vedlikehold eller n\u00e5r det oppst\u00e5r brennmerker eller kalkavleiringer. Ved intensiv bruk, rengj\u00f8r annenhver uke for \u00e5 opprettholde optimal glid og forhindre flekker p\u00e5 kl\u00e6rne.<\/li>\n<li><strong>Lagring <\/strong>: Forsegl beholderen godt etter hver bruk og oppbevar den p\u00e5 et kj\u00f8lig, t\u00f8rt sted, beskyttet mot lys og ekstreme temperaturer, for \u00e5 bevare produktets effektivitet p\u00e5 lang sikt.<\/li>\n<\/ul>\n<p>Med v\u00e5r strykejernrens kan du gjenopprette perfekt glid og plettfri ytelse p\u00e5 strykejernet ditt umiddelbart. En kraftig, rask og trygg l\u00f8sning for jevn stryking og plettfrie kl\u00e6r hver gang.<\/p>","protected":false},"excerpt":{"rendered":"<p>Optimal Effectiveness.\u00a0This iron cleaner is specially designed to effectively remove limescale, burnt fabric residues, rust marks, and other buildup on the iron\u2019s soleplate. It works deep down to restore the perfect glide of the appliance and prevent marks on clothes. Its powerful formula dissolves impurities without damaging the surface, ensuring smooth, snag-free ironing. Money-back guarantee.\u00a0We [&hellip;]<\/p>\n","protected":false},"featured_media":36226,"comment_status":"open","ping_status":"closed","template":"","meta":{"_uag_custom_page_level_css":"","site-sidebar-layout":"default","site-content-layout":"","ast-site-content-layout":"default","site-content-style":"default","site-sidebar-style":"default","ast-global-header-display":"","ast-banner-title-visibility":"","ast-main-header-display":"","ast-hfb-above-header-display":"","ast-hfb-below-header-display":"","ast-hfb-mobile-header-display":"","site-post-title":"","ast-breadcrumbs-content":"","ast-featured-img":"","footer-sml-layout":"","ast-disable-related-posts":"","theme-transparent-header-meta":"default","adv-header-id-meta":"","stick-header-meta":"","header-above-stick-meta":"","header-main-stick-meta":"","header-below-stick-meta":"","astra-migrate-meta-layouts":"set","ast-page-background-enabled":"default","ast-page-background-meta":{"desktop":{"background-color":"var(--ast-global-color-4)","background-image":"","background-repeat":"repeat","background-position":"center center","background-size":"auto","background-attachment":"scroll","background-type":"","background-media":"","overlay-type":"","overlay-color":"","overlay-opacity":"","overlay-gradient":""},"tablet":{"background-color":"","background-image":"","background-repeat":"repeat","background-position":"center center","background-size":"auto","background-attachment":"scroll","background-type":"","background-media":"","overlay-type":"","overlay-color":"","overlay-opacity":"","overlay-gradient":""},"mobile":{"background-color":"","background-image":"","background-repeat":"repeat","background-position":"center center","background-size":"auto","background-attachment":"scroll","background-type":"","background-media":"","overlay-type":"","overlay-color":"","overlay-opacity":"","overlay-gradient":""}},"ast-content-background-meta":{"desktop":{"background-color":"var(--ast-global-color-5)","background-image":"","background-repeat":"repeat","background-position":"center center","background-size":"auto","background-attachment":"scroll","background-type":"","background-media":"","overlay-type":"","overlay-color":"","overlay-opacity":"","overlay-gradient":""},"tablet":{"background-color":"var(--ast-global-color-5)","background-image":"","background-repeat":"repeat","background-position":"center center","background-size":"auto","background-attachment":"scroll","background-type":"","background-media":"","overlay-type":"","overlay-color":"","overlay-opacity":"","overlay-gradient":""},"mobile":{"background-color":"var(--ast-global-color-5)","background-image":"","background-repeat":"repeat","background-position":"center center","background-size":"auto","background-attachment":"scroll","background-type":"","background-media":"","overlay-type":"","overlay-color":"","overlay-opacity":"","overlay-gradient":""}}},"product_brand":[],"product_cat":[175],"product_tag":[],"class_list":{"0":"post-23752","1":"product","2":"type-product","3":"status-publish","4":"has-post-thumbnail","6":"product_cat-cleaning-products","7":"desktop-align-left","8":"tablet-align-left","9":"mobile-align-left","11":"first","12":"instock","13":"sale","14":"taxable","15":"shipping-taxable","16":"purchasable","17":"product-type-variable","18":"has-default-attributes"},"spectra_custom_meta":{"_visibility":["visible"],"_shopify_product_id":["9102417920245"],"_s2w_shopify_domain":["ferberpainting.myshopify.com"],"_shopify_variant_id":["46616226332917"],"_sku":[""],"_manage_stock":["no"],"total_sales":["1"],"_tax_status":["taxable"],"_tax_class":[""],"_backorders":["no"],"_sold_individually":["no"],"_virtual":["no"],"_downloadable":["no"],"_download_limit":["-1"],"_download_expiry":["-1"],"_stock":[null],"_stock_status":["instock"],"_wc_average_rating":["5.00"],"_wc_review_count":["35"],"_product_attributes":["a:1:{s:6:\"volume\";a:6:{s:4:\"name\";s:6:\"Volume\";s:5:\"value\";s:20:\"5 liters | 25 liters\";s:8:\"position\";i:1;s:10:\"is_visible\";i:0;s:12:\"is_variation\";i:1;s:11:\"is_taxonomy\";i:0;}}"],"_product_version":["10.5.1"],"wpse_downloadable_file_names":[""],"wpse_downloadable_file_urls":[""],"_edit_last":["1"],"_default_attributes":["a:1:{s:6:\"volume\";s:8:\"5 liters\";}"],"_edit_lock":["1771181027:1"],"_price":["29.90","129.90"],"merchant-center-availability":["yes"],"merchant-center-category":["4973"],"_thumbnail_id":["36226"],"_wp_page_template":["default"],"_wp_old_date":["2025-05-26"],"_product_image_gallery":["36227"],"site-sidebar-layout":["default"],"ast-site-content-layout":["default"],"site-content-style":["default"],"site-sidebar-style":["default"],"theme-transparent-header-meta":["default"],"_wc_rating_count":["a:1:{i:5;i:35;}"],"astra-migrate-meta-layouts":["set"],"_uag_css_file_name":["uag-css-23752.css"],"_elementor_page_assets":["a:0:{}"],"_uag_page_assets":["a:9:{s:3:\"css\";s:7133:\".uag-blocks-common-selector{z-index:var(--z-index-desktop) !important}@media(max-width: 976px){.uag-blocks-common-selector{z-index:var(--z-index-tablet) !important}}@media(max-width: 767px){.uag-blocks-common-selector{z-index:var(--z-index-mobile) !important}}.wp-block-uagb-image{display:flex}.wp-block-uagb-image__figure{position:relative;display:flex;flex-direction:column;max-width:100%;height:auto;margin:0}.wp-block-uagb-image__figure img{height:auto;display:flex;max-width:100%;transition:box-shadow .2s ease}.wp-block-uagb-image__figure>a{display:inline-block}.wp-block-uagb-image__figure figcaption{text-align:center;margin-top:.5em;margin-bottom:1em}.wp-block-uagb-image .components-placeholder.block-editor-media-placeholder .components-placeholder__instructions{align-self:center}.wp-block-uagb-image--align-left{text-align:left}.wp-block-uagb-image--align-right{text-align:right}.wp-block-uagb-image--align-center{text-align:center}.wp-block-uagb-image--align-full .wp-block-uagb-image__figure{margin-left:calc(50% - 50vw);margin-right:calc(50% - 50vw);max-width:100vw;width:100vw;height:auto}.wp-block-uagb-image--align-full .wp-block-uagb-image__figure img{height:auto;width:100% !important}.wp-block-uagb-image--align-wide .wp-block-uagb-image__figure img{height:auto;width:100%}.wp-block-uagb-image--layout-overlay__color-wrapper{position:absolute;left:0;top:0;right:0;bottom:0;opacity:.2;background:rgba(0,0,0,.5);transition:opacity .35s ease-in-out}.wp-block-uagb-image--layout-overlay-link{position:absolute;left:0;right:0;bottom:0;top:0}.wp-block-uagb-image--layout-overlay .wp-block-uagb-image__figure:hover .wp-block-uagb-image--layout-overlay__color-wrapper{opacity:1}.wp-block-uagb-image--layout-overlay__inner{position:absolute;left:15px;right:15px;bottom:15px;top:15px;display:flex;align-items:center;justify-content:center;flex-direction:column;border-color:#fff;transition:.35s ease-in-out}.wp-block-uagb-image--layout-overlay__inner.top-left,.wp-block-uagb-image--layout-overlay__inner.top-center,.wp-block-uagb-image--layout-overlay__inner.top-right{justify-content:flex-start}.wp-block-uagb-image--layout-overlay__inner.bottom-left,.wp-block-uagb-image--layout-overlay__inner.bottom-center,.wp-block-uagb-image--layout-overlay__inner.bottom-right{justify-content:flex-end}.wp-block-uagb-image--layout-overlay__inner.top-left,.wp-block-uagb-image--layout-overlay__inner.center-left,.wp-block-uagb-image--layout-overlay__inner.bottom-left{align-items:flex-start}.wp-block-uagb-image--layout-overlay__inner.top-right,.wp-block-uagb-image--layout-overlay__inner.center-right,.wp-block-uagb-image--layout-overlay__inner.bottom-right{align-items:flex-end}.wp-block-uagb-image--layout-overlay__inner .uagb-image-heading{color:#fff;transition:transform .35s,opacity .35s ease-in-out;transform:translate3d(0, 24px, 0);margin:0;line-height:1em}.wp-block-uagb-image--layout-overlay__inner .uagb-image-separator{width:30%;border-top-width:2px;border-top-color:#fff;border-top-style:solid;margin-bottom:10px;opacity:0;transition:transform .4s,opacity .4s ease-in-out;transform:translate3d(0, 30px, 0)}.wp-block-uagb-image--layout-overlay__inner .uagb-image-caption{opacity:0;overflow:visible;color:#fff;transition:transform .45s,opacity .45s ease-in-out;transform:translate3d(0, 35px, 0)}.wp-block-uagb-image--layout-overlay__inner:hover .uagb-image-heading,.wp-block-uagb-image--layout-overlay__inner:hover .uagb-image-separator,.wp-block-uagb-image--layout-overlay__inner:hover .uagb-image-caption{opacity:1;transform:translate3d(0, 0, 0)}.wp-block-uagb-image--effect-zoomin .wp-block-uagb-image__figure img,.wp-block-uagb-image--effect-zoomin .wp-block-uagb-image__figure .wp-block-uagb-image--layout-overlay__color-wrapper{transform:scale(1);transition:transform .35s ease-in-out}.wp-block-uagb-image--effect-zoomin .wp-block-uagb-image__figure:hover img,.wp-block-uagb-image--effect-zoomin .wp-block-uagb-image__figure:hover .wp-block-uagb-image--layout-overlay__color-wrapper{transform:scale(1.05)}.wp-block-uagb-image--effect-slide .wp-block-uagb-image__figure img,.wp-block-uagb-image--effect-slide .wp-block-uagb-image__figure .wp-block-uagb-image--layout-overlay__color-wrapper{width:calc(100% + 40px) !important;max-width:none !important;transform:translate3d(-40px, 0, 0);transition:transform .35s ease-in-out}.wp-block-uagb-image--effect-slide .wp-block-uagb-image__figure:hover img,.wp-block-uagb-image--effect-slide .wp-block-uagb-image__figure:hover .wp-block-uagb-image--layout-overlay__color-wrapper{transform:translate3d(0, 0, 0)}.wp-block-uagb-image--effect-grayscale img{filter:grayscale(0%);transition:.35s ease-in-out}.wp-block-uagb-image--effect-grayscale:hover img{filter:grayscale(100%)}.wp-block-uagb-image--effect-blur img{filter:blur(0);transition:.35s ease-in-out}.wp-block-uagb-image--effect-blur:hover img{filter:blur(3px)}.uagb-block-e6f939b3.wp-block-uagb-image--layout-default figure img{box-shadow: 0px 0px 0 #00000070;}.uagb-block-e6f939b3.wp-block-uagb-image .wp-block-uagb-image__figure figcaption{font-style: normal;align-self: center;}.uagb-block-e6f939b3.wp-block-uagb-image--layout-overlay figure img{box-shadow: 0px 0px 0 #00000070;}.uagb-block-e6f939b3.wp-block-uagb-image--layout-overlay .wp-block-uagb-image--layout-overlay__color-wrapper{opacity: 0.2;}.uagb-block-e6f939b3.wp-block-uagb-image--layout-overlay .wp-block-uagb-image--layout-overlay__inner{left: 15px;right: 15px;top: 15px;bottom: 15px;}.uagb-block-e6f939b3.wp-block-uagb-image--layout-overlay .wp-block-uagb-image--layout-overlay__inner .uagb-image-heading{font-style: normal;color: #fff;opacity: 1;}.uagb-block-e6f939b3.wp-block-uagb-image--layout-overlay .wp-block-uagb-image--layout-overlay__inner .uagb-image-heading a{color: #fff;}.uagb-block-e6f939b3.wp-block-uagb-image--layout-overlay .wp-block-uagb-image--layout-overlay__inner .uagb-image-caption{opacity: 0;}.uagb-block-e6f939b3.wp-block-uagb-image--layout-overlay .wp-block-uagb-image__figure:hover .wp-block-uagb-image--layout-overlay__color-wrapper{opacity: 1;}.uagb-block-e6f939b3.wp-block-uagb-image .wp-block-uagb-image--layout-overlay__inner .uagb-image-separator{width: 30%;border-top-width: 2px;border-top-color: #fff;opacity: 0;}.uagb-block-e6f939b3.wp-block-uagb-image .wp-block-uagb-image__figure img{width: px;height: auto;}.uagb-block-e6f939b3.wp-block-uagb-image .wp-block-uagb-image__figure:hover .wp-block-uagb-image--layout-overlay__inner .uagb-image-caption{opacity: 1;}.uagb-block-e6f939b3.wp-block-uagb-image .wp-block-uagb-image__figure:hover .wp-block-uagb-image--layout-overlay__inner .uagb-image-separator{opacity: 1;}.uagb-block-e6f939b3.wp-block-uagb-image--layout-default figure:hover img{box-shadow: 0px 0px 0 #00000070;}.uagb-block-e6f939b3.wp-block-uagb-image--layout-overlay figure:hover img{box-shadow: 0px 0px 0 #00000070;}@media only screen and (max-width: 976px) {.uagb-block-e6f939b3.wp-block-uagb-image .wp-block-uagb-image__figure img{width: px;height: auto;}}@media only screen and (max-width: 767px) {.uagb-block-e6f939b3.wp-block-uagb-image .wp-block-uagb-image__figure img{width: px;height: auto;}}\";s:2:\"js\";s:0:\"\";s:18:\"current_block_list\";a:13:{i:0;s:11:\"core\/search\";i:1;s:10:\"core\/group\";i:2;s:12:\"core\/heading\";i:3;s:17:\"core\/latest-posts\";i:4;s:20:\"core\/latest-comments\";i:5;s:13:\"core\/archives\";i:6;s:15:\"core\/categories\";i:7;s:14:\"core\/paragraph\";i:8;s:10:\"uagb\/image\";i:9;s:11:\"core\/spacer\";i:10;s:30:\"woocommerce\/product-categories\";i:11;s:10:\"core\/image\";i:12;s:14:\"core\/shortcode\";}s:8:\"uag_flag\";b:1;s:11:\"uag_version\";s:10:\"1777228551\";s:6:\"gfonts\";a:0:{}s:10:\"gfonts_url\";s:0:\"\";s:12:\"gfonts_files\";a:0:{}s:14:\"uag_faq_layout\";b:0;}"]},"uagb_featured_image_src":{"full":["https:\/\/www.ferberpainting.com\/wp-content\/uploads\/2025\/05\/Iron-Soleplate-Cleaner-5L-.png",2560,2560,false],"thumbnail":["https:\/\/www.ferberpainting.com\/wp-content\/uploads\/2025\/05\/Iron-Soleplate-Cleaner-5L--150x150.png",150,150,true],"medium":["https:\/\/www.ferberpainting.com\/wp-content\/uploads\/2025\/05\/Iron-Soleplate-Cleaner-5L--300x300.png",300,300,true],"medium_large":["https:\/\/www.ferberpainting.com\/wp-content\/uploads\/2025\/05\/Iron-Soleplate-Cleaner-5L--768x768.png",768,768,true],"large":["https:\/\/www.ferberpainting.com\/wp-content\/uploads\/2025\/05\/Iron-Soleplate-Cleaner-5L--1024x1024.png",1024,1024,true],"1536x1536":["https:\/\/www.ferberpainting.com\/wp-content\/uploads\/2025\/05\/Iron-Soleplate-Cleaner-5L--1536x1536.png",1536,1536,true],"2048x2048":["https:\/\/www.ferberpainting.com\/wp-content\/uploads\/2025\/05\/Iron-Soleplate-Cleaner-5L--2048x2048.png",2048,2048,true],"trp-custom-language-flag":["https:\/\/www.ferberpainting.com\/wp-content\/uploads\/2025\/05\/Iron-Soleplate-Cleaner-5L--12x12.png",12,12,true],"woocommerce_thumbnail":["https:\/\/www.ferberpainting.com\/wp-content\/uploads\/2025\/05\/Iron-Soleplate-Cleaner-5L--300x300.png",300,300,true],"woocommerce_single":["https:\/\/www.ferberpainting.com\/wp-content\/uploads\/2025\/05\/Iron-Soleplate-Cleaner-5L--600x600.png",600,600,true],"woocommerce_gallery_thumbnail":["https:\/\/www.ferberpainting.com\/wp-content\/uploads\/2025\/05\/Iron-Soleplate-Cleaner-5L--100x100.png",100,100,true]},"uagb_author_info":{"display_name":"admin","author_link":"https:\/\/www.ferberpainting.com\/no\/author\/"},"uagb_comment_info":35,"uagb_excerpt":"Optimal Effectiveness.\u00a0This iron cleaner is specially designed to effectively remove limescale, burnt fabric residues, rust marks, and other buildup on the iron\u2019s soleplate. It works deep down to restore the perfect glide of the appliance and prevent marks on clothes. Its powerful formula dissolves impurities without damaging the surface, ensuring smooth, snag-free ironing. Money-back guarantee.\u00a0We&hellip;","_links":{"self":[{"href":"https:\/\/www.ferberpainting.com\/no\/wp-json\/wp\/v2\/product\/23752","targetHints":{"allow":["GET"]}}],"collection":[{"href":"https:\/\/www.ferberpainting.com\/no\/wp-json\/wp\/v2\/product"}],"about":[{"href":"https:\/\/www.ferberpainting.com\/no\/wp-json\/wp\/v2\/types\/product"}],"replies":[{"embeddable":true,"href":"https:\/\/www.ferberpainting.com\/no\/wp-json\/wp\/v2\/comments?post=23752"}],"version-history":[{"count":4,"href":"https:\/\/www.ferberpainting.com\/no\/wp-json\/wp\/v2\/product\/23752\/revisions"}],"predecessor-version":[{"id":166418,"href":"https:\/\/www.ferberpainting.com\/no\/wp-json\/wp\/v2\/product\/23752\/revisions\/166418"}],"wp:featuredmedia":[{"embeddable":true,"href":"https:\/\/www.ferberpainting.com\/no\/wp-json\/wp\/v2\/media\/36226"}],"wp:attachment":[{"href":"https:\/\/www.ferberpainting.com\/no\/wp-json\/wp\/v2\/media?parent=23752"}],"wp:term":[{"taxonomy":"product_brand","embeddable":true,"href":"https:\/\/www.ferberpainting.com\/no\/wp-json\/wp\/v2\/product_brand?post=23752"},{"taxonomy":"product_cat","embeddable":true,"href":"https:\/\/www.ferberpainting.com\/no\/wp-json\/wp\/v2\/product_cat?post=23752"},{"taxonomy":"product_tag","embeddable":true,"href":"https:\/\/www.ferberpainting.com\/no\/wp-json\/wp\/v2\/product_tag?post=23752"}],"curies":[{"name":"wp","href":"https:\/\/api.w.org\/{rel}","templated":true}]}}