{"id":23540,"date":"2025-05-26T10:24:39","date_gmt":"2025-05-26T08:24:39","guid":{"rendered":"https:\/\/www.ferberpainting.com\/products\/hyacinth-fertilizer\/"},"modified":"2026-02-15T19:31:17","modified_gmt":"2026-02-15T18:31:17","slug":"hyacinth-fertilizer","status":"publish","type":"product","link":"https:\/\/www.ferberpainting.com\/no\/products\/hyacinth-fertilizer\/","title":{"rendered":"Hyasintgj\u00f8dsel"},"content":{"rendered":"<p><strong><img decoding=\"async\" style=\"margin-right: 12px;\" src=\"https:\/\/www.ferberpainting.com\/wp-content\/uploads\/2026\/02\/Check.svg\" alt=\"\" width=\"18\" height=\"15\" \/>En gj\u00f8dsel spesielt designet for rikelig blomstring og kraftige p\u00e6rer. <\/strong>Hyasint er en l\u00f8kplante som er verdsatt for sine praktfulle blomsterklynger i livlige farger og sin fengslende duft. For \u00e5 sikre rik blomstring og sunn vekst gir denne NPK 15-15-15-gj\u00f8dselen den perfekte balansen mellom nitrogen (N) for sterkt l\u00f8vverk, fosfor (P) for \u00e5 fremme forankring og intens blomstring, og kalium (K) for \u00e5 \u00f8ke motstandsdyktigheten mot sykdommer og forbedre p\u00e6rens holdbarhet. Takket v\u00e6re denne komplette n\u00e6ringstilf\u00f8rselen vil hyasinten din f\u00e5 en harmonisk utvikling og st\u00f8rre, mer fargerike blomster.<\/p>\n<p><strong><img decoding=\"async\" style=\"margin-right: 12px;\" src=\"https:\/\/www.ferberpainting.com\/wp-content\/uploads\/2026\/02\/Check.svg\" alt=\"\" width=\"18\" height=\"15\" \/>Pengene tilbake-garanti.<\/strong>\u00a0Vi har full tillit til effektiviteten til v\u00e5r hyasintgj\u00f8dsel, og det er derfor vi tilbyr en pengene-tilbake-garanti. Hvis planten din ikke viser merkbare forbedringer i vekst, blomstring eller motstandskraft etter anbefalt bruk, forplikter vi oss til \u00e5 refundere deg hele bel\u00f8pet. Denne garantien gj\u00f8r at du kan kj\u00f8pe dette produktet med full trygghet.<\/p>\n<p><strong><img decoding=\"async\" style=\"margin-right: 12px;\" src=\"https:\/\/www.ferberpainting.com\/wp-content\/uploads\/2026\/02\/Check.svg\" alt=\"\" width=\"18\" height=\"15\" \/>Passer for alle sorter og alle dyrkingsmetoder.<\/strong>\u00a0Denne gj\u00f8dselen er ideell for alle hyasintsorter, inkludert orientalsk hyasint, romersk hyasint og druehyasint. Den er effektiv for planter dyrket p\u00e5 friland, i potter, planter, drivhus eller innend\u00f8rs, og sikrer gj\u00f8dsling tilpasset enhver vekstmodus. Den fungerer ogs\u00e5 p\u00e5 alle typer underlag, enten det er sandholdig, fuktig, leirholdig eller kompostberiket, og bidrar til \u00e5 oppn\u00e5 en overd\u00e5dig blomstring i alle milj\u00f8er.<\/p>\n<p><strong><img decoding=\"async\" style=\"margin-right: 12px;\" src=\"https:\/\/www.ferberpainting.com\/wp-content\/uploads\/2026\/02\/Check.svg\" alt=\"\" width=\"18\" height=\"15\" \/>Kostnadseffektivt utbytte og langsiktig effektiv gj\u00f8dsling.<\/strong>\u00a0Takket v\u00e6re den h\u00f8ykonsentrerte flytende formelen kan en 5-liters beholder tilberede opptil 1000 liter gj\u00f8dsell\u00f8sning, noe som sikrer langvarig og \u00f8konomisk bruk. Med en dosering p\u00e5 5 ml per liter vann gir det mulighet for n\u00f8yaktig og jevn tilf\u00f8rsel av n\u00e6ringsstoffer, uten risiko for overdosering eller svinn. Denne optimaliserte gj\u00f8dslingen sikrer effektivt n\u00e6ringsopptak av p\u00e6rene, reduserer p\u00e5f\u00f8ringsfrekvensen og forbedrer den generelle helsen til hyasinter.<\/p>\n<p><strong><img decoding=\"async\" style=\"margin-right: 12px;\" src=\"https:\/\/www.ferberpainting.com\/wp-content\/uploads\/2026\/02\/Check.svg\" alt=\"\" width=\"18\" height=\"15\" \/>Et trygt og milj\u00f8vennlig gj\u00f8dselmiddel.<\/strong>\u00a0Denne gj\u00f8dselen er utviklet for \u00e5 bevare jordbalansen og \u00f8kosystemets helse, og inneholder ingen skadelige kjemiske stoffer som kan p\u00e5virke jordkvaliteten eller skade pollinerende insekter. Den er trygg for kj\u00e6ledyr og barn, og kan brukes b\u00e5de innend\u00f8rs og utend\u00f8rs. I tillegg fremmer den den gunstige jordmikrobiotaen, noe som forbedrer n\u00e6ringsopptaket og den generelle helsen til p\u00e6rene.<\/p>\n<p><strong><img decoding=\"async\" style=\"margin-right: 12px;\" src=\"https:\/\/www.ferberpainting.com\/wp-content\/uploads\/2026\/02\/Check.svg\" alt=\"\" width=\"18\" height=\"15\" \/>Enkel p\u00e5f\u00f8ring og uanstrengt gj\u00f8dsling.<\/strong>\u00a0I motsetning til granulatgj\u00f8dsel som krever presis spredning, l\u00f8ses denne gj\u00f8dselen umiddelbart opp i vann og kan enkelt p\u00e5f\u00f8res ved vanning eller bladspr\u00f8yting, noe som sikrer jevn n\u00e6ringsfordeling. Enkelheten gj\u00f8r den tilgjengelig for b\u00e5de amat\u00f8rgartnere og erfarne hagebrukere, noe som sikrer enkel, effektiv og stressfri gj\u00f8dsling.<\/p>\n<p><strong><img decoding=\"async\" style=\"margin-right: 12px;\" src=\"https:\/\/www.ferberpainting.com\/wp-content\/uploads\/2026\/02\/Check.svg\" alt=\"\" width=\"18\" height=\"15\" \/>Langvarig virkning for kontinuerlig blomstring og forbedret motstandskraft mot sykdommer.<\/strong>\u00a0Takket v\u00e6re den gradvise frigj\u00f8ringen av n\u00e6ringsstoffer gir denne gj\u00f8dselen n\u00e6ring til hyasinter i flere uker, noe som sikrer jevn blomstring og livlige farger. Den styrker ogs\u00e5 p\u00e6rens motstandskraft mot sykdommer, skadedyr og t\u00f8ffe klimaforhold, samtidig som den oppmuntrer til nye blomstringssykluser og optimal bevaring av p\u00e6rene for de neste sesongene.<\/p>\n<p><strong><img decoding=\"async\" style=\"margin-right: 12px;\" src=\"https:\/\/www.ferberpainting.com\/wp-content\/uploads\/2026\/02\/Check.svg\" alt=\"\" width=\"18\" height=\"15\" \/>Synlige resultater i l\u00f8pet av de f\u00f8rste ukene.<\/strong>\u00a0Allerede fra f\u00f8rste p\u00e5f\u00f8ring stimulerer denne gj\u00f8dselen fremveksten av nye skudd, forsterker blomsterfargen og \u00f8ker blomstertettheten. I l\u00f8pet av bare noen f\u00e5 uker vil hyasintene dine blomstre rikere, med fyldigere stilker og mer levende farger, og forvandle hagen, balkongen eller innend\u00f8rsrommet ditt til et ekte blomsterparadis.<\/p>\n<h2><strong>Protokoll for bruk<\/strong><\/h2>\n<p><strong>Fortynning av gj\u00f8dsel <\/strong>: Bland 5 ml gj\u00f8dsel per 1 liter vann. Rist l\u00f8sningen godt f\u00f8r hver p\u00e5f\u00f8ring for \u00e5 sikre en jevn fordeling av n\u00e6ringsstoffene.<\/p>\n<p><strong>P\u00e5f\u00f8ringsmetode :<\/strong><\/p>\n<ul>\n<li><strong>Ved \u00e5 vanne <\/strong>: Hell den fortynnede l\u00f8sningen direkte ved bunnen av hyasintene, og s\u00f8rg for \u00e5 fukte jorden godt uten overfl\u00f8dig for \u00e5 forhindre n\u00e6ringsavrenning.<\/li>\n<li><strong>Ved spr\u00f8yting av blad (valgfritt) <\/strong>: Spray l\u00f8sningen lett p\u00e5 bladene og stilkene, tidlig om morgenen eller sent p\u00e5 dagen, for \u00e5 maksimere absorpsjonen uten risiko for overdreven fordampning.<\/li>\n<\/ul>\n<p><strong>S\u00f8knadsfrekvens <\/strong>:<\/p>\n<ul>\n<li><strong>I vekst- og blomstringsperioder (v\u00e5r-sommer) <\/strong>: P\u00e5f\u00f8r gj\u00f8dsel annenhver uke for \u00e5 fremme kontinuerlig blomstring og optimal vekst.<\/li>\n<li><strong>Under hvileperioden (h\u00f8st-vinter) <\/strong>: Reduser hyppigheten til \u00e9n gang i m\u00e5neden, for \u00e5 opprettholde p\u00e6rens livskraft uten \u00e5 oppmuntre til overdreven vekst.<\/li>\n<\/ul>\n<p><strong>Ekstra vanning <\/strong>: Etter p\u00e5f\u00f8ring av gj\u00f8dsel, vent 48 timer f\u00f8r neste vanning, for \u00e5 optimalisere n\u00e6ringsopptaket av r\u00f8ttene.<\/p>\n<p><strong>Forholdsregler for bruk <\/strong>: Ikke overskrid de anbefalte dosene for \u00e5 unng\u00e5 for mye mineralsaltoppbygging i substratet, noe som kan skade p\u00e6rens helse. P\u00e5f\u00f8r kun p\u00e5 lett fuktig jord for \u00e5 sikre optimal n\u00e6ringsopptak.<\/p>\n<p><strong>Oppbevaring og konservering <\/strong>: Oppbevar gj\u00f8dselet p\u00e5 et kj\u00f8lig, t\u00f8rt sted, borte fra lys og fuktighet. Lukk alltid beholderen godt etter hver bruk for \u00e5 bevare produktets effektivitet og forhindre fordampning.<\/p>\n<p>Med denne hyasintgj\u00f8dselen gir du plantene dine komplett n\u00e6ring perfekt tilpasset deres spesifikke behov, noe som sikrer kraftig vekst, livlig blomstring og bedre motstandskraft mot utend\u00f8rs forhold. Det er den ideelle l\u00f8sningen for \u00e5 forbedre blomsterbed, krukker og blomsteroppsatser med fantastisk vakre og velduftende hyasinter gjennom hele sesongen.<\/p>","protected":false},"excerpt":{"rendered":"<p>A fertilizer specially designed for abundant flowering and vigorous bulbs. Hyacinth is a bulbous plant appreciated for its magnificent clusters of flowers in vibrant colors and its captivating fragrance. To ensure abundant blooming and healthy growth, this NPK 15-15-15 fertilizer provides the perfect balance of nitrogen (N) for strong foliage, phosphorus (P) to promote rooting [&hellip;]<\/p>\n","protected":false},"featured_media":26031,"comment_status":"open","ping_status":"closed","template":"","meta":{"_uag_custom_page_level_css":"","site-sidebar-layout":"default","site-content-layout":"","ast-site-content-layout":"default","site-content-style":"default","site-sidebar-style":"default","ast-global-header-display":"","ast-banner-title-visibility":"","ast-main-header-display":"","ast-hfb-above-header-display":"","ast-hfb-below-header-display":"","ast-hfb-mobile-header-display":"","site-post-title":"","ast-breadcrumbs-content":"","ast-featured-img":"","footer-sml-layout":"","ast-disable-related-posts":"","theme-transparent-header-meta":"default","adv-header-id-meta":"","stick-header-meta":"","header-above-stick-meta":"","header-main-stick-meta":"","header-below-stick-meta":"","astra-migrate-meta-layouts":"set","ast-page-background-enabled":"default","ast-page-background-meta":{"desktop":{"background-color":"var(--ast-global-color-4)","background-image":"","background-repeat":"repeat","background-position":"center center","background-size":"auto","background-attachment":"scroll","background-type":"","background-media":"","overlay-type":"","overlay-color":"","overlay-opacity":"","overlay-gradient":""},"tablet":{"background-color":"","background-image":"","background-repeat":"repeat","background-position":"center center","background-size":"auto","background-attachment":"scroll","background-type":"","background-media":"","overlay-type":"","overlay-color":"","overlay-opacity":"","overlay-gradient":""},"mobile":{"background-color":"","background-image":"","background-repeat":"repeat","background-position":"center center","background-size":"auto","background-attachment":"scroll","background-type":"","background-media":"","overlay-type":"","overlay-color":"","overlay-opacity":"","overlay-gradient":""}},"ast-content-background-meta":{"desktop":{"background-color":"var(--ast-global-color-5)","background-image":"","background-repeat":"repeat","background-position":"center center","background-size":"auto","background-attachment":"scroll","background-type":"","background-media":"","overlay-type":"","overlay-color":"","overlay-opacity":"","overlay-gradient":""},"tablet":{"background-color":"var(--ast-global-color-5)","background-image":"","background-repeat":"repeat","background-position":"center center","background-size":"auto","background-attachment":"scroll","background-type":"","background-media":"","overlay-type":"","overlay-color":"","overlay-opacity":"","overlay-gradient":""},"mobile":{"background-color":"var(--ast-global-color-5)","background-image":"","background-repeat":"repeat","background-position":"center center","background-size":"auto","background-attachment":"scroll","background-type":"","background-media":"","overlay-type":"","overlay-color":"","overlay-opacity":"","overlay-gradient":""}}},"product_brand":[],"product_cat":[178],"product_tag":[],"class_list":{"0":"post-23540","1":"product","2":"type-product","3":"status-publish","4":"has-post-thumbnail","6":"product_cat-fertilizers","7":"desktop-align-left","8":"tablet-align-left","9":"mobile-align-left","11":"first","12":"instock","13":"sale","14":"taxable","15":"shipping-taxable","16":"purchasable","17":"product-type-variable","18":"has-default-attributes"},"spectra_custom_meta":{"_visibility":["visible"],"_shopify_product_id":["9067607982325"],"_s2w_shopify_domain":["ferberpainting.myshopify.com"],"_shopify_variant_id":["46508048613621"],"_sku":[""],"_manage_stock":["no"],"total_sales":["0"],"_tax_status":["taxable"],"_tax_class":[""],"_backorders":["no"],"_sold_individually":["no"],"_virtual":["no"],"_downloadable":["no"],"_download_limit":["-1"],"_download_expiry":["-1"],"_stock":[null],"_stock_status":["instock"],"_wc_average_rating":["4.86"],"_wc_review_count":["7"],"_product_attributes":["a:1:{s:6:\"volume\";a:6:{s:4:\"name\";s:6:\"Volume\";s:5:\"value\";s:20:\"5 liters | 25 liters\";s:8:\"position\";i:1;s:10:\"is_visible\";i:0;s:12:\"is_variation\";i:1;s:11:\"is_taxonomy\";i:0;}}"],"_product_version":["10.5.1"],"_thumbnail_id":["26031"],"_product_image_gallery":["26032"],"wpse_downloadable_file_names":[""],"wpse_downloadable_file_urls":[""],"_edit_last":["1"],"_default_attributes":["a:1:{s:6:\"volume\";s:8:\"5 liters\";}"],"_edit_lock":["1771180139:1"],"_price":["29.90","129.90"],"merchant-center-availability":["yes"],"merchant-center-category":["113"],"_wp_page_template":["default"],"site-sidebar-layout":["default"],"ast-site-content-layout":["default"],"site-content-style":["default"],"site-sidebar-style":["default"],"theme-transparent-header-meta":["default"],"_wc_rating_count":["a:2:{i:4;i:1;i:5;i:6;}"],"astra-migrate-meta-layouts":["set"],"_uag_css_file_name":["uag-css-23540.css"],"_elementor_page_assets":["a:0:{}"],"_uag_page_assets":["a:9:{s:3:\"css\";s:6873:\".wp-block-uagb-image{display:flex}.wp-block-uagb-image__figure{position:relative;display:flex;flex-direction:column;max-width:100%;height:auto;margin:0}.wp-block-uagb-image__figure img{height:auto;display:flex;max-width:100%;transition:box-shadow .2s ease}.wp-block-uagb-image__figure>a{display:inline-block}.wp-block-uagb-image__figure figcaption{text-align:center;margin-top:.5em;margin-bottom:1em}.wp-block-uagb-image .components-placeholder.block-editor-media-placeholder .components-placeholder__instructions{align-self:center}.wp-block-uagb-image--align-left{text-align:left}.wp-block-uagb-image--align-right{text-align:right}.wp-block-uagb-image--align-center{text-align:center}.wp-block-uagb-image--align-full .wp-block-uagb-image__figure{margin-left:calc(50% - 50vw);margin-right:calc(50% - 50vw);max-width:100vw;width:100vw;height:auto}.wp-block-uagb-image--align-full .wp-block-uagb-image__figure img{height:auto;width:100% !important}.wp-block-uagb-image--align-wide .wp-block-uagb-image__figure img{height:auto;width:100%}.wp-block-uagb-image--layout-overlay__color-wrapper{position:absolute;left:0;top:0;right:0;bottom:0;opacity:.2;background:rgba(0,0,0,.5);transition:opacity .35s ease-in-out}.wp-block-uagb-image--layout-overlay-link{position:absolute;left:0;right:0;bottom:0;top:0}.wp-block-uagb-image--layout-overlay .wp-block-uagb-image__figure:hover .wp-block-uagb-image--layout-overlay__color-wrapper{opacity:1}.wp-block-uagb-image--layout-overlay__inner{position:absolute;left:15px;right:15px;bottom:15px;top:15px;display:flex;align-items:center;justify-content:center;flex-direction:column;border-color:#fff;transition:.35s ease-in-out}.wp-block-uagb-image--layout-overlay__inner.top-left,.wp-block-uagb-image--layout-overlay__inner.top-center,.wp-block-uagb-image--layout-overlay__inner.top-right{justify-content:flex-start}.wp-block-uagb-image--layout-overlay__inner.bottom-left,.wp-block-uagb-image--layout-overlay__inner.bottom-center,.wp-block-uagb-image--layout-overlay__inner.bottom-right{justify-content:flex-end}.wp-block-uagb-image--layout-overlay__inner.top-left,.wp-block-uagb-image--layout-overlay__inner.center-left,.wp-block-uagb-image--layout-overlay__inner.bottom-left{align-items:flex-start}.wp-block-uagb-image--layout-overlay__inner.top-right,.wp-block-uagb-image--layout-overlay__inner.center-right,.wp-block-uagb-image--layout-overlay__inner.bottom-right{align-items:flex-end}.wp-block-uagb-image--layout-overlay__inner .uagb-image-heading{color:#fff;transition:transform .35s,opacity .35s ease-in-out;transform:translate3d(0, 24px, 0);margin:0;line-height:1em}.wp-block-uagb-image--layout-overlay__inner .uagb-image-separator{width:30%;border-top-width:2px;border-top-color:#fff;border-top-style:solid;margin-bottom:10px;opacity:0;transition:transform .4s,opacity .4s ease-in-out;transform:translate3d(0, 30px, 0)}.wp-block-uagb-image--layout-overlay__inner .uagb-image-caption{opacity:0;overflow:visible;color:#fff;transition:transform .45s,opacity .45s ease-in-out;transform:translate3d(0, 35px, 0)}.wp-block-uagb-image--layout-overlay__inner:hover .uagb-image-heading,.wp-block-uagb-image--layout-overlay__inner:hover .uagb-image-separator,.wp-block-uagb-image--layout-overlay__inner:hover .uagb-image-caption{opacity:1;transform:translate3d(0, 0, 0)}.wp-block-uagb-image--effect-zoomin .wp-block-uagb-image__figure img,.wp-block-uagb-image--effect-zoomin .wp-block-uagb-image__figure .wp-block-uagb-image--layout-overlay__color-wrapper{transform:scale(1);transition:transform .35s ease-in-out}.wp-block-uagb-image--effect-zoomin .wp-block-uagb-image__figure:hover img,.wp-block-uagb-image--effect-zoomin .wp-block-uagb-image__figure:hover .wp-block-uagb-image--layout-overlay__color-wrapper{transform:scale(1.05)}.wp-block-uagb-image--effect-slide .wp-block-uagb-image__figure img,.wp-block-uagb-image--effect-slide .wp-block-uagb-image__figure .wp-block-uagb-image--layout-overlay__color-wrapper{width:calc(100% + 40px) !important;max-width:none !important;transform:translate3d(-40px, 0, 0);transition:transform .35s ease-in-out}.wp-block-uagb-image--effect-slide .wp-block-uagb-image__figure:hover img,.wp-block-uagb-image--effect-slide .wp-block-uagb-image__figure:hover .wp-block-uagb-image--layout-overlay__color-wrapper{transform:translate3d(0, 0, 0)}.wp-block-uagb-image--effect-grayscale img{filter:grayscale(0%);transition:.35s ease-in-out}.wp-block-uagb-image--effect-grayscale:hover img{filter:grayscale(100%)}.wp-block-uagb-image--effect-blur img{filter:blur(0);transition:.35s ease-in-out}.wp-block-uagb-image--effect-blur:hover img{filter:blur(3px)}.uagb-block-e6f939b3.wp-block-uagb-image--layout-default figure img{box-shadow: 0px 0px 0 #00000070;}.uagb-block-e6f939b3.wp-block-uagb-image .wp-block-uagb-image__figure figcaption{font-style: normal;align-self: center;}.uagb-block-e6f939b3.wp-block-uagb-image--layout-overlay figure img{box-shadow: 0px 0px 0 #00000070;}.uagb-block-e6f939b3.wp-block-uagb-image--layout-overlay .wp-block-uagb-image--layout-overlay__color-wrapper{opacity: 0.2;}.uagb-block-e6f939b3.wp-block-uagb-image--layout-overlay .wp-block-uagb-image--layout-overlay__inner{left: 15px;right: 15px;top: 15px;bottom: 15px;}.uagb-block-e6f939b3.wp-block-uagb-image--layout-overlay .wp-block-uagb-image--layout-overlay__inner .uagb-image-heading{font-style: normal;color: #fff;opacity: 1;}.uagb-block-e6f939b3.wp-block-uagb-image--layout-overlay .wp-block-uagb-image--layout-overlay__inner .uagb-image-heading a{color: #fff;}.uagb-block-e6f939b3.wp-block-uagb-image--layout-overlay .wp-block-uagb-image--layout-overlay__inner .uagb-image-caption{opacity: 0;}.uagb-block-e6f939b3.wp-block-uagb-image--layout-overlay .wp-block-uagb-image__figure:hover .wp-block-uagb-image--layout-overlay__color-wrapper{opacity: 1;}.uagb-block-e6f939b3.wp-block-uagb-image .wp-block-uagb-image--layout-overlay__inner .uagb-image-separator{width: 30%;border-top-width: 2px;border-top-color: #fff;opacity: 0;}.uagb-block-e6f939b3.wp-block-uagb-image .wp-block-uagb-image__figure img{width: px;height: auto;}.uagb-block-e6f939b3.wp-block-uagb-image .wp-block-uagb-image__figure:hover .wp-block-uagb-image--layout-overlay__inner .uagb-image-caption{opacity: 1;}.uagb-block-e6f939b3.wp-block-uagb-image .wp-block-uagb-image__figure:hover .wp-block-uagb-image--layout-overlay__inner .uagb-image-separator{opacity: 1;}.uagb-block-e6f939b3.wp-block-uagb-image--layout-default figure:hover img{box-shadow: 0px 0px 0 #00000070;}.uagb-block-e6f939b3.wp-block-uagb-image--layout-overlay figure:hover img{box-shadow: 0px 0px 0 #00000070;}@media only screen and (max-width: 976px) {.uagb-block-e6f939b3.wp-block-uagb-image .wp-block-uagb-image__figure img{width: px;height: auto;}}@media only screen and (max-width: 767px) {.uagb-block-e6f939b3.wp-block-uagb-image .wp-block-uagb-image__figure img{width: px;height: auto;}}\";s:2:\"js\";s:0:\"\";s:18:\"current_block_list\";a:13:{i:0;s:11:\"core\/search\";i:1;s:10:\"core\/group\";i:2;s:12:\"core\/heading\";i:3;s:17:\"core\/latest-posts\";i:4;s:20:\"core\/latest-comments\";i:5;s:13:\"core\/archives\";i:6;s:15:\"core\/categories\";i:7;s:14:\"core\/paragraph\";i:8;s:10:\"uagb\/image\";i:9;s:11:\"core\/spacer\";i:10;s:30:\"woocommerce\/product-categories\";i:11;s:10:\"core\/image\";i:12;s:14:\"core\/shortcode\";}s:8:\"uag_flag\";b:1;s:11:\"uag_version\";s:10:\"1777336144\";s:6:\"gfonts\";a:0:{}s:10:\"gfonts_url\";s:0:\"\";s:12:\"gfonts_files\";a:0:{}s:14:\"uag_faq_layout\";b:0;}"]},"uagb_featured_image_src":{"full":["https:\/\/www.ferberpainting.com\/wp-content\/uploads\/2025\/05\/HyacinthFertilizer5L.png",2560,2560,false],"thumbnail":["https:\/\/www.ferberpainting.com\/wp-content\/uploads\/2025\/05\/HyacinthFertilizer5L-150x150.png",150,150,true],"medium":["https:\/\/www.ferberpainting.com\/wp-content\/uploads\/2025\/05\/HyacinthFertilizer5L-300x300.png",300,300,true],"medium_large":["https:\/\/www.ferberpainting.com\/wp-content\/uploads\/2025\/05\/HyacinthFertilizer5L-768x768.png",768,768,true],"large":["https:\/\/www.ferberpainting.com\/wp-content\/uploads\/2025\/05\/HyacinthFertilizer5L-1024x1024.png",1024,1024,true],"1536x1536":["https:\/\/www.ferberpainting.com\/wp-content\/uploads\/2025\/05\/HyacinthFertilizer5L-1536x1536.png",1536,1536,true],"2048x2048":["https:\/\/www.ferberpainting.com\/wp-content\/uploads\/2025\/05\/HyacinthFertilizer5L-2048x2048.png",2048,2048,true],"trp-custom-language-flag":["https:\/\/www.ferberpainting.com\/wp-content\/uploads\/2025\/05\/HyacinthFertilizer5L-12x12.png",12,12,true],"woocommerce_thumbnail":["https:\/\/www.ferberpainting.com\/wp-content\/uploads\/2025\/05\/HyacinthFertilizer5L-300x300.png",300,300,true],"woocommerce_single":["https:\/\/www.ferberpainting.com\/wp-content\/uploads\/2025\/05\/HyacinthFertilizer5L-600x600.png",600,600,true],"woocommerce_gallery_thumbnail":["https:\/\/www.ferberpainting.com\/wp-content\/uploads\/2025\/05\/HyacinthFertilizer5L-100x100.png",100,100,true]},"uagb_author_info":{"display_name":"admin","author_link":"https:\/\/www.ferberpainting.com\/no\/author\/"},"uagb_comment_info":7,"uagb_excerpt":"A fertilizer specially designed for abundant flowering and vigorous bulbs. Hyacinth is a bulbous plant appreciated for its magnificent clusters of flowers in vibrant colors and its captivating fragrance. To ensure abundant blooming and healthy growth, this NPK 15-15-15 fertilizer provides the perfect balance of nitrogen (N) for strong foliage, phosphorus (P) to promote rooting&hellip;","_links":{"self":[{"href":"https:\/\/www.ferberpainting.com\/no\/wp-json\/wp\/v2\/product\/23540","targetHints":{"allow":["GET"]}}],"collection":[{"href":"https:\/\/www.ferberpainting.com\/no\/wp-json\/wp\/v2\/product"}],"about":[{"href":"https:\/\/www.ferberpainting.com\/no\/wp-json\/wp\/v2\/types\/product"}],"replies":[{"embeddable":true,"href":"https:\/\/www.ferberpainting.com\/no\/wp-json\/wp\/v2\/comments?post=23540"}],"version-history":[{"count":4,"href":"https:\/\/www.ferberpainting.com\/no\/wp-json\/wp\/v2\/product\/23540\/revisions"}],"predecessor-version":[{"id":166365,"href":"https:\/\/www.ferberpainting.com\/no\/wp-json\/wp\/v2\/product\/23540\/revisions\/166365"}],"wp:featuredmedia":[{"embeddable":true,"href":"https:\/\/www.ferberpainting.com\/no\/wp-json\/wp\/v2\/media\/26031"}],"wp:attachment":[{"href":"https:\/\/www.ferberpainting.com\/no\/wp-json\/wp\/v2\/media?parent=23540"}],"wp:term":[{"taxonomy":"product_brand","embeddable":true,"href":"https:\/\/www.ferberpainting.com\/no\/wp-json\/wp\/v2\/product_brand?post=23540"},{"taxonomy":"product_cat","embeddable":true,"href":"https:\/\/www.ferberpainting.com\/no\/wp-json\/wp\/v2\/product_cat?post=23540"},{"taxonomy":"product_tag","embeddable":true,"href":"https:\/\/www.ferberpainting.com\/no\/wp-json\/wp\/v2\/product_tag?post=23540"}],"curies":[{"name":"wp","href":"https:\/\/api.w.org\/{rel}","templated":true}]}}