{"id":23523,"date":"2025-05-26T10:24:32","date_gmt":"2025-05-26T08:24:32","guid":{"rendered":"https:\/\/www.ferberpainting.com\/products\/guano-fertilizer\/"},"modified":"2026-02-15T19:15:07","modified_gmt":"2026-02-15T18:15:07","slug":"guano-fertilizer","status":"publish","type":"product","link":"https:\/\/www.ferberpainting.com\/no\/products\/guano-fertilizer\/","title":{"rendered":"Guanogj\u00f8dsel 25 kg"},"content":{"rendered":"<p><strong><img decoding=\"async\" style=\"margin-right: 12px;\" src=\"https:\/\/www.ferberpainting.com\/wp-content\/uploads\/2026\/02\/Check.svg\" alt=\"\" width=\"18\" height=\"15\" \/>En naturlig og kraftig gj\u00f8dsel for rik og balansert gj\u00f8dsling. <\/strong>Guanogj\u00f8dsel er en 100% naturlig gj\u00f8dsel laget av sj\u00f8fugleskitt, som i \u00e5rhundrer har v\u00e6rt kjent for sitt rike innhold av n\u00e6ringsstoffer og sin evne til \u00e5 stimulere plantevekst. Takket v\u00e6re NPK 14-8-2-sammensetningen gir den et h\u00f8yt niv\u00e5 av nitrogen (N) for \u00e5 fremme tett og gr\u00f8nt l\u00f8vverk, fosfor (P) for dyp og solid rotutvikling og kalium (K) for \u00e5 forbedre motstandsdyktigheten mot sykdommer og milj\u00f8stress. Denne gj\u00f8dselen anbefales spesielt for \u00e5 forbedre jordfruktbarheten og oppn\u00e5 sunne og produktive avlinger.<\/p>\n<p><strong><img decoding=\"async\" style=\"margin-right: 12px;\" src=\"https:\/\/www.ferberpainting.com\/wp-content\/uploads\/2026\/02\/Check.svg\" alt=\"\" width=\"18\" height=\"15\" \/>Pengene tilbake-garanti.<\/strong>\u00a0Vi er sikre p\u00e5 effektiviteten til guanogj\u00f8dselen v\u00e5r, og derfor tilbyr vi en pengene-tilbake-garanti. Hvis plantene dine ikke viser noen forbedring i vekst, blomstring eller fruktsetting etter riktig bruk som anbefalt, forplikter vi oss til \u00e5 gi deg pengene tilbake. Du kan bruke den uten risiko og med visshet om at du oppn\u00e5r synlige resultater.<\/p>\n<p><strong><img decoding=\"async\" style=\"margin-right: 12px;\" src=\"https:\/\/www.ferberpainting.com\/wp-content\/uploads\/2026\/02\/Check.svg\" alt=\"\" width=\"18\" height=\"15\" \/>Egnet for alle typer planter og avlinger.<\/strong>\u00a0Denne gj\u00f8dselen er allsidig og passer til et bredt spekter av planter, enten det er gr\u00f8nnsakshager, frukttr\u00e6r, inneplanter, busker, potteplanter eller jordbruksvekster. Den er ogs\u00e5 egnet for alle typer jordsmonn, inkludert fattig, sand-, leire- eller kalkholdig jord, og passer perfekt inn i \u00f8kologisk landbrukspraksis. Enten du dyrker utend\u00f8rs, i drivhus, i potter eller i hager, vil denne gj\u00f8dselen gi plantene dine alle n\u00e6ringsstoffene de trenger for \u00e5 utvikle seg.<\/p>\n<p><strong><img decoding=\"async\" style=\"margin-right: 12px;\" src=\"https:\/\/www.ferberpainting.com\/wp-content\/uploads\/2026\/02\/Check.svg\" alt=\"\" width=\"18\" height=\"15\" \/>\u00d8konomisk avkastning og langvarig gj\u00f8dsling.<\/strong>\u00a0Takket v\u00e6re formuleringen frigj\u00f8r denne gj\u00f8dselen gradvis n\u00e6ringsstoffene i jorden, noe som sikrer b\u00e6rekraftig gj\u00f8dsling og begrenser utvasking av mineraler. En pose p\u00e5 25 kg kan gj\u00f8dsle et betydelig areal, med en anbefalt dosering p\u00e5 200 g per kvadratmeter per \u00e5r, noe som sikrer fullstendig og langvarig n\u00e6ring uten hyppige p\u00e5f\u00f8ringer. Dette optimaliserte utbyttet muliggj\u00f8r effektiv gj\u00f8dsling, samtidig som det reduserer kostnadene og spredehyppigheten.<\/p>\n<p><strong><img decoding=\"async\" style=\"margin-right: 12px;\" src=\"https:\/\/www.ferberpainting.com\/wp-content\/uploads\/2026\/02\/Check.svg\" alt=\"\" width=\"18\" height=\"15\" \/>Et trygt og milj\u00f8vennlig gj\u00f8dselmiddel.<\/strong>\u00a0Guanogj\u00f8dsel er laget av det naturlige og biologisk nedbrytbare produktet 100%, uten kjemiske tilsetningsstoffer, noe som sikrer respekt for jord\u00f8kosystemet og det omkringliggende biologiske mangfoldet. Det fremmer mikrobiell aktivitet i jorda og beriker det organiske materialet, noe som forbedrer vannretensjon og n\u00e6ringstilgjengelighet for planter. Det er trygt for kj\u00e6ledyr og barn, og sikrer trygg bruk i alle typer hager og gr\u00f8nnsaksland.<\/p>\n<p><strong><img decoding=\"async\" style=\"margin-right: 12px;\" src=\"https:\/\/www.ferberpainting.com\/wp-content\/uploads\/2026\/02\/Check.svg\" alt=\"\" width=\"18\" height=\"15\" \/>Enkel p\u00e5f\u00f8ring og uanstrengt gj\u00f8dsling.<\/strong>\u00a0I motsetning til kjemisk gj\u00f8dsel som krever presis dosering og komplisert p\u00e5f\u00f8ring, p\u00e5f\u00f8res guanogj\u00f8dsel direkte p\u00e5 jorden, uten forutg\u00e5ende forberedelser. Det er bare \u00e5 spre det rundt plantene og inkorporere det lett i jorden slik at n\u00e6ringsstoffene frigj\u00f8res gradvis. Denne enkle p\u00e5f\u00f8ringsmetoden gj\u00f8r det mulig for alle, selv amat\u00f8rgartnere, \u00e5 oppn\u00e5 eksepsjonelle resultater med minimal innsats.<\/p>\n<p><strong><img decoding=\"async\" style=\"margin-right: 12px;\" src=\"https:\/\/www.ferberpainting.com\/wp-content\/uploads\/2026\/02\/Check.svg\" alt=\"\" width=\"18\" height=\"15\" \/>En varig effekt p\u00e5 planteveksten og bedre sykdomsresistens.<\/strong>\u00a0Takket v\u00e6re sin langvarige effekt gir denne gj\u00f8dselen n\u00e6ring til planter i flere uker, stimulerer veksten og styrker motstanden mot sykdommer og skadedyr. Det forbedrer toleransen mot klimatiske p\u00e5kjenninger, som t\u00f8rke, frost og ekstrem varme, og sikrer harmonisk utvikling og rikelig blomstring.<\/p>\n<p><strong><img decoding=\"async\" style=\"margin-right: 12px;\" src=\"https:\/\/www.ferberpainting.com\/wp-content\/uploads\/2026\/02\/Check.svg\" alt=\"\" width=\"18\" height=\"15\" \/>Synlige resultater fra de f\u00f8rste ukene.<\/strong>\u00a0Fra f\u00f8rste p\u00e5f\u00f8ring stimulerer denne gj\u00f8dselen fremveksten av nye skudd, forbedrer l\u00f8vkraften og fremmer rikere blomstring. I l\u00f8pet av f\u00e5 uker viser plantene dine akselerert og varig vekst, \u00f8kt produktivitet, mer smakfulle frukter, s\u00f8tere frukter og mer livlige blomster.<\/p>\n<h2><strong>Protokoll for bruk<\/strong><\/h2>\n<ul>\n<li><strong>S\u00f8knadsperiode <\/strong>: P\u00e5f\u00f8r p\u00e5 begynnelsen av v\u00e5ren (mars-april) for \u00e5 fremme gjenvekst av vegetasjon, om sommeren (juni-juli) for \u00e5 \u00f8ke blomstring og frukting, og om h\u00f8sten (september-oktober) for \u00e5 berike jorden f\u00f8r vinteren.<\/li>\n<li><strong>Anbefalt dosering <\/strong>: Fordel 200 g gj\u00f8dsel per kvadratmeter eller per plante, som er omtrent en velfylt h\u00e5ndfull, og juster mengden basert p\u00e5 de spesifikke behovene til hver avling.<\/li>\n<li><strong>P\u00e5f\u00f8ringsmetode <\/strong>:\n<ul>\n<li><strong>Spredning p\u00e5 jorden <\/strong>: Fordel gj\u00f8dselen rundt plantene, ca. 15 til 30 cm fra basen, for \u00e5 unng\u00e5 direkte kontakt med stengler og r\u00f8tter.<\/li>\n<li><strong>Inkorporering av lys <\/strong>: Bruk en rive eller klo til \u00e5 blande gj\u00f8dselen med jordoverflaten (2 til 5 cm dyp) for \u00e5 optimalisere n\u00e6ringsopptaket og forhindre erosjon.<\/li>\n<\/ul>\n<\/li>\n<li><strong>Vanning etter p\u00e5f\u00f8ring <\/strong>: Vann grundig etter spredning for \u00e5 aktivere frigj\u00f8ring av n\u00e6ringsstoffer og fremme deres opptak av r\u00f8ttene.<\/li>\n<li><strong>Pleie og overv\u00e5king <\/strong>: Overv\u00e5k jordfuktigheten og juster vanningen i henhold til plantens behov. I varme perioder m\u00e5 du passe p\u00e5 \u00e5 ikke la jorden t\u00f8rke helt ut for \u00e5 optimalisere gj\u00f8dselens effektivitet.<\/li>\n<li><strong>Forholdsregler for bruk <\/strong>: Ikke overskrid de anbefalte dosene for \u00e5 unng\u00e5 overgj\u00f8dsling, noe som kan f\u00f8re til overskudd av nitrogen, noe som f\u00f8rer til overdreven bladvekst p\u00e5 bekostning av blomstring og frukting. Ikke bruk p\u00e5 frossen eller t\u00f8rr jord i perioder med intens t\u00f8rke uten ekstra vanning.<\/li>\n<li><strong>Oppbevaring og konservering <\/strong>: Oppbevar gj\u00f8dselet p\u00e5 et t\u00f8rt sted, beskyttet mot fuktighet og varme. Forsegl posen forsiktig etter hver bruk for \u00e5 forhindre at produktet endres og for \u00e5 bevare effektiviteten p\u00e5 lang sikt.<\/li>\n<\/ul>\n<p>Med denne guanogj\u00f8dselen kan du gi avlingene dine fullstendig, naturlig og b\u00e6rekraftig n\u00e6ring, noe som sikrer kraftig vekst, rik blomstring og eksepsjonelle avlinger. Enten du er gartner eller profesjonell, er denne gj\u00f8dselen den ideelle l\u00f8sningen for sunne avlinger og raske, synlige resultater.<\/p>","protected":false},"excerpt":{"rendered":"<p>A natural and powerful fertilizer for rich and balanced fertilization. Guano fertilizer is a 100% natural fertilizer made from seabird droppings, recognized for centuries for its richness in nutrients and its ability to stimulate plant growth. Thanks to its NPK 14-8-2 composition, it provides a high level of nitrogen (N) to promote dense and green [&hellip;]<\/p>\n","protected":false},"featured_media":26022,"comment_status":"open","ping_status":"closed","template":"","meta":{"_uag_custom_page_level_css":"","site-sidebar-layout":"default","site-content-layout":"","ast-site-content-layout":"default","site-content-style":"default","site-sidebar-style":"default","ast-global-header-display":"","ast-banner-title-visibility":"","ast-main-header-display":"","ast-hfb-above-header-display":"","ast-hfb-below-header-display":"","ast-hfb-mobile-header-display":"","site-post-title":"","ast-breadcrumbs-content":"","ast-featured-img":"","footer-sml-layout":"","ast-disable-related-posts":"","theme-transparent-header-meta":"default","adv-header-id-meta":"","stick-header-meta":"","header-above-stick-meta":"","header-main-stick-meta":"","header-below-stick-meta":"","astra-migrate-meta-layouts":"set","ast-page-background-enabled":"default","ast-page-background-meta":{"desktop":{"background-color":"var(--ast-global-color-4)","background-image":"","background-repeat":"repeat","background-position":"center center","background-size":"auto","background-attachment":"scroll","background-type":"","background-media":"","overlay-type":"","overlay-color":"","overlay-opacity":"","overlay-gradient":""},"tablet":{"background-color":"","background-image":"","background-repeat":"repeat","background-position":"center center","background-size":"auto","background-attachment":"scroll","background-type":"","background-media":"","overlay-type":"","overlay-color":"","overlay-opacity":"","overlay-gradient":""},"mobile":{"background-color":"","background-image":"","background-repeat":"repeat","background-position":"center center","background-size":"auto","background-attachment":"scroll","background-type":"","background-media":"","overlay-type":"","overlay-color":"","overlay-opacity":"","overlay-gradient":""}},"ast-content-background-meta":{"desktop":{"background-color":"var(--ast-global-color-5)","background-image":"","background-repeat":"repeat","background-position":"center center","background-size":"auto","background-attachment":"scroll","background-type":"","background-media":"","overlay-type":"","overlay-color":"","overlay-opacity":"","overlay-gradient":""},"tablet":{"background-color":"var(--ast-global-color-5)","background-image":"","background-repeat":"repeat","background-position":"center center","background-size":"auto","background-attachment":"scroll","background-type":"","background-media":"","overlay-type":"","overlay-color":"","overlay-opacity":"","overlay-gradient":""},"mobile":{"background-color":"var(--ast-global-color-5)","background-image":"","background-repeat":"repeat","background-position":"center center","background-size":"auto","background-attachment":"scroll","background-type":"","background-media":"","overlay-type":"","overlay-color":"","overlay-opacity":"","overlay-gradient":""}}},"product_brand":[],"product_cat":[178],"product_tag":[],"class_list":{"0":"post-23523","1":"product","2":"type-product","3":"status-publish","4":"has-post-thumbnail","6":"product_cat-fertilizers","7":"desktop-align-left","8":"tablet-align-left","9":"mobile-align-left","11":"first","12":"instock","13":"taxable","14":"shipping-taxable","15":"purchasable","16":"product-type-simple"},"spectra_custom_meta":{"_visibility":["visible"],"_shopify_product_id":["9066913202421"],"_s2w_shopify_domain":["ferberpainting.myshopify.com"],"_shopify_variant_id":["46505277227253"],"_sku":["FPGUANOFERTILIZER25KG"],"_regular_price":["39.90"],"_price":["39.90"],"_sale_price":[""],"_weight":["18.5"],"_thumbnail_id":["26022"],"_global_unique_id":["5056773817333"],"total_sales":["40"],"_tax_status":["taxable"],"_tax_class":[""],"_manage_stock":["no"],"_backorders":["no"],"_sold_individually":["no"],"_virtual":["no"],"_downloadable":["no"],"_download_limit":["-1"],"_download_expiry":["-1"],"_stock":[null],"_stock_status":["instock"],"_wc_average_rating":["5.00"],"_wc_review_count":["1"],"_product_version":["10.5.1"],"_wc_rating_count":["a:1:{i:5;i:1;}"],"_edit_lock":["1771179167:1"],"merchant-center-availability":["yes"],"merchant-center-category":["113"],"_edit_last":["1"],"_wp_page_template":["default"],"site-sidebar-layout":["default"],"ast-site-content-layout":["default"],"site-content-style":["default"],"site-sidebar-style":["default"],"theme-transparent-header-meta":["default"],"astra-migrate-meta-layouts":["set"],"_uag_css_file_name":["uag-css-23523.css"],"_elementor_page_assets":["a:0:{}"],"_uag_page_assets":["a:9:{s:3:\"css\";s:6873:\".wp-block-uagb-image{display:flex}.wp-block-uagb-image__figure{position:relative;display:flex;flex-direction:column;max-width:100%;height:auto;margin:0}.wp-block-uagb-image__figure img{height:auto;display:flex;max-width:100%;transition:box-shadow .2s ease}.wp-block-uagb-image__figure>a{display:inline-block}.wp-block-uagb-image__figure figcaption{text-align:center;margin-top:.5em;margin-bottom:1em}.wp-block-uagb-image .components-placeholder.block-editor-media-placeholder .components-placeholder__instructions{align-self:center}.wp-block-uagb-image--align-left{text-align:left}.wp-block-uagb-image--align-right{text-align:right}.wp-block-uagb-image--align-center{text-align:center}.wp-block-uagb-image--align-full .wp-block-uagb-image__figure{margin-left:calc(50% - 50vw);margin-right:calc(50% - 50vw);max-width:100vw;width:100vw;height:auto}.wp-block-uagb-image--align-full .wp-block-uagb-image__figure img{height:auto;width:100% !important}.wp-block-uagb-image--align-wide .wp-block-uagb-image__figure img{height:auto;width:100%}.wp-block-uagb-image--layout-overlay__color-wrapper{position:absolute;left:0;top:0;right:0;bottom:0;opacity:.2;background:rgba(0,0,0,.5);transition:opacity .35s ease-in-out}.wp-block-uagb-image--layout-overlay-link{position:absolute;left:0;right:0;bottom:0;top:0}.wp-block-uagb-image--layout-overlay .wp-block-uagb-image__figure:hover .wp-block-uagb-image--layout-overlay__color-wrapper{opacity:1}.wp-block-uagb-image--layout-overlay__inner{position:absolute;left:15px;right:15px;bottom:15px;top:15px;display:flex;align-items:center;justify-content:center;flex-direction:column;border-color:#fff;transition:.35s ease-in-out}.wp-block-uagb-image--layout-overlay__inner.top-left,.wp-block-uagb-image--layout-overlay__inner.top-center,.wp-block-uagb-image--layout-overlay__inner.top-right{justify-content:flex-start}.wp-block-uagb-image--layout-overlay__inner.bottom-left,.wp-block-uagb-image--layout-overlay__inner.bottom-center,.wp-block-uagb-image--layout-overlay__inner.bottom-right{justify-content:flex-end}.wp-block-uagb-image--layout-overlay__inner.top-left,.wp-block-uagb-image--layout-overlay__inner.center-left,.wp-block-uagb-image--layout-overlay__inner.bottom-left{align-items:flex-start}.wp-block-uagb-image--layout-overlay__inner.top-right,.wp-block-uagb-image--layout-overlay__inner.center-right,.wp-block-uagb-image--layout-overlay__inner.bottom-right{align-items:flex-end}.wp-block-uagb-image--layout-overlay__inner .uagb-image-heading{color:#fff;transition:transform .35s,opacity .35s ease-in-out;transform:translate3d(0, 24px, 0);margin:0;line-height:1em}.wp-block-uagb-image--layout-overlay__inner .uagb-image-separator{width:30%;border-top-width:2px;border-top-color:#fff;border-top-style:solid;margin-bottom:10px;opacity:0;transition:transform .4s,opacity .4s ease-in-out;transform:translate3d(0, 30px, 0)}.wp-block-uagb-image--layout-overlay__inner .uagb-image-caption{opacity:0;overflow:visible;color:#fff;transition:transform .45s,opacity .45s ease-in-out;transform:translate3d(0, 35px, 0)}.wp-block-uagb-image--layout-overlay__inner:hover .uagb-image-heading,.wp-block-uagb-image--layout-overlay__inner:hover .uagb-image-separator,.wp-block-uagb-image--layout-overlay__inner:hover .uagb-image-caption{opacity:1;transform:translate3d(0, 0, 0)}.wp-block-uagb-image--effect-zoomin .wp-block-uagb-image__figure img,.wp-block-uagb-image--effect-zoomin .wp-block-uagb-image__figure .wp-block-uagb-image--layout-overlay__color-wrapper{transform:scale(1);transition:transform .35s ease-in-out}.wp-block-uagb-image--effect-zoomin .wp-block-uagb-image__figure:hover img,.wp-block-uagb-image--effect-zoomin .wp-block-uagb-image__figure:hover .wp-block-uagb-image--layout-overlay__color-wrapper{transform:scale(1.05)}.wp-block-uagb-image--effect-slide .wp-block-uagb-image__figure img,.wp-block-uagb-image--effect-slide .wp-block-uagb-image__figure .wp-block-uagb-image--layout-overlay__color-wrapper{width:calc(100% + 40px) !important;max-width:none !important;transform:translate3d(-40px, 0, 0);transition:transform .35s ease-in-out}.wp-block-uagb-image--effect-slide .wp-block-uagb-image__figure:hover img,.wp-block-uagb-image--effect-slide .wp-block-uagb-image__figure:hover .wp-block-uagb-image--layout-overlay__color-wrapper{transform:translate3d(0, 0, 0)}.wp-block-uagb-image--effect-grayscale img{filter:grayscale(0%);transition:.35s ease-in-out}.wp-block-uagb-image--effect-grayscale:hover img{filter:grayscale(100%)}.wp-block-uagb-image--effect-blur img{filter:blur(0);transition:.35s ease-in-out}.wp-block-uagb-image--effect-blur:hover img{filter:blur(3px)}.uagb-block-e6f939b3.wp-block-uagb-image--layout-default figure img{box-shadow: 0px 0px 0 #00000070;}.uagb-block-e6f939b3.wp-block-uagb-image .wp-block-uagb-image__figure figcaption{font-style: normal;align-self: center;}.uagb-block-e6f939b3.wp-block-uagb-image--layout-overlay figure img{box-shadow: 0px 0px 0 #00000070;}.uagb-block-e6f939b3.wp-block-uagb-image--layout-overlay .wp-block-uagb-image--layout-overlay__color-wrapper{opacity: 0.2;}.uagb-block-e6f939b3.wp-block-uagb-image--layout-overlay .wp-block-uagb-image--layout-overlay__inner{left: 15px;right: 15px;top: 15px;bottom: 15px;}.uagb-block-e6f939b3.wp-block-uagb-image--layout-overlay .wp-block-uagb-image--layout-overlay__inner .uagb-image-heading{font-style: normal;color: #fff;opacity: 1;}.uagb-block-e6f939b3.wp-block-uagb-image--layout-overlay .wp-block-uagb-image--layout-overlay__inner .uagb-image-heading a{color: #fff;}.uagb-block-e6f939b3.wp-block-uagb-image--layout-overlay .wp-block-uagb-image--layout-overlay__inner .uagb-image-caption{opacity: 0;}.uagb-block-e6f939b3.wp-block-uagb-image--layout-overlay .wp-block-uagb-image__figure:hover .wp-block-uagb-image--layout-overlay__color-wrapper{opacity: 1;}.uagb-block-e6f939b3.wp-block-uagb-image .wp-block-uagb-image--layout-overlay__inner .uagb-image-separator{width: 30%;border-top-width: 2px;border-top-color: #fff;opacity: 0;}.uagb-block-e6f939b3.wp-block-uagb-image .wp-block-uagb-image__figure img{width: px;height: auto;}.uagb-block-e6f939b3.wp-block-uagb-image .wp-block-uagb-image__figure:hover .wp-block-uagb-image--layout-overlay__inner .uagb-image-caption{opacity: 1;}.uagb-block-e6f939b3.wp-block-uagb-image .wp-block-uagb-image__figure:hover .wp-block-uagb-image--layout-overlay__inner .uagb-image-separator{opacity: 1;}.uagb-block-e6f939b3.wp-block-uagb-image--layout-default figure:hover img{box-shadow: 0px 0px 0 #00000070;}.uagb-block-e6f939b3.wp-block-uagb-image--layout-overlay figure:hover img{box-shadow: 0px 0px 0 #00000070;}@media only screen and (max-width: 976px) {.uagb-block-e6f939b3.wp-block-uagb-image .wp-block-uagb-image__figure img{width: px;height: auto;}}@media only screen and (max-width: 767px) {.uagb-block-e6f939b3.wp-block-uagb-image .wp-block-uagb-image__figure img{width: px;height: auto;}}\";s:2:\"js\";s:0:\"\";s:18:\"current_block_list\";a:13:{i:0;s:11:\"core\/search\";i:1;s:10:\"core\/group\";i:2;s:12:\"core\/heading\";i:3;s:17:\"core\/latest-posts\";i:4;s:20:\"core\/latest-comments\";i:5;s:13:\"core\/archives\";i:6;s:15:\"core\/categories\";i:7;s:14:\"core\/paragraph\";i:8;s:10:\"uagb\/image\";i:9;s:11:\"core\/spacer\";i:10;s:30:\"woocommerce\/product-categories\";i:11;s:10:\"core\/image\";i:12;s:14:\"core\/shortcode\";}s:8:\"uag_flag\";b:1;s:11:\"uag_version\";s:10:\"1777307099\";s:6:\"gfonts\";a:0:{}s:10:\"gfonts_url\";s:0:\"\";s:12:\"gfonts_files\";a:0:{}s:14:\"uag_faq_layout\";b:0;}"]},"uagb_featured_image_src":{"full":["https:\/\/www.ferberpainting.com\/wp-content\/uploads\/2025\/05\/GuanoFertilizer.png",2560,2560,false],"thumbnail":["https:\/\/www.ferberpainting.com\/wp-content\/uploads\/2025\/05\/GuanoFertilizer-150x150.png",150,150,true],"medium":["https:\/\/www.ferberpainting.com\/wp-content\/uploads\/2025\/05\/GuanoFertilizer-300x300.png",300,300,true],"medium_large":["https:\/\/www.ferberpainting.com\/wp-content\/uploads\/2025\/05\/GuanoFertilizer-768x768.png",768,768,true],"large":["https:\/\/www.ferberpainting.com\/wp-content\/uploads\/2025\/05\/GuanoFertilizer-1024x1024.png",1024,1024,true],"1536x1536":["https:\/\/www.ferberpainting.com\/wp-content\/uploads\/2025\/05\/GuanoFertilizer-1536x1536.png",1536,1536,true],"2048x2048":["https:\/\/www.ferberpainting.com\/wp-content\/uploads\/2025\/05\/GuanoFertilizer-2048x2048.png",2048,2048,true],"trp-custom-language-flag":["https:\/\/www.ferberpainting.com\/wp-content\/uploads\/2025\/05\/GuanoFertilizer-12x12.png",12,12,true],"woocommerce_thumbnail":["https:\/\/www.ferberpainting.com\/wp-content\/uploads\/2025\/05\/GuanoFertilizer-300x300.png",300,300,true],"woocommerce_single":["https:\/\/www.ferberpainting.com\/wp-content\/uploads\/2025\/05\/GuanoFertilizer-600x600.png",600,600,true],"woocommerce_gallery_thumbnail":["https:\/\/www.ferberpainting.com\/wp-content\/uploads\/2025\/05\/GuanoFertilizer-100x100.png",100,100,true]},"uagb_author_info":{"display_name":"admin","author_link":"https:\/\/www.ferberpainting.com\/no\/author\/"},"uagb_comment_info":1,"uagb_excerpt":"A natural and powerful fertilizer for rich and balanced fertilization. Guano fertilizer is a 100% natural fertilizer made from seabird droppings, recognized for centuries for its richness in nutrients and its ability to stimulate plant growth. Thanks to its NPK 14-8-2 composition, it provides a high level of nitrogen (N) to promote dense and green&hellip;","_links":{"self":[{"href":"https:\/\/www.ferberpainting.com\/no\/wp-json\/wp\/v2\/product\/23523","targetHints":{"allow":["GET"]}}],"collection":[{"href":"https:\/\/www.ferberpainting.com\/no\/wp-json\/wp\/v2\/product"}],"about":[{"href":"https:\/\/www.ferberpainting.com\/no\/wp-json\/wp\/v2\/types\/product"}],"replies":[{"embeddable":true,"href":"https:\/\/www.ferberpainting.com\/no\/wp-json\/wp\/v2\/comments?post=23523"}],"version-history":[{"count":6,"href":"https:\/\/www.ferberpainting.com\/no\/wp-json\/wp\/v2\/product\/23523\/revisions"}],"predecessor-version":[{"id":166351,"href":"https:\/\/www.ferberpainting.com\/no\/wp-json\/wp\/v2\/product\/23523\/revisions\/166351"}],"wp:featuredmedia":[{"embeddable":true,"href":"https:\/\/www.ferberpainting.com\/no\/wp-json\/wp\/v2\/media\/26022"}],"wp:attachment":[{"href":"https:\/\/www.ferberpainting.com\/no\/wp-json\/wp\/v2\/media?parent=23523"}],"wp:term":[{"taxonomy":"product_brand","embeddable":true,"href":"https:\/\/www.ferberpainting.com\/no\/wp-json\/wp\/v2\/product_brand?post=23523"},{"taxonomy":"product_cat","embeddable":true,"href":"https:\/\/www.ferberpainting.com\/no\/wp-json\/wp\/v2\/product_cat?post=23523"},{"taxonomy":"product_tag","embeddable":true,"href":"https:\/\/www.ferberpainting.com\/no\/wp-json\/wp\/v2\/product_tag?post=23523"}],"curies":[{"name":"wp","href":"https:\/\/api.w.org\/{rel}","templated":true}]}}