{"id":23480,"date":"2025-05-26T10:24:21","date_gmt":"2025-05-26T08:24:21","guid":{"rendered":"https:\/\/www.ferberpainting.com\/products\/garden-and-vegetable-fertilizer\/"},"modified":"2026-02-15T14:18:46","modified_gmt":"2026-02-15T13:18:46","slug":"garden-and-vegetable-fertilizer","status":"publish","type":"product","link":"https:\/\/www.ferberpainting.com\/no\/products\/garden-and-vegetable-fertilizer\/","title":{"rendered":"Hage- og gr\u00f8nnsaksgj\u00f8dsel 25 kg"},"content":{"rendered":"<p><img decoding=\"async\" style=\"margin-right: 12px;\" src=\"https:\/\/www.ferberpainting.com\/wp-content\/uploads\/2026\/02\/Check.svg\" alt=\"\" width=\"18\" height=\"15\" \/><strong>En komplett gj\u00f8dsel for en produktiv gr\u00f8nnsakshage og en blomstrende hage.<\/strong>\u00a0Denne gj\u00f8dselen er spesielt utviklet for gr\u00f8nnsaker, frukt og hageplanter og gir en balansert tilf\u00f8rsel av nitrogen (N), fosfor (P) og kalium (K) med en NPK 10-10-10-formel. Det fremmer kraftig vekst, rikelig avling og bedre motstandskraft mot sykdommer og klimatiske farer.<\/p>\n<p><img decoding=\"async\" style=\"margin-right: 12px;\" src=\"https:\/\/www.ferberpainting.com\/wp-content\/uploads\/2026\/02\/Check.svg\" alt=\"\" width=\"18\" height=\"15\" \/><strong>Pengene tilbake-garanti.<\/strong>\u00a0Vi er sikre p\u00e5 effektiviteten til gj\u00f8dselen v\u00e5r og garanterer full refusjon hvis du ikke er forn\u00f8yd med resultatene etter riktig bruk som anbefalt. Din tilfredshet og suksessen til gr\u00f8nnsakshagen din er v\u00e5r h\u00f8yeste prioritet.<\/p>\n<p><img decoding=\"async\" style=\"margin-right: 12px;\" src=\"https:\/\/www.ferberpainting.com\/wp-content\/uploads\/2026\/02\/Check.svg\" alt=\"\" width=\"18\" height=\"15\" \/><strong>Egnet for alle typer avlinger.<\/strong>\u00a0Denne gj\u00f8dselen er tilpasset alle gr\u00f8nnsakshager, inkludert tomater, courgetter, salat, gulr\u00f8tter, k\u00e5l, poteter, b\u00f8nner, reddiker og aromatiske urter som basilikum og persille. Den er ogs\u00e5 perfekt for prydplanter, busker og hageblomster, og gir de n\u00f8dvendige n\u00e6ringsstoffene for optimal utvikling.<\/p>\n<p><img decoding=\"async\" style=\"margin-right: 12px;\" src=\"https:\/\/www.ferberpainting.com\/wp-content\/uploads\/2026\/02\/Check.svg\" alt=\"\" width=\"18\" height=\"15\" \/><strong>Utmerket \u00f8konomisk utbytte.<\/strong>\u00a0En 25 kg sekk med gj\u00f8dsel kan dekke et betydelig omr\u00e5de av hagen din. Takket v\u00e6re den optimale doseringen bidrar den til \u00e5 oppn\u00e5 sjener\u00f8se avlinger samtidig som den begrenser innsatsfaktorene. Den brukes uten fortynning, noe som sikrer rask og enkel p\u00e5f\u00f8ring samtidig som den garanterer b\u00e6rekraftig og effektiv gj\u00f8dsling.<\/p>\n<p><img decoding=\"async\" style=\"margin-right: 12px;\" src=\"https:\/\/www.ferberpainting.com\/wp-content\/uploads\/2026\/02\/Check.svg\" alt=\"\" width=\"18\" height=\"15\" \/><strong>Et trygt produkt for jordsmonn og planter.<\/strong>\u00a0Denne gj\u00f8dselen er utviklet for \u00e5 ta hensyn til milj\u00f8et, og inneholder ingen skadelige kjemiske produkter. Den fremmer jordens mikrobielle liv og forbedrer dermed strukturen og fruktbarheten p\u00e5 lang sikt. Den er trygg for spiselige avlinger, noe som sikrer sunn og velsmakende frukt og gr\u00f8nnsaker.<\/p>\n<p><img decoding=\"async\" style=\"margin-right: 12px;\" src=\"https:\/\/www.ferberpainting.com\/wp-content\/uploads\/2026\/02\/Check.svg\" alt=\"\" width=\"18\" height=\"15\" \/><strong>En enkel og rask applikasjon.<\/strong>\u00a0I motsetning til flytende gj\u00f8dsel som krever n\u00f8yaktig dosering og fortynning, spres denne gj\u00f8dselen direkte p\u00e5 jorden, noe som reduserer forberedelsestiden og forenkler bruken. Den kan p\u00e5f\u00f8res manuelt eller med en spreder, avhengig av st\u00f8rrelsen p\u00e5 hagen eller gr\u00f8nnsakspartiet.<\/p>\n<p><img decoding=\"async\" style=\"margin-right: 12px;\" src=\"https:\/\/www.ferberpainting.com\/wp-content\/uploads\/2026\/02\/Check.svg\" alt=\"\" width=\"18\" height=\"15\" \/><strong>Et b\u00e6rekraftig tiltak for rikelig innh\u00f8sting.<\/strong>\u00a0Takket v\u00e6re den langsomme frigj\u00f8ringen sikrer denne gj\u00f8dselen kontinuerlig planten\u00e6ring, noe som reduserer risikoen for n\u00e6ringsmangel. Den stimulerer rotveksten, \u00f8ker motstandsdyktigheten mot sykdommer og forbedrer kvaliteten og smaken p\u00e5 innh\u00f8stingen.<\/p>\n<p><img decoding=\"async\" style=\"margin-right: 12px;\" src=\"https:\/\/www.ferberpainting.com\/wp-content\/uploads\/2026\/02\/Check.svg\" alt=\"\" width=\"18\" height=\"15\" \/><strong>Synlige resultater i l\u00f8pet av de f\u00f8rste ukene.<\/strong>\u00a0Etter noen ukers bruk vil du legge merke til raskere vekst, tettere bladverk og mer smakfulle, mer fargerike frukter og gr\u00f8nnsaker. Den balanserte n\u00e6ringstilf\u00f8rselen bidrar til sjener\u00f8se avlinger av h\u00f8y kvalitet.<\/p>\n<h2><strong>Protokoll for bruk<\/strong><\/h2>\n<p><strong>Anbefalt dosering <\/strong>:<\/p>\n<ul>\n<li><strong>Gr\u00f8nnsakshager (tomater, courgetter, salat, gulr\u00f8tter osv.) <\/strong>: P\u00e5f\u00f8r 100 g per m\u00b2 i begynnelsen av sesongen og gjenta hver 4. uke for \u00e5 sikre kontinuerlig vekst.<\/li>\n<li><strong>Busker og frukttr\u00e6r (eple-, p\u00e6re-, kirseb\u00e6rtr\u00e6r osv.) <\/strong>: P\u00e5f\u00f8r 200 g per tre, spre det godt rundt stammen, og vann deretter for \u00e5 fremme n\u00e6ringsinntrengning.<\/li>\n<li><strong>Blomstrende planter og prydplanter<\/strong>: Tilf\u00f8r 80 g per m\u00b2 f\u00f8r planting eller som vedlikehold, en gang i m\u00e5neden.<\/li>\n<\/ul>\n<p><strong>S\u00f8knadsfrekvens <\/strong>:<\/p>\n<ul>\n<li><strong>Om v\u00e5ren<\/strong>: P\u00e5f\u00f8r gj\u00f8dselen n\u00e5r du forbereder jorden, f\u00f8r s\u00e5ing eller planting, for \u00e5 fremme god forankring og rask innledende vekst.<\/li>\n<li><strong>Om sommeren<\/strong>: Gjenta hver 4. til 6. uke, spesielt for hurtigvoksende gr\u00f8nnsaker som salat og reddiker.<\/li>\n<li><strong>Om h\u00f8sten<\/strong>: Brukes til \u00e5 forberede jorden for vinteravlinger eller til \u00e5 styrke fler\u00e5rige planter og busker f\u00f8r den kalde \u00e5rstiden.<\/li>\n<\/ul>\n<p><strong>P\u00e5f\u00f8ringsmetode <\/strong>:<\/p>\n<ul>\n<li>Spred direkte p\u00e5 jorden, og s\u00f8rg for at granulatene fordeles jevnt.<\/li>\n<li>Bland lett ned i jorden med en rive eller hakke for \u00e5 fremme rotopptak.<\/li>\n<li>Vann etter p\u00e5f\u00f8ring for \u00e5 aktivere frigj\u00f8ring av n\u00e6ringsstoffer og sikre rask assimilering av plantene.<\/li>\n<\/ul>\n<p><strong>Forholdsregler for bruk <\/strong>:<\/p>\n<ul>\n<li>Ikke overdos\u00e9r for \u00e5 unng\u00e5 for mye nitrogen, noe som kan fremme overdreven bladvekst til skade for frukt og gr\u00f8nnsaker.<\/li>\n<li>Unng\u00e5 \u00e5 spre gj\u00f8dsel under ekstrem t\u00f8rke, med mindre vanning er planlagt etter p\u00e5f\u00f8ring.<\/li>\n<li>Oppbevares t\u00f8rt og godt forseglet for \u00e5 bevare de gj\u00f8dslende egenskapene og unng\u00e5 fuktighet.<\/li>\n<\/ul>\n<p>Takket v\u00e6re denne gj\u00f8dselen for gr\u00f8nnsakshager, hager og avlinger kan du sikre sjener\u00f8se avlinger, sunn vekst og en fruktbar jord hele \u00e5ret. Den balanserte formelen garanterer en harmonisk utvikling av avlingen, og gir alle de essensielle n\u00e6ringsstoffene hagen din trenger.<\/p>","protected":false},"excerpt":{"rendered":"<p>A complete fertilizer for a productive vegetable garden and a flourishing garden.\u00a0This fertilizer specially designed for vegetables, fruits, and garden plants provides a balanced supply of nitrogen (N), phosphorus (P), and potassium (K) with an NPK 10-10-10 formula. It promotes vigorous growth, abundant harvests, and better resistance to diseases and climatic hazards. Money-back guarantee.\u00a0We are [&hellip;]<\/p>\n","protected":false},"featured_media":26005,"comment_status":"open","ping_status":"closed","template":"","meta":{"_uag_custom_page_level_css":"","site-sidebar-layout":"default","site-content-layout":"","ast-site-content-layout":"default","site-content-style":"default","site-sidebar-style":"default","ast-global-header-display":"","ast-banner-title-visibility":"","ast-main-header-display":"","ast-hfb-above-header-display":"","ast-hfb-below-header-display":"","ast-hfb-mobile-header-display":"","site-post-title":"","ast-breadcrumbs-content":"","ast-featured-img":"","footer-sml-layout":"","ast-disable-related-posts":"","theme-transparent-header-meta":"default","adv-header-id-meta":"","stick-header-meta":"","header-above-stick-meta":"","header-main-stick-meta":"","header-below-stick-meta":"","astra-migrate-meta-layouts":"set","ast-page-background-enabled":"default","ast-page-background-meta":{"desktop":{"background-color":"var(--ast-global-color-4)","background-image":"","background-repeat":"repeat","background-position":"center center","background-size":"auto","background-attachment":"scroll","background-type":"","background-media":"","overlay-type":"","overlay-color":"","overlay-opacity":"","overlay-gradient":""},"tablet":{"background-color":"","background-image":"","background-repeat":"repeat","background-position":"center center","background-size":"auto","background-attachment":"scroll","background-type":"","background-media":"","overlay-type":"","overlay-color":"","overlay-opacity":"","overlay-gradient":""},"mobile":{"background-color":"","background-image":"","background-repeat":"repeat","background-position":"center center","background-size":"auto","background-attachment":"scroll","background-type":"","background-media":"","overlay-type":"","overlay-color":"","overlay-opacity":"","overlay-gradient":""}},"ast-content-background-meta":{"desktop":{"background-color":"var(--ast-global-color-5)","background-image":"","background-repeat":"repeat","background-position":"center center","background-size":"auto","background-attachment":"scroll","background-type":"","background-media":"","overlay-type":"","overlay-color":"","overlay-opacity":"","overlay-gradient":""},"tablet":{"background-color":"var(--ast-global-color-5)","background-image":"","background-repeat":"repeat","background-position":"center center","background-size":"auto","background-attachment":"scroll","background-type":"","background-media":"","overlay-type":"","overlay-color":"","overlay-opacity":"","overlay-gradient":""},"mobile":{"background-color":"var(--ast-global-color-5)","background-image":"","background-repeat":"repeat","background-position":"center center","background-size":"auto","background-attachment":"scroll","background-type":"","background-media":"","overlay-type":"","overlay-color":"","overlay-opacity":"","overlay-gradient":""}}},"product_brand":[],"product_cat":[178],"product_tag":[],"class_list":{"0":"post-23480","1":"product","2":"type-product","3":"status-publish","4":"has-post-thumbnail","6":"product_cat-fertilizers","7":"desktop-align-left","8":"tablet-align-left","9":"mobile-align-left","11":"first","12":"instock","13":"taxable","14":"shipping-taxable","15":"purchasable","16":"product-type-simple"},"spectra_custom_meta":{"_visibility":["visible"],"_shopify_product_id":["9071376236789"],"_s2w_shopify_domain":["ferberpainting.myshopify.com"],"_shopify_variant_id":["46516204142837"],"_sku":["FPGARDENANDVEGETABLEFERTILIZER25KG"],"_regular_price":["39.90"],"_price":["39.90"],"_sale_price":[""],"_weight":["18.7"],"_thumbnail_id":["26005"],"_global_unique_id":["5056773817753"],"total_sales":["3"],"_tax_status":["taxable"],"_tax_class":[""],"_manage_stock":["no"],"_backorders":["no"],"_sold_individually":["no"],"_virtual":["no"],"_downloadable":["no"],"_download_limit":["-1"],"_download_expiry":["-1"],"_stock":[null],"_stock_status":["instock"],"_wc_average_rating":["5.00"],"_wc_review_count":["29"],"_product_version":["10.5.1"],"_edit_lock":["1771161388:1"],"_wc_rating_count":["a:1:{i:5;i:29;}"],"merchant-center-availability":["yes"],"merchant-center-category":["113"],"_edit_last":["1"],"_wp_page_template":["default"],"site-sidebar-layout":["default"],"ast-site-content-layout":["default"],"site-content-style":["default"],"site-sidebar-style":["default"],"theme-transparent-header-meta":["default"],"astra-migrate-meta-layouts":["set"],"_uag_css_file_name":["uag-css-23480.css"],"_elementor_page_assets":["a:0:{}"],"_uag_page_assets":["a:9:{s:3:\"css\";s:7133:\".uag-blocks-common-selector{z-index:var(--z-index-desktop) !important}@media(max-width: 976px){.uag-blocks-common-selector{z-index:var(--z-index-tablet) !important}}@media(max-width: 767px){.uag-blocks-common-selector{z-index:var(--z-index-mobile) !important}}.wp-block-uagb-image{display:flex}.wp-block-uagb-image__figure{position:relative;display:flex;flex-direction:column;max-width:100%;height:auto;margin:0}.wp-block-uagb-image__figure img{height:auto;display:flex;max-width:100%;transition:box-shadow .2s ease}.wp-block-uagb-image__figure>a{display:inline-block}.wp-block-uagb-image__figure figcaption{text-align:center;margin-top:.5em;margin-bottom:1em}.wp-block-uagb-image .components-placeholder.block-editor-media-placeholder .components-placeholder__instructions{align-self:center}.wp-block-uagb-image--align-left{text-align:left}.wp-block-uagb-image--align-right{text-align:right}.wp-block-uagb-image--align-center{text-align:center}.wp-block-uagb-image--align-full .wp-block-uagb-image__figure{margin-left:calc(50% - 50vw);margin-right:calc(50% - 50vw);max-width:100vw;width:100vw;height:auto}.wp-block-uagb-image--align-full .wp-block-uagb-image__figure img{height:auto;width:100% !important}.wp-block-uagb-image--align-wide .wp-block-uagb-image__figure img{height:auto;width:100%}.wp-block-uagb-image--layout-overlay__color-wrapper{position:absolute;left:0;top:0;right:0;bottom:0;opacity:.2;background:rgba(0,0,0,.5);transition:opacity .35s ease-in-out}.wp-block-uagb-image--layout-overlay-link{position:absolute;left:0;right:0;bottom:0;top:0}.wp-block-uagb-image--layout-overlay .wp-block-uagb-image__figure:hover .wp-block-uagb-image--layout-overlay__color-wrapper{opacity:1}.wp-block-uagb-image--layout-overlay__inner{position:absolute;left:15px;right:15px;bottom:15px;top:15px;display:flex;align-items:center;justify-content:center;flex-direction:column;border-color:#fff;transition:.35s ease-in-out}.wp-block-uagb-image--layout-overlay__inner.top-left,.wp-block-uagb-image--layout-overlay__inner.top-center,.wp-block-uagb-image--layout-overlay__inner.top-right{justify-content:flex-start}.wp-block-uagb-image--layout-overlay__inner.bottom-left,.wp-block-uagb-image--layout-overlay__inner.bottom-center,.wp-block-uagb-image--layout-overlay__inner.bottom-right{justify-content:flex-end}.wp-block-uagb-image--layout-overlay__inner.top-left,.wp-block-uagb-image--layout-overlay__inner.center-left,.wp-block-uagb-image--layout-overlay__inner.bottom-left{align-items:flex-start}.wp-block-uagb-image--layout-overlay__inner.top-right,.wp-block-uagb-image--layout-overlay__inner.center-right,.wp-block-uagb-image--layout-overlay__inner.bottom-right{align-items:flex-end}.wp-block-uagb-image--layout-overlay__inner .uagb-image-heading{color:#fff;transition:transform .35s,opacity .35s ease-in-out;transform:translate3d(0, 24px, 0);margin:0;line-height:1em}.wp-block-uagb-image--layout-overlay__inner .uagb-image-separator{width:30%;border-top-width:2px;border-top-color:#fff;border-top-style:solid;margin-bottom:10px;opacity:0;transition:transform .4s,opacity .4s ease-in-out;transform:translate3d(0, 30px, 0)}.wp-block-uagb-image--layout-overlay__inner .uagb-image-caption{opacity:0;overflow:visible;color:#fff;transition:transform .45s,opacity .45s ease-in-out;transform:translate3d(0, 35px, 0)}.wp-block-uagb-image--layout-overlay__inner:hover .uagb-image-heading,.wp-block-uagb-image--layout-overlay__inner:hover .uagb-image-separator,.wp-block-uagb-image--layout-overlay__inner:hover .uagb-image-caption{opacity:1;transform:translate3d(0, 0, 0)}.wp-block-uagb-image--effect-zoomin .wp-block-uagb-image__figure img,.wp-block-uagb-image--effect-zoomin .wp-block-uagb-image__figure .wp-block-uagb-image--layout-overlay__color-wrapper{transform:scale(1);transition:transform .35s ease-in-out}.wp-block-uagb-image--effect-zoomin .wp-block-uagb-image__figure:hover img,.wp-block-uagb-image--effect-zoomin .wp-block-uagb-image__figure:hover .wp-block-uagb-image--layout-overlay__color-wrapper{transform:scale(1.05)}.wp-block-uagb-image--effect-slide .wp-block-uagb-image__figure img,.wp-block-uagb-image--effect-slide .wp-block-uagb-image__figure .wp-block-uagb-image--layout-overlay__color-wrapper{width:calc(100% + 40px) !important;max-width:none !important;transform:translate3d(-40px, 0, 0);transition:transform .35s ease-in-out}.wp-block-uagb-image--effect-slide .wp-block-uagb-image__figure:hover img,.wp-block-uagb-image--effect-slide .wp-block-uagb-image__figure:hover .wp-block-uagb-image--layout-overlay__color-wrapper{transform:translate3d(0, 0, 0)}.wp-block-uagb-image--effect-grayscale img{filter:grayscale(0%);transition:.35s ease-in-out}.wp-block-uagb-image--effect-grayscale:hover img{filter:grayscale(100%)}.wp-block-uagb-image--effect-blur img{filter:blur(0);transition:.35s ease-in-out}.wp-block-uagb-image--effect-blur:hover img{filter:blur(3px)}.uagb-block-e6f939b3.wp-block-uagb-image--layout-default figure img{box-shadow: 0px 0px 0 #00000070;}.uagb-block-e6f939b3.wp-block-uagb-image .wp-block-uagb-image__figure figcaption{font-style: normal;align-self: center;}.uagb-block-e6f939b3.wp-block-uagb-image--layout-overlay figure img{box-shadow: 0px 0px 0 #00000070;}.uagb-block-e6f939b3.wp-block-uagb-image--layout-overlay .wp-block-uagb-image--layout-overlay__color-wrapper{opacity: 0.2;}.uagb-block-e6f939b3.wp-block-uagb-image--layout-overlay .wp-block-uagb-image--layout-overlay__inner{left: 15px;right: 15px;top: 15px;bottom: 15px;}.uagb-block-e6f939b3.wp-block-uagb-image--layout-overlay .wp-block-uagb-image--layout-overlay__inner .uagb-image-heading{font-style: normal;color: #fff;opacity: 1;}.uagb-block-e6f939b3.wp-block-uagb-image--layout-overlay .wp-block-uagb-image--layout-overlay__inner .uagb-image-heading a{color: #fff;}.uagb-block-e6f939b3.wp-block-uagb-image--layout-overlay .wp-block-uagb-image--layout-overlay__inner .uagb-image-caption{opacity: 0;}.uagb-block-e6f939b3.wp-block-uagb-image--layout-overlay .wp-block-uagb-image__figure:hover .wp-block-uagb-image--layout-overlay__color-wrapper{opacity: 1;}.uagb-block-e6f939b3.wp-block-uagb-image .wp-block-uagb-image--layout-overlay__inner .uagb-image-separator{width: 30%;border-top-width: 2px;border-top-color: #fff;opacity: 0;}.uagb-block-e6f939b3.wp-block-uagb-image .wp-block-uagb-image__figure img{width: px;height: auto;}.uagb-block-e6f939b3.wp-block-uagb-image .wp-block-uagb-image__figure:hover .wp-block-uagb-image--layout-overlay__inner .uagb-image-caption{opacity: 1;}.uagb-block-e6f939b3.wp-block-uagb-image .wp-block-uagb-image__figure:hover .wp-block-uagb-image--layout-overlay__inner .uagb-image-separator{opacity: 1;}.uagb-block-e6f939b3.wp-block-uagb-image--layout-default figure:hover img{box-shadow: 0px 0px 0 #00000070;}.uagb-block-e6f939b3.wp-block-uagb-image--layout-overlay figure:hover img{box-shadow: 0px 0px 0 #00000070;}@media only screen and (max-width: 976px) {.uagb-block-e6f939b3.wp-block-uagb-image .wp-block-uagb-image__figure img{width: px;height: auto;}}@media only screen and (max-width: 767px) {.uagb-block-e6f939b3.wp-block-uagb-image .wp-block-uagb-image__figure img{width: px;height: auto;}}\";s:2:\"js\";s:0:\"\";s:18:\"current_block_list\";a:13:{i:0;s:11:\"core\/search\";i:1;s:10:\"core\/group\";i:2;s:12:\"core\/heading\";i:3;s:17:\"core\/latest-posts\";i:4;s:20:\"core\/latest-comments\";i:5;s:13:\"core\/archives\";i:6;s:15:\"core\/categories\";i:7;s:14:\"core\/paragraph\";i:8;s:10:\"uagb\/image\";i:9;s:11:\"core\/spacer\";i:10;s:30:\"woocommerce\/product-categories\";i:11;s:10:\"core\/image\";i:12;s:14:\"core\/shortcode\";}s:8:\"uag_flag\";b:1;s:11:\"uag_version\";s:10:\"1777198165\";s:6:\"gfonts\";a:0:{}s:10:\"gfonts_url\";s:0:\"\";s:12:\"gfonts_files\";a:0:{}s:14:\"uag_faq_layout\";b:0;}"]},"uagb_featured_image_src":{"full":["https:\/\/www.ferberpainting.com\/wp-content\/uploads\/2025\/05\/GardenandVegetableFertilizer02.png",2560,2560,false],"thumbnail":["https:\/\/www.ferberpainting.com\/wp-content\/uploads\/2025\/05\/GardenandVegetableFertilizer02-150x150.png",150,150,true],"medium":["https:\/\/www.ferberpainting.com\/wp-content\/uploads\/2025\/05\/GardenandVegetableFertilizer02-300x300.png",300,300,true],"medium_large":["https:\/\/www.ferberpainting.com\/wp-content\/uploads\/2025\/05\/GardenandVegetableFertilizer02-768x768.png",768,768,true],"large":["https:\/\/www.ferberpainting.com\/wp-content\/uploads\/2025\/05\/GardenandVegetableFertilizer02-1024x1024.png",1024,1024,true],"1536x1536":["https:\/\/www.ferberpainting.com\/wp-content\/uploads\/2025\/05\/GardenandVegetableFertilizer02-1536x1536.png",1536,1536,true],"2048x2048":["https:\/\/www.ferberpainting.com\/wp-content\/uploads\/2025\/05\/GardenandVegetableFertilizer02-2048x2048.png",2048,2048,true],"trp-custom-language-flag":["https:\/\/www.ferberpainting.com\/wp-content\/uploads\/2025\/05\/GardenandVegetableFertilizer02-12x12.png",12,12,true],"woocommerce_thumbnail":["https:\/\/www.ferberpainting.com\/wp-content\/uploads\/2025\/05\/GardenandVegetableFertilizer02-300x300.png",300,300,true],"woocommerce_single":["https:\/\/www.ferberpainting.com\/wp-content\/uploads\/2025\/05\/GardenandVegetableFertilizer02-600x600.png",600,600,true],"woocommerce_gallery_thumbnail":["https:\/\/www.ferberpainting.com\/wp-content\/uploads\/2025\/05\/GardenandVegetableFertilizer02-100x100.png",100,100,true]},"uagb_author_info":{"display_name":"admin","author_link":"https:\/\/www.ferberpainting.com\/no\/author\/"},"uagb_comment_info":29,"uagb_excerpt":"A complete fertilizer for a productive vegetable garden and a flourishing garden.\u00a0This fertilizer specially designed for vegetables, fruits, and garden plants provides a balanced supply of nitrogen (N), phosphorus (P), and potassium (K) with an NPK 10-10-10 formula. It promotes vigorous growth, abundant harvests, and better resistance to diseases and climatic hazards. Money-back guarantee.\u00a0We are&hellip;","_links":{"self":[{"href":"https:\/\/www.ferberpainting.com\/no\/wp-json\/wp\/v2\/product\/23480","targetHints":{"allow":["GET"]}}],"collection":[{"href":"https:\/\/www.ferberpainting.com\/no\/wp-json\/wp\/v2\/product"}],"about":[{"href":"https:\/\/www.ferberpainting.com\/no\/wp-json\/wp\/v2\/types\/product"}],"replies":[{"embeddable":true,"href":"https:\/\/www.ferberpainting.com\/no\/wp-json\/wp\/v2\/comments?post=23480"}],"version-history":[{"count":6,"href":"https:\/\/www.ferberpainting.com\/no\/wp-json\/wp\/v2\/product\/23480\/revisions"}],"predecessor-version":[{"id":166171,"href":"https:\/\/www.ferberpainting.com\/no\/wp-json\/wp\/v2\/product\/23480\/revisions\/166171"}],"wp:featuredmedia":[{"embeddable":true,"href":"https:\/\/www.ferberpainting.com\/no\/wp-json\/wp\/v2\/media\/26005"}],"wp:attachment":[{"href":"https:\/\/www.ferberpainting.com\/no\/wp-json\/wp\/v2\/media?parent=23480"}],"wp:term":[{"taxonomy":"product_brand","embeddable":true,"href":"https:\/\/www.ferberpainting.com\/no\/wp-json\/wp\/v2\/product_brand?post=23480"},{"taxonomy":"product_cat","embeddable":true,"href":"https:\/\/www.ferberpainting.com\/no\/wp-json\/wp\/v2\/product_cat?post=23480"},{"taxonomy":"product_tag","embeddable":true,"href":"https:\/\/www.ferberpainting.com\/no\/wp-json\/wp\/v2\/product_tag?post=23480"}],"curies":[{"name":"wp","href":"https:\/\/api.w.org\/{rel}","templated":true}]}}