{"id":23459,"date":"2025-07-01T13:23:26","date_gmt":"2025-07-01T11:23:26","guid":{"rendered":"https:\/\/www.ferberpainting.com\/?post_type=product&#038;p=23456"},"modified":"2026-02-15T14:12:30","modified_gmt":"2026-02-15T13:12:30","slug":"floor-water-repellent","status":"publish","type":"product","link":"https:\/\/www.ferberpainting.com\/no\/products\/floor-water-repellent\/","title":{"rendered":"Vannavst\u00f8tende gulvprodukt"},"content":{"rendered":"<p><img decoding=\"async\" style=\"margin-right: 12px;\" src=\"https:\/\/www.ferberpainting.com\/wp-content\/uploads\/2026\/02\/Check.svg\" alt=\"\" width=\"18\" height=\"15\" \/><strong>Beskyttelse mot luftfuktighet.<\/strong>\u00a0Gulvimpregneringen er et spesialutviklet produkt for \u00e5 beskytte overflater mot vann- og fuktinntrengning. Denne behandlingen er ideell for b\u00e5de utvendige og innvendige gulv, spesielt de som er utsatt for hardt v\u00e6r eller h\u00f8y luftfuktighet, for eksempel terrasser, balkonger, kjellere eller garasjer. Ved \u00e5 p\u00e5f\u00f8re impregneringsmidlet skaper du en usynlig barriere som hindrer vann i \u00e5 trenge inn, samtidig som materialets pusteevne opprettholdes, noe som sikrer lang levetid for gulvene dine.<\/p>\n<p><img decoding=\"async\" style=\"margin-right: 12px;\" src=\"https:\/\/www.ferberpainting.com\/wp-content\/uploads\/2026\/02\/Check.svg\" alt=\"\" width=\"18\" height=\"15\" \/><strong>Pengene tilbake-garanti.<\/strong>\u00a0Vi har full tillit til effektiviteten til v\u00e5r gulvimpregnering. Derfor tilbyr vi en tilfredshets- eller refusjonsgaranti. Hvis du ikke er helt forn\u00f8yd med resultatet, kan du be om full refusjon. P\u00e5 denne m\u00e5ten kan du pr\u00f8ve produktet uten risiko, med visshet om at du ikke mister investeringen din hvis resultatet ikke svarer til forventningene dine.<\/p>\n<p><img decoding=\"async\" style=\"margin-right: 12px;\" src=\"https:\/\/www.ferberpainting.com\/wp-content\/uploads\/2026\/02\/Check.svg\" alt=\"\" width=\"18\" height=\"15\" \/><strong>Kompatibel med ulike gulvtyper.<\/strong>\u00a0Gulvimpregneringen er et allsidig produkt som fungerer p\u00e5 et bredt spekter av gulvmaterialer, som betong, sement, fliser, belegningsstein, m\u00f8rtel og til og med natursteinsgulv. Uansett gulvtype garanterer dette produktet effektiv beskyttelse mot fuktighet, vanninntrengning og flekker. Det er derfor en ideell l\u00f8sning for mange renoverings- eller byggeprosjekter.<\/p>\n<p><img decoding=\"async\" style=\"margin-right: 12px;\" src=\"https:\/\/www.ferberpainting.com\/wp-content\/uploads\/2026\/02\/Check.svg\" alt=\"\" width=\"18\" height=\"15\" \/><strong>\u00d8konomisk ytelse.<\/strong>\u00a0Dette produktet gir utmerket \u00f8konomisk verdi. I gjennomsnitt dekker en liter gulvimpregnering mellom 8 og 12 m\u00b2, avhengig av por\u00f8siteten til overflaten som skal behandles. Det betyr at en 5-liters beholder kan dekke mellom 40 og 60 m\u00b2, noe som gj\u00f8r det til en kostnadseffektiv l\u00f8sning for behandling av store omr\u00e5der. Du kan behandle store omr\u00e5der med en relativt liten mengde produkt, noe som reduserer de langsiktige kostnadene.<\/p>\n<p><img decoding=\"async\" style=\"margin-right: 12px;\" src=\"https:\/\/www.ferberpainting.com\/wp-content\/uploads\/2026\/02\/Check.svg\" alt=\"\" width=\"18\" height=\"15\" \/><strong>Giftfri.<\/strong>\u00a0Gulvimpregneringen er utviklet for \u00e5 v\u00e6re trygg for milj\u00f8 og helse. Den inneholder ingen giftige stoffer eller farlige kjemikalier, noe som gj\u00f8r den spesielt egnet for bruk b\u00e5de innend\u00f8rs og utend\u00f8rs. Du kan trygt og sikkert bruke produktet uten \u00e5 bekymre deg for skadelige gasser i boligen eller p\u00e5 arbeidsplassen.<\/p>\n<p><img decoding=\"async\" style=\"margin-right: 12px;\" src=\"https:\/\/www.ferberpainting.com\/wp-content\/uploads\/2026\/02\/Check.svg\" alt=\"\" width=\"18\" height=\"15\" \/><strong>Lett \u00e5 p\u00e5f\u00f8re.<\/strong>\u00a0Dette produktet er klart til bruk og krever ingen fortynning. P\u00e5f\u00f8ringen er enkel og rask. Bare spray det eller fordel det jevnt over overflaten med en pensel eller rulle. Den flytende konsistensen gj\u00f8r at det trenger dypt inn i materialenes porer og sikrer effektiv beskyttelse uten problemer. Du trenger ikke \u00e5 v\u00e6re profesjonell for \u00e5 bruke dette produktet, noe som gj\u00f8r det tilgjengelig for alle.<\/p>\n<p><img decoding=\"async\" style=\"margin-right: 12px;\" src=\"https:\/\/www.ferberpainting.com\/wp-content\/uploads\/2026\/02\/Check.svg\" alt=\"\" width=\"18\" height=\"15\" \/><strong>Holdbar beskyttelse.<\/strong>\u00a0N\u00e5r impregneringen er p\u00e5f\u00f8rt, danner den en beskyttende barriere som motst\u00e5r vanninntrengning, flekker og smuss over tid. Denne beskyttelsen kan vare i flere \u00e5r, avhengig av bruk og overflateeksponering. Ved \u00e5 p\u00e5f\u00f8re impregnering p\u00e5 gulvet forlenger du levetiden og reduserer risikoen for nedbrytning for\u00e5rsaket av fukt. Impregneringen beskytter ogs\u00e5 mot de skadelige effektene av fryse- og tinesykluser.<\/p>\n<p><img decoding=\"async\" style=\"margin-right: 12px;\" src=\"https:\/\/www.ferberpainting.com\/wp-content\/uploads\/2026\/02\/Check.svg\" alt=\"\" width=\"18\" height=\"15\" \/><strong>T\u00f8rker raskt.<\/strong>\u00a0Gulvimpregneringen utmerker seg med rask p\u00e5f\u00f8ring og t\u00f8rketid. P\u00e5 bare 1 til 2 timer t\u00f8rker produktet, slik at du raskt kan gjenoppta aktivitetene dine. For optimal beskyttelse anbefales det \u00e5 la produktet t\u00f8rke helt i 24 timer f\u00f8r gulvet utsettes for fuktighet eller v\u00e6r og vind. Denne raske virkningen er ideell for hasteprosjekter eller jobber som krever minimal nedetid.<\/p>\n<h2><strong>Protokoll for bruk<\/strong><\/h2>\n<ul>\n<li><strong>Klargj\u00f8ring av overflaten <\/strong>: F\u00f8r du p\u00e5f\u00f8rer impregneringsmidlet, m\u00e5 du forsikre deg om at overflaten er ren, t\u00f8rr og fri for smuss, st\u00f8v, mugg eller malingsrester. Hvis overflaten er veldig skitten, rengj\u00f8r den med et mildt vaskemiddel og vann, og la den t\u00f8rke helt f\u00f8r du p\u00e5f\u00f8rer produktet. Hvis gulvet har sprekker eller hull, anbefales det \u00e5 reparere dem f\u00f8r p\u00e5f\u00f8ring.<\/li>\n<li><strong>Produktapplikasjon <\/strong>: Gulvimpregneringen er klar til bruk og krever ingen fortynning. Den kan p\u00e5f\u00f8res med spr\u00f8yte, pensel eller rulle, avhengig av omr\u00e5dets st\u00f8rrelse. S\u00f8rg for \u00e5 dekke hele overflaten jevnt for \u00e5 unng\u00e5 ubeskyttede soner. P\u00e5f\u00f8r et lett f\u00f8rste str\u00f8k, la det t\u00f8rke, og p\u00e5f\u00f8r deretter et nytt str\u00f8k for maksimal beskyttelse.<\/li>\n<li><strong>Bel\u00f8p som skal brukes <\/strong>: I gjennomsnitt dekker en liter produkt mellom 8 og 12 m\u00b2, avhengig av gulvets por\u00f8sitet. Hvis du p\u00e5f\u00f8rer ett str\u00f8k og et nytt str\u00f8k p\u00e5 samme overflate, m\u00e5 du doble det totale produktbehovet. En 5-liters beholder dekker mellom 40 og 60 m\u00b2, avhengig av tykkelsen p\u00e5 p\u00e5f\u00f8ringen og materialets tekstur.<\/li>\n<li><strong>T\u00f8rketid <\/strong>: Etter p\u00e5f\u00f8ring t\u00f8rker impregneringsmidlet ved ber\u00f8ring i l\u00f8pet av 1 til 2 timer. For \u00e5 sikre full beskyttelse anbefales det imidlertid \u00e5 vente 24 timer f\u00f8r gulvet utsettes for fuktighet eller brukes som normalt. Denne ventetiden gj\u00f8r at produktet f\u00e5r tid til \u00e5 sette seg skikkelig og danne en holdbar vanntett barriere.<\/li>\n<li><strong>Ny s\u00f8knad <\/strong>: Avhengig av v\u00e6rforhold og slitasje p\u00e5 de behandlede overflatene, kan det v\u00e6re n\u00f8dvendig \u00e5 p\u00e5f\u00f8re impregneringsmidlet p\u00e5 nytt hvert 3. til 5. \u00e5r for \u00e5 opprettholde effektiviteten. Hvis overflaten blir skitten eller begynner \u00e5 miste beskyttelsen, kan et nytt str\u00f8k enkelt p\u00e5f\u00f8res uten ytterligere forberedelser, forutsatt at gulvet er rent og t\u00f8rt.<\/li>\n<li><strong>Vedlikehold <\/strong>: Etter p\u00e5f\u00f8ring av impregneringsmiddelet anbefales det \u00e5 rengj\u00f8re behandlede gulv regelmessig med rent vann og en myk kost eller mopp. Unng\u00e5 slipende rengj\u00f8ringsmidler eller l\u00f8semidler som kan skade det beskyttende laget. Enkelt og regelmessig vedlikehold vil bidra til \u00e5 forlenge produktets effektivitet og sikre at gulvene forblir i utmerket stand.<\/li>\n<\/ul>","protected":false},"excerpt":{"rendered":"<p>Humidity protection.\u00a0The floor waterproofer is a specially formulated product to protect surfaces against water and moisture infiltration. This treatment is ideal for both exterior and interior floors, especially those exposed to harsh weather or high humidity, such as terraces, balconies, basements or garages. By applying the waterproofer, you create an invisible barrier that prevents water [&hellip;]<\/p>\n","protected":false},"featured_media":36367,"comment_status":"open","ping_status":"closed","template":"","meta":{"_uag_custom_page_level_css":"","site-sidebar-layout":"default","site-content-layout":"","ast-site-content-layout":"default","site-content-style":"default","site-sidebar-style":"default","ast-global-header-display":"","ast-banner-title-visibility":"","ast-main-header-display":"","ast-hfb-above-header-display":"","ast-hfb-below-header-display":"","ast-hfb-mobile-header-display":"","site-post-title":"","ast-breadcrumbs-content":"","ast-featured-img":"","footer-sml-layout":"","ast-disable-related-posts":"","theme-transparent-header-meta":"default","adv-header-id-meta":"","stick-header-meta":"","header-above-stick-meta":"","header-main-stick-meta":"","header-below-stick-meta":"","astra-migrate-meta-layouts":"set","ast-page-background-enabled":"default","ast-page-background-meta":{"desktop":{"background-color":"var(--ast-global-color-4)","background-image":"","background-repeat":"repeat","background-position":"center center","background-size":"auto","background-attachment":"scroll","background-type":"","background-media":"","overlay-type":"","overlay-color":"","overlay-opacity":"","overlay-gradient":""},"tablet":{"background-color":"","background-image":"","background-repeat":"repeat","background-position":"center center","background-size":"auto","background-attachment":"scroll","background-type":"","background-media":"","overlay-type":"","overlay-color":"","overlay-opacity":"","overlay-gradient":""},"mobile":{"background-color":"","background-image":"","background-repeat":"repeat","background-position":"center center","background-size":"auto","background-attachment":"scroll","background-type":"","background-media":"","overlay-type":"","overlay-color":"","overlay-opacity":"","overlay-gradient":""}},"ast-content-background-meta":{"desktop":{"background-color":"var(--ast-global-color-5)","background-image":"","background-repeat":"repeat","background-position":"center center","background-size":"auto","background-attachment":"scroll","background-type":"","background-media":"","overlay-type":"","overlay-color":"","overlay-opacity":"","overlay-gradient":""},"tablet":{"background-color":"var(--ast-global-color-5)","background-image":"","background-repeat":"repeat","background-position":"center center","background-size":"auto","background-attachment":"scroll","background-type":"","background-media":"","overlay-type":"","overlay-color":"","overlay-opacity":"","overlay-gradient":""},"mobile":{"background-color":"var(--ast-global-color-5)","background-image":"","background-repeat":"repeat","background-position":"center center","background-size":"auto","background-attachment":"scroll","background-type":"","background-media":"","overlay-type":"","overlay-color":"","overlay-opacity":"","overlay-gradient":""}}},"product_brand":[],"product_cat":[191],"product_tag":[],"class_list":{"0":"post-23459","1":"product","2":"type-product","3":"status-publish","4":"has-post-thumbnail","6":"product_cat-water-repellent","7":"desktop-align-left","8":"tablet-align-left","9":"mobile-align-left","11":"first","12":"instock","13":"sale","14":"taxable","15":"shipping-taxable","16":"purchasable","17":"product-type-variable","18":"has-default-attributes"},"spectra_custom_meta":{"_visibility":["visible"],"_shopify_product_id":["9106661114101"],"_s2w_shopify_domain":["ferberpainting.myshopify.com"],"_shopify_variant_id":["46626423603445"],"_sku":[""],"_manage_stock":["no"],"total_sales":["22"],"_tax_status":["taxable"],"_tax_class":[""],"_backorders":["no"],"_sold_individually":["no"],"_virtual":["no"],"_downloadable":["no"],"_download_limit":["-1"],"_download_expiry":["-1"],"_stock":[null],"_stock_status":["instock"],"_wc_average_rating":["5.00"],"_wc_review_count":["40"],"_product_attributes":["a:1:{s:6:\"volume\";a:6:{s:4:\"name\";s:6:\"Volume\";s:5:\"value\";s:20:\"5 liters | 25 liters\";s:8:\"position\";i:1;s:10:\"is_visible\";i:0;s:12:\"is_variation\";i:1;s:11:\"is_taxonomy\";i:0;}}"],"_product_version":["10.5.1"],"wpse_downloadable_file_names":[""],"wpse_downloadable_file_urls":[""],"_edit_last":["1"],"_default_attributes":["a:1:{s:6:\"volume\";s:8:\"5 liters\";}"],"_edit_lock":["1771161013:1"],"merchant-center-availability":["yes"],"merchant-center-category":["503738"],"_price":["29.90","129.90"],"_thumbnail_id":["36367"],"_wp_page_template":["default"],"_wp_old_date":["2025-05-26"],"_product_image_gallery":["36366"],"site-sidebar-layout":["default"],"ast-site-content-layout":["default"],"site-content-style":["default"],"site-sidebar-style":["default"],"theme-transparent-header-meta":["default"],"_wc_rating_count":["a:1:{i:5;i:40;}"],"astra-migrate-meta-layouts":["set"],"_uag_css_file_name":["uag-css-23459.css"],"_elementor_page_assets":["a:0:{}"],"_uag_page_assets":["a:9:{s:3:\"css\";s:6873:\".wp-block-uagb-image{display:flex}.wp-block-uagb-image__figure{position:relative;display:flex;flex-direction:column;max-width:100%;height:auto;margin:0}.wp-block-uagb-image__figure img{height:auto;display:flex;max-width:100%;transition:box-shadow .2s ease}.wp-block-uagb-image__figure>a{display:inline-block}.wp-block-uagb-image__figure figcaption{text-align:center;margin-top:.5em;margin-bottom:1em}.wp-block-uagb-image .components-placeholder.block-editor-media-placeholder .components-placeholder__instructions{align-self:center}.wp-block-uagb-image--align-left{text-align:left}.wp-block-uagb-image--align-right{text-align:right}.wp-block-uagb-image--align-center{text-align:center}.wp-block-uagb-image--align-full .wp-block-uagb-image__figure{margin-left:calc(50% - 50vw);margin-right:calc(50% - 50vw);max-width:100vw;width:100vw;height:auto}.wp-block-uagb-image--align-full .wp-block-uagb-image__figure img{height:auto;width:100% !important}.wp-block-uagb-image--align-wide .wp-block-uagb-image__figure img{height:auto;width:100%}.wp-block-uagb-image--layout-overlay__color-wrapper{position:absolute;left:0;top:0;right:0;bottom:0;opacity:.2;background:rgba(0,0,0,.5);transition:opacity .35s ease-in-out}.wp-block-uagb-image--layout-overlay-link{position:absolute;left:0;right:0;bottom:0;top:0}.wp-block-uagb-image--layout-overlay .wp-block-uagb-image__figure:hover .wp-block-uagb-image--layout-overlay__color-wrapper{opacity:1}.wp-block-uagb-image--layout-overlay__inner{position:absolute;left:15px;right:15px;bottom:15px;top:15px;display:flex;align-items:center;justify-content:center;flex-direction:column;border-color:#fff;transition:.35s ease-in-out}.wp-block-uagb-image--layout-overlay__inner.top-left,.wp-block-uagb-image--layout-overlay__inner.top-center,.wp-block-uagb-image--layout-overlay__inner.top-right{justify-content:flex-start}.wp-block-uagb-image--layout-overlay__inner.bottom-left,.wp-block-uagb-image--layout-overlay__inner.bottom-center,.wp-block-uagb-image--layout-overlay__inner.bottom-right{justify-content:flex-end}.wp-block-uagb-image--layout-overlay__inner.top-left,.wp-block-uagb-image--layout-overlay__inner.center-left,.wp-block-uagb-image--layout-overlay__inner.bottom-left{align-items:flex-start}.wp-block-uagb-image--layout-overlay__inner.top-right,.wp-block-uagb-image--layout-overlay__inner.center-right,.wp-block-uagb-image--layout-overlay__inner.bottom-right{align-items:flex-end}.wp-block-uagb-image--layout-overlay__inner .uagb-image-heading{color:#fff;transition:transform .35s,opacity .35s ease-in-out;transform:translate3d(0, 24px, 0);margin:0;line-height:1em}.wp-block-uagb-image--layout-overlay__inner .uagb-image-separator{width:30%;border-top-width:2px;border-top-color:#fff;border-top-style:solid;margin-bottom:10px;opacity:0;transition:transform .4s,opacity .4s ease-in-out;transform:translate3d(0, 30px, 0)}.wp-block-uagb-image--layout-overlay__inner .uagb-image-caption{opacity:0;overflow:visible;color:#fff;transition:transform .45s,opacity .45s ease-in-out;transform:translate3d(0, 35px, 0)}.wp-block-uagb-image--layout-overlay__inner:hover .uagb-image-heading,.wp-block-uagb-image--layout-overlay__inner:hover .uagb-image-separator,.wp-block-uagb-image--layout-overlay__inner:hover .uagb-image-caption{opacity:1;transform:translate3d(0, 0, 0)}.wp-block-uagb-image--effect-zoomin .wp-block-uagb-image__figure img,.wp-block-uagb-image--effect-zoomin .wp-block-uagb-image__figure .wp-block-uagb-image--layout-overlay__color-wrapper{transform:scale(1);transition:transform .35s ease-in-out}.wp-block-uagb-image--effect-zoomin .wp-block-uagb-image__figure:hover img,.wp-block-uagb-image--effect-zoomin .wp-block-uagb-image__figure:hover .wp-block-uagb-image--layout-overlay__color-wrapper{transform:scale(1.05)}.wp-block-uagb-image--effect-slide .wp-block-uagb-image__figure img,.wp-block-uagb-image--effect-slide .wp-block-uagb-image__figure .wp-block-uagb-image--layout-overlay__color-wrapper{width:calc(100% + 40px) !important;max-width:none !important;transform:translate3d(-40px, 0, 0);transition:transform .35s ease-in-out}.wp-block-uagb-image--effect-slide .wp-block-uagb-image__figure:hover img,.wp-block-uagb-image--effect-slide .wp-block-uagb-image__figure:hover .wp-block-uagb-image--layout-overlay__color-wrapper{transform:translate3d(0, 0, 0)}.wp-block-uagb-image--effect-grayscale img{filter:grayscale(0%);transition:.35s ease-in-out}.wp-block-uagb-image--effect-grayscale:hover img{filter:grayscale(100%)}.wp-block-uagb-image--effect-blur img{filter:blur(0);transition:.35s ease-in-out}.wp-block-uagb-image--effect-blur:hover img{filter:blur(3px)}.uagb-block-e6f939b3.wp-block-uagb-image--layout-default figure img{box-shadow: 0px 0px 0 #00000070;}.uagb-block-e6f939b3.wp-block-uagb-image .wp-block-uagb-image__figure figcaption{font-style: normal;align-self: center;}.uagb-block-e6f939b3.wp-block-uagb-image--layout-overlay figure img{box-shadow: 0px 0px 0 #00000070;}.uagb-block-e6f939b3.wp-block-uagb-image--layout-overlay .wp-block-uagb-image--layout-overlay__color-wrapper{opacity: 0.2;}.uagb-block-e6f939b3.wp-block-uagb-image--layout-overlay .wp-block-uagb-image--layout-overlay__inner{left: 15px;right: 15px;top: 15px;bottom: 15px;}.uagb-block-e6f939b3.wp-block-uagb-image--layout-overlay .wp-block-uagb-image--layout-overlay__inner .uagb-image-heading{font-style: normal;color: #fff;opacity: 1;}.uagb-block-e6f939b3.wp-block-uagb-image--layout-overlay .wp-block-uagb-image--layout-overlay__inner .uagb-image-heading a{color: #fff;}.uagb-block-e6f939b3.wp-block-uagb-image--layout-overlay .wp-block-uagb-image--layout-overlay__inner .uagb-image-caption{opacity: 0;}.uagb-block-e6f939b3.wp-block-uagb-image--layout-overlay .wp-block-uagb-image__figure:hover .wp-block-uagb-image--layout-overlay__color-wrapper{opacity: 1;}.uagb-block-e6f939b3.wp-block-uagb-image .wp-block-uagb-image--layout-overlay__inner .uagb-image-separator{width: 30%;border-top-width: 2px;border-top-color: #fff;opacity: 0;}.uagb-block-e6f939b3.wp-block-uagb-image .wp-block-uagb-image__figure img{width: px;height: auto;}.uagb-block-e6f939b3.wp-block-uagb-image .wp-block-uagb-image__figure:hover .wp-block-uagb-image--layout-overlay__inner .uagb-image-caption{opacity: 1;}.uagb-block-e6f939b3.wp-block-uagb-image .wp-block-uagb-image__figure:hover .wp-block-uagb-image--layout-overlay__inner .uagb-image-separator{opacity: 1;}.uagb-block-e6f939b3.wp-block-uagb-image--layout-default figure:hover img{box-shadow: 0px 0px 0 #00000070;}.uagb-block-e6f939b3.wp-block-uagb-image--layout-overlay figure:hover img{box-shadow: 0px 0px 0 #00000070;}@media only screen and (max-width: 976px) {.uagb-block-e6f939b3.wp-block-uagb-image .wp-block-uagb-image__figure img{width: px;height: auto;}}@media only screen and (max-width: 767px) {.uagb-block-e6f939b3.wp-block-uagb-image .wp-block-uagb-image__figure img{width: px;height: auto;}}\";s:2:\"js\";s:0:\"\";s:18:\"current_block_list\";a:13:{i:0;s:11:\"core\/search\";i:1;s:10:\"core\/group\";i:2;s:12:\"core\/heading\";i:3;s:17:\"core\/latest-posts\";i:4;s:20:\"core\/latest-comments\";i:5;s:13:\"core\/archives\";i:6;s:15:\"core\/categories\";i:7;s:14:\"core\/paragraph\";i:8;s:10:\"uagb\/image\";i:9;s:11:\"core\/spacer\";i:10;s:30:\"woocommerce\/product-categories\";i:11;s:10:\"core\/image\";i:12;s:14:\"core\/shortcode\";}s:8:\"uag_flag\";b:1;s:11:\"uag_version\";s:10:\"1777266507\";s:6:\"gfonts\";a:0:{}s:10:\"gfonts_url\";s:0:\"\";s:12:\"gfonts_files\";a:0:{}s:14:\"uag_faq_layout\";b:0;}"]},"uagb_featured_image_src":{"full":["https:\/\/www.ferberpainting.com\/wp-content\/uploads\/2025\/05\/Floor-Water-Repellent-5L-.png",2560,2560,false],"thumbnail":["https:\/\/www.ferberpainting.com\/wp-content\/uploads\/2025\/05\/Floor-Water-Repellent-5L--150x150.png",150,150,true],"medium":["https:\/\/www.ferberpainting.com\/wp-content\/uploads\/2025\/05\/Floor-Water-Repellent-5L--300x300.png",300,300,true],"medium_large":["https:\/\/www.ferberpainting.com\/wp-content\/uploads\/2025\/05\/Floor-Water-Repellent-5L--768x768.png",768,768,true],"large":["https:\/\/www.ferberpainting.com\/wp-content\/uploads\/2025\/05\/Floor-Water-Repellent-5L--1024x1024.png",1024,1024,true],"1536x1536":["https:\/\/www.ferberpainting.com\/wp-content\/uploads\/2025\/05\/Floor-Water-Repellent-5L--1536x1536.png",1536,1536,true],"2048x2048":["https:\/\/www.ferberpainting.com\/wp-content\/uploads\/2025\/05\/Floor-Water-Repellent-5L--2048x2048.png",2048,2048,true],"trp-custom-language-flag":["https:\/\/www.ferberpainting.com\/wp-content\/uploads\/2025\/05\/Floor-Water-Repellent-5L--12x12.png",12,12,true],"woocommerce_thumbnail":["https:\/\/www.ferberpainting.com\/wp-content\/uploads\/2025\/05\/Floor-Water-Repellent-5L--300x300.png",300,300,true],"woocommerce_single":["https:\/\/www.ferberpainting.com\/wp-content\/uploads\/2025\/05\/Floor-Water-Repellent-5L--600x600.png",600,600,true],"woocommerce_gallery_thumbnail":["https:\/\/www.ferberpainting.com\/wp-content\/uploads\/2025\/05\/Floor-Water-Repellent-5L--100x100.png",100,100,true]},"uagb_author_info":{"display_name":"admin","author_link":"https:\/\/www.ferberpainting.com\/no\/author\/"},"uagb_comment_info":40,"uagb_excerpt":"Humidity protection.\u00a0The floor waterproofer is a specially formulated product to protect surfaces against water and moisture infiltration. This treatment is ideal for both exterior and interior floors, especially those exposed to harsh weather or high humidity, such as terraces, balconies, basements or garages. By applying the waterproofer, you create an invisible barrier that prevents water&hellip;","_links":{"self":[{"href":"https:\/\/www.ferberpainting.com\/no\/wp-json\/wp\/v2\/product\/23459","targetHints":{"allow":["GET"]}}],"collection":[{"href":"https:\/\/www.ferberpainting.com\/no\/wp-json\/wp\/v2\/product"}],"about":[{"href":"https:\/\/www.ferberpainting.com\/no\/wp-json\/wp\/v2\/types\/product"}],"replies":[{"embeddable":true,"href":"https:\/\/www.ferberpainting.com\/no\/wp-json\/wp\/v2\/comments?post=23459"}],"version-history":[{"count":5,"href":"https:\/\/www.ferberpainting.com\/no\/wp-json\/wp\/v2\/product\/23459\/revisions"}],"predecessor-version":[{"id":166162,"href":"https:\/\/www.ferberpainting.com\/no\/wp-json\/wp\/v2\/product\/23459\/revisions\/166162"}],"wp:featuredmedia":[{"embeddable":true,"href":"https:\/\/www.ferberpainting.com\/no\/wp-json\/wp\/v2\/media\/36367"}],"wp:attachment":[{"href":"https:\/\/www.ferberpainting.com\/no\/wp-json\/wp\/v2\/media?parent=23459"}],"wp:term":[{"taxonomy":"product_brand","embeddable":true,"href":"https:\/\/www.ferberpainting.com\/no\/wp-json\/wp\/v2\/product_brand?post=23459"},{"taxonomy":"product_cat","embeddable":true,"href":"https:\/\/www.ferberpainting.com\/no\/wp-json\/wp\/v2\/product_cat?post=23459"},{"taxonomy":"product_tag","embeddable":true,"href":"https:\/\/www.ferberpainting.com\/no\/wp-json\/wp\/v2\/product_tag?post=23459"}],"curies":[{"name":"wp","href":"https:\/\/api.w.org\/{rel}","templated":true}]}}