{"id":23195,"date":"2025-07-01T16:17:12","date_gmt":"2025-07-01T14:17:12","guid":{"rendered":"https:\/\/www.ferberpainting.com\/?post_type=product&#038;p=23195"},"modified":"2026-02-15T13:48:05","modified_gmt":"2026-02-15T12:48:05","slug":"descaler-for-macerator-toilet","status":"publish","type":"product","link":"https:\/\/www.ferberpainting.com\/no\/products\/descaler-for-macerator-toilet\/","title":{"rendered":"Avkalkningsmiddel for Macerator-toalett"},"content":{"rendered":"<p><img decoding=\"async\" style=\"margin-right: 12px;\" src=\"https:\/\/www.ferberpainting.com\/wp-content\/uploads\/2026\/02\/Check.svg\" alt=\"\" width=\"18\" height=\"15\" \/><strong>Effektivt mot kalk- og kalsiumavleiringer.<\/strong>\u00a0Avkalkningsmidlet er spesialutviklet for effektivt \u00e5 fjerne kalk- og kalsiumavleiringer som kan bygge seg opp inne i sanit\u00e6rutstyr, som for eksempel vannklosetter. Disse restene kan blokkere interne mekanismer og redusere systemets effektivitet. Takket v\u00e6re den kraftige formelen bidrar dette produktet til \u00e5 opprettholde maceratorens funksjon samtidig som det gir en grundig rengj\u00f8ring.<\/p>\n<p><img decoding=\"async\" style=\"margin-right: 12px;\" src=\"https:\/\/www.ferberpainting.com\/wp-content\/uploads\/2026\/02\/Check.svg\" alt=\"\" width=\"18\" height=\"15\" \/><strong>Pengene tilbake-garanti.<\/strong>\u00a0Vi er sikre p\u00e5 effektiviteten til avkalkingsmidlet v\u00e5rt, og derfor tilbyr vi en tilfredshets- eller refusjonsgaranti. Hvis du ikke er forn\u00f8yd med produktet eller det ikke oppfyller forventningene dine, kan du be om full refusjon. P\u00e5 denne m\u00e5ten kan du pr\u00f8ve produktet med ro i sjelen.<\/p>\n<p><img decoding=\"async\" style=\"margin-right: 12px;\" src=\"https:\/\/www.ferberpainting.com\/wp-content\/uploads\/2026\/02\/Check.svg\" alt=\"\" width=\"18\" height=\"15\" \/><strong>Allsidig.<\/strong>\u00a0Dette avkalkningsmidlet er et allsidig produkt som kan brukes p\u00e5 alle typer toaletter, b\u00e5de med og uten kvern. Det er ogs\u00e5 kompatibelt med ulike materialer som keramikk, plast og metall, som ofte finnes i de innvendige delene av apparatet ditt. Du trenger ikke lenger \u00e5 bekymre deg for kompatibiliteten med din macerator, uavhengig av modell eller merke.<\/p>\n<p><img decoding=\"async\" style=\"margin-right: 12px;\" src=\"https:\/\/www.ferberpainting.com\/wp-content\/uploads\/2026\/02\/Check.svg\" alt=\"\" width=\"18\" height=\"15\" \/><strong>\u00d8konomisk.<\/strong>\u00a0Avkalkningsmiddelet for maceratorer gir utmerket valuta for pengene. I gjennomsnitt er \u00e9n liter produkt nok til 5 til 8 behandlinger, avhengig av kalkmengden og st\u00f8rrelsen p\u00e5 apparatet som skal behandles. Med en 5-liters beholder kan du utf\u00f8re 25 til 40 behandlinger, noe som gj\u00f8r det til en sv\u00e6rt kostnadseffektiv l\u00f8sning for langsiktig vedlikehold av sanit\u00e6rapparatene dine.<\/p>\n<p><img decoding=\"async\" style=\"margin-right: 12px;\" src=\"https:\/\/www.ferberpainting.com\/wp-content\/uploads\/2026\/02\/Check.svg\" alt=\"\" width=\"18\" height=\"15\" \/><strong>Giftfri.<\/strong>\u00a0Dette produktet er utviklet for \u00e5 v\u00e6re trygt n\u00e5r det brukes i henhold til instruksjonene. Det er utviklet for \u00e5 fjerne kalkavleiringer og kalkrester uten \u00e5 sette brukerens helse i fare. Det inneholder ingen sterke kjemikalier, noe som gj\u00f8r det enklere og tryggere \u00e5 h\u00e5ndtere enn tradisjonelle, etsende avkalkningsmidler. For maksimal sikkerhet anbefales imidlertid hansker og god ventilasjon under bruk.<\/p>\n<p><img decoding=\"async\" style=\"margin-right: 12px;\" src=\"https:\/\/www.ferberpainting.com\/wp-content\/uploads\/2026\/02\/Check.svg\" alt=\"\" width=\"18\" height=\"15\" \/><strong>Enkel \u00e5 bruke.<\/strong>\u00a0Avkalkeren er klar til bruk og krever ingen fortynning eller forberedelse. Du kan p\u00e5f\u00f8re det direkte p\u00e5 de ber\u00f8rte omr\u00e5dene med en svamp eller b\u00f8rste. P\u00e5f\u00f8ringen er enkel og rask, slik at du enkelt kan holde maceratoren i perfekt stand uten \u00e5 m\u00e5tte bruke kompliserte teknikker eller flere kjemiske produkter.<\/p>\n<p><img decoding=\"async\" style=\"margin-right: 12px;\" src=\"https:\/\/www.ferberpainting.com\/wp-content\/uploads\/2026\/02\/Check.svg\" alt=\"\" width=\"18\" height=\"15\" \/><strong>Holdbarhet.<\/strong>\u00a0Regelmessig bruk av avkalkningsmiddelet holder innsiden av apparatet i god stand, noe som reduserer kalkavleiringer over tid. Ved \u00e5 fjerne kalkavleiringer etter hvert som de oppst\u00e5r, forlenger du levetiden til maceratoren samtidig som du optimaliserer effektiviteten. Dette produktet bidrar ogs\u00e5 til \u00e5 redusere sammenbrudd for\u00e5rsaket av innvendig tilstopping.<\/p>\n<p><img decoding=\"async\" style=\"margin-right: 12px;\" src=\"https:\/\/www.ferberpainting.com\/wp-content\/uploads\/2026\/02\/Check.svg\" alt=\"\" width=\"18\" height=\"15\" \/><strong>Hurtigvirkende.<\/strong>\u00a0Dette avkalkingsmiddelet virker raskt for \u00e5 l\u00f8se opp kalk og andre rester i maceratoren. Etter p\u00e5f\u00f8ring er det bare \u00e5 la det virke i noen minutter for \u00e5 se resultater. Avhengig av hvor mye rester det er, kan du la produktet virke i 10 til 20 minutter for optimal effektivitet. Du trenger ikke vente lenge p\u00e5 \u00e5 skylle og f\u00e5 tilbake en ren, fungerende macerator.<\/p>\n<h2><strong>Protokoll for bruk<\/strong><\/h2>\n<ul>\n<li><strong>Klargj\u00f8ring av enheten <\/strong>: F\u00f8r du p\u00e5f\u00f8rer avkalkningsmiddelet, m\u00e5 du forsikre deg om at maceratoren er sl\u00e5tt av og at alle delene som skal rengj\u00f8res er avkj\u00f8lt. Trekk ut st\u00f8pselet om n\u00f8dvendig for sikkerhets skyld. Fjern eventuelt gjenv\u00e6rende vann i tanken eller sk\u00e5len om n\u00f8dvendig.<\/li>\n<li><strong>P\u00e5f\u00f8ring av avkalkingsmiddel <\/strong>: Produktet er klart til bruk og trenger ikke fortynnes. P\u00e5f\u00f8r avkalkningsmiddelet sjener\u00f8st p\u00e5 de innvendige delene av maceratoren der det er synlig kalk eller rester. Du kan bruke en svamp eller b\u00f8rste for \u00e5 fordele produktet jevnt over de ber\u00f8rte omr\u00e5dene. S\u00f8rg for at alle avleiringer er grundig dekket.<\/li>\n<li><strong>Oppholdstid <\/strong>: La avkalkingsmiddelet virke i 10 til 20 minutter. Hvis kalkavleiringene er kraftige, kan du forlenge p\u00e5f\u00f8ringstiden for \u00e5 forbedre oppl\u00f8sningen. Ikke la produktet t\u00f8rke f\u00f8r du skyller, da dette kan redusere effektiviteten.<\/li>\n<li><strong>Skylling og rengj\u00f8ring <\/strong>: Etter oppholdstiden bruker du en svamp eller en ren klut til \u00e5 skrubbe overflatene og fjerne de oppl\u00f8ste restene. Du kan ogs\u00e5 spyle gjennom maceratoren med rent vann for \u00e5 skylle apparatet. S\u00f8rg for \u00e5 fjerne alle spor av avkalkingsmiddelet f\u00f8r du tar apparatet i bruk igjen.<\/li>\n<li><strong>Rengj\u00f8ring av verkt\u00f8y <\/strong>: Rengj\u00f8r verkt\u00f8yene (svamper, b\u00f8rster) med rent vann etter bruk. Det er viktig \u00e5 skylle dem grundig for \u00e5 forhindre krystallisering eller skade p\u00e5 verkt\u00f8yene.<\/li>\n<li><strong>Lagring <\/strong>: Oppbevar avkalkingsmiddelet i originalbeholderen p\u00e5 et kj\u00f8lig, t\u00f8rt sted, beskyttet mot frost og sterk varme. Forsegl beholderen godt etter hver bruk for \u00e5 sikre god holdbarhet. Avkalkingsmiddelet kan oppbevares i flere m\u00e5neder hvis det oppbevares riktig.<\/li>\n<\/ul>\n<p>Ved \u00e5 f\u00f8lge disse enkle trinnene kan du enkelt avkalke og vedlikeholde maceratoren og sikre at den fungerer som den skal og holder lenge. Dette produktet er ideelt for \u00e5 forhindre opphopning av kalk og rester, og hjelper deg med \u00e5 holde sanit\u00e6rutstyret i perfekt stand med minimal innsats.<\/p>","protected":false},"excerpt":{"rendered":"<p>Effective against limescale and calcium deposits.\u00a0The macerator descaler is specially designed to effectively eliminate limescale and calcium deposits that can build up inside sanitary appliances like macerating toilets. These residues can block internal mechanisms and reduce system efficiency. Thanks to its powerful formula, this product helps maintain the proper functioning of your macerator while providing [&hellip;]<\/p>\n","protected":false},"featured_media":36457,"comment_status":"open","ping_status":"closed","template":"","meta":{"_uag_custom_page_level_css":"","site-sidebar-layout":"default","site-content-layout":"","ast-site-content-layout":"default","site-content-style":"default","site-sidebar-style":"default","ast-global-header-display":"","ast-banner-title-visibility":"","ast-main-header-display":"","ast-hfb-above-header-display":"","ast-hfb-below-header-display":"","ast-hfb-mobile-header-display":"","site-post-title":"","ast-breadcrumbs-content":"","ast-featured-img":"","footer-sml-layout":"","ast-disable-related-posts":"","theme-transparent-header-meta":"default","adv-header-id-meta":"","stick-header-meta":"","header-above-stick-meta":"","header-main-stick-meta":"","header-below-stick-meta":"","astra-migrate-meta-layouts":"set","ast-page-background-enabled":"default","ast-page-background-meta":{"desktop":{"background-color":"var(--ast-global-color-4)","background-image":"","background-repeat":"repeat","background-position":"center center","background-size":"auto","background-attachment":"scroll","background-type":"","background-media":"","overlay-type":"","overlay-color":"","overlay-opacity":"","overlay-gradient":""},"tablet":{"background-color":"","background-image":"","background-repeat":"repeat","background-position":"center center","background-size":"auto","background-attachment":"scroll","background-type":"","background-media":"","overlay-type":"","overlay-color":"","overlay-opacity":"","overlay-gradient":""},"mobile":{"background-color":"","background-image":"","background-repeat":"repeat","background-position":"center center","background-size":"auto","background-attachment":"scroll","background-type":"","background-media":"","overlay-type":"","overlay-color":"","overlay-opacity":"","overlay-gradient":""}},"ast-content-background-meta":{"desktop":{"background-color":"var(--ast-global-color-5)","background-image":"","background-repeat":"repeat","background-position":"center center","background-size":"auto","background-attachment":"scroll","background-type":"","background-media":"","overlay-type":"","overlay-color":"","overlay-opacity":"","overlay-gradient":""},"tablet":{"background-color":"var(--ast-global-color-5)","background-image":"","background-repeat":"repeat","background-position":"center center","background-size":"auto","background-attachment":"scroll","background-type":"","background-media":"","overlay-type":"","overlay-color":"","overlay-opacity":"","overlay-gradient":""},"mobile":{"background-color":"var(--ast-global-color-5)","background-image":"","background-repeat":"repeat","background-position":"center center","background-size":"auto","background-attachment":"scroll","background-type":"","background-media":"","overlay-type":"","overlay-color":"","overlay-opacity":"","overlay-gradient":""}}},"product_brand":[],"product_cat":[175],"product_tag":[],"class_list":{"0":"post-23195","1":"product","2":"type-product","3":"status-publish","4":"has-post-thumbnail","6":"product_cat-cleaning-products","7":"desktop-align-left","8":"tablet-align-left","9":"mobile-align-left","11":"first","12":"instock","13":"sale","14":"taxable","15":"shipping-taxable","16":"purchasable","17":"product-type-variable","18":"has-default-attributes"},"spectra_custom_meta":{"_visibility":["visible"],"_shopify_product_id":["9106662916341"],"_s2w_shopify_domain":["ferberpainting.myshopify.com"],"_shopify_variant_id":["46626432385269"],"_sku":[""],"_manage_stock":["no"],"total_sales":["25"],"_tax_status":["taxable"],"_tax_class":[""],"_backorders":["no"],"_sold_individually":["no"],"_virtual":["no"],"_downloadable":["no"],"_download_limit":["-1"],"_download_expiry":["-1"],"_stock":[null],"_stock_status":["instock"],"_wc_average_rating":["5.00"],"_wc_review_count":["18"],"_product_attributes":["a:1:{s:6:\"volume\";a:6:{s:4:\"name\";s:6:\"Volume\";s:5:\"value\";s:20:\"5 liters | 25 liters\";s:8:\"position\";i:1;s:10:\"is_visible\";i:0;s:12:\"is_variation\";i:1;s:11:\"is_taxonomy\";i:0;}}"],"_product_version":["10.5.1"],"wpse_downloadable_file_names":[""],"wpse_downloadable_file_urls":[""],"_edit_last":["1"],"_default_attributes":["a:1:{s:6:\"volume\";s:8:\"5 liters\";}"],"_edit_lock":["1771159549:1"],"merchant-center-availability":["yes"],"merchant-center-category":["7470"],"_thumbnail_id":["36457"],"_wp_page_template":["default"],"_wp_old_date":["2025-05-26"],"_product_image_gallery":["36458"],"site-sidebar-layout":["default"],"ast-site-content-layout":["default"],"site-content-style":["default"],"site-sidebar-style":["default"],"theme-transparent-header-meta":["default"],"_price":["29.90","129.90"],"_wc_rating_count":["a:1:{i:5;i:18;}"],"astra-migrate-meta-layouts":["set"],"_uag_css_file_name":["uag-css-23195.css"],"_elementor_page_assets":["a:0:{}"],"_uag_page_assets":["a:9:{s:3:\"css\";s:7133:\".uag-blocks-common-selector{z-index:var(--z-index-desktop) !important}@media(max-width: 976px){.uag-blocks-common-selector{z-index:var(--z-index-tablet) !important}}@media(max-width: 767px){.uag-blocks-common-selector{z-index:var(--z-index-mobile) !important}}.wp-block-uagb-image{display:flex}.wp-block-uagb-image__figure{position:relative;display:flex;flex-direction:column;max-width:100%;height:auto;margin:0}.wp-block-uagb-image__figure img{height:auto;display:flex;max-width:100%;transition:box-shadow .2s ease}.wp-block-uagb-image__figure>a{display:inline-block}.wp-block-uagb-image__figure figcaption{text-align:center;margin-top:.5em;margin-bottom:1em}.wp-block-uagb-image .components-placeholder.block-editor-media-placeholder .components-placeholder__instructions{align-self:center}.wp-block-uagb-image--align-left{text-align:left}.wp-block-uagb-image--align-right{text-align:right}.wp-block-uagb-image--align-center{text-align:center}.wp-block-uagb-image--align-full .wp-block-uagb-image__figure{margin-left:calc(50% - 50vw);margin-right:calc(50% - 50vw);max-width:100vw;width:100vw;height:auto}.wp-block-uagb-image--align-full .wp-block-uagb-image__figure img{height:auto;width:100% !important}.wp-block-uagb-image--align-wide .wp-block-uagb-image__figure img{height:auto;width:100%}.wp-block-uagb-image--layout-overlay__color-wrapper{position:absolute;left:0;top:0;right:0;bottom:0;opacity:.2;background:rgba(0,0,0,.5);transition:opacity .35s ease-in-out}.wp-block-uagb-image--layout-overlay-link{position:absolute;left:0;right:0;bottom:0;top:0}.wp-block-uagb-image--layout-overlay .wp-block-uagb-image__figure:hover .wp-block-uagb-image--layout-overlay__color-wrapper{opacity:1}.wp-block-uagb-image--layout-overlay__inner{position:absolute;left:15px;right:15px;bottom:15px;top:15px;display:flex;align-items:center;justify-content:center;flex-direction:column;border-color:#fff;transition:.35s ease-in-out}.wp-block-uagb-image--layout-overlay__inner.top-left,.wp-block-uagb-image--layout-overlay__inner.top-center,.wp-block-uagb-image--layout-overlay__inner.top-right{justify-content:flex-start}.wp-block-uagb-image--layout-overlay__inner.bottom-left,.wp-block-uagb-image--layout-overlay__inner.bottom-center,.wp-block-uagb-image--layout-overlay__inner.bottom-right{justify-content:flex-end}.wp-block-uagb-image--layout-overlay__inner.top-left,.wp-block-uagb-image--layout-overlay__inner.center-left,.wp-block-uagb-image--layout-overlay__inner.bottom-left{align-items:flex-start}.wp-block-uagb-image--layout-overlay__inner.top-right,.wp-block-uagb-image--layout-overlay__inner.center-right,.wp-block-uagb-image--layout-overlay__inner.bottom-right{align-items:flex-end}.wp-block-uagb-image--layout-overlay__inner .uagb-image-heading{color:#fff;transition:transform .35s,opacity .35s ease-in-out;transform:translate3d(0, 24px, 0);margin:0;line-height:1em}.wp-block-uagb-image--layout-overlay__inner .uagb-image-separator{width:30%;border-top-width:2px;border-top-color:#fff;border-top-style:solid;margin-bottom:10px;opacity:0;transition:transform .4s,opacity .4s ease-in-out;transform:translate3d(0, 30px, 0)}.wp-block-uagb-image--layout-overlay__inner .uagb-image-caption{opacity:0;overflow:visible;color:#fff;transition:transform .45s,opacity .45s ease-in-out;transform:translate3d(0, 35px, 0)}.wp-block-uagb-image--layout-overlay__inner:hover .uagb-image-heading,.wp-block-uagb-image--layout-overlay__inner:hover .uagb-image-separator,.wp-block-uagb-image--layout-overlay__inner:hover .uagb-image-caption{opacity:1;transform:translate3d(0, 0, 0)}.wp-block-uagb-image--effect-zoomin .wp-block-uagb-image__figure img,.wp-block-uagb-image--effect-zoomin .wp-block-uagb-image__figure .wp-block-uagb-image--layout-overlay__color-wrapper{transform:scale(1);transition:transform .35s ease-in-out}.wp-block-uagb-image--effect-zoomin .wp-block-uagb-image__figure:hover img,.wp-block-uagb-image--effect-zoomin .wp-block-uagb-image__figure:hover .wp-block-uagb-image--layout-overlay__color-wrapper{transform:scale(1.05)}.wp-block-uagb-image--effect-slide .wp-block-uagb-image__figure img,.wp-block-uagb-image--effect-slide .wp-block-uagb-image__figure .wp-block-uagb-image--layout-overlay__color-wrapper{width:calc(100% + 40px) !important;max-width:none !important;transform:translate3d(-40px, 0, 0);transition:transform .35s ease-in-out}.wp-block-uagb-image--effect-slide .wp-block-uagb-image__figure:hover img,.wp-block-uagb-image--effect-slide .wp-block-uagb-image__figure:hover .wp-block-uagb-image--layout-overlay__color-wrapper{transform:translate3d(0, 0, 0)}.wp-block-uagb-image--effect-grayscale img{filter:grayscale(0%);transition:.35s ease-in-out}.wp-block-uagb-image--effect-grayscale:hover img{filter:grayscale(100%)}.wp-block-uagb-image--effect-blur img{filter:blur(0);transition:.35s ease-in-out}.wp-block-uagb-image--effect-blur:hover img{filter:blur(3px)}.uagb-block-e6f939b3.wp-block-uagb-image--layout-default figure img{box-shadow: 0px 0px 0 #00000070;}.uagb-block-e6f939b3.wp-block-uagb-image .wp-block-uagb-image__figure figcaption{font-style: normal;align-self: center;}.uagb-block-e6f939b3.wp-block-uagb-image--layout-overlay figure img{box-shadow: 0px 0px 0 #00000070;}.uagb-block-e6f939b3.wp-block-uagb-image--layout-overlay .wp-block-uagb-image--layout-overlay__color-wrapper{opacity: 0.2;}.uagb-block-e6f939b3.wp-block-uagb-image--layout-overlay .wp-block-uagb-image--layout-overlay__inner{left: 15px;right: 15px;top: 15px;bottom: 15px;}.uagb-block-e6f939b3.wp-block-uagb-image--layout-overlay .wp-block-uagb-image--layout-overlay__inner .uagb-image-heading{font-style: normal;color: #fff;opacity: 1;}.uagb-block-e6f939b3.wp-block-uagb-image--layout-overlay .wp-block-uagb-image--layout-overlay__inner .uagb-image-heading a{color: #fff;}.uagb-block-e6f939b3.wp-block-uagb-image--layout-overlay .wp-block-uagb-image--layout-overlay__inner .uagb-image-caption{opacity: 0;}.uagb-block-e6f939b3.wp-block-uagb-image--layout-overlay .wp-block-uagb-image__figure:hover .wp-block-uagb-image--layout-overlay__color-wrapper{opacity: 1;}.uagb-block-e6f939b3.wp-block-uagb-image .wp-block-uagb-image--layout-overlay__inner .uagb-image-separator{width: 30%;border-top-width: 2px;border-top-color: #fff;opacity: 0;}.uagb-block-e6f939b3.wp-block-uagb-image .wp-block-uagb-image__figure img{width: px;height: auto;}.uagb-block-e6f939b3.wp-block-uagb-image .wp-block-uagb-image__figure:hover .wp-block-uagb-image--layout-overlay__inner .uagb-image-caption{opacity: 1;}.uagb-block-e6f939b3.wp-block-uagb-image .wp-block-uagb-image__figure:hover .wp-block-uagb-image--layout-overlay__inner .uagb-image-separator{opacity: 1;}.uagb-block-e6f939b3.wp-block-uagb-image--layout-default figure:hover img{box-shadow: 0px 0px 0 #00000070;}.uagb-block-e6f939b3.wp-block-uagb-image--layout-overlay figure:hover img{box-shadow: 0px 0px 0 #00000070;}@media only screen and (max-width: 976px) {.uagb-block-e6f939b3.wp-block-uagb-image .wp-block-uagb-image__figure img{width: px;height: auto;}}@media only screen and (max-width: 767px) {.uagb-block-e6f939b3.wp-block-uagb-image .wp-block-uagb-image__figure img{width: px;height: auto;}}\";s:2:\"js\";s:0:\"\";s:18:\"current_block_list\";a:13:{i:0;s:11:\"core\/search\";i:1;s:10:\"core\/group\";i:2;s:12:\"core\/heading\";i:3;s:17:\"core\/latest-posts\";i:4;s:20:\"core\/latest-comments\";i:5;s:13:\"core\/archives\";i:6;s:15:\"core\/categories\";i:7;s:14:\"core\/paragraph\";i:8;s:10:\"uagb\/image\";i:9;s:11:\"core\/spacer\";i:10;s:30:\"woocommerce\/product-categories\";i:11;s:10:\"core\/image\";i:12;s:14:\"core\/shortcode\";}s:8:\"uag_flag\";b:1;s:11:\"uag_version\";s:10:\"1777229901\";s:6:\"gfonts\";a:0:{}s:10:\"gfonts_url\";s:0:\"\";s:12:\"gfonts_files\";a:0:{}s:14:\"uag_faq_layout\";b:0;}"]},"uagb_featured_image_src":{"full":["https:\/\/www.ferberpainting.com\/wp-content\/uploads\/2025\/05\/Descaler-for-Macerator-Toilet-5L.png",2560,2560,false],"thumbnail":["https:\/\/www.ferberpainting.com\/wp-content\/uploads\/2025\/05\/Descaler-for-Macerator-Toilet-5L-150x150.png",150,150,true],"medium":["https:\/\/www.ferberpainting.com\/wp-content\/uploads\/2025\/05\/Descaler-for-Macerator-Toilet-5L-300x300.png",300,300,true],"medium_large":["https:\/\/www.ferberpainting.com\/wp-content\/uploads\/2025\/05\/Descaler-for-Macerator-Toilet-5L-768x768.png",768,768,true],"large":["https:\/\/www.ferberpainting.com\/wp-content\/uploads\/2025\/05\/Descaler-for-Macerator-Toilet-5L-1024x1024.png",1024,1024,true],"1536x1536":["https:\/\/www.ferberpainting.com\/wp-content\/uploads\/2025\/05\/Descaler-for-Macerator-Toilet-5L-1536x1536.png",1536,1536,true],"2048x2048":["https:\/\/www.ferberpainting.com\/wp-content\/uploads\/2025\/05\/Descaler-for-Macerator-Toilet-5L-2048x2048.png",2048,2048,true],"trp-custom-language-flag":["https:\/\/www.ferberpainting.com\/wp-content\/uploads\/2025\/05\/Descaler-for-Macerator-Toilet-5L-12x12.png",12,12,true],"woocommerce_thumbnail":["https:\/\/www.ferberpainting.com\/wp-content\/uploads\/2025\/05\/Descaler-for-Macerator-Toilet-5L-300x300.png",300,300,true],"woocommerce_single":["https:\/\/www.ferberpainting.com\/wp-content\/uploads\/2025\/05\/Descaler-for-Macerator-Toilet-5L-600x600.png",600,600,true],"woocommerce_gallery_thumbnail":["https:\/\/www.ferberpainting.com\/wp-content\/uploads\/2025\/05\/Descaler-for-Macerator-Toilet-5L-100x100.png",100,100,true]},"uagb_author_info":{"display_name":"admin","author_link":"https:\/\/www.ferberpainting.com\/no\/author\/"},"uagb_comment_info":18,"uagb_excerpt":"Effective against limescale and calcium deposits.\u00a0The macerator descaler is specially designed to effectively eliminate limescale and calcium deposits that can build up inside sanitary appliances like macerating toilets. These residues can block internal mechanisms and reduce system efficiency. Thanks to its powerful formula, this product helps maintain the proper functioning of your macerator while providing&hellip;","_links":{"self":[{"href":"https:\/\/www.ferberpainting.com\/no\/wp-json\/wp\/v2\/product\/23195","targetHints":{"allow":["GET"]}}],"collection":[{"href":"https:\/\/www.ferberpainting.com\/no\/wp-json\/wp\/v2\/product"}],"about":[{"href":"https:\/\/www.ferberpainting.com\/no\/wp-json\/wp\/v2\/types\/product"}],"replies":[{"embeddable":true,"href":"https:\/\/www.ferberpainting.com\/no\/wp-json\/wp\/v2\/comments?post=23195"}],"version-history":[{"count":4,"href":"https:\/\/www.ferberpainting.com\/no\/wp-json\/wp\/v2\/product\/23195\/revisions"}],"predecessor-version":[{"id":166095,"href":"https:\/\/www.ferberpainting.com\/no\/wp-json\/wp\/v2\/product\/23195\/revisions\/166095"}],"wp:featuredmedia":[{"embeddable":true,"href":"https:\/\/www.ferberpainting.com\/no\/wp-json\/wp\/v2\/media\/36457"}],"wp:attachment":[{"href":"https:\/\/www.ferberpainting.com\/no\/wp-json\/wp\/v2\/media?parent=23195"}],"wp:term":[{"taxonomy":"product_brand","embeddable":true,"href":"https:\/\/www.ferberpainting.com\/no\/wp-json\/wp\/v2\/product_brand?post=23195"},{"taxonomy":"product_cat","embeddable":true,"href":"https:\/\/www.ferberpainting.com\/no\/wp-json\/wp\/v2\/product_cat?post=23195"},{"taxonomy":"product_tag","embeddable":true,"href":"https:\/\/www.ferberpainting.com\/no\/wp-json\/wp\/v2\/product_tag?post=23195"}],"curies":[{"name":"wp","href":"https:\/\/api.w.org\/{rel}","templated":true}]}}