{"id":23177,"date":"2025-07-01T16:48:49","date_gmt":"2025-07-01T14:48:49","guid":{"rendered":"https:\/\/www.ferberpainting.com\/?post_type=product&#038;p=23177"},"modified":"2026-02-15T13:40:14","modified_gmt":"2026-02-15T12:40:14","slug":"concrete-block-water-repellent","status":"publish","type":"product","link":"https:\/\/www.ferberpainting.com\/no\/products\/concrete-block-water-repellent\/","title":{"rendered":"Vannavst\u00f8tende for betongblokker"},"content":{"rendered":"<p><img decoding=\"async\" style=\"margin-right: 12px;\" src=\"https:\/\/www.ferberpainting.com\/wp-content\/uploads\/2026\/02\/Check.svg\" alt=\"\" width=\"18\" height=\"15\" \/><strong>Effektiv beskyttelse mot fuktighet.<\/strong>\u00a0Impregneringsmidlet for betongblokker er utviklet for \u00e5 gi optimal beskyttelse mot fukt og vanninntrengning i betongblokkvegger. Takket v\u00e6re den spesialutviklede formelen skaper den en usynlig barriere som hindrer vann i \u00e5 trenge inn, samtidig som den lar materialet puste. Produktet er ideelt for b\u00e5de yttervegger og fundamenter, og bidrar til \u00e5 bevare strukturen og forhindre skader for\u00e5rsaket av fuktighet, som mugg og nedbrytning av materialer.<\/p>\n<p><img decoding=\"async\" style=\"margin-right: 12px;\" src=\"https:\/\/www.ferberpainting.com\/wp-content\/uploads\/2026\/02\/Check.svg\" alt=\"\" width=\"18\" height=\"15\" \/><strong>Pengene tilbake-garanti.<\/strong>\u00a0Vi har stor tro p\u00e5 kvaliteten p\u00e5 produktet v\u00e5rt, og derfor tilbyr vi en tilfredshets- eller refusjonsgaranti. Hvis du av en eller annen grunn ikke er helt forn\u00f8yd med impregneringsmidlet for betongblokker, kan du be om full refusjon. Denne garantien gj\u00f8r at du kan kj\u00f8pe med full tillit, vel vitende om at du ikke har noe \u00e5 tape.<\/p>\n<p><img decoding=\"async\" style=\"margin-right: 12px;\" src=\"https:\/\/www.ferberpainting.com\/wp-content\/uploads\/2026\/02\/Check.svg\" alt=\"\" width=\"18\" height=\"15\" \/><strong>Kompatibel med mange materialer.<\/strong>\u00a0Selv om produktet f\u00f8rst og fremst er beregnet p\u00e5 betongblokker, fungerer det ogs\u00e5 sv\u00e6rt godt p\u00e5 andre murmaterialer som betong, sement, m\u00f8rtel og til og med murstein. Denne allsidigheten gj\u00f8r impregneringsmidlet for betongblokker til den ideelle l\u00f8sningen for renoverings- eller byggeprosjekter, og bidrar til \u00e5 beskytte ulike overflater mot fukt og vanninntrengning.<\/p>\n<p><img decoding=\"async\" style=\"margin-right: 12px;\" src=\"https:\/\/www.ferberpainting.com\/wp-content\/uploads\/2026\/02\/Check.svg\" alt=\"\" width=\"18\" height=\"15\" \/><strong>\u00d8konomisk ytelse.<\/strong>\u00a0Impregneringsmidlet for betongblokker gir utmerket valuta for pengene takket v\u00e6re det \u00f8konomiske utbyttet. En 5-liters beholder dekker et omr\u00e5de p\u00e5 30 til 50 m\u00b2, avhengig av por\u00f8siteten til materialet som behandles. Med denne h\u00f8ye dekningsgraden kan du behandle et stort omr\u00e5de med en relativt liten mengde produkt, noe som bidrar til \u00e5 redusere kostnadene samtidig som du sikrer beskyttelse av h\u00f8y kvalitet. Det er derfor en kostnadseffektiv l\u00f8sning for behandling av store omr\u00e5der.<\/p>\n<p><img decoding=\"async\" style=\"margin-right: 12px;\" src=\"https:\/\/www.ferberpainting.com\/wp-content\/uploads\/2026\/02\/Check.svg\" alt=\"\" width=\"18\" height=\"15\" \/><strong>Trygt \u00e5 bruke.<\/strong>\u00a0Impregneringsmidlet for betongblokker er utviklet for sikker bruk. Formelen er giftfri og avgir ingen skadelige damper under p\u00e5f\u00f8ring, noe som gj\u00f8r den milj\u00f8- og helsevennlig. Du kan trygt bruke den b\u00e5de innend\u00f8rs og utend\u00f8rs, og den er perfekt egnet for personer som er f\u00f8lsomme for sterke kjemikalier.<\/p>\n<p><img decoding=\"async\" style=\"margin-right: 12px;\" src=\"https:\/\/www.ferberpainting.com\/wp-content\/uploads\/2026\/02\/Check.svg\" alt=\"\" width=\"18\" height=\"15\" \/><strong>Lett \u00e5 p\u00e5f\u00f8re.<\/strong>\u00a0Det er enkelt og raskt \u00e5 p\u00e5f\u00f8re impregneringsmiddelet for betongblokker. Produktet er klart til bruk og krever ingen fortynning. P\u00e5f\u00f8r bare et jevnt str\u00f8k p\u00e5 overflaten med spr\u00f8yte, pensel eller rulle. Den flytende konsistensen gir jevn dekning og dyp penetrering inn i porene i betongblokken, noe som sikrer varig beskyttelse mot fuktighet uten problemer.<\/p>\n<p><img decoding=\"async\" style=\"margin-right: 12px;\" src=\"https:\/\/www.ferberpainting.com\/wp-content\/uploads\/2026\/02\/Check.svg\" alt=\"\" width=\"18\" height=\"15\" \/><strong>Holdbarhet og motstandskraft.<\/strong>\u00a0N\u00e5r impregneringen er p\u00e5f\u00f8rt, gir den langvarig beskyttelse. Den beskytter mot vanninntrengning, flekker, smuss og fuktrelatert nedbrytning. Denne beskyttelsen forblir effektiv i flere \u00e5r, noe som reduserer behovet for hyppig p\u00e5f\u00f8ring. Det sikrer lang levetid for vegger og fundamenter, samtidig som den strukturelle integriteten til bygningene opprettholdes.<\/p>\n<p><img decoding=\"async\" style=\"margin-right: 12px;\" src=\"https:\/\/www.ferberpainting.com\/wp-content\/uploads\/2026\/02\/Check.svg\" alt=\"\" width=\"18\" height=\"15\" \/><strong>Rask p\u00e5f\u00f8ring og t\u00f8rking.<\/strong>\u00a0Dette produktet skiller seg ogs\u00e5 ut for sin raske p\u00e5f\u00f8ring. Etter p\u00e5f\u00f8ring t\u00f8rker impregneringsmidlet for betongblokker raskt, p\u00e5 bare 1 til 2 timer. Du kan derfor behandle store omr\u00e5der uten \u00e5 miste tid. For maksimal beskyttelse anbefales det \u00e5 la produktet t\u00f8rke helt i 24 timer f\u00f8r du tar de behandlede overflatene i bruk igjen. Denne hastigheten bidrar til \u00e5 redusere nedetiden, samtidig som du sikrer effektiv beskyttelse p\u00e5 kortest mulig tid.<\/p>\n<h2><strong>Protokoll for bruk<\/strong><\/h2>\n<ul>\n<li><strong>Klargj\u00f8ring av overflaten <\/strong>: F\u00f8r du p\u00e5f\u00f8rer impregneringsmidlet for betongblokker, m\u00e5 du s\u00f8rge for at overflaten er ren, t\u00f8rr og fri for smuss. Rengj\u00f8r om n\u00f8dvendig betongblokkene med rent vann og et mildt rengj\u00f8ringsmiddel for \u00e5 fjerne smuss eller mugg. La overflaten t\u00f8rke helt f\u00f8r du p\u00e5f\u00f8rer produktet.<\/li>\n<li><strong>Produktapplikasjon <\/strong>: Impregneringsmiddelet for betongblokker er klart til bruk og trenger ikke \u00e5 fortynnes. P\u00e5f\u00f8r den direkte p\u00e5 betongblokkene med spr\u00f8yte, pensel eller rulle. S\u00f8rg for at hele overflaten dekkes jevnt for \u00e5 garantere jevn beskyttelse. Hvis du arbeider p\u00e5 store flater, anbefales det \u00e5 g\u00e5 frem i seksjoner for \u00e5 forhindre at produktet t\u00f8rker f\u00f8r det er ordentlig spredt.<\/li>\n<li><strong>Bel\u00f8p som skal brukes <\/strong>: Utbyttet av impregneringsmiddelet for betongblokker er ca. 6 til 10 m\u00b2 per liter, avhengig av materialets por\u00f8sitet. En 5-liters beholder kan dekke mellom 30 og 50 m\u00b2, noe som gj\u00f8r at du kan behandle et stort omr\u00e5de med relativt lite produkt. Dette gj\u00f8r impregneringsmiddelet for betongblokker til en \u00f8konomisk l\u00f8sning for behandling av store flater.<\/li>\n<li><strong>T\u00f8rketid <\/strong>: Etter p\u00e5f\u00f8ring t\u00f8rker produktet ved ber\u00f8ring i l\u00f8pet av 1 til 2 timer, men det anbefales \u00e5 la det t\u00f8rke helt i 24 timer for \u00e5 sikre full effektivitet. I denne perioden m\u00e5 all kontakt med fuktighet unng\u00e5s, slik at produktet f\u00e5r tid til \u00e5 stivne og danne en holdbar vanntett barriere.<\/li>\n<li><strong>Ny s\u00f8knad <\/strong>: Avhengig av v\u00e6rforhold og eksponering kan det v\u00e6re n\u00f8dvendig med ny p\u00e5f\u00f8ring hvert 3. til 5. \u00e5r for \u00e5 opprettholde optimal beskyttelse. F\u00f8r ny p\u00e5f\u00f8ring m\u00e5 overflaten rengj\u00f8res grundig for \u00e5 fjerne all smuss eller rester fra tidligere produkt.<\/li>\n<li><strong>Vedlikehold <\/strong>: Etter behandling anbefales det \u00e5 rengj\u00f8re de behandlede overflatene regelmessig med rent vann og en myk klut for \u00e5 bevare beskyttelsens effektivitet. Unng\u00e5 \u00e5 bruke slipende rengj\u00f8ringsmidler eller kjemikalier som kan bryte ned det beskyttende laget som dannes av impregneringsmidlet.<\/li>\n<\/ul>","protected":false},"excerpt":{"rendered":"<p>Effective protection against humidity.\u00a0The concrete block waterproofer is designed to offer optimal protection against moisture and water infiltration in concrete block walls. Thanks to its specially developed formula, it creates an invisible barrier that prevents water from penetrating while allowing the material to breathe. Ideal for both exterior walls and foundations, this product helps preserve [&hellip;]<\/p>\n","protected":false},"featured_media":36484,"comment_status":"open","ping_status":"closed","template":"","meta":{"_uag_custom_page_level_css":"","site-sidebar-layout":"default","site-content-layout":"","ast-site-content-layout":"default","site-content-style":"default","site-sidebar-style":"default","ast-global-header-display":"","ast-banner-title-visibility":"","ast-main-header-display":"","ast-hfb-above-header-display":"","ast-hfb-below-header-display":"","ast-hfb-mobile-header-display":"","site-post-title":"","ast-breadcrumbs-content":"","ast-featured-img":"","footer-sml-layout":"","ast-disable-related-posts":"","theme-transparent-header-meta":"default","adv-header-id-meta":"","stick-header-meta":"","header-above-stick-meta":"","header-main-stick-meta":"","header-below-stick-meta":"","astra-migrate-meta-layouts":"set","ast-page-background-enabled":"default","ast-page-background-meta":{"desktop":{"background-color":"var(--ast-global-color-4)","background-image":"","background-repeat":"repeat","background-position":"center center","background-size":"auto","background-attachment":"scroll","background-type":"","background-media":"","overlay-type":"","overlay-color":"","overlay-opacity":"","overlay-gradient":""},"tablet":{"background-color":"","background-image":"","background-repeat":"repeat","background-position":"center center","background-size":"auto","background-attachment":"scroll","background-type":"","background-media":"","overlay-type":"","overlay-color":"","overlay-opacity":"","overlay-gradient":""},"mobile":{"background-color":"","background-image":"","background-repeat":"repeat","background-position":"center center","background-size":"auto","background-attachment":"scroll","background-type":"","background-media":"","overlay-type":"","overlay-color":"","overlay-opacity":"","overlay-gradient":""}},"ast-content-background-meta":{"desktop":{"background-color":"var(--ast-global-color-5)","background-image":"","background-repeat":"repeat","background-position":"center center","background-size":"auto","background-attachment":"scroll","background-type":"","background-media":"","overlay-type":"","overlay-color":"","overlay-opacity":"","overlay-gradient":""},"tablet":{"background-color":"var(--ast-global-color-5)","background-image":"","background-repeat":"repeat","background-position":"center center","background-size":"auto","background-attachment":"scroll","background-type":"","background-media":"","overlay-type":"","overlay-color":"","overlay-opacity":"","overlay-gradient":""},"mobile":{"background-color":"var(--ast-global-color-5)","background-image":"","background-repeat":"repeat","background-position":"center center","background-size":"auto","background-attachment":"scroll","background-type":"","background-media":"","overlay-type":"","overlay-color":"","overlay-opacity":"","overlay-gradient":""}}},"product_brand":[],"product_cat":[176,191],"product_tag":[],"class_list":{"0":"post-23177","1":"product","2":"type-product","3":"status-publish","4":"has-post-thumbnail","6":"product_cat-concrete-treatment","7":"product_cat-water-repellent","8":"desktop-align-left","9":"tablet-align-left","10":"mobile-align-left","12":"first","13":"instock","14":"sale","15":"shipping-taxable","16":"purchasable","17":"product-type-variable","18":"has-default-attributes"},"spectra_custom_meta":{"_visibility":["visible"],"_shopify_product_id":["9106659508469"],"_s2w_shopify_domain":["ferberpainting.myshopify.com"],"_shopify_variant_id":["46626418393333"],"_sku":[""],"_manage_stock":["no"],"total_sales":["7"],"_tax_status":["taxable"],"_tax_class":[""],"_backorders":["no"],"_sold_individually":["no"],"_virtual":["no"],"_downloadable":["no"],"_download_limit":["-1"],"_download_expiry":["-1"],"_stock":[null],"_stock_status":["instock"],"_wc_average_rating":["5.00"],"_wc_review_count":["10"],"_product_attributes":["a:1:{s:6:\"volume\";a:6:{s:4:\"name\";s:6:\"Volume\";s:5:\"value\";s:20:\"5 liters | 25 liters\";s:8:\"position\";i:1;s:10:\"is_visible\";i:0;s:12:\"is_variation\";i:1;s:11:\"is_taxonomy\";i:0;}}"],"_product_version":["10.5.1"],"wpse_downloadable_file_names":[""],"wpse_downloadable_file_urls":[""],"_edit_last":["1"],"_default_attributes":["a:1:{s:6:\"volume\";s:8:\"5 liters\";}"],"_edit_lock":["1771159074:1"],"_price":["29.90","129.90"],"merchant-center-availability":["yes"],"merchant-center-category":["503744"],"_thumbnail_id":["36484"],"_wp_page_template":["default"],"_wp_old_date":["2025-05-26"],"_product_image_gallery":["36485"],"site-sidebar-layout":["default"],"ast-site-content-layout":["default"],"site-content-style":["default"],"site-sidebar-style":["default"],"theme-transparent-header-meta":["default"],"_wc_rating_count":["a:1:{i:5;i:10;}"],"astra-migrate-meta-layouts":["set"],"_uag_css_file_name":["uag-css-23177.css"],"_elementor_page_assets":["a:0:{}"],"_uag_page_assets":["a:9:{s:3:\"css\";s:6873:\".wp-block-uagb-image{display:flex}.wp-block-uagb-image__figure{position:relative;display:flex;flex-direction:column;max-width:100%;height:auto;margin:0}.wp-block-uagb-image__figure img{height:auto;display:flex;max-width:100%;transition:box-shadow .2s ease}.wp-block-uagb-image__figure>a{display:inline-block}.wp-block-uagb-image__figure figcaption{text-align:center;margin-top:.5em;margin-bottom:1em}.wp-block-uagb-image .components-placeholder.block-editor-media-placeholder .components-placeholder__instructions{align-self:center}.wp-block-uagb-image--align-left{text-align:left}.wp-block-uagb-image--align-right{text-align:right}.wp-block-uagb-image--align-center{text-align:center}.wp-block-uagb-image--align-full .wp-block-uagb-image__figure{margin-left:calc(50% - 50vw);margin-right:calc(50% - 50vw);max-width:100vw;width:100vw;height:auto}.wp-block-uagb-image--align-full .wp-block-uagb-image__figure img{height:auto;width:100% !important}.wp-block-uagb-image--align-wide .wp-block-uagb-image__figure img{height:auto;width:100%}.wp-block-uagb-image--layout-overlay__color-wrapper{position:absolute;left:0;top:0;right:0;bottom:0;opacity:.2;background:rgba(0,0,0,.5);transition:opacity .35s ease-in-out}.wp-block-uagb-image--layout-overlay-link{position:absolute;left:0;right:0;bottom:0;top:0}.wp-block-uagb-image--layout-overlay .wp-block-uagb-image__figure:hover .wp-block-uagb-image--layout-overlay__color-wrapper{opacity:1}.wp-block-uagb-image--layout-overlay__inner{position:absolute;left:15px;right:15px;bottom:15px;top:15px;display:flex;align-items:center;justify-content:center;flex-direction:column;border-color:#fff;transition:.35s ease-in-out}.wp-block-uagb-image--layout-overlay__inner.top-left,.wp-block-uagb-image--layout-overlay__inner.top-center,.wp-block-uagb-image--layout-overlay__inner.top-right{justify-content:flex-start}.wp-block-uagb-image--layout-overlay__inner.bottom-left,.wp-block-uagb-image--layout-overlay__inner.bottom-center,.wp-block-uagb-image--layout-overlay__inner.bottom-right{justify-content:flex-end}.wp-block-uagb-image--layout-overlay__inner.top-left,.wp-block-uagb-image--layout-overlay__inner.center-left,.wp-block-uagb-image--layout-overlay__inner.bottom-left{align-items:flex-start}.wp-block-uagb-image--layout-overlay__inner.top-right,.wp-block-uagb-image--layout-overlay__inner.center-right,.wp-block-uagb-image--layout-overlay__inner.bottom-right{align-items:flex-end}.wp-block-uagb-image--layout-overlay__inner .uagb-image-heading{color:#fff;transition:transform .35s,opacity .35s ease-in-out;transform:translate3d(0, 24px, 0);margin:0;line-height:1em}.wp-block-uagb-image--layout-overlay__inner .uagb-image-separator{width:30%;border-top-width:2px;border-top-color:#fff;border-top-style:solid;margin-bottom:10px;opacity:0;transition:transform .4s,opacity .4s ease-in-out;transform:translate3d(0, 30px, 0)}.wp-block-uagb-image--layout-overlay__inner .uagb-image-caption{opacity:0;overflow:visible;color:#fff;transition:transform .45s,opacity .45s ease-in-out;transform:translate3d(0, 35px, 0)}.wp-block-uagb-image--layout-overlay__inner:hover .uagb-image-heading,.wp-block-uagb-image--layout-overlay__inner:hover .uagb-image-separator,.wp-block-uagb-image--layout-overlay__inner:hover .uagb-image-caption{opacity:1;transform:translate3d(0, 0, 0)}.wp-block-uagb-image--effect-zoomin .wp-block-uagb-image__figure img,.wp-block-uagb-image--effect-zoomin .wp-block-uagb-image__figure .wp-block-uagb-image--layout-overlay__color-wrapper{transform:scale(1);transition:transform .35s ease-in-out}.wp-block-uagb-image--effect-zoomin .wp-block-uagb-image__figure:hover img,.wp-block-uagb-image--effect-zoomin .wp-block-uagb-image__figure:hover .wp-block-uagb-image--layout-overlay__color-wrapper{transform:scale(1.05)}.wp-block-uagb-image--effect-slide .wp-block-uagb-image__figure img,.wp-block-uagb-image--effect-slide .wp-block-uagb-image__figure .wp-block-uagb-image--layout-overlay__color-wrapper{width:calc(100% + 40px) !important;max-width:none !important;transform:translate3d(-40px, 0, 0);transition:transform .35s ease-in-out}.wp-block-uagb-image--effect-slide .wp-block-uagb-image__figure:hover img,.wp-block-uagb-image--effect-slide .wp-block-uagb-image__figure:hover .wp-block-uagb-image--layout-overlay__color-wrapper{transform:translate3d(0, 0, 0)}.wp-block-uagb-image--effect-grayscale img{filter:grayscale(0%);transition:.35s ease-in-out}.wp-block-uagb-image--effect-grayscale:hover img{filter:grayscale(100%)}.wp-block-uagb-image--effect-blur img{filter:blur(0);transition:.35s ease-in-out}.wp-block-uagb-image--effect-blur:hover img{filter:blur(3px)}.uagb-block-e6f939b3.wp-block-uagb-image--layout-default figure img{box-shadow: 0px 0px 0 #00000070;}.uagb-block-e6f939b3.wp-block-uagb-image .wp-block-uagb-image__figure figcaption{font-style: normal;align-self: center;}.uagb-block-e6f939b3.wp-block-uagb-image--layout-overlay figure img{box-shadow: 0px 0px 0 #00000070;}.uagb-block-e6f939b3.wp-block-uagb-image--layout-overlay .wp-block-uagb-image--layout-overlay__color-wrapper{opacity: 0.2;}.uagb-block-e6f939b3.wp-block-uagb-image--layout-overlay .wp-block-uagb-image--layout-overlay__inner{left: 15px;right: 15px;top: 15px;bottom: 15px;}.uagb-block-e6f939b3.wp-block-uagb-image--layout-overlay .wp-block-uagb-image--layout-overlay__inner .uagb-image-heading{font-style: normal;color: #fff;opacity: 1;}.uagb-block-e6f939b3.wp-block-uagb-image--layout-overlay .wp-block-uagb-image--layout-overlay__inner .uagb-image-heading a{color: #fff;}.uagb-block-e6f939b3.wp-block-uagb-image--layout-overlay .wp-block-uagb-image--layout-overlay__inner .uagb-image-caption{opacity: 0;}.uagb-block-e6f939b3.wp-block-uagb-image--layout-overlay .wp-block-uagb-image__figure:hover .wp-block-uagb-image--layout-overlay__color-wrapper{opacity: 1;}.uagb-block-e6f939b3.wp-block-uagb-image .wp-block-uagb-image--layout-overlay__inner .uagb-image-separator{width: 30%;border-top-width: 2px;border-top-color: #fff;opacity: 0;}.uagb-block-e6f939b3.wp-block-uagb-image .wp-block-uagb-image__figure img{width: px;height: auto;}.uagb-block-e6f939b3.wp-block-uagb-image .wp-block-uagb-image__figure:hover .wp-block-uagb-image--layout-overlay__inner .uagb-image-caption{opacity: 1;}.uagb-block-e6f939b3.wp-block-uagb-image .wp-block-uagb-image__figure:hover .wp-block-uagb-image--layout-overlay__inner .uagb-image-separator{opacity: 1;}.uagb-block-e6f939b3.wp-block-uagb-image--layout-default figure:hover img{box-shadow: 0px 0px 0 #00000070;}.uagb-block-e6f939b3.wp-block-uagb-image--layout-overlay figure:hover img{box-shadow: 0px 0px 0 #00000070;}@media only screen and (max-width: 976px) {.uagb-block-e6f939b3.wp-block-uagb-image .wp-block-uagb-image__figure img{width: px;height: auto;}}@media only screen and (max-width: 767px) {.uagb-block-e6f939b3.wp-block-uagb-image .wp-block-uagb-image__figure img{width: px;height: auto;}}\";s:2:\"js\";s:0:\"\";s:18:\"current_block_list\";a:13:{i:0;s:11:\"core\/search\";i:1;s:10:\"core\/group\";i:2;s:12:\"core\/heading\";i:3;s:17:\"core\/latest-posts\";i:4;s:20:\"core\/latest-comments\";i:5;s:13:\"core\/archives\";i:6;s:15:\"core\/categories\";i:7;s:14:\"core\/paragraph\";i:8;s:10:\"uagb\/image\";i:9;s:11:\"core\/spacer\";i:10;s:30:\"woocommerce\/product-categories\";i:11;s:10:\"core\/image\";i:12;s:14:\"core\/shortcode\";}s:8:\"uag_flag\";b:1;s:11:\"uag_version\";s:10:\"1777108713\";s:6:\"gfonts\";a:0:{}s:10:\"gfonts_url\";s:0:\"\";s:12:\"gfonts_files\";a:0:{}s:14:\"uag_faq_layout\";b:0;}"]},"uagb_featured_image_src":{"full":["https:\/\/www.ferberpainting.com\/wp-content\/uploads\/2025\/05\/Concrete-Block-Water-Repellent-5L-.png",2560,2560,false],"thumbnail":["https:\/\/www.ferberpainting.com\/wp-content\/uploads\/2025\/05\/Concrete-Block-Water-Repellent-5L--150x150.png",150,150,true],"medium":["https:\/\/www.ferberpainting.com\/wp-content\/uploads\/2025\/05\/Concrete-Block-Water-Repellent-5L--300x300.png",300,300,true],"medium_large":["https:\/\/www.ferberpainting.com\/wp-content\/uploads\/2025\/05\/Concrete-Block-Water-Repellent-5L--768x768.png",768,768,true],"large":["https:\/\/www.ferberpainting.com\/wp-content\/uploads\/2025\/05\/Concrete-Block-Water-Repellent-5L--1024x1024.png",1024,1024,true],"1536x1536":["https:\/\/www.ferberpainting.com\/wp-content\/uploads\/2025\/05\/Concrete-Block-Water-Repellent-5L--1536x1536.png",1536,1536,true],"2048x2048":["https:\/\/www.ferberpainting.com\/wp-content\/uploads\/2025\/05\/Concrete-Block-Water-Repellent-5L--2048x2048.png",2048,2048,true],"trp-custom-language-flag":["https:\/\/www.ferberpainting.com\/wp-content\/uploads\/2025\/05\/Concrete-Block-Water-Repellent-5L--12x12.png",12,12,true],"woocommerce_thumbnail":["https:\/\/www.ferberpainting.com\/wp-content\/uploads\/2025\/05\/Concrete-Block-Water-Repellent-5L--300x300.png",300,300,true],"woocommerce_single":["https:\/\/www.ferberpainting.com\/wp-content\/uploads\/2025\/05\/Concrete-Block-Water-Repellent-5L--600x600.png",600,600,true],"woocommerce_gallery_thumbnail":["https:\/\/www.ferberpainting.com\/wp-content\/uploads\/2025\/05\/Concrete-Block-Water-Repellent-5L--100x100.png",100,100,true]},"uagb_author_info":{"display_name":"admin","author_link":"https:\/\/www.ferberpainting.com\/no\/author\/"},"uagb_comment_info":10,"uagb_excerpt":"Effective protection against humidity.\u00a0The concrete block waterproofer is designed to offer optimal protection against moisture and water infiltration in concrete block walls. Thanks to its specially developed formula, it creates an invisible barrier that prevents water from penetrating while allowing the material to breathe. Ideal for both exterior walls and foundations, this product helps preserve&hellip;","_links":{"self":[{"href":"https:\/\/www.ferberpainting.com\/no\/wp-json\/wp\/v2\/product\/23177","targetHints":{"allow":["GET"]}}],"collection":[{"href":"https:\/\/www.ferberpainting.com\/no\/wp-json\/wp\/v2\/product"}],"about":[{"href":"https:\/\/www.ferberpainting.com\/no\/wp-json\/wp\/v2\/types\/product"}],"replies":[{"embeddable":true,"href":"https:\/\/www.ferberpainting.com\/no\/wp-json\/wp\/v2\/comments?post=23177"}],"version-history":[{"count":6,"href":"https:\/\/www.ferberpainting.com\/no\/wp-json\/wp\/v2\/product\/23177\/revisions"}],"predecessor-version":[{"id":166086,"href":"https:\/\/www.ferberpainting.com\/no\/wp-json\/wp\/v2\/product\/23177\/revisions\/166086"}],"wp:featuredmedia":[{"embeddable":true,"href":"https:\/\/www.ferberpainting.com\/no\/wp-json\/wp\/v2\/media\/36484"}],"wp:attachment":[{"href":"https:\/\/www.ferberpainting.com\/no\/wp-json\/wp\/v2\/media?parent=23177"}],"wp:term":[{"taxonomy":"product_brand","embeddable":true,"href":"https:\/\/www.ferberpainting.com\/no\/wp-json\/wp\/v2\/product_brand?post=23177"},{"taxonomy":"product_cat","embeddable":true,"href":"https:\/\/www.ferberpainting.com\/no\/wp-json\/wp\/v2\/product_cat?post=23177"},{"taxonomy":"product_tag","embeddable":true,"href":"https:\/\/www.ferberpainting.com\/no\/wp-json\/wp\/v2\/product_tag?post=23177"}],"curies":[{"name":"wp","href":"https:\/\/api.w.org\/{rel}","templated":true}]}}