{"id":23139,"date":"2025-05-26T10:22:58","date_gmt":"2025-05-26T08:22:58","guid":{"rendered":"https:\/\/www.ferberpainting.com\/products\/citrus-orange-and-lemon-tree-fertilizer\/"},"modified":"2026-02-15T13:28:02","modified_gmt":"2026-02-15T12:28:02","slug":"citrus-orange-and-lemon-tree-fertilizer","status":"publish","type":"product","link":"https:\/\/www.ferberpainting.com\/no\/products\/citrus-orange-and-lemon-tree-fertilizer\/","title":{"rendered":"Sitrus-, appelsin- og sitrontregj\u00f8dsel 25 kg"},"content":{"rendered":"<p><img decoding=\"async\" style=\"margin-right: 12px;\" src=\"https:\/\/www.ferberpainting.com\/wp-content\/uploads\/2026\/02\/Check.svg\" alt=\"\" width=\"18\" height=\"15\" \/><strong>Balansert gj\u00f8dsling for sunne sitrustr\u00e6r.<\/strong>\u00a0Denne gj\u00f8dselen for sitrustr\u00e6r, appelsintr\u00e6r og sitrontr\u00e6r er spesielt formulert for \u00e5 gi tr\u00e6rne dine alle de n\u00f8dvendige n\u00e6ringsstoffene for utvikling, blomstring og frukting. Takket v\u00e6re NPK 10-10-10-sammensetningen sikrer den harmonisk vekst av r\u00f8tter, blader og frukt, slik at sitrustr\u00e6r kan produsere rikelig og smakfull avling samtidig som de forblir kraftige gjennom hele \u00e5ret.<\/p>\n<p><img decoding=\"async\" style=\"margin-right: 12px;\" src=\"https:\/\/www.ferberpainting.com\/wp-content\/uploads\/2026\/02\/Check.svg\" alt=\"\" width=\"18\" height=\"15\" \/><strong>Pengene tilbake-garanti.<\/strong>\u00a0Vi har full tillit til effektiviteten til v\u00e5r sitrusgj\u00f8dsel, og det er derfor vi tilbyr en pengene-tilbake-garanti. Hvis produktet ikke oppfyller forventningene dine etter riktig p\u00e5f\u00f8ring i henhold til anbefalingene, kan du be om refusjon uten betingelser, noe som sikrer et risikofritt kj\u00f8p med fullstendig sjelefred.<\/p>\n<p><img decoding=\"async\" style=\"margin-right: 12px;\" src=\"https:\/\/www.ferberpainting.com\/wp-content\/uploads\/2026\/02\/Check.svg\" alt=\"\" width=\"18\" height=\"15\" \/><strong>Passer til alle sitrussorter.<\/strong>\u00a0Denne gj\u00f8dselen er egnet for appelsintr\u00e6r, sitrontr\u00e6r, mandarintr\u00e6r, grapefrukttr\u00e6r, kumquats og andre sitrustr\u00e6r som dyrkes i bakken eller i potter. Den fremmer b\u00e5de utviklingen av unge tr\u00e6r og vedlikeholdet av modne tr\u00e6r, og s\u00f8rger for riktig gj\u00f8dsling i alle vekststadier.<\/p>\n<p><img decoding=\"async\" style=\"margin-right: 12px;\" src=\"https:\/\/www.ferberpainting.com\/wp-content\/uploads\/2026\/02\/Check.svg\" alt=\"\" width=\"18\" height=\"15\" \/><strong>Optimalisert \u00f8konomisk utbytte for b\u00e6rekraftig gj\u00f8dsling.<\/strong>\u00a0Den konsentrerte formelen gj\u00f8r det mulig \u00e5 bruke bare 200 g gj\u00f8dsel per tre, noe som sikrer langvarig og kostnadseffektiv gj\u00f8dsling. En pose p\u00e5 25 kg kan gi n\u00e6ring til opptil 125 tr\u00e6r, noe som gj\u00f8r det til et ideelt valg for privatpersoner med frukthager eller produsenter som \u00f8nsker en l\u00f8nnsom og effektiv l\u00f8sning.<\/p>\n<p><img decoding=\"async\" style=\"margin-right: 12px;\" src=\"https:\/\/www.ferberpainting.com\/wp-content\/uploads\/2026\/02\/Check.svg\" alt=\"\" width=\"18\" height=\"15\" \/><strong>Et trygt og milj\u00f8vennlig produkt.<\/strong>\u00a0Denne gj\u00f8dselen er giftfri og trygg for jord og avlinger, noe som sikrer effektiv gj\u00f8dsling uten risiko for forurensning. Den gradvise frigj\u00f8ringen forhindrer for mye mineralsalter i jorden, og bevarer dermed den biologiske balansen og helsen til tr\u00e6rne. Den brenner ikke r\u00f8ttene n\u00e5r den brukes i henhold til anbefalingene, noe som sikrer sunn og naturlig vekst for sitrustr\u00e6r.<\/p>\n<p><img decoding=\"async\" style=\"margin-right: 12px;\" src=\"https:\/\/www.ferberpainting.com\/wp-content\/uploads\/2026\/02\/Check.svg\" alt=\"\" width=\"18\" height=\"15\" \/><strong>Enkel p\u00e5f\u00f8ring for raskt synlige resultater.<\/strong>\u00a0Denne gj\u00f8dselen p\u00e5f\u00f8res direkte ved foten av tr\u00e6rne, uten at det kreves kompliserte forberedelser. Det er bare \u00e5 spre det rundt stammen og lett innlemme det i jorden for progressivt n\u00e6ringsopptak av r\u00f8ttene. Den enkle p\u00e5f\u00f8ringsmetoden gj\u00f8r at alle gartnere, b\u00e5de nybegynnere og erfarne, kan oppn\u00e5 optimal gj\u00f8dsling med bare noen f\u00e5 enkle trinn.<\/p>\n<p><img decoding=\"async\" style=\"margin-right: 12px;\" src=\"https:\/\/www.ferberpainting.com\/wp-content\/uploads\/2026\/02\/Check.svg\" alt=\"\" width=\"18\" height=\"15\" \/><strong>Langvarig virkning for maksimal vekst og frukting.<\/strong>\u00a0Takket v\u00e6re den ikke-oppl\u00f8selige formuleringen frigj\u00f8r denne gj\u00f8dselen n\u00e6ringsstoffene sakte, noe som gir kontinuerlig f\u00f4ring av sitrustr\u00e6r over flere uker. Den fremmer regelmessig vekst av unge skudd, stimulerer blomsterdannelsen og forbedrer kvaliteten og mengden av fruktene som produseres. Den balanserte tilf\u00f8rselen av nitrogen, fosfor og kalium sikrer velutviklede, s\u00f8te og smaksrike sitrusfrukter.<\/p>\n<p><img decoding=\"async\" style=\"margin-right: 12px;\" src=\"https:\/\/www.ferberpainting.com\/wp-content\/uploads\/2026\/02\/Check.svg\" alt=\"\" width=\"18\" height=\"15\" \/><strong>Raske resultater for bedre produksjon.<\/strong>\u00a0Allerede fra f\u00f8rste p\u00e5f\u00f8ring stimulerer denne gj\u00f8dselen veksten og styrker sitrustr\u00e6rnes motstandskraft mot sykdommer og t\u00f8ffe klimatiske forhold. Etter noen uker utvikler tr\u00e6rne et tettere og gr\u00f8nnere l\u00f8vverk, og fruktdannelsen optimaliseres for en rikere innh\u00f8sting av h\u00f8yere kvalitet.<\/p>\n<h2><strong>Protokoll for bruk<\/strong><\/h2>\n<ul>\n<li><strong>S\u00f8knadsperiode <\/strong>: P\u00e5f\u00f8r to ganger i \u00e5ret, p\u00e5 begynnelsen av v\u00e5ren (mars-april) og om h\u00f8sten (september-oktober), for \u00e5 sikre kontinuerlig n\u00e6ring til sitrustr\u00e6rne gjennom hele vekst- og fruktsyklusen.<\/li>\n<li><strong>Anbefalt dosering <\/strong>: Spred 200 g gj\u00f8dsel per tre, omtrent en velfylt h\u00e5ndfull. For sitrustr\u00e6r i potte, reduser dosen til 100 g per potte, og juster i henhold til treets st\u00f8rrelse.<\/li>\n<li><strong>P\u00e5f\u00f8ringsmetode <\/strong>: Spre gj\u00f8dselen i en sirkel rundt stammen, ca. 20 til 30 cm fra treets basis, uten \u00e5 plassere den direkte mot stammen. Skrap lett i jorden med en rive eller en hakke for \u00e5 fremme innlemmelsen i jorden.<\/li>\n<li><strong>Vanning etter p\u00e5f\u00f8ring <\/strong>: Vann sjener\u00f8st etter spredning for \u00e5 aktivere diffusjonen av n\u00e6ringsstoffer i jorden og lette absorpsjonen av r\u00f8ttene. Regelmessig vanning i de f\u00f8lgende ukene sikrer optimal absorpsjon.<\/li>\n<li><strong>Vedlikeholdsfrekvens <\/strong>: For unge tr\u00e6r i full vekst kan en ekstra p\u00e5f\u00f8ring om sommeren (juli-august) v\u00e6re gunstig for \u00e5 styrke deres utvikling og forberede seg p\u00e5 rikelig blomstring.<\/li>\n<li><strong>Forholdsregler for bruk <\/strong>: Ikke overskrid de anbefalte dosene for \u00e5 unng\u00e5 for mye n\u00e6ringsstoffer i jorden. Unng\u00e5 \u00e5 bruke gj\u00f8dsel p\u00e5 frossen jord eller i perioder med intens t\u00f8rke uten ekstra vanning.<\/li>\n<li><strong>Oppbevaring og konservering <\/strong>: Oppbevar gj\u00f8dselen p\u00e5 et kj\u00f8lig, t\u00f8rt sted, borte fra fuktighet og sollys. Forsegl posen forsiktig etter hver bruk for \u00e5 bevare produktkvaliteten og forhindre fuktabsorpsjon.<\/li>\n<\/ul>\n<p>Med denne <strong>gj\u00f8dsel for sitrus-, appelsin- og sitrontr\u00e6r<\/strong>gir tr\u00e6rne dine komplett og balansert n\u00e6ring, noe som fremmer kraftig vekst, intens blomstring og en rikholdig h\u00f8st av smakfulle frukter.<\/p>","protected":false},"excerpt":{"rendered":"<p>Balanced fertilization for healthy citrus trees.\u00a0This fertilizer for citrus trees, orange trees, and lemon trees is specially formulated to provide your trees with all the necessary nutrients for their development, flowering, and fruiting. Thanks to its NPK 10-10-10 composition, it ensures harmonious growth of roots, leaves, and fruits, allowing citrus trees to produce abundant and [&hellip;]<\/p>\n","protected":false},"featured_media":25723,"comment_status":"open","ping_status":"closed","template":"","meta":{"_uag_custom_page_level_css":"","site-sidebar-layout":"default","site-content-layout":"","ast-site-content-layout":"default","site-content-style":"default","site-sidebar-style":"default","ast-global-header-display":"","ast-banner-title-visibility":"","ast-main-header-display":"","ast-hfb-above-header-display":"","ast-hfb-below-header-display":"","ast-hfb-mobile-header-display":"","site-post-title":"","ast-breadcrumbs-content":"","ast-featured-img":"","footer-sml-layout":"","ast-disable-related-posts":"","theme-transparent-header-meta":"default","adv-header-id-meta":"","stick-header-meta":"","header-above-stick-meta":"","header-main-stick-meta":"","header-below-stick-meta":"","astra-migrate-meta-layouts":"set","ast-page-background-enabled":"default","ast-page-background-meta":{"desktop":{"background-color":"var(--ast-global-color-4)","background-image":"","background-repeat":"repeat","background-position":"center center","background-size":"auto","background-attachment":"scroll","background-type":"","background-media":"","overlay-type":"","overlay-color":"","overlay-opacity":"","overlay-gradient":""},"tablet":{"background-color":"","background-image":"","background-repeat":"repeat","background-position":"center center","background-size":"auto","background-attachment":"scroll","background-type":"","background-media":"","overlay-type":"","overlay-color":"","overlay-opacity":"","overlay-gradient":""},"mobile":{"background-color":"","background-image":"","background-repeat":"repeat","background-position":"center center","background-size":"auto","background-attachment":"scroll","background-type":"","background-media":"","overlay-type":"","overlay-color":"","overlay-opacity":"","overlay-gradient":""}},"ast-content-background-meta":{"desktop":{"background-color":"var(--ast-global-color-5)","background-image":"","background-repeat":"repeat","background-position":"center center","background-size":"auto","background-attachment":"scroll","background-type":"","background-media":"","overlay-type":"","overlay-color":"","overlay-opacity":"","overlay-gradient":""},"tablet":{"background-color":"var(--ast-global-color-5)","background-image":"","background-repeat":"repeat","background-position":"center center","background-size":"auto","background-attachment":"scroll","background-type":"","background-media":"","overlay-type":"","overlay-color":"","overlay-opacity":"","overlay-gradient":""},"mobile":{"background-color":"var(--ast-global-color-5)","background-image":"","background-repeat":"repeat","background-position":"center center","background-size":"auto","background-attachment":"scroll","background-type":"","background-media":"","overlay-type":"","overlay-color":"","overlay-opacity":"","overlay-gradient":""}}},"product_brand":[],"product_cat":[178],"product_tag":[],"class_list":{"0":"post-23139","1":"product","2":"type-product","3":"status-publish","4":"has-post-thumbnail","6":"product_cat-fertilizers","7":"desktop-align-left","8":"tablet-align-left","9":"mobile-align-left","11":"first","12":"instock","13":"shipping-taxable","14":"purchasable","15":"product-type-simple"},"spectra_custom_meta":{"_visibility":["visible"],"_shopify_product_id":["9062376374517"],"_s2w_shopify_domain":["ferberpainting.myshopify.com"],"_shopify_variant_id":["46488662704373"],"_sku":["FPCITRUSORANGEANDLEMONTREEFERTILIZER25KG"],"_regular_price":["39.90"],"_price":["39.90"],"_sale_price":[""],"_weight":["18.5"],"_thumbnail_id":["25723"],"_global_unique_id":["5056773817050"],"total_sales":["34"],"_tax_status":["taxable"],"_tax_class":[""],"_manage_stock":["no"],"_backorders":["no"],"_sold_individually":["no"],"_virtual":["no"],"_downloadable":["no"],"_download_limit":["-1"],"_download_expiry":["-1"],"_stock":[null],"_stock_status":["instock"],"_wc_average_rating":["5.00"],"_wc_review_count":["38"],"_product_version":["10.5.1"],"_edit_lock":["1771158344:1"],"_edit_last":["1"],"_wp_page_template":["default"],"site-sidebar-layout":["default"],"ast-site-content-layout":["default"],"site-content-style":["default"],"site-sidebar-style":["default"],"theme-transparent-header-meta":["default"],"_wc_rating_count":["a:1:{i:5;i:38;}"],"merchant-center-availability":["yes"],"merchant-center-category":["113"],"astra-migrate-meta-layouts":["set"],"_uag_css_file_name":["uag-css-23139.css"],"_elementor_page_assets":["a:0:{}"],"_uag_page_assets":["a:9:{s:3:\"css\";s:6873:\".wp-block-uagb-image{display:flex}.wp-block-uagb-image__figure{position:relative;display:flex;flex-direction:column;max-width:100%;height:auto;margin:0}.wp-block-uagb-image__figure img{height:auto;display:flex;max-width:100%;transition:box-shadow .2s ease}.wp-block-uagb-image__figure>a{display:inline-block}.wp-block-uagb-image__figure figcaption{text-align:center;margin-top:.5em;margin-bottom:1em}.wp-block-uagb-image .components-placeholder.block-editor-media-placeholder .components-placeholder__instructions{align-self:center}.wp-block-uagb-image--align-left{text-align:left}.wp-block-uagb-image--align-right{text-align:right}.wp-block-uagb-image--align-center{text-align:center}.wp-block-uagb-image--align-full .wp-block-uagb-image__figure{margin-left:calc(50% - 50vw);margin-right:calc(50% - 50vw);max-width:100vw;width:100vw;height:auto}.wp-block-uagb-image--align-full .wp-block-uagb-image__figure img{height:auto;width:100% !important}.wp-block-uagb-image--align-wide .wp-block-uagb-image__figure img{height:auto;width:100%}.wp-block-uagb-image--layout-overlay__color-wrapper{position:absolute;left:0;top:0;right:0;bottom:0;opacity:.2;background:rgba(0,0,0,.5);transition:opacity .35s ease-in-out}.wp-block-uagb-image--layout-overlay-link{position:absolute;left:0;right:0;bottom:0;top:0}.wp-block-uagb-image--layout-overlay .wp-block-uagb-image__figure:hover .wp-block-uagb-image--layout-overlay__color-wrapper{opacity:1}.wp-block-uagb-image--layout-overlay__inner{position:absolute;left:15px;right:15px;bottom:15px;top:15px;display:flex;align-items:center;justify-content:center;flex-direction:column;border-color:#fff;transition:.35s ease-in-out}.wp-block-uagb-image--layout-overlay__inner.top-left,.wp-block-uagb-image--layout-overlay__inner.top-center,.wp-block-uagb-image--layout-overlay__inner.top-right{justify-content:flex-start}.wp-block-uagb-image--layout-overlay__inner.bottom-left,.wp-block-uagb-image--layout-overlay__inner.bottom-center,.wp-block-uagb-image--layout-overlay__inner.bottom-right{justify-content:flex-end}.wp-block-uagb-image--layout-overlay__inner.top-left,.wp-block-uagb-image--layout-overlay__inner.center-left,.wp-block-uagb-image--layout-overlay__inner.bottom-left{align-items:flex-start}.wp-block-uagb-image--layout-overlay__inner.top-right,.wp-block-uagb-image--layout-overlay__inner.center-right,.wp-block-uagb-image--layout-overlay__inner.bottom-right{align-items:flex-end}.wp-block-uagb-image--layout-overlay__inner .uagb-image-heading{color:#fff;transition:transform .35s,opacity .35s ease-in-out;transform:translate3d(0, 24px, 0);margin:0;line-height:1em}.wp-block-uagb-image--layout-overlay__inner .uagb-image-separator{width:30%;border-top-width:2px;border-top-color:#fff;border-top-style:solid;margin-bottom:10px;opacity:0;transition:transform .4s,opacity .4s ease-in-out;transform:translate3d(0, 30px, 0)}.wp-block-uagb-image--layout-overlay__inner .uagb-image-caption{opacity:0;overflow:visible;color:#fff;transition:transform .45s,opacity .45s ease-in-out;transform:translate3d(0, 35px, 0)}.wp-block-uagb-image--layout-overlay__inner:hover .uagb-image-heading,.wp-block-uagb-image--layout-overlay__inner:hover .uagb-image-separator,.wp-block-uagb-image--layout-overlay__inner:hover .uagb-image-caption{opacity:1;transform:translate3d(0, 0, 0)}.wp-block-uagb-image--effect-zoomin .wp-block-uagb-image__figure img,.wp-block-uagb-image--effect-zoomin .wp-block-uagb-image__figure .wp-block-uagb-image--layout-overlay__color-wrapper{transform:scale(1);transition:transform .35s ease-in-out}.wp-block-uagb-image--effect-zoomin .wp-block-uagb-image__figure:hover img,.wp-block-uagb-image--effect-zoomin .wp-block-uagb-image__figure:hover .wp-block-uagb-image--layout-overlay__color-wrapper{transform:scale(1.05)}.wp-block-uagb-image--effect-slide .wp-block-uagb-image__figure img,.wp-block-uagb-image--effect-slide .wp-block-uagb-image__figure .wp-block-uagb-image--layout-overlay__color-wrapper{width:calc(100% + 40px) !important;max-width:none !important;transform:translate3d(-40px, 0, 0);transition:transform .35s ease-in-out}.wp-block-uagb-image--effect-slide .wp-block-uagb-image__figure:hover img,.wp-block-uagb-image--effect-slide .wp-block-uagb-image__figure:hover .wp-block-uagb-image--layout-overlay__color-wrapper{transform:translate3d(0, 0, 0)}.wp-block-uagb-image--effect-grayscale img{filter:grayscale(0%);transition:.35s ease-in-out}.wp-block-uagb-image--effect-grayscale:hover img{filter:grayscale(100%)}.wp-block-uagb-image--effect-blur img{filter:blur(0);transition:.35s ease-in-out}.wp-block-uagb-image--effect-blur:hover img{filter:blur(3px)}.uagb-block-e6f939b3.wp-block-uagb-image--layout-default figure img{box-shadow: 0px 0px 0 #00000070;}.uagb-block-e6f939b3.wp-block-uagb-image .wp-block-uagb-image__figure figcaption{font-style: normal;align-self: center;}.uagb-block-e6f939b3.wp-block-uagb-image--layout-overlay figure img{box-shadow: 0px 0px 0 #00000070;}.uagb-block-e6f939b3.wp-block-uagb-image--layout-overlay .wp-block-uagb-image--layout-overlay__color-wrapper{opacity: 0.2;}.uagb-block-e6f939b3.wp-block-uagb-image--layout-overlay .wp-block-uagb-image--layout-overlay__inner{left: 15px;right: 15px;top: 15px;bottom: 15px;}.uagb-block-e6f939b3.wp-block-uagb-image--layout-overlay .wp-block-uagb-image--layout-overlay__inner .uagb-image-heading{font-style: normal;color: #fff;opacity: 1;}.uagb-block-e6f939b3.wp-block-uagb-image--layout-overlay .wp-block-uagb-image--layout-overlay__inner .uagb-image-heading a{color: #fff;}.uagb-block-e6f939b3.wp-block-uagb-image--layout-overlay .wp-block-uagb-image--layout-overlay__inner .uagb-image-caption{opacity: 0;}.uagb-block-e6f939b3.wp-block-uagb-image--layout-overlay .wp-block-uagb-image__figure:hover .wp-block-uagb-image--layout-overlay__color-wrapper{opacity: 1;}.uagb-block-e6f939b3.wp-block-uagb-image .wp-block-uagb-image--layout-overlay__inner .uagb-image-separator{width: 30%;border-top-width: 2px;border-top-color: #fff;opacity: 0;}.uagb-block-e6f939b3.wp-block-uagb-image .wp-block-uagb-image__figure img{width: px;height: auto;}.uagb-block-e6f939b3.wp-block-uagb-image .wp-block-uagb-image__figure:hover .wp-block-uagb-image--layout-overlay__inner .uagb-image-caption{opacity: 1;}.uagb-block-e6f939b3.wp-block-uagb-image .wp-block-uagb-image__figure:hover .wp-block-uagb-image--layout-overlay__inner .uagb-image-separator{opacity: 1;}.uagb-block-e6f939b3.wp-block-uagb-image--layout-default figure:hover img{box-shadow: 0px 0px 0 #00000070;}.uagb-block-e6f939b3.wp-block-uagb-image--layout-overlay figure:hover img{box-shadow: 0px 0px 0 #00000070;}@media only screen and (max-width: 976px) {.uagb-block-e6f939b3.wp-block-uagb-image .wp-block-uagb-image__figure img{width: px;height: auto;}}@media only screen and (max-width: 767px) {.uagb-block-e6f939b3.wp-block-uagb-image .wp-block-uagb-image__figure img{width: px;height: auto;}}\";s:2:\"js\";s:0:\"\";s:18:\"current_block_list\";a:13:{i:0;s:11:\"core\/search\";i:1;s:10:\"core\/group\";i:2;s:12:\"core\/heading\";i:3;s:17:\"core\/latest-posts\";i:4;s:20:\"core\/latest-comments\";i:5;s:13:\"core\/archives\";i:6;s:15:\"core\/categories\";i:7;s:14:\"core\/paragraph\";i:8;s:10:\"uagb\/image\";i:9;s:11:\"core\/spacer\";i:10;s:30:\"woocommerce\/product-categories\";i:11;s:10:\"core\/image\";i:12;s:14:\"core\/shortcode\";}s:8:\"uag_flag\";b:1;s:11:\"uag_version\";s:10:\"1777101475\";s:6:\"gfonts\";a:0:{}s:10:\"gfonts_url\";s:0:\"\";s:12:\"gfonts_files\";a:0:{}s:14:\"uag_faq_layout\";b:0;}"]},"uagb_featured_image_src":{"full":["https:\/\/www.ferberpainting.com\/wp-content\/uploads\/2025\/05\/Citrus_OrangeandLemonTreeFertilizer25kg.png",2560,2560,false],"thumbnail":["https:\/\/www.ferberpainting.com\/wp-content\/uploads\/2025\/05\/Citrus_OrangeandLemonTreeFertilizer25kg-150x150.png",150,150,true],"medium":["https:\/\/www.ferberpainting.com\/wp-content\/uploads\/2025\/05\/Citrus_OrangeandLemonTreeFertilizer25kg-300x300.png",300,300,true],"medium_large":["https:\/\/www.ferberpainting.com\/wp-content\/uploads\/2025\/05\/Citrus_OrangeandLemonTreeFertilizer25kg-768x768.png",768,768,true],"large":["https:\/\/www.ferberpainting.com\/wp-content\/uploads\/2025\/05\/Citrus_OrangeandLemonTreeFertilizer25kg-1024x1024.png",1024,1024,true],"1536x1536":["https:\/\/www.ferberpainting.com\/wp-content\/uploads\/2025\/05\/Citrus_OrangeandLemonTreeFertilizer25kg-1536x1536.png",1536,1536,true],"2048x2048":["https:\/\/www.ferberpainting.com\/wp-content\/uploads\/2025\/05\/Citrus_OrangeandLemonTreeFertilizer25kg-2048x2048.png",2048,2048,true],"trp-custom-language-flag":["https:\/\/www.ferberpainting.com\/wp-content\/uploads\/2025\/05\/Citrus_OrangeandLemonTreeFertilizer25kg-12x12.png",12,12,true],"woocommerce_thumbnail":["https:\/\/www.ferberpainting.com\/wp-content\/uploads\/2025\/05\/Citrus_OrangeandLemonTreeFertilizer25kg-300x300.png",300,300,true],"woocommerce_single":["https:\/\/www.ferberpainting.com\/wp-content\/uploads\/2025\/05\/Citrus_OrangeandLemonTreeFertilizer25kg-600x600.png",600,600,true],"woocommerce_gallery_thumbnail":["https:\/\/www.ferberpainting.com\/wp-content\/uploads\/2025\/05\/Citrus_OrangeandLemonTreeFertilizer25kg-100x100.png",100,100,true]},"uagb_author_info":{"display_name":"admin","author_link":"https:\/\/www.ferberpainting.com\/no\/author\/"},"uagb_comment_info":38,"uagb_excerpt":"Balanced fertilization for healthy citrus trees.\u00a0This fertilizer for citrus trees, orange trees, and lemon trees is specially formulated to provide your trees with all the necessary nutrients for their development, flowering, and fruiting. Thanks to its NPK 10-10-10 composition, it ensures harmonious growth of roots, leaves, and fruits, allowing citrus trees to produce abundant and&hellip;","_links":{"self":[{"href":"https:\/\/www.ferberpainting.com\/no\/wp-json\/wp\/v2\/product\/23139","targetHints":{"allow":["GET"]}}],"collection":[{"href":"https:\/\/www.ferberpainting.com\/no\/wp-json\/wp\/v2\/product"}],"about":[{"href":"https:\/\/www.ferberpainting.com\/no\/wp-json\/wp\/v2\/types\/product"}],"replies":[{"embeddable":true,"href":"https:\/\/www.ferberpainting.com\/no\/wp-json\/wp\/v2\/comments?post=23139"}],"version-history":[{"count":5,"href":"https:\/\/www.ferberpainting.com\/no\/wp-json\/wp\/v2\/product\/23139\/revisions"}],"predecessor-version":[{"id":166067,"href":"https:\/\/www.ferberpainting.com\/no\/wp-json\/wp\/v2\/product\/23139\/revisions\/166067"}],"wp:featuredmedia":[{"embeddable":true,"href":"https:\/\/www.ferberpainting.com\/no\/wp-json\/wp\/v2\/media\/25723"}],"wp:attachment":[{"href":"https:\/\/www.ferberpainting.com\/no\/wp-json\/wp\/v2\/media?parent=23139"}],"wp:term":[{"taxonomy":"product_brand","embeddable":true,"href":"https:\/\/www.ferberpainting.com\/no\/wp-json\/wp\/v2\/product_brand?post=23139"},{"taxonomy":"product_cat","embeddable":true,"href":"https:\/\/www.ferberpainting.com\/no\/wp-json\/wp\/v2\/product_cat?post=23139"},{"taxonomy":"product_tag","embeddable":true,"href":"https:\/\/www.ferberpainting.com\/no\/wp-json\/wp\/v2\/product_tag?post=23139"}],"curies":[{"name":"wp","href":"https:\/\/api.w.org\/{rel}","templated":true}]}}