{"id":23135,"date":"2025-05-26T10:22:56","date_gmt":"2025-05-26T08:22:56","guid":{"rendered":"https:\/\/www.ferberpainting.com\/products\/cherry-tree-fertilizer\/"},"modified":"2026-02-15T13:26:38","modified_gmt":"2026-02-15T12:26:38","slug":"cherry-tree-fertilizer","status":"publish","type":"product","link":"https:\/\/www.ferberpainting.com\/no\/products\/cherry-tree-fertilizer\/","title":{"rendered":"Kirseb\u00e6rtregj\u00f8dsel 25 kg"},"content":{"rendered":"<p><img decoding=\"async\" style=\"margin-right: 12px;\" src=\"https:\/\/www.ferberpainting.com\/wp-content\/uploads\/2026\/02\/Check.svg\" alt=\"\" width=\"18\" height=\"15\" \/><strong>En komplett gj\u00f8dsel for et sunt kirseb\u00e6rtre og en rik h\u00f8st.<\/strong>\u00a0Kirseb\u00e6rtregj\u00f8dsel er spesielt formulert for \u00e5 dekke n\u00e6ringsbehovene til kirseb\u00e6rtr\u00e6r og andre steinfrukttr\u00e6r. Takket v\u00e6re den balanserte sammensetningen av nitrogen (N), fosfor (P) og kalium (K) i forholdet 10-10-10, fremmer den kraftig vekst, sjener\u00f8s blomstring og rikelig frukting. Denne gj\u00f8dselen forbedrer rotutviklingen, stammestyrken og sykdomsresistensen, noe som sikrer et sunt kirseb\u00e6rtre med fruktproduksjon av h\u00f8y kvalitet.<\/p>\n<p><img decoding=\"async\" style=\"margin-right: 12px;\" src=\"https:\/\/www.ferberpainting.com\/wp-content\/uploads\/2026\/02\/Check.svg\" alt=\"\" width=\"18\" height=\"15\" \/><strong>Pengene tilbake-garanti.<\/strong>\u00a0Vi er sikre p\u00e5 effektiviteten til v\u00e5r gj\u00f8dsel for kirseb\u00e6rtr\u00e6r. Men hvis du ikke merker noen merkbar forbedring i treet ditt etter regelmessig bruk i henhold til instruksjonene, forplikter vi oss til \u00e5 refundere kj\u00f8pet ditt fullt ut, uten sp\u00f8rsm\u00e5l.<\/p>\n<p><img decoding=\"async\" style=\"margin-right: 12px;\" src=\"https:\/\/www.ferberpainting.com\/wp-content\/uploads\/2026\/02\/Check.svg\" alt=\"\" width=\"18\" height=\"15\" \/><strong>En gj\u00f8dsel som passer til alle jordtyper og vekstforhold.<\/strong>\u00a0Enten kirseb\u00e6rtreet ditt vokser i leirholdig, kalkholdig, sandholdig eller leirholdig jord, tilpasser denne gj\u00f8dselen seg perfekt til milj\u00f8et. Den er ogs\u00e5 effektiv n\u00e5r den plantes i \u00e5pne felt eller store frukthager, og sikrer optimal n\u00e6ringsabsorpsjon i alle typer underlag.<\/p>\n<p><img decoding=\"async\" style=\"margin-right: 12px;\" src=\"https:\/\/www.ferberpainting.com\/wp-content\/uploads\/2026\/02\/Check.svg\" alt=\"\" width=\"18\" height=\"15\" \/><strong>Kostnadseffektivt utbytte og presis dosering.<\/strong>\u00a0Takket v\u00e6re den sv\u00e6rt konsentrerte formelen kan en pose p\u00e5 25 kg gj\u00f8dsle et stort antall tr\u00e6r, med en anbefalt dosering p\u00e5 200 g per tre. Den faste gj\u00f8dselen spres ganske enkelt rundt stammen, noe som gj\u00f8r den til en \u00f8konomisk og b\u00e6rekraftig l\u00f8sning for h\u00f8y avkastning og produksjon av overlegen kvalitet.<\/p>\n<p><img decoding=\"async\" style=\"margin-right: 12px;\" src=\"https:\/\/www.ferberpainting.com\/wp-content\/uploads\/2026\/02\/Check.svg\" alt=\"\" width=\"18\" height=\"15\" \/><strong>Et milj\u00f8vennlig og trygt gj\u00f8dselmiddel.<\/strong>\u00a0Uten giftige stoffer eller tungmetaller er v\u00e5r gj\u00f8dsel for kirseb\u00e6rtr\u00e6r trygg for dyreliv, planter og grunnvann. Den frigj\u00f8r n\u00e6ringsstoffer gradvis og kontinuerlig, noe som sikrer optimal assimilering uten \u00e5 overbelaste jorden.<\/p>\n<p><img decoding=\"async\" style=\"margin-right: 12px;\" src=\"https:\/\/www.ferberpainting.com\/wp-content\/uploads\/2026\/02\/Check.svg\" alt=\"\" width=\"18\" height=\"15\" \/><strong>Enkel \u00e5 p\u00e5f\u00f8re og garantert effektiv.<\/strong>\u00a0I motsetning til flytende gj\u00f8dsel som krever fortynning, spres denne gj\u00f8dselen direkte ved foten av kirseb\u00e6rtreet, noe som forenkler bruken betraktelig. Du trenger ikke \u00e5 m\u00e5le opp en blanding: P\u00e5f\u00f8r bare den anbefalte mengden og vanne lett for at den umiddelbart skal begynne \u00e5 virke p\u00e5 treet.<\/p>\n<p><img decoding=\"async\" style=\"margin-right: 12px;\" src=\"https:\/\/www.ferberpainting.com\/wp-content\/uploads\/2026\/02\/Check.svg\" alt=\"\" width=\"18\" height=\"15\" \/><strong>Langvarig virkning for robuste og produktive kirseb\u00e6rtr\u00e6r.<\/strong>\u00a0Takket v\u00e6re den langsomme og progressive frigj\u00f8ringen sikrer denne gj\u00f8dselen en jevn tilf\u00f8rsel av n\u00e6ringsstoffer over flere m\u00e5neder. Den stimulerer rot- og grenvekst, samtidig som den styrker motstandsdyktigheten mot sykdommer, skadedyr og klimastress, noe som sikrer rikelig avling \u00e5r etter \u00e5r.<\/p>\n<p><img decoding=\"async\" style=\"margin-right: 12px;\" src=\"https:\/\/www.ferberpainting.com\/wp-content\/uploads\/2026\/02\/Check.svg\" alt=\"\" width=\"18\" height=\"15\" \/><strong>Synlig effekt p\u00e5 vekst og fruktsetting.<\/strong>\u00a0Fra de f\u00f8rste ukene etter p\u00e5f\u00f8ring viser treet tegn p\u00e5 kraftig vekst, med frodig l\u00f8vverk og knopper som raskt utvikler seg. Takket v\u00e6re nitrogen blir de nye skuddene sterke og gr\u00f8nne, fosfor fremmer en sterk rotutvikling, og kalium forbedrer fruktens kvalitet og smak.<\/p>\n<p><img decoding=\"async\" style=\"margin-right: 12px;\" src=\"https:\/\/www.ferberpainting.com\/wp-content\/uploads\/2026\/02\/Check.svg\" alt=\"\" width=\"18\" height=\"15\" \/><strong>Passer til alle kirseb\u00e6rtresorter og andre frukttr\u00e6r.<\/strong>\u00a0Denne gj\u00f8dselen er ideell for s\u00f8tkirseb\u00e6r, surkirseb\u00e6r, tidligmodne kirseb\u00e6r, senmodne kirseb\u00e6r og alle typer kirseb\u00e6rtr\u00e6r, enten de dyrkes i frukthager eller hjemme i hagen. Den passer ogs\u00e5 perfekt til andre frukttr\u00e6r som plomme, fersken og aprikos.<\/p>\n<h2><strong>Protokoll for bruk<\/strong><\/h2>\n<p><strong>S\u00f8knadsperiode <\/strong>: P\u00e5f\u00f8r gj\u00f8dsel fra senvinteren til forsommeren, en viktig periode for \u00e5 stimulere veksten og forberede frukten. En ny p\u00e5f\u00f8ring etter innh\u00f8stingen bidrar til \u00e5 styrke treet f\u00f8r vinteren.<\/p>\n<p><strong>P\u00e5f\u00f8ringsmetode <\/strong>:<\/p>\n<ul>\n<li>Spre 200 g gj\u00f8dsel per tre i en sirkel rundt stammen, ca. 30 til 50 cm fra basen for \u00e5 unng\u00e5 \u00e5 brenne r\u00f8ttene.<\/li>\n<li>Bland gj\u00f8dselen lett ned i jorden med en rive for \u00e5 fremme opptaket.<\/li>\n<li>Vann sjener\u00f8st for \u00e5 hjelpe n\u00e6ringsstoffene til \u00e5 trenge ned i jorden.<\/li>\n<\/ul>\n<p><strong>S\u00f8knadsfrekvens <\/strong>:<\/p>\n<ul>\n<li><strong>For et voksende kirseb\u00e6rtre <\/strong>: P\u00e5f\u00f8r gj\u00f8dsel en gang p\u00e5 begynnelsen av v\u00e5ren, og deretter en gang til midt i sesongen for \u00e5 st\u00f8tte blomstring og frukting.<\/li>\n<li><strong>For et modent kirseb\u00e6rtre<\/strong>: En enkelt \u00e5rlig p\u00e5f\u00f8ring i mars-april er nok til \u00e5 sikre regelmessig og rikelig produksjon.<\/li>\n<\/ul>\n<p><strong>Forholdsregler for bruk <\/strong>:<\/p>\n<ul>\n<li>Ikke bruk gj\u00f8dselen for n\u00e6r stammen, for \u00e5 unng\u00e5 rotforbrenning.<\/li>\n<li>Ikke overdosere for \u00e5 unng\u00e5 overfl\u00f8dig nitrogen, noe som fremmer overdreven bladvekst til skade for fruktene.<\/li>\n<li>Unng\u00e5 p\u00e5f\u00f8ring i perioder med ekstrem t\u00f8rke eller under full sol, for \u00e5 sikre optimal absorpsjon.<\/li>\n<\/ul>\n<p>Med v\u00e5r gj\u00f8dsel for kirseb\u00e6rtr\u00e6r gir du treet ditt alle de viktige n\u00e6ringsstoffene som trengs for en kraftig vekst og en rik innh\u00f8sting av smakfulle kirseb\u00e6r.<\/p>","protected":false},"excerpt":{"rendered":"<p>A complete fertilizer for a healthy cherry tree and an abundant harvest.\u00a0The cherry tree fertilizer is specially formulated to meet the nutritional needs of cherry trees and other stone fruit trees. Thanks to its balanced composition in nitrogen (N), phosphorus (P), and potassium (K) at a ratio of 10-10-10, it promotes vigorous growth, generous flowering, [&hellip;]<\/p>\n","protected":false},"featured_media":25722,"comment_status":"open","ping_status":"closed","template":"","meta":{"_uag_custom_page_level_css":"","site-sidebar-layout":"default","site-content-layout":"","ast-site-content-layout":"default","site-content-style":"default","site-sidebar-style":"default","ast-global-header-display":"","ast-banner-title-visibility":"","ast-main-header-display":"","ast-hfb-above-header-display":"","ast-hfb-below-header-display":"","ast-hfb-mobile-header-display":"","site-post-title":"","ast-breadcrumbs-content":"","ast-featured-img":"","footer-sml-layout":"","ast-disable-related-posts":"","theme-transparent-header-meta":"default","adv-header-id-meta":"","stick-header-meta":"","header-above-stick-meta":"","header-main-stick-meta":"","header-below-stick-meta":"","astra-migrate-meta-layouts":"set","ast-page-background-enabled":"default","ast-page-background-meta":{"desktop":{"background-color":"var(--ast-global-color-4)","background-image":"","background-repeat":"repeat","background-position":"center center","background-size":"auto","background-attachment":"scroll","background-type":"","background-media":"","overlay-type":"","overlay-color":"","overlay-opacity":"","overlay-gradient":""},"tablet":{"background-color":"","background-image":"","background-repeat":"repeat","background-position":"center center","background-size":"auto","background-attachment":"scroll","background-type":"","background-media":"","overlay-type":"","overlay-color":"","overlay-opacity":"","overlay-gradient":""},"mobile":{"background-color":"","background-image":"","background-repeat":"repeat","background-position":"center center","background-size":"auto","background-attachment":"scroll","background-type":"","background-media":"","overlay-type":"","overlay-color":"","overlay-opacity":"","overlay-gradient":""}},"ast-content-background-meta":{"desktop":{"background-color":"var(--ast-global-color-5)","background-image":"","background-repeat":"repeat","background-position":"center center","background-size":"auto","background-attachment":"scroll","background-type":"","background-media":"","overlay-type":"","overlay-color":"","overlay-opacity":"","overlay-gradient":""},"tablet":{"background-color":"var(--ast-global-color-5)","background-image":"","background-repeat":"repeat","background-position":"center center","background-size":"auto","background-attachment":"scroll","background-type":"","background-media":"","overlay-type":"","overlay-color":"","overlay-opacity":"","overlay-gradient":""},"mobile":{"background-color":"var(--ast-global-color-5)","background-image":"","background-repeat":"repeat","background-position":"center center","background-size":"auto","background-attachment":"scroll","background-type":"","background-media":"","overlay-type":"","overlay-color":"","overlay-opacity":"","overlay-gradient":""}}},"product_brand":[],"product_cat":[178],"product_tag":[],"class_list":{"0":"post-23135","1":"product","2":"type-product","3":"status-publish","4":"has-post-thumbnail","6":"product_cat-fertilizers","7":"desktop-align-left","8":"tablet-align-left","9":"mobile-align-left","11":"first","12":"instock","13":"shipping-taxable","14":"purchasable","15":"product-type-simple"},"spectra_custom_meta":{"_visibility":["visible"],"_shopify_product_id":["9073337794805"],"_s2w_shopify_domain":["ferberpainting.myshopify.com"],"_shopify_variant_id":["46524706881781"],"_sku":["FPCHERRYTREEFERTILIZER25KG"],"_regular_price":["39.90"],"_price":["39.90"],"_sale_price":[""],"_weight":["18.7"],"_thumbnail_id":["25722"],"_global_unique_id":["5056773818088"],"total_sales":["11"],"_tax_status":["taxable"],"_tax_class":[""],"_manage_stock":["no"],"_backorders":["no"],"_sold_individually":["no"],"_virtual":["no"],"_downloadable":["no"],"_download_limit":["-1"],"_download_expiry":["-1"],"_stock":[null],"_stock_status":["instock"],"_wc_average_rating":["5.00"],"_wc_review_count":["37"],"_product_version":["10.5.1"],"_wc_rating_count":["a:1:{i:5;i:37;}"],"_edit_lock":["1771158260:1"],"merchant-center-availability":["yes"],"merchant-center-category":["113"],"_edit_last":["1"],"_wp_page_template":["default"],"site-sidebar-layout":["default"],"ast-site-content-layout":["default"],"site-content-style":["default"],"site-sidebar-style":["default"],"theme-transparent-header-meta":["default"],"astra-migrate-meta-layouts":["set"],"_uag_css_file_name":["uag-css-23135.css"],"_elementor_page_assets":["a:0:{}"],"_uag_page_assets":["a:9:{s:3:\"css\";s:6873:\".wp-block-uagb-image{display:flex}.wp-block-uagb-image__figure{position:relative;display:flex;flex-direction:column;max-width:100%;height:auto;margin:0}.wp-block-uagb-image__figure img{height:auto;display:flex;max-width:100%;transition:box-shadow .2s ease}.wp-block-uagb-image__figure>a{display:inline-block}.wp-block-uagb-image__figure figcaption{text-align:center;margin-top:.5em;margin-bottom:1em}.wp-block-uagb-image .components-placeholder.block-editor-media-placeholder .components-placeholder__instructions{align-self:center}.wp-block-uagb-image--align-left{text-align:left}.wp-block-uagb-image--align-right{text-align:right}.wp-block-uagb-image--align-center{text-align:center}.wp-block-uagb-image--align-full .wp-block-uagb-image__figure{margin-left:calc(50% - 50vw);margin-right:calc(50% - 50vw);max-width:100vw;width:100vw;height:auto}.wp-block-uagb-image--align-full .wp-block-uagb-image__figure img{height:auto;width:100% !important}.wp-block-uagb-image--align-wide .wp-block-uagb-image__figure img{height:auto;width:100%}.wp-block-uagb-image--layout-overlay__color-wrapper{position:absolute;left:0;top:0;right:0;bottom:0;opacity:.2;background:rgba(0,0,0,.5);transition:opacity .35s ease-in-out}.wp-block-uagb-image--layout-overlay-link{position:absolute;left:0;right:0;bottom:0;top:0}.wp-block-uagb-image--layout-overlay .wp-block-uagb-image__figure:hover .wp-block-uagb-image--layout-overlay__color-wrapper{opacity:1}.wp-block-uagb-image--layout-overlay__inner{position:absolute;left:15px;right:15px;bottom:15px;top:15px;display:flex;align-items:center;justify-content:center;flex-direction:column;border-color:#fff;transition:.35s ease-in-out}.wp-block-uagb-image--layout-overlay__inner.top-left,.wp-block-uagb-image--layout-overlay__inner.top-center,.wp-block-uagb-image--layout-overlay__inner.top-right{justify-content:flex-start}.wp-block-uagb-image--layout-overlay__inner.bottom-left,.wp-block-uagb-image--layout-overlay__inner.bottom-center,.wp-block-uagb-image--layout-overlay__inner.bottom-right{justify-content:flex-end}.wp-block-uagb-image--layout-overlay__inner.top-left,.wp-block-uagb-image--layout-overlay__inner.center-left,.wp-block-uagb-image--layout-overlay__inner.bottom-left{align-items:flex-start}.wp-block-uagb-image--layout-overlay__inner.top-right,.wp-block-uagb-image--layout-overlay__inner.center-right,.wp-block-uagb-image--layout-overlay__inner.bottom-right{align-items:flex-end}.wp-block-uagb-image--layout-overlay__inner .uagb-image-heading{color:#fff;transition:transform .35s,opacity .35s ease-in-out;transform:translate3d(0, 24px, 0);margin:0;line-height:1em}.wp-block-uagb-image--layout-overlay__inner .uagb-image-separator{width:30%;border-top-width:2px;border-top-color:#fff;border-top-style:solid;margin-bottom:10px;opacity:0;transition:transform .4s,opacity .4s ease-in-out;transform:translate3d(0, 30px, 0)}.wp-block-uagb-image--layout-overlay__inner .uagb-image-caption{opacity:0;overflow:visible;color:#fff;transition:transform .45s,opacity .45s ease-in-out;transform:translate3d(0, 35px, 0)}.wp-block-uagb-image--layout-overlay__inner:hover .uagb-image-heading,.wp-block-uagb-image--layout-overlay__inner:hover .uagb-image-separator,.wp-block-uagb-image--layout-overlay__inner:hover .uagb-image-caption{opacity:1;transform:translate3d(0, 0, 0)}.wp-block-uagb-image--effect-zoomin .wp-block-uagb-image__figure img,.wp-block-uagb-image--effect-zoomin .wp-block-uagb-image__figure .wp-block-uagb-image--layout-overlay__color-wrapper{transform:scale(1);transition:transform .35s ease-in-out}.wp-block-uagb-image--effect-zoomin .wp-block-uagb-image__figure:hover img,.wp-block-uagb-image--effect-zoomin .wp-block-uagb-image__figure:hover .wp-block-uagb-image--layout-overlay__color-wrapper{transform:scale(1.05)}.wp-block-uagb-image--effect-slide .wp-block-uagb-image__figure img,.wp-block-uagb-image--effect-slide .wp-block-uagb-image__figure .wp-block-uagb-image--layout-overlay__color-wrapper{width:calc(100% + 40px) !important;max-width:none !important;transform:translate3d(-40px, 0, 0);transition:transform .35s ease-in-out}.wp-block-uagb-image--effect-slide .wp-block-uagb-image__figure:hover img,.wp-block-uagb-image--effect-slide .wp-block-uagb-image__figure:hover .wp-block-uagb-image--layout-overlay__color-wrapper{transform:translate3d(0, 0, 0)}.wp-block-uagb-image--effect-grayscale img{filter:grayscale(0%);transition:.35s ease-in-out}.wp-block-uagb-image--effect-grayscale:hover img{filter:grayscale(100%)}.wp-block-uagb-image--effect-blur img{filter:blur(0);transition:.35s ease-in-out}.wp-block-uagb-image--effect-blur:hover img{filter:blur(3px)}.uagb-block-e6f939b3.wp-block-uagb-image--layout-default figure img{box-shadow: 0px 0px 0 #00000070;}.uagb-block-e6f939b3.wp-block-uagb-image .wp-block-uagb-image__figure figcaption{font-style: normal;align-self: center;}.uagb-block-e6f939b3.wp-block-uagb-image--layout-overlay figure img{box-shadow: 0px 0px 0 #00000070;}.uagb-block-e6f939b3.wp-block-uagb-image--layout-overlay .wp-block-uagb-image--layout-overlay__color-wrapper{opacity: 0.2;}.uagb-block-e6f939b3.wp-block-uagb-image--layout-overlay .wp-block-uagb-image--layout-overlay__inner{left: 15px;right: 15px;top: 15px;bottom: 15px;}.uagb-block-e6f939b3.wp-block-uagb-image--layout-overlay .wp-block-uagb-image--layout-overlay__inner .uagb-image-heading{font-style: normal;color: #fff;opacity: 1;}.uagb-block-e6f939b3.wp-block-uagb-image--layout-overlay .wp-block-uagb-image--layout-overlay__inner .uagb-image-heading a{color: #fff;}.uagb-block-e6f939b3.wp-block-uagb-image--layout-overlay .wp-block-uagb-image--layout-overlay__inner .uagb-image-caption{opacity: 0;}.uagb-block-e6f939b3.wp-block-uagb-image--layout-overlay .wp-block-uagb-image__figure:hover .wp-block-uagb-image--layout-overlay__color-wrapper{opacity: 1;}.uagb-block-e6f939b3.wp-block-uagb-image .wp-block-uagb-image--layout-overlay__inner .uagb-image-separator{width: 30%;border-top-width: 2px;border-top-color: #fff;opacity: 0;}.uagb-block-e6f939b3.wp-block-uagb-image .wp-block-uagb-image__figure img{width: px;height: auto;}.uagb-block-e6f939b3.wp-block-uagb-image .wp-block-uagb-image__figure:hover .wp-block-uagb-image--layout-overlay__inner .uagb-image-caption{opacity: 1;}.uagb-block-e6f939b3.wp-block-uagb-image .wp-block-uagb-image__figure:hover .wp-block-uagb-image--layout-overlay__inner .uagb-image-separator{opacity: 1;}.uagb-block-e6f939b3.wp-block-uagb-image--layout-default figure:hover img{box-shadow: 0px 0px 0 #00000070;}.uagb-block-e6f939b3.wp-block-uagb-image--layout-overlay figure:hover img{box-shadow: 0px 0px 0 #00000070;}@media only screen and (max-width: 976px) {.uagb-block-e6f939b3.wp-block-uagb-image .wp-block-uagb-image__figure img{width: px;height: auto;}}@media only screen and (max-width: 767px) {.uagb-block-e6f939b3.wp-block-uagb-image .wp-block-uagb-image__figure img{width: px;height: auto;}}\";s:2:\"js\";s:0:\"\";s:18:\"current_block_list\";a:13:{i:0;s:11:\"core\/search\";i:1;s:10:\"core\/group\";i:2;s:12:\"core\/heading\";i:3;s:17:\"core\/latest-posts\";i:4;s:20:\"core\/latest-comments\";i:5;s:13:\"core\/archives\";i:6;s:15:\"core\/categories\";i:7;s:14:\"core\/paragraph\";i:8;s:10:\"uagb\/image\";i:9;s:11:\"core\/spacer\";i:10;s:30:\"woocommerce\/product-categories\";i:11;s:10:\"core\/image\";i:12;s:14:\"core\/shortcode\";}s:8:\"uag_flag\";b:1;s:11:\"uag_version\";s:10:\"1777168531\";s:6:\"gfonts\";a:0:{}s:10:\"gfonts_url\";s:0:\"\";s:12:\"gfonts_files\";a:0:{}s:14:\"uag_faq_layout\";b:0;}"]},"uagb_featured_image_src":{"full":["https:\/\/www.ferberpainting.com\/wp-content\/uploads\/2025\/05\/CherryTreeFertilizerensac.png",2560,2560,false],"thumbnail":["https:\/\/www.ferberpainting.com\/wp-content\/uploads\/2025\/05\/CherryTreeFertilizerensac-150x150.png",150,150,true],"medium":["https:\/\/www.ferberpainting.com\/wp-content\/uploads\/2025\/05\/CherryTreeFertilizerensac-300x300.png",300,300,true],"medium_large":["https:\/\/www.ferberpainting.com\/wp-content\/uploads\/2025\/05\/CherryTreeFertilizerensac-768x768.png",768,768,true],"large":["https:\/\/www.ferberpainting.com\/wp-content\/uploads\/2025\/05\/CherryTreeFertilizerensac-1024x1024.png",1024,1024,true],"1536x1536":["https:\/\/www.ferberpainting.com\/wp-content\/uploads\/2025\/05\/CherryTreeFertilizerensac-1536x1536.png",1536,1536,true],"2048x2048":["https:\/\/www.ferberpainting.com\/wp-content\/uploads\/2025\/05\/CherryTreeFertilizerensac-2048x2048.png",2048,2048,true],"trp-custom-language-flag":["https:\/\/www.ferberpainting.com\/wp-content\/uploads\/2025\/05\/CherryTreeFertilizerensac-12x12.png",12,12,true],"woocommerce_thumbnail":["https:\/\/www.ferberpainting.com\/wp-content\/uploads\/2025\/05\/CherryTreeFertilizerensac-300x300.png",300,300,true],"woocommerce_single":["https:\/\/www.ferberpainting.com\/wp-content\/uploads\/2025\/05\/CherryTreeFertilizerensac-600x600.png",600,600,true],"woocommerce_gallery_thumbnail":["https:\/\/www.ferberpainting.com\/wp-content\/uploads\/2025\/05\/CherryTreeFertilizerensac-100x100.png",100,100,true]},"uagb_author_info":{"display_name":"admin","author_link":"https:\/\/www.ferberpainting.com\/no\/author\/"},"uagb_comment_info":37,"uagb_excerpt":"A complete fertilizer for a healthy cherry tree and an abundant harvest.\u00a0The cherry tree fertilizer is specially formulated to meet the nutritional needs of cherry trees and other stone fruit trees. Thanks to its balanced composition in nitrogen (N), phosphorus (P), and potassium (K) at a ratio of 10-10-10, it promotes vigorous growth, generous flowering,&hellip;","_links":{"self":[{"href":"https:\/\/www.ferberpainting.com\/no\/wp-json\/wp\/v2\/product\/23135","targetHints":{"allow":["GET"]}}],"collection":[{"href":"https:\/\/www.ferberpainting.com\/no\/wp-json\/wp\/v2\/product"}],"about":[{"href":"https:\/\/www.ferberpainting.com\/no\/wp-json\/wp\/v2\/types\/product"}],"replies":[{"embeddable":true,"href":"https:\/\/www.ferberpainting.com\/no\/wp-json\/wp\/v2\/comments?post=23135"}],"version-history":[{"count":6,"href":"https:\/\/www.ferberpainting.com\/no\/wp-json\/wp\/v2\/product\/23135\/revisions"}],"predecessor-version":[{"id":166065,"href":"https:\/\/www.ferberpainting.com\/no\/wp-json\/wp\/v2\/product\/23135\/revisions\/166065"}],"wp:featuredmedia":[{"embeddable":true,"href":"https:\/\/www.ferberpainting.com\/no\/wp-json\/wp\/v2\/media\/25722"}],"wp:attachment":[{"href":"https:\/\/www.ferberpainting.com\/no\/wp-json\/wp\/v2\/media?parent=23135"}],"wp:term":[{"taxonomy":"product_brand","embeddable":true,"href":"https:\/\/www.ferberpainting.com\/no\/wp-json\/wp\/v2\/product_brand?post=23135"},{"taxonomy":"product_cat","embeddable":true,"href":"https:\/\/www.ferberpainting.com\/no\/wp-json\/wp\/v2\/product_cat?post=23135"},{"taxonomy":"product_tag","embeddable":true,"href":"https:\/\/www.ferberpainting.com\/no\/wp-json\/wp\/v2\/product_tag?post=23135"}],"curies":[{"name":"wp","href":"https:\/\/api.w.org\/{rel}","templated":true}]}}