{"id":23110,"date":"2025-05-26T10:22:47","date_gmt":"2025-05-26T08:22:47","guid":{"rendered":"https:\/\/www.ferberpainting.com\/products\/bonsai-fertilizer\/"},"modified":"2026-02-15T13:12:27","modified_gmt":"2026-02-15T12:12:27","slug":"bonsai-fertilizer","status":"publish","type":"product","link":"https:\/\/www.ferberpainting.com\/no\/products\/bonsai-fertilizer\/","title":{"rendered":"Bonsai-gj\u00f8dsel"},"content":{"rendered":"<p><img decoding=\"async\" style=\"margin-right: 12px;\" src=\"https:\/\/www.ferberpainting.com\/wp-content\/uploads\/2026\/02\/Check.svg\" alt=\"\" width=\"18\" height=\"15\" \/><strong>En balansert gj\u00f8dsel for en sunn bonsai.<\/strong>\u00a0Denne bonsaigj\u00f8dselen er spesielt formulert for \u00e5 dekke n\u00e6ringsbehovene til disse miniatyrtr\u00e6rne. Takket v\u00e6re NPK 15-15-15-sammensetningen gir den en optimal balanse mellom nitrogen (N), som stimulerer l\u00f8vutviklingen, fosfor (P), som fremmer en sterk rotutvikling, og kalium (K), som forbedrer sykdomsresistens og toleranse for klimavariasjoner. Det sikrer dermed en perfekt sunn bonsai, med tett l\u00f8vverk, sterke r\u00f8tter og kontrollert vekst.<\/p>\n<p><img decoding=\"async\" style=\"margin-right: 12px;\" src=\"https:\/\/www.ferberpainting.com\/wp-content\/uploads\/2026\/02\/Check.svg\" alt=\"\" width=\"18\" height=\"15\" \/><strong>Pengene tilbake-garanti.<\/strong>\u00a0Vi har full tillit til effektiviteten til bonsaigj\u00f8dselen v\u00e5r, og det er derfor vi tilbyr en pengene-tilbake-garanti. Hvis du ikke merker en synlig forbedring i bonsaiens kraft og struktur etter \u00e5 ha brukt den som anvist, lover vi \u00e5 refundere kj\u00f8pet uten betingelser, slik at du kan kj\u00f8pe den med ro i sjelen.<\/p>\n<p><img decoding=\"async\" style=\"margin-right: 12px;\" src=\"https:\/\/www.ferberpainting.com\/wp-content\/uploads\/2026\/02\/Check.svg\" alt=\"\" width=\"18\" height=\"15\" \/><strong>Passer til alle typer bonsai, b\u00e5de innend\u00f8rs og utend\u00f8rs.<\/strong>\u00a0Denne gj\u00f8dselen er egnet for b\u00e5de innend\u00f8rs og utend\u00f8rs bonsai, enten de er l\u00f8vfellende (l\u00f8nn, ficus, alm, karmona) eller bartr\u00e6r (furu, einer, sypress). Den fremmer ogs\u00e5 veksten av unge planter s\u00e5 vel som modne tr\u00e6r, noe som sikrer en harmonisk og kontrollert utvikling.<\/p>\n<p><img decoding=\"async\" style=\"margin-right: 12px;\" src=\"https:\/\/www.ferberpainting.com\/wp-content\/uploads\/2026\/02\/Check.svg\" alt=\"\" width=\"18\" height=\"15\" \/><strong>\u00d8konomisk avkastning og forlenget gj\u00f8dsling.<\/strong>\u00a0Takket v\u00e6re den flytende, konsentrerte formelen kan en 5-liters beholder tilberede opptil 1000 liter gj\u00f8dsell\u00f8sning, noe som sikrer langvarig og \u00f8konomisk gj\u00f8dsling. Med en dosering p\u00e5 5 ml per liter vann sikrer den rask n\u00e6ringsassimilering og optimalisert bruk, samtidig som den reduserer avfall.<\/p>\n<p><img decoding=\"async\" style=\"margin-right: 12px;\" src=\"https:\/\/www.ferberpainting.com\/wp-content\/uploads\/2026\/02\/Check.svg\" alt=\"\" width=\"18\" height=\"15\" \/><strong>En trygg gj\u00f8dsel for bonsaiens \u00f8mfintlige r\u00f8tter.<\/strong>\u00a0Denne gj\u00f8dselen er laget uten aggressive kjemikalier og respekterer den delikate balansen i bonsaisubstratet. Den er trygg for milj\u00f8et, kj\u00e6ledyr og jordsmonn, og kan med ro i sjelen brukes regelmessig uten risiko for rotforbrenning eller opphopning av overfl\u00f8dige salter og mineraler.<\/p>\n<p><img decoding=\"async\" style=\"margin-right: 12px;\" src=\"https:\/\/www.ferberpainting.com\/wp-content\/uploads\/2026\/02\/Check.svg\" alt=\"\" width=\"18\" height=\"15\" \/><strong>Enkel \u00e5 bruke for forenklet pleie.<\/strong>\u00a0Denne flytende gj\u00f8dselen fortynnes direkte i vanningsvannet, noe som sikrer homogen og effektiv gj\u00f8dsling med minimal innsats. Den kan p\u00e5f\u00f8res ved \u00e5 vanne ved foten av treet eller ved bladspr\u00f8yting, noe som muliggj\u00f8r progressiv og kontrollert absorpsjon av viktige n\u00e6ringsstoffer for bonsai-helse.<\/p>\n<p><img decoding=\"async\" style=\"margin-right: 12px;\" src=\"https:\/\/www.ferberpainting.com\/wp-content\/uploads\/2026\/02\/Check.svg\" alt=\"\" width=\"18\" height=\"15\" \/><strong>Et b\u00e6rekraftig tiltak for harmonisk utvikling.<\/strong>\u00a0Takket v\u00e6re den langsomme frigj\u00f8ringen av n\u00e6ringsstoffene fremmer denne gj\u00f8dselen en kontrollert vekst, slik at man unng\u00e5r en ustrukturert utvikling. Den bidrar ogs\u00e5 til \u00e5 opprettholde en perfekt balanse mellom l\u00f8vverk og r\u00f8tter, noe som er avgj\u00f8rende for b\u00e5de bonsaiens helse og estetikk.<\/p>\n<p><img decoding=\"async\" style=\"margin-right: 12px;\" src=\"https:\/\/www.ferberpainting.com\/wp-content\/uploads\/2026\/02\/Check.svg\" alt=\"\" width=\"18\" height=\"15\" \/><strong>Synlige resultater fra de f\u00f8rste p\u00e5f\u00f8ringene.<\/strong>\u00a0I l\u00f8pet av de f\u00f8rste ukene etter bruk stimulerer denne gj\u00f8dselen til ny bladvekst, forbedrer bladfargen og styrker grenstrukturen. Den bidrar ogs\u00e5 til \u00e5 gj\u00f8re treet bedre rustet til \u00e5 t\u00e5le \u00e5rstidsvariasjoner og regelmessig beskj\u00e6ring, slik at bonsaien forblir livskraftig og velformet.<\/p>\n<h2><strong>Protokoll for bruk<\/strong><\/h2>\n<ul>\n<li><strong>Fortynning av gj\u00f8dsel <\/strong>: Bland 5 ml gj\u00f8dsel per 1 liter vann. Rist l\u00f8sningen godt f\u00f8r hver p\u00e5f\u00f8ring for \u00e5 sikre en jevn fordeling av n\u00e6ringsstoffene.<\/li>\n<li><strong>P\u00e5f\u00f8ringsmetode <\/strong>:\n<ul>\n<li><strong>Ved \u00e5 vanne <\/strong>: Hell den fortynnede l\u00f8sningen direkte p\u00e5 underlaget, og s\u00f8rg for \u00e5 fukte jevnt uten overfl\u00f8dig vann for \u00e5 unng\u00e5 jordmetning.<\/li>\n<li><strong>Ved spr\u00f8yting av blad<\/strong> (valgfritt) : Spr\u00f8yt l\u00f8sningen lett p\u00e5 bladene, tidlig om morgenen eller sent p\u00e5 dagen for \u00e5 forhindre rask fordampning og fremme bedre absorpsjon.<\/li>\n<\/ul>\n<\/li>\n<li><strong>Hyppighet av bruk <\/strong>: P\u00e5f\u00f8r gj\u00f8dsel hver 15. dag i den aktive vekstperioden (v\u00e5r-sommer) og en gang i m\u00e5neden i hvileperioden (h\u00f8st-vinter) for \u00e5 sikre regelmessig og kontrollert vekst.<\/li>\n<li><strong>Ekstra vanning <\/strong>: Etter p\u00e5f\u00f8ring av gj\u00f8dsel, vent 48 timer f\u00f8r du vanner igjen, for \u00e5 optimalisere n\u00e6ringsopptaket av treet.<\/li>\n<li><strong>Forholdsregler for bruk <\/strong>: Ikke overdos\u00e9r gj\u00f8dsel for \u00e5 unng\u00e5 for rask utvikling og ubalanse i bonsaien. P\u00e5f\u00f8r bare p\u00e5 et lett fuktig underlag for bedre absorpsjon.<\/li>\n<li><strong>Oppbevaring og konservering <\/strong>: Oppbevar gj\u00f8dselet p\u00e5 et t\u00f8rt, temperert sted, borte fra lys og fuktighet. Lukk beholderen tett etter hver bruk for \u00e5 bevare produktets effektivitet og unng\u00e5 fordampning.<\/li>\n<\/ul>\n<p>Med denne bonsaigj\u00f8dselen kan du gi treet ditt komplett n\u00e6ring som er perfekt tilpasset dets spesifikke behov, noe som fremmer balansert vekst, forbedret motstandskraft og et frodig, levende bladverk. Det er den ideelle l\u00f8sningen for blendende bonsaitr\u00e6r i perfekt harmoni med omgivelsene.<\/p>","protected":false},"excerpt":{"rendered":"<p>A balanced fertilizer for a healthy bonsai.\u00a0This bonsai fertilizer is specially formulated to meet the nutritional needs of these miniature trees. Thanks to its NPK 15-15-15 composition, it provides an optimal balance between nitrogen (N), which stimulates foliage development, phosphorus (P), which promotes strong root development, and potassium (K), which enhances disease resistance and climate [&hellip;]<\/p>\n","protected":false},"featured_media":25709,"comment_status":"open","ping_status":"closed","template":"","meta":{"_uag_custom_page_level_css":"","site-sidebar-layout":"default","site-content-layout":"","ast-site-content-layout":"default","site-content-style":"default","site-sidebar-style":"default","ast-global-header-display":"","ast-banner-title-visibility":"","ast-main-header-display":"","ast-hfb-above-header-display":"","ast-hfb-below-header-display":"","ast-hfb-mobile-header-display":"","site-post-title":"","ast-breadcrumbs-content":"","ast-featured-img":"","footer-sml-layout":"","ast-disable-related-posts":"","theme-transparent-header-meta":"default","adv-header-id-meta":"","stick-header-meta":"","header-above-stick-meta":"","header-main-stick-meta":"","header-below-stick-meta":"","astra-migrate-meta-layouts":"set","ast-page-background-enabled":"default","ast-page-background-meta":{"desktop":{"background-color":"var(--ast-global-color-4)","background-image":"","background-repeat":"repeat","background-position":"center center","background-size":"auto","background-attachment":"scroll","background-type":"","background-media":"","overlay-type":"","overlay-color":"","overlay-opacity":"","overlay-gradient":""},"tablet":{"background-color":"","background-image":"","background-repeat":"repeat","background-position":"center center","background-size":"auto","background-attachment":"scroll","background-type":"","background-media":"","overlay-type":"","overlay-color":"","overlay-opacity":"","overlay-gradient":""},"mobile":{"background-color":"","background-image":"","background-repeat":"repeat","background-position":"center center","background-size":"auto","background-attachment":"scroll","background-type":"","background-media":"","overlay-type":"","overlay-color":"","overlay-opacity":"","overlay-gradient":""}},"ast-content-background-meta":{"desktop":{"background-color":"var(--ast-global-color-5)","background-image":"","background-repeat":"repeat","background-position":"center center","background-size":"auto","background-attachment":"scroll","background-type":"","background-media":"","overlay-type":"","overlay-color":"","overlay-opacity":"","overlay-gradient":""},"tablet":{"background-color":"var(--ast-global-color-5)","background-image":"","background-repeat":"repeat","background-position":"center center","background-size":"auto","background-attachment":"scroll","background-type":"","background-media":"","overlay-type":"","overlay-color":"","overlay-opacity":"","overlay-gradient":""},"mobile":{"background-color":"var(--ast-global-color-5)","background-image":"","background-repeat":"repeat","background-position":"center center","background-size":"auto","background-attachment":"scroll","background-type":"","background-media":"","overlay-type":"","overlay-color":"","overlay-opacity":"","overlay-gradient":""}}},"product_brand":[],"product_cat":[178],"product_tag":[],"class_list":{"0":"post-23110","1":"product","2":"type-product","3":"status-publish","4":"has-post-thumbnail","6":"product_cat-fertilizers","7":"desktop-align-left","8":"tablet-align-left","9":"mobile-align-left","11":"first","12":"instock","13":"sale","14":"shipping-taxable","15":"purchasable","16":"product-type-variable","17":"has-default-attributes"},"spectra_custom_meta":{"_visibility":["visible"],"_shopify_product_id":["9064504557813"],"_s2w_shopify_domain":["ferberpainting.myshopify.com"],"_shopify_variant_id":["46495620432117"],"_sku":[""],"_manage_stock":["no"],"total_sales":["29"],"_tax_status":["taxable"],"_tax_class":[""],"_backorders":["no"],"_sold_individually":["no"],"_virtual":["no"],"_downloadable":["no"],"_download_limit":["-1"],"_download_expiry":["-1"],"_stock":[null],"_stock_status":["instock"],"_wc_average_rating":["4.95"],"_wc_review_count":["20"],"_product_attributes":["a:1:{s:6:\"volume\";a:6:{s:4:\"name\";s:6:\"Volume\";s:5:\"value\";s:20:\"5 liters | 25 liters\";s:8:\"position\";i:1;s:10:\"is_visible\";i:0;s:12:\"is_variation\";i:1;s:11:\"is_taxonomy\";i:0;}}"],"_product_version":["10.5.1"],"_thumbnail_id":["25709"],"_product_image_gallery":["25710"],"wpse_downloadable_file_names":[""],"wpse_downloadable_file_urls":[""],"_edit_last":["1"],"_default_attributes":["a:1:{s:6:\"volume\";s:8:\"5 liters\";}"],"_wc_rating_count":["a:2:{i:4;i:1;i:5;i:19;}"],"_edit_lock":["1771157427:1"],"_price":["29.90","129.90"],"merchant-center-availability":["yes"],"merchant-center-category":["113"],"_wp_page_template":["default"],"site-sidebar-layout":["default"],"ast-site-content-layout":["default"],"site-content-style":["default"],"site-sidebar-style":["default"],"theme-transparent-header-meta":["default"],"astra-migrate-meta-layouts":["set"],"_uag_css_file_name":["uag-css-23110.css"],"_elementor_page_assets":["a:0:{}"],"_uag_page_assets":["a:9:{s:3:\"css\";s:6873:\".wp-block-uagb-image{display:flex}.wp-block-uagb-image__figure{position:relative;display:flex;flex-direction:column;max-width:100%;height:auto;margin:0}.wp-block-uagb-image__figure img{height:auto;display:flex;max-width:100%;transition:box-shadow .2s ease}.wp-block-uagb-image__figure>a{display:inline-block}.wp-block-uagb-image__figure figcaption{text-align:center;margin-top:.5em;margin-bottom:1em}.wp-block-uagb-image .components-placeholder.block-editor-media-placeholder .components-placeholder__instructions{align-self:center}.wp-block-uagb-image--align-left{text-align:left}.wp-block-uagb-image--align-right{text-align:right}.wp-block-uagb-image--align-center{text-align:center}.wp-block-uagb-image--align-full .wp-block-uagb-image__figure{margin-left:calc(50% - 50vw);margin-right:calc(50% - 50vw);max-width:100vw;width:100vw;height:auto}.wp-block-uagb-image--align-full .wp-block-uagb-image__figure img{height:auto;width:100% !important}.wp-block-uagb-image--align-wide .wp-block-uagb-image__figure img{height:auto;width:100%}.wp-block-uagb-image--layout-overlay__color-wrapper{position:absolute;left:0;top:0;right:0;bottom:0;opacity:.2;background:rgba(0,0,0,.5);transition:opacity .35s ease-in-out}.wp-block-uagb-image--layout-overlay-link{position:absolute;left:0;right:0;bottom:0;top:0}.wp-block-uagb-image--layout-overlay .wp-block-uagb-image__figure:hover .wp-block-uagb-image--layout-overlay__color-wrapper{opacity:1}.wp-block-uagb-image--layout-overlay__inner{position:absolute;left:15px;right:15px;bottom:15px;top:15px;display:flex;align-items:center;justify-content:center;flex-direction:column;border-color:#fff;transition:.35s ease-in-out}.wp-block-uagb-image--layout-overlay__inner.top-left,.wp-block-uagb-image--layout-overlay__inner.top-center,.wp-block-uagb-image--layout-overlay__inner.top-right{justify-content:flex-start}.wp-block-uagb-image--layout-overlay__inner.bottom-left,.wp-block-uagb-image--layout-overlay__inner.bottom-center,.wp-block-uagb-image--layout-overlay__inner.bottom-right{justify-content:flex-end}.wp-block-uagb-image--layout-overlay__inner.top-left,.wp-block-uagb-image--layout-overlay__inner.center-left,.wp-block-uagb-image--layout-overlay__inner.bottom-left{align-items:flex-start}.wp-block-uagb-image--layout-overlay__inner.top-right,.wp-block-uagb-image--layout-overlay__inner.center-right,.wp-block-uagb-image--layout-overlay__inner.bottom-right{align-items:flex-end}.wp-block-uagb-image--layout-overlay__inner .uagb-image-heading{color:#fff;transition:transform .35s,opacity .35s ease-in-out;transform:translate3d(0, 24px, 0);margin:0;line-height:1em}.wp-block-uagb-image--layout-overlay__inner .uagb-image-separator{width:30%;border-top-width:2px;border-top-color:#fff;border-top-style:solid;margin-bottom:10px;opacity:0;transition:transform .4s,opacity .4s ease-in-out;transform:translate3d(0, 30px, 0)}.wp-block-uagb-image--layout-overlay__inner .uagb-image-caption{opacity:0;overflow:visible;color:#fff;transition:transform .45s,opacity .45s ease-in-out;transform:translate3d(0, 35px, 0)}.wp-block-uagb-image--layout-overlay__inner:hover .uagb-image-heading,.wp-block-uagb-image--layout-overlay__inner:hover .uagb-image-separator,.wp-block-uagb-image--layout-overlay__inner:hover .uagb-image-caption{opacity:1;transform:translate3d(0, 0, 0)}.wp-block-uagb-image--effect-zoomin .wp-block-uagb-image__figure img,.wp-block-uagb-image--effect-zoomin .wp-block-uagb-image__figure .wp-block-uagb-image--layout-overlay__color-wrapper{transform:scale(1);transition:transform .35s ease-in-out}.wp-block-uagb-image--effect-zoomin .wp-block-uagb-image__figure:hover img,.wp-block-uagb-image--effect-zoomin .wp-block-uagb-image__figure:hover .wp-block-uagb-image--layout-overlay__color-wrapper{transform:scale(1.05)}.wp-block-uagb-image--effect-slide .wp-block-uagb-image__figure img,.wp-block-uagb-image--effect-slide .wp-block-uagb-image__figure .wp-block-uagb-image--layout-overlay__color-wrapper{width:calc(100% + 40px) !important;max-width:none !important;transform:translate3d(-40px, 0, 0);transition:transform .35s ease-in-out}.wp-block-uagb-image--effect-slide .wp-block-uagb-image__figure:hover img,.wp-block-uagb-image--effect-slide .wp-block-uagb-image__figure:hover .wp-block-uagb-image--layout-overlay__color-wrapper{transform:translate3d(0, 0, 0)}.wp-block-uagb-image--effect-grayscale img{filter:grayscale(0%);transition:.35s ease-in-out}.wp-block-uagb-image--effect-grayscale:hover img{filter:grayscale(100%)}.wp-block-uagb-image--effect-blur img{filter:blur(0);transition:.35s ease-in-out}.wp-block-uagb-image--effect-blur:hover img{filter:blur(3px)}.uagb-block-e6f939b3.wp-block-uagb-image--layout-default figure img{box-shadow: 0px 0px 0 #00000070;}.uagb-block-e6f939b3.wp-block-uagb-image .wp-block-uagb-image__figure figcaption{font-style: normal;align-self: center;}.uagb-block-e6f939b3.wp-block-uagb-image--layout-overlay figure img{box-shadow: 0px 0px 0 #00000070;}.uagb-block-e6f939b3.wp-block-uagb-image--layout-overlay .wp-block-uagb-image--layout-overlay__color-wrapper{opacity: 0.2;}.uagb-block-e6f939b3.wp-block-uagb-image--layout-overlay .wp-block-uagb-image--layout-overlay__inner{left: 15px;right: 15px;top: 15px;bottom: 15px;}.uagb-block-e6f939b3.wp-block-uagb-image--layout-overlay .wp-block-uagb-image--layout-overlay__inner .uagb-image-heading{font-style: normal;color: #fff;opacity: 1;}.uagb-block-e6f939b3.wp-block-uagb-image--layout-overlay .wp-block-uagb-image--layout-overlay__inner .uagb-image-heading a{color: #fff;}.uagb-block-e6f939b3.wp-block-uagb-image--layout-overlay .wp-block-uagb-image--layout-overlay__inner .uagb-image-caption{opacity: 0;}.uagb-block-e6f939b3.wp-block-uagb-image--layout-overlay .wp-block-uagb-image__figure:hover .wp-block-uagb-image--layout-overlay__color-wrapper{opacity: 1;}.uagb-block-e6f939b3.wp-block-uagb-image .wp-block-uagb-image--layout-overlay__inner .uagb-image-separator{width: 30%;border-top-width: 2px;border-top-color: #fff;opacity: 0;}.uagb-block-e6f939b3.wp-block-uagb-image .wp-block-uagb-image__figure img{width: px;height: auto;}.uagb-block-e6f939b3.wp-block-uagb-image .wp-block-uagb-image__figure:hover .wp-block-uagb-image--layout-overlay__inner .uagb-image-caption{opacity: 1;}.uagb-block-e6f939b3.wp-block-uagb-image .wp-block-uagb-image__figure:hover .wp-block-uagb-image--layout-overlay__inner .uagb-image-separator{opacity: 1;}.uagb-block-e6f939b3.wp-block-uagb-image--layout-default figure:hover img{box-shadow: 0px 0px 0 #00000070;}.uagb-block-e6f939b3.wp-block-uagb-image--layout-overlay figure:hover img{box-shadow: 0px 0px 0 #00000070;}@media only screen and (max-width: 976px) {.uagb-block-e6f939b3.wp-block-uagb-image .wp-block-uagb-image__figure img{width: px;height: auto;}}@media only screen and (max-width: 767px) {.uagb-block-e6f939b3.wp-block-uagb-image .wp-block-uagb-image__figure img{width: px;height: auto;}}\";s:2:\"js\";s:0:\"\";s:18:\"current_block_list\";a:13:{i:0;s:11:\"core\/search\";i:1;s:10:\"core\/group\";i:2;s:12:\"core\/heading\";i:3;s:17:\"core\/latest-posts\";i:4;s:20:\"core\/latest-comments\";i:5;s:13:\"core\/archives\";i:6;s:15:\"core\/categories\";i:7;s:14:\"core\/paragraph\";i:8;s:10:\"uagb\/image\";i:9;s:11:\"core\/spacer\";i:10;s:30:\"woocommerce\/product-categories\";i:11;s:10:\"core\/image\";i:12;s:14:\"core\/shortcode\";}s:8:\"uag_flag\";b:1;s:11:\"uag_version\";s:10:\"1777036401\";s:6:\"gfonts\";a:0:{}s:10:\"gfonts_url\";s:0:\"\";s:12:\"gfonts_files\";a:0:{}s:14:\"uag_faq_layout\";b:0;}"]},"uagb_featured_image_src":{"full":["https:\/\/www.ferberpainting.com\/wp-content\/uploads\/2025\/05\/BonsaiFertilizer5L.png",2560,2560,false],"thumbnail":["https:\/\/www.ferberpainting.com\/wp-content\/uploads\/2025\/05\/BonsaiFertilizer5L-150x150.png",150,150,true],"medium":["https:\/\/www.ferberpainting.com\/wp-content\/uploads\/2025\/05\/BonsaiFertilizer5L-300x300.png",300,300,true],"medium_large":["https:\/\/www.ferberpainting.com\/wp-content\/uploads\/2025\/05\/BonsaiFertilizer5L-768x768.png",768,768,true],"large":["https:\/\/www.ferberpainting.com\/wp-content\/uploads\/2025\/05\/BonsaiFertilizer5L-1024x1024.png",1024,1024,true],"1536x1536":["https:\/\/www.ferberpainting.com\/wp-content\/uploads\/2025\/05\/BonsaiFertilizer5L-1536x1536.png",1536,1536,true],"2048x2048":["https:\/\/www.ferberpainting.com\/wp-content\/uploads\/2025\/05\/BonsaiFertilizer5L-2048x2048.png",2048,2048,true],"trp-custom-language-flag":["https:\/\/www.ferberpainting.com\/wp-content\/uploads\/2025\/05\/BonsaiFertilizer5L-12x12.png",12,12,true],"woocommerce_thumbnail":["https:\/\/www.ferberpainting.com\/wp-content\/uploads\/2025\/05\/BonsaiFertilizer5L-300x300.png",300,300,true],"woocommerce_single":["https:\/\/www.ferberpainting.com\/wp-content\/uploads\/2025\/05\/BonsaiFertilizer5L-600x600.png",600,600,true],"woocommerce_gallery_thumbnail":["https:\/\/www.ferberpainting.com\/wp-content\/uploads\/2025\/05\/BonsaiFertilizer5L-100x100.png",100,100,true]},"uagb_author_info":{"display_name":"admin","author_link":"https:\/\/www.ferberpainting.com\/no\/author\/"},"uagb_comment_info":20,"uagb_excerpt":"A balanced fertilizer for a healthy bonsai.\u00a0This bonsai fertilizer is specially formulated to meet the nutritional needs of these miniature trees. Thanks to its NPK 15-15-15 composition, it provides an optimal balance between nitrogen (N), which stimulates foliage development, phosphorus (P), which promotes strong root development, and potassium (K), which enhances disease resistance and climate&hellip;","_links":{"self":[{"href":"https:\/\/www.ferberpainting.com\/no\/wp-json\/wp\/v2\/product\/23110","targetHints":{"allow":["GET"]}}],"collection":[{"href":"https:\/\/www.ferberpainting.com\/no\/wp-json\/wp\/v2\/product"}],"about":[{"href":"https:\/\/www.ferberpainting.com\/no\/wp-json\/wp\/v2\/types\/product"}],"replies":[{"embeddable":true,"href":"https:\/\/www.ferberpainting.com\/no\/wp-json\/wp\/v2\/comments?post=23110"}],"version-history":[{"count":5,"href":"https:\/\/www.ferberpainting.com\/no\/wp-json\/wp\/v2\/product\/23110\/revisions"}],"predecessor-version":[{"id":166046,"href":"https:\/\/www.ferberpainting.com\/no\/wp-json\/wp\/v2\/product\/23110\/revisions\/166046"}],"wp:featuredmedia":[{"embeddable":true,"href":"https:\/\/www.ferberpainting.com\/no\/wp-json\/wp\/v2\/media\/25709"}],"wp:attachment":[{"href":"https:\/\/www.ferberpainting.com\/no\/wp-json\/wp\/v2\/media?parent=23110"}],"wp:term":[{"taxonomy":"product_brand","embeddable":true,"href":"https:\/\/www.ferberpainting.com\/no\/wp-json\/wp\/v2\/product_brand?post=23110"},{"taxonomy":"product_cat","embeddable":true,"href":"https:\/\/www.ferberpainting.com\/no\/wp-json\/wp\/v2\/product_cat?post=23110"},{"taxonomy":"product_tag","embeddable":true,"href":"https:\/\/www.ferberpainting.com\/no\/wp-json\/wp\/v2\/product_tag?post=23110"}],"curies":[{"name":"wp","href":"https:\/\/api.w.org\/{rel}","templated":true}]}}