{"id":23099,"date":"2025-05-26T10:22:42","date_gmt":"2025-05-26T08:22:42","guid":{"rendered":"https:\/\/www.ferberpainting.com\/products\/bloom-and-flowering-fertilizer\/"},"modified":"2026-02-15T13:10:15","modified_gmt":"2026-02-15T12:10:15","slug":"bloom-and-flowering-fertilizer","status":"publish","type":"product","link":"https:\/\/www.ferberpainting.com\/no\/products\/bloom-and-flowering-fertilizer\/","title":{"rendered":"Blomstringsgj\u00f8dsel"},"content":{"rendered":"<p><img decoding=\"async\" style=\"margin-right: 12px;\" src=\"https:\/\/www.ferberpainting.com\/wp-content\/uploads\/2026\/02\/Check.svg\" alt=\"\" width=\"18\" height=\"15\" \/><strong>En gj\u00f8dsel designet for rikelig og levende blomstring.<\/strong>\u00a0V\u00e5r blomstrende gj\u00f8dsel er spesielt formulert for \u00e5 stimulere blomsterproduksjonen, styrke stilkene og forbedre kvaliteten p\u00e5 blomstene. Takket v\u00e6re den balanserte sammensetningen av nitrogen, fosfor og kalium (NPK 15-15-15), gir den plantene alle viktige n\u00e6ringsstoffer for \u00e5 fremme sjener\u00f8s blomstring, med livlige og langvarige farger.<\/p>\n<p><img decoding=\"async\" style=\"margin-right: 12px;\" src=\"https:\/\/www.ferberpainting.com\/wp-content\/uploads\/2026\/02\/Check.svg\" alt=\"\" width=\"18\" height=\"15\" \/><strong>Pengene tilbake-garanti.<\/strong>\u00a0Vi har full tillit til effektiviteten til v\u00e5r blomstrende gj\u00f8dsel. Hvis du, til tross for bruk i samsvar med anbefalingene, ikke er forn\u00f8yd med de oppn\u00e5dde resultatene, kan du f\u00e5 full refusjon.<\/p>\n<p><img decoding=\"async\" style=\"margin-right: 12px;\" src=\"https:\/\/www.ferberpainting.com\/wp-content\/uploads\/2026\/02\/Check.svg\" alt=\"\" width=\"18\" height=\"15\" \/><strong>Kompatibel med alle typer vekstmedier.<\/strong>\u00a0Denne gj\u00f8dselen er allsidig og egner seg for en rekke ulike underlag. Den fungerer like godt i jord, potter, krukker, beholdere, hydroponiske anlegg eller p\u00e5 friland, og kan brukes p\u00e5 alle typer jord, enten det er leirholdig, sandholdig, kalkholdig eller leirholdig. Den er ideell for prydblomster, busker, stauder og inneplanter.<\/p>\n<p><img decoding=\"async\" style=\"margin-right: 12px;\" src=\"https:\/\/www.ferberpainting.com\/wp-content\/uploads\/2026\/02\/Check.svg\" alt=\"\" width=\"18\" height=\"15\" \/><strong>Optimalt kostnadseffektivt utbytte.<\/strong>\u00a0Den konsentrerte formelen gj\u00f8r det mulig \u00e5 tilberede opptil 1000 liter n\u00e6ringsoppl\u00f8sning fra en enkelt 5-liters beholder. Bare 5 ml fortynnet gj\u00f8dsel i 1 liter vann er nok til \u00e5 tilby effektiv gj\u00f8dsling. Med dette utbyttet garanterer gj\u00f8dselet utvidet bruk og utmerket valuta for pengene.<\/p>\n<p><img decoding=\"async\" style=\"margin-right: 12px;\" src=\"https:\/\/www.ferberpainting.com\/wp-content\/uploads\/2026\/02\/Check.svg\" alt=\"\" width=\"18\" height=\"15\" \/><strong>Et milj\u00f8vennlig gj\u00f8dselmiddel.<\/strong>\u00a0Denne gj\u00f8dselen er utviklet for \u00e5 v\u00e6re trygg for det biologiske mangfoldet. Den inneholder ingen aggressive kjemiske tilsetningsstoffer og forurenser ikke jordsmonnet eller grunnvannet. Sammensetningen bidrar til \u00e5 bevare den naturlige balansen i jordsmonnet samtidig som den fremmer aktiviteten til gunstige mikroorganismer.<\/p>\n<p><img decoding=\"async\" style=\"margin-right: 12px;\" src=\"https:\/\/www.ferberpainting.com\/wp-content\/uploads\/2026\/02\/Check.svg\" alt=\"\" width=\"18\" height=\"15\" \/><strong>Enkel \u00e5 p\u00e5f\u00f8re og beskytter mot rotforbrenning.<\/strong>\u00a0I motsetning til fast gj\u00f8dsel som kan skape for h\u00f8ye konsentrasjoner av mineralsalter, l\u00f8ser v\u00e5r flytende gj\u00f8dsel seg perfekt opp i vann, noe som sikrer jevn fordeling og unng\u00e5r rotforbrenning. Den er enkel \u00e5 dosere, klargj\u00f8re og p\u00e5f\u00f8re.<\/p>\n<p><img decoding=\"async\" style=\"margin-right: 12px;\" src=\"https:\/\/www.ferberpainting.com\/wp-content\/uploads\/2026\/02\/Check.svg\" alt=\"\" width=\"18\" height=\"15\" \/><strong>En langvarig gj\u00f8dsel for langvarig blomstring.<\/strong>\u00a0Takket v\u00e6re det balanserte n\u00e6ringsinnholdet fremmer denne gj\u00f8dselen gradvis frigj\u00f8ring av essensielle elementer, noe som hjelper plantene til \u00e5 blomstre lenger og med bedre helse. Den virker ved \u00e5 styrke planten fra de f\u00f8rste dagene og fortsetter \u00e5 gi den n\u00e6ring gjennom hele blomstringssyklusen.<\/p>\n<p><img decoding=\"async\" style=\"margin-right: 12px;\" src=\"https:\/\/www.ferberpainting.com\/wp-content\/uploads\/2026\/02\/Check.svg\" alt=\"\" width=\"18\" height=\"15\" \/><strong>Synlige resultater raskt.<\/strong>\u00a0P\u00e5 bare noen f\u00e5 dager vil du legge merke til forbedret fargeintensitet, \u00f8kt antall knopper og st\u00f8rre blomstervitalitet. Nitrogen bidrar til balansert bladvekst, fosfor stimulerer dannelsen av blomsterknopper, og kalium forbedrer motstandsdyktigheten mot sykdommer og t\u00f8ffe klimatiske forhold.<\/p>\n<p><img decoding=\"async\" style=\"margin-right: 12px;\" src=\"https:\/\/www.ferberpainting.com\/wp-content\/uploads\/2026\/02\/Check.svg\" alt=\"\" width=\"18\" height=\"15\" \/><strong>En gj\u00f8dsel som passer til alle blomstrende planter.<\/strong>\u00a0Enten det er til roser, orkideer, pelargoner, hibiskus, lavendel eller blomstrende busker, gir denne gj\u00f8dselen de n\u00e6ringsstoffene som er n\u00f8dvendige i alle faser av blomstringen. Den passer ogs\u00e5 perfekt til tropiske planter og eksotiske blomster, enten de dyrkes innend\u00f8rs eller utend\u00f8rs.<\/p>\n<h2><strong>Protokoll for bruk<\/strong><\/h2>\n<ul>\n<li><strong>S\u00f8knadsperiode <\/strong>: P\u00e5f\u00f8r gj\u00f8dsel gjennom hele blomstringsperioden, helst i l\u00f8pet av v\u00e5r- og sommerm\u00e5nedene. For inneplanter kan regelmessig gj\u00f8dsling gjennom hele \u00e5ret vurderes.<\/li>\n<li><strong>Klargj\u00f8ring av l\u00f8sning <\/strong>: Fortynn 5 ml gj\u00f8dsel i 1 liter vann for \u00e5 oppn\u00e5 en homogen l\u00f8sning, klar til bruk.<\/li>\n<li><strong>P\u00e5f\u00f8ringsmetode <\/strong>:\n<ul>\n<li><strong>Vanning ved bunnen av plantene <\/strong>: Hell n\u00e6ringsl\u00f8sningen direkte p\u00e5 substratet, n\u00e6r r\u00f8ttene.<\/li>\n<li><strong>Spr\u00f8yting av bladverk <\/strong>: Spray lett p\u00e5 bladene og blomstene for raskt n\u00e6ringsopptak.<\/li>\n<\/ul>\n<\/li>\n<li><strong>S\u00f8knadsfrekvens <\/strong>:\n<ul>\n<li><strong>Planter i aktiv blomstring <\/strong>: P\u00e5f\u00f8r annenhver uke for \u00e5 stimulere rikelig blomstring.<\/li>\n<li><strong>Vedlikeholdsanlegg <\/strong>: En p\u00e5f\u00f8ring hver 3. til 4. uke bidrar til \u00e5 opprettholde jevn blomstring.<\/li>\n<\/ul>\n<\/li>\n<li><strong>Forholdsregler for bruk <\/strong>:\n<ul>\n<li>Unng\u00e5 overdrivelser, da overgj\u00f8dsling kan f\u00f8re til overdreven l\u00f8vverk p\u00e5 bekostning av blomster.<\/li>\n<li>Ikke bruk under h\u00f8y varme eller i direkte sollys for \u00e5 unng\u00e5 rask fordampning av n\u00e6ringsstoffer.<\/li>\n<\/ul>\n<\/li>\n<\/ul>\n<p>Med denne h\u00f8ytytende og balanserte blomstringsgj\u00f8dselen vil plantene dine dra nytte av komplett og tilpasset n\u00e6ring, noe som sikrer frodig og langvarig blomstring.<\/p>","protected":false},"excerpt":{"rendered":"<p>A fertilizer designed for abundant and vibrant flowering.\u00a0Our flowering fertilizer is specially formulated to stimulate flower production, strengthen stems, and improve the quality of blooms. Thanks to its balanced composition in nitrogen, phosphorus, and potassium (NPK 15-15-15), it provides plants with all the essential nutrients to promote generous flowering, with vibrant and long-lasting colors. Money-back [&hellip;]<\/p>\n","protected":false},"featured_media":25650,"comment_status":"open","ping_status":"closed","template":"","meta":{"_uag_custom_page_level_css":"","site-sidebar-layout":"default","site-content-layout":"","ast-site-content-layout":"default","site-content-style":"default","site-sidebar-style":"default","ast-global-header-display":"","ast-banner-title-visibility":"","ast-main-header-display":"","ast-hfb-above-header-display":"","ast-hfb-below-header-display":"","ast-hfb-mobile-header-display":"","site-post-title":"","ast-breadcrumbs-content":"","ast-featured-img":"","footer-sml-layout":"","ast-disable-related-posts":"","theme-transparent-header-meta":"default","adv-header-id-meta":"","stick-header-meta":"","header-above-stick-meta":"","header-main-stick-meta":"","header-below-stick-meta":"","astra-migrate-meta-layouts":"set","ast-page-background-enabled":"default","ast-page-background-meta":{"desktop":{"background-color":"var(--ast-global-color-4)","background-image":"","background-repeat":"repeat","background-position":"center center","background-size":"auto","background-attachment":"scroll","background-type":"","background-media":"","overlay-type":"","overlay-color":"","overlay-opacity":"","overlay-gradient":""},"tablet":{"background-color":"","background-image":"","background-repeat":"repeat","background-position":"center center","background-size":"auto","background-attachment":"scroll","background-type":"","background-media":"","overlay-type":"","overlay-color":"","overlay-opacity":"","overlay-gradient":""},"mobile":{"background-color":"","background-image":"","background-repeat":"repeat","background-position":"center center","background-size":"auto","background-attachment":"scroll","background-type":"","background-media":"","overlay-type":"","overlay-color":"","overlay-opacity":"","overlay-gradient":""}},"ast-content-background-meta":{"desktop":{"background-color":"var(--ast-global-color-5)","background-image":"","background-repeat":"repeat","background-position":"center center","background-size":"auto","background-attachment":"scroll","background-type":"","background-media":"","overlay-type":"","overlay-color":"","overlay-opacity":"","overlay-gradient":""},"tablet":{"background-color":"var(--ast-global-color-5)","background-image":"","background-repeat":"repeat","background-position":"center center","background-size":"auto","background-attachment":"scroll","background-type":"","background-media":"","overlay-type":"","overlay-color":"","overlay-opacity":"","overlay-gradient":""},"mobile":{"background-color":"var(--ast-global-color-5)","background-image":"","background-repeat":"repeat","background-position":"center center","background-size":"auto","background-attachment":"scroll","background-type":"","background-media":"","overlay-type":"","overlay-color":"","overlay-opacity":"","overlay-gradient":""}}},"product_brand":[],"product_cat":[178],"product_tag":[],"class_list":{"0":"post-23099","1":"product","2":"type-product","3":"status-publish","4":"has-post-thumbnail","6":"product_cat-fertilizers","7":"desktop-align-left","8":"tablet-align-left","9":"mobile-align-left","11":"first","12":"instock","13":"sale","14":"shipping-taxable","15":"purchasable","16":"product-type-variable"},"spectra_custom_meta":{"_visibility":["visible"],"_shopify_product_id":["9073329045749"],"_s2w_shopify_domain":["ferberpainting.myshopify.com"],"_shopify_variant_id":["46524657664245"],"_sku":[""],"_manage_stock":["no"],"total_sales":["6"],"_tax_status":["taxable"],"_tax_class":[""],"_backorders":["no"],"_sold_individually":["no"],"_virtual":["no"],"_downloadable":["no"],"_download_limit":["-1"],"_download_expiry":["-1"],"_stock":[null],"_stock_status":["instock"],"_wc_average_rating":["4.86"],"_wc_review_count":["7"],"_product_attributes":["a:1:{s:6:\"volume\";a:6:{s:4:\"name\";s:6:\"Volume\";s:5:\"value\";s:20:\"5 liters | 25 liters\";s:8:\"position\";i:1;s:10:\"is_visible\";i:0;s:12:\"is_variation\";i:1;s:11:\"is_taxonomy\";i:0;}}"],"_product_version":["10.5.1"],"_thumbnail_id":["25650"],"_product_image_gallery":["25684"],"wpse_downloadable_file_names":[""],"wpse_downloadable_file_urls":[""],"_edit_last":["1"],"_edit_lock":["1771157278:1"],"_price":["29.90","129.90"],"merchant-center-availability":["yes"],"merchant-center-category":["113"],"_wp_page_template":["default"],"site-sidebar-layout":["default"],"ast-site-content-layout":["default"],"site-content-style":["default"],"site-sidebar-style":["default"],"theme-transparent-header-meta":["default"],"_wc_rating_count":["a:2:{i:4;i:1;i:5;i:6;}"],"astra-migrate-meta-layouts":["set"],"_uag_css_file_name":["uag-css-23099.css"],"_elementor_page_assets":["a:0:{}"],"_uag_page_assets":["a:9:{s:3:\"css\";s:6873:\".wp-block-uagb-image{display:flex}.wp-block-uagb-image__figure{position:relative;display:flex;flex-direction:column;max-width:100%;height:auto;margin:0}.wp-block-uagb-image__figure img{height:auto;display:flex;max-width:100%;transition:box-shadow .2s ease}.wp-block-uagb-image__figure>a{display:inline-block}.wp-block-uagb-image__figure figcaption{text-align:center;margin-top:.5em;margin-bottom:1em}.wp-block-uagb-image .components-placeholder.block-editor-media-placeholder .components-placeholder__instructions{align-self:center}.wp-block-uagb-image--align-left{text-align:left}.wp-block-uagb-image--align-right{text-align:right}.wp-block-uagb-image--align-center{text-align:center}.wp-block-uagb-image--align-full .wp-block-uagb-image__figure{margin-left:calc(50% - 50vw);margin-right:calc(50% - 50vw);max-width:100vw;width:100vw;height:auto}.wp-block-uagb-image--align-full .wp-block-uagb-image__figure img{height:auto;width:100% !important}.wp-block-uagb-image--align-wide .wp-block-uagb-image__figure img{height:auto;width:100%}.wp-block-uagb-image--layout-overlay__color-wrapper{position:absolute;left:0;top:0;right:0;bottom:0;opacity:.2;background:rgba(0,0,0,.5);transition:opacity .35s ease-in-out}.wp-block-uagb-image--layout-overlay-link{position:absolute;left:0;right:0;bottom:0;top:0}.wp-block-uagb-image--layout-overlay .wp-block-uagb-image__figure:hover .wp-block-uagb-image--layout-overlay__color-wrapper{opacity:1}.wp-block-uagb-image--layout-overlay__inner{position:absolute;left:15px;right:15px;bottom:15px;top:15px;display:flex;align-items:center;justify-content:center;flex-direction:column;border-color:#fff;transition:.35s ease-in-out}.wp-block-uagb-image--layout-overlay__inner.top-left,.wp-block-uagb-image--layout-overlay__inner.top-center,.wp-block-uagb-image--layout-overlay__inner.top-right{justify-content:flex-start}.wp-block-uagb-image--layout-overlay__inner.bottom-left,.wp-block-uagb-image--layout-overlay__inner.bottom-center,.wp-block-uagb-image--layout-overlay__inner.bottom-right{justify-content:flex-end}.wp-block-uagb-image--layout-overlay__inner.top-left,.wp-block-uagb-image--layout-overlay__inner.center-left,.wp-block-uagb-image--layout-overlay__inner.bottom-left{align-items:flex-start}.wp-block-uagb-image--layout-overlay__inner.top-right,.wp-block-uagb-image--layout-overlay__inner.center-right,.wp-block-uagb-image--layout-overlay__inner.bottom-right{align-items:flex-end}.wp-block-uagb-image--layout-overlay__inner .uagb-image-heading{color:#fff;transition:transform .35s,opacity .35s ease-in-out;transform:translate3d(0, 24px, 0);margin:0;line-height:1em}.wp-block-uagb-image--layout-overlay__inner .uagb-image-separator{width:30%;border-top-width:2px;border-top-color:#fff;border-top-style:solid;margin-bottom:10px;opacity:0;transition:transform .4s,opacity .4s ease-in-out;transform:translate3d(0, 30px, 0)}.wp-block-uagb-image--layout-overlay__inner .uagb-image-caption{opacity:0;overflow:visible;color:#fff;transition:transform .45s,opacity .45s ease-in-out;transform:translate3d(0, 35px, 0)}.wp-block-uagb-image--layout-overlay__inner:hover .uagb-image-heading,.wp-block-uagb-image--layout-overlay__inner:hover .uagb-image-separator,.wp-block-uagb-image--layout-overlay__inner:hover .uagb-image-caption{opacity:1;transform:translate3d(0, 0, 0)}.wp-block-uagb-image--effect-zoomin .wp-block-uagb-image__figure img,.wp-block-uagb-image--effect-zoomin .wp-block-uagb-image__figure .wp-block-uagb-image--layout-overlay__color-wrapper{transform:scale(1);transition:transform .35s ease-in-out}.wp-block-uagb-image--effect-zoomin .wp-block-uagb-image__figure:hover img,.wp-block-uagb-image--effect-zoomin .wp-block-uagb-image__figure:hover .wp-block-uagb-image--layout-overlay__color-wrapper{transform:scale(1.05)}.wp-block-uagb-image--effect-slide .wp-block-uagb-image__figure img,.wp-block-uagb-image--effect-slide .wp-block-uagb-image__figure .wp-block-uagb-image--layout-overlay__color-wrapper{width:calc(100% + 40px) !important;max-width:none !important;transform:translate3d(-40px, 0, 0);transition:transform .35s ease-in-out}.wp-block-uagb-image--effect-slide .wp-block-uagb-image__figure:hover img,.wp-block-uagb-image--effect-slide .wp-block-uagb-image__figure:hover .wp-block-uagb-image--layout-overlay__color-wrapper{transform:translate3d(0, 0, 0)}.wp-block-uagb-image--effect-grayscale img{filter:grayscale(0%);transition:.35s ease-in-out}.wp-block-uagb-image--effect-grayscale:hover img{filter:grayscale(100%)}.wp-block-uagb-image--effect-blur img{filter:blur(0);transition:.35s ease-in-out}.wp-block-uagb-image--effect-blur:hover img{filter:blur(3px)}.uagb-block-e6f939b3.wp-block-uagb-image--layout-default figure img{box-shadow: 0px 0px 0 #00000070;}.uagb-block-e6f939b3.wp-block-uagb-image .wp-block-uagb-image__figure figcaption{font-style: normal;align-self: center;}.uagb-block-e6f939b3.wp-block-uagb-image--layout-overlay figure img{box-shadow: 0px 0px 0 #00000070;}.uagb-block-e6f939b3.wp-block-uagb-image--layout-overlay .wp-block-uagb-image--layout-overlay__color-wrapper{opacity: 0.2;}.uagb-block-e6f939b3.wp-block-uagb-image--layout-overlay .wp-block-uagb-image--layout-overlay__inner{left: 15px;right: 15px;top: 15px;bottom: 15px;}.uagb-block-e6f939b3.wp-block-uagb-image--layout-overlay .wp-block-uagb-image--layout-overlay__inner .uagb-image-heading{font-style: normal;color: #fff;opacity: 1;}.uagb-block-e6f939b3.wp-block-uagb-image--layout-overlay .wp-block-uagb-image--layout-overlay__inner .uagb-image-heading a{color: #fff;}.uagb-block-e6f939b3.wp-block-uagb-image--layout-overlay .wp-block-uagb-image--layout-overlay__inner .uagb-image-caption{opacity: 0;}.uagb-block-e6f939b3.wp-block-uagb-image--layout-overlay .wp-block-uagb-image__figure:hover .wp-block-uagb-image--layout-overlay__color-wrapper{opacity: 1;}.uagb-block-e6f939b3.wp-block-uagb-image .wp-block-uagb-image--layout-overlay__inner .uagb-image-separator{width: 30%;border-top-width: 2px;border-top-color: #fff;opacity: 0;}.uagb-block-e6f939b3.wp-block-uagb-image .wp-block-uagb-image__figure img{width: px;height: auto;}.uagb-block-e6f939b3.wp-block-uagb-image .wp-block-uagb-image__figure:hover .wp-block-uagb-image--layout-overlay__inner .uagb-image-caption{opacity: 1;}.uagb-block-e6f939b3.wp-block-uagb-image .wp-block-uagb-image__figure:hover .wp-block-uagb-image--layout-overlay__inner .uagb-image-separator{opacity: 1;}.uagb-block-e6f939b3.wp-block-uagb-image--layout-default figure:hover img{box-shadow: 0px 0px 0 #00000070;}.uagb-block-e6f939b3.wp-block-uagb-image--layout-overlay figure:hover img{box-shadow: 0px 0px 0 #00000070;}@media only screen and (max-width: 976px) {.uagb-block-e6f939b3.wp-block-uagb-image .wp-block-uagb-image__figure img{width: px;height: auto;}}@media only screen and (max-width: 767px) {.uagb-block-e6f939b3.wp-block-uagb-image .wp-block-uagb-image__figure img{width: px;height: auto;}}\";s:2:\"js\";s:0:\"\";s:18:\"current_block_list\";a:13:{i:0;s:11:\"core\/search\";i:1;s:10:\"core\/group\";i:2;s:12:\"core\/heading\";i:3;s:17:\"core\/latest-posts\";i:4;s:20:\"core\/latest-comments\";i:5;s:13:\"core\/archives\";i:6;s:15:\"core\/categories\";i:7;s:14:\"core\/paragraph\";i:8;s:10:\"uagb\/image\";i:9;s:11:\"core\/spacer\";i:10;s:30:\"woocommerce\/product-categories\";i:11;s:10:\"core\/image\";i:12;s:14:\"core\/shortcode\";}s:8:\"uag_flag\";b:1;s:11:\"uag_version\";s:10:\"1777096544\";s:6:\"gfonts\";a:0:{}s:10:\"gfonts_url\";s:0:\"\";s:12:\"gfonts_files\";a:0:{}s:14:\"uag_faq_layout\";b:0;}"]},"uagb_featured_image_src":{"full":["https:\/\/www.ferberpainting.com\/wp-content\/uploads\/2025\/05\/BloomandFloweringFertilizer5L.png",2560,2560,false],"thumbnail":["https:\/\/www.ferberpainting.com\/wp-content\/uploads\/2025\/05\/BloomandFloweringFertilizer5L-150x150.png",150,150,true],"medium":["https:\/\/www.ferberpainting.com\/wp-content\/uploads\/2025\/05\/BloomandFloweringFertilizer5L-300x300.png",300,300,true],"medium_large":["https:\/\/www.ferberpainting.com\/wp-content\/uploads\/2025\/05\/BloomandFloweringFertilizer5L-768x768.png",768,768,true],"large":["https:\/\/www.ferberpainting.com\/wp-content\/uploads\/2025\/05\/BloomandFloweringFertilizer5L-1024x1024.png",1024,1024,true],"1536x1536":["https:\/\/www.ferberpainting.com\/wp-content\/uploads\/2025\/05\/BloomandFloweringFertilizer5L-1536x1536.png",1536,1536,true],"2048x2048":["https:\/\/www.ferberpainting.com\/wp-content\/uploads\/2025\/05\/BloomandFloweringFertilizer5L-2048x2048.png",2048,2048,true],"trp-custom-language-flag":["https:\/\/www.ferberpainting.com\/wp-content\/uploads\/2025\/05\/BloomandFloweringFertilizer5L-12x12.png",12,12,true],"woocommerce_thumbnail":["https:\/\/www.ferberpainting.com\/wp-content\/uploads\/2025\/05\/BloomandFloweringFertilizer5L-300x300.png",300,300,true],"woocommerce_single":["https:\/\/www.ferberpainting.com\/wp-content\/uploads\/2025\/05\/BloomandFloweringFertilizer5L-600x600.png",600,600,true],"woocommerce_gallery_thumbnail":["https:\/\/www.ferberpainting.com\/wp-content\/uploads\/2025\/05\/BloomandFloweringFertilizer5L-100x100.png",100,100,true]},"uagb_author_info":{"display_name":"admin","author_link":"https:\/\/www.ferberpainting.com\/no\/author\/"},"uagb_comment_info":7,"uagb_excerpt":"A fertilizer designed for abundant and vibrant flowering.\u00a0Our flowering fertilizer is specially formulated to stimulate flower production, strengthen stems, and improve the quality of blooms. Thanks to its balanced composition in nitrogen, phosphorus, and potassium (NPK 15-15-15), it provides plants with all the essential nutrients to promote generous flowering, with vibrant and long-lasting colors. Money-back&hellip;","_links":{"self":[{"href":"https:\/\/www.ferberpainting.com\/no\/wp-json\/wp\/v2\/product\/23099","targetHints":{"allow":["GET"]}}],"collection":[{"href":"https:\/\/www.ferberpainting.com\/no\/wp-json\/wp\/v2\/product"}],"about":[{"href":"https:\/\/www.ferberpainting.com\/no\/wp-json\/wp\/v2\/types\/product"}],"replies":[{"embeddable":true,"href":"https:\/\/www.ferberpainting.com\/no\/wp-json\/wp\/v2\/comments?post=23099"}],"version-history":[{"count":5,"href":"https:\/\/www.ferberpainting.com\/no\/wp-json\/wp\/v2\/product\/23099\/revisions"}],"predecessor-version":[{"id":166041,"href":"https:\/\/www.ferberpainting.com\/no\/wp-json\/wp\/v2\/product\/23099\/revisions\/166041"}],"wp:featuredmedia":[{"embeddable":true,"href":"https:\/\/www.ferberpainting.com\/no\/wp-json\/wp\/v2\/media\/25650"}],"wp:attachment":[{"href":"https:\/\/www.ferberpainting.com\/no\/wp-json\/wp\/v2\/media?parent=23099"}],"wp:term":[{"taxonomy":"product_brand","embeddable":true,"href":"https:\/\/www.ferberpainting.com\/no\/wp-json\/wp\/v2\/product_brand?post=23099"},{"taxonomy":"product_cat","embeddable":true,"href":"https:\/\/www.ferberpainting.com\/no\/wp-json\/wp\/v2\/product_cat?post=23099"},{"taxonomy":"product_tag","embeddable":true,"href":"https:\/\/www.ferberpainting.com\/no\/wp-json\/wp\/v2\/product_tag?post=23099"}],"curies":[{"name":"wp","href":"https:\/\/api.w.org\/{rel}","templated":true}]}}