{"id":23070,"date":"2025-05-26T10:22:29","date_gmt":"2025-05-26T08:22:29","guid":{"rendered":"https:\/\/www.ferberpainting.com\/products\/asphalt-cold-patch\/"},"modified":"2026-02-24T17:53:18","modified_gmt":"2026-02-24T16:53:18","slug":"asphalt-cold-patch","status":"publish","type":"product","link":"https:\/\/www.ferberpainting.com\/no\/products\/asphalt-cold-patch\/","title":{"rendered":"Kaldasfalt"},"content":{"rendered":"<p><img decoding=\"async\" style=\"margin-right: 12px;\" src=\"https:\/\/www.ferberpainting.com\/wp-content\/uploads\/2026\/02\/Check.svg\" alt=\"\" width=\"18\" height=\"15\" \/><strong>Rask og effektiv reparasjon av asfalterte overflater.<\/strong>\u00a0Denne kaldblandingsasfalten er spesielt utviklet for \u00e5 muliggj\u00f8re enkle og holdbare reparasjoner av veier, fortau, parkeringsplasser og andre overflater laget av asfalt eller betong. Det er en effektiv l\u00f8sning for \u00e5 fylle hull, sprekker, deformasjoner og hull uten at det kreves komplisert utstyr eller profesjonell inngripen, noe som sikrer en rask og p\u00e5litelig restaurering.<\/p>\n<p><img decoding=\"async\" style=\"margin-right: 12px;\" src=\"https:\/\/www.ferberpainting.com\/wp-content\/uploads\/2026\/02\/Check.svg\" alt=\"\" width=\"18\" height=\"15\" \/><strong>Pengene tilbake-garanti.<\/strong>\u00a0Vi har full tillit til effektiviteten til v\u00e5r kaldmiksasfalt. Derfor tilbyr vi pengene tilbake-garanti. Hvis produktet ikke oppfyller forventningene dine etter p\u00e5f\u00f8ring i henhold til anbefalingene, har du muligheten til \u00e5 be om refusjon uten betingelser, noe som sikrer et trygt og risikofritt kj\u00f8p.<\/p>\n<p><img decoding=\"async\" style=\"margin-right: 12px;\" src=\"https:\/\/www.ferberpainting.com\/wp-content\/uploads\/2026\/02\/Check.svg\" alt=\"\" width=\"18\" height=\"15\" \/><strong>Kompatibel med ulike overflatetyper.<\/strong>\u00a0Denne asfalten er egnet for betong, asfalt, sement og andre veidekker, noe som gj\u00f8r den til et allsidig produkt for vedlikehold og renovering av veier, innkj\u00f8rsler, g\u00e5rdsplasser og parkeringsplasser. Den kan brukes i b\u00e5de urbane og private milj\u00f8er, noe som sikrer en reparasjonsl\u00f8sning som er tilpasset ulike grunnkonfigurasjoner.<\/p>\n<p><img decoding=\"async\" style=\"margin-right: 12px;\" src=\"https:\/\/www.ferberpainting.com\/wp-content\/uploads\/2026\/02\/Check.svg\" alt=\"\" width=\"18\" height=\"15\" \/><strong>Kostnadseffektiv og optimalisert dekning.<\/strong>\u00a0Takket v\u00e6re den h\u00f8ytytende formuleringen kan 10 kg asfalt dekke ca. 1 m\u00b2 med en tykkelse p\u00e5 1 cm. Den kan p\u00e5f\u00f8res i flere lag for \u00e5 oppn\u00e5 den n\u00f8dvendige tykkelsen uten at det g\u00e5r ut over vedheftskvaliteten, noe som gir optimalisert materialbruk og et utmerket forhold mellom pris og ytelse.<\/p>\n<p><img decoding=\"async\" style=\"margin-right: 12px;\" src=\"https:\/\/www.ferberpainting.com\/wp-content\/uploads\/2026\/02\/Check.svg\" alt=\"\" width=\"18\" height=\"15\" \/><strong>Et trygt og milj\u00f8vennlig produkt.<\/strong>\u00a0Denne kaldblandingsasfalten er formulert uten aggressive l\u00f8semidler eller giftige utslipp, noe som sikrer trygg bruk. Den er ufarlig for brukerne og avgir ikke skadelige gasser under p\u00e5f\u00f8ring, noe som gj\u00f8r det mulig \u00e5 bruke den b\u00e5de utend\u00f8rs og innend\u00f8rs under visse ventilasjonsforhold.<\/p>\n<p><img decoding=\"async\" style=\"margin-right: 12px;\" src=\"https:\/\/www.ferberpainting.com\/wp-content\/uploads\/2026\/02\/Check.svg\" alt=\"\" width=\"18\" height=\"15\" \/><strong>Enkel p\u00e5f\u00f8ring for problemfri reparasjon.<\/strong>\u00a0Denne asfalten er klar til bruk og krever ingen forvarming eller spesielt utstyr, i motsetning til varmblandet asfalt, som krever komplisert p\u00e5f\u00f8ring. Den kan p\u00e5f\u00f8res direkte p\u00e5 omr\u00e5det som skal behandles, komprimeres manuelt eller mekanisk, og kan brukes av b\u00e5de g\u00e5ende og kj\u00f8rende p\u00e5 kort tid.<\/p>\n<p><img decoding=\"async\" style=\"margin-right: 12px;\" src=\"https:\/\/www.ferberpainting.com\/wp-content\/uploads\/2026\/02\/Check.svg\" alt=\"\" width=\"18\" height=\"15\" \/><strong>Holdbarhet og motstand mot v\u00e6r og belastninger.<\/strong>\u00a0N\u00e5r asfalten er p\u00e5 plass og komprimert, er den sv\u00e6rt motstandsdyktig mot klimavariasjoner, fryse-tine-sykluser og hyppig kj\u00f8ret\u00f8ytrafikk. Den sikrer langvarige reparasjoner og forhindrer rask nedbrytning av overflaten, noe som gir en p\u00e5litelig og b\u00e6rekraftig l\u00f8sning for vedlikehold av veier og kj\u00f8rbare omr\u00e5der.<\/p>\n<p><img decoding=\"async\" style=\"margin-right: 12px;\" src=\"https:\/\/www.ferberpainting.com\/wp-content\/uploads\/2026\/02\/Check.svg\" alt=\"\" width=\"18\" height=\"15\" \/><strong>Rask service restaurering for maksimal tidsbesparelse.<\/strong>\u00a0Takket v\u00e6re den optimaliserte herdekapasiteten kan denne asfalten brukes umiddelbart etter p\u00e5f\u00f8ring og n\u00e5r sin maksimale styrke i l\u00f8pet av f\u00e5 timer. Den muliggj\u00f8r rask reparasjon av veier og trafikkomr\u00e5der uten langvarig immobilisering, noe som sikrer umiddelbar gjenopptakelse av trafikken uten at det g\u00e5r p\u00e5 bekostning av overflatens soliditet.<\/p>\n<h2><strong>Protokoll for bruk<\/strong><\/h2>\n<ul>\n<li><strong>Forberedelse av overflaten <\/strong>: Rengj\u00f8r omr\u00e5det som skal behandles n\u00f8ye ved \u00e5 fjerne st\u00f8v, grus og rusk som kan p\u00e5virke vedheftingen. S\u00f8rg for at underlaget er stabilt, og fukt om n\u00f8dvendig overflaten litt for \u00e5 forbedre vedheftet.<\/li>\n<li><strong>Anbefalt dosering <\/strong>: P\u00e5f\u00f8r ca. 10 kg asfaltblanding for \u00e5 dekke 1 m\u00b2 med en tykkelse p\u00e5 1 cm. For dypere reparasjoner, fortsett med flere lag p\u00e5 3 til 5 cm, og komprimer hvert lag godt f\u00f8r du legger p\u00e5 det neste.<\/li>\n<li><strong>P\u00e5f\u00f8ring av asfaltblandingen <\/strong>: Hell den kalde asfaltblandingen direkte i hulrommet eller p\u00e5 overflaten som skal behandles, og fordel den jevnt med en spade eller sparkel. S\u00f8rg for at materialet er godt fordelt over hele reparasjonsomr\u00e5det.<\/li>\n<li><strong>Komprimering og utjevning <\/strong>: Komprimer asfaltblandingen godt ved hjelp av en stampemaskin, en vibrerende plate eller en valse for \u00e5 sikre optimal tetthet og forhindre fremtidig deformasjon. Kontroller at overflaten er jevn, og juster om n\u00f8dvendig.<\/li>\n<li><strong>Herdetid <\/strong>: La asfalten hvile i noen timer etter p\u00e5f\u00f8ring. Asfaltblandingen blir umiddelbart kj\u00f8rbar, men n\u00e5r sin optimale styrke etter 24 til 48 timer, avhengig av v\u00e6rforholdene og komprimeringen som er utf\u00f8rt.<\/li>\n<li><strong>Vedlikehold og holdbarhet <\/strong>: Denne asfaltblandingen krever ikke noe spesielt vedlikehold n\u00e5r den er herdet. Ved naturlig slitasje etter flere \u00e5r, kan en enkel <strong>ny s\u00f8knad<\/strong> av produktet p\u00e5 det ber\u00f8rte omr\u00e5det vil gjenopprette effektiviteten og styrken.<\/li>\n<li><strong>Rengj\u00f8ring av verkt\u00f8y <\/strong>: Etter bruk skal verkt\u00f8yene umiddelbart rengj\u00f8res med en klut fuktet med vann eller et egnet avfettingsmiddel for \u00e5 unng\u00e5 opphopning av bitumin\u00f8se rester.<\/li>\n<\/ul>\n<p>Med denne kaldasfaltblandingen kan du utf\u00f8re raske, holdbare og kostnadseffektive reparasjoner p\u00e5 alle asfaltoverflater, noe som sikrer umiddelbar gjenoppretting og optimal motstandskraft mot trafikkforhold og v\u00e6r og vind.<\/p>","protected":false},"excerpt":{"rendered":"<p>Fast and Efficient Repair of Paved Surfaces.\u00a0This cold-mix asphalt is specially designed to allow simple and durable repairs of roads, sidewalks, parking lots, and other surfaces made of asphalt or concrete. It provides an effective solution for filling potholes, cracks, deformations, and holes without requiring complex equipment or professional intervention, ensuring a quick and reliable [&hellip;]<\/p>\n","protected":false},"featured_media":164716,"comment_status":"open","ping_status":"closed","template":"","meta":{"_uag_custom_page_level_css":"","site-sidebar-layout":"default","site-content-layout":"","ast-site-content-layout":"default","site-content-style":"default","site-sidebar-style":"default","ast-global-header-display":"","ast-banner-title-visibility":"","ast-main-header-display":"","ast-hfb-above-header-display":"","ast-hfb-below-header-display":"","ast-hfb-mobile-header-display":"","site-post-title":"","ast-breadcrumbs-content":"","ast-featured-img":"","footer-sml-layout":"","ast-disable-related-posts":"","theme-transparent-header-meta":"default","adv-header-id-meta":"","stick-header-meta":"","header-above-stick-meta":"","header-main-stick-meta":"","header-below-stick-meta":"","astra-migrate-meta-layouts":"set","ast-page-background-enabled":"default","ast-page-background-meta":{"desktop":{"background-color":"var(--ast-global-color-4)","background-image":"","background-repeat":"repeat","background-position":"center center","background-size":"auto","background-attachment":"scroll","background-type":"","background-media":"","overlay-type":"","overlay-color":"","overlay-opacity":"","overlay-gradient":""},"tablet":{"background-color":"","background-image":"","background-repeat":"repeat","background-position":"center center","background-size":"auto","background-attachment":"scroll","background-type":"","background-media":"","overlay-type":"","overlay-color":"","overlay-opacity":"","overlay-gradient":""},"mobile":{"background-color":"","background-image":"","background-repeat":"repeat","background-position":"center center","background-size":"auto","background-attachment":"scroll","background-type":"","background-media":"","overlay-type":"","overlay-color":"","overlay-opacity":"","overlay-gradient":""}},"ast-content-background-meta":{"desktop":{"background-color":"var(--ast-global-color-5)","background-image":"","background-repeat":"repeat","background-position":"center center","background-size":"auto","background-attachment":"scroll","background-type":"","background-media":"","overlay-type":"","overlay-color":"","overlay-opacity":"","overlay-gradient":""},"tablet":{"background-color":"var(--ast-global-color-5)","background-image":"","background-repeat":"repeat","background-position":"center center","background-size":"auto","background-attachment":"scroll","background-type":"","background-media":"","overlay-type":"","overlay-color":"","overlay-opacity":"","overlay-gradient":""},"mobile":{"background-color":"var(--ast-global-color-5)","background-image":"","background-repeat":"repeat","background-position":"center center","background-size":"auto","background-attachment":"scroll","background-type":"","background-media":"","overlay-type":"","overlay-color":"","overlay-opacity":"","overlay-gradient":""}}},"product_brand":[],"product_cat":[176],"product_tag":[],"class_list":{"0":"post-23070","1":"product","2":"type-product","3":"status-publish","4":"has-post-thumbnail","6":"product_cat-concrete-treatment","7":"desktop-align-left","8":"tablet-align-left","9":"mobile-align-left","11":"first","12":"instock","13":"sale","14":"shipping-taxable","15":"purchasable","16":"product-type-variable","17":"has-default-attributes"},"spectra_custom_meta":{"_visibility":["visible"],"_shopify_product_id":["9061096882421"],"_s2w_shopify_domain":["ferberpainting.myshopify.com"],"_shopify_variant_id":["46484510834933"],"_sku":["FPASPHALTCOLDPATCH"],"_manage_stock":["no"],"total_sales":["31"],"_tax_status":["taxable"],"_tax_class":[""],"_backorders":["no"],"_sold_individually":["no"],"_virtual":["no"],"_downloadable":["no"],"_download_limit":["-1"],"_download_expiry":["-1"],"_stock":[null],"_stock_status":["instock"],"_wc_average_rating":["4.57"],"_wc_review_count":["7"],"_product_attributes":["a:1:{s:6:\"volume\";a:6:{s:4:\"name\";s:6:\"Volume\";s:5:\"value\";s:13:\"10 kg | 40 kg\";s:8:\"position\";i:1;s:10:\"is_visible\";i:0;s:12:\"is_variation\";i:1;s:11:\"is_taxonomy\";i:0;}}"],"_product_version":["10.5.2"],"_product_image_gallery":["164717"],"wpse_downloadable_file_names":[""],"wpse_downloadable_file_urls":[""],"_edit_last":["1"],"_default_attributes":["a:1:{s:6:\"volume\";s:5:\"10 kg\";}"],"_edit_lock":["1771951910:1"],"merchant-center-availability":["yes"],"merchant-center-category":["2282"],"_wp_page_template":["default"],"site-sidebar-layout":["default"],"ast-site-content-layout":["default"],"site-content-style":["default"],"site-sidebar-style":["default"],"theme-transparent-header-meta":["default"],"_wc_rating_count":["a:2:{i:4;i:3;i:5;i:4;}"],"_price":["29.90","99.90"],"_thumbnail_id":["164716"],"astra-migrate-meta-layouts":["set"],"_uag_css_file_name":["uag-css-23070.css"],"_elementor_page_assets":["a:0:{}"],"_uag_page_assets":["a:9:{s:3:\"css\";s:6873:\".wp-block-uagb-image{display:flex}.wp-block-uagb-image__figure{position:relative;display:flex;flex-direction:column;max-width:100%;height:auto;margin:0}.wp-block-uagb-image__figure img{height:auto;display:flex;max-width:100%;transition:box-shadow .2s ease}.wp-block-uagb-image__figure>a{display:inline-block}.wp-block-uagb-image__figure figcaption{text-align:center;margin-top:.5em;margin-bottom:1em}.wp-block-uagb-image .components-placeholder.block-editor-media-placeholder .components-placeholder__instructions{align-self:center}.wp-block-uagb-image--align-left{text-align:left}.wp-block-uagb-image--align-right{text-align:right}.wp-block-uagb-image--align-center{text-align:center}.wp-block-uagb-image--align-full .wp-block-uagb-image__figure{margin-left:calc(50% - 50vw);margin-right:calc(50% - 50vw);max-width:100vw;width:100vw;height:auto}.wp-block-uagb-image--align-full .wp-block-uagb-image__figure img{height:auto;width:100% !important}.wp-block-uagb-image--align-wide .wp-block-uagb-image__figure img{height:auto;width:100%}.wp-block-uagb-image--layout-overlay__color-wrapper{position:absolute;left:0;top:0;right:0;bottom:0;opacity:.2;background:rgba(0,0,0,.5);transition:opacity .35s ease-in-out}.wp-block-uagb-image--layout-overlay-link{position:absolute;left:0;right:0;bottom:0;top:0}.wp-block-uagb-image--layout-overlay .wp-block-uagb-image__figure:hover .wp-block-uagb-image--layout-overlay__color-wrapper{opacity:1}.wp-block-uagb-image--layout-overlay__inner{position:absolute;left:15px;right:15px;bottom:15px;top:15px;display:flex;align-items:center;justify-content:center;flex-direction:column;border-color:#fff;transition:.35s ease-in-out}.wp-block-uagb-image--layout-overlay__inner.top-left,.wp-block-uagb-image--layout-overlay__inner.top-center,.wp-block-uagb-image--layout-overlay__inner.top-right{justify-content:flex-start}.wp-block-uagb-image--layout-overlay__inner.bottom-left,.wp-block-uagb-image--layout-overlay__inner.bottom-center,.wp-block-uagb-image--layout-overlay__inner.bottom-right{justify-content:flex-end}.wp-block-uagb-image--layout-overlay__inner.top-left,.wp-block-uagb-image--layout-overlay__inner.center-left,.wp-block-uagb-image--layout-overlay__inner.bottom-left{align-items:flex-start}.wp-block-uagb-image--layout-overlay__inner.top-right,.wp-block-uagb-image--layout-overlay__inner.center-right,.wp-block-uagb-image--layout-overlay__inner.bottom-right{align-items:flex-end}.wp-block-uagb-image--layout-overlay__inner .uagb-image-heading{color:#fff;transition:transform .35s,opacity .35s ease-in-out;transform:translate3d(0, 24px, 0);margin:0;line-height:1em}.wp-block-uagb-image--layout-overlay__inner .uagb-image-separator{width:30%;border-top-width:2px;border-top-color:#fff;border-top-style:solid;margin-bottom:10px;opacity:0;transition:transform .4s,opacity .4s ease-in-out;transform:translate3d(0, 30px, 0)}.wp-block-uagb-image--layout-overlay__inner .uagb-image-caption{opacity:0;overflow:visible;color:#fff;transition:transform .45s,opacity .45s ease-in-out;transform:translate3d(0, 35px, 0)}.wp-block-uagb-image--layout-overlay__inner:hover .uagb-image-heading,.wp-block-uagb-image--layout-overlay__inner:hover .uagb-image-separator,.wp-block-uagb-image--layout-overlay__inner:hover .uagb-image-caption{opacity:1;transform:translate3d(0, 0, 0)}.wp-block-uagb-image--effect-zoomin .wp-block-uagb-image__figure img,.wp-block-uagb-image--effect-zoomin .wp-block-uagb-image__figure .wp-block-uagb-image--layout-overlay__color-wrapper{transform:scale(1);transition:transform .35s ease-in-out}.wp-block-uagb-image--effect-zoomin .wp-block-uagb-image__figure:hover img,.wp-block-uagb-image--effect-zoomin .wp-block-uagb-image__figure:hover .wp-block-uagb-image--layout-overlay__color-wrapper{transform:scale(1.05)}.wp-block-uagb-image--effect-slide .wp-block-uagb-image__figure img,.wp-block-uagb-image--effect-slide .wp-block-uagb-image__figure .wp-block-uagb-image--layout-overlay__color-wrapper{width:calc(100% + 40px) !important;max-width:none !important;transform:translate3d(-40px, 0, 0);transition:transform .35s ease-in-out}.wp-block-uagb-image--effect-slide .wp-block-uagb-image__figure:hover img,.wp-block-uagb-image--effect-slide .wp-block-uagb-image__figure:hover .wp-block-uagb-image--layout-overlay__color-wrapper{transform:translate3d(0, 0, 0)}.wp-block-uagb-image--effect-grayscale img{filter:grayscale(0%);transition:.35s ease-in-out}.wp-block-uagb-image--effect-grayscale:hover img{filter:grayscale(100%)}.wp-block-uagb-image--effect-blur img{filter:blur(0);transition:.35s ease-in-out}.wp-block-uagb-image--effect-blur:hover img{filter:blur(3px)}.uagb-block-e6f939b3.wp-block-uagb-image--layout-default figure img{box-shadow: 0px 0px 0 #00000070;}.uagb-block-e6f939b3.wp-block-uagb-image .wp-block-uagb-image__figure figcaption{font-style: normal;align-self: center;}.uagb-block-e6f939b3.wp-block-uagb-image--layout-overlay figure img{box-shadow: 0px 0px 0 #00000070;}.uagb-block-e6f939b3.wp-block-uagb-image--layout-overlay .wp-block-uagb-image--layout-overlay__color-wrapper{opacity: 0.2;}.uagb-block-e6f939b3.wp-block-uagb-image--layout-overlay .wp-block-uagb-image--layout-overlay__inner{left: 15px;right: 15px;top: 15px;bottom: 15px;}.uagb-block-e6f939b3.wp-block-uagb-image--layout-overlay .wp-block-uagb-image--layout-overlay__inner .uagb-image-heading{font-style: normal;color: #fff;opacity: 1;}.uagb-block-e6f939b3.wp-block-uagb-image--layout-overlay .wp-block-uagb-image--layout-overlay__inner .uagb-image-heading a{color: #fff;}.uagb-block-e6f939b3.wp-block-uagb-image--layout-overlay .wp-block-uagb-image--layout-overlay__inner .uagb-image-caption{opacity: 0;}.uagb-block-e6f939b3.wp-block-uagb-image--layout-overlay .wp-block-uagb-image__figure:hover .wp-block-uagb-image--layout-overlay__color-wrapper{opacity: 1;}.uagb-block-e6f939b3.wp-block-uagb-image .wp-block-uagb-image--layout-overlay__inner .uagb-image-separator{width: 30%;border-top-width: 2px;border-top-color: #fff;opacity: 0;}.uagb-block-e6f939b3.wp-block-uagb-image .wp-block-uagb-image__figure img{width: px;height: auto;}.uagb-block-e6f939b3.wp-block-uagb-image .wp-block-uagb-image__figure:hover .wp-block-uagb-image--layout-overlay__inner .uagb-image-caption{opacity: 1;}.uagb-block-e6f939b3.wp-block-uagb-image .wp-block-uagb-image__figure:hover .wp-block-uagb-image--layout-overlay__inner .uagb-image-separator{opacity: 1;}.uagb-block-e6f939b3.wp-block-uagb-image--layout-default figure:hover img{box-shadow: 0px 0px 0 #00000070;}.uagb-block-e6f939b3.wp-block-uagb-image--layout-overlay figure:hover img{box-shadow: 0px 0px 0 #00000070;}@media only screen and (max-width: 976px) {.uagb-block-e6f939b3.wp-block-uagb-image .wp-block-uagb-image__figure img{width: px;height: auto;}}@media only screen and (max-width: 767px) {.uagb-block-e6f939b3.wp-block-uagb-image .wp-block-uagb-image__figure img{width: px;height: auto;}}\";s:2:\"js\";s:0:\"\";s:18:\"current_block_list\";a:13:{i:0;s:11:\"core\/search\";i:1;s:10:\"core\/group\";i:2;s:12:\"core\/heading\";i:3;s:17:\"core\/latest-posts\";i:4;s:20:\"core\/latest-comments\";i:5;s:13:\"core\/archives\";i:6;s:15:\"core\/categories\";i:7;s:14:\"core\/paragraph\";i:8;s:10:\"uagb\/image\";i:9;s:11:\"core\/spacer\";i:10;s:30:\"woocommerce\/product-categories\";i:11;s:10:\"core\/image\";i:12;s:14:\"core\/shortcode\";}s:8:\"uag_flag\";b:1;s:11:\"uag_version\";s:10:\"1777106702\";s:6:\"gfonts\";a:0:{}s:10:\"gfonts_url\";s:0:\"\";s:12:\"gfonts_files\";a:0:{}s:14:\"uag_faq_layout\";b:0;}"]},"uagb_featured_image_src":{"full":["https:\/\/www.ferberpainting.com\/wp-content\/uploads\/2025\/05\/Asphalt-Cold-Patch-10-KG-Mockups.png",2560,2560,false],"thumbnail":["https:\/\/www.ferberpainting.com\/wp-content\/uploads\/2025\/05\/Asphalt-Cold-Patch-10-KG-Mockups-150x150.png",150,150,true],"medium":["https:\/\/www.ferberpainting.com\/wp-content\/uploads\/2025\/05\/Asphalt-Cold-Patch-10-KG-Mockups-300x300.png",300,300,true],"medium_large":["https:\/\/www.ferberpainting.com\/wp-content\/uploads\/2025\/05\/Asphalt-Cold-Patch-10-KG-Mockups-768x768.png",768,768,true],"large":["https:\/\/www.ferberpainting.com\/wp-content\/uploads\/2025\/05\/Asphalt-Cold-Patch-10-KG-Mockups-1024x1024.png",1024,1024,true],"1536x1536":["https:\/\/www.ferberpainting.com\/wp-content\/uploads\/2025\/05\/Asphalt-Cold-Patch-10-KG-Mockups-1536x1536.png",1536,1536,true],"2048x2048":["https:\/\/www.ferberpainting.com\/wp-content\/uploads\/2025\/05\/Asphalt-Cold-Patch-10-KG-Mockups-2048x2048.png",2048,2048,true],"trp-custom-language-flag":["https:\/\/www.ferberpainting.com\/wp-content\/uploads\/2025\/05\/Asphalt-Cold-Patch-10-KG-Mockups-12x12.png",12,12,true],"woocommerce_thumbnail":["https:\/\/www.ferberpainting.com\/wp-content\/uploads\/2025\/05\/Asphalt-Cold-Patch-10-KG-Mockups-300x300.png",300,300,true],"woocommerce_single":["https:\/\/www.ferberpainting.com\/wp-content\/uploads\/2025\/05\/Asphalt-Cold-Patch-10-KG-Mockups-600x600.png",600,600,true],"woocommerce_gallery_thumbnail":["https:\/\/www.ferberpainting.com\/wp-content\/uploads\/2025\/05\/Asphalt-Cold-Patch-10-KG-Mockups-100x100.png",100,100,true]},"uagb_author_info":{"display_name":"admin","author_link":"https:\/\/www.ferberpainting.com\/no\/author\/"},"uagb_comment_info":7,"uagb_excerpt":"Fast and Efficient Repair of Paved Surfaces.\u00a0This cold-mix asphalt is specially designed to allow simple and durable repairs of roads, sidewalks, parking lots, and other surfaces made of asphalt or concrete. It provides an effective solution for filling potholes, cracks, deformations, and holes without requiring complex equipment or professional intervention, ensuring a quick and reliable&hellip;","_links":{"self":[{"href":"https:\/\/www.ferberpainting.com\/no\/wp-json\/wp\/v2\/product\/23070","targetHints":{"allow":["GET"]}}],"collection":[{"href":"https:\/\/www.ferberpainting.com\/no\/wp-json\/wp\/v2\/product"}],"about":[{"href":"https:\/\/www.ferberpainting.com\/no\/wp-json\/wp\/v2\/types\/product"}],"replies":[{"embeddable":true,"href":"https:\/\/www.ferberpainting.com\/no\/wp-json\/wp\/v2\/comments?post=23070"}],"version-history":[{"count":6,"href":"https:\/\/www.ferberpainting.com\/no\/wp-json\/wp\/v2\/product\/23070\/revisions"}],"predecessor-version":[{"id":166027,"href":"https:\/\/www.ferberpainting.com\/no\/wp-json\/wp\/v2\/product\/23070\/revisions\/166027"}],"wp:featuredmedia":[{"embeddable":true,"href":"https:\/\/www.ferberpainting.com\/no\/wp-json\/wp\/v2\/media\/164716"}],"wp:attachment":[{"href":"https:\/\/www.ferberpainting.com\/no\/wp-json\/wp\/v2\/media?parent=23070"}],"wp:term":[{"taxonomy":"product_brand","embeddable":true,"href":"https:\/\/www.ferberpainting.com\/no\/wp-json\/wp\/v2\/product_brand?post=23070"},{"taxonomy":"product_cat","embeddable":true,"href":"https:\/\/www.ferberpainting.com\/no\/wp-json\/wp\/v2\/product_cat?post=23070"},{"taxonomy":"product_tag","embeddable":true,"href":"https:\/\/www.ferberpainting.com\/no\/wp-json\/wp\/v2\/product_tag?post=23070"}],"curies":[{"name":"wp","href":"https:\/\/api.w.org\/{rel}","templated":true}]}}