{"id":23052,"date":"2025-05-26T10:22:23","date_gmt":"2025-05-26T08:22:23","guid":{"rendered":"https:\/\/www.ferberpainting.com\/products\/amaryllis-fertilizer\/"},"modified":"2026-02-24T18:44:07","modified_gmt":"2026-02-24T17:44:07","slug":"amaryllis-fertilizer","status":"publish","type":"product","link":"https:\/\/www.ferberpainting.com\/no\/products\/amaryllis-fertilizer\/","title":{"rendered":"Amaryllisgj\u00f8dsel"},"content":{"rendered":"<p><img decoding=\"async\" style=\"margin-right: 12px;\" src=\"https:\/\/www.ferberpainting.com\/wp-content\/uploads\/2026\/02\/Check.svg\" alt=\"\" width=\"18\" height=\"15\" \/><strong>En balansert gj\u00f8dsel for spektakul\u00e6r blomstring.<\/strong>\u00a0Denne amaryllisgj\u00f8dselen er spesielt utviklet for \u00e5 stimulere veksten og blomstringen til denne majestetiske planten. Takket v\u00e6re NPK 15-15-15-formuleringen gir den en perfekt balanse mellom nitrogen (N), som fremmer tett og robust l\u00f8vverk, fosfor (P), som stimulerer rot- og l\u00f8kutvikling, og kalium (K), som styrker blomstringen og motstandsdyktigheten mot sykdommer. Det sikrer dermed livlige blomster i store st\u00f8rrelser og intense farger.<\/p>\n<p><img decoding=\"async\" style=\"margin-right: 12px;\" src=\"https:\/\/www.ferberpainting.com\/wp-content\/uploads\/2026\/02\/Check.svg\" alt=\"\" width=\"18\" height=\"15\" \/><strong>Pengene tilbake-garanti.<\/strong>\u00a0Vi har full tillit til effektiviteten til amaryllisgj\u00f8dselen v\u00e5r. Derfor tilbyr vi en pengene-tilbake-garanti. Hvis du, etter \u00e5 ha brukt den i henhold til anbefalingene, ikke ser en betydelig forbedring i veksten og blomstringen av plantene dine, forplikter vi oss til \u00e5 refundere deg ubetinget, noe som sikrer et helt bekymringsfritt kj\u00f8p.<\/p>\n<p><img decoding=\"async\" style=\"margin-right: 12px;\" src=\"https:\/\/www.ferberpainting.com\/wp-content\/uploads\/2026\/02\/Check.svg\" alt=\"\" width=\"18\" height=\"15\" \/><strong>Passer til alle amaryllissorter og innend\u00f8rs- og utend\u00f8rslamper.<\/strong>\u00a0Denne gj\u00f8dselen er egnet for r\u00f8de, rosa, hvite og tofargede amaryllis, samt andre p\u00e6rer fra samme familie, for eksempel hippeastrums. Den er ideell for amaryllis dyrket i potter innend\u00f8rs s\u00e5 vel som i \u00e5pen jord i hager, og sikrer optimal ern\u00e6ring for hver dyrkingsmetode.<\/p>\n<p><img decoding=\"async\" style=\"margin-right: 12px;\" src=\"https:\/\/www.ferberpainting.com\/wp-content\/uploads\/2026\/02\/Check.svg\" alt=\"\" width=\"18\" height=\"15\" \/><strong>Optimalisert \u00f8konomisk effektivitet takket v\u00e6re konsentrasjonen.<\/strong>\u00a0Takket v\u00e6re den konsentrerte v\u00e6skeformuleringen kan en 5-liters beholder tilberede opptil 1000 liter gj\u00f8dsell\u00f8sning, noe som sikrer langvarig og kostnadseffektiv gj\u00f8dsling. Med en dosering p\u00e5 5 ml per liter vann gir dette produktet rask n\u00e6ringsabsorpsjon og optimalisert bruk, samtidig som avfallet begrenses.<\/p>\n<p><img decoding=\"async\" style=\"margin-right: 12px;\" src=\"https:\/\/www.ferberpainting.com\/wp-content\/uploads\/2026\/02\/Check.svg\" alt=\"\" width=\"18\" height=\"15\" \/><strong>Et trygt og giftfritt gj\u00f8dselmiddel for innend\u00f8rs og utend\u00f8rs bruk.<\/strong>\u00a0Denne gj\u00f8dselen er formulert uten sterke kjemikalier og avgir ingen giftige gasser, noe som gj\u00f8r den ideell for innend\u00f8rs bruk. Den endrer ikke luftkvaliteten og er trygg for kj\u00e6ledyr n\u00e5r den brukes i henhold til anbefalingene. Den sk\u00e5nsomme virkningen respekterer den biologiske balansen i jorden og fremmer et sunt milj\u00f8 for plantene dine.<\/p>\n<p><img decoding=\"async\" style=\"margin-right: 12px;\" src=\"https:\/\/www.ferberpainting.com\/wp-content\/uploads\/2026\/02\/Check.svg\" alt=\"\" width=\"18\" height=\"15\" \/><strong>Enkel p\u00e5f\u00f8ring for forenklet vedlikehold.<\/strong>\u00a0Denne flytende gj\u00f8dselen fortynnes direkte i vanningsvannet, noe som sikrer en homogen og effektiv gj\u00f8dsling med minimal innsats. Den kan ogs\u00e5 p\u00e5f\u00f8res direkte p\u00e5 bunnen av planten eller gjennom bladspr\u00f8yting, slik at n\u00e6ringsstoffene raskt tas opp av blader og r\u00f8tter.<\/p>\n<p><img decoding=\"async\" style=\"margin-right: 12px;\" src=\"https:\/\/www.ferberpainting.com\/wp-content\/uploads\/2026\/02\/Check.svg\" alt=\"\" width=\"18\" height=\"15\" \/><strong>Langvarig virkning for optimal vekst og blomstring.<\/strong>\u00a0Takket v\u00e6re den gradvise frigj\u00f8ringen av n\u00e6ringsstoffer gir denne gj\u00f8dselen n\u00e6ring til amaryllisl\u00f8ken over tid uten \u00e5 for\u00e5rsake overdreven bladvekst. Det fremmer en rikere og mer langvarig blomstring, med st\u00f8rre og mer spenstige blomster.<\/p>\n<p><img decoding=\"async\" style=\"margin-right: 12px;\" src=\"https:\/\/www.ferberpainting.com\/wp-content\/uploads\/2026\/02\/Check.svg\" alt=\"\" width=\"18\" height=\"15\" \/><strong>Synlige resultater fra de f\u00f8rste ukene etter p\u00e5f\u00f8ring.<\/strong>\u00a0Fra de f\u00f8rste ukene av bruk stimulerer denne gj\u00f8dselen bladveksten, forbedrer blomsterfargen og sikrer bedre st\u00f8tte til blomsterstenglene. Den hjelper ogs\u00e5 planten med \u00e5 forberede seg p\u00e5 en ny blomstringssyklus \u00e5ret etter ved \u00e5 styrke p\u00e6ren etter blomstring, noe som sikrer kontinuerlige og spektakul\u00e6re blomstringssykluser.<\/p>\n<h2><strong>Protokoll for bruk<\/strong><\/h2>\n<ul>\n<li><strong>Fortynning av gj\u00f8dsel <\/strong>: Bland 5 ml gj\u00f8dsel per 1 liter vann. Rist l\u00f8sningen godt f\u00f8r hver p\u00e5f\u00f8ring for \u00e5 sikre en jevn fordeling av n\u00e6ringsstoffene.<\/li>\n<li><strong>P\u00e5f\u00f8ringsmetode <\/strong>:\n<ul>\n<li><strong>Ved \u00e5 vanne <\/strong>: Hell den fortynnede l\u00f8sningen direkte p\u00e5 bunnen av planten, og s\u00f8rg for at substratet fuktes jevnt uten overfl\u00f8dig vann for \u00e5 forhindre fuktakkumulering rundt p\u00e6ren.<\/li>\n<li><strong>Ved spr\u00f8yting av blad <\/strong>: Spr\u00f8yt l\u00f8sningen lett p\u00e5 bladene, helst tidlig om morgenen eller sent p\u00e5 dagen for \u00e5 forhindre rask fordampning.<\/li>\n<\/ul>\n<\/li>\n<li><strong>Hyppighet av bruk <\/strong>: P\u00e5f\u00f8r gj\u00f8dsel hver 15. dag i vekst- og blomstringsperioden (v\u00e5r-sommer) og en gang i m\u00e5neden etter blomstring for \u00e5 styrke p\u00e6ren f\u00f8r den g\u00e5r i dvale (h\u00f8st-vinter).<\/li>\n<li><strong>Ekstra vanning <\/strong>: Etter hver gj\u00f8dsling, vent 48 timer f\u00f8r du vanner igjen for \u00e5 optimalisere n\u00e6ringsopptaket av planten.<\/li>\n<li><strong>Forholdsregler for bruk <\/strong>: Ikke overdosere gj\u00f8dsel for \u00e5 unng\u00e5 overdreven opphopning av mineralsalter i jorden, noe som kan p\u00e5virke rotutviklingen. P\u00e5f\u00f8r alltid p\u00e5 et litt fuktig underlag for bedre assimilering.<\/li>\n<li><strong>Oppbevaring og konservering <\/strong>: Oppbevar gj\u00f8dselet p\u00e5 et t\u00f8rt, temperert sted, borte fra lys og fuktighet. Lukk beholderen tett etter hver bruk for \u00e5 opprettholde produktets effektivitet og forhindre fordampning.<\/li>\n<\/ul>\n<p>Med denne amaryllisgj\u00f8dselen gir du plantene dine komplett og balansert n\u00e6ring, noe som fremmer kraftig vekst, intens blomstring og \u00f8kt motstandskraft mot sykdommer og klimatiske variasjoner. Det er den ideelle l\u00f8sningen for spektakul\u00e6re amaryllis med str\u00e5lende og langvarige blomster, \u00e5r etter \u00e5r.<\/p>\n<p>&nbsp;<\/p>\n<p>&nbsp;<\/p>","protected":false},"excerpt":{"rendered":"<p>A balanced fertilizer for spectacular blooming.\u00a0This amaryllis fertilizer is specially designed to stimulate the growth and blooming of this majestic plant. Thanks to its NPK 15-15-15 formulation, it provides a perfect balance between nitrogen (N), which promotes dense and robust foliage, phosphorus (P), which stimulates root and bulb development, and potassium (K), which strengthens blooming [&hellip;]<\/p>\n","protected":false},"featured_media":23695,"comment_status":"open","ping_status":"closed","template":"","meta":{"_uag_custom_page_level_css":"","site-sidebar-layout":"default","site-content-layout":"","ast-site-content-layout":"default","site-content-style":"default","site-sidebar-style":"default","ast-global-header-display":"","ast-banner-title-visibility":"","ast-main-header-display":"","ast-hfb-above-header-display":"","ast-hfb-below-header-display":"","ast-hfb-mobile-header-display":"","site-post-title":"","ast-breadcrumbs-content":"","ast-featured-img":"","footer-sml-layout":"","ast-disable-related-posts":"","theme-transparent-header-meta":"default","adv-header-id-meta":"","stick-header-meta":"","header-above-stick-meta":"","header-main-stick-meta":"","header-below-stick-meta":"","astra-migrate-meta-layouts":"set","ast-page-background-enabled":"default","ast-page-background-meta":{"desktop":{"background-color":"var(--ast-global-color-4)","background-image":"","background-repeat":"repeat","background-position":"center center","background-size":"auto","background-attachment":"scroll","background-type":"","background-media":"","overlay-type":"","overlay-color":"","overlay-opacity":"","overlay-gradient":""},"tablet":{"background-color":"","background-image":"","background-repeat":"repeat","background-position":"center center","background-size":"auto","background-attachment":"scroll","background-type":"","background-media":"","overlay-type":"","overlay-color":"","overlay-opacity":"","overlay-gradient":""},"mobile":{"background-color":"","background-image":"","background-repeat":"repeat","background-position":"center center","background-size":"auto","background-attachment":"scroll","background-type":"","background-media":"","overlay-type":"","overlay-color":"","overlay-opacity":"","overlay-gradient":""}},"ast-content-background-meta":{"desktop":{"background-color":"var(--ast-global-color-5)","background-image":"","background-repeat":"repeat","background-position":"center center","background-size":"auto","background-attachment":"scroll","background-type":"","background-media":"","overlay-type":"","overlay-color":"","overlay-opacity":"","overlay-gradient":""},"tablet":{"background-color":"var(--ast-global-color-5)","background-image":"","background-repeat":"repeat","background-position":"center center","background-size":"auto","background-attachment":"scroll","background-type":"","background-media":"","overlay-type":"","overlay-color":"","overlay-opacity":"","overlay-gradient":""},"mobile":{"background-color":"var(--ast-global-color-5)","background-image":"","background-repeat":"repeat","background-position":"center center","background-size":"auto","background-attachment":"scroll","background-type":"","background-media":"","overlay-type":"","overlay-color":"","overlay-opacity":"","overlay-gradient":""}}},"product_brand":[],"product_cat":[178],"product_tag":[],"class_list":{"0":"post-23052","1":"product","2":"type-product","3":"status-publish","4":"has-post-thumbnail","6":"product_cat-fertilizers","7":"desktop-align-left","8":"tablet-align-left","9":"mobile-align-left","11":"first","12":"instock","13":"sale","14":"shipping-taxable","15":"purchasable","16":"product-type-variable","17":"has-default-attributes"},"spectra_custom_meta":{"_visibility":["visible"],"_shopify_product_id":["9062550601973"],"_s2w_shopify_domain":["ferberpainting.myshopify.com"],"_shopify_variant_id":["46489551732981"],"_sku":["FPAMARYLLISFERTILIZER"],"_manage_stock":["no"],"total_sales":["6"],"_tax_status":["taxable"],"_tax_class":[""],"_backorders":["no"],"_sold_individually":["no"],"_virtual":["no"],"_downloadable":["no"],"_download_limit":["-1"],"_download_expiry":["-1"],"_stock":[null],"_stock_status":["instock"],"_wc_average_rating":["4.93"],"_wc_review_count":["15"],"_product_attributes":["a:1:{s:6:\"volume\";a:6:{s:4:\"name\";s:6:\"Volume\";s:5:\"value\";s:20:\"5 liters | 25 liters\";s:8:\"position\";i:0;s:10:\"is_visible\";i:0;s:12:\"is_variation\";i:1;s:11:\"is_taxonomy\";i:0;}}"],"_product_version":["10.5.2"],"_thumbnail_id":["23695"],"_product_image_gallery":["23767"],"wpse_downloadable_file_names":[""],"wpse_downloadable_file_urls":[""],"_edit_last":["1"],"_default_attributes":["a:1:{s:6:\"volume\";s:8:\"5 liters\";}"],"_wc_rating_count":["a:2:{i:4;i:1;i:5;i:14;}"],"_edit_lock":["1771954907:1"],"_price":["29.90","129.90"],"merchant-center-availability":["yes"],"merchant-center-category":["113"],"_wp_page_template":["default"],"site-sidebar-layout":["default"],"ast-site-content-layout":["default"],"site-content-style":["default"],"site-sidebar-style":["default"],"theme-transparent-header-meta":["default"],"astra-migrate-meta-layouts":["set"],"_uag_css_file_name":["uag-css-23052.css"],"_elementor_page_assets":["a:0:{}"],"_uag_page_assets":["a:9:{s:3:\"css\";s:6873:\".wp-block-uagb-image{display:flex}.wp-block-uagb-image__figure{position:relative;display:flex;flex-direction:column;max-width:100%;height:auto;margin:0}.wp-block-uagb-image__figure img{height:auto;display:flex;max-width:100%;transition:box-shadow .2s ease}.wp-block-uagb-image__figure>a{display:inline-block}.wp-block-uagb-image__figure figcaption{text-align:center;margin-top:.5em;margin-bottom:1em}.wp-block-uagb-image .components-placeholder.block-editor-media-placeholder .components-placeholder__instructions{align-self:center}.wp-block-uagb-image--align-left{text-align:left}.wp-block-uagb-image--align-right{text-align:right}.wp-block-uagb-image--align-center{text-align:center}.wp-block-uagb-image--align-full .wp-block-uagb-image__figure{margin-left:calc(50% - 50vw);margin-right:calc(50% - 50vw);max-width:100vw;width:100vw;height:auto}.wp-block-uagb-image--align-full .wp-block-uagb-image__figure img{height:auto;width:100% !important}.wp-block-uagb-image--align-wide .wp-block-uagb-image__figure img{height:auto;width:100%}.wp-block-uagb-image--layout-overlay__color-wrapper{position:absolute;left:0;top:0;right:0;bottom:0;opacity:.2;background:rgba(0,0,0,.5);transition:opacity .35s ease-in-out}.wp-block-uagb-image--layout-overlay-link{position:absolute;left:0;right:0;bottom:0;top:0}.wp-block-uagb-image--layout-overlay .wp-block-uagb-image__figure:hover .wp-block-uagb-image--layout-overlay__color-wrapper{opacity:1}.wp-block-uagb-image--layout-overlay__inner{position:absolute;left:15px;right:15px;bottom:15px;top:15px;display:flex;align-items:center;justify-content:center;flex-direction:column;border-color:#fff;transition:.35s ease-in-out}.wp-block-uagb-image--layout-overlay__inner.top-left,.wp-block-uagb-image--layout-overlay__inner.top-center,.wp-block-uagb-image--layout-overlay__inner.top-right{justify-content:flex-start}.wp-block-uagb-image--layout-overlay__inner.bottom-left,.wp-block-uagb-image--layout-overlay__inner.bottom-center,.wp-block-uagb-image--layout-overlay__inner.bottom-right{justify-content:flex-end}.wp-block-uagb-image--layout-overlay__inner.top-left,.wp-block-uagb-image--layout-overlay__inner.center-left,.wp-block-uagb-image--layout-overlay__inner.bottom-left{align-items:flex-start}.wp-block-uagb-image--layout-overlay__inner.top-right,.wp-block-uagb-image--layout-overlay__inner.center-right,.wp-block-uagb-image--layout-overlay__inner.bottom-right{align-items:flex-end}.wp-block-uagb-image--layout-overlay__inner .uagb-image-heading{color:#fff;transition:transform .35s,opacity .35s ease-in-out;transform:translate3d(0, 24px, 0);margin:0;line-height:1em}.wp-block-uagb-image--layout-overlay__inner .uagb-image-separator{width:30%;border-top-width:2px;border-top-color:#fff;border-top-style:solid;margin-bottom:10px;opacity:0;transition:transform .4s,opacity .4s ease-in-out;transform:translate3d(0, 30px, 0)}.wp-block-uagb-image--layout-overlay__inner .uagb-image-caption{opacity:0;overflow:visible;color:#fff;transition:transform .45s,opacity .45s ease-in-out;transform:translate3d(0, 35px, 0)}.wp-block-uagb-image--layout-overlay__inner:hover .uagb-image-heading,.wp-block-uagb-image--layout-overlay__inner:hover .uagb-image-separator,.wp-block-uagb-image--layout-overlay__inner:hover .uagb-image-caption{opacity:1;transform:translate3d(0, 0, 0)}.wp-block-uagb-image--effect-zoomin .wp-block-uagb-image__figure img,.wp-block-uagb-image--effect-zoomin .wp-block-uagb-image__figure .wp-block-uagb-image--layout-overlay__color-wrapper{transform:scale(1);transition:transform .35s ease-in-out}.wp-block-uagb-image--effect-zoomin .wp-block-uagb-image__figure:hover img,.wp-block-uagb-image--effect-zoomin .wp-block-uagb-image__figure:hover .wp-block-uagb-image--layout-overlay__color-wrapper{transform:scale(1.05)}.wp-block-uagb-image--effect-slide .wp-block-uagb-image__figure img,.wp-block-uagb-image--effect-slide .wp-block-uagb-image__figure .wp-block-uagb-image--layout-overlay__color-wrapper{width:calc(100% + 40px) !important;max-width:none !important;transform:translate3d(-40px, 0, 0);transition:transform .35s ease-in-out}.wp-block-uagb-image--effect-slide .wp-block-uagb-image__figure:hover img,.wp-block-uagb-image--effect-slide .wp-block-uagb-image__figure:hover .wp-block-uagb-image--layout-overlay__color-wrapper{transform:translate3d(0, 0, 0)}.wp-block-uagb-image--effect-grayscale img{filter:grayscale(0%);transition:.35s ease-in-out}.wp-block-uagb-image--effect-grayscale:hover img{filter:grayscale(100%)}.wp-block-uagb-image--effect-blur img{filter:blur(0);transition:.35s ease-in-out}.wp-block-uagb-image--effect-blur:hover img{filter:blur(3px)}.uagb-block-e6f939b3.wp-block-uagb-image--layout-default figure img{box-shadow: 0px 0px 0 #00000070;}.uagb-block-e6f939b3.wp-block-uagb-image .wp-block-uagb-image__figure figcaption{font-style: normal;align-self: center;}.uagb-block-e6f939b3.wp-block-uagb-image--layout-overlay figure img{box-shadow: 0px 0px 0 #00000070;}.uagb-block-e6f939b3.wp-block-uagb-image--layout-overlay .wp-block-uagb-image--layout-overlay__color-wrapper{opacity: 0.2;}.uagb-block-e6f939b3.wp-block-uagb-image--layout-overlay .wp-block-uagb-image--layout-overlay__inner{left: 15px;right: 15px;top: 15px;bottom: 15px;}.uagb-block-e6f939b3.wp-block-uagb-image--layout-overlay .wp-block-uagb-image--layout-overlay__inner .uagb-image-heading{font-style: normal;color: #fff;opacity: 1;}.uagb-block-e6f939b3.wp-block-uagb-image--layout-overlay .wp-block-uagb-image--layout-overlay__inner .uagb-image-heading a{color: #fff;}.uagb-block-e6f939b3.wp-block-uagb-image--layout-overlay .wp-block-uagb-image--layout-overlay__inner .uagb-image-caption{opacity: 0;}.uagb-block-e6f939b3.wp-block-uagb-image--layout-overlay .wp-block-uagb-image__figure:hover .wp-block-uagb-image--layout-overlay__color-wrapper{opacity: 1;}.uagb-block-e6f939b3.wp-block-uagb-image .wp-block-uagb-image--layout-overlay__inner .uagb-image-separator{width: 30%;border-top-width: 2px;border-top-color: #fff;opacity: 0;}.uagb-block-e6f939b3.wp-block-uagb-image .wp-block-uagb-image__figure img{width: px;height: auto;}.uagb-block-e6f939b3.wp-block-uagb-image .wp-block-uagb-image__figure:hover .wp-block-uagb-image--layout-overlay__inner .uagb-image-caption{opacity: 1;}.uagb-block-e6f939b3.wp-block-uagb-image .wp-block-uagb-image__figure:hover .wp-block-uagb-image--layout-overlay__inner .uagb-image-separator{opacity: 1;}.uagb-block-e6f939b3.wp-block-uagb-image--layout-default figure:hover img{box-shadow: 0px 0px 0 #00000070;}.uagb-block-e6f939b3.wp-block-uagb-image--layout-overlay figure:hover img{box-shadow: 0px 0px 0 #00000070;}@media only screen and (max-width: 976px) {.uagb-block-e6f939b3.wp-block-uagb-image .wp-block-uagb-image__figure img{width: px;height: auto;}}@media only screen and (max-width: 767px) {.uagb-block-e6f939b3.wp-block-uagb-image .wp-block-uagb-image__figure img{width: px;height: auto;}}\";s:2:\"js\";s:0:\"\";s:18:\"current_block_list\";a:13:{i:0;s:11:\"core\/search\";i:1;s:10:\"core\/group\";i:2;s:12:\"core\/heading\";i:3;s:17:\"core\/latest-posts\";i:4;s:20:\"core\/latest-comments\";i:5;s:13:\"core\/archives\";i:6;s:15:\"core\/categories\";i:7;s:14:\"core\/paragraph\";i:8;s:10:\"uagb\/image\";i:9;s:11:\"core\/spacer\";i:10;s:30:\"woocommerce\/product-categories\";i:11;s:10:\"core\/image\";i:12;s:14:\"core\/shortcode\";}s:8:\"uag_flag\";b:1;s:11:\"uag_version\";s:10:\"1777180575\";s:6:\"gfonts\";a:0:{}s:10:\"gfonts_url\";s:0:\"\";s:12:\"gfonts_files\";a:0:{}s:14:\"uag_faq_layout\";b:0;}"]},"uagb_featured_image_src":{"full":["https:\/\/www.ferberpainting.com\/wp-content\/uploads\/2025\/05\/AmaryllisFertilizer5L.png",2560,2560,false],"thumbnail":["https:\/\/www.ferberpainting.com\/wp-content\/uploads\/2025\/05\/AmaryllisFertilizer5L-150x150.png",150,150,true],"medium":["https:\/\/www.ferberpainting.com\/wp-content\/uploads\/2025\/05\/AmaryllisFertilizer5L-300x300.png",300,300,true],"medium_large":["https:\/\/www.ferberpainting.com\/wp-content\/uploads\/2025\/05\/AmaryllisFertilizer5L-768x768.png",768,768,true],"large":["https:\/\/www.ferberpainting.com\/wp-content\/uploads\/2025\/05\/AmaryllisFertilizer5L-1024x1024.png",1024,1024,true],"1536x1536":["https:\/\/www.ferberpainting.com\/wp-content\/uploads\/2025\/05\/AmaryllisFertilizer5L-1536x1536.png",1536,1536,true],"2048x2048":["https:\/\/www.ferberpainting.com\/wp-content\/uploads\/2025\/05\/AmaryllisFertilizer5L-2048x2048.png",2048,2048,true],"trp-custom-language-flag":["https:\/\/www.ferberpainting.com\/wp-content\/uploads\/2025\/05\/AmaryllisFertilizer5L-12x12.png",12,12,true],"woocommerce_thumbnail":["https:\/\/www.ferberpainting.com\/wp-content\/uploads\/2025\/05\/AmaryllisFertilizer5L-300x300.png",300,300,true],"woocommerce_single":["https:\/\/www.ferberpainting.com\/wp-content\/uploads\/2025\/05\/AmaryllisFertilizer5L-600x600.png",600,600,true],"woocommerce_gallery_thumbnail":["https:\/\/www.ferberpainting.com\/wp-content\/uploads\/2025\/05\/AmaryllisFertilizer5L-100x100.png",100,100,true]},"uagb_author_info":{"display_name":"admin","author_link":"https:\/\/www.ferberpainting.com\/no\/author\/"},"uagb_comment_info":15,"uagb_excerpt":"A balanced fertilizer for spectacular blooming.\u00a0This amaryllis fertilizer is specially designed to stimulate the growth and blooming of this majestic plant. Thanks to its NPK 15-15-15 formulation, it provides a perfect balance between nitrogen (N), which promotes dense and robust foliage, phosphorus (P), which stimulates root and bulb development, and potassium (K), which strengthens blooming&hellip;","_links":{"self":[{"href":"https:\/\/www.ferberpainting.com\/no\/wp-json\/wp\/v2\/product\/23052","targetHints":{"allow":["GET"]}}],"collection":[{"href":"https:\/\/www.ferberpainting.com\/no\/wp-json\/wp\/v2\/product"}],"about":[{"href":"https:\/\/www.ferberpainting.com\/no\/wp-json\/wp\/v2\/types\/product"}],"replies":[{"embeddable":true,"href":"https:\/\/www.ferberpainting.com\/no\/wp-json\/wp\/v2\/comments?post=23052"}],"version-history":[{"count":9,"href":"https:\/\/www.ferberpainting.com\/no\/wp-json\/wp\/v2\/product\/23052\/revisions"}],"predecessor-version":[{"id":166016,"href":"https:\/\/www.ferberpainting.com\/no\/wp-json\/wp\/v2\/product\/23052\/revisions\/166016"}],"wp:featuredmedia":[{"embeddable":true,"href":"https:\/\/www.ferberpainting.com\/no\/wp-json\/wp\/v2\/media\/23695"}],"wp:attachment":[{"href":"https:\/\/www.ferberpainting.com\/no\/wp-json\/wp\/v2\/media?parent=23052"}],"wp:term":[{"taxonomy":"product_brand","embeddable":true,"href":"https:\/\/www.ferberpainting.com\/no\/wp-json\/wp\/v2\/product_brand?post=23052"},{"taxonomy":"product_cat","embeddable":true,"href":"https:\/\/www.ferberpainting.com\/no\/wp-json\/wp\/v2\/product_cat?post=23052"},{"taxonomy":"product_tag","embeddable":true,"href":"https:\/\/www.ferberpainting.com\/no\/wp-json\/wp\/v2\/product_tag?post=23052"}],"curies":[{"name":"wp","href":"https:\/\/api.w.org\/{rel}","templated":true}]}}