{"id":36666,"date":"2025-07-01T21:01:20","date_gmt":"2025-07-01T19:01:20","guid":{"rendered":"https:\/\/www.ferberpainting.com\/?post_type=product&#038;p=36666"},"modified":"2026-02-15T13:50:12","modified_gmt":"2026-02-15T12:50:12","slug":"dishwasher-cleaner","status":"publish","type":"product","link":"https:\/\/www.ferberpainting.com\/lv\/products\/dishwasher-cleaner\/","title":{"rendered":"T\u012br\u012b\u0161anas l\u012bdzeklis trauku ma\u0161\u012bnai"},"content":{"rendered":"<p><strong><img decoding=\"async\" style=\"margin-right: 12px;\" src=\"https:\/\/www.ferberpainting.com\/wp-content\/uploads\/2026\/02\/Check.svg\" alt=\"\" width=\"18\" height=\"15\" \/>Optim\u0101la efektivit\u0101te.<\/strong>\u00a0\u0160is trauku mazg\u0101jam\u0101s ma\u0161\u012bnas t\u012br\u012b\u0161anas l\u012bdzeklis ir izstr\u0101d\u0101ts, lai efekt\u012bvi likvid\u0113tu tauku paliekas, ka\u013c\u0137akmens nogulsnes, nepat\u012bkamas smakas un \u0113diena paliekas, kas laika gait\u0101 uzkr\u0101jas ma\u0161\u012bn\u0101. Pateicoties sp\u0113c\u012bgajai formulai, tas iek\u013c\u016bst dzi\u013ci, lai izt\u012br\u012btu un dezinfic\u0113tu katru trauku mazg\u0101jam\u0101s ma\u0161\u012bnas st\u016bri, tostarp filtrus, smidzin\u0101t\u0101jus, iek\u0161\u0113j\u0101s sienas un notekcaurules. Tas garant\u0113 nevainojamu t\u012br\u012bbu un optim\u0101lu higi\u0113nu, \u013caujot j\u016bsu ier\u012bcei darboties efekt\u012bvi, vienlaikus pagarinot t\u0101s kalpo\u0161anas laiku.<\/p>\n<p><strong><img decoding=\"async\" style=\"margin-right: 12px;\" src=\"https:\/\/www.ferberpainting.com\/wp-content\/uploads\/2026\/02\/Check.svg\" alt=\"\" width=\"18\" height=\"15\" \/>Garant\u0113ta apmierin\u0101t\u012bba vai naudas atmaksa.<\/strong>\u00a0M\u0113s esam piln\u012bgi p\u0101rliecin\u0101ti par m\u016bsu t\u012br\u012b\u0161anas l\u012bdzek\u013ca efektivit\u0101ti. Ja p\u0113c lieto\u0161anas j\u016bs neesat piln\u012bb\u0101 apmierin\u0101ts ar rezult\u0101tiem, jums ir ties\u012bbas sa\u0146emt pilnu naudas atmaksu. Izm\u0113\u0123iniet m\u016bsu produktu bez riska un izbaudiet nevainojami t\u012bru trauku mazg\u0101jamo ma\u0161\u012bnu.<\/p>\n<p><strong><img decoding=\"async\" style=\"margin-right: 12px;\" src=\"https:\/\/www.ferberpainting.com\/wp-content\/uploads\/2026\/02\/Check.svg\" alt=\"\" width=\"18\" height=\"15\" \/>Izcila daudzpus\u012bba.<\/strong> \u0160is t\u012br\u012b\u0161anas l\u012bdzeklis nav paredz\u0113ts tikai sadz\u012bves trauku mazg\u0101jam\u0101m ma\u0161\u012bn\u0101m. Tas ir ide\u0101li piem\u0113rots ar\u012b profesion\u0101l\u0101m un r\u016bpniecisk\u0101m trauku mazg\u0101jam\u0101m ma\u0161\u012bn\u0101m, k\u0101 ar\u012b \u0113din\u0101\u0161anas iek\u0101rt\u0101m. Tas iedarbojas uz visiem \u0161aj\u0101s ier\u012bc\u0113s izmantotajiem materi\u0101liem, tostarp ner\u016bs\u0113jo\u0161o t\u0113raudu, pastiprin\u0101tu plastmasu un alum\u012bniju. Tas ir piem\u0113rots gan ieb\u016bv\u0113jamiem, gan br\u012bvi st\u0101vo\u0161iem mode\u013ciem, nodro\u0161inot sader\u012bbu ar vis\u0101m mazg\u0101\u0161anas sist\u0113m\u0101m.<\/p>\n<p><strong><img decoding=\"async\" style=\"margin-right: 12px;\" src=\"https:\/\/www.ferberpainting.com\/wp-content\/uploads\/2026\/02\/Check.svg\" alt=\"\" width=\"18\" height=\"15\" \/>Rentabla ra\u017ea.<\/strong>\u00a0Pateicoties 5 litru kannas form\u0101tam un \u012bpa\u0161i efekt\u012bvai formulai, \u0161is t\u012br\u012b\u0161anas l\u012bdzeklis nodro\u0161ina lielisku p\u0101rkl\u0101jumu. Ar nelielu daudzumu pietiek, lai izt\u012br\u012btu visu trauku mazg\u0101jamo ma\u0161\u012bnu un no\u0146emtu visus net\u012brumus. Vid\u0113ji viens litrs l\u012bdzek\u013ca \u013cauj veikt l\u012bdz pat 10 piln\u012bg\u0101m t\u012br\u012b\u0161an\u0101m, nodro\u0161inot ekonomisku un augstas efektivit\u0101tes risin\u0101jumu regul\u0101rai vai intens\u012bvai lieto\u0161anai.<\/p>\n<p><strong><img decoding=\"async\" style=\"margin-right: 12px;\" src=\"https:\/\/www.ferberpainting.com\/wp-content\/uploads\/2026\/02\/Check.svg\" alt=\"\" width=\"18\" height=\"15\" \/>Dro\u0161a lieto\u0161ana.<\/strong>\u00a0At\u0161\u0137ir\u012bb\u0101 no skarbiem produktiem, kas satur s\u0101lssk\u0101bi vai kod\u012bgas vielas, \u0161\u012b t\u012br\u012b\u0161anas l\u012bdzek\u013ca sast\u0101v\u0101 nav toksisku sast\u0101vda\u013cu vai materi\u0101liem un vesel\u012bbai kait\u012bgu vielu. Tas neatst\u0101j kait\u012bgus atlikumus un neizdala kairino\u0161us tvaikus, nodro\u0161inot dro\u0161u lieto\u0161anu gan m\u0101jsaimniec\u012bb\u0101s, gan profesion\u0101l\u0101 vid\u0113. Tas ir nekait\u012bgs trauku mazg\u0101jam\u0101s ma\u0161\u012bnas bl\u012bv\u0113jumiem un plastmasas deta\u013c\u0101m, t\u0101d\u0113j\u0101di saglab\u0101jot ier\u012bces integrit\u0101ti.<\/p>\n<p><strong><img decoding=\"async\" style=\"margin-right: 12px;\" src=\"https:\/\/www.ferberpainting.com\/wp-content\/uploads\/2026\/02\/Check.svg\" alt=\"\" width=\"18\" height=\"15\" \/>Lieto\u0161anas \u0113rtums.<\/strong>\u00a0\u0160is produkts ir gatavs lieto\u0161anai, un to nav nepiecie\u0161ams at\u0161\u0137aid\u012bt vai sare\u017e\u0123\u012bti apstr\u0101d\u0101t. To izmanto tie\u0161i tuk\u0161\u0101 trauku mazg\u0101jam\u0101 ma\u0161\u012bn\u0101 mazg\u0101\u0161anas cikla laik\u0101. T\u0101 \u0101tr\u0101 iedarb\u012bba un intuit\u012bv\u0101 lieto\u0161ana \u013cauj veikt efekt\u012bvu apkopi bez piep\u016bles, padarot ma\u0161\u012bnu kop\u0161anu vienk\u0101r\u0161u un pieejamu ikvienam.<\/p>\n<p><strong><img decoding=\"async\" style=\"margin-right: 12px;\" src=\"https:\/\/www.ferberpainting.com\/wp-content\/uploads\/2026\/02\/Check.svg\" alt=\"\" width=\"18\" height=\"15\" \/>Liel\u0101ka iztur\u012bba.<\/strong>\u00a0Efekt\u012bvi likvid\u0113jot ka\u013c\u0137akmeni un taukus, \u0161is t\u012br\u012b\u0161anas l\u012bdzeklis pagarina trauku mazg\u0101jam\u0101s ma\u0161\u012bnas kalpo\u0161anas laiku un optimiz\u0113 t\u0101s darb\u012bbu. Tas nov\u0113r\u0161 cauru\u013cu aizs\u0113r\u0113\u0161anu, samazina bl\u012bv\u0113jumu nodilumu un uzlabo \u016bdens cirkul\u0101ciju, nodro\u0161inot optim\u0101lu darb\u012bbu ilgtermi\u0146\u0101. Regul\u0101ra apkope ar \u0161o l\u012bdzekli pal\u012bdz nov\u0113rst boj\u0101jumus un uztur trauku mazg\u0101jam\u0101s ma\u0161\u012bnas veiktsp\u0113ju.<\/p>\n<p><strong><img decoding=\"async\" style=\"margin-right: 12px;\" src=\"https:\/\/www.ferberpainting.com\/wp-content\/uploads\/2026\/02\/Check.svg\" alt=\"\" width=\"18\" height=\"15\" \/>\u0100tra darb\u012bba.<\/strong>\u00a0Pateicoties \u012bpa\u0161i akt\u012bvai formulai, \u0161is t\u012br\u012b\u0161anas l\u012bdzeklis nekav\u0113joties iedarbojas uz net\u012brumiem un ka\u013c\u0137akmens nogulsn\u0113m. Tikai da\u017eu min\u016b\u0161u laik\u0101 tas efekt\u012bvi iz\u0161\u0137\u012bdina uzkr\u0101tos taukus un net\u012brumus, padarot tos viegli izskalojamus jau pirmaj\u0101 cikl\u0101. Tas nodro\u0161ina \u0101tru un efekt\u012bvu t\u012br\u012b\u0161anu, ide\u0101li piem\u0113rots \u0101trai trauku mazg\u0101jam\u0101s ma\u0161\u012bnas apkopei bez nepiecie\u0161am\u012bbas to izjaukt.<\/p>\n<h2><strong>Lieto\u0161anas protokols<\/strong><\/h2>\n<ul>\n<li><strong>Sagatavo\u0161ana<\/strong>: Pirms produkta lieto\u0161anas p\u0101rliecinieties, ka trauku mazg\u0101jam\u0101 ma\u0161\u012bna ir tuk\u0161a un taj\u0101 nav \u0113diena atlieku.<\/li>\n<li><strong>Produkta pielietojums<\/strong>: Ielejiet aptuveni 250 ml t\u012br\u012b\u0161anas l\u012bdzek\u013ca tie\u0161i mazg\u0101\u0161anas l\u012bdzek\u013ca nodal\u012bjum\u0101 vai trauku mazg\u0101jam\u0101s ma\u0161\u012bnas apak\u0161\u0101.<\/li>\n<li><strong>Programmas s\u0101kums<\/strong>: Izv\u0113lieties augsttemperat\u016bras mazg\u0101\u0161anas ciklu (vismaz 60 \u00b0C), lai palielin\u0101tu l\u012bdzek\u013ca efektivit\u0101ti un aktiviz\u0113tu dzi\u013co t\u012br\u012b\u0161anu.<\/li>\n<li><strong>Filtra un bl\u012bv\u0113jumu t\u012br\u012b\u0161ana<\/strong>: Kam\u0113r cikls darbojas, samitriniet t\u012bru dr\u0101nu ar nelielu daudzumu l\u012bdzek\u013ca un noslaukiet bl\u012bves, filtrus un gr\u016bti aizsniedzamas vietas, lai no\u0146emtu atliku\u0161os piemais\u012bjumus.<\/li>\n<li><strong>Autom\u0101tisk\u0101 skalo\u0161ana<\/strong>: Mazg\u0101\u0161anas cikla laik\u0101 produkts tiek piln\u012bb\u0101 izskalots, t\u0101p\u0113c nav nepiecie\u0161ama papildu manu\u0101la skalo\u0161ana.<\/li>\n<li><strong>\u017d\u0101v\u0113\u0161ana un apdare<\/strong>: P\u0113c cikla atst\u0101jiet trauku mazg\u0101jam\u0101s ma\u0161\u012bnas durvis atv\u0113rtas, lai nodro\u0161in\u0101tu piln\u012bgu \u017e\u0101v\u0113\u0161anu un nov\u0113rstu mitruma uzkr\u0101\u0161anos iek\u0161pus\u0113.<\/li>\n<li><strong>Lieto\u0161anas bie\u017eums<\/strong>: Lietojiet reizi m\u0113nes\u012b, lai veiktu regul\u0101ru apkopi un nov\u0113rstu ka\u013c\u0137akmens un tauku uzkr\u0101\u0161anos. Stipri net\u012br\u0101m vai bie\u017ei lietot\u0101m trauku mazg\u0101jam\u0101m ma\u0161\u012bn\u0101m ieteicams t\u012br\u012bt reizi div\u0101s ned\u0113\u013c\u0101s.<\/li>\n<li><strong>Uzglab\u0101\u0161ana<\/strong>: P\u0113c katras lieto\u0161anas reizes kanni\u0146u cie\u0161i aiztaisiet un uzglab\u0101jiet v\u0113s\u0101, saus\u0101 viet\u0101, pasarg\u0101jot no gaismas un p\u0101rm\u0113r\u012bgas temperat\u016bras, lai saglab\u0101tu produkta ilgtermi\u0146a efektivit\u0101ti.<\/li>\n<\/ul>\n<p>Izmantojot m\u016bsu trauku mazg\u0101jam\u0101s ma\u0161\u012bnas t\u012br\u012b\u0161anas l\u012bdzekli, nodro\u0161iniet dzi\u013cu t\u012br\u012b\u0161anu un perfektu higi\u0113nu, vienlaikus optimiz\u0113jot ier\u012bces darb\u012bbu. Ide\u0101ls risin\u0101jums nevainojamai un vieglai apkopei.<\/p>","protected":false},"excerpt":{"rendered":"<p>Optimal Efficiency.\u00a0This dishwasher cleaner is designed to effectively eliminate grease residues, limescale deposits, bad odors, and food remnants that accumulate in the machine over time. Thanks to its powerful formula, it penetrates deeply to clean and disinfect every corner of the dishwasher, including filters, spray arms, interior walls, and drainage pipes. It guarantees impeccable cleanliness [&hellip;]<\/p>\n","protected":false},"featured_media":36668,"comment_status":"open","ping_status":"closed","template":"","meta":{"_uag_custom_page_level_css":"","site-sidebar-layout":"default","site-content-layout":"","ast-site-content-layout":"default","site-content-style":"default","site-sidebar-style":"default","ast-global-header-display":"","ast-banner-title-visibility":"","ast-main-header-display":"","ast-hfb-above-header-display":"","ast-hfb-below-header-display":"","ast-hfb-mobile-header-display":"","site-post-title":"","ast-breadcrumbs-content":"","ast-featured-img":"","footer-sml-layout":"","ast-disable-related-posts":"","theme-transparent-header-meta":"default","adv-header-id-meta":"","stick-header-meta":"","header-above-stick-meta":"","header-main-stick-meta":"","header-below-stick-meta":"","astra-migrate-meta-layouts":"set","ast-page-background-enabled":"default","ast-page-background-meta":{"desktop":{"background-color":"var(--ast-global-color-4)","background-image":"","background-repeat":"repeat","background-position":"center center","background-size":"auto","background-attachment":"scroll","background-type":"","background-media":"","overlay-type":"","overlay-color":"","overlay-opacity":"","overlay-gradient":""},"tablet":{"background-color":"","background-image":"","background-repeat":"repeat","background-position":"center center","background-size":"auto","background-attachment":"scroll","background-type":"","background-media":"","overlay-type":"","overlay-color":"","overlay-opacity":"","overlay-gradient":""},"mobile":{"background-color":"","background-image":"","background-repeat":"repeat","background-position":"center center","background-size":"auto","background-attachment":"scroll","background-type":"","background-media":"","overlay-type":"","overlay-color":"","overlay-opacity":"","overlay-gradient":""}},"ast-content-background-meta":{"desktop":{"background-color":"var(--ast-global-color-5)","background-image":"","background-repeat":"repeat","background-position":"center center","background-size":"auto","background-attachment":"scroll","background-type":"","background-media":"","overlay-type":"","overlay-color":"","overlay-opacity":"","overlay-gradient":""},"tablet":{"background-color":"var(--ast-global-color-5)","background-image":"","background-repeat":"repeat","background-position":"center center","background-size":"auto","background-attachment":"scroll","background-type":"","background-media":"","overlay-type":"","overlay-color":"","overlay-opacity":"","overlay-gradient":""},"mobile":{"background-color":"var(--ast-global-color-5)","background-image":"","background-repeat":"repeat","background-position":"center center","background-size":"auto","background-attachment":"scroll","background-type":"","background-media":"","overlay-type":"","overlay-color":"","overlay-opacity":"","overlay-gradient":""}}},"product_brand":[],"product_cat":[175],"product_tag":[],"class_list":{"0":"post-36666","1":"product","2":"type-product","3":"status-publish","4":"has-post-thumbnail","6":"product_cat-cleaning-products","7":"desktop-align-left","8":"tablet-align-left","9":"mobile-align-left","11":"first","12":"instock","13":"sale","14":"shipping-taxable","15":"purchasable","16":"product-type-variable","17":"has-default-attributes"},"spectra_custom_meta":{"_edit_lock":["1776777485:1"],"_edit_last":["1"],"total_sales":["40"],"_tax_status":["taxable"],"_tax_class":[""],"_manage_stock":["no"],"_backorders":["no"],"_sold_individually":["no"],"_virtual":["no"],"_downloadable":["no"],"_download_limit":["-1"],"_download_expiry":["-1"],"_stock":[null],"_stock_status":["instock"],"_wc_average_rating":["5.00"],"_wc_review_count":["38"],"_product_attributes":["a:1:{s:6:\"volume\";a:6:{s:4:\"name\";s:6:\"Volume\";s:5:\"value\";s:20:\"5 liters | 25 liters\";s:8:\"position\";i:0;s:10:\"is_visible\";i:1;s:12:\"is_variation\";i:1;s:11:\"is_taxonomy\";i:0;}}"],"_product_version":["10.5.1"],"_default_attributes":["a:1:{s:6:\"volume\";s:8:\"5 liters\";}"],"_price":["29.90","129.90"],"merchant-center-availability":["yes"],"merchant-center-category":["7510"],"_thumbnail_id":["36668"],"_wp_page_template":["default"],"_product_image_gallery":["36669"],"site-sidebar-layout":["default"],"ast-site-content-layout":["default"],"site-content-style":["default"],"site-sidebar-style":["default"],"theme-transparent-header-meta":["default"],"_wc_rating_count":["a:1:{i:5;i:38;}"],"astra-migrate-meta-layouts":["set"],"_elementor_page_assets":["a:0:{}"],"_uag_css_file_name":["uag-css-36666.css"],"_uag_page_assets":["a:9:{s:3:\"css\";s:7133:\".uag-blocks-common-selector{z-index:var(--z-index-desktop) !important}@media(max-width: 976px){.uag-blocks-common-selector{z-index:var(--z-index-tablet) !important}}@media(max-width: 767px){.uag-blocks-common-selector{z-index:var(--z-index-mobile) !important}}.wp-block-uagb-image{display:flex}.wp-block-uagb-image__figure{position:relative;display:flex;flex-direction:column;max-width:100%;height:auto;margin:0}.wp-block-uagb-image__figure img{height:auto;display:flex;max-width:100%;transition:box-shadow .2s ease}.wp-block-uagb-image__figure>a{display:inline-block}.wp-block-uagb-image__figure figcaption{text-align:center;margin-top:.5em;margin-bottom:1em}.wp-block-uagb-image .components-placeholder.block-editor-media-placeholder .components-placeholder__instructions{align-self:center}.wp-block-uagb-image--align-left{text-align:left}.wp-block-uagb-image--align-right{text-align:right}.wp-block-uagb-image--align-center{text-align:center}.wp-block-uagb-image--align-full .wp-block-uagb-image__figure{margin-left:calc(50% - 50vw);margin-right:calc(50% - 50vw);max-width:100vw;width:100vw;height:auto}.wp-block-uagb-image--align-full .wp-block-uagb-image__figure img{height:auto;width:100% !important}.wp-block-uagb-image--align-wide .wp-block-uagb-image__figure img{height:auto;width:100%}.wp-block-uagb-image--layout-overlay__color-wrapper{position:absolute;left:0;top:0;right:0;bottom:0;opacity:.2;background:rgba(0,0,0,.5);transition:opacity .35s ease-in-out}.wp-block-uagb-image--layout-overlay-link{position:absolute;left:0;right:0;bottom:0;top:0}.wp-block-uagb-image--layout-overlay .wp-block-uagb-image__figure:hover .wp-block-uagb-image--layout-overlay__color-wrapper{opacity:1}.wp-block-uagb-image--layout-overlay__inner{position:absolute;left:15px;right:15px;bottom:15px;top:15px;display:flex;align-items:center;justify-content:center;flex-direction:column;border-color:#fff;transition:.35s ease-in-out}.wp-block-uagb-image--layout-overlay__inner.top-left,.wp-block-uagb-image--layout-overlay__inner.top-center,.wp-block-uagb-image--layout-overlay__inner.top-right{justify-content:flex-start}.wp-block-uagb-image--layout-overlay__inner.bottom-left,.wp-block-uagb-image--layout-overlay__inner.bottom-center,.wp-block-uagb-image--layout-overlay__inner.bottom-right{justify-content:flex-end}.wp-block-uagb-image--layout-overlay__inner.top-left,.wp-block-uagb-image--layout-overlay__inner.center-left,.wp-block-uagb-image--layout-overlay__inner.bottom-left{align-items:flex-start}.wp-block-uagb-image--layout-overlay__inner.top-right,.wp-block-uagb-image--layout-overlay__inner.center-right,.wp-block-uagb-image--layout-overlay__inner.bottom-right{align-items:flex-end}.wp-block-uagb-image--layout-overlay__inner .uagb-image-heading{color:#fff;transition:transform .35s,opacity .35s ease-in-out;transform:translate3d(0, 24px, 0);margin:0;line-height:1em}.wp-block-uagb-image--layout-overlay__inner .uagb-image-separator{width:30%;border-top-width:2px;border-top-color:#fff;border-top-style:solid;margin-bottom:10px;opacity:0;transition:transform .4s,opacity .4s ease-in-out;transform:translate3d(0, 30px, 0)}.wp-block-uagb-image--layout-overlay__inner .uagb-image-caption{opacity:0;overflow:visible;color:#fff;transition:transform .45s,opacity .45s ease-in-out;transform:translate3d(0, 35px, 0)}.wp-block-uagb-image--layout-overlay__inner:hover .uagb-image-heading,.wp-block-uagb-image--layout-overlay__inner:hover .uagb-image-separator,.wp-block-uagb-image--layout-overlay__inner:hover .uagb-image-caption{opacity:1;transform:translate3d(0, 0, 0)}.wp-block-uagb-image--effect-zoomin .wp-block-uagb-image__figure img,.wp-block-uagb-image--effect-zoomin .wp-block-uagb-image__figure .wp-block-uagb-image--layout-overlay__color-wrapper{transform:scale(1);transition:transform .35s ease-in-out}.wp-block-uagb-image--effect-zoomin .wp-block-uagb-image__figure:hover img,.wp-block-uagb-image--effect-zoomin .wp-block-uagb-image__figure:hover .wp-block-uagb-image--layout-overlay__color-wrapper{transform:scale(1.05)}.wp-block-uagb-image--effect-slide .wp-block-uagb-image__figure img,.wp-block-uagb-image--effect-slide .wp-block-uagb-image__figure .wp-block-uagb-image--layout-overlay__color-wrapper{width:calc(100% + 40px) !important;max-width:none !important;transform:translate3d(-40px, 0, 0);transition:transform .35s ease-in-out}.wp-block-uagb-image--effect-slide .wp-block-uagb-image__figure:hover img,.wp-block-uagb-image--effect-slide .wp-block-uagb-image__figure:hover .wp-block-uagb-image--layout-overlay__color-wrapper{transform:translate3d(0, 0, 0)}.wp-block-uagb-image--effect-grayscale img{filter:grayscale(0%);transition:.35s ease-in-out}.wp-block-uagb-image--effect-grayscale:hover img{filter:grayscale(100%)}.wp-block-uagb-image--effect-blur img{filter:blur(0);transition:.35s ease-in-out}.wp-block-uagb-image--effect-blur:hover img{filter:blur(3px)}.uagb-block-e6f939b3.wp-block-uagb-image--layout-default figure img{box-shadow: 0px 0px 0 #00000070;}.uagb-block-e6f939b3.wp-block-uagb-image .wp-block-uagb-image__figure figcaption{font-style: normal;align-self: center;}.uagb-block-e6f939b3.wp-block-uagb-image--layout-overlay figure img{box-shadow: 0px 0px 0 #00000070;}.uagb-block-e6f939b3.wp-block-uagb-image--layout-overlay .wp-block-uagb-image--layout-overlay__color-wrapper{opacity: 0.2;}.uagb-block-e6f939b3.wp-block-uagb-image--layout-overlay .wp-block-uagb-image--layout-overlay__inner{left: 15px;right: 15px;top: 15px;bottom: 15px;}.uagb-block-e6f939b3.wp-block-uagb-image--layout-overlay .wp-block-uagb-image--layout-overlay__inner .uagb-image-heading{font-style: normal;color: #fff;opacity: 1;}.uagb-block-e6f939b3.wp-block-uagb-image--layout-overlay .wp-block-uagb-image--layout-overlay__inner .uagb-image-heading a{color: #fff;}.uagb-block-e6f939b3.wp-block-uagb-image--layout-overlay .wp-block-uagb-image--layout-overlay__inner .uagb-image-caption{opacity: 0;}.uagb-block-e6f939b3.wp-block-uagb-image--layout-overlay .wp-block-uagb-image__figure:hover .wp-block-uagb-image--layout-overlay__color-wrapper{opacity: 1;}.uagb-block-e6f939b3.wp-block-uagb-image .wp-block-uagb-image--layout-overlay__inner .uagb-image-separator{width: 30%;border-top-width: 2px;border-top-color: #fff;opacity: 0;}.uagb-block-e6f939b3.wp-block-uagb-image .wp-block-uagb-image__figure img{width: px;height: auto;}.uagb-block-e6f939b3.wp-block-uagb-image .wp-block-uagb-image__figure:hover .wp-block-uagb-image--layout-overlay__inner .uagb-image-caption{opacity: 1;}.uagb-block-e6f939b3.wp-block-uagb-image .wp-block-uagb-image__figure:hover .wp-block-uagb-image--layout-overlay__inner .uagb-image-separator{opacity: 1;}.uagb-block-e6f939b3.wp-block-uagb-image--layout-default figure:hover img{box-shadow: 0px 0px 0 #00000070;}.uagb-block-e6f939b3.wp-block-uagb-image--layout-overlay figure:hover img{box-shadow: 0px 0px 0 #00000070;}@media only screen and (max-width: 976px) {.uagb-block-e6f939b3.wp-block-uagb-image .wp-block-uagb-image__figure img{width: px;height: auto;}}@media only screen and (max-width: 767px) {.uagb-block-e6f939b3.wp-block-uagb-image .wp-block-uagb-image__figure img{width: px;height: auto;}}\";s:2:\"js\";s:0:\"\";s:18:\"current_block_list\";a:13:{i:0;s:11:\"core\/search\";i:1;s:10:\"core\/group\";i:2;s:12:\"core\/heading\";i:3;s:17:\"core\/latest-posts\";i:4;s:20:\"core\/latest-comments\";i:5;s:13:\"core\/archives\";i:6;s:15:\"core\/categories\";i:7;s:14:\"core\/paragraph\";i:8;s:10:\"uagb\/image\";i:9;s:11:\"core\/spacer\";i:10;s:30:\"woocommerce\/product-categories\";i:11;s:10:\"core\/image\";i:12;s:14:\"core\/shortcode\";}s:8:\"uag_flag\";b:1;s:11:\"uag_version\";s:10:\"1776781524\";s:6:\"gfonts\";a:0:{}s:10:\"gfonts_url\";s:0:\"\";s:12:\"gfonts_files\";a:0:{}s:14:\"uag_faq_layout\";b:0;}"]},"uagb_featured_image_src":{"full":["https:\/\/www.ferberpainting.com\/wp-content\/uploads\/2025\/07\/Dishwasher-Cleaner-5L-.png",2560,2560,false],"thumbnail":["https:\/\/www.ferberpainting.com\/wp-content\/uploads\/2025\/07\/Dishwasher-Cleaner-5L--150x150.png",150,150,true],"medium":["https:\/\/www.ferberpainting.com\/wp-content\/uploads\/2025\/07\/Dishwasher-Cleaner-5L--300x300.png",300,300,true],"medium_large":["https:\/\/www.ferberpainting.com\/wp-content\/uploads\/2025\/07\/Dishwasher-Cleaner-5L--768x768.png",768,768,true],"large":["https:\/\/www.ferberpainting.com\/wp-content\/uploads\/2025\/07\/Dishwasher-Cleaner-5L--1024x1024.png",1024,1024,true],"1536x1536":["https:\/\/www.ferberpainting.com\/wp-content\/uploads\/2025\/07\/Dishwasher-Cleaner-5L--1536x1536.png",1536,1536,true],"2048x2048":["https:\/\/www.ferberpainting.com\/wp-content\/uploads\/2025\/07\/Dishwasher-Cleaner-5L--2048x2048.png",2048,2048,true],"trp-custom-language-flag":["https:\/\/www.ferberpainting.com\/wp-content\/uploads\/2025\/07\/Dishwasher-Cleaner-5L--12x12.png",12,12,true],"woocommerce_thumbnail":["https:\/\/www.ferberpainting.com\/wp-content\/uploads\/2025\/07\/Dishwasher-Cleaner-5L--300x300.png",300,300,true],"woocommerce_single":["https:\/\/www.ferberpainting.com\/wp-content\/uploads\/2025\/07\/Dishwasher-Cleaner-5L--600x600.png",600,600,true],"woocommerce_gallery_thumbnail":["https:\/\/www.ferberpainting.com\/wp-content\/uploads\/2025\/07\/Dishwasher-Cleaner-5L--100x100.png",100,100,true]},"uagb_author_info":{"display_name":"admin","author_link":"https:\/\/www.ferberpainting.com\/lv\/author\/"},"uagb_comment_info":38,"uagb_excerpt":"Optimal Efficiency.\u00a0This dishwasher cleaner is designed to effectively eliminate grease residues, limescale deposits, bad odors, and food remnants that accumulate in the machine over time. Thanks to its powerful formula, it penetrates deeply to clean and disinfect every corner of the dishwasher, including filters, spray arms, interior walls, and drainage pipes. It guarantees impeccable cleanliness&hellip;","_links":{"self":[{"href":"https:\/\/www.ferberpainting.com\/lv\/wp-json\/wp\/v2\/product\/36666","targetHints":{"allow":["GET"]}}],"collection":[{"href":"https:\/\/www.ferberpainting.com\/lv\/wp-json\/wp\/v2\/product"}],"about":[{"href":"https:\/\/www.ferberpainting.com\/lv\/wp-json\/wp\/v2\/types\/product"}],"replies":[{"embeddable":true,"href":"https:\/\/www.ferberpainting.com\/lv\/wp-json\/wp\/v2\/comments?post=36666"}],"version-history":[{"count":7,"href":"https:\/\/www.ferberpainting.com\/lv\/wp-json\/wp\/v2\/product\/36666\/revisions"}],"predecessor-version":[{"id":231149,"href":"https:\/\/www.ferberpainting.com\/lv\/wp-json\/wp\/v2\/product\/36666\/revisions\/231149"}],"wp:featuredmedia":[{"embeddable":true,"href":"https:\/\/www.ferberpainting.com\/lv\/wp-json\/wp\/v2\/media\/36668"}],"wp:attachment":[{"href":"https:\/\/www.ferberpainting.com\/lv\/wp-json\/wp\/v2\/media?parent=36666"}],"wp:term":[{"taxonomy":"product_brand","embeddable":true,"href":"https:\/\/www.ferberpainting.com\/lv\/wp-json\/wp\/v2\/product_brand?post=36666"},{"taxonomy":"product_cat","embeddable":true,"href":"https:\/\/www.ferberpainting.com\/lv\/wp-json\/wp\/v2\/product_cat?post=36666"},{"taxonomy":"product_tag","embeddable":true,"href":"https:\/\/www.ferberpainting.com\/lv\/wp-json\/wp\/v2\/product_tag?post=36666"}],"curies":[{"name":"wp","href":"https:\/\/api.w.org\/{rel}","templated":true}]}}