{"id":25652,"date":"2025-05-26T10:33:09","date_gmt":"2025-05-26T08:33:09","guid":{"rendered":"https:\/\/www.ferberpainting.com\/products\/weed-killer\/"},"modified":"2026-02-18T09:08:46","modified_gmt":"2026-02-18T08:08:46","slug":"weed-killer","status":"publish","type":"product","link":"https:\/\/www.ferberpainting.com\/lv\/products\/weed-killer\/","title":{"rendered":"Nez\u0101\u013cu l\u012bdzeklis"},"content":{"rendered":"<p><strong><img decoding=\"async\" style=\"margin-right: 12px;\" src=\"https:\/\/www.ferberpainting.com\/wp-content\/uploads\/2026\/02\/Check.svg\" alt=\"\" width=\"18\" height=\"15\" \/>Sp\u0113c\u012bga sist\u0113miska iedarb\u012bba, kas izn\u012bcina nez\u0101les l\u012bdz pat sakn\u0113m.<\/strong> M\u016bsu nez\u0101\u013cu izn\u012bcin\u0101t\u0101js satur 360 g\/l glifos\u0101ta - \u013coti efekt\u012bvas sist\u0113miskas akt\u012bv\u0101s vielas, kas iek\u013c\u016bst caur lap\u0101m un izplat\u0101s pa visu auga strukt\u016bru. At\u0161\u0137ir\u012bb\u0101 no kontakta herbic\u012bdiem, kas sadedzina tikai virsmu, \u0161\u012b formula iedarbojas uz nez\u0101l\u0113m iek\u0161\u0113ji, izn\u012bcinot gan redzamo aug\u0161anu, gan pazemes saknes. Tas nodro\u0161ina piln\u012bgu izn\u012bcin\u0101\u0161anu un iev\u0113rojami samazina atk\u0101rtotu aug\u0161anu, padarot to ide\u0101li piem\u0113rotu ilgtermi\u0146a nez\u0101\u013cu apkaro\u0161anai d\u0101rzos, piebraucamajos ce\u013cos, ce\u013cmal\u0101s un lauksaimniec\u012bbas plat\u012bb\u0101s.<\/p>\n<p><strong><img decoding=\"async\" style=\"margin-right: 12px;\" src=\"https:\/\/www.ferberpainting.com\/wp-content\/uploads\/2026\/02\/Check.svg\" alt=\"\" width=\"18\" height=\"15\" \/>M\u0113s pied\u0101v\u0101jam naudas atmaksas garantiju piln\u012bgai klientu apmierin\u0101t\u012bbai.<\/strong> M\u0113s stingri atbalst\u0101m m\u016bsu nez\u0101\u013cu izn\u012bcin\u0101t\u0101ja efektivit\u0101ti. Ja neesat piln\u012bb\u0101 apmierin\u0101ts ar rezult\u0101tiem, m\u0113s atmaks\u0101sim naudu par pirkumu. \u0160\u012b naudas atmaksas garantija \u013cauj jums lietot produktu ar pilnu p\u0101rliec\u012bbu, zinot, ka j\u016bsu ieguld\u012bjums ir aizsarg\u0101ts un j\u016bsu apmierin\u0101t\u012bba ir m\u016bsu priorit\u0101te.<\/p>\n<p><strong><img decoding=\"async\" style=\"margin-right: 12px;\" src=\"https:\/\/www.ferberpainting.com\/wp-content\/uploads\/2026\/02\/Check.svg\" alt=\"\" width=\"18\" height=\"15\" \/>Efekt\u012bv\u0101kais nez\u0101\u013cu apkaro\u0161anas risin\u0101jums tirg\u016b.<\/strong> M\u016bsu formula ar augstu 360 g\/l glifos\u0101ta koncentr\u0101ciju nodro\u0161ina izcilu iedarb\u012bbu pret viengad\u012bgaj\u0101m un daudzgad\u012bgaj\u0101m nez\u0101l\u0113m. T\u0101 efekt\u012bvi kontrol\u0113 graudz\u0101les, platlapu nez\u0101les un invaz\u012bv\u0101s sugas, izjaucot b\u016btiskus aug\u0161anas procesus aug\u0101. T\u0101 sist\u0113misk\u0101 iedarb\u012bba nodro\u0161ina dzi\u013cu un pamat\u012bgu izn\u012bcin\u0101\u0161anu, padarot to par vienu no uzticam\u0101kajiem un sp\u0113c\u012bg\u0101kajiem pieejamajiem nez\u0101\u013cu apkaro\u0161anas risin\u0101jumiem.<\/p>\n<p><strong><img decoding=\"async\" style=\"margin-right: 12px;\" src=\"https:\/\/www.ferberpainting.com\/wp-content\/uploads\/2026\/02\/Check.svg\" alt=\"\" width=\"18\" height=\"15\" \/>Pieejamais l\u0113t\u0101kais profesion\u0101l\u0101s klases nez\u0101\u013cu izn\u012bcin\u0101t\u0101js.<\/strong> Augstas efektivit\u0101tes nez\u0101\u013cu ierobe\u017eo\u0161anai joproj\u0101m j\u0101b\u016bt pieejamai. M\u0113s pied\u0101v\u0101jam viskonkur\u0113tsp\u0113j\u012bg\u0101k\u0101s cenas, neapdraudot koncentr\u0101ciju vai kvalit\u0101ti. Optimiz\u0113jot ra\u017eo\u0161anu un lo\u0123istiku, m\u0113s nodro\u0161in\u0101m profesion\u0101la stipruma glifos\u0101ta risin\u0101jumu par zem\u0101ko cenu, sal\u012bdzinot ar l\u012bdz\u012bgiem produktiem, nodro\u0161inot izcilu v\u0113rt\u012bbu gan m\u0101ju \u012bpa\u0161niekiem, gan profesion\u0101liem ainavu veidot\u0101jiem.<\/p>\n<p><strong><img decoding=\"async\" style=\"margin-right: 12px;\" src=\"https:\/\/www.ferberpainting.com\/wp-content\/uploads\/2026\/02\/Check.svg\" alt=\"\" width=\"18\" height=\"15\" \/>Garant\u0113ta pieg\u0101de 24 stundu laik\u0101 \u0101trai r\u012bc\u012bbai.<\/strong> Kad nez\u0101les s\u0101k izplat\u012bties, ir \u013coti svar\u012bgi nekav\u0113joties veikt \u0101rst\u0113\u0161anu. T\u0101p\u0113c m\u0113s nodro\u0161in\u0101m uzticamu pieg\u0101di 24 stundas diennakt\u012b, garant\u0113jot, ka j\u016bsu nez\u0101\u013cu izn\u012bcin\u0101t\u0101js tiek pieg\u0101d\u0101ts \u0101tri un ir gatavs lieto\u0161anai bez kav\u0113\u0161an\u0101s. \u0100tra pieg\u0101de \u013cauj efekt\u012bvi atg\u016bt kontroli p\u0101r \u0101ra teritoriju.<\/p>\n<p><strong><img decoding=\"async\" style=\"margin-right: 12px;\" src=\"https:\/\/www.ferberpainting.com\/wp-content\/uploads\/2026\/02\/Check.svg\" alt=\"\" width=\"18\" height=\"15\" \/>\u013boti koncentr\u0113ta formula ekonomiskai lieto\u0161anai.<\/strong> Ieteicam\u0101 at\u0161\u0137aid\u012b\u0161anas deva ir 50 ml l\u012bdzek\u013ca uz litru \u016bdens, kas \u013cauj prec\u012bzi at\u0161\u0137aid\u012bt l\u012bdzekli atbilsto\u0161i apstr\u0101d\u0101jam\u0101s plat\u012bbas lielumam. \u0160\u012b koncentr\u0101cija nodro\u0161ina efekt\u012bvu nez\u0101\u013cu izn\u012bcin\u0101\u0161anu, vienlaikus maksim\u0101li palielinot lieto\u0161anas rei\u017eu skaitu no viena konteinera.<\/p>\n<p><strong><img decoding=\"async\" style=\"margin-right: 12px;\" src=\"https:\/\/www.ferberpainting.com\/wp-content\/uploads\/2026\/02\/Check.svg\" alt=\"\" width=\"18\" height=\"15\" \/>Redzami rezult\u0101ti da\u017eu dienu laik\u0101.<\/strong> P\u0113c lieto\u0161anas apstr\u0101d\u0101taj\u0101m nez\u0101l\u0113m da\u017eu dienu laik\u0101 s\u0101k par\u0101d\u012bties dzelt\u0113\u0161anas un nokal\u0161anas paz\u012bmes. Piln\u012bga augu boj\u0101eja parasti iest\u0101jas vienas l\u012bdz divu ned\u0113\u013cu laik\u0101 atkar\u012bb\u0101 no laika apst\u0101k\u013ciem un nez\u0101\u013cu veida. \u0100tr\u0101 sist\u0113misk\u0101 iedarb\u012bba nodro\u0161ina efekt\u012bvus un paman\u0101mus rezult\u0101tus.<\/p>\n<p><strong><img decoding=\"async\" style=\"margin-right: 12px;\" src=\"https:\/\/www.ferberpainting.com\/wp-content\/uploads\/2026\/02\/Check.svg\" alt=\"\" width=\"18\" height=\"15\" \/>Piem\u0113rots da\u017e\u0101d\u0101m \u0101ra teritorij\u0101m.<\/strong> \u0160o nez\u0101\u013cu izn\u012bcin\u0101t\u0101ju var lietot uz piebraucamajiem ce\u013ciem, ietv\u0113m, tera\u0161u, grants laukumu, \u017eogu l\u012bniju, d\u0101rza dob\u0113s pirms st\u0101d\u012b\u0161anas un cit\u0101s ar kult\u016braugiem nesaist\u012bt\u0101s viet\u0101s. Tas nodro\u0161ina uzticamu kontroli dz\u012bvojam\u0101s, komerci\u0101l\u0101s un lauksaimniec\u012bbas teritorij\u0101s, ja tiek lietots saska\u0146\u0101 ar noteikumiem.<\/p>\n<p><strong><img decoding=\"async\" style=\"margin-right: 12px;\" src=\"https:\/\/www.ferberpainting.com\/wp-content\/uploads\/2026\/02\/Check.svg\" alt=\"\" width=\"18\" height=\"15\" \/>Iztur\u012bga pret lietus iedarb\u012bba p\u0113c absorbcijas.<\/strong> P\u0113c uzs\u016bk\u0161an\u0101s augu lapotn\u0113 l\u012bdzeklis da\u017eu stundu laik\u0101 k\u013c\u016bst notur\u012bgs pret nokri\u0161\u0146iem. Tas nodro\u0161ina efekt\u012bvu iedarb\u012bbu pat main\u012bgos laikapst\u0101k\u013cos, ja p\u0113c lieto\u0161anas ir pag\u0101jis pietiekams \u017e\u016b\u0161anas laiks.<\/p>\n<p><strong><img decoding=\"async\" style=\"margin-right: 12px;\" src=\"https:\/\/www.ferberpainting.com\/wp-content\/uploads\/2026\/02\/Check.svg\" alt=\"\" width=\"18\" height=\"15\" \/>Viegla sajauk\u0161ana un izsmidzin\u0101\u0161ana.<\/strong> \u0160\u0137idro koncentr\u0101tu ir viegli at\u0161\u0137aid\u012bt un lietot, izmantojot standarta d\u0101rza smidzin\u0101t\u0101ju. Skaidri nor\u0101d\u012bjumi par doz\u0113\u0161anu nodro\u0161ina prec\u012bzu sajauk\u0161anu, nodro\u0161inot konsekventu un efekt\u012bvu nez\u0101\u013cu apkaro\u0161anu bez sare\u017e\u0123\u012btiem sagatavo\u0161anas posmiem.<\/p>\n<h2><strong>Instrukcijas<\/strong><\/h2>\n<ul>\n<li>Pirms darba ar produktu vai t\u0101 lieto\u0161anas valk\u0101jiet piem\u0113rotu aizsargap\u0123\u0113rbu, cimdus un aizsargbrilles.<\/li>\n<li>Sagatavojiet izsmidzin\u0101\u0161anas \u0161\u0137\u012bdumu, at\u0161\u0137aidot 50 ml nez\u0101\u013cu izn\u012bcin\u0101t\u0101ja uz 1 litru t\u012bra \u016bdens.<\/li>\n<li>R\u016bp\u012bgi samaisiet d\u0101rza smidzin\u0101t\u0101j\u0101, lai nodro\u0161in\u0101tu vienm\u0113r\u012bgu akt\u012bv\u0101s vielas sadal\u012bjumu.<\/li>\n<li>\u0160\u0137\u012bdumu vienm\u0113r\u012bgi uzkl\u0101jiet uz akt\u012bvi augo\u0161u nez\u0101\u013cu lap\u0101m, nodro\u0161inot piln\u012bgu samitrin\u0101\u0161anu bez p\u0101rm\u0113r\u012bgas noteces.<\/li>\n<li>Nelietot uz v\u0113lamajiem augiem, z\u0101lieniem vai kult\u016braugiem, ja vien tas nav \u012bpa\u0161i paredz\u0113ts, jo produkts nav selekt\u012bvs un boj\u0101 liel\u0101ko da\u013cu ve\u0123et\u0101cijas.<\/li>\n<li>Lietojiet saus\u0101 laik\u0101, kad ir maz v\u0113ja vai bez v\u0113ja, lai nepie\u013cautu augu nopl\u016b\u0161anu uz apk\u0101rt\u0113jiem augiem.<\/li>\n<li>Izvairieties no lieto\u0161anas, ja da\u017eu stundu laik\u0101 gaid\u0101ms lietus, lai nodro\u0161in\u0101tu pietiekamu uzs\u016bk\u0161anos lapotn\u0113.<\/li>\n<li>Vismaz 7 dienas p\u0113c lieto\u0161anas nedr\u012bkst p\u013caut vai trauc\u0113t apstr\u0101d\u0101t\u0101s nez\u0101les, lai \u013cautu sist\u0113miskajai iedarb\u012bbai sasniegt saknes.<\/li>\n<li>Redzami rezult\u0101ti parasti par\u0101d\u0101s 3 l\u012bdz 7 dienu laik\u0101, bet piln\u012bga atmir\u0161ana atkar\u012bb\u0101 no apst\u0101k\u013ciem notiek 7 l\u012bdz 14 dienu laik\u0101.<\/li>\n<li>Iztur\u012bg\u0101m daudzgad\u012bg\u0101m nez\u0101l\u0113m var b\u016bt nepiecie\u0161ams veikt otru smidzin\u0101\u0161anu p\u0113c tam, kad par\u0101d\u0101s ataugums.<\/li>\n<li>P\u0113c lieto\u0161anas r\u016bp\u012bgi not\u012briet smidzin\u0101t\u0101ja apr\u012bkojumu ar \u016bdeni.<\/li>\n<li>Uzglab\u0101t produktu ori\u0123in\u0101laj\u0101 iepakojum\u0101, cie\u0161i nosl\u0113gtu, v\u0113s\u0101 un saus\u0101 viet\u0101, prom no tie\u0161iem saules stariem.<\/li>\n<li>Uzglab\u0101t b\u0113rniem un m\u0101jdz\u012bvniekiem nepieejam\u0101 viet\u0101 un vienm\u0113r iev\u0113rot viet\u0113jos noteikumus par glifos\u0101ta lieto\u0161anu un izn\u012bcin\u0101\u0161anu.<\/li>\n<\/ul>","protected":false},"excerpt":{"rendered":"<p>Powerful systemic action that eliminates weeds down to the root. Our weed killer contains 360 g\/L of glyphosate, a highly effective systemic active ingredient that penetrates through the leaves and travels throughout the entire plant structure. Unlike contact herbicides that only burn the surface, this formula attacks weeds internally, destroying both visible growth and underground [&hellip;]<\/p>\n","protected":false},"featured_media":27456,"comment_status":"open","ping_status":"closed","template":"","meta":{"_uag_custom_page_level_css":"","site-sidebar-layout":"default","site-content-layout":"","ast-site-content-layout":"default","site-content-style":"default","site-sidebar-style":"default","ast-global-header-display":"","ast-banner-title-visibility":"","ast-main-header-display":"","ast-hfb-above-header-display":"","ast-hfb-below-header-display":"","ast-hfb-mobile-header-display":"","site-post-title":"","ast-breadcrumbs-content":"","ast-featured-img":"","footer-sml-layout":"","ast-disable-related-posts":"","theme-transparent-header-meta":"default","adv-header-id-meta":"","stick-header-meta":"","header-above-stick-meta":"","header-main-stick-meta":"","header-below-stick-meta":"","astra-migrate-meta-layouts":"set","ast-page-background-enabled":"default","ast-page-background-meta":{"desktop":{"background-color":"var(--ast-global-color-4)","background-image":"","background-repeat":"repeat","background-position":"center center","background-size":"auto","background-attachment":"scroll","background-type":"","background-media":"","overlay-type":"","overlay-color":"","overlay-opacity":"","overlay-gradient":""},"tablet":{"background-color":"","background-image":"","background-repeat":"repeat","background-position":"center center","background-size":"auto","background-attachment":"scroll","background-type":"","background-media":"","overlay-type":"","overlay-color":"","overlay-opacity":"","overlay-gradient":""},"mobile":{"background-color":"","background-image":"","background-repeat":"repeat","background-position":"center center","background-size":"auto","background-attachment":"scroll","background-type":"","background-media":"","overlay-type":"","overlay-color":"","overlay-opacity":"","overlay-gradient":""}},"ast-content-background-meta":{"desktop":{"background-color":"var(--ast-global-color-5)","background-image":"","background-repeat":"repeat","background-position":"center center","background-size":"auto","background-attachment":"scroll","background-type":"","background-media":"","overlay-type":"","overlay-color":"","overlay-opacity":"","overlay-gradient":""},"tablet":{"background-color":"var(--ast-global-color-5)","background-image":"","background-repeat":"repeat","background-position":"center center","background-size":"auto","background-attachment":"scroll","background-type":"","background-media":"","overlay-type":"","overlay-color":"","overlay-opacity":"","overlay-gradient":""},"mobile":{"background-color":"var(--ast-global-color-5)","background-image":"","background-repeat":"repeat","background-position":"center center","background-size":"auto","background-attachment":"scroll","background-type":"","background-media":"","overlay-type":"","overlay-color":"","overlay-opacity":"","overlay-gradient":""}}},"product_brand":[],"product_cat":[175],"product_tag":[],"class_list":{"0":"post-25652","1":"product","2":"type-product","3":"status-publish","4":"has-post-thumbnail","6":"product_cat-cleaning-products","7":"desktop-align-left","8":"tablet-align-left","9":"mobile-align-left","11":"first","12":"instock","13":"sale","14":"shipping-taxable","15":"purchasable","16":"product-type-variable","17":"has-default-attributes"},"spectra_custom_meta":{"_visibility":["visible"],"_shopify_product_id":["7950217609461"],"_s2w_shopify_domain":["ferberpainting.myshopify.com"],"_shopify_variant_id":["43501943521525"],"_sku":[""],"_manage_stock":["no"],"total_sales":["2902"],"_tax_status":["taxable"],"_tax_class":[""],"_backorders":["no"],"_sold_individually":["no"],"_virtual":["no"],"_downloadable":["no"],"_download_limit":["-1"],"_download_expiry":["-1"],"_stock":[null],"_stock_status":["instock"],"_wc_average_rating":["4.73"],"_wc_review_count":["94"],"_product_attributes":["a:1:{s:6:\"volume\";a:6:{s:4:\"name\";s:6:\"Volume\";s:5:\"value\";s:20:\"5 liters | 25 liters\";s:8:\"position\";i:1;s:10:\"is_visible\";i:0;s:12:\"is_variation\";i:1;s:11:\"is_taxonomy\";i:0;}}"],"_product_version":["10.5.2"],"_thumbnail_id":["27456"],"_product_image_gallery":["27457"],"merchant-center-availability":["yes"],"merchant-center-category":["3103"],"merchant-center-id":["WK"],"wpse_downloadable_file_names":[""],"wpse_downloadable_file_urls":[""],"_edit_last":["1"],"_default_attributes":["a:1:{s:6:\"volume\";s:8:\"5 liters\";}"],"_wc_rating_count":["a:3:{i:3;i:7;i:4;i:11;i:5;i:76;}"],"_edit_lock":["1773466984:7131"],"_wp_page_template":["default"],"site-sidebar-layout":["default"],"ast-site-content-layout":["default"],"site-content-style":["default"],"site-sidebar-style":["default"],"theme-transparent-header-meta":["default"],"_upsell_ids":["a:3:{i:0;i:23505;i:1;i:25276;i:2;i:25600;}"],"_crosssell_ids":["a:3:{i:0;i:23505;i:1;i:25276;i:2;i:25600;}"],"_price":["29.90","129.90"],"astra-migrate-meta-layouts":["set"],"_uag_css_file_name":["uag-css-25652.css"],"_elementor_page_assets":["a:0:{}"]},"uagb_featured_image_src":{"full":["https:\/\/www.ferberpainting.com\/wp-content\/uploads\/2025\/05\/Desherbant_5L.jpg",2560,2560,false],"thumbnail":["https:\/\/www.ferberpainting.com\/wp-content\/uploads\/2025\/05\/Desherbant_5L-150x150.jpg",150,150,true],"medium":["https:\/\/www.ferberpainting.com\/wp-content\/uploads\/2025\/05\/Desherbant_5L-300x300.jpg",300,300,true],"medium_large":["https:\/\/www.ferberpainting.com\/wp-content\/uploads\/2025\/05\/Desherbant_5L-768x768.jpg",768,768,true],"large":["https:\/\/www.ferberpainting.com\/wp-content\/uploads\/2025\/05\/Desherbant_5L-1024x1024.jpg",1024,1024,true],"1536x1536":["https:\/\/www.ferberpainting.com\/wp-content\/uploads\/2025\/05\/Desherbant_5L-1536x1536.jpg",1536,1536,true],"2048x2048":["https:\/\/www.ferberpainting.com\/wp-content\/uploads\/2025\/05\/Desherbant_5L-2048x2048.jpg",2048,2048,true],"trp-custom-language-flag":["https:\/\/www.ferberpainting.com\/wp-content\/uploads\/2025\/05\/Desherbant_5L-12x12.jpg",12,12,true],"woocommerce_thumbnail":["https:\/\/www.ferberpainting.com\/wp-content\/uploads\/2025\/05\/Desherbant_5L-300x300.jpg",300,300,true],"woocommerce_single":["https:\/\/www.ferberpainting.com\/wp-content\/uploads\/2025\/05\/Desherbant_5L-600x600.jpg",600,600,true],"woocommerce_gallery_thumbnail":["https:\/\/www.ferberpainting.com\/wp-content\/uploads\/2025\/05\/Desherbant_5L-100x100.jpg",100,100,true]},"uagb_author_info":{"display_name":"admin","author_link":"https:\/\/www.ferberpainting.com\/lv\/author\/"},"uagb_comment_info":94,"uagb_excerpt":"Powerful systemic action that eliminates weeds down to the root. Our weed killer contains 360 g\/L of glyphosate, a highly effective systemic active ingredient that penetrates through the leaves and travels throughout the entire plant structure. Unlike contact herbicides that only burn the surface, this formula attacks weeds internally, destroying both visible growth and underground&hellip;","_links":{"self":[{"href":"https:\/\/www.ferberpainting.com\/lv\/wp-json\/wp\/v2\/product\/25652","targetHints":{"allow":["GET"]}}],"collection":[{"href":"https:\/\/www.ferberpainting.com\/lv\/wp-json\/wp\/v2\/product"}],"about":[{"href":"https:\/\/www.ferberpainting.com\/lv\/wp-json\/wp\/v2\/types\/product"}],"replies":[{"embeddable":true,"href":"https:\/\/www.ferberpainting.com\/lv\/wp-json\/wp\/v2\/comments?post=25652"}],"version-history":[{"count":4,"href":"https:\/\/www.ferberpainting.com\/lv\/wp-json\/wp\/v2\/product\/25652\/revisions"}],"predecessor-version":[{"id":169102,"href":"https:\/\/www.ferberpainting.com\/lv\/wp-json\/wp\/v2\/product\/25652\/revisions\/169102"}],"wp:featuredmedia":[{"embeddable":true,"href":"https:\/\/www.ferberpainting.com\/lv\/wp-json\/wp\/v2\/media\/27456"}],"wp:attachment":[{"href":"https:\/\/www.ferberpainting.com\/lv\/wp-json\/wp\/v2\/media?parent=25652"}],"wp:term":[{"taxonomy":"product_brand","embeddable":true,"href":"https:\/\/www.ferberpainting.com\/lv\/wp-json\/wp\/v2\/product_brand?post=25652"},{"taxonomy":"product_cat","embeddable":true,"href":"https:\/\/www.ferberpainting.com\/lv\/wp-json\/wp\/v2\/product_cat?post=25652"},{"taxonomy":"product_tag","embeddable":true,"href":"https:\/\/www.ferberpainting.com\/lv\/wp-json\/wp\/v2\/product_tag?post=25652"}],"curies":[{"name":"wp","href":"https:\/\/api.w.org\/{rel}","templated":true}]}}