{"id":25624,"date":"2025-06-30T18:32:15","date_gmt":"2025-06-30T16:32:15","guid":{"rendered":"https:\/\/www.ferberpainting.com\/?post_type=product&#038;p=25612"},"modified":"2026-02-16T14:19:12","modified_gmt":"2026-02-16T13:19:12","slug":"vinyl-and-pvc-floor-cleaner","status":"publish","type":"product","link":"https:\/\/www.ferberpainting.com\/lv\/products\/vinyl-and-pvc-floor-cleaner\/","title":{"rendered":"Vinila un PVC gr\u012bdu t\u012br\u012b\u0161anas l\u012bdzeklis"},"content":{"rendered":"<p><strong><img decoding=\"async\" style=\"margin-right: 12px;\" src=\"https:\/\/www.ferberpainting.com\/wp-content\/uploads\/2026\/02\/Check.svg\" alt=\"\" width=\"18\" height=\"15\" \/>Optim\u0101la efektivit\u0101te.<\/strong>\u00a0\u0160is vinila un PVC gr\u012bdu t\u012br\u012b\u0161anas l\u012bdzeklis ir \u012bpa\u0161i izstr\u0101d\u0101ts, lai efekt\u012bvi no\u0146emtu net\u012brumus, putek\u013cus, taukus un p\u0113du nospiedumus, neboj\u0101jot virsmu. T\u0101 sp\u0113c\u012bg\u0101, bet saudz\u012bg\u0101 formula iek\u013c\u016bst dzi\u013ci, lai iz\u0161\u0137\u012bdin\u0101tu net\u012brumus, vienlaikus saglab\u0101jot virsmu, nodro\u0161inot nevainojamu t\u012br\u012bbu un ikdienas sp\u012bdumu.<\/p>\n<p><strong><img decoding=\"async\" style=\"margin-right: 12px;\" src=\"https:\/\/www.ferberpainting.com\/wp-content\/uploads\/2026\/02\/Check.svg\" alt=\"\" width=\"18\" height=\"15\" \/>Naudas atmaksas garantija.<\/strong>\u00a0M\u0113s esam piln\u012bb\u0101 p\u0101rliecin\u0101ti par m\u016bsu t\u012br\u012b\u0161anas l\u012bdzek\u013ca veiktsp\u0113ju. Ja p\u0113c lieto\u0161anas neesat piln\u012bb\u0101 apmierin\u0101ts, jums ir ties\u012bbas sa\u0146emt pilnu kompens\u0101ciju. Izm\u0113\u0123iniet m\u016bsu produktu bez riska un bez piep\u016bles atjaunojiet jaunu sp\u012bdumu sav\u0101m gr\u012bd\u0101m.<\/p>\n<p><strong><img decoding=\"async\" style=\"margin-right: 12px;\" src=\"https:\/\/www.ferberpainting.com\/wp-content\/uploads\/2026\/02\/Check.svg\" alt=\"\" width=\"18\" height=\"15\" \/>Izcila daudzpus\u012bba.<\/strong> \u0160is t\u012br\u012b\u0161anas l\u012bdzeklis nav paredz\u0113ts tikai vinila un PVC gr\u012bd\u0101m, tas ir efekt\u012bvs ar\u012b uz cit\u0101m sint\u0113tisk\u0101m virsm\u0101m, piem\u0113ram, linoleju, gumijas gr\u012bd\u0101m, plastific\u0113t\u0101m gr\u012bd\u0101m un sve\u0137u p\u0101rkl\u0101jumiem. Tas ir ide\u0101li piem\u0113rots m\u0101jok\u013ciem, birojiem, vesel\u012bbas apr\u016bpes iest\u0101d\u0113m, veikaliem un viegl\u0101s r\u016bpniec\u012bbas telp\u0101m, nodro\u0161inot uzticamu t\u012br\u012b\u0161anu visda\u017e\u0101d\u0101kaj\u0101m virsm\u0101m.<\/p>\n<p><strong><img decoding=\"async\" style=\"margin-right: 12px;\" src=\"https:\/\/www.ferberpainting.com\/wp-content\/uploads\/2026\/02\/Check.svg\" alt=\"\" width=\"18\" height=\"15\" \/>Ekonomisk\u0101 efektivit\u0101te.<\/strong>\u00a0Pateicoties t\u0101 5 litru form\u0101tam un \u012bpa\u0161i efekt\u012bvai formulai, \u0161is t\u012br\u012b\u0161anas l\u012bdzeklis nodro\u0161ina izcilu v\u0113rt\u012bbu. Ar nelielu daudzumu pietiek lielu virsmu t\u012br\u012b\u0161anai, t\u0101d\u0113j\u0101di samazinot atkritumu daudzumu. Viens litrs vid\u0113ji izt\u012bra l\u012bdz 100 m\u00b2, padarot \u0161o t\u012br\u012b\u0161anas l\u012bdzekli par rentablu un ilgnotur\u012bgu risin\u0101jumu, jo \u012bpa\u0161i viet\u0101s ar lielu satiksmes intensit\u0101ti.<\/p>\n<p><strong><img decoding=\"async\" style=\"margin-right: 12px;\" src=\"https:\/\/www.ferberpainting.com\/wp-content\/uploads\/2026\/02\/Check.svg\" alt=\"\" width=\"18\" height=\"15\" \/>Dro\u0161a lieto\u0161ana.<\/strong>\u00a0At\u0161\u0137ir\u012bb\u0101 no asiem \u0161\u0137\u012bdin\u0101t\u0101ju b\u0101zes produktiem \u0161is t\u012br\u012b\u0161anas l\u012bdzeklis nesatur kod\u012bgas vielas vai kait\u012bgas vielas. Tas neizdala kairino\u0161us tvaikus un ir piln\u012bgi dro\u0161s b\u0113rniem un m\u0101jdz\u012bvniekiem. Pateicoties sabalans\u0113tam pH, tas nodro\u0161ina saudz\u012bgu p\u0101rkl\u0101juma kop\u0161anu, neatst\u0101jot slidenas paliekas p\u0113c uzkl\u0101\u0161anas.<\/p>\n<p><strong><img decoding=\"async\" style=\"margin-right: 12px;\" src=\"https:\/\/www.ferberpainting.com\/wp-content\/uploads\/2026\/02\/Check.svg\" alt=\"\" width=\"18\" height=\"15\" \/>Lieto\u0161anas \u0113rtums.<\/strong>\u00a0\u0160is produkts ir gatavs lieto\u0161anai, un to nav nepiecie\u0161ams at\u0161\u0137aid\u012bt vai sare\u017e\u0123\u012bti sagatavot. To var uzkl\u0101t tie\u0161i ar mopu, mikro\u0161\u0137iedras dr\u0101nu vai autom\u0101tisko skrubi. T\u0101 \u0101tr\u0101 un viegla iedarb\u012bba atvieglo t\u012br\u012b\u0161anu gan m\u0101j\u0101s, gan komerci\u0101los apst\u0101k\u013cos.<\/p>\n<p><strong><img decoding=\"async\" style=\"margin-right: 12px;\" src=\"https:\/\/www.ferberpainting.com\/wp-content\/uploads\/2026\/02\/Check.svg\" alt=\"\" width=\"18\" height=\"15\" \/>Ilgsto\u0161a iztur\u012bba.<\/strong>\u00a0No\u0146emot atlikumus un aizsarg\u0101jot virsmu, \u0161is t\u012br\u012b\u0161anas l\u012bdzeklis paildzina vinila un PVC gr\u012bdas segumu kalpo\u0161anas laiku. Tas pal\u012bdz nov\u0113rst priek\u0161laic\u012bgu nodilumu, sp\u012bduma zudumu un net\u012brumu uzkr\u0101\u0161anos, saglab\u0101jot gr\u012bdas skaistu izskatu laika gait\u0101 bez bie\u017eas atjauno\u0161anas.<\/p>\n<p><strong><img decoding=\"async\" style=\"margin-right: 12px;\" src=\"https:\/\/www.ferberpainting.com\/wp-content\/uploads\/2026\/02\/Check.svg\" alt=\"\" width=\"18\" height=\"15\" \/>\u0100tra darb\u012bba.<\/strong>\u00a0Pateicoties \u012bpa\u0161i rea\u0123\u0113tsp\u0113j\u012bgajai formulai, \u0161is t\u012br\u012b\u0161anas l\u012bdzeklis nekav\u0113joties iedarbojas uz net\u012brumiem un traipiem. Tikai da\u017eu min\u016b\u0161u laik\u0101 tas iz\u0161\u0137\u012bdina net\u012brumus un \u013cauj tos viegli no\u0146emt bez intens\u012bvas t\u012br\u012b\u0161anas. Tas \u0101tri no\u017e\u016bst, nov\u0113r\u0161ot sl\u012bd\u0113\u0161anas risku un \u013caujot nekav\u0113joties atk\u0101rtoti izmantot not\u012br\u012bto virsmu.<\/p>\n<h2><strong>Lieto\u0161anas instrukcijas<\/strong><\/h2>\n<ul>\n<li><strong>Sagatavo\u0161ana <\/strong>: Pirms produkta uzkl\u0101\u0161anas p\u0101rliecinieties, ka uz virsmas nav putek\u013cu un gru\u017eu, slaucot vai putek\u013cus\u016bcot.<\/li>\n<li><strong>Manu\u0101la piem\u0113ro\u0161ana <\/strong>: Nelielu daudzumu t\u012br\u012b\u0161anas l\u012bdzek\u013ca uzlejiet uz t\u012bras mopes vai mikro\u0161\u0137iedras dr\u0101nas, p\u0113c tam ar ap\u013cveida kust\u012bb\u0101m vienm\u0113r\u012bgi izkl\u0101jiet uz gr\u012bdas.<\/li>\n<li><strong>Lieto\u0161ana ar autom\u0101tisko skruberi <\/strong>: Piepildiet skrubera tvertni ar neat\u0161\u0137aid\u012btu t\u012br\u012b\u0161anas l\u012bdzekli, p\u0113c tam darbiniet iek\u0101rtu saska\u0146\u0101 ar ra\u017eot\u0101ja nor\u0101d\u012bjumiem.<\/li>\n<li><strong>T\u012br\u012b\u0161ana un apdare <\/strong>: \u013baujiet tai da\u017eas min\u016btes nost\u0101v\u0113ties, lai iz\u0161\u0137\u012bdin\u0101tu net\u012brumus, p\u0113c tam noslaukiet ar t\u012bru, mitru mopu vai dr\u0101nu. Standarta lieto\u0161anai skalo\u0161ana nav nepiecie\u0161ama.<\/li>\n<li><strong>\u017d\u0101v\u0113\u0161ana <\/strong>: \u013baujiet gr\u012bdai dabiski iz\u017e\u016bt. Pateicoties \u0101tri \u017e\u016bsto\u0161ajai formulai, t\u0101 b\u016bs gatava lieto\u0161anai da\u017eu min\u016b\u0161u laik\u0101.<\/li>\n<li><strong>Lieto\u0161anas bie\u017eums <\/strong>: Lietojiet katru dienu viet\u0101s ar lielu satiksmes intensit\u0101ti vai reizi vai divas reizes ned\u0113\u013c\u0101 regul\u0101rai uztur\u0113\u0161anai, lai saglab\u0101tu j\u016bsu gr\u012bdu t\u012bru un bez \u0161v\u012bk\u0101m.<\/li>\n<li><strong>Uzglab\u0101\u0161ana <\/strong>: P\u0113c katras lieto\u0161anas reizes cie\u0161i aiztaisiet trauku un uzglab\u0101jiet v\u0113s\u0101, saus\u0101 viet\u0101, pasarg\u0101jot no gaismas un p\u0101rm\u0113r\u012bgas temperat\u016bras, lai saglab\u0101tu visas produkta \u012bpa\u0161\u012bbas.<\/li>\n<\/ul>\n<p>Izmantojot m\u016bsu vinila un PVC gr\u012bdas t\u012br\u012b\u0161anas l\u012bdzekli, nodro\u0161iniet efekt\u012bvus, dro\u0161us un \u0101trus virsmas kop\u0161anas darbus, vienlaikus laika gait\u0101 uzlabojot t\u0101s sp\u012bdumu un ilgm\u016b\u017e\u012bbu.<\/p>","protected":false},"excerpt":{"rendered":"<p>Optimal Effectiveness.\u00a0This vinyl and PVC floor cleaner is specially formulated to effectively remove dirt, dust, grease, and footprint residues without damaging the surface. Its powerful yet gentle formula penetrates deep to dissolve impurities while preserving the finish, ensuring impeccable cleanliness and daily shine. Money-back guarantee.\u00a0We have full confidence in our cleaner\u2019s performance. If you are [&hellip;]<\/p>\n","protected":false},"featured_media":35807,"comment_status":"open","ping_status":"closed","template":"","meta":{"_uag_custom_page_level_css":"","site-sidebar-layout":"default","site-content-layout":"","ast-site-content-layout":"default","site-content-style":"default","site-sidebar-style":"default","ast-global-header-display":"","ast-banner-title-visibility":"","ast-main-header-display":"","ast-hfb-above-header-display":"","ast-hfb-below-header-display":"","ast-hfb-mobile-header-display":"","site-post-title":"","ast-breadcrumbs-content":"","ast-featured-img":"","footer-sml-layout":"","ast-disable-related-posts":"","theme-transparent-header-meta":"default","adv-header-id-meta":"","stick-header-meta":"","header-above-stick-meta":"","header-main-stick-meta":"","header-below-stick-meta":"","astra-migrate-meta-layouts":"set","ast-page-background-enabled":"default","ast-page-background-meta":{"desktop":{"background-color":"var(--ast-global-color-4)","background-image":"","background-repeat":"repeat","background-position":"center center","background-size":"auto","background-attachment":"scroll","background-type":"","background-media":"","overlay-type":"","overlay-color":"","overlay-opacity":"","overlay-gradient":""},"tablet":{"background-color":"","background-image":"","background-repeat":"repeat","background-position":"center center","background-size":"auto","background-attachment":"scroll","background-type":"","background-media":"","overlay-type":"","overlay-color":"","overlay-opacity":"","overlay-gradient":""},"mobile":{"background-color":"","background-image":"","background-repeat":"repeat","background-position":"center center","background-size":"auto","background-attachment":"scroll","background-type":"","background-media":"","overlay-type":"","overlay-color":"","overlay-opacity":"","overlay-gradient":""}},"ast-content-background-meta":{"desktop":{"background-color":"var(--ast-global-color-5)","background-image":"","background-repeat":"repeat","background-position":"center center","background-size":"auto","background-attachment":"scroll","background-type":"","background-media":"","overlay-type":"","overlay-color":"","overlay-opacity":"","overlay-gradient":""},"tablet":{"background-color":"var(--ast-global-color-5)","background-image":"","background-repeat":"repeat","background-position":"center center","background-size":"auto","background-attachment":"scroll","background-type":"","background-media":"","overlay-type":"","overlay-color":"","overlay-opacity":"","overlay-gradient":""},"mobile":{"background-color":"var(--ast-global-color-5)","background-image":"","background-repeat":"repeat","background-position":"center center","background-size":"auto","background-attachment":"scroll","background-type":"","background-media":"","overlay-type":"","overlay-color":"","overlay-opacity":"","overlay-gradient":""}}},"product_brand":[],"product_cat":[175],"product_tag":[],"class_list":{"0":"post-25624","1":"product","2":"type-product","3":"status-publish","4":"has-post-thumbnail","6":"product_cat-cleaning-products","7":"desktop-align-left","8":"tablet-align-left","9":"mobile-align-left","11":"first","12":"instock","13":"sale","14":"taxable","15":"shipping-taxable","16":"purchasable","17":"product-type-variable","18":"has-default-attributes"},"spectra_custom_meta":{"_visibility":["visible"],"_shopify_product_id":["9102334492917"],"_s2w_shopify_domain":["ferberpainting.myshopify.com"],"_shopify_variant_id":["46615976870133"],"_sku":[""],"_manage_stock":["no"],"total_sales":["32"],"_tax_status":["taxable"],"_tax_class":[""],"_backorders":["no"],"_sold_individually":["no"],"_virtual":["no"],"_downloadable":["no"],"_download_limit":["-1"],"_download_expiry":["-1"],"_stock":[null],"_stock_status":["instock"],"_wc_average_rating":["5.00"],"_wc_review_count":["15"],"_product_attributes":["a:1:{s:6:\"volume\";a:6:{s:4:\"name\";s:6:\"Volume\";s:5:\"value\";s:20:\"5 liters | 25 liters\";s:8:\"position\";i:1;s:10:\"is_visible\";i:0;s:12:\"is_variation\";i:1;s:11:\"is_taxonomy\";i:0;}}"],"_product_version":["10.5.1"],"wpse_downloadable_file_names":[""],"wpse_downloadable_file_urls":[""],"_edit_last":["1"],"_default_attributes":["a:1:{s:6:\"volume\";s:8:\"5 liters\";}"],"_edit_lock":["1771247836:1"],"merchant-center-availability":["yes"],"merchant-center-category":["4977"],"_thumbnail_id":["35807"],"_wp_page_template":["default"],"_wp_old_date":["2025-05-26"],"_product_image_gallery":["35808"],"site-sidebar-layout":["default"],"ast-site-content-layout":["default"],"site-content-style":["default"],"site-sidebar-style":["default"],"theme-transparent-header-meta":["default"],"_price":["29.90","129.90"],"_wc_rating_count":["a:1:{i:5;i:15;}"],"astra-migrate-meta-layouts":["set"],"_uag_css_file_name":["uag-css-25624.css"],"_elementor_page_assets":["a:0:{}"],"_uag_page_assets":["a:9:{s:3:\"css\";s:7133:\".uag-blocks-common-selector{z-index:var(--z-index-desktop) !important}@media(max-width: 976px){.uag-blocks-common-selector{z-index:var(--z-index-tablet) !important}}@media(max-width: 767px){.uag-blocks-common-selector{z-index:var(--z-index-mobile) !important}}.wp-block-uagb-image{display:flex}.wp-block-uagb-image__figure{position:relative;display:flex;flex-direction:column;max-width:100%;height:auto;margin:0}.wp-block-uagb-image__figure img{height:auto;display:flex;max-width:100%;transition:box-shadow .2s ease}.wp-block-uagb-image__figure>a{display:inline-block}.wp-block-uagb-image__figure figcaption{text-align:center;margin-top:.5em;margin-bottom:1em}.wp-block-uagb-image .components-placeholder.block-editor-media-placeholder .components-placeholder__instructions{align-self:center}.wp-block-uagb-image--align-left{text-align:left}.wp-block-uagb-image--align-right{text-align:right}.wp-block-uagb-image--align-center{text-align:center}.wp-block-uagb-image--align-full .wp-block-uagb-image__figure{margin-left:calc(50% - 50vw);margin-right:calc(50% - 50vw);max-width:100vw;width:100vw;height:auto}.wp-block-uagb-image--align-full .wp-block-uagb-image__figure img{height:auto;width:100% !important}.wp-block-uagb-image--align-wide .wp-block-uagb-image__figure img{height:auto;width:100%}.wp-block-uagb-image--layout-overlay__color-wrapper{position:absolute;left:0;top:0;right:0;bottom:0;opacity:.2;background:rgba(0,0,0,.5);transition:opacity .35s ease-in-out}.wp-block-uagb-image--layout-overlay-link{position:absolute;left:0;right:0;bottom:0;top:0}.wp-block-uagb-image--layout-overlay .wp-block-uagb-image__figure:hover .wp-block-uagb-image--layout-overlay__color-wrapper{opacity:1}.wp-block-uagb-image--layout-overlay__inner{position:absolute;left:15px;right:15px;bottom:15px;top:15px;display:flex;align-items:center;justify-content:center;flex-direction:column;border-color:#fff;transition:.35s ease-in-out}.wp-block-uagb-image--layout-overlay__inner.top-left,.wp-block-uagb-image--layout-overlay__inner.top-center,.wp-block-uagb-image--layout-overlay__inner.top-right{justify-content:flex-start}.wp-block-uagb-image--layout-overlay__inner.bottom-left,.wp-block-uagb-image--layout-overlay__inner.bottom-center,.wp-block-uagb-image--layout-overlay__inner.bottom-right{justify-content:flex-end}.wp-block-uagb-image--layout-overlay__inner.top-left,.wp-block-uagb-image--layout-overlay__inner.center-left,.wp-block-uagb-image--layout-overlay__inner.bottom-left{align-items:flex-start}.wp-block-uagb-image--layout-overlay__inner.top-right,.wp-block-uagb-image--layout-overlay__inner.center-right,.wp-block-uagb-image--layout-overlay__inner.bottom-right{align-items:flex-end}.wp-block-uagb-image--layout-overlay__inner .uagb-image-heading{color:#fff;transition:transform .35s,opacity .35s ease-in-out;transform:translate3d(0, 24px, 0);margin:0;line-height:1em}.wp-block-uagb-image--layout-overlay__inner .uagb-image-separator{width:30%;border-top-width:2px;border-top-color:#fff;border-top-style:solid;margin-bottom:10px;opacity:0;transition:transform .4s,opacity .4s ease-in-out;transform:translate3d(0, 30px, 0)}.wp-block-uagb-image--layout-overlay__inner .uagb-image-caption{opacity:0;overflow:visible;color:#fff;transition:transform .45s,opacity .45s ease-in-out;transform:translate3d(0, 35px, 0)}.wp-block-uagb-image--layout-overlay__inner:hover .uagb-image-heading,.wp-block-uagb-image--layout-overlay__inner:hover .uagb-image-separator,.wp-block-uagb-image--layout-overlay__inner:hover .uagb-image-caption{opacity:1;transform:translate3d(0, 0, 0)}.wp-block-uagb-image--effect-zoomin .wp-block-uagb-image__figure img,.wp-block-uagb-image--effect-zoomin .wp-block-uagb-image__figure .wp-block-uagb-image--layout-overlay__color-wrapper{transform:scale(1);transition:transform .35s ease-in-out}.wp-block-uagb-image--effect-zoomin .wp-block-uagb-image__figure:hover img,.wp-block-uagb-image--effect-zoomin .wp-block-uagb-image__figure:hover .wp-block-uagb-image--layout-overlay__color-wrapper{transform:scale(1.05)}.wp-block-uagb-image--effect-slide .wp-block-uagb-image__figure img,.wp-block-uagb-image--effect-slide .wp-block-uagb-image__figure .wp-block-uagb-image--layout-overlay__color-wrapper{width:calc(100% + 40px) !important;max-width:none !important;transform:translate3d(-40px, 0, 0);transition:transform .35s ease-in-out}.wp-block-uagb-image--effect-slide .wp-block-uagb-image__figure:hover img,.wp-block-uagb-image--effect-slide .wp-block-uagb-image__figure:hover .wp-block-uagb-image--layout-overlay__color-wrapper{transform:translate3d(0, 0, 0)}.wp-block-uagb-image--effect-grayscale img{filter:grayscale(0%);transition:.35s ease-in-out}.wp-block-uagb-image--effect-grayscale:hover img{filter:grayscale(100%)}.wp-block-uagb-image--effect-blur img{filter:blur(0);transition:.35s ease-in-out}.wp-block-uagb-image--effect-blur:hover img{filter:blur(3px)}.uagb-block-e6f939b3.wp-block-uagb-image--layout-default figure img{box-shadow: 0px 0px 0 #00000070;}.uagb-block-e6f939b3.wp-block-uagb-image .wp-block-uagb-image__figure figcaption{font-style: normal;align-self: center;}.uagb-block-e6f939b3.wp-block-uagb-image--layout-overlay figure img{box-shadow: 0px 0px 0 #00000070;}.uagb-block-e6f939b3.wp-block-uagb-image--layout-overlay .wp-block-uagb-image--layout-overlay__color-wrapper{opacity: 0.2;}.uagb-block-e6f939b3.wp-block-uagb-image--layout-overlay .wp-block-uagb-image--layout-overlay__inner{left: 15px;right: 15px;top: 15px;bottom: 15px;}.uagb-block-e6f939b3.wp-block-uagb-image--layout-overlay .wp-block-uagb-image--layout-overlay__inner .uagb-image-heading{font-style: normal;color: #fff;opacity: 1;}.uagb-block-e6f939b3.wp-block-uagb-image--layout-overlay .wp-block-uagb-image--layout-overlay__inner .uagb-image-heading a{color: #fff;}.uagb-block-e6f939b3.wp-block-uagb-image--layout-overlay .wp-block-uagb-image--layout-overlay__inner .uagb-image-caption{opacity: 0;}.uagb-block-e6f939b3.wp-block-uagb-image--layout-overlay .wp-block-uagb-image__figure:hover .wp-block-uagb-image--layout-overlay__color-wrapper{opacity: 1;}.uagb-block-e6f939b3.wp-block-uagb-image .wp-block-uagb-image--layout-overlay__inner .uagb-image-separator{width: 30%;border-top-width: 2px;border-top-color: #fff;opacity: 0;}.uagb-block-e6f939b3.wp-block-uagb-image .wp-block-uagb-image__figure img{width: px;height: auto;}.uagb-block-e6f939b3.wp-block-uagb-image .wp-block-uagb-image__figure:hover .wp-block-uagb-image--layout-overlay__inner .uagb-image-caption{opacity: 1;}.uagb-block-e6f939b3.wp-block-uagb-image .wp-block-uagb-image__figure:hover .wp-block-uagb-image--layout-overlay__inner .uagb-image-separator{opacity: 1;}.uagb-block-e6f939b3.wp-block-uagb-image--layout-default figure:hover img{box-shadow: 0px 0px 0 #00000070;}.uagb-block-e6f939b3.wp-block-uagb-image--layout-overlay figure:hover img{box-shadow: 0px 0px 0 #00000070;}@media only screen and (max-width: 976px) {.uagb-block-e6f939b3.wp-block-uagb-image .wp-block-uagb-image__figure img{width: px;height: auto;}}@media only screen and (max-width: 767px) {.uagb-block-e6f939b3.wp-block-uagb-image .wp-block-uagb-image__figure img{width: px;height: auto;}}\";s:2:\"js\";s:0:\"\";s:18:\"current_block_list\";a:13:{i:0;s:11:\"core\/search\";i:1;s:10:\"core\/group\";i:2;s:12:\"core\/heading\";i:3;s:17:\"core\/latest-posts\";i:4;s:20:\"core\/latest-comments\";i:5;s:13:\"core\/archives\";i:6;s:15:\"core\/categories\";i:7;s:14:\"core\/paragraph\";i:8;s:10:\"uagb\/image\";i:9;s:11:\"core\/spacer\";i:10;s:30:\"woocommerce\/product-categories\";i:11;s:10:\"core\/image\";i:12;s:14:\"core\/shortcode\";}s:8:\"uag_flag\";b:1;s:11:\"uag_version\";s:10:\"1777229697\";s:6:\"gfonts\";a:0:{}s:10:\"gfonts_url\";s:0:\"\";s:12:\"gfonts_files\";a:0:{}s:14:\"uag_faq_layout\";b:0;}"]},"uagb_featured_image_src":{"full":["https:\/\/www.ferberpainting.com\/wp-content\/uploads\/2025\/05\/Vinyl-and-PVC-Floor-Cleaner-5L.png",2560,2560,false],"thumbnail":["https:\/\/www.ferberpainting.com\/wp-content\/uploads\/2025\/05\/Vinyl-and-PVC-Floor-Cleaner-5L-150x150.png",150,150,true],"medium":["https:\/\/www.ferberpainting.com\/wp-content\/uploads\/2025\/05\/Vinyl-and-PVC-Floor-Cleaner-5L-300x300.png",300,300,true],"medium_large":["https:\/\/www.ferberpainting.com\/wp-content\/uploads\/2025\/05\/Vinyl-and-PVC-Floor-Cleaner-5L-768x768.png",768,768,true],"large":["https:\/\/www.ferberpainting.com\/wp-content\/uploads\/2025\/05\/Vinyl-and-PVC-Floor-Cleaner-5L-1024x1024.png",1024,1024,true],"1536x1536":["https:\/\/www.ferberpainting.com\/wp-content\/uploads\/2025\/05\/Vinyl-and-PVC-Floor-Cleaner-5L-1536x1536.png",1536,1536,true],"2048x2048":["https:\/\/www.ferberpainting.com\/wp-content\/uploads\/2025\/05\/Vinyl-and-PVC-Floor-Cleaner-5L-2048x2048.png",2048,2048,true],"trp-custom-language-flag":["https:\/\/www.ferberpainting.com\/wp-content\/uploads\/2025\/05\/Vinyl-and-PVC-Floor-Cleaner-5L-12x12.png",12,12,true],"woocommerce_thumbnail":["https:\/\/www.ferberpainting.com\/wp-content\/uploads\/2025\/05\/Vinyl-and-PVC-Floor-Cleaner-5L-300x300.png",300,300,true],"woocommerce_single":["https:\/\/www.ferberpainting.com\/wp-content\/uploads\/2025\/05\/Vinyl-and-PVC-Floor-Cleaner-5L-600x600.png",600,600,true],"woocommerce_gallery_thumbnail":["https:\/\/www.ferberpainting.com\/wp-content\/uploads\/2025\/05\/Vinyl-and-PVC-Floor-Cleaner-5L-100x100.png",100,100,true]},"uagb_author_info":{"display_name":"admin","author_link":"https:\/\/www.ferberpainting.com\/lv\/author\/"},"uagb_comment_info":15,"uagb_excerpt":"Optimal Effectiveness.\u00a0This vinyl and PVC floor cleaner is specially formulated to effectively remove dirt, dust, grease, and footprint residues without damaging the surface. Its powerful yet gentle formula penetrates deep to dissolve impurities while preserving the finish, ensuring impeccable cleanliness and daily shine. Money-back guarantee.\u00a0We have full confidence in our cleaner\u2019s performance. If you are&hellip;","_links":{"self":[{"href":"https:\/\/www.ferberpainting.com\/lv\/wp-json\/wp\/v2\/product\/25624","targetHints":{"allow":["GET"]}}],"collection":[{"href":"https:\/\/www.ferberpainting.com\/lv\/wp-json\/wp\/v2\/product"}],"about":[{"href":"https:\/\/www.ferberpainting.com\/lv\/wp-json\/wp\/v2\/types\/product"}],"replies":[{"embeddable":true,"href":"https:\/\/www.ferberpainting.com\/lv\/wp-json\/wp\/v2\/comments?post=25624"}],"version-history":[{"count":4,"href":"https:\/\/www.ferberpainting.com\/lv\/wp-json\/wp\/v2\/product\/25624\/revisions"}],"predecessor-version":[{"id":167527,"href":"https:\/\/www.ferberpainting.com\/lv\/wp-json\/wp\/v2\/product\/25624\/revisions\/167527"}],"wp:featuredmedia":[{"embeddable":true,"href":"https:\/\/www.ferberpainting.com\/lv\/wp-json\/wp\/v2\/media\/35807"}],"wp:attachment":[{"href":"https:\/\/www.ferberpainting.com\/lv\/wp-json\/wp\/v2\/media?parent=25624"}],"wp:term":[{"taxonomy":"product_brand","embeddable":true,"href":"https:\/\/www.ferberpainting.com\/lv\/wp-json\/wp\/v2\/product_brand?post=25624"},{"taxonomy":"product_cat","embeddable":true,"href":"https:\/\/www.ferberpainting.com\/lv\/wp-json\/wp\/v2\/product_cat?post=25624"},{"taxonomy":"product_tag","embeddable":true,"href":"https:\/\/www.ferberpainting.com\/lv\/wp-json\/wp\/v2\/product_tag?post=25624"}],"curies":[{"name":"wp","href":"https:\/\/api.w.org\/{rel}","templated":true}]}}