{"id":25621,"date":"2025-05-26T10:32:50","date_gmt":"2025-05-26T08:32:50","guid":{"rendered":"https:\/\/www.ferberpainting.com\/products\/verbena-fertilizer\/"},"modified":"2026-02-16T14:16:24","modified_gmt":"2026-02-16T13:16:24","slug":"verbena-fertilizer","status":"publish","type":"product","link":"https:\/\/www.ferberpainting.com\/lv\/products\/verbena-fertilizer\/","title":{"rendered":"Verb\u0113nas m\u0113slojums"},"content":{"rendered":"<p><strong><img decoding=\"async\" style=\"margin-right: 12px;\" src=\"https:\/\/www.ferberpainting.com\/wp-content\/uploads\/2026\/02\/Check.svg\" alt=\"\" width=\"18\" height=\"15\" \/>Ide\u0101ls m\u0113slojums plauksto\u0161\u0101m un sp\u0113c\u012bg\u0101m verben\u0101m.<\/strong>\u00a0Arom\u0101tiskaj\u0101m vai dekorat\u012bvaj\u0101m verben\u0101m nepiecie\u0161ama sabalans\u0113ta bar\u012bbas vielu padeve, lai nodro\u0161in\u0101tu vesel\u012bgu aug\u0161anu, bl\u012bvu lapotni un ilgsto\u0161u zied\u0113\u0161anu. \u0160is m\u0113slojums ar NPK attiec\u012bbu 15-15-15 nodro\u0161ina svar\u012bg\u0101k\u0101s bar\u012bbas vielas vis\u0101m verbenas \u0161\u0137irn\u0113m, veicinot sak\u0146u att\u012bst\u012bbu, iztur\u012bbu pret slim\u012bb\u0101m un bag\u0101t\u012bgu zied\u0113\u0161anu.<\/p>\n<p><strong><img decoding=\"async\" style=\"margin-right: 12px;\" src=\"https:\/\/www.ferberpainting.com\/wp-content\/uploads\/2026\/02\/Check.svg\" alt=\"\" width=\"18\" height=\"15\" \/>Naudas atmaksas garantija.<\/strong>\u00a0M\u0113s esam p\u0101rliecin\u0101ti par m\u016bsu m\u0113slojuma efektivit\u0101ti verb\u0113nu aug\u0161anas un zied\u0113\u0161anas stimul\u0113\u0161anai. Tom\u0113r, ja p\u0113c pareizas lieto\u0161anas saska\u0146\u0101 ar ieteikumiem j\u016bs nepaman\u012bsiet b\u016btiskus uzlabojumus, jums ir ties\u012bbas sa\u0146emt pilnu naudas atmaksu.<\/p>\n<p><strong><img decoding=\"async\" style=\"margin-right: 12px;\" src=\"https:\/\/www.ferberpainting.com\/wp-content\/uploads\/2026\/02\/Check.svg\" alt=\"\" width=\"18\" height=\"15\" \/>Sader\u012bgs ar visu veidu substr\u0101tiem.<\/strong>\u00a0\u0160is m\u0113slojums ir izstr\u0101d\u0101ts t\u0101, lai piel\u0101gotos visiem audz\u0113\u0161anas apst\u0101k\u013ciem - gan atkl\u0101t\u0101 lauk\u0101, gan podos, st\u0101dos vai siltumn\u012bc\u0101s. Tas lieliski darbojas ar humusu bag\u0101t\u0101s augsn\u0113s, smil\u0161ain\u0101s augsn\u0113s, viegl\u0101s augsn\u0113s un labi dren\u0113jo\u0161os mais\u012bjumos. Tas ir efekt\u012bvs ar\u012b augsn\u0113s, kas papildin\u0101tas ar kompostu, augsni podos vai mul\u010du.<\/p>\n<p><strong><img decoding=\"async\" style=\"margin-right: 12px;\" src=\"https:\/\/www.ferberpainting.com\/wp-content\/uploads\/2026\/02\/Check.svg\" alt=\"\" width=\"18\" height=\"15\" \/>Optimiz\u0113ta un rentabla veiktsp\u0113ja.<\/strong>\u00a0Pateicoties t\u0101 koncentr\u0113tajai formulai, \u0161is m\u0113slojums nodro\u0161ina lielisku ra\u017eu, vienlaikus samazinot atkritumu daudzumu. Ar 5 ml produkta, kas at\u0161\u0137aid\u012bts 1 litr\u0101 \u016bdens, var pagatavot l\u012bdz pat 1000 litriem m\u0113slo\u0161anas \u0161\u0137\u012bduma, garant\u0113jot ekonomisku un ilglaic\u012bgu lieto\u0161anu. Tas ir labi piem\u0113rots gan maziem, gan lieliem kult\u016braugiem.<\/p>\n<p><strong><img decoding=\"async\" style=\"margin-right: 12px;\" src=\"https:\/\/www.ferberpainting.com\/wp-content\/uploads\/2026\/02\/Check.svg\" alt=\"\" width=\"18\" height=\"15\" \/>Videi nekait\u012bgs m\u0113slojums.<\/strong>\u00a0T\u0101 dro\u0161ais sast\u0101vs, kas saudz\u0113 ekosist\u0113mas, \u013cauj bez riska izmantot augsni, mikroorganismus un biolo\u0123isko daudzveid\u012bbu. T\u0101 sast\u0101v\u0101 nav kait\u012bgu \u0137\u012bmisko vielu atlieku un piedevu, t\u0101p\u0113c tas ir ekolo\u0123iskai un ilgtsp\u0113j\u012bgai lauksaimniec\u012bbai piem\u0113rots produkts.<\/p>\n<p><strong><img decoding=\"async\" style=\"margin-right: 12px;\" src=\"https:\/\/www.ferberpainting.com\/wp-content\/uploads\/2026\/02\/Check.svg\" alt=\"\" width=\"18\" height=\"15\" \/>Viegli uzkl\u0101jams un \u0101tri uzs\u016bcas.<\/strong>\u00a0\u0160is m\u0113slojums viegli \u0161\u0137\u012bst \u016bden\u012b, nodro\u0161inot \u0101tru uzs\u016bk\u0161anos sakn\u0113s un lap\u0101s. To var lietot, laistot vai izsmidzinot uz lap\u0101m, t\u0101d\u0113j\u0101di nodro\u0161inot viendab\u012bgu bar\u012bbas vielu dif\u016bziju un t\u016bl\u012bt\u0113ju augu uz\u0146em\u0161anu.<\/p>\n<p><strong><img decoding=\"async\" style=\"margin-right: 12px;\" src=\"https:\/\/www.ferberpainting.com\/wp-content\/uploads\/2026\/02\/Check.svg\" alt=\"\" width=\"18\" height=\"15\" \/>Past\u0101v\u012bga un sabalans\u0113ta bar\u012bbas vielu pieg\u0101de.<\/strong>\u00a0At\u0161\u0137ir\u012bb\u0101 no cietajiem m\u0113slo\u0161anas l\u012bdzek\u013ciem, kas elementus izdala l\u0113ni un nevienm\u0113r\u012bgi, \u0161is \u0161\u0137idrais m\u0113slojums nodro\u0161ina nep\u0101rtrauktu m\u0113slo\u0161anu, veicinot vienm\u0113r\u012bgu aug\u0161anu un ilgsto\u0161u zied\u0113\u0161anu. Tas veicina vesel\u012bgu lapotnes att\u012bst\u012bbu un veicina smar\u017e\u012bgu ziedu veido\u0161anos, vienlaikus saglab\u0101jot auga vitalit\u0101ti.<\/p>\n<p><strong><img decoding=\"async\" style=\"margin-right: 12px;\" src=\"https:\/\/www.ferberpainting.com\/wp-content\/uploads\/2026\/02\/Check.svg\" alt=\"\" width=\"18\" height=\"15\" \/>\u0100tri redzami rezult\u0101ti.<\/strong>\u00a0Jau p\u0113c da\u017e\u0101m ned\u0113\u013c\u0101m j\u016bs paman\u012bsiet liel\u0101ku lapu bl\u012bvumu, liel\u0101ku iztur\u012bbu pret slim\u012bb\u0101m un ilg\u0101ku zied\u0113\u0161anas periodu. \u0160is m\u0113slojums veicina sp\u0113c\u012bgu stubl\u0101ju aug\u0161anu, dzi\u013c\u0101kas saknes un spilgt\u0101kas lapu un ziedu kr\u0101sas.<\/p>\n<p><strong><img decoding=\"async\" style=\"margin-right: 12px;\" src=\"https:\/\/www.ferberpainting.com\/wp-content\/uploads\/2026\/02\/Check.svg\" alt=\"\" width=\"18\" height=\"15\" \/>M\u0113slojums, kas piel\u0101gots verb\u0113nas \u012bpa\u0161aj\u0101m vajadz\u012bb\u0101m.<\/strong>\u00a0Pateicoties ide\u0101lam sl\u0101pek\u013ca, fosfora un k\u0101lija l\u012bdzsvaram, \u0161is m\u0113slojums nodro\u0161ina pilnv\u0113rt\u012bgu un optimiz\u0113tu baro\u0161anu. Tas stimul\u0113 ve\u0123etat\u012bvo aug\u0161anu, c\u012bn\u0101s ar sl\u0101pek\u013ca tr\u016bkumu un pal\u012bdz stiprin\u0101t dabisko iztur\u012bbu pret klimatisko stresu un slim\u012bb\u0101m, nodro\u0161inot vesel\u012bgus un ilgm\u016b\u017e\u012bgus augus.<\/p>\n<h2><strong>Lieto\u0161anas protokols<\/strong><\/h2>\n<ul>\n<li><strong>Pieteik\u0161an\u0101s periods <\/strong>: M\u0113slojumu lietojiet no agra pavasara, turpinot l\u012bdz zied\u0113\u0161anas perioda beig\u0101m, lai uztur\u0113tu vienm\u0113r\u012bgu aug\u0161anu. Samaziniet m\u0113slo\u0161anas bie\u017eumu augu miera f\u0101z\u0113.<\/li>\n<li><strong>\u0160\u0137\u012bduma sagatavo\u0161ana <\/strong>: At\u0161\u0137aidiet 5 ml m\u0113slojuma 1 litr\u0101 \u016bdens, lai ieg\u016btu sabalans\u0113tu \u0161\u0137\u012bdumu, kas gatavs lieto\u0161anai.<\/li>\n<li><strong>Augsnes uzkl\u0101\u0161ana <\/strong>: Laistiet tie\u0161i pie auga pamatnes, uzmanoties, lai augsne neb\u016btu pies\u0101tin\u0101ta un nerastos sak\u0146u puves risks.<\/li>\n<li><strong>Lapu smidzin\u0101\u0161ana <\/strong>: Uzkl\u0101jiet \u0161\u0137\u012bdumu ar vieglu migli\u0146u uz lap\u0101m un stubl\u0101jiem, veicinot \u0101tr\u0101ku bar\u012bbas vielu uzs\u016bk\u0161anos un kopum\u0101 lab\u0101ku aug\u0161anu.<\/li>\n<li><strong>Lieto\u0161anas bie\u017eums <\/strong>: Akt\u012bv\u0101s aug\u0161anas period\u0101 m\u0113slojiet ik p\u0113c 10 l\u012bdz 15 dien\u0101m, bet ziem\u0101 - reizi m\u0113nes\u012b, piel\u0101gojot daudzumu atkar\u012bb\u0101 no auga st\u0101vok\u013ca.<\/li>\n<li><strong>Lieto\u0161anas piesardz\u012bbas pas\u0101kumi <\/strong>: Izvairieties no p\u0101rm\u0113r\u012bgas m\u0113slojuma devas, jo p\u0101rdoz\u0113\u0161ana var izrais\u012bt p\u0101r\u0101k bl\u012bvu lapotni uz zied\u0113\u0161anas r\u0113\u0137ina.<\/li>\n<\/ul>\n<p>Pateicoties \u0161im pilnv\u0113rt\u012bgajam un sabalans\u0113tajam m\u0113slojumam, j\u016bsu verbenas g\u016bs labumu no optim\u0101las bar\u012bbas devas, nodro\u0161inot sp\u0113c\u012bgu aug\u0161anu, ilgsto\u0161u zied\u0113\u0161anu un vesel\u012bgu lapotni.<\/p>","protected":false},"excerpt":{"rendered":"<p>An ideal fertilizer for flourishing and vigorous verbena.\u00a0Verbena, whether aromatic or ornamental, requires a balanced nutrient supply to ensure healthy growth, dense foliage, and prolonged flowering. This fertilizer, formulated with an NPK ratio of 15-15-15, provides essential nutrients to all varieties of verbena, promoting root development, disease resistance, and abundant flower production. Money-back guarantee.\u00a0We are [&hellip;]<\/p>\n","protected":false},"featured_media":27439,"comment_status":"open","ping_status":"closed","template":"","meta":{"_uag_custom_page_level_css":"","site-sidebar-layout":"default","site-content-layout":"","ast-site-content-layout":"default","site-content-style":"default","site-sidebar-style":"default","ast-global-header-display":"","ast-banner-title-visibility":"","ast-main-header-display":"","ast-hfb-above-header-display":"","ast-hfb-below-header-display":"","ast-hfb-mobile-header-display":"","site-post-title":"","ast-breadcrumbs-content":"","ast-featured-img":"","footer-sml-layout":"","ast-disable-related-posts":"","theme-transparent-header-meta":"default","adv-header-id-meta":"","stick-header-meta":"","header-above-stick-meta":"","header-main-stick-meta":"","header-below-stick-meta":"","astra-migrate-meta-layouts":"set","ast-page-background-enabled":"default","ast-page-background-meta":{"desktop":{"background-color":"var(--ast-global-color-4)","background-image":"","background-repeat":"repeat","background-position":"center center","background-size":"auto","background-attachment":"scroll","background-type":"","background-media":"","overlay-type":"","overlay-color":"","overlay-opacity":"","overlay-gradient":""},"tablet":{"background-color":"","background-image":"","background-repeat":"repeat","background-position":"center center","background-size":"auto","background-attachment":"scroll","background-type":"","background-media":"","overlay-type":"","overlay-color":"","overlay-opacity":"","overlay-gradient":""},"mobile":{"background-color":"","background-image":"","background-repeat":"repeat","background-position":"center center","background-size":"auto","background-attachment":"scroll","background-type":"","background-media":"","overlay-type":"","overlay-color":"","overlay-opacity":"","overlay-gradient":""}},"ast-content-background-meta":{"desktop":{"background-color":"var(--ast-global-color-5)","background-image":"","background-repeat":"repeat","background-position":"center center","background-size":"auto","background-attachment":"scroll","background-type":"","background-media":"","overlay-type":"","overlay-color":"","overlay-opacity":"","overlay-gradient":""},"tablet":{"background-color":"var(--ast-global-color-5)","background-image":"","background-repeat":"repeat","background-position":"center center","background-size":"auto","background-attachment":"scroll","background-type":"","background-media":"","overlay-type":"","overlay-color":"","overlay-opacity":"","overlay-gradient":""},"mobile":{"background-color":"var(--ast-global-color-5)","background-image":"","background-repeat":"repeat","background-position":"center center","background-size":"auto","background-attachment":"scroll","background-type":"","background-media":"","overlay-type":"","overlay-color":"","overlay-opacity":"","overlay-gradient":""}}},"product_brand":[],"product_cat":[178],"product_tag":[],"class_list":{"0":"post-25621","1":"product","2":"type-product","3":"status-publish","4":"has-post-thumbnail","6":"product_cat-fertilizers","7":"desktop-align-left","8":"tablet-align-left","9":"mobile-align-left","11":"first","12":"instock","13":"sale","14":"taxable","15":"shipping-taxable","16":"purchasable","17":"product-type-variable","18":"has-default-attributes"},"spectra_custom_meta":{"_visibility":["visible"],"_shopify_product_id":["9073303748853"],"_s2w_shopify_domain":["ferberpainting.myshopify.com"],"_shopify_variant_id":["46524587606261"],"_sku":[""],"_manage_stock":["no"],"total_sales":["0"],"_tax_status":["taxable"],"_tax_class":[""],"_backorders":["no"],"_sold_individually":["no"],"_virtual":["no"],"_downloadable":["no"],"_download_limit":["-1"],"_download_expiry":["-1"],"_stock":[null],"_stock_status":["instock"],"_wc_average_rating":["4.63"],"_wc_review_count":["8"],"_product_attributes":["a:1:{s:6:\"volume\";a:6:{s:4:\"name\";s:6:\"Volume\";s:5:\"value\";s:20:\"5 liters | 25 liters\";s:8:\"position\";i:1;s:10:\"is_visible\";i:0;s:12:\"is_variation\";i:1;s:11:\"is_taxonomy\";i:0;}}"],"_product_version":["10.5.1"],"_thumbnail_id":["27439"],"_product_image_gallery":["27440"],"wpse_downloadable_file_names":[""],"wpse_downloadable_file_urls":[""],"_edit_last":["1"],"_default_attributes":["a:1:{s:6:\"volume\";s:8:\"5 liters\";}"],"_edit_lock":["1771247645:1"],"_price":["29.90","129.90"],"merchant-center-availability":["yes"],"merchant-center-category":["113"],"_wp_page_template":["default"],"site-sidebar-layout":["default"],"ast-site-content-layout":["default"],"site-content-style":["default"],"site-sidebar-style":["default"],"theme-transparent-header-meta":["default"],"_wc_rating_count":["a:2:{i:4;i:3;i:5;i:5;}"],"astra-migrate-meta-layouts":["set"],"_uag_css_file_name":["uag-css-25621.css"],"_elementor_page_assets":["a:0:{}"],"_uag_page_assets":["a:9:{s:3:\"css\";s:7133:\".uag-blocks-common-selector{z-index:var(--z-index-desktop) !important}@media(max-width: 976px){.uag-blocks-common-selector{z-index:var(--z-index-tablet) !important}}@media(max-width: 767px){.uag-blocks-common-selector{z-index:var(--z-index-mobile) !important}}.wp-block-uagb-image{display:flex}.wp-block-uagb-image__figure{position:relative;display:flex;flex-direction:column;max-width:100%;height:auto;margin:0}.wp-block-uagb-image__figure img{height:auto;display:flex;max-width:100%;transition:box-shadow .2s ease}.wp-block-uagb-image__figure>a{display:inline-block}.wp-block-uagb-image__figure figcaption{text-align:center;margin-top:.5em;margin-bottom:1em}.wp-block-uagb-image .components-placeholder.block-editor-media-placeholder .components-placeholder__instructions{align-self:center}.wp-block-uagb-image--align-left{text-align:left}.wp-block-uagb-image--align-right{text-align:right}.wp-block-uagb-image--align-center{text-align:center}.wp-block-uagb-image--align-full .wp-block-uagb-image__figure{margin-left:calc(50% - 50vw);margin-right:calc(50% - 50vw);max-width:100vw;width:100vw;height:auto}.wp-block-uagb-image--align-full .wp-block-uagb-image__figure img{height:auto;width:100% !important}.wp-block-uagb-image--align-wide .wp-block-uagb-image__figure img{height:auto;width:100%}.wp-block-uagb-image--layout-overlay__color-wrapper{position:absolute;left:0;top:0;right:0;bottom:0;opacity:.2;background:rgba(0,0,0,.5);transition:opacity .35s ease-in-out}.wp-block-uagb-image--layout-overlay-link{position:absolute;left:0;right:0;bottom:0;top:0}.wp-block-uagb-image--layout-overlay .wp-block-uagb-image__figure:hover .wp-block-uagb-image--layout-overlay__color-wrapper{opacity:1}.wp-block-uagb-image--layout-overlay__inner{position:absolute;left:15px;right:15px;bottom:15px;top:15px;display:flex;align-items:center;justify-content:center;flex-direction:column;border-color:#fff;transition:.35s ease-in-out}.wp-block-uagb-image--layout-overlay__inner.top-left,.wp-block-uagb-image--layout-overlay__inner.top-center,.wp-block-uagb-image--layout-overlay__inner.top-right{justify-content:flex-start}.wp-block-uagb-image--layout-overlay__inner.bottom-left,.wp-block-uagb-image--layout-overlay__inner.bottom-center,.wp-block-uagb-image--layout-overlay__inner.bottom-right{justify-content:flex-end}.wp-block-uagb-image--layout-overlay__inner.top-left,.wp-block-uagb-image--layout-overlay__inner.center-left,.wp-block-uagb-image--layout-overlay__inner.bottom-left{align-items:flex-start}.wp-block-uagb-image--layout-overlay__inner.top-right,.wp-block-uagb-image--layout-overlay__inner.center-right,.wp-block-uagb-image--layout-overlay__inner.bottom-right{align-items:flex-end}.wp-block-uagb-image--layout-overlay__inner .uagb-image-heading{color:#fff;transition:transform .35s,opacity .35s ease-in-out;transform:translate3d(0, 24px, 0);margin:0;line-height:1em}.wp-block-uagb-image--layout-overlay__inner .uagb-image-separator{width:30%;border-top-width:2px;border-top-color:#fff;border-top-style:solid;margin-bottom:10px;opacity:0;transition:transform .4s,opacity .4s ease-in-out;transform:translate3d(0, 30px, 0)}.wp-block-uagb-image--layout-overlay__inner .uagb-image-caption{opacity:0;overflow:visible;color:#fff;transition:transform .45s,opacity .45s ease-in-out;transform:translate3d(0, 35px, 0)}.wp-block-uagb-image--layout-overlay__inner:hover .uagb-image-heading,.wp-block-uagb-image--layout-overlay__inner:hover .uagb-image-separator,.wp-block-uagb-image--layout-overlay__inner:hover .uagb-image-caption{opacity:1;transform:translate3d(0, 0, 0)}.wp-block-uagb-image--effect-zoomin .wp-block-uagb-image__figure img,.wp-block-uagb-image--effect-zoomin .wp-block-uagb-image__figure .wp-block-uagb-image--layout-overlay__color-wrapper{transform:scale(1);transition:transform .35s ease-in-out}.wp-block-uagb-image--effect-zoomin .wp-block-uagb-image__figure:hover img,.wp-block-uagb-image--effect-zoomin .wp-block-uagb-image__figure:hover .wp-block-uagb-image--layout-overlay__color-wrapper{transform:scale(1.05)}.wp-block-uagb-image--effect-slide .wp-block-uagb-image__figure img,.wp-block-uagb-image--effect-slide .wp-block-uagb-image__figure .wp-block-uagb-image--layout-overlay__color-wrapper{width:calc(100% + 40px) !important;max-width:none !important;transform:translate3d(-40px, 0, 0);transition:transform .35s ease-in-out}.wp-block-uagb-image--effect-slide .wp-block-uagb-image__figure:hover img,.wp-block-uagb-image--effect-slide .wp-block-uagb-image__figure:hover .wp-block-uagb-image--layout-overlay__color-wrapper{transform:translate3d(0, 0, 0)}.wp-block-uagb-image--effect-grayscale img{filter:grayscale(0%);transition:.35s ease-in-out}.wp-block-uagb-image--effect-grayscale:hover img{filter:grayscale(100%)}.wp-block-uagb-image--effect-blur img{filter:blur(0);transition:.35s ease-in-out}.wp-block-uagb-image--effect-blur:hover img{filter:blur(3px)}.uagb-block-e6f939b3.wp-block-uagb-image--layout-default figure img{box-shadow: 0px 0px 0 #00000070;}.uagb-block-e6f939b3.wp-block-uagb-image .wp-block-uagb-image__figure figcaption{font-style: normal;align-self: center;}.uagb-block-e6f939b3.wp-block-uagb-image--layout-overlay figure img{box-shadow: 0px 0px 0 #00000070;}.uagb-block-e6f939b3.wp-block-uagb-image--layout-overlay .wp-block-uagb-image--layout-overlay__color-wrapper{opacity: 0.2;}.uagb-block-e6f939b3.wp-block-uagb-image--layout-overlay .wp-block-uagb-image--layout-overlay__inner{left: 15px;right: 15px;top: 15px;bottom: 15px;}.uagb-block-e6f939b3.wp-block-uagb-image--layout-overlay .wp-block-uagb-image--layout-overlay__inner .uagb-image-heading{font-style: normal;color: #fff;opacity: 1;}.uagb-block-e6f939b3.wp-block-uagb-image--layout-overlay .wp-block-uagb-image--layout-overlay__inner .uagb-image-heading a{color: #fff;}.uagb-block-e6f939b3.wp-block-uagb-image--layout-overlay .wp-block-uagb-image--layout-overlay__inner .uagb-image-caption{opacity: 0;}.uagb-block-e6f939b3.wp-block-uagb-image--layout-overlay .wp-block-uagb-image__figure:hover .wp-block-uagb-image--layout-overlay__color-wrapper{opacity: 1;}.uagb-block-e6f939b3.wp-block-uagb-image .wp-block-uagb-image--layout-overlay__inner .uagb-image-separator{width: 30%;border-top-width: 2px;border-top-color: #fff;opacity: 0;}.uagb-block-e6f939b3.wp-block-uagb-image .wp-block-uagb-image__figure img{width: px;height: auto;}.uagb-block-e6f939b3.wp-block-uagb-image .wp-block-uagb-image__figure:hover .wp-block-uagb-image--layout-overlay__inner .uagb-image-caption{opacity: 1;}.uagb-block-e6f939b3.wp-block-uagb-image .wp-block-uagb-image__figure:hover .wp-block-uagb-image--layout-overlay__inner .uagb-image-separator{opacity: 1;}.uagb-block-e6f939b3.wp-block-uagb-image--layout-default figure:hover img{box-shadow: 0px 0px 0 #00000070;}.uagb-block-e6f939b3.wp-block-uagb-image--layout-overlay figure:hover img{box-shadow: 0px 0px 0 #00000070;}@media only screen and (max-width: 976px) {.uagb-block-e6f939b3.wp-block-uagb-image .wp-block-uagb-image__figure img{width: px;height: auto;}}@media only screen and (max-width: 767px) {.uagb-block-e6f939b3.wp-block-uagb-image .wp-block-uagb-image__figure img{width: px;height: auto;}}\";s:2:\"js\";s:0:\"\";s:18:\"current_block_list\";a:13:{i:0;s:11:\"core\/search\";i:1;s:10:\"core\/group\";i:2;s:12:\"core\/heading\";i:3;s:17:\"core\/latest-posts\";i:4;s:20:\"core\/latest-comments\";i:5;s:13:\"core\/archives\";i:6;s:15:\"core\/categories\";i:7;s:14:\"core\/paragraph\";i:8;s:10:\"uagb\/image\";i:9;s:11:\"core\/spacer\";i:10;s:30:\"woocommerce\/product-categories\";i:11;s:10:\"core\/image\";i:12;s:14:\"core\/shortcode\";}s:8:\"uag_flag\";b:1;s:11:\"uag_version\";s:10:\"1777337448\";s:6:\"gfonts\";a:0:{}s:10:\"gfonts_url\";s:0:\"\";s:12:\"gfonts_files\";a:0:{}s:14:\"uag_faq_layout\";b:0;}"]},"uagb_featured_image_src":{"full":["https:\/\/www.ferberpainting.com\/wp-content\/uploads\/2025\/05\/VerbenaFertilizer5L.png",2560,2560,false],"thumbnail":["https:\/\/www.ferberpainting.com\/wp-content\/uploads\/2025\/05\/VerbenaFertilizer5L-150x150.png",150,150,true],"medium":["https:\/\/www.ferberpainting.com\/wp-content\/uploads\/2025\/05\/VerbenaFertilizer5L-300x300.png",300,300,true],"medium_large":["https:\/\/www.ferberpainting.com\/wp-content\/uploads\/2025\/05\/VerbenaFertilizer5L-768x768.png",768,768,true],"large":["https:\/\/www.ferberpainting.com\/wp-content\/uploads\/2025\/05\/VerbenaFertilizer5L-1024x1024.png",1024,1024,true],"1536x1536":["https:\/\/www.ferberpainting.com\/wp-content\/uploads\/2025\/05\/VerbenaFertilizer5L-1536x1536.png",1536,1536,true],"2048x2048":["https:\/\/www.ferberpainting.com\/wp-content\/uploads\/2025\/05\/VerbenaFertilizer5L-2048x2048.png",2048,2048,true],"trp-custom-language-flag":["https:\/\/www.ferberpainting.com\/wp-content\/uploads\/2025\/05\/VerbenaFertilizer5L-12x12.png",12,12,true],"woocommerce_thumbnail":["https:\/\/www.ferberpainting.com\/wp-content\/uploads\/2025\/05\/VerbenaFertilizer5L-300x300.png",300,300,true],"woocommerce_single":["https:\/\/www.ferberpainting.com\/wp-content\/uploads\/2025\/05\/VerbenaFertilizer5L-600x600.png",600,600,true],"woocommerce_gallery_thumbnail":["https:\/\/www.ferberpainting.com\/wp-content\/uploads\/2025\/05\/VerbenaFertilizer5L-100x100.png",100,100,true]},"uagb_author_info":{"display_name":"admin","author_link":"https:\/\/www.ferberpainting.com\/lv\/author\/"},"uagb_comment_info":8,"uagb_excerpt":"An ideal fertilizer for flourishing and vigorous verbena.\u00a0Verbena, whether aromatic or ornamental, requires a balanced nutrient supply to ensure healthy growth, dense foliage, and prolonged flowering. This fertilizer, formulated with an NPK ratio of 15-15-15, provides essential nutrients to all varieties of verbena, promoting root development, disease resistance, and abundant flower production. Money-back guarantee.\u00a0We are&hellip;","_links":{"self":[{"href":"https:\/\/www.ferberpainting.com\/lv\/wp-json\/wp\/v2\/product\/25621","targetHints":{"allow":["GET"]}}],"collection":[{"href":"https:\/\/www.ferberpainting.com\/lv\/wp-json\/wp\/v2\/product"}],"about":[{"href":"https:\/\/www.ferberpainting.com\/lv\/wp-json\/wp\/v2\/types\/product"}],"replies":[{"embeddable":true,"href":"https:\/\/www.ferberpainting.com\/lv\/wp-json\/wp\/v2\/comments?post=25621"}],"version-history":[{"count":4,"href":"https:\/\/www.ferberpainting.com\/lv\/wp-json\/wp\/v2\/product\/25621\/revisions"}],"predecessor-version":[{"id":167523,"href":"https:\/\/www.ferberpainting.com\/lv\/wp-json\/wp\/v2\/product\/25621\/revisions\/167523"}],"wp:featuredmedia":[{"embeddable":true,"href":"https:\/\/www.ferberpainting.com\/lv\/wp-json\/wp\/v2\/media\/27439"}],"wp:attachment":[{"href":"https:\/\/www.ferberpainting.com\/lv\/wp-json\/wp\/v2\/media?parent=25621"}],"wp:term":[{"taxonomy":"product_brand","embeddable":true,"href":"https:\/\/www.ferberpainting.com\/lv\/wp-json\/wp\/v2\/product_brand?post=25621"},{"taxonomy":"product_cat","embeddable":true,"href":"https:\/\/www.ferberpainting.com\/lv\/wp-json\/wp\/v2\/product_cat?post=25621"},{"taxonomy":"product_tag","embeddable":true,"href":"https:\/\/www.ferberpainting.com\/lv\/wp-json\/wp\/v2\/product_tag?post=25621"}],"curies":[{"name":"wp","href":"https:\/\/api.w.org\/{rel}","templated":true}]}}