{"id":25615,"date":"2025-06-30T18:24:28","date_gmt":"2025-06-30T16:24:28","guid":{"rendered":"https:\/\/www.ferberpainting.com\/?post_type=product&#038;p=25612"},"modified":"2026-02-16T14:05:27","modified_gmt":"2026-02-16T13:05:27","slug":"upholstery-cleaner","status":"publish","type":"product","link":"https:\/\/www.ferberpainting.com\/lv\/products\/upholstery-cleaner\/","title":{"rendered":"M\u012bksto m\u0113be\u013cu t\u012br\u012b\u0161anas l\u012bdzeklis"},"content":{"rendered":"<p><strong><img decoding=\"async\" style=\"margin-right: 12px;\" src=\"https:\/\/www.ferberpainting.com\/wp-content\/uploads\/2026\/02\/Check.svg\" alt=\"\" width=\"18\" height=\"15\" \/>Optim\u0101la efektivit\u0101te.<\/strong>\u00a0\u0160is m\u012bksto m\u0113be\u013cu t\u012br\u012b\u0161anas l\u012bdzeklis ir \u012bpa\u0161i izstr\u0101d\u0101ts, lai likvid\u0113tu laika gait\u0101 uzkr\u0101ju\u0161os net\u012brumus, traipus, nepat\u012bkamas smakas un putek\u013cus. T\u0101 sp\u0113c\u012bg\u0101 formula iek\u013c\u016bst dzi\u013ci \u0161\u0137iedr\u0101s, lai izspraustu net\u012brumus, neboj\u0101jot audumus, vienlaikus atjaunojot auduma vai \u0101das s\u0101kotn\u0113jo izskatu. Tas nodro\u0161ina dzi\u013cu t\u012br\u012b\u0161anu un ilgsto\u0161u svaigumu vis\u0101m m\u012bkstaj\u0101m m\u0113bel\u0113m.<\/p>\n<p><strong><img decoding=\"async\" style=\"margin-right: 12px;\" src=\"https:\/\/www.ferberpainting.com\/wp-content\/uploads\/2026\/02\/Check.svg\" alt=\"\" width=\"18\" height=\"15\" \/>Naudas atmaksas garantija.<\/strong>\u00a0M\u0113s esam piln\u012bb\u0101 p\u0101rliecin\u0101ti par m\u016bsu t\u012br\u012b\u0161anas l\u012bdzek\u013ca veiktsp\u0113ju. Ja p\u0113c t\u0101 lieto\u0161anas neesat piln\u012bb\u0101 apmierin\u0101ts, jums ir ties\u012bbas sa\u0146emt pilnu naudas atmaksu. Izm\u0113\u0123iniet to piln\u012bgi mier\u012bgi un baudiet t\u012bras, svaigas un nevainojamas m\u0113beles.<\/p>\n<p><strong><img decoding=\"async\" style=\"margin-right: 12px;\" src=\"https:\/\/www.ferberpainting.com\/wp-content\/uploads\/2026\/02\/Check.svg\" alt=\"\" width=\"18\" height=\"15\" \/>Izcila daudzpus\u012bba.<\/strong>\u00a0\u0160is t\u012br\u012b\u0161anas l\u012bdzeklis nav paredz\u0113ts tikai d\u012bv\u0101niem! Tas ir ide\u0101li piem\u0113rots ar\u012b kr\u0113sliem, m\u012bkstajiem kr\u0113sliem, automa\u0161\u012bnu s\u0113dek\u013ciem, soliem, matra\u010diem, spilveniem un pat auduma aizkariem. Tas ir piem\u0113rots gan dab\u012bg\u0101m \u0161\u0137iedr\u0101m, piem\u0113ram, kokvilnai un linam, gan sint\u0113tiskiem audumiem, piem\u0113ram, poliesteram, mikro\u0161\u0137iedrai un samtam. Turkl\u0101t tas ir sader\u012bgs ar \u0101du un m\u0101ksl\u012bgo \u0101du, padarot to par pilnv\u0113rt\u012bgu risin\u0101jumu vis\u0101m m\u012bkstaj\u0101m m\u0113bel\u0113m.<\/p>\n<p><strong><img decoding=\"async\" style=\"margin-right: 12px;\" src=\"https:\/\/www.ferberpainting.com\/wp-content\/uploads\/2026\/02\/Check.svg\" alt=\"\" width=\"18\" height=\"15\" \/>Ekonomisk\u0101 efektivit\u0101te.<\/strong>\u00a0Pateicoties 5 litru kannai un \u012bpa\u0161i efekt\u012bvai formulai, \u0161is t\u012br\u012b\u0161anas l\u012bdzeklis nodro\u0161ina izcilu v\u0113rt\u012bbu. Neliels daudzums ir pietiekams, lai izt\u012br\u012btu lielu plat\u012bbu, nodro\u0161inot samazin\u0101tu pat\u0113ri\u0146u. Ar vienu litru l\u012bdzek\u013ca var izt\u012br\u012bt vid\u0113ji l\u012bdz 50 m\u00b2 m\u012bksto m\u0113be\u013cu, t\u0101p\u0113c tas ir rentabls gan m\u0101jsaimniec\u012bb\u0101, gan profesion\u0101lai lieto\u0161anai.<\/p>\n<p><strong><img decoding=\"async\" style=\"margin-right: 12px;\" src=\"https:\/\/www.ferberpainting.com\/wp-content\/uploads\/2026\/02\/Check.svg\" alt=\"\" width=\"18\" height=\"15\" \/>Dro\u0161a lieto\u0161ana.<\/strong>\u00a0At\u0161\u0137ir\u012bb\u0101 no t\u012br\u012b\u0161anas l\u012bdzek\u013ciem, kuru sast\u0101v\u0101 ir asas vielas, \u0161is produkts ir dro\u0161s gan vesel\u012bbai, gan materi\u0101liem. Tas nesatur toksiskus \u0161\u0137\u012bdin\u0101t\u0101jus un neizdala kait\u012bgus izgarojumus, nodro\u0161inot dro\u0161u lieto\u0161anu m\u0101j\u0101s un profesion\u0101los apst\u0101k\u013cos. Tas ir nekait\u012bgs b\u0113rniem un m\u0101jdz\u012bvniekiem, ja tiek lietots atbilsto\u0161i nor\u0101d\u012bjumiem.<\/p>\n<p><strong><img decoding=\"async\" style=\"margin-right: 12px;\" src=\"https:\/\/www.ferberpainting.com\/wp-content\/uploads\/2026\/02\/Check.svg\" alt=\"\" width=\"18\" height=\"15\" \/>Lieto\u0161anas \u0113rtums.<\/strong>\u00a0\u0160is t\u012br\u012b\u0161anas l\u012bdzeklis ir gatavs lieto\u0161anai, un to nav nepiecie\u0161ams at\u0161\u0137aid\u012bt vai sare\u017e\u0123\u012bti sagatavot. To var uzkl\u0101t ar dr\u0101nu, s\u016bkli, m\u012bkstu otu vai in\u017eektoru-ekstraktoru. Tas darbojas \u0101tri, lai atbr\u012bvotu un no\u0146emtu net\u012brumus ar minim\u0101lu piep\u016bli. Lai no\u0146emtu iz\u0161\u0137\u012bdu\u0161os piemais\u012bjumus, pietiek ar vienk\u0101r\u0161u noslauc\u012b\u0161anu vai noskalo\u0161anu, padarot t\u012br\u012b\u0161anu vieglu un efekt\u012bvu.<\/p>\n<p><strong><img decoding=\"async\" style=\"margin-right: 12px;\" src=\"https:\/\/www.ferberpainting.com\/wp-content\/uploads\/2026\/02\/Check.svg\" alt=\"\" width=\"18\" height=\"15\" \/>Ilgsto\u0161a aizsardz\u012bba.<\/strong>\u00a0Efekt\u012bvi likvid\u0113jot putek\u013cus un atlikumus, \u0161is t\u012br\u012b\u0161anas l\u012bdzeklis paildzina m\u012bksto m\u0113be\u013cu kalpo\u0161anas laiku. Tas saglab\u0101 auduma un \u0101das maigumu, nov\u0113r\u0161 priek\u0161laic\u012bgu nolieto\u0161anos un aizsarg\u0101 pret \u0101r\u0113jiem faktoriem. Regul\u0101ri lietojot, j\u016bsu m\u0113beles saglab\u0101s labu izskatu un komfortu daudzus gadus.<\/p>\n<p><strong><img decoding=\"async\" style=\"margin-right: 12px;\" src=\"https:\/\/www.ferberpainting.com\/wp-content\/uploads\/2026\/02\/Check.svg\" alt=\"\" width=\"18\" height=\"15\" \/>\u0100tra darb\u012bba.<\/strong>\u00a0Pateicoties \u012bpa\u0161i rea\u0123\u0113jo\u0161ai formulai, \u0161is t\u012br\u012b\u0161anas l\u012bdzeklis nekav\u0113joties iedarbojas uz traipiem un net\u012brumiem. Tikai da\u017eu min\u016b\u0161u laik\u0101 tas iz\u0161\u0137\u012bdina atliekas un nodro\u0161ina efekt\u012bvu t\u012br\u012b\u0161anu bez ilgas gaid\u012b\u0161anas. Ide\u0101li piem\u0113rots \u0101trai un r\u016bp\u012bgai kop\u0161anai, tas \u012bs\u0101 laik\u0101 atjauno t\u012bras un atsvaidzin\u0101tas m\u0113beles.<\/p>\n<h2><strong>Lieto\u0161anas instrukcijas<\/strong><\/h2>\n<ul>\n<li><strong>Sagatavo\u0161ana <\/strong>: Pirms l\u012bdzek\u013ca uzkl\u0101\u0161anas ar putek\u013cu s\u016bc\u0113ju not\u012briet m\u012bkst\u0101s m\u0113beles no putek\u013ciem un virsmas gru\u017eiem.<\/li>\n<li><strong>Manu\u0101la uzkl\u0101\u0161ana uz auduma <\/strong>: Uz t\u012bras dr\u0101ni\u0146as, s\u016bk\u013ca vai m\u012bkstas birstes uzkl\u0101jiet nelielu daudzumu t\u012br\u012b\u0161anas l\u012bdzek\u013ca un noslaukiet vietu, p\u0101r\u0101k nesm\u0113r\u0113jot audumu.<\/li>\n<li><strong>Manu\u0101la uzkl\u0101\u0161ana uz \u0101das <\/strong>: Uzkl\u0101jiet t\u012br\u012b\u0161anas l\u012bdzekli uz m\u012bkstas dr\u0101ni\u0146as un maigi berz\u0113jiet ar ap\u013cveida kust\u012bb\u0101m, lai no\u0146emtu net\u012brumus un atjaunotu \u0101das sp\u012bdumu.<\/li>\n<li><strong>Ekstraktora lieto\u0161ana <\/strong>: Piepildiet ma\u0161\u012bnas rezervu\u0101ru ar neat\u0161\u0137aid\u012btu t\u012br\u012b\u0161anas l\u012bdzekli, vienm\u0113r\u012bgi izsmidziniet uz virsmas un p\u0113c tam nekav\u0113joties izs\u016bciet iz\u0161\u0137\u012bdu\u0161os net\u012brumus.<\/li>\n<li><strong>Skalo\u0161ana un \u017e\u0101v\u0113\u0161ana <\/strong>:\n<ul>\n<li>Audumu noslaukiet ar t\u012bru, nedaudz mitru dr\u0101nu, lai not\u012br\u012btu lieko l\u012bdzekli, p\u0113c tam \u013caujiet no\u017e\u016bt.<\/li>\n<li>\u0100dai p\u0113c t\u012br\u012b\u0161anas v\u0113lreiz noslaukiet ar sausu dr\u0101nu, lai nodro\u0161in\u0101tu perfektu apdari.<\/li>\n<\/ul>\n<\/li>\n<li><strong>Lieto\u0161anas bie\u017eums <\/strong>: Lietojiet reizi m\u0113nes\u012b regul\u0101rai kop\u0161anai vai tikl\u012bdz par\u0101d\u0101s traips, lai nov\u0113rstu t\u0101 veido\u0161anos.<\/li>\n<li><strong>Uzglab\u0101\u0161ana <\/strong>: P\u0113c katras lieto\u0161anas reizes cie\u0161i aizveriet kanni\u0146u un uzglab\u0101jiet v\u0113s\u0101, saus\u0101 viet\u0101, pasarg\u0101jot no gaismas un p\u0101rm\u0113r\u012bgas temperat\u016bras, lai saglab\u0101tu l\u012bdzek\u013ca efektivit\u0101ti laika gait\u0101.<\/li>\n<\/ul>\n<p>Ar m\u016bsu m\u012bksto m\u0113be\u013cu t\u012br\u012b\u0161anas l\u012bdzekli atjaunosiet savu m\u0113be\u013cu spilgtumu, t\u012br\u012bbu un svaigumu, vienlaikus pagarinot to kalpo\u0161anas ilgumu. Vienk\u0101r\u0161s, efekt\u012bvs l\u012bdzeklis, kas nodro\u0161ina nevainojami t\u012bru interjeru.<\/p>","protected":false},"excerpt":{"rendered":"<p>Optimal Effectiveness.\u00a0This upholstered furniture cleaner is specially formulated to eliminate embedded dirt, stains, unpleasant odors, and dust that build up over time. Its powerful formula penetrates deep into fibers to dislodge impurities without damaging the fabrics, while reviving the original look of the fabric or leather. It ensures a deep clean and long-lasting freshness for [&hellip;]<\/p>\n","protected":false},"featured_media":35794,"comment_status":"open","ping_status":"closed","template":"","meta":{"_uag_custom_page_level_css":"","site-sidebar-layout":"default","site-content-layout":"","ast-site-content-layout":"default","site-content-style":"default","site-sidebar-style":"default","ast-global-header-display":"","ast-banner-title-visibility":"","ast-main-header-display":"","ast-hfb-above-header-display":"","ast-hfb-below-header-display":"","ast-hfb-mobile-header-display":"","site-post-title":"","ast-breadcrumbs-content":"","ast-featured-img":"","footer-sml-layout":"","ast-disable-related-posts":"","theme-transparent-header-meta":"default","adv-header-id-meta":"","stick-header-meta":"","header-above-stick-meta":"","header-main-stick-meta":"","header-below-stick-meta":"","astra-migrate-meta-layouts":"set","ast-page-background-enabled":"default","ast-page-background-meta":{"desktop":{"background-color":"var(--ast-global-color-4)","background-image":"","background-repeat":"repeat","background-position":"center center","background-size":"auto","background-attachment":"scroll","background-type":"","background-media":"","overlay-type":"","overlay-color":"","overlay-opacity":"","overlay-gradient":""},"tablet":{"background-color":"","background-image":"","background-repeat":"repeat","background-position":"center center","background-size":"auto","background-attachment":"scroll","background-type":"","background-media":"","overlay-type":"","overlay-color":"","overlay-opacity":"","overlay-gradient":""},"mobile":{"background-color":"","background-image":"","background-repeat":"repeat","background-position":"center center","background-size":"auto","background-attachment":"scroll","background-type":"","background-media":"","overlay-type":"","overlay-color":"","overlay-opacity":"","overlay-gradient":""}},"ast-content-background-meta":{"desktop":{"background-color":"var(--ast-global-color-5)","background-image":"","background-repeat":"repeat","background-position":"center center","background-size":"auto","background-attachment":"scroll","background-type":"","background-media":"","overlay-type":"","overlay-color":"","overlay-opacity":"","overlay-gradient":""},"tablet":{"background-color":"var(--ast-global-color-5)","background-image":"","background-repeat":"repeat","background-position":"center center","background-size":"auto","background-attachment":"scroll","background-type":"","background-media":"","overlay-type":"","overlay-color":"","overlay-opacity":"","overlay-gradient":""},"mobile":{"background-color":"var(--ast-global-color-5)","background-image":"","background-repeat":"repeat","background-position":"center center","background-size":"auto","background-attachment":"scroll","background-type":"","background-media":"","overlay-type":"","overlay-color":"","overlay-opacity":"","overlay-gradient":""}}},"product_brand":[],"product_cat":[175],"product_tag":[],"class_list":{"0":"post-25615","1":"product","2":"type-product","3":"status-publish","4":"has-post-thumbnail","6":"product_cat-cleaning-products","7":"desktop-align-left","8":"tablet-align-left","9":"mobile-align-left","11":"first","12":"instock","13":"sale","14":"taxable","15":"shipping-taxable","16":"purchasable","17":"product-type-variable","18":"has-default-attributes"},"spectra_custom_meta":{"_visibility":["visible"],"_shopify_product_id":["9101920305397"],"_s2w_shopify_domain":["ferberpainting.myshopify.com"],"_shopify_variant_id":["46614170337525"],"_sku":[""],"_manage_stock":["no"],"total_sales":["18"],"_tax_status":["taxable"],"_tax_class":[""],"_backorders":["no"],"_sold_individually":["no"],"_virtual":["no"],"_downloadable":["no"],"_download_limit":["-1"],"_download_expiry":["-1"],"_stock":[null],"_stock_status":["instock"],"_wc_average_rating":["5.00"],"_wc_review_count":["34"],"_product_attributes":["a:1:{s:6:\"volume\";a:6:{s:4:\"name\";s:6:\"Volume\";s:5:\"value\";s:20:\"5 liters | 25 liters\";s:8:\"position\";i:1;s:10:\"is_visible\";i:0;s:12:\"is_variation\";i:1;s:11:\"is_taxonomy\";i:0;}}"],"_product_version":["10.5.1"],"wpse_downloadable_file_names":[""],"wpse_downloadable_file_urls":[""],"_edit_last":["1"],"_default_attributes":["a:1:{s:6:\"volume\";s:8:\"5 liters\";}"],"_edit_lock":["1771247098:1"],"_price":["29.90","129.90"],"merchant-center-availability":["yes"],"merchant-center-category":["8043"],"_thumbnail_id":["35794"],"_wp_page_template":["default"],"_wp_old_date":["2025-05-26"],"_product_image_gallery":["35795"],"site-sidebar-layout":["default"],"ast-site-content-layout":["default"],"site-content-style":["default"],"site-sidebar-style":["default"],"theme-transparent-header-meta":["default"],"_wc_rating_count":["a:1:{i:5;i:34;}"],"astra-migrate-meta-layouts":["set"],"_uag_css_file_name":["uag-css-25615.css"],"_elementor_page_assets":["a:0:{}"],"_uag_page_assets":["a:9:{s:3:\"css\";s:7133:\".uag-blocks-common-selector{z-index:var(--z-index-desktop) !important}@media(max-width: 976px){.uag-blocks-common-selector{z-index:var(--z-index-tablet) !important}}@media(max-width: 767px){.uag-blocks-common-selector{z-index:var(--z-index-mobile) !important}}.wp-block-uagb-image{display:flex}.wp-block-uagb-image__figure{position:relative;display:flex;flex-direction:column;max-width:100%;height:auto;margin:0}.wp-block-uagb-image__figure img{height:auto;display:flex;max-width:100%;transition:box-shadow .2s ease}.wp-block-uagb-image__figure>a{display:inline-block}.wp-block-uagb-image__figure figcaption{text-align:center;margin-top:.5em;margin-bottom:1em}.wp-block-uagb-image .components-placeholder.block-editor-media-placeholder .components-placeholder__instructions{align-self:center}.wp-block-uagb-image--align-left{text-align:left}.wp-block-uagb-image--align-right{text-align:right}.wp-block-uagb-image--align-center{text-align:center}.wp-block-uagb-image--align-full .wp-block-uagb-image__figure{margin-left:calc(50% - 50vw);margin-right:calc(50% - 50vw);max-width:100vw;width:100vw;height:auto}.wp-block-uagb-image--align-full .wp-block-uagb-image__figure img{height:auto;width:100% !important}.wp-block-uagb-image--align-wide .wp-block-uagb-image__figure img{height:auto;width:100%}.wp-block-uagb-image--layout-overlay__color-wrapper{position:absolute;left:0;top:0;right:0;bottom:0;opacity:.2;background:rgba(0,0,0,.5);transition:opacity .35s ease-in-out}.wp-block-uagb-image--layout-overlay-link{position:absolute;left:0;right:0;bottom:0;top:0}.wp-block-uagb-image--layout-overlay .wp-block-uagb-image__figure:hover .wp-block-uagb-image--layout-overlay__color-wrapper{opacity:1}.wp-block-uagb-image--layout-overlay__inner{position:absolute;left:15px;right:15px;bottom:15px;top:15px;display:flex;align-items:center;justify-content:center;flex-direction:column;border-color:#fff;transition:.35s ease-in-out}.wp-block-uagb-image--layout-overlay__inner.top-left,.wp-block-uagb-image--layout-overlay__inner.top-center,.wp-block-uagb-image--layout-overlay__inner.top-right{justify-content:flex-start}.wp-block-uagb-image--layout-overlay__inner.bottom-left,.wp-block-uagb-image--layout-overlay__inner.bottom-center,.wp-block-uagb-image--layout-overlay__inner.bottom-right{justify-content:flex-end}.wp-block-uagb-image--layout-overlay__inner.top-left,.wp-block-uagb-image--layout-overlay__inner.center-left,.wp-block-uagb-image--layout-overlay__inner.bottom-left{align-items:flex-start}.wp-block-uagb-image--layout-overlay__inner.top-right,.wp-block-uagb-image--layout-overlay__inner.center-right,.wp-block-uagb-image--layout-overlay__inner.bottom-right{align-items:flex-end}.wp-block-uagb-image--layout-overlay__inner .uagb-image-heading{color:#fff;transition:transform .35s,opacity .35s ease-in-out;transform:translate3d(0, 24px, 0);margin:0;line-height:1em}.wp-block-uagb-image--layout-overlay__inner .uagb-image-separator{width:30%;border-top-width:2px;border-top-color:#fff;border-top-style:solid;margin-bottom:10px;opacity:0;transition:transform .4s,opacity .4s ease-in-out;transform:translate3d(0, 30px, 0)}.wp-block-uagb-image--layout-overlay__inner .uagb-image-caption{opacity:0;overflow:visible;color:#fff;transition:transform .45s,opacity .45s ease-in-out;transform:translate3d(0, 35px, 0)}.wp-block-uagb-image--layout-overlay__inner:hover .uagb-image-heading,.wp-block-uagb-image--layout-overlay__inner:hover .uagb-image-separator,.wp-block-uagb-image--layout-overlay__inner:hover .uagb-image-caption{opacity:1;transform:translate3d(0, 0, 0)}.wp-block-uagb-image--effect-zoomin .wp-block-uagb-image__figure img,.wp-block-uagb-image--effect-zoomin .wp-block-uagb-image__figure .wp-block-uagb-image--layout-overlay__color-wrapper{transform:scale(1);transition:transform .35s ease-in-out}.wp-block-uagb-image--effect-zoomin .wp-block-uagb-image__figure:hover img,.wp-block-uagb-image--effect-zoomin .wp-block-uagb-image__figure:hover .wp-block-uagb-image--layout-overlay__color-wrapper{transform:scale(1.05)}.wp-block-uagb-image--effect-slide .wp-block-uagb-image__figure img,.wp-block-uagb-image--effect-slide .wp-block-uagb-image__figure .wp-block-uagb-image--layout-overlay__color-wrapper{width:calc(100% + 40px) !important;max-width:none !important;transform:translate3d(-40px, 0, 0);transition:transform .35s ease-in-out}.wp-block-uagb-image--effect-slide .wp-block-uagb-image__figure:hover img,.wp-block-uagb-image--effect-slide .wp-block-uagb-image__figure:hover .wp-block-uagb-image--layout-overlay__color-wrapper{transform:translate3d(0, 0, 0)}.wp-block-uagb-image--effect-grayscale img{filter:grayscale(0%);transition:.35s ease-in-out}.wp-block-uagb-image--effect-grayscale:hover img{filter:grayscale(100%)}.wp-block-uagb-image--effect-blur img{filter:blur(0);transition:.35s ease-in-out}.wp-block-uagb-image--effect-blur:hover img{filter:blur(3px)}.uagb-block-e6f939b3.wp-block-uagb-image--layout-default figure img{box-shadow: 0px 0px 0 #00000070;}.uagb-block-e6f939b3.wp-block-uagb-image .wp-block-uagb-image__figure figcaption{font-style: normal;align-self: center;}.uagb-block-e6f939b3.wp-block-uagb-image--layout-overlay figure img{box-shadow: 0px 0px 0 #00000070;}.uagb-block-e6f939b3.wp-block-uagb-image--layout-overlay .wp-block-uagb-image--layout-overlay__color-wrapper{opacity: 0.2;}.uagb-block-e6f939b3.wp-block-uagb-image--layout-overlay .wp-block-uagb-image--layout-overlay__inner{left: 15px;right: 15px;top: 15px;bottom: 15px;}.uagb-block-e6f939b3.wp-block-uagb-image--layout-overlay .wp-block-uagb-image--layout-overlay__inner .uagb-image-heading{font-style: normal;color: #fff;opacity: 1;}.uagb-block-e6f939b3.wp-block-uagb-image--layout-overlay .wp-block-uagb-image--layout-overlay__inner .uagb-image-heading a{color: #fff;}.uagb-block-e6f939b3.wp-block-uagb-image--layout-overlay .wp-block-uagb-image--layout-overlay__inner .uagb-image-caption{opacity: 0;}.uagb-block-e6f939b3.wp-block-uagb-image--layout-overlay .wp-block-uagb-image__figure:hover .wp-block-uagb-image--layout-overlay__color-wrapper{opacity: 1;}.uagb-block-e6f939b3.wp-block-uagb-image .wp-block-uagb-image--layout-overlay__inner .uagb-image-separator{width: 30%;border-top-width: 2px;border-top-color: #fff;opacity: 0;}.uagb-block-e6f939b3.wp-block-uagb-image .wp-block-uagb-image__figure img{width: px;height: auto;}.uagb-block-e6f939b3.wp-block-uagb-image .wp-block-uagb-image__figure:hover .wp-block-uagb-image--layout-overlay__inner .uagb-image-caption{opacity: 1;}.uagb-block-e6f939b3.wp-block-uagb-image .wp-block-uagb-image__figure:hover .wp-block-uagb-image--layout-overlay__inner .uagb-image-separator{opacity: 1;}.uagb-block-e6f939b3.wp-block-uagb-image--layout-default figure:hover img{box-shadow: 0px 0px 0 #00000070;}.uagb-block-e6f939b3.wp-block-uagb-image--layout-overlay figure:hover img{box-shadow: 0px 0px 0 #00000070;}@media only screen and (max-width: 976px) {.uagb-block-e6f939b3.wp-block-uagb-image .wp-block-uagb-image__figure img{width: px;height: auto;}}@media only screen and (max-width: 767px) {.uagb-block-e6f939b3.wp-block-uagb-image .wp-block-uagb-image__figure img{width: px;height: auto;}}\";s:2:\"js\";s:0:\"\";s:18:\"current_block_list\";a:13:{i:0;s:11:\"core\/search\";i:1;s:10:\"core\/group\";i:2;s:12:\"core\/heading\";i:3;s:17:\"core\/latest-posts\";i:4;s:20:\"core\/latest-comments\";i:5;s:13:\"core\/archives\";i:6;s:15:\"core\/categories\";i:7;s:14:\"core\/paragraph\";i:8;s:10:\"uagb\/image\";i:9;s:11:\"core\/spacer\";i:10;s:30:\"woocommerce\/product-categories\";i:11;s:10:\"core\/image\";i:12;s:14:\"core\/shortcode\";}s:8:\"uag_flag\";b:1;s:11:\"uag_version\";s:10:\"1777221605\";s:6:\"gfonts\";a:0:{}s:10:\"gfonts_url\";s:0:\"\";s:12:\"gfonts_files\";a:0:{}s:14:\"uag_faq_layout\";b:0;}"]},"uagb_featured_image_src":{"full":["https:\/\/www.ferberpainting.com\/wp-content\/uploads\/2025\/05\/Upholstery-Cleaner-5L-Mockup-.png",2560,2560,false],"thumbnail":["https:\/\/www.ferberpainting.com\/wp-content\/uploads\/2025\/05\/Upholstery-Cleaner-5L-Mockup--150x150.png",150,150,true],"medium":["https:\/\/www.ferberpainting.com\/wp-content\/uploads\/2025\/05\/Upholstery-Cleaner-5L-Mockup--300x300.png",300,300,true],"medium_large":["https:\/\/www.ferberpainting.com\/wp-content\/uploads\/2025\/05\/Upholstery-Cleaner-5L-Mockup--768x768.png",768,768,true],"large":["https:\/\/www.ferberpainting.com\/wp-content\/uploads\/2025\/05\/Upholstery-Cleaner-5L-Mockup--1024x1024.png",1024,1024,true],"1536x1536":["https:\/\/www.ferberpainting.com\/wp-content\/uploads\/2025\/05\/Upholstery-Cleaner-5L-Mockup--1536x1536.png",1536,1536,true],"2048x2048":["https:\/\/www.ferberpainting.com\/wp-content\/uploads\/2025\/05\/Upholstery-Cleaner-5L-Mockup--2048x2048.png",2048,2048,true],"trp-custom-language-flag":["https:\/\/www.ferberpainting.com\/wp-content\/uploads\/2025\/05\/Upholstery-Cleaner-5L-Mockup--12x12.png",12,12,true],"woocommerce_thumbnail":["https:\/\/www.ferberpainting.com\/wp-content\/uploads\/2025\/05\/Upholstery-Cleaner-5L-Mockup--300x300.png",300,300,true],"woocommerce_single":["https:\/\/www.ferberpainting.com\/wp-content\/uploads\/2025\/05\/Upholstery-Cleaner-5L-Mockup--600x600.png",600,600,true],"woocommerce_gallery_thumbnail":["https:\/\/www.ferberpainting.com\/wp-content\/uploads\/2025\/05\/Upholstery-Cleaner-5L-Mockup--100x100.png",100,100,true]},"uagb_author_info":{"display_name":"admin","author_link":"https:\/\/www.ferberpainting.com\/lv\/author\/"},"uagb_comment_info":34,"uagb_excerpt":"Optimal Effectiveness.\u00a0This upholstered furniture cleaner is specially formulated to eliminate embedded dirt, stains, unpleasant odors, and dust that build up over time. Its powerful formula penetrates deep into fibers to dislodge impurities without damaging the fabrics, while reviving the original look of the fabric or leather. It ensures a deep clean and long-lasting freshness for&hellip;","_links":{"self":[{"href":"https:\/\/www.ferberpainting.com\/lv\/wp-json\/wp\/v2\/product\/25615","targetHints":{"allow":["GET"]}}],"collection":[{"href":"https:\/\/www.ferberpainting.com\/lv\/wp-json\/wp\/v2\/product"}],"about":[{"href":"https:\/\/www.ferberpainting.com\/lv\/wp-json\/wp\/v2\/types\/product"}],"replies":[{"embeddable":true,"href":"https:\/\/www.ferberpainting.com\/lv\/wp-json\/wp\/v2\/comments?post=25615"}],"version-history":[{"count":4,"href":"https:\/\/www.ferberpainting.com\/lv\/wp-json\/wp\/v2\/product\/25615\/revisions"}],"predecessor-version":[{"id":167513,"href":"https:\/\/www.ferberpainting.com\/lv\/wp-json\/wp\/v2\/product\/25615\/revisions\/167513"}],"wp:featuredmedia":[{"embeddable":true,"href":"https:\/\/www.ferberpainting.com\/lv\/wp-json\/wp\/v2\/media\/35794"}],"wp:attachment":[{"href":"https:\/\/www.ferberpainting.com\/lv\/wp-json\/wp\/v2\/media?parent=25615"}],"wp:term":[{"taxonomy":"product_brand","embeddable":true,"href":"https:\/\/www.ferberpainting.com\/lv\/wp-json\/wp\/v2\/product_brand?post=25615"},{"taxonomy":"product_cat","embeddable":true,"href":"https:\/\/www.ferberpainting.com\/lv\/wp-json\/wp\/v2\/product_cat?post=25615"},{"taxonomy":"product_tag","embeddable":true,"href":"https:\/\/www.ferberpainting.com\/lv\/wp-json\/wp\/v2\/product_tag?post=25615"}],"curies":[{"name":"wp","href":"https:\/\/api.w.org\/{rel}","templated":true}]}}