{"id":25605,"date":"2025-06-30T18:58:26","date_gmt":"2025-06-30T16:58:26","guid":{"rendered":"https:\/\/www.ferberpainting.com\/?post_type=product&#038;p=25605"},"modified":"2026-02-16T13:54:24","modified_gmt":"2026-02-16T12:54:24","slug":"tumble-dryer-cleaner","status":"publish","type":"product","link":"https:\/\/www.ferberpainting.com\/lv\/products\/tumble-dryer-cleaner\/","title":{"rendered":"\u017d\u0101v\u0113t\u0101ja \u017e\u0101v\u0113t\u0101ja t\u012br\u012b\u0161anas l\u012bdzeklis"},"content":{"rendered":"<p><strong><img decoding=\"async\" style=\"margin-right: 12px;\" src=\"https:\/\/www.ferberpainting.com\/wp-content\/uploads\/2026\/02\/Check.svg\" alt=\"\" width=\"18\" height=\"15\" \/>Optim\u0101la efektivit\u0101te.<\/strong> \u0160is ve\u013cas \u017e\u0101v\u0113t\u0101ja t\u012br\u012b\u0161anas l\u012bdzeklis ir \u012bpa\u0161i izstr\u0101d\u0101ts, lai efekt\u012bvi likvid\u0113tu mazg\u0101\u0161anas l\u012bdzek\u013cu atliekas, ka\u013c\u0137akmens nogulsnes, tekstila putek\u013cus, k\u0101 ar\u012b taukus un net\u012brumus, kas laika gait\u0101 sakr\u0101jas ier\u012bc\u0113. Pateicoties jaud\u012bgajai formulai, tas dzi\u013ci att\u012bra \u017e\u0101v\u0113t\u0101ja cilindru, filtrus, ventil\u0101cijas kan\u0101lus un iek\u0161\u0113j\u0101s sast\u0101vda\u013cas. T\u0101 darb\u012bba pal\u012bdz nodro\u0161in\u0101t optim\u0101lu ier\u012bces darb\u012bbu, nov\u0113rst p\u0101rkar\u0161anu, pagarin\u0101t motora kalpo\u0161anas laiku un nodro\u0161in\u0101t efekt\u012bv\u0101ku \u017e\u0101v\u0113\u0161anu.<\/p>\n<p><strong><img decoding=\"async\" style=\"margin-right: 12px;\" src=\"https:\/\/www.ferberpainting.com\/wp-content\/uploads\/2026\/02\/Check.svg\" alt=\"\" width=\"18\" height=\"15\" \/>Naudas atmaksas garantija.<\/strong>\u00a0M\u0113s esam piln\u012bb\u0101 p\u0101rliecin\u0101ti par m\u016bsu t\u012br\u012b\u0161anas l\u012bdzek\u013ca efektivit\u0101ti. Ja p\u0113c lieto\u0161anas j\u016bs neesat piln\u012bb\u0101 apmierin\u0101ts ar rezult\u0101tiem, jums ir ties\u012bbas sa\u0146emt pilnu naudas atmaksu. Izm\u0113\u0123iniet m\u016bsu produktu piln\u012bgi mier\u012bgi un izbaudiet perfekti koptu \u017e\u0101v\u0113t\u0101ju bez piep\u016bles un riska.<\/p>\n<p><strong><img decoding=\"async\" style=\"margin-right: 12px;\" src=\"https:\/\/www.ferberpainting.com\/wp-content\/uploads\/2026\/02\/Check.svg\" alt=\"\" width=\"18\" height=\"15\" \/>Izcila daudzpus\u012bba.<\/strong> \u0160is t\u012br\u012b\u0161anas l\u012bdzeklis nav paredz\u0113ts tikai \u017e\u0101v\u0113t\u0101jiem, tas ir efekt\u012bvs ar\u012b ve\u013casma\u0161\u012bnu un \u017e\u0101v\u0113t\u0101ju ventil\u0101cijas kan\u0101lu, ventil\u0101cijas re\u017e\u0123u, mitruma sensoru un \u0161\u0137iedru filtru t\u012br\u012b\u0161anai. Tas darbojas uz da\u017e\u0101diem materi\u0101liem, piem\u0113ram, ner\u016bs\u0113jo\u0161\u0101 t\u0113rauda, alum\u012bnija, plastmasas, gumijas, stikla un pat da\u017e\u0101m lakot\u0101m virsm\u0101m. Pateicoties t\u0101 daudzpus\u012bbai, tas \u013cauj veikt piln\u012bgu ier\u012bces un ar to saist\u012bto komponentu apkopi, nodro\u0161inot optim\u0101lu darb\u012bbu un nevainojamu higi\u0113nu.<\/p>\n<p><strong><img decoding=\"async\" style=\"margin-right: 12px;\" src=\"https:\/\/www.ferberpainting.com\/wp-content\/uploads\/2026\/02\/Check.svg\" alt=\"\" width=\"18\" height=\"15\" \/>Rentabla veiktsp\u0113ja. <\/strong>Pateicoties 5 litru kannas form\u0101tam un augstajai koncentr\u0101cijai, \u0161is t\u012br\u012b\u0161anas l\u012bdzeklis pied\u0101v\u0101 izcilu v\u0113rt\u012bbu. Ar nelielu daudzumu pietiek, lai izt\u012br\u012btu vair\u0101kus \u017e\u0101v\u0113\u0161anas ciklus un da\u017e\u0101das ier\u012bces sast\u0101vda\u013cas. Vid\u0113ji ar vienu litru l\u012bdzek\u013ca var apstr\u0101d\u0101t l\u012bdz 30 apkopes cikliem, t\u0101d\u0113j\u0101di tas ir ekonomisks un efekt\u012bvs risin\u0101jums regul\u0101rai vai intens\u012bvai lieto\u0161anai.<\/p>\n<p><strong><img decoding=\"async\" style=\"margin-right: 12px;\" src=\"https:\/\/www.ferberpainting.com\/wp-content\/uploads\/2026\/02\/Check.svg\" alt=\"\" width=\"18\" height=\"15\" \/>Dro\u0161a lieto\u0161ana.<\/strong>\u00a0At\u0161\u0137ir\u012bb\u0101 no produktiem, kas satur kod\u012bgas vielas vai agres\u012bvas vielas, kuras var saboj\u0101t elektroniskos komponentus vai v\u0101jin\u0101t \u017e\u0101v\u0113t\u0101ja bl\u012bv\u0113jumus, \u0161\u012b t\u012br\u012b\u0161anas l\u012bdzek\u013ca sast\u0101v\u0101 nav b\u012bstamu \u0161\u0137\u012bdin\u0101t\u0101ju vai toksisku produktu. Tas neizdala kairino\u0161us tvaikus un saudz\u0113 jut\u012bgus materi\u0101lus. T\u0101 maig\u0101, bet efekt\u012bv\u0101 iedarb\u012bba nodro\u0161ina dro\u0161u t\u012br\u012b\u0161anu pat b\u0113rnu vai m\u0101jdz\u012bvnieku kl\u0101tb\u016btn\u0113.<\/p>\n<p><strong><img decoding=\"async\" style=\"margin-right: 12px;\" src=\"https:\/\/www.ferberpainting.com\/wp-content\/uploads\/2026\/02\/Check.svg\" alt=\"\" width=\"18\" height=\"15\" \/>Lieto\u0161anas \u0113rtums.<\/strong>\u00a0\u0160is produkts ir gatavs lieto\u0161anai, un to nav nepiecie\u0161ams at\u0161\u0137aid\u012bt vai sare\u017e\u0123\u012bti sagatavot. To uzkl\u0101j tie\u0161i uz \u017e\u0101v\u0113t\u0101ja iek\u0161\u0113j\u0101m un \u0101r\u0113j\u0101m virsm\u0101m, izmantojot lupati\u0146u vai izsmidzin\u0101t\u0101ju. T\u0101 \u0101tr\u0101 iedarb\u012bba nov\u0113r\u0161 net\u012brumus da\u017eu sekun\u017eu laik\u0101, bez p\u0101rm\u0113r\u012bgas skalo\u0161anas vai p\u016bl\u0113m. T\u0101 intuit\u012bv\u0101 lieto\u0161ana padara to pieejamu ikvienam, pat tiem, kam nav pieredzes ier\u012b\u010du apkop\u0113.<\/p>\n<p><strong><img decoding=\"async\" style=\"margin-right: 12px;\" src=\"https:\/\/www.ferberpainting.com\/wp-content\/uploads\/2026\/02\/Check.svg\" alt=\"\" width=\"18\" height=\"15\" \/>Papla\u0161in\u0101ta iztur\u012bba.<\/strong>\u00a0\u0160is t\u012br\u012b\u0161anas l\u012bdzeklis efekt\u012bvi no\u0146em ka\u013c\u0137akmeni, putek\u013cus un tekstilmateri\u0101lu atliekas, t\u0101d\u0113j\u0101di pal\u012bdz pagarin\u0101t \u017e\u0101v\u0113t\u0101ja kalpo\u0161anas laiku un optimiz\u0113t t\u0101 efektivit\u0101ti. Tas nov\u0113r\u0161 ventil\u0101cijas kan\u0101lu aizs\u0113r\u0113\u0161anu, samazina bl\u012bv\u0113jumu nodilumu un uzlabo gaisa pl\u016bsmu, nodro\u0161inot lab\u0101ku mitruma izvad\u012b\u0161anu un maz\u0101ku ener\u0123ijas pat\u0113ri\u0146u. Regul\u0101ra apkope ar \u0161o izstr\u0101d\u0101jumu pal\u012bdz izvair\u012bties no d\u0101rgiem boj\u0101jumiem un nodro\u0161ina optim\u0101lu darb\u012bbu ilgtermi\u0146\u0101.<\/p>\n<p><strong><img decoding=\"async\" style=\"margin-right: 12px;\" src=\"https:\/\/www.ferberpainting.com\/wp-content\/uploads\/2026\/02\/Check.svg\" alt=\"\" width=\"18\" height=\"15\" \/>\u0100tra r\u012bc\u012bba.<\/strong>\u00a0Pateicoties \u012bpa\u0161i akt\u012bvai formulai, \u0161is t\u012br\u012b\u0161anas l\u012bdzeklis nekav\u0113joties iedarbojas uz net\u012brumiem un nos\u0113dumiem. Tikai da\u017eu min\u016b\u0161u laik\u0101 tas iz\u0161\u0137\u012bdina atliekas un atvieglo to no\u0146em\u0161anu, neprasot sare\u017e\u0123\u012btu ier\u012bces demont\u0101\u017eu. Tas \u013cauj veikt \u0101tru un efekt\u012bvu t\u012br\u012b\u0161anu - ide\u0101li piem\u0113rots bezr\u016bp\u012bgai \u017e\u0101v\u0113t\u0101ja apkopei, vienlaikus nodro\u0161inot efekt\u012bv\u0101ku un vienm\u0113r\u012bg\u0101ku ve\u013cas \u017e\u0101v\u0113\u0161anu.<\/p>\n<h2><strong>Lieto\u0161anas protokols<\/strong><\/h2>\n<ul>\n<li><strong>Sagatavo\u0161ana <\/strong>: Pirms produkta lieto\u0161anas p\u0101rliecinieties, ka \u017e\u0101v\u0113t\u0101js ir izsl\u0113gts un tuk\u0161s. P\u0101rliecinieties, ka ir pieejams net\u012brumu filtrs, lai to var\u0113tu izt\u012br\u012bt dzi\u013cai t\u012br\u012b\u0161anai.<\/li>\n<li><strong style=\"font-size: 16px;\">Lieto\u0161ana uz bung\u0101m un filtriem <\/strong><span style=\"font-size: 16px;\">: Nelielu daudzumu t\u012br\u012b\u0161anas l\u012bdzek\u013ca uzlejiet uz t\u012bras dr\u0101ni\u0146as vai neabraz\u012bva s\u016bk\u013ca un vienm\u0113r\u012bgi uzkl\u0101jiet uz bungas iek\u0161\u0113j\u0101s virsmas. Not\u012briet ar\u012b \u0161\u0137iedru filtrus, uzkl\u0101jot l\u012bdzekli un viegli noslaukot, lai no\u0146emtu uzkr\u0101tos atlikumus.<\/span><\/li>\n<li><strong style=\"font-size: 16px;\">Ventil\u0101cijas kan\u0101lu t\u012br\u012b\u0161ana <\/strong><span style=\"font-size: 16px;\">: Izmantojiet ar l\u012bdzekli samitrin\u0101tu smidzin\u0101t\u0101ju vai dr\u0101nu, lai to uzkl\u0101tu uz ventil\u0101cijas re\u017e\u0123iem un gaisa izpl\u016bdes kan\u0101liem. Pirms noslauk\u0161anas ar sausu dr\u0101nu \u013caujiet l\u012bdzeklim da\u017eas min\u016btes nost\u0101v\u0113ties, lai tas iz\u0161\u0137\u012bdin\u0101tu piemais\u012bjumus.<\/span><\/li>\n<li><strong style=\"font-size: 16px;\">Mitruma sensoru t\u012br\u012b\u0161ana <\/strong><span style=\"font-size: 16px;\">: Nelielu l\u012bdzek\u013ca daudzumu uzkl\u0101jiet uz mikro\u0161\u0137iedras dr\u0101ni\u0146as un maigi noslaukiet mitruma sensorus, kas atrodas cilindra iek\u0161pus\u0113. Tas pal\u012bdz optimiz\u0113t mitruma noteik\u0161anu un uzlabot \u017e\u0101v\u0113\u0161anas efektivit\u0101ti.<\/span><\/li>\n<li><strong style=\"font-size: 16px;\">Skalo\u0161ana un apdare <\/strong><span style=\"font-size: 16px;\">: Noslaukiet ar mitru dr\u0101nu, lai no\u0146emtu lieko produktu, p\u0113c tam nosusiniet ar t\u012bru, sausu dr\u0101nu.<\/span><\/li>\n<li><strong style=\"font-size: 16px;\">T\u012br\u012b\u0161anas cikla palai\u0161ana <\/strong><span style=\"font-size: 16px;\">: Lai veiktu dzi\u013cu t\u012br\u012b\u0161anu, 10 min\u016btes palaidiet \u017e\u0101v\u0113\u0161anas ciklu tuk\u0161\u0101 st\u0101vokl\u012b, lai no\u0146emtu visas atliku\u0161\u0101s da\u013ci\u0146as un nodro\u0161in\u0101tu optim\u0101lu \u017e\u0101v\u0113t\u0101ja darb\u012bbu.<\/span><\/li>\n<li><strong style=\"font-size: 16px;\">Lieto\u0161anas bie\u017eums <\/strong><span style=\"font-size: 16px;\">: Lietojiet reizi m\u0113nes\u012b, lai veiktu regul\u0101ru apkopi un nov\u0113rstu nogul\u0161\u0146u uzkr\u0101\u0161anos. Intens\u012bvi izmantotiem \u017e\u0101v\u0113t\u0101jiem ieteicams t\u012br\u012b\u0161anu veikt reizi div\u0101s ned\u0113\u013c\u0101s.<\/span><\/li>\n<li><strong style=\"font-size: 16px;\">Uzglab\u0101\u0161ana <\/strong><span style=\"font-size: 16px;\">: P\u0113c katras lieto\u0161anas reizes cie\u0161i aizveriet kanni\u0146u un uzglab\u0101jiet v\u0113s\u0101, saus\u0101 viet\u0101, pasarg\u0101jot no gaismas un p\u0101rm\u0113r\u012bgas temperat\u016bras, lai saglab\u0101tu produkta ilgtermi\u0146a efektivit\u0101ti.<\/span><\/li>\n<\/ul>\n<p>Izmantojot m\u016bsu ve\u013cas \u017e\u0101v\u0113t\u0101ja t\u012br\u012b\u0161anas l\u012bdzekli, nodro\u0161iniet optim\u0101lu ier\u012bces apkopi, pagariniet t\u0101s kalpo\u0161anas laiku un uzlabojiet ve\u013cas \u017e\u0101v\u0113\u0161anas efektivit\u0101ti. Ide\u0101ls risin\u0101jums past\u0101v\u012bgi svaigai ve\u013cai, samazin\u0101tai ener\u0123ijas pat\u0113ri\u0146am un ide\u0101lai \u017e\u0101v\u0113t\u0101ja uztur\u0113\u0161anai.<\/p>","protected":false},"excerpt":{"rendered":"<p>Optimal Efficiency. This tumble dryer cleaner is specially designed to effectively eliminate detergent residues, limescale deposits, textile dust, as well as grease and dirt buildup that accumulates over time in the appliance. Thanks to its powerful formula, it deeply cleans the drum, filters, ventilation ducts, and internal components of the dryer. Its action helps ensure [&hellip;]<\/p>\n","protected":false},"featured_media":35828,"comment_status":"open","ping_status":"closed","template":"","meta":{"_uag_custom_page_level_css":"","site-sidebar-layout":"default","site-content-layout":"","ast-site-content-layout":"default","site-content-style":"default","site-sidebar-style":"default","ast-global-header-display":"","ast-banner-title-visibility":"","ast-main-header-display":"","ast-hfb-above-header-display":"","ast-hfb-below-header-display":"","ast-hfb-mobile-header-display":"","site-post-title":"","ast-breadcrumbs-content":"","ast-featured-img":"","footer-sml-layout":"","ast-disable-related-posts":"","theme-transparent-header-meta":"default","adv-header-id-meta":"","stick-header-meta":"","header-above-stick-meta":"","header-main-stick-meta":"","header-below-stick-meta":"","astra-migrate-meta-layouts":"set","ast-page-background-enabled":"default","ast-page-background-meta":{"desktop":{"background-color":"var(--ast-global-color-4)","background-image":"","background-repeat":"repeat","background-position":"center center","background-size":"auto","background-attachment":"scroll","background-type":"","background-media":"","overlay-type":"","overlay-color":"","overlay-opacity":"","overlay-gradient":""},"tablet":{"background-color":"","background-image":"","background-repeat":"repeat","background-position":"center center","background-size":"auto","background-attachment":"scroll","background-type":"","background-media":"","overlay-type":"","overlay-color":"","overlay-opacity":"","overlay-gradient":""},"mobile":{"background-color":"","background-image":"","background-repeat":"repeat","background-position":"center center","background-size":"auto","background-attachment":"scroll","background-type":"","background-media":"","overlay-type":"","overlay-color":"","overlay-opacity":"","overlay-gradient":""}},"ast-content-background-meta":{"desktop":{"background-color":"var(--ast-global-color-5)","background-image":"","background-repeat":"repeat","background-position":"center center","background-size":"auto","background-attachment":"scroll","background-type":"","background-media":"","overlay-type":"","overlay-color":"","overlay-opacity":"","overlay-gradient":""},"tablet":{"background-color":"var(--ast-global-color-5)","background-image":"","background-repeat":"repeat","background-position":"center center","background-size":"auto","background-attachment":"scroll","background-type":"","background-media":"","overlay-type":"","overlay-color":"","overlay-opacity":"","overlay-gradient":""},"mobile":{"background-color":"var(--ast-global-color-5)","background-image":"","background-repeat":"repeat","background-position":"center center","background-size":"auto","background-attachment":"scroll","background-type":"","background-media":"","overlay-type":"","overlay-color":"","overlay-opacity":"","overlay-gradient":""}}},"product_brand":[],"product_cat":[175],"product_tag":[],"class_list":{"0":"post-25605","1":"product","2":"type-product","3":"status-publish","4":"has-post-thumbnail","6":"product_cat-cleaning-products","7":"desktop-align-left","8":"tablet-align-left","9":"mobile-align-left","11":"first","12":"instock","13":"sale","14":"taxable","15":"shipping-taxable","16":"purchasable","17":"product-type-variable","18":"has-default-attributes"},"spectra_custom_meta":{"_visibility":["visible"],"_shopify_product_id":["9106239291637"],"_s2w_shopify_domain":["ferberpainting.myshopify.com"],"_shopify_variant_id":["46625778696437"],"_sku":[""],"_manage_stock":["no"],"total_sales":["39"],"_tax_status":["taxable"],"_tax_class":[""],"_backorders":["no"],"_sold_individually":["no"],"_virtual":["no"],"_downloadable":["no"],"_download_limit":["-1"],"_download_expiry":["-1"],"_stock":[null],"_stock_status":["instock"],"_wc_average_rating":["5.00"],"_wc_review_count":["10"],"_product_attributes":["a:1:{s:6:\"volume\";a:6:{s:4:\"name\";s:6:\"Volume\";s:5:\"value\";s:20:\"5 liters | 25 liters\";s:8:\"position\";i:1;s:10:\"is_visible\";i:0;s:12:\"is_variation\";i:1;s:11:\"is_taxonomy\";i:0;}}"],"_product_version":["10.5.1"],"wpse_downloadable_file_names":[""],"wpse_downloadable_file_urls":[""],"_edit_last":["1"],"_default_attributes":["a:1:{s:6:\"volume\";s:8:\"5 liters\";}"],"_edit_lock":["1771246347:1"],"_price":["29.90","129.90"],"merchant-center-availability":["yes"],"merchant-center-category":["7462"],"_thumbnail_id":["35828"],"_wp_page_template":["default"],"_wp_old_date":["2025-05-26"],"_product_image_gallery":["35829"],"site-sidebar-layout":["default"],"ast-site-content-layout":["default"],"site-content-style":["default"],"site-sidebar-style":["default"],"theme-transparent-header-meta":["default"],"_wc_rating_count":["a:1:{i:5;i:10;}"],"astra-migrate-meta-layouts":["set"],"_uag_css_file_name":["uag-css-25605.css"],"_elementor_page_assets":["a:0:{}"],"_uag_page_assets":["a:9:{s:3:\"css\";s:7133:\".uag-blocks-common-selector{z-index:var(--z-index-desktop) !important}@media(max-width: 976px){.uag-blocks-common-selector{z-index:var(--z-index-tablet) !important}}@media(max-width: 767px){.uag-blocks-common-selector{z-index:var(--z-index-mobile) !important}}.wp-block-uagb-image{display:flex}.wp-block-uagb-image__figure{position:relative;display:flex;flex-direction:column;max-width:100%;height:auto;margin:0}.wp-block-uagb-image__figure img{height:auto;display:flex;max-width:100%;transition:box-shadow .2s ease}.wp-block-uagb-image__figure>a{display:inline-block}.wp-block-uagb-image__figure figcaption{text-align:center;margin-top:.5em;margin-bottom:1em}.wp-block-uagb-image .components-placeholder.block-editor-media-placeholder .components-placeholder__instructions{align-self:center}.wp-block-uagb-image--align-left{text-align:left}.wp-block-uagb-image--align-right{text-align:right}.wp-block-uagb-image--align-center{text-align:center}.wp-block-uagb-image--align-full .wp-block-uagb-image__figure{margin-left:calc(50% - 50vw);margin-right:calc(50% - 50vw);max-width:100vw;width:100vw;height:auto}.wp-block-uagb-image--align-full .wp-block-uagb-image__figure img{height:auto;width:100% !important}.wp-block-uagb-image--align-wide .wp-block-uagb-image__figure img{height:auto;width:100%}.wp-block-uagb-image--layout-overlay__color-wrapper{position:absolute;left:0;top:0;right:0;bottom:0;opacity:.2;background:rgba(0,0,0,.5);transition:opacity .35s ease-in-out}.wp-block-uagb-image--layout-overlay-link{position:absolute;left:0;right:0;bottom:0;top:0}.wp-block-uagb-image--layout-overlay .wp-block-uagb-image__figure:hover .wp-block-uagb-image--layout-overlay__color-wrapper{opacity:1}.wp-block-uagb-image--layout-overlay__inner{position:absolute;left:15px;right:15px;bottom:15px;top:15px;display:flex;align-items:center;justify-content:center;flex-direction:column;border-color:#fff;transition:.35s ease-in-out}.wp-block-uagb-image--layout-overlay__inner.top-left,.wp-block-uagb-image--layout-overlay__inner.top-center,.wp-block-uagb-image--layout-overlay__inner.top-right{justify-content:flex-start}.wp-block-uagb-image--layout-overlay__inner.bottom-left,.wp-block-uagb-image--layout-overlay__inner.bottom-center,.wp-block-uagb-image--layout-overlay__inner.bottom-right{justify-content:flex-end}.wp-block-uagb-image--layout-overlay__inner.top-left,.wp-block-uagb-image--layout-overlay__inner.center-left,.wp-block-uagb-image--layout-overlay__inner.bottom-left{align-items:flex-start}.wp-block-uagb-image--layout-overlay__inner.top-right,.wp-block-uagb-image--layout-overlay__inner.center-right,.wp-block-uagb-image--layout-overlay__inner.bottom-right{align-items:flex-end}.wp-block-uagb-image--layout-overlay__inner .uagb-image-heading{color:#fff;transition:transform .35s,opacity .35s ease-in-out;transform:translate3d(0, 24px, 0);margin:0;line-height:1em}.wp-block-uagb-image--layout-overlay__inner .uagb-image-separator{width:30%;border-top-width:2px;border-top-color:#fff;border-top-style:solid;margin-bottom:10px;opacity:0;transition:transform .4s,opacity .4s ease-in-out;transform:translate3d(0, 30px, 0)}.wp-block-uagb-image--layout-overlay__inner .uagb-image-caption{opacity:0;overflow:visible;color:#fff;transition:transform .45s,opacity .45s ease-in-out;transform:translate3d(0, 35px, 0)}.wp-block-uagb-image--layout-overlay__inner:hover .uagb-image-heading,.wp-block-uagb-image--layout-overlay__inner:hover .uagb-image-separator,.wp-block-uagb-image--layout-overlay__inner:hover .uagb-image-caption{opacity:1;transform:translate3d(0, 0, 0)}.wp-block-uagb-image--effect-zoomin .wp-block-uagb-image__figure img,.wp-block-uagb-image--effect-zoomin .wp-block-uagb-image__figure .wp-block-uagb-image--layout-overlay__color-wrapper{transform:scale(1);transition:transform .35s ease-in-out}.wp-block-uagb-image--effect-zoomin .wp-block-uagb-image__figure:hover img,.wp-block-uagb-image--effect-zoomin .wp-block-uagb-image__figure:hover .wp-block-uagb-image--layout-overlay__color-wrapper{transform:scale(1.05)}.wp-block-uagb-image--effect-slide .wp-block-uagb-image__figure img,.wp-block-uagb-image--effect-slide .wp-block-uagb-image__figure .wp-block-uagb-image--layout-overlay__color-wrapper{width:calc(100% + 40px) !important;max-width:none !important;transform:translate3d(-40px, 0, 0);transition:transform .35s ease-in-out}.wp-block-uagb-image--effect-slide .wp-block-uagb-image__figure:hover img,.wp-block-uagb-image--effect-slide .wp-block-uagb-image__figure:hover .wp-block-uagb-image--layout-overlay__color-wrapper{transform:translate3d(0, 0, 0)}.wp-block-uagb-image--effect-grayscale img{filter:grayscale(0%);transition:.35s ease-in-out}.wp-block-uagb-image--effect-grayscale:hover img{filter:grayscale(100%)}.wp-block-uagb-image--effect-blur img{filter:blur(0);transition:.35s ease-in-out}.wp-block-uagb-image--effect-blur:hover img{filter:blur(3px)}.uagb-block-e6f939b3.wp-block-uagb-image--layout-default figure img{box-shadow: 0px 0px 0 #00000070;}.uagb-block-e6f939b3.wp-block-uagb-image .wp-block-uagb-image__figure figcaption{font-style: normal;align-self: center;}.uagb-block-e6f939b3.wp-block-uagb-image--layout-overlay figure img{box-shadow: 0px 0px 0 #00000070;}.uagb-block-e6f939b3.wp-block-uagb-image--layout-overlay .wp-block-uagb-image--layout-overlay__color-wrapper{opacity: 0.2;}.uagb-block-e6f939b3.wp-block-uagb-image--layout-overlay .wp-block-uagb-image--layout-overlay__inner{left: 15px;right: 15px;top: 15px;bottom: 15px;}.uagb-block-e6f939b3.wp-block-uagb-image--layout-overlay .wp-block-uagb-image--layout-overlay__inner .uagb-image-heading{font-style: normal;color: #fff;opacity: 1;}.uagb-block-e6f939b3.wp-block-uagb-image--layout-overlay .wp-block-uagb-image--layout-overlay__inner .uagb-image-heading a{color: #fff;}.uagb-block-e6f939b3.wp-block-uagb-image--layout-overlay .wp-block-uagb-image--layout-overlay__inner .uagb-image-caption{opacity: 0;}.uagb-block-e6f939b3.wp-block-uagb-image--layout-overlay .wp-block-uagb-image__figure:hover .wp-block-uagb-image--layout-overlay__color-wrapper{opacity: 1;}.uagb-block-e6f939b3.wp-block-uagb-image .wp-block-uagb-image--layout-overlay__inner .uagb-image-separator{width: 30%;border-top-width: 2px;border-top-color: #fff;opacity: 0;}.uagb-block-e6f939b3.wp-block-uagb-image .wp-block-uagb-image__figure img{width: px;height: auto;}.uagb-block-e6f939b3.wp-block-uagb-image .wp-block-uagb-image__figure:hover .wp-block-uagb-image--layout-overlay__inner .uagb-image-caption{opacity: 1;}.uagb-block-e6f939b3.wp-block-uagb-image .wp-block-uagb-image__figure:hover .wp-block-uagb-image--layout-overlay__inner .uagb-image-separator{opacity: 1;}.uagb-block-e6f939b3.wp-block-uagb-image--layout-default figure:hover img{box-shadow: 0px 0px 0 #00000070;}.uagb-block-e6f939b3.wp-block-uagb-image--layout-overlay figure:hover img{box-shadow: 0px 0px 0 #00000070;}@media only screen and (max-width: 976px) {.uagb-block-e6f939b3.wp-block-uagb-image .wp-block-uagb-image__figure img{width: px;height: auto;}}@media only screen and (max-width: 767px) {.uagb-block-e6f939b3.wp-block-uagb-image .wp-block-uagb-image__figure img{width: px;height: auto;}}\";s:2:\"js\";s:0:\"\";s:18:\"current_block_list\";a:13:{i:0;s:11:\"core\/search\";i:1;s:10:\"core\/group\";i:2;s:12:\"core\/heading\";i:3;s:17:\"core\/latest-posts\";i:4;s:20:\"core\/latest-comments\";i:5;s:13:\"core\/archives\";i:6;s:15:\"core\/categories\";i:7;s:14:\"core\/paragraph\";i:8;s:10:\"uagb\/image\";i:9;s:11:\"core\/spacer\";i:10;s:30:\"woocommerce\/product-categories\";i:11;s:10:\"core\/image\";i:12;s:14:\"core\/shortcode\";}s:8:\"uag_flag\";b:1;s:11:\"uag_version\";s:10:\"1777228734\";s:6:\"gfonts\";a:0:{}s:10:\"gfonts_url\";s:0:\"\";s:12:\"gfonts_files\";a:0:{}s:14:\"uag_faq_layout\";b:0;}"]},"uagb_featured_image_src":{"full":["https:\/\/www.ferberpainting.com\/wp-content\/uploads\/2025\/05\/Tumble-Dryer-Cleaner-5L.png",2560,2560,false],"thumbnail":["https:\/\/www.ferberpainting.com\/wp-content\/uploads\/2025\/05\/Tumble-Dryer-Cleaner-5L-150x150.png",150,150,true],"medium":["https:\/\/www.ferberpainting.com\/wp-content\/uploads\/2025\/05\/Tumble-Dryer-Cleaner-5L-300x300.png",300,300,true],"medium_large":["https:\/\/www.ferberpainting.com\/wp-content\/uploads\/2025\/05\/Tumble-Dryer-Cleaner-5L-768x768.png",768,768,true],"large":["https:\/\/www.ferberpainting.com\/wp-content\/uploads\/2025\/05\/Tumble-Dryer-Cleaner-5L-1024x1024.png",1024,1024,true],"1536x1536":["https:\/\/www.ferberpainting.com\/wp-content\/uploads\/2025\/05\/Tumble-Dryer-Cleaner-5L-1536x1536.png",1536,1536,true],"2048x2048":["https:\/\/www.ferberpainting.com\/wp-content\/uploads\/2025\/05\/Tumble-Dryer-Cleaner-5L-2048x2048.png",2048,2048,true],"trp-custom-language-flag":["https:\/\/www.ferberpainting.com\/wp-content\/uploads\/2025\/05\/Tumble-Dryer-Cleaner-5L-12x12.png",12,12,true],"woocommerce_thumbnail":["https:\/\/www.ferberpainting.com\/wp-content\/uploads\/2025\/05\/Tumble-Dryer-Cleaner-5L-300x300.png",300,300,true],"woocommerce_single":["https:\/\/www.ferberpainting.com\/wp-content\/uploads\/2025\/05\/Tumble-Dryer-Cleaner-5L-600x600.png",600,600,true],"woocommerce_gallery_thumbnail":["https:\/\/www.ferberpainting.com\/wp-content\/uploads\/2025\/05\/Tumble-Dryer-Cleaner-5L-100x100.png",100,100,true]},"uagb_author_info":{"display_name":"admin","author_link":"https:\/\/www.ferberpainting.com\/lv\/author\/"},"uagb_comment_info":10,"uagb_excerpt":"Optimal Efficiency. This tumble dryer cleaner is specially designed to effectively eliminate detergent residues, limescale deposits, textile dust, as well as grease and dirt buildup that accumulates over time in the appliance. Thanks to its powerful formula, it deeply cleans the drum, filters, ventilation ducts, and internal components of the dryer. Its action helps ensure&hellip;","_links":{"self":[{"href":"https:\/\/www.ferberpainting.com\/lv\/wp-json\/wp\/v2\/product\/25605","targetHints":{"allow":["GET"]}}],"collection":[{"href":"https:\/\/www.ferberpainting.com\/lv\/wp-json\/wp\/v2\/product"}],"about":[{"href":"https:\/\/www.ferberpainting.com\/lv\/wp-json\/wp\/v2\/types\/product"}],"replies":[{"embeddable":true,"href":"https:\/\/www.ferberpainting.com\/lv\/wp-json\/wp\/v2\/comments?post=25605"}],"version-history":[{"count":4,"href":"https:\/\/www.ferberpainting.com\/lv\/wp-json\/wp\/v2\/product\/25605\/revisions"}],"predecessor-version":[{"id":167499,"href":"https:\/\/www.ferberpainting.com\/lv\/wp-json\/wp\/v2\/product\/25605\/revisions\/167499"}],"wp:featuredmedia":[{"embeddable":true,"href":"https:\/\/www.ferberpainting.com\/lv\/wp-json\/wp\/v2\/media\/35828"}],"wp:attachment":[{"href":"https:\/\/www.ferberpainting.com\/lv\/wp-json\/wp\/v2\/media?parent=25605"}],"wp:term":[{"taxonomy":"product_brand","embeddable":true,"href":"https:\/\/www.ferberpainting.com\/lv\/wp-json\/wp\/v2\/product_brand?post=25605"},{"taxonomy":"product_cat","embeddable":true,"href":"https:\/\/www.ferberpainting.com\/lv\/wp-json\/wp\/v2\/product_cat?post=25605"},{"taxonomy":"product_tag","embeddable":true,"href":"https:\/\/www.ferberpainting.com\/lv\/wp-json\/wp\/v2\/product_tag?post=25605"}],"curies":[{"name":"wp","href":"https:\/\/api.w.org\/{rel}","templated":true}]}}