{"id":25601,"date":"2025-05-26T10:32:42","date_gmt":"2025-05-26T08:32:42","guid":{"rendered":"https:\/\/www.ferberpainting.com\/products\/tropical-plant-fertilizer\/"},"modified":"2026-02-16T13:47:24","modified_gmt":"2026-02-16T12:47:24","slug":"tropical-plant-fertilizer","status":"publish","type":"product","link":"https:\/\/www.ferberpainting.com\/lv\/products\/tropical-plant-fertilizer\/","title":{"rendered":"Tropisko augu m\u0113slojums"},"content":{"rendered":"<p><strong><img decoding=\"async\" style=\"margin-right: 12px;\" src=\"https:\/\/www.ferberpainting.com\/wp-content\/uploads\/2026\/02\/Check.svg\" alt=\"\" width=\"18\" height=\"15\" \/>M\u0113slojums, kas \u012bpa\u0161i paredz\u0113ts tropu augiem.<\/strong>\u00a0Tropu augiem ir \u012bpa\u0161as vajadz\u012bbas p\u0113c bar\u012bbas viel\u0101m - tiem nepiecie\u0161ams sabalans\u0113ts sl\u0101pek\u013ca, fosfora un k\u0101lija daudzums, lai nodro\u0161in\u0101tu sp\u0113c\u012bgu aug\u0161anu, sul\u012bgu lapotni un bag\u0101t\u012bgu zied\u0113\u0161anu. M\u016bsu NPK 15-15-15 m\u0113slojums ir izstr\u0101d\u0101ts, lai apmierin\u0101tu \u0161\u012bs vajadz\u012bbas, nodro\u0161inot visus nepiecie\u0161amos elementus, kas veicina gan istabas, gan \u0101ra tropisko augu, piem\u0113ram, monsteru, ban\u0101nkoku, palmu, fikusu, hibisku un parad\u012bzes putnu, att\u012bst\u012bbu.<\/p>\n<p><strong><img decoding=\"async\" style=\"margin-right: 12px;\" src=\"https:\/\/www.ferberpainting.com\/wp-content\/uploads\/2026\/02\/Check.svg\" alt=\"\" width=\"18\" height=\"15\" \/>Naudas atmaksas garantija.<\/strong>\u00a0M\u0113s esam rad\u012bju\u0161i augstas kvalit\u0101tes m\u0113slojumu, kas ir p\u0101rbaud\u012bts un apstiprin\u0101ts, lai nodro\u0161in\u0101tu redzamus rezult\u0101tus. Ja, neraugoties uz pareizu m\u0113slojuma lieto\u0161anu, j\u016bsu auga st\u0101voklis neuzlabosies, m\u0113s pied\u0101v\u0101jam jums atmaks\u0101t pilnu summu.<\/p>\n<p><strong><img decoding=\"async\" style=\"margin-right: 12px;\" src=\"https:\/\/www.ferberpainting.com\/wp-content\/uploads\/2026\/02\/Check.svg\" alt=\"\" width=\"18\" height=\"15\" \/>Sader\u012bgs ar visiem tropu augiem.<\/strong>\u00a0\u0160is m\u0113slojums ir piem\u0113rots visiem \u0101tri augo\u0161iem, sul\u012bgi augo\u0161iem augiem ar sul\u012bg\u0101m lap\u0101m, neatkar\u012bgi no t\u0101, vai tie tiek audz\u0113ti podos, zem\u0113, telp\u0101s vai \u0101r\u0101. Tas ir piem\u0113rots tropu un subtropu augiem, un to var izmantot ar\u012b orhidej\u0101m, filodendriem, ant\u016brijiem un daudz\u0101m cit\u0101m eksotisk\u0101m sug\u0101m.<\/p>\n<p><strong><img decoding=\"async\" style=\"margin-right: 12px;\" src=\"https:\/\/www.ferberpainting.com\/wp-content\/uploads\/2026\/02\/Check.svg\" alt=\"\" width=\"18\" height=\"15\" \/>Lieliski ekonomiskie r\u0101d\u012bt\u0101ji.<\/strong>\u00a0Pateicoties augstajai koncentr\u0101cijai, m\u016bsu m\u0113slojumu var at\u0161\u0137aid\u012bt 5 ml uz litru \u016bdens, padarot to par \u013coti ekonomisku produktu. No 5 litru konteinera var pagatavot l\u012bdz pat 1000 litriem bar\u012bbas \u0161\u0137\u012bduma, nodro\u0161inot nep\u0101rsp\u0113jamu kvalit\u0101tes un cenas attiec\u012bbu un samazinot pirk\u0161anas bie\u017eumu.<\/p>\n<p><strong><img decoding=\"async\" style=\"margin-right: 12px;\" src=\"https:\/\/www.ferberpainting.com\/wp-content\/uploads\/2026\/02\/Check.svg\" alt=\"\" width=\"18\" height=\"15\" \/>Nekait\u012bgs augiem un videi.<\/strong>\u00a0At\u0161\u0137ir\u012bb\u0101 no agres\u012bvajiem \u0137\u012bmiskajiem m\u0113slo\u0161anas l\u012bdzek\u013ciem m\u016bsu sabalans\u0113t\u0101 un saudz\u0113jo\u0161\u0101 formula saudz\u0113 augsnes ekosist\u0113mu, veicinot pak\u0101penisku un dabisku bar\u012bbas vielu asimil\u0101ciju. Tas neboj\u0101 saknes un lapas, nodro\u0161inot vesel\u012bgu un ilgtsp\u0113j\u012bgu aug\u0161anu.<\/p>\n<p><strong><img decoding=\"async\" style=\"margin-right: 12px;\" src=\"https:\/\/www.ferberpainting.com\/wp-content\/uploads\/2026\/02\/Check.svg\" alt=\"\" width=\"18\" height=\"15\" \/>Viegli lietojams un \u0101tri lietojams.<\/strong>\u00a0\u0160o \u0161\u0137idro m\u0113slojumu ir vienk\u0101r\u0161i doz\u0113t un lietot. Vienk\u0101r\u0161i sajauciet to ar \u016bdeni un lietojiet laist\u012b\u0161anas laik\u0101. Tam nav nepiecie\u0161ama sare\u017e\u0123\u012bta sagatavo\u0161ana, t\u0101d\u0113j\u0101di nov\u0113r\u0161ot doz\u0113\u0161anas k\u013c\u016bdas un nodro\u0161inot efekt\u012bvu un vienm\u0113r\u012bgu uzs\u016bk\u0161anos sakn\u0113s.<\/p>\n<p><strong><img decoding=\"async\" style=\"margin-right: 12px;\" src=\"https:\/\/www.ferberpainting.com\/wp-content\/uploads\/2026\/02\/Check.svg\" alt=\"\" width=\"18\" height=\"15\" \/>Ilgsto\u0161a ietekme uz augu att\u012bst\u012bbu.<\/strong>\u00a0Pak\u0101peniski bag\u0101tinot substr\u0101tu, \u0161is m\u0113slojums veicina nep\u0101rtrauktu aug\u0161anu un stiprina augu dabisko aizsardz\u012bbu pret slim\u012bb\u0101m, \u016bdens stresu un bar\u012bbas vielu tr\u016bkumu. T\u0101 ilgsto\u0161\u0101 iedarb\u012bba pal\u012bdz ieg\u016bt tropu augus, kas ir sp\u0113c\u012bg\u0101ki un dz\u012bv\u012bg\u0101ki visu gadu.<\/p>\n<p><strong><img decoding=\"async\" style=\"margin-right: 12px;\" src=\"https:\/\/www.ferberpainting.com\/wp-content\/uploads\/2026\/02\/Check.svg\" alt=\"\" width=\"18\" height=\"15\" \/>\u0100tri redzami rezult\u0101ti.<\/strong>\u00a0Jau pirmaj\u0101s ned\u0113\u013c\u0101s p\u0113c lieto\u0161anas j\u016bs paman\u012bsiet uzlabotu aug\u0161anu, za\u013c\u0101ku un bl\u012bv\u0101ku lapotni, k\u0101 ar\u012b jaunu dzinumu un ziedu pieaugumu ziedo\u0161aj\u0101m sug\u0101m. \u0160is m\u0113slojums ar\u012b pal\u012bdz uzlabot iztur\u012bbu pret main\u012bgiem klimata apst\u0101k\u013ciem, piem\u0113ram, sausuma periodiem vai augstu gaisa mitruma l\u012bmeni.<\/p>\n<h2>Lieto\u0161anas protokols<\/h2>\n<p><strong>Ieteicamais at\u0161\u0137aid\u012bjums<\/strong> :<\/p>\n<ul>\n<li><strong>Regul\u0101ra apkope <\/strong>: At\u0161\u0137aidiet 5 ml m\u0113slojuma uz litru \u016bdens un aplaistiet substr\u0101tu tie\u0161i ar \u016bdeni.<\/li>\n<li><strong>Augam akt\u012bv\u0101s aug\u0161anas f\u0101z\u0113<\/strong> (pavasaris\/vasara) : Nedaudz palieliniet koncentr\u0101ciju l\u012bdz 7 ml uz litru \u016bdens, lai veicin\u0101tu pa\u0101trin\u0101tu aug\u0161anu.<\/li>\n<li><strong>Augam miera miera period\u0101<\/strong> (rudens\/ziema) : Samaziniet lieto\u0161anas bie\u017eumu un izmantojiet maz\u0101ku koncentr\u0101ciju (2 ml uz litru \u016bdens).<\/li>\n<\/ul>\n<p><strong>Lieto\u0161anas bie\u017eums <\/strong>:<\/p>\n<ul>\n<li><strong>Akt\u012bvi augo\u0161i augi <\/strong>: Uzkl\u0101jiet ik p\u0113c div\u0101m ned\u0113\u013c\u0101m.<\/li>\n<li><strong>Augi miera st\u0101vokl\u012b <\/strong>: Pietiek iesniegt pieteikumu reizi m\u0113nes\u012b.<\/li>\n<\/ul>\n<p><strong>Piem\u0113ro\u0161anas metode <\/strong>:<\/p>\n<ul>\n<li><strong>Laist\u012b\u0161ana pie pamatnes <\/strong>: Uzlejiet \u0161\u0137\u012bdumu tie\u0161i uz substr\u0101ta, izvairoties no p\u0101rm\u0113r\u012bgas lapu samitrin\u0101\u0161anas.<\/li>\n<li><strong>Lapu smidzin\u0101t\u0101js (p\u0113c izv\u0113les) <\/strong>: Da\u017eiem augiem, piem\u0113ram, ant\u016brijiem un filodendriem, var noder\u0113t viegla lapu miglo\u0161ana.<\/li>\n<li><strong>Augsnes izmanto\u0161ana \u0101rpus telp\u0101m <\/strong>: At\u0161\u0137aid\u012btu m\u0113slojumu izmantojiet ap auga pamatni, nodro\u0161inot, ka produkts nenok\u013c\u016bst uz augsnes virsmas.<\/li>\n<li><strong>Augu podos izmanto\u0161ana <\/strong>: Lai nodro\u0161in\u0101tu optim\u0101lu uzs\u016bk\u0161anos, l\u0113n\u0101m laistiet, l\u012bdz \u016bdens s\u0101k notec\u0113t caur caurumiem.<\/li>\n<\/ul>\n<p><strong>Lieto\u0161anas piesardz\u012bbas pas\u0101kumi <\/strong>:<\/p>\n<ul>\n<li><strong>Nep\u0101rdoz\u0113jiet <\/strong>: P\u0101rm\u0113r\u012bgs m\u0113slojuma daudzums var sadedzin\u0101t saknes un izrais\u012bt lapu dzelt\u0113\u0161anu.<\/li>\n<li><strong>Nelietot uz slima auga <\/strong>: Pirms m\u0113slojuma pievieno\u0161anas pagaidiet, l\u012bdz t\u0101 atg\u016bst sp\u0113ku.<\/li>\n<li><strong>Izvairieties no lieto\u0161anas piln\u0101 saul\u0113 <\/strong>: Ieteicams lietot agri no r\u012bta vai dienas beig\u0101s, lai nov\u0113rstu bar\u012bbas vielu strauju iztvaiko\u0161anu.<\/li>\n<\/ul>\n<p><strong>Uzglab\u0101\u0161ana un konserv\u0113\u0161ana <\/strong>:<\/p>\n<ul>\n<li>Uzglab\u0101t izstr\u0101d\u0101jumu dro\u0161\u0101 viet\u0101, kur nav karstuma un mitruma.<\/li>\n<li>P\u0113c katras lieto\u0161anas reizes cie\u0161i aiztaisiet trauku, lai saglab\u0101tu t\u0101 uzturv\u0113rt\u012bbu.<\/li>\n<\/ul>\n<p>Izmantojot m\u016bsu tropisko augu m\u0113slojumu, j\u016bs nodro\u0161in\u0101siet saviem augiem lab\u0101kos apst\u0101k\u013cus optim\u0101lai att\u012bst\u012bbai. Neatkar\u012bgi no t\u0101, vai esat eksotisko augu entuziasts vai pieredz\u0113jis d\u0101rznieks, \u0161is m\u0113slojums ir ide\u0101ls sabiedrotais sul\u012bgiem, vesel\u012bgiem un dz\u012bv\u012bgiem augiem.<\/p>","protected":false},"excerpt":{"rendered":"<p>A fertilizer specially designed for tropical plants.\u00a0Tropical plants have specific nutritional needs, requiring a balanced supply of nitrogen, phosphorus, and potassium to ensure vigorous growth, lush foliage, and abundant flowering. Our NPK 15-15-15 fertilizer is formulated to meet these needs, providing all the essential elements that promote the development of both indoor and outdoor tropical [&hellip;]<\/p>\n","protected":false},"featured_media":27434,"comment_status":"open","ping_status":"closed","template":"","meta":{"_uag_custom_page_level_css":"","site-sidebar-layout":"default","site-content-layout":"","ast-site-content-layout":"default","site-content-style":"default","site-sidebar-style":"default","ast-global-header-display":"","ast-banner-title-visibility":"","ast-main-header-display":"","ast-hfb-above-header-display":"","ast-hfb-below-header-display":"","ast-hfb-mobile-header-display":"","site-post-title":"","ast-breadcrumbs-content":"","ast-featured-img":"","footer-sml-layout":"","ast-disable-related-posts":"","theme-transparent-header-meta":"default","adv-header-id-meta":"","stick-header-meta":"","header-above-stick-meta":"","header-main-stick-meta":"","header-below-stick-meta":"","astra-migrate-meta-layouts":"set","ast-page-background-enabled":"default","ast-page-background-meta":{"desktop":{"background-color":"var(--ast-global-color-4)","background-image":"","background-repeat":"repeat","background-position":"center center","background-size":"auto","background-attachment":"scroll","background-type":"","background-media":"","overlay-type":"","overlay-color":"","overlay-opacity":"","overlay-gradient":""},"tablet":{"background-color":"","background-image":"","background-repeat":"repeat","background-position":"center center","background-size":"auto","background-attachment":"scroll","background-type":"","background-media":"","overlay-type":"","overlay-color":"","overlay-opacity":"","overlay-gradient":""},"mobile":{"background-color":"","background-image":"","background-repeat":"repeat","background-position":"center center","background-size":"auto","background-attachment":"scroll","background-type":"","background-media":"","overlay-type":"","overlay-color":"","overlay-opacity":"","overlay-gradient":""}},"ast-content-background-meta":{"desktop":{"background-color":"var(--ast-global-color-5)","background-image":"","background-repeat":"repeat","background-position":"center center","background-size":"auto","background-attachment":"scroll","background-type":"","background-media":"","overlay-type":"","overlay-color":"","overlay-opacity":"","overlay-gradient":""},"tablet":{"background-color":"var(--ast-global-color-5)","background-image":"","background-repeat":"repeat","background-position":"center center","background-size":"auto","background-attachment":"scroll","background-type":"","background-media":"","overlay-type":"","overlay-color":"","overlay-opacity":"","overlay-gradient":""},"mobile":{"background-color":"var(--ast-global-color-5)","background-image":"","background-repeat":"repeat","background-position":"center center","background-size":"auto","background-attachment":"scroll","background-type":"","background-media":"","overlay-type":"","overlay-color":"","overlay-opacity":"","overlay-gradient":""}}},"product_brand":[],"product_cat":[178],"product_tag":[],"class_list":{"0":"post-25601","1":"product","2":"type-product","3":"status-publish","4":"has-post-thumbnail","6":"product_cat-fertilizers","7":"desktop-align-left","8":"tablet-align-left","9":"mobile-align-left","11":"first","12":"instock","13":"sale","14":"taxable","15":"shipping-taxable","16":"purchasable","17":"product-type-variable"},"spectra_custom_meta":{"_visibility":["visible"],"_shopify_product_id":["9071356084469"],"_s2w_shopify_domain":["ferberpainting.myshopify.com"],"_shopify_variant_id":["46516143522037"],"_sku":[""],"_manage_stock":["no"],"total_sales":["32"],"_tax_status":["taxable"],"_tax_class":[""],"_backorders":["no"],"_sold_individually":["no"],"_virtual":["no"],"_downloadable":["no"],"_download_limit":["-1"],"_download_expiry":["-1"],"_stock":[null],"_stock_status":["instock"],"_wc_average_rating":["4.63"],"_wc_review_count":["8"],"_product_attributes":["a:1:{s:6:\"volume\";a:6:{s:4:\"name\";s:6:\"Volume\";s:5:\"value\";s:20:\"5 liters | 25 liters\";s:8:\"position\";i:1;s:10:\"is_visible\";i:0;s:12:\"is_variation\";i:1;s:11:\"is_taxonomy\";i:0;}}"],"_product_version":["10.5.1"],"_thumbnail_id":["27434"],"_product_image_gallery":["27435"],"wpse_downloadable_file_names":[""],"wpse_downloadable_file_urls":[""],"_edit_last":["1"],"_edit_lock":["1771245906:1"],"merchant-center-availability":["yes"],"merchant-center-category":["113"],"_wp_page_template":["default"],"site-sidebar-layout":["default"],"ast-site-content-layout":["default"],"site-content-style":["default"],"site-sidebar-style":["default"],"theme-transparent-header-meta":["default"],"_wc_rating_count":["a:2:{i:4;i:3;i:5;i:5;}"],"_price":["29.90","129.90"],"merchant-center-id":["FPTROPICALPLANTFERTILIZER25"],"astra-migrate-meta-layouts":["set"],"_uag_css_file_name":["uag-css-25601.css"],"_uag_page_assets":["a:9:{s:3:\"css\";s:7133:\".uag-blocks-common-selector{z-index:var(--z-index-desktop) !important}@media(max-width: 976px){.uag-blocks-common-selector{z-index:var(--z-index-tablet) !important}}@media(max-width: 767px){.uag-blocks-common-selector{z-index:var(--z-index-mobile) !important}}.wp-block-uagb-image{display:flex}.wp-block-uagb-image__figure{position:relative;display:flex;flex-direction:column;max-width:100%;height:auto;margin:0}.wp-block-uagb-image__figure img{height:auto;display:flex;max-width:100%;transition:box-shadow .2s ease}.wp-block-uagb-image__figure>a{display:inline-block}.wp-block-uagb-image__figure figcaption{text-align:center;margin-top:.5em;margin-bottom:1em}.wp-block-uagb-image .components-placeholder.block-editor-media-placeholder .components-placeholder__instructions{align-self:center}.wp-block-uagb-image--align-left{text-align:left}.wp-block-uagb-image--align-right{text-align:right}.wp-block-uagb-image--align-center{text-align:center}.wp-block-uagb-image--align-full .wp-block-uagb-image__figure{margin-left:calc(50% - 50vw);margin-right:calc(50% - 50vw);max-width:100vw;width:100vw;height:auto}.wp-block-uagb-image--align-full .wp-block-uagb-image__figure img{height:auto;width:100% !important}.wp-block-uagb-image--align-wide .wp-block-uagb-image__figure img{height:auto;width:100%}.wp-block-uagb-image--layout-overlay__color-wrapper{position:absolute;left:0;top:0;right:0;bottom:0;opacity:.2;background:rgba(0,0,0,.5);transition:opacity .35s ease-in-out}.wp-block-uagb-image--layout-overlay-link{position:absolute;left:0;right:0;bottom:0;top:0}.wp-block-uagb-image--layout-overlay .wp-block-uagb-image__figure:hover .wp-block-uagb-image--layout-overlay__color-wrapper{opacity:1}.wp-block-uagb-image--layout-overlay__inner{position:absolute;left:15px;right:15px;bottom:15px;top:15px;display:flex;align-items:center;justify-content:center;flex-direction:column;border-color:#fff;transition:.35s ease-in-out}.wp-block-uagb-image--layout-overlay__inner.top-left,.wp-block-uagb-image--layout-overlay__inner.top-center,.wp-block-uagb-image--layout-overlay__inner.top-right{justify-content:flex-start}.wp-block-uagb-image--layout-overlay__inner.bottom-left,.wp-block-uagb-image--layout-overlay__inner.bottom-center,.wp-block-uagb-image--layout-overlay__inner.bottom-right{justify-content:flex-end}.wp-block-uagb-image--layout-overlay__inner.top-left,.wp-block-uagb-image--layout-overlay__inner.center-left,.wp-block-uagb-image--layout-overlay__inner.bottom-left{align-items:flex-start}.wp-block-uagb-image--layout-overlay__inner.top-right,.wp-block-uagb-image--layout-overlay__inner.center-right,.wp-block-uagb-image--layout-overlay__inner.bottom-right{align-items:flex-end}.wp-block-uagb-image--layout-overlay__inner .uagb-image-heading{color:#fff;transition:transform .35s,opacity .35s ease-in-out;transform:translate3d(0, 24px, 0);margin:0;line-height:1em}.wp-block-uagb-image--layout-overlay__inner .uagb-image-separator{width:30%;border-top-width:2px;border-top-color:#fff;border-top-style:solid;margin-bottom:10px;opacity:0;transition:transform .4s,opacity .4s ease-in-out;transform:translate3d(0, 30px, 0)}.wp-block-uagb-image--layout-overlay__inner .uagb-image-caption{opacity:0;overflow:visible;color:#fff;transition:transform .45s,opacity .45s ease-in-out;transform:translate3d(0, 35px, 0)}.wp-block-uagb-image--layout-overlay__inner:hover .uagb-image-heading,.wp-block-uagb-image--layout-overlay__inner:hover .uagb-image-separator,.wp-block-uagb-image--layout-overlay__inner:hover .uagb-image-caption{opacity:1;transform:translate3d(0, 0, 0)}.wp-block-uagb-image--effect-zoomin .wp-block-uagb-image__figure img,.wp-block-uagb-image--effect-zoomin .wp-block-uagb-image__figure .wp-block-uagb-image--layout-overlay__color-wrapper{transform:scale(1);transition:transform .35s ease-in-out}.wp-block-uagb-image--effect-zoomin .wp-block-uagb-image__figure:hover img,.wp-block-uagb-image--effect-zoomin .wp-block-uagb-image__figure:hover .wp-block-uagb-image--layout-overlay__color-wrapper{transform:scale(1.05)}.wp-block-uagb-image--effect-slide .wp-block-uagb-image__figure img,.wp-block-uagb-image--effect-slide .wp-block-uagb-image__figure .wp-block-uagb-image--layout-overlay__color-wrapper{width:calc(100% + 40px) !important;max-width:none !important;transform:translate3d(-40px, 0, 0);transition:transform .35s ease-in-out}.wp-block-uagb-image--effect-slide .wp-block-uagb-image__figure:hover img,.wp-block-uagb-image--effect-slide .wp-block-uagb-image__figure:hover .wp-block-uagb-image--layout-overlay__color-wrapper{transform:translate3d(0, 0, 0)}.wp-block-uagb-image--effect-grayscale img{filter:grayscale(0%);transition:.35s ease-in-out}.wp-block-uagb-image--effect-grayscale:hover img{filter:grayscale(100%)}.wp-block-uagb-image--effect-blur img{filter:blur(0);transition:.35s ease-in-out}.wp-block-uagb-image--effect-blur:hover img{filter:blur(3px)}.uagb-block-e6f939b3.wp-block-uagb-image--layout-default figure img{box-shadow: 0px 0px 0 #00000070;}.uagb-block-e6f939b3.wp-block-uagb-image .wp-block-uagb-image__figure figcaption{font-style: normal;align-self: center;}.uagb-block-e6f939b3.wp-block-uagb-image--layout-overlay figure img{box-shadow: 0px 0px 0 #00000070;}.uagb-block-e6f939b3.wp-block-uagb-image--layout-overlay .wp-block-uagb-image--layout-overlay__color-wrapper{opacity: 0.2;}.uagb-block-e6f939b3.wp-block-uagb-image--layout-overlay .wp-block-uagb-image--layout-overlay__inner{left: 15px;right: 15px;top: 15px;bottom: 15px;}.uagb-block-e6f939b3.wp-block-uagb-image--layout-overlay .wp-block-uagb-image--layout-overlay__inner .uagb-image-heading{font-style: normal;color: #fff;opacity: 1;}.uagb-block-e6f939b3.wp-block-uagb-image--layout-overlay .wp-block-uagb-image--layout-overlay__inner .uagb-image-heading a{color: #fff;}.uagb-block-e6f939b3.wp-block-uagb-image--layout-overlay .wp-block-uagb-image--layout-overlay__inner .uagb-image-caption{opacity: 0;}.uagb-block-e6f939b3.wp-block-uagb-image--layout-overlay .wp-block-uagb-image__figure:hover .wp-block-uagb-image--layout-overlay__color-wrapper{opacity: 1;}.uagb-block-e6f939b3.wp-block-uagb-image .wp-block-uagb-image--layout-overlay__inner .uagb-image-separator{width: 30%;border-top-width: 2px;border-top-color: #fff;opacity: 0;}.uagb-block-e6f939b3.wp-block-uagb-image .wp-block-uagb-image__figure img{width: px;height: auto;}.uagb-block-e6f939b3.wp-block-uagb-image .wp-block-uagb-image__figure:hover .wp-block-uagb-image--layout-overlay__inner .uagb-image-caption{opacity: 1;}.uagb-block-e6f939b3.wp-block-uagb-image .wp-block-uagb-image__figure:hover .wp-block-uagb-image--layout-overlay__inner .uagb-image-separator{opacity: 1;}.uagb-block-e6f939b3.wp-block-uagb-image--layout-default figure:hover img{box-shadow: 0px 0px 0 #00000070;}.uagb-block-e6f939b3.wp-block-uagb-image--layout-overlay figure:hover img{box-shadow: 0px 0px 0 #00000070;}@media only screen and (max-width: 976px) {.uagb-block-e6f939b3.wp-block-uagb-image .wp-block-uagb-image__figure img{width: px;height: auto;}}@media only screen and (max-width: 767px) {.uagb-block-e6f939b3.wp-block-uagb-image .wp-block-uagb-image__figure img{width: px;height: auto;}}\";s:2:\"js\";s:0:\"\";s:18:\"current_block_list\";a:13:{i:0;s:11:\"core\/search\";i:1;s:10:\"core\/group\";i:2;s:12:\"core\/heading\";i:3;s:17:\"core\/latest-posts\";i:4;s:20:\"core\/latest-comments\";i:5;s:13:\"core\/archives\";i:6;s:15:\"core\/categories\";i:7;s:14:\"core\/paragraph\";i:8;s:10:\"uagb\/image\";i:9;s:11:\"core\/spacer\";i:10;s:30:\"woocommerce\/product-categories\";i:11;s:10:\"core\/image\";i:12;s:14:\"core\/shortcode\";}s:8:\"uag_flag\";b:1;s:11:\"uag_version\";s:10:\"1777204967\";s:6:\"gfonts\";a:0:{}s:10:\"gfonts_url\";s:0:\"\";s:12:\"gfonts_files\";a:0:{}s:14:\"uag_faq_layout\";b:0;}"]},"uagb_featured_image_src":{"full":["https:\/\/www.ferberpainting.com\/wp-content\/uploads\/2025\/05\/TropicalPlantFertilizer5L.png",2560,2560,false],"thumbnail":["https:\/\/www.ferberpainting.com\/wp-content\/uploads\/2025\/05\/TropicalPlantFertilizer5L-150x150.png",150,150,true],"medium":["https:\/\/www.ferberpainting.com\/wp-content\/uploads\/2025\/05\/TropicalPlantFertilizer5L-300x300.png",300,300,true],"medium_large":["https:\/\/www.ferberpainting.com\/wp-content\/uploads\/2025\/05\/TropicalPlantFertilizer5L-768x768.png",768,768,true],"large":["https:\/\/www.ferberpainting.com\/wp-content\/uploads\/2025\/05\/TropicalPlantFertilizer5L-1024x1024.png",1024,1024,true],"1536x1536":["https:\/\/www.ferberpainting.com\/wp-content\/uploads\/2025\/05\/TropicalPlantFertilizer5L-1536x1536.png",1536,1536,true],"2048x2048":["https:\/\/www.ferberpainting.com\/wp-content\/uploads\/2025\/05\/TropicalPlantFertilizer5L-2048x2048.png",2048,2048,true],"trp-custom-language-flag":["https:\/\/www.ferberpainting.com\/wp-content\/uploads\/2025\/05\/TropicalPlantFertilizer5L-12x12.png",12,12,true],"woocommerce_thumbnail":["https:\/\/www.ferberpainting.com\/wp-content\/uploads\/2025\/05\/TropicalPlantFertilizer5L-300x300.png",300,300,true],"woocommerce_single":["https:\/\/www.ferberpainting.com\/wp-content\/uploads\/2025\/05\/TropicalPlantFertilizer5L-600x600.png",600,600,true],"woocommerce_gallery_thumbnail":["https:\/\/www.ferberpainting.com\/wp-content\/uploads\/2025\/05\/TropicalPlantFertilizer5L-100x100.png",100,100,true]},"uagb_author_info":{"display_name":"admin","author_link":"https:\/\/www.ferberpainting.com\/lv\/author\/"},"uagb_comment_info":8,"uagb_excerpt":"A fertilizer specially designed for tropical plants.\u00a0Tropical plants have specific nutritional needs, requiring a balanced supply of nitrogen, phosphorus, and potassium to ensure vigorous growth, lush foliage, and abundant flowering. Our NPK 15-15-15 fertilizer is formulated to meet these needs, providing all the essential elements that promote the development of both indoor and outdoor tropical&hellip;","_links":{"self":[{"href":"https:\/\/www.ferberpainting.com\/lv\/wp-json\/wp\/v2\/product\/25601","targetHints":{"allow":["GET"]}}],"collection":[{"href":"https:\/\/www.ferberpainting.com\/lv\/wp-json\/wp\/v2\/product"}],"about":[{"href":"https:\/\/www.ferberpainting.com\/lv\/wp-json\/wp\/v2\/types\/product"}],"replies":[{"embeddable":true,"href":"https:\/\/www.ferberpainting.com\/lv\/wp-json\/wp\/v2\/comments?post=25601"}],"version-history":[{"count":5,"href":"https:\/\/www.ferberpainting.com\/lv\/wp-json\/wp\/v2\/product\/25601\/revisions"}],"predecessor-version":[{"id":167493,"href":"https:\/\/www.ferberpainting.com\/lv\/wp-json\/wp\/v2\/product\/25601\/revisions\/167493"}],"wp:featuredmedia":[{"embeddable":true,"href":"https:\/\/www.ferberpainting.com\/lv\/wp-json\/wp\/v2\/media\/27434"}],"wp:attachment":[{"href":"https:\/\/www.ferberpainting.com\/lv\/wp-json\/wp\/v2\/media?parent=25601"}],"wp:term":[{"taxonomy":"product_brand","embeddable":true,"href":"https:\/\/www.ferberpainting.com\/lv\/wp-json\/wp\/v2\/product_brand?post=25601"},{"taxonomy":"product_cat","embeddable":true,"href":"https:\/\/www.ferberpainting.com\/lv\/wp-json\/wp\/v2\/product_cat?post=25601"},{"taxonomy":"product_tag","embeddable":true,"href":"https:\/\/www.ferberpainting.com\/lv\/wp-json\/wp\/v2\/product_tag?post=25601"}],"curies":[{"name":"wp","href":"https:\/\/api.w.org\/{rel}","templated":true}]}}