{"id":25596,"date":"2025-06-30T19:41:23","date_gmt":"2025-06-30T17:41:23","guid":{"rendered":"https:\/\/www.ferberpainting.com\/?post_type=product&#038;p=25593"},"modified":"2026-02-16T13:22:02","modified_gmt":"2026-02-16T12:22:02","slug":"travertine-water-repellent","status":"publish","type":"product","link":"https:\/\/www.ferberpainting.com\/lv\/products\/travertine-water-repellent\/","title":{"rendered":"Travert\u012bna \u016bdens atgr\u016bd\u0113js"},"content":{"rendered":"<p><strong><img decoding=\"async\" style=\"margin-right: 12px;\" src=\"https:\/\/www.ferberpainting.com\/wp-content\/uploads\/2026\/02\/Check.svg\" alt=\"\" width=\"18\" height=\"15\" \/>Ilgnotur\u012bga aizsardz\u012bba.<\/strong>\u00a0Travert\u012bna mitrin\u0101t\u0101js ir ide\u0101ls risin\u0101jums, lai saglab\u0101tu j\u016bsu travert\u012bna virsmu skaistumu. \u0160is produkts ir \u012bpa\u0161i izstr\u0101d\u0101ts, lai izveidotu neredzamu barjeru, kas efekt\u012bvi aizsarg\u0101 pret mitrumu, traipiem un net\u012brumiem. Tas ne\u013cauj \u016bdens \u0161\u013cakat\u0101m, taukiem un cit\u0101m viel\u0101m iek\u013c\u016bt akmen\u012b, vienlaikus saglab\u0101jot t\u0101 dabisko izskatu un tekst\u016bru.<\/p>\n<p><strong><img decoding=\"async\" style=\"margin-right: 12px;\" src=\"https:\/\/www.ferberpainting.com\/wp-content\/uploads\/2026\/02\/Check.svg\" alt=\"\" width=\"18\" height=\"15\" \/>Naudas atmaksas garantija.<\/strong> M\u0113s esam p\u0101rliecin\u0101ti par m\u016bsu produkta efektivit\u0101ti un pied\u0101v\u0101jam apmierin\u0101t\u012bbas vai kompens\u0101cijas garantiju. Ja neesat apmierin\u0101ts ar rezult\u0101tiem, varat piepras\u012bt pilnu naudas atmaksu. J\u016bsu apmierin\u0101t\u012bba ir m\u016bsu priorit\u0101te, t\u0101p\u0113c m\u0113s \u013caujam jums izm\u0113\u0123in\u0101t m\u016bsu produktu piln\u012bgi mier\u012bgi.<\/p>\n<p><strong><img decoding=\"async\" style=\"margin-right: 12px;\" src=\"https:\/\/www.ferberpainting.com\/wp-content\/uploads\/2026\/02\/Check.svg\" alt=\"\" width=\"18\" height=\"15\" \/>Univers\u0101ls.<\/strong>\u00a0Travert\u012bna \u016bdensnecaurlaid\u012bgais l\u012bdzeklis nav paredz\u0113ts tikai travert\u012bna virsm\u0101m. Tas ir piem\u0113rots ar\u012b daudziem citiem materi\u0101liem, piem\u0113ram, betonam, cementam, javai un citiem porainiem akme\u0146iem. Neatkar\u012bgi no t\u0101, vai tas paredz\u0113ts \u0101ra sien\u0101m, gr\u012bd\u0101m vai interjera arhitekt\u016bras elementiem, \u0161is produkts nodro\u0161ina univers\u0101lu aizsardz\u012bbu.<\/p>\n<p><strong><img decoding=\"async\" style=\"margin-right: 12px;\" src=\"https:\/\/www.ferberpainting.com\/wp-content\/uploads\/2026\/02\/Check.svg\" alt=\"\" width=\"18\" height=\"15\" \/>Ekonomisks.<\/strong>\u00a0\u0160is produkts ir optimiz\u0113ts, lai nodro\u0161in\u0101tu izcilu cenas un kvalit\u0101tes attiec\u012bbu. Viens litrs \u016bdensnecaurlaid\u012bg\u0101 l\u012bdzek\u013ca sedz aptuveni 5 l\u012bdz 8 m\u00b2 atkar\u012bb\u0101 no akmens porain\u012bbas. T\u0101d\u0113j\u0101di ar 5 litru tvertni var apstr\u0101d\u0101t l\u012bdz pat 40 m\u00b2. Tas ir ekonomisks risin\u0101jums, lai aizsarg\u0101tu j\u016bsu virsmas, vienlaikus samazinot izmaksas uz kvadr\u0101tmetru.<\/p>\n<p><strong><img decoding=\"async\" style=\"margin-right: 12px;\" src=\"https:\/\/www.ferberpainting.com\/wp-content\/uploads\/2026\/02\/Check.svg\" alt=\"\" width=\"18\" height=\"15\" \/>Netoksisks.<\/strong>\u00a0\u0160is izstr\u0101d\u0101jums ir izstr\u0101d\u0101ts t\u0101, lai to var\u0113tu dro\u0161i lietot, vienlaikus iev\u0113rojot stingrus dro\u0161\u012bbas standartus. Lietojot atbilsto\u0161i nor\u0101d\u012bjumiem, tas nerada risku vesel\u012bbai. At\u0161\u0137ir\u012bb\u0101 no citiem aizsardz\u012bbas l\u012bdzek\u013ciem tas nesatur kod\u012bgas \u0137\u012bmiskas vielas, un to var dro\u0161i lietot, ja vien tiek iev\u0113roti pamatpas\u0101kumi (cimdi, ventil\u0101cija).<\/p>\n<p><strong><img decoding=\"async\" style=\"margin-right: 12px;\" src=\"https:\/\/www.ferberpainting.com\/wp-content\/uploads\/2026\/02\/Check.svg\" alt=\"\" width=\"18\" height=\"15\" \/>Viegli uzkl\u0101t.<\/strong>\u00a0Travert\u012bna \u016bdensnecaurlaid\u012bgo l\u012bdzekli ir \u013coti viegli lietot. Tas ir gatavs lieto\u0161anai, to nav nepiecie\u0161ams at\u0161\u0137aid\u012bt vai iepriek\u0161 sagatavot. J\u016bs varat to uzkl\u0101t tie\u0161i uz virsmas ar otu, rull\u012bti vai smidzin\u0101t\u0101ju atkar\u012bb\u0101 no sav\u0101m v\u0113lm\u0113m. \u0160\u012b vienk\u0101r\u0161\u0101 lieto\u0161ana ietaupa laiku un neprasa \u012bpa\u0161as iema\u0146as.<\/p>\n<p><strong><img decoding=\"async\" style=\"margin-right: 12px;\" src=\"https:\/\/www.ferberpainting.com\/wp-content\/uploads\/2026\/02\/Check.svg\" alt=\"\" width=\"18\" height=\"15\" \/>Iztur\u012bba.<\/strong>\u00a0\u0160\u012b apstr\u0101de nodro\u0161ina ilgtermi\u0146a aizsardz\u012bbu un paaugstin\u0101tu iztur\u012bbu pret \u0101ra apst\u0101k\u013ciem. Travert\u012bna \u016bdensnecaurlaid\u012bgais p\u0101rkl\u0101jums ir izstr\u0101d\u0101ts t\u0101, lai ilgsto\u0161i kalpotu pat nelabv\u0113l\u012bgos laikapst\u0101k\u013cos un saglab\u0101tu j\u016bsu virsmas teicam\u0101 st\u0101vokl\u012b daudzus gadus. J\u016bs g\u016bsiet labumu no uzticamas, ilgsto\u0161as aizsardz\u012bbas bez bie\u017eas atk\u0101rtotas uzkl\u0101\u0161anas.<\/p>\n<p><strong><img decoding=\"async\" style=\"margin-right: 12px;\" src=\"https:\/\/www.ferberpainting.com\/wp-content\/uploads\/2026\/02\/Check.svg\" alt=\"\" width=\"18\" height=\"15\" \/>\u0100tra darb\u012bba.<\/strong>\u00a0Travert\u012bna \u016bdensnecaurlaid\u012bgais l\u012bdzeklis iedarbojas \u0101tri, un tam nav nepiecie\u0161ams ilgs \u017e\u016b\u0161anas laiks. Tikai da\u017eu stundu laik\u0101 j\u016bsu virsmas ir aizsarg\u0101tas un gatavas norm\u0101lai lieto\u0161anai. Tas ir produkts, kas apvieno efektivit\u0101ti un \u0101trumu, pal\u012bdzot jums \u0101tri g\u016bt labumu no veiktajiem aizsardz\u012bbas darbiem.<\/p>\n<h2><strong>Lieto\u0161anas protokols<\/strong><\/h2>\n<ul>\n<li><strong>Virsmas sagatavo\u0161ana <\/strong>: Pirms \u016bdensnecaurlaid\u012bg\u0101 p\u0101rkl\u0101juma uzkl\u0101\u0161anas p\u0101rliecinieties, ka virsma ir t\u012bra, sausa un bez putek\u013ciem, net\u012brumiem vai citiem pies\u0101r\u0146ot\u0101jiem. Ja nepiecie\u0161ams, not\u012briet virsmu ar maigu mazg\u0101\u0161anas l\u012bdzekli un \u013caujiet tai piln\u012bb\u0101 no\u017e\u016bt.<\/li>\n<li><strong>Pieteikums <\/strong>: Produkts ir gatavs lieto\u0161anai, un to nav nepiecie\u0161ams at\u0161\u0137aid\u012bt. Izmantojiet otu, rull\u012bti vai smidzin\u0101t\u0101ju, lai vienm\u0113r\u012bgi uzkl\u0101tu \u016bdensnecaurlaid\u012bgo l\u012bdzekli uz virsmas. Ieteicams str\u0101d\u0101t pa da\u013c\u0101m, uzkl\u0101jot vienm\u0113r\u012bgu k\u0101rtu uz visas virsmas.<\/li>\n<li><strong>Piem\u0113rojam\u0101 summa <\/strong>: Atkar\u012bb\u0101 no travert\u012bna porain\u012bbas, optim\u0101lai p\u0101rkl\u0101jumam ieteicams uzkl\u0101t aptuveni 150 l\u012bdz 200 ml produkta uz m\u00b2. Porain\u0101kajiem materi\u0101liem var b\u016bt nepiecie\u0161ams nedaudz vair\u0101k l\u012bdzek\u013ca. Uzkl\u0101jiet pirmo k\u0101rtu, \u013caujiet no\u017e\u016bt 15 l\u012bdz 30 min\u016btes, p\u0113c tam, ja nepiecie\u0161ams, uzkl\u0101jiet otru k\u0101rtu.<\/li>\n<li><strong>\u017d\u0101v\u0113\u0161anas laiks <\/strong>: \u017d\u016b\u0161anas laiks ir atkar\u012bgs no apk\u0101rt\u0113j\u0101s vides apst\u0101k\u013ciem, bet parasti produkts iz\u017e\u016bst 1 l\u012bdz 2 stund\u0101s. Virsmas var atk\u0101rtoti izmantot p\u0113c 4 l\u012bdz 6 stund\u0101m piln\u012bgai no\u017e\u016b\u0161anai, bet tas var at\u0161\u0137irties atkar\u012bb\u0101 no mitruma un temperat\u016bras.<\/li>\n<li><strong>Instrumentu t\u012br\u012b\u0161ana <\/strong>: P\u0113c lieto\u0161anas not\u012briet instrumentus ar balto spirtu vai citu piem\u0113rotu \u0161\u0137\u012bdin\u0101t\u0101ju. Ir svar\u012bgi instrumentus not\u012br\u012bt uzreiz p\u0113c lieto\u0161anas, lai nov\u0113rstu produkta saciet\u0113\u0161anu uz tiem.<\/li>\n<li><strong>Uzglab\u0101\u0161ana <\/strong>: Uzglab\u0101t produktu ori\u0123in\u0101laj\u0101 aizz\u012bmogotaj\u0101 iepakojum\u0101 v\u0113s\u0101 un saus\u0101 viet\u0101. Ieteicams produktu uzglab\u0101t temperat\u016br\u0101, kas zem\u0101ka par 5\u00b0C vai augst\u0101ka par 35\u00b0C.<\/li>\n<\/ul>","protected":false},"excerpt":{"rendered":"<p>Long-lasting protection.\u00a0The travertine waterproofer is the ideal solution to preserve the beauty of your travertine surfaces. This product is specifically formulated to create an invisible barrier that effectively protects against moisture, stains and dirt. It prevents water splashes, grease and other substances from penetrating the stone, while maintaining its natural appearance and texture. Money-back guarantee. [&hellip;]<\/p>\n","protected":false},"featured_media":35862,"comment_status":"open","ping_status":"closed","template":"","meta":{"_uag_custom_page_level_css":"","site-sidebar-layout":"default","site-content-layout":"","ast-site-content-layout":"default","site-content-style":"default","site-sidebar-style":"default","ast-global-header-display":"","ast-banner-title-visibility":"","ast-main-header-display":"","ast-hfb-above-header-display":"","ast-hfb-below-header-display":"","ast-hfb-mobile-header-display":"","site-post-title":"","ast-breadcrumbs-content":"","ast-featured-img":"","footer-sml-layout":"","ast-disable-related-posts":"","theme-transparent-header-meta":"default","adv-header-id-meta":"","stick-header-meta":"","header-above-stick-meta":"","header-main-stick-meta":"","header-below-stick-meta":"","astra-migrate-meta-layouts":"set","ast-page-background-enabled":"default","ast-page-background-meta":{"desktop":{"background-color":"var(--ast-global-color-4)","background-image":"","background-repeat":"repeat","background-position":"center center","background-size":"auto","background-attachment":"scroll","background-type":"","background-media":"","overlay-type":"","overlay-color":"","overlay-opacity":"","overlay-gradient":""},"tablet":{"background-color":"","background-image":"","background-repeat":"repeat","background-position":"center center","background-size":"auto","background-attachment":"scroll","background-type":"","background-media":"","overlay-type":"","overlay-color":"","overlay-opacity":"","overlay-gradient":""},"mobile":{"background-color":"","background-image":"","background-repeat":"repeat","background-position":"center center","background-size":"auto","background-attachment":"scroll","background-type":"","background-media":"","overlay-type":"","overlay-color":"","overlay-opacity":"","overlay-gradient":""}},"ast-content-background-meta":{"desktop":{"background-color":"var(--ast-global-color-5)","background-image":"","background-repeat":"repeat","background-position":"center center","background-size":"auto","background-attachment":"scroll","background-type":"","background-media":"","overlay-type":"","overlay-color":"","overlay-opacity":"","overlay-gradient":""},"tablet":{"background-color":"var(--ast-global-color-5)","background-image":"","background-repeat":"repeat","background-position":"center center","background-size":"auto","background-attachment":"scroll","background-type":"","background-media":"","overlay-type":"","overlay-color":"","overlay-opacity":"","overlay-gradient":""},"mobile":{"background-color":"var(--ast-global-color-5)","background-image":"","background-repeat":"repeat","background-position":"center center","background-size":"auto","background-attachment":"scroll","background-type":"","background-media":"","overlay-type":"","overlay-color":"","overlay-opacity":"","overlay-gradient":""}}},"product_brand":[],"product_cat":[191],"product_tag":[],"class_list":{"0":"post-25596","1":"product","2":"type-product","3":"status-publish","4":"has-post-thumbnail","6":"product_cat-water-repellent","7":"desktop-align-left","8":"tablet-align-left","9":"mobile-align-left","11":"first","12":"instock","13":"sale","14":"shipping-taxable","15":"purchasable","16":"product-type-variable","17":"has-default-attributes"},"spectra_custom_meta":{"_visibility":["visible"],"_shopify_product_id":["9106661376245"],"_s2w_shopify_domain":["ferberpainting.myshopify.com"],"_shopify_variant_id":["46626425503989"],"_sku":[""],"_manage_stock":["no"],"total_sales":["260"],"_tax_status":["taxable"],"_tax_class":[""],"_backorders":["no"],"_sold_individually":["no"],"_virtual":["no"],"_downloadable":["no"],"_download_limit":["-1"],"_download_expiry":["-1"],"_stock":[null],"_stock_status":["instock"],"_wc_average_rating":["5.00"],"_wc_review_count":["30"],"_product_attributes":["a:1:{s:6:\"volume\";a:6:{s:4:\"name\";s:6:\"Volume\";s:5:\"value\";s:20:\"5 liters | 25 liters\";s:8:\"position\";i:1;s:10:\"is_visible\";i:0;s:12:\"is_variation\";i:1;s:11:\"is_taxonomy\";i:0;}}"],"_product_version":["10.5.1"],"wpse_downloadable_file_names":[""],"wpse_downloadable_file_urls":[""],"_edit_last":["1"],"_default_attributes":["a:1:{s:6:\"volume\";s:8:\"5 liters\";}"],"_edit_lock":["1771244383:1"],"merchant-center-availability":["yes"],"merchant-center-category":["503738"],"_thumbnail_id":["35862"],"_wp_page_template":["default"],"_wp_old_date":["2025-05-26"],"_product_image_gallery":["35863"],"site-sidebar-layout":["default"],"ast-site-content-layout":["default"],"site-content-style":["default"],"site-sidebar-style":["default"],"theme-transparent-header-meta":["default"],"_price":["29.90","129.90"],"_wc_rating_count":["a:1:{i:5;i:30;}"],"astra-migrate-meta-layouts":["set"],"_uag_css_file_name":["uag-css-25596.css"],"_elementor_page_assets":["a:0:{}"],"_uag_page_assets":["a:9:{s:3:\"css\";s:6873:\".wp-block-uagb-image{display:flex}.wp-block-uagb-image__figure{position:relative;display:flex;flex-direction:column;max-width:100%;height:auto;margin:0}.wp-block-uagb-image__figure img{height:auto;display:flex;max-width:100%;transition:box-shadow .2s ease}.wp-block-uagb-image__figure>a{display:inline-block}.wp-block-uagb-image__figure figcaption{text-align:center;margin-top:.5em;margin-bottom:1em}.wp-block-uagb-image .components-placeholder.block-editor-media-placeholder .components-placeholder__instructions{align-self:center}.wp-block-uagb-image--align-left{text-align:left}.wp-block-uagb-image--align-right{text-align:right}.wp-block-uagb-image--align-center{text-align:center}.wp-block-uagb-image--align-full .wp-block-uagb-image__figure{margin-left:calc(50% - 50vw);margin-right:calc(50% - 50vw);max-width:100vw;width:100vw;height:auto}.wp-block-uagb-image--align-full .wp-block-uagb-image__figure img{height:auto;width:100% !important}.wp-block-uagb-image--align-wide .wp-block-uagb-image__figure img{height:auto;width:100%}.wp-block-uagb-image--layout-overlay__color-wrapper{position:absolute;left:0;top:0;right:0;bottom:0;opacity:.2;background:rgba(0,0,0,.5);transition:opacity .35s ease-in-out}.wp-block-uagb-image--layout-overlay-link{position:absolute;left:0;right:0;bottom:0;top:0}.wp-block-uagb-image--layout-overlay .wp-block-uagb-image__figure:hover .wp-block-uagb-image--layout-overlay__color-wrapper{opacity:1}.wp-block-uagb-image--layout-overlay__inner{position:absolute;left:15px;right:15px;bottom:15px;top:15px;display:flex;align-items:center;justify-content:center;flex-direction:column;border-color:#fff;transition:.35s ease-in-out}.wp-block-uagb-image--layout-overlay__inner.top-left,.wp-block-uagb-image--layout-overlay__inner.top-center,.wp-block-uagb-image--layout-overlay__inner.top-right{justify-content:flex-start}.wp-block-uagb-image--layout-overlay__inner.bottom-left,.wp-block-uagb-image--layout-overlay__inner.bottom-center,.wp-block-uagb-image--layout-overlay__inner.bottom-right{justify-content:flex-end}.wp-block-uagb-image--layout-overlay__inner.top-left,.wp-block-uagb-image--layout-overlay__inner.center-left,.wp-block-uagb-image--layout-overlay__inner.bottom-left{align-items:flex-start}.wp-block-uagb-image--layout-overlay__inner.top-right,.wp-block-uagb-image--layout-overlay__inner.center-right,.wp-block-uagb-image--layout-overlay__inner.bottom-right{align-items:flex-end}.wp-block-uagb-image--layout-overlay__inner .uagb-image-heading{color:#fff;transition:transform .35s,opacity .35s ease-in-out;transform:translate3d(0, 24px, 0);margin:0;line-height:1em}.wp-block-uagb-image--layout-overlay__inner .uagb-image-separator{width:30%;border-top-width:2px;border-top-color:#fff;border-top-style:solid;margin-bottom:10px;opacity:0;transition:transform .4s,opacity .4s ease-in-out;transform:translate3d(0, 30px, 0)}.wp-block-uagb-image--layout-overlay__inner .uagb-image-caption{opacity:0;overflow:visible;color:#fff;transition:transform .45s,opacity .45s ease-in-out;transform:translate3d(0, 35px, 0)}.wp-block-uagb-image--layout-overlay__inner:hover .uagb-image-heading,.wp-block-uagb-image--layout-overlay__inner:hover .uagb-image-separator,.wp-block-uagb-image--layout-overlay__inner:hover .uagb-image-caption{opacity:1;transform:translate3d(0, 0, 0)}.wp-block-uagb-image--effect-zoomin .wp-block-uagb-image__figure img,.wp-block-uagb-image--effect-zoomin .wp-block-uagb-image__figure .wp-block-uagb-image--layout-overlay__color-wrapper{transform:scale(1);transition:transform .35s ease-in-out}.wp-block-uagb-image--effect-zoomin .wp-block-uagb-image__figure:hover img,.wp-block-uagb-image--effect-zoomin .wp-block-uagb-image__figure:hover .wp-block-uagb-image--layout-overlay__color-wrapper{transform:scale(1.05)}.wp-block-uagb-image--effect-slide .wp-block-uagb-image__figure img,.wp-block-uagb-image--effect-slide .wp-block-uagb-image__figure .wp-block-uagb-image--layout-overlay__color-wrapper{width:calc(100% + 40px) !important;max-width:none !important;transform:translate3d(-40px, 0, 0);transition:transform .35s ease-in-out}.wp-block-uagb-image--effect-slide .wp-block-uagb-image__figure:hover img,.wp-block-uagb-image--effect-slide .wp-block-uagb-image__figure:hover .wp-block-uagb-image--layout-overlay__color-wrapper{transform:translate3d(0, 0, 0)}.wp-block-uagb-image--effect-grayscale img{filter:grayscale(0%);transition:.35s ease-in-out}.wp-block-uagb-image--effect-grayscale:hover img{filter:grayscale(100%)}.wp-block-uagb-image--effect-blur img{filter:blur(0);transition:.35s ease-in-out}.wp-block-uagb-image--effect-blur:hover img{filter:blur(3px)}.uagb-block-e6f939b3.wp-block-uagb-image--layout-default figure img{box-shadow: 0px 0px 0 #00000070;}.uagb-block-e6f939b3.wp-block-uagb-image .wp-block-uagb-image__figure figcaption{font-style: normal;align-self: center;}.uagb-block-e6f939b3.wp-block-uagb-image--layout-overlay figure img{box-shadow: 0px 0px 0 #00000070;}.uagb-block-e6f939b3.wp-block-uagb-image--layout-overlay .wp-block-uagb-image--layout-overlay__color-wrapper{opacity: 0.2;}.uagb-block-e6f939b3.wp-block-uagb-image--layout-overlay .wp-block-uagb-image--layout-overlay__inner{left: 15px;right: 15px;top: 15px;bottom: 15px;}.uagb-block-e6f939b3.wp-block-uagb-image--layout-overlay .wp-block-uagb-image--layout-overlay__inner .uagb-image-heading{font-style: normal;color: #fff;opacity: 1;}.uagb-block-e6f939b3.wp-block-uagb-image--layout-overlay .wp-block-uagb-image--layout-overlay__inner .uagb-image-heading a{color: #fff;}.uagb-block-e6f939b3.wp-block-uagb-image--layout-overlay .wp-block-uagb-image--layout-overlay__inner .uagb-image-caption{opacity: 0;}.uagb-block-e6f939b3.wp-block-uagb-image--layout-overlay .wp-block-uagb-image__figure:hover .wp-block-uagb-image--layout-overlay__color-wrapper{opacity: 1;}.uagb-block-e6f939b3.wp-block-uagb-image .wp-block-uagb-image--layout-overlay__inner .uagb-image-separator{width: 30%;border-top-width: 2px;border-top-color: #fff;opacity: 0;}.uagb-block-e6f939b3.wp-block-uagb-image .wp-block-uagb-image__figure img{width: px;height: auto;}.uagb-block-e6f939b3.wp-block-uagb-image .wp-block-uagb-image__figure:hover .wp-block-uagb-image--layout-overlay__inner .uagb-image-caption{opacity: 1;}.uagb-block-e6f939b3.wp-block-uagb-image .wp-block-uagb-image__figure:hover .wp-block-uagb-image--layout-overlay__inner .uagb-image-separator{opacity: 1;}.uagb-block-e6f939b3.wp-block-uagb-image--layout-default figure:hover img{box-shadow: 0px 0px 0 #00000070;}.uagb-block-e6f939b3.wp-block-uagb-image--layout-overlay figure:hover img{box-shadow: 0px 0px 0 #00000070;}@media only screen and (max-width: 976px) {.uagb-block-e6f939b3.wp-block-uagb-image .wp-block-uagb-image__figure img{width: px;height: auto;}}@media only screen and (max-width: 767px) {.uagb-block-e6f939b3.wp-block-uagb-image .wp-block-uagb-image__figure img{width: px;height: auto;}}\";s:2:\"js\";s:0:\"\";s:18:\"current_block_list\";a:13:{i:0;s:11:\"core\/search\";i:1;s:10:\"core\/group\";i:2;s:12:\"core\/heading\";i:3;s:17:\"core\/latest-posts\";i:4;s:20:\"core\/latest-comments\";i:5;s:13:\"core\/archives\";i:6;s:15:\"core\/categories\";i:7;s:14:\"core\/paragraph\";i:8;s:10:\"uagb\/image\";i:9;s:11:\"core\/spacer\";i:10;s:30:\"woocommerce\/product-categories\";i:11;s:10:\"core\/image\";i:12;s:14:\"core\/shortcode\";}s:8:\"uag_flag\";b:1;s:11:\"uag_version\";s:10:\"1777093182\";s:6:\"gfonts\";a:0:{}s:10:\"gfonts_url\";s:0:\"\";s:12:\"gfonts_files\";a:0:{}s:14:\"uag_faq_layout\";b:0;}"]},"uagb_featured_image_src":{"full":["https:\/\/www.ferberpainting.com\/wp-content\/uploads\/2025\/05\/Travertine-Water-Repellent-5L.png",2560,2560,false],"thumbnail":["https:\/\/www.ferberpainting.com\/wp-content\/uploads\/2025\/05\/Travertine-Water-Repellent-5L-150x150.png",150,150,true],"medium":["https:\/\/www.ferberpainting.com\/wp-content\/uploads\/2025\/05\/Travertine-Water-Repellent-5L-300x300.png",300,300,true],"medium_large":["https:\/\/www.ferberpainting.com\/wp-content\/uploads\/2025\/05\/Travertine-Water-Repellent-5L-768x768.png",768,768,true],"large":["https:\/\/www.ferberpainting.com\/wp-content\/uploads\/2025\/05\/Travertine-Water-Repellent-5L-1024x1024.png",1024,1024,true],"1536x1536":["https:\/\/www.ferberpainting.com\/wp-content\/uploads\/2025\/05\/Travertine-Water-Repellent-5L-1536x1536.png",1536,1536,true],"2048x2048":["https:\/\/www.ferberpainting.com\/wp-content\/uploads\/2025\/05\/Travertine-Water-Repellent-5L-2048x2048.png",2048,2048,true],"trp-custom-language-flag":["https:\/\/www.ferberpainting.com\/wp-content\/uploads\/2025\/05\/Travertine-Water-Repellent-5L-12x12.png",12,12,true],"woocommerce_thumbnail":["https:\/\/www.ferberpainting.com\/wp-content\/uploads\/2025\/05\/Travertine-Water-Repellent-5L-300x300.png",300,300,true],"woocommerce_single":["https:\/\/www.ferberpainting.com\/wp-content\/uploads\/2025\/05\/Travertine-Water-Repellent-5L-600x600.png",600,600,true],"woocommerce_gallery_thumbnail":["https:\/\/www.ferberpainting.com\/wp-content\/uploads\/2025\/05\/Travertine-Water-Repellent-5L-100x100.png",100,100,true]},"uagb_author_info":{"display_name":"admin","author_link":"https:\/\/www.ferberpainting.com\/lv\/author\/"},"uagb_comment_info":30,"uagb_excerpt":"Long-lasting protection.\u00a0The travertine waterproofer is the ideal solution to preserve the beauty of your travertine surfaces. This product is specifically formulated to create an invisible barrier that effectively protects against moisture, stains and dirt. It prevents water splashes, grease and other substances from penetrating the stone, while maintaining its natural appearance and texture. Money-back guarantee.&hellip;","_links":{"self":[{"href":"https:\/\/www.ferberpainting.com\/lv\/wp-json\/wp\/v2\/product\/25596","targetHints":{"allow":["GET"]}}],"collection":[{"href":"https:\/\/www.ferberpainting.com\/lv\/wp-json\/wp\/v2\/product"}],"about":[{"href":"https:\/\/www.ferberpainting.com\/lv\/wp-json\/wp\/v2\/types\/product"}],"replies":[{"embeddable":true,"href":"https:\/\/www.ferberpainting.com\/lv\/wp-json\/wp\/v2\/comments?post=25596"}],"version-history":[{"count":3,"href":"https:\/\/www.ferberpainting.com\/lv\/wp-json\/wp\/v2\/product\/25596\/revisions"}],"predecessor-version":[{"id":167460,"href":"https:\/\/www.ferberpainting.com\/lv\/wp-json\/wp\/v2\/product\/25596\/revisions\/167460"}],"wp:featuredmedia":[{"embeddable":true,"href":"https:\/\/www.ferberpainting.com\/lv\/wp-json\/wp\/v2\/media\/35862"}],"wp:attachment":[{"href":"https:\/\/www.ferberpainting.com\/lv\/wp-json\/wp\/v2\/media?parent=25596"}],"wp:term":[{"taxonomy":"product_brand","embeddable":true,"href":"https:\/\/www.ferberpainting.com\/lv\/wp-json\/wp\/v2\/product_brand?post=25596"},{"taxonomy":"product_cat","embeddable":true,"href":"https:\/\/www.ferberpainting.com\/lv\/wp-json\/wp\/v2\/product_cat?post=25596"},{"taxonomy":"product_tag","embeddable":true,"href":"https:\/\/www.ferberpainting.com\/lv\/wp-json\/wp\/v2\/product_tag?post=25596"}],"curies":[{"name":"wp","href":"https:\/\/api.w.org\/{rel}","templated":true}]}}