{"id":25592,"date":"2025-05-26T10:32:32","date_gmt":"2025-05-26T08:32:32","guid":{"rendered":"https:\/\/www.ferberpainting.com\/products\/tomato-fertilizer\/"},"modified":"2026-02-16T13:19:18","modified_gmt":"2026-02-16T12:19:18","slug":"tomato-fertilizer","status":"publish","type":"product","link":"https:\/\/www.ferberpainting.com\/lv\/products\/tomato-fertilizer\/","title":{"rendered":"Tom\u0101tu m\u0113slojums 25 kg"},"content":{"rendered":"<p><strong><img decoding=\"async\" style=\"margin-right: 12px;\" src=\"https:\/\/www.ferberpainting.com\/wp-content\/uploads\/2026\/02\/Check.svg\" alt=\"\" width=\"18\" height=\"15\" \/>\u012apa\u0161i tom\u0101tiem paredz\u0113ts m\u0113slojums.<\/strong>\u00a0\u0160is granulveida m\u0113slojums ir izstr\u0101d\u0101ts, lai optimiz\u0113tu tom\u0101tu augu aug\u0161anu, nodro\u0161inot nepiecie\u0161am\u0101s bar\u012bbas vielas katr\u0101 att\u012bst\u012bbas stadij\u0101. Pateicoties sabalans\u0113tam sl\u0101pek\u013ca, fosfora un k\u0101lija sast\u0101vam (NPK 10-10-10), tas veicina bl\u012bvu lapotni, bag\u0101t\u012bgu zied\u0113\u0161anu un bag\u0101t\u012bgu aug\u013cu veido\u0161anos, t\u0101d\u0113j\u0101di nodro\u0161inot gar\u0161\u012bgu un kvalitat\u012bvu tom\u0101tu ra\u017eu.<\/p>\n<p><strong><img decoding=\"async\" style=\"margin-right: 12px;\" src=\"https:\/\/www.ferberpainting.com\/wp-content\/uploads\/2026\/02\/Check.svg\" alt=\"\" width=\"18\" height=\"15\" \/>Naudas atmaksas garantija.<\/strong>\u00a0M\u016bsu m\u0113slojums ir r\u016bp\u012bgi p\u0101rbaud\u012bts, lai garant\u0113tu redzamus rezult\u0101tus jau pirmaj\u0101s ned\u0113\u013c\u0101s p\u0113c m\u0113slo\u0161anas. Ja j\u016bs nepaman\u012bsiet uzlabojumus augu aug\u0161an\u0101 vai aug\u013cu ra\u017eas veido\u0161an\u0101, m\u0113s pied\u0101v\u0101jam atmaks\u0101t pilnu naudu par pirkumu.<\/p>\n<p><strong><img decoding=\"async\" style=\"margin-right: 12px;\" src=\"https:\/\/www.ferberpainting.com\/wp-content\/uploads\/2026\/02\/Check.svg\" alt=\"\" width=\"18\" height=\"15\" \/>Piem\u0113rots visu veidu tom\u0101tiem un citiem aug\u013cu d\u0101rze\u0146iem.<\/strong>\u00a0\u0160is univers\u0101lais m\u0113slojums ir paredz\u0113ts visu \u0161\u0137ir\u0146u tom\u0101tiem, neatkar\u012bgi no t\u0101, vai tie ir \u0137ir\u0161u, bife\u0161teksa, romie\u0161u, iegareno vai koktei\u013ctom\u0101tu \u0161\u0137irnes. Tas ir piem\u0113rots ar\u012b bakla\u017e\u0101niem, paprikai, kaba\u010diem un \u0137irbjiem, nodro\u0161inot optim\u0101lu baro\u0161anu visiem d\u0101rzos, siltumn\u012bc\u0101s vai podos audz\u0113tiem aug\u013caugiem.<\/p>\n<p><strong><img decoding=\"async\" style=\"margin-right: 12px;\" src=\"https:\/\/www.ferberpainting.com\/wp-content\/uploads\/2026\/02\/Check.svg\" alt=\"\" width=\"18\" height=\"15\" \/>Optim\u0101la ekonomisk\u0101 ra\u017ea.<\/strong>\u00a0\u0160is m\u0113slojums ir \u013coti koncentr\u0113ts, kas nodro\u0161ina maksim\u0101lu ra\u017e\u012bbu. Ar 25 kg maisu var m\u0113slot lielu audz\u0113\u0161anas plat\u012bbu. Vienam tom\u0101tu augam ieteicams lietot 200 gramus, nodro\u0161inot ilgsto\u0161u lieto\u0161anu un zemas izmaksas uz vienu apstr\u0101d\u0101to kvadr\u0101tmetru.<\/p>\n<p><strong><img decoding=\"async\" style=\"margin-right: 12px;\" src=\"https:\/\/www.ferberpainting.com\/wp-content\/uploads\/2026\/02\/Check.svg\" alt=\"\" width=\"18\" height=\"15\" \/>Videi un vesel\u012bbai nekait\u012bgs m\u0113slojums.<\/strong>\u00a0\u0160is m\u0113slojums ir izgatavots bez agres\u012bviem \u0137\u012bmiskiem produktiem, un tas saudz\u0113 augsnes strukt\u016bru un biolo\u0123isko daudzveid\u012bbu. Tas nemaina aug\u013cu kvalit\u0101ti, neizdala kait\u012bgas atliekas un to var dro\u0161i izmantot pat m\u0101jas d\u0101rzos, audz\u0113jot p\u0101rtikai paredz\u0113tus d\u0101rze\u0146us.<\/p>\n<p><strong><img decoding=\"async\" style=\"margin-right: 12px;\" src=\"https:\/\/www.ferberpainting.com\/wp-content\/uploads\/2026\/02\/Check.svg\" alt=\"\" width=\"18\" height=\"15\" \/>Viegli uzkl\u0101jams optim\u0101lam rezult\u0101tam.<\/strong>\u00a0At\u0161\u0137ir\u012bb\u0101 no \u0161\u0137idrajiem m\u0113slo\u0161anas l\u012bdzek\u013ciem, kas prasa prec\u012bzu at\u0161\u0137aid\u012b\u0161anu un regul\u0101ru laist\u012b\u0161anu, \u0161is cietais m\u0113slojums izplat\u0101s tie\u0161i augsn\u0113, t\u0101d\u0113j\u0101di vienk\u0101r\u0161ojot t\u0101 lieto\u0161anu. Tas izdal\u0101s pak\u0101peniski, nodro\u0161inot augus ar nepiecie\u0161amaj\u0101m bar\u012bbas viel\u0101m \u012bstaj\u0101 laik\u0101 bez p\u0101rdoz\u0113\u0161anas riska.<\/p>\n<p><strong><img decoding=\"async\" style=\"margin-right: 12px;\" src=\"https:\/\/www.ferberpainting.com\/wp-content\/uploads\/2026\/02\/Check.svg\" alt=\"\" width=\"18\" height=\"15\" \/>Ilgsto\u0161a iedarb\u012bba sp\u0113c\u012bg\u0101kiem un ra\u017e\u012bg\u0101kiem augiem.<\/strong>\u00a0Pateicoties sabalans\u0113tai formulai, \u0161is m\u0113slojums nodro\u0161ina pak\u0101penisku baro\u0161anu, garant\u0113jot vienm\u0113r\u012bgu aug\u0161anu, nep\u0101rtrauktu zied\u0113\u0161anu un regul\u0101ru aug\u013cu veido\u0161anos. Tas pal\u012bdz augiem att\u012bst\u012bt sp\u0113c\u012bgas saknes, pretoties slim\u012bb\u0101m un ra\u017eot m\u012bkstus un gar\u0161\u012bgus aug\u013cus.<\/p>\n<p><strong><img decoding=\"async\" style=\"margin-right: 12px;\" src=\"https:\/\/www.ferberpainting.com\/wp-content\/uploads\/2026\/02\/Check.svg\" alt=\"\" width=\"18\" height=\"15\" \/>Redzami rezult\u0101ti jau p\u0113c da\u017e\u0101m ned\u0113\u013c\u0101m.<\/strong>\u00a0Jau pirmaj\u0101s ned\u0113\u013c\u0101s p\u0113c lieto\u0161anas j\u016bs paman\u012bsiet bl\u012bv\u0101ku lapotni, sp\u0113c\u012bg\u0101kus stubl\u0101jus un bag\u0101t\u012bg\u0101ku zied\u0113\u0161anu. Intens\u012bv\u0101 baro\u0161ana stimul\u0113 ziedpumpuru veido\u0161anos un aug\u013cu veido\u0161anos, \u013caujot augiem ieg\u016bt bag\u0101t\u012bgu un arom\u0101tisku ra\u017eu.<\/p>\n<h2><strong>Lieto\u0161anas protokols<\/strong><\/h2>\n<p><strong>Ieteicam\u0101s devas <\/strong>:<\/p>\n<ul>\n<li>200 g m\u0113slojuma vienam tom\u0101tu st\u0101dam, ko lieto reizi m\u0113nes\u012b aug\u0161anas un aug\u013cu veido\u0161an\u0101s laik\u0101.<\/li>\n<li>Augiem podos izmantojiet nelielu sauju m\u0113slojuma (apm\u0113ram 50 gramus) uz 10 litru augsnes pod\u0101.<\/li>\n<\/ul>\n<p><strong>Piem\u0113ro\u0161anas metode <\/strong>:<\/p>\n<ul>\n<li>Izkl\u0101jiet m\u0113slojumu ap katra tom\u0101tu auga pamatni, p\u0101rliecinoties, ka m\u0113slojums nav uzkl\u0101ts tie\u0161i uz stubl\u0101ja.<\/li>\n<li>Viegli iestr\u0101d\u0101jiet m\u0113slojumu augsn\u0113, izmantojot gr\u0101bekli vai nagu, lai tas viegl\u0101k izplat\u012btos.<\/li>\n<li>P\u0113c lieto\u0161anas k\u0101rt\u012bgi aplaistiet, lai aktiviz\u0113tu bar\u012bbas vielu izdal\u012b\u0161anos.<\/li>\n<\/ul>\n<p><strong>Lieto\u0161anas bie\u017eums <\/strong>:<\/p>\n<ul>\n<li><strong>Pirms st\u0101d\u012b\u0161anas <\/strong>: Pirms augu izvieto\u0161anas sajauciet m\u0113slojumu ar augsni, lai to bag\u0101tin\u0101tu.<\/li>\n<li><strong>Aug\u0161anas laik\u0101 <\/strong>: Lietojiet ik p\u0113c 4 ned\u0113\u013c\u0101m, lai nodro\u0161in\u0101tu past\u0101v\u012bgu baro\u0161anu.<\/li>\n<li><strong>Aug\u013cu veido\u0161an\u0101s laik\u0101 <\/strong>: Lietojiet katru m\u0113nesi, lai veicin\u0101tu aug\u013cu palielin\u0101\u0161anos un tom\u0101tu nogatavo\u0161anos.<\/li>\n<\/ul>\n<p><strong>Lieto\u0161anas piesardz\u012bbas pas\u0101kumi <\/strong>:<\/p>\n<ul>\n<li>Nep\u0101rdoz\u0113jiet, jo sl\u0101pek\u013ca p\u0101rpalikums var veicin\u0101t lapu aug\u0161anu uz aug\u013cu ra\u017eas r\u0113\u0137ina.<\/li>\n<li>Izvairieties no m\u0113slo\u0161anas intens\u012bva karstuma laik\u0101, lai ierobe\u017eotu \u016bdens iztvaiko\u0161anu un palielin\u0101tu efektivit\u0101ti.<\/li>\n<li>Lai saglab\u0101tu produkta \u012bpa\u0161\u012bbas, uzglab\u0101jiet v\u0113s\u0101, saus\u0101 viet\u0101, prom no mitruma.<\/li>\n<\/ul>\n<p>Ar \u0161o tom\u0101tu m\u0113slojumu j\u016bs optimiz\u0113siet savu augu att\u012bst\u012bbu, nodro\u0161inot bag\u0101t\u012bgu ra\u017eu, gar\u0161\u012bgus aug\u013cus un liel\u0101ku iztur\u012bbu pret slim\u012bb\u0101m.<br \/>\nViegli lietojams, ekonomisks un videi draudz\u012bgs, tas ir ide\u0101ls sabiedrotais, lai d\u0101rzs plaukstu visu sezonu.<\/p>","protected":false},"excerpt":{"rendered":"<p>A fertilizer specially designed for tomatoes.\u00a0This granular fertilizer is formulated to optimize the growth of tomato plants, by providing the essential nutrients at each stage of development. Thanks to a balanced composition of nitrogen, phosphorus, and potassium (NPK 10-10-10), it promotes dense foliage, abundant flowering and generous fruiting, thus ensuring a harvest of tasty, high-quality [&hellip;]<\/p>\n","protected":false},"featured_media":27430,"comment_status":"open","ping_status":"closed","template":"","meta":{"_uag_custom_page_level_css":"","site-sidebar-layout":"default","site-content-layout":"","ast-site-content-layout":"default","site-content-style":"default","site-sidebar-style":"default","ast-global-header-display":"","ast-banner-title-visibility":"","ast-main-header-display":"","ast-hfb-above-header-display":"","ast-hfb-below-header-display":"","ast-hfb-mobile-header-display":"","site-post-title":"","ast-breadcrumbs-content":"","ast-featured-img":"","footer-sml-layout":"","ast-disable-related-posts":"","theme-transparent-header-meta":"default","adv-header-id-meta":"","stick-header-meta":"","header-above-stick-meta":"","header-main-stick-meta":"","header-below-stick-meta":"","astra-migrate-meta-layouts":"set","ast-page-background-enabled":"default","ast-page-background-meta":{"desktop":{"background-color":"var(--ast-global-color-4)","background-image":"","background-repeat":"repeat","background-position":"center center","background-size":"auto","background-attachment":"scroll","background-type":"","background-media":"","overlay-type":"","overlay-color":"","overlay-opacity":"","overlay-gradient":""},"tablet":{"background-color":"","background-image":"","background-repeat":"repeat","background-position":"center center","background-size":"auto","background-attachment":"scroll","background-type":"","background-media":"","overlay-type":"","overlay-color":"","overlay-opacity":"","overlay-gradient":""},"mobile":{"background-color":"","background-image":"","background-repeat":"repeat","background-position":"center center","background-size":"auto","background-attachment":"scroll","background-type":"","background-media":"","overlay-type":"","overlay-color":"","overlay-opacity":"","overlay-gradient":""}},"ast-content-background-meta":{"desktop":{"background-color":"var(--ast-global-color-5)","background-image":"","background-repeat":"repeat","background-position":"center center","background-size":"auto","background-attachment":"scroll","background-type":"","background-media":"","overlay-type":"","overlay-color":"","overlay-opacity":"","overlay-gradient":""},"tablet":{"background-color":"var(--ast-global-color-5)","background-image":"","background-repeat":"repeat","background-position":"center center","background-size":"auto","background-attachment":"scroll","background-type":"","background-media":"","overlay-type":"","overlay-color":"","overlay-opacity":"","overlay-gradient":""},"mobile":{"background-color":"var(--ast-global-color-5)","background-image":"","background-repeat":"repeat","background-position":"center center","background-size":"auto","background-attachment":"scroll","background-type":"","background-media":"","overlay-type":"","overlay-color":"","overlay-opacity":"","overlay-gradient":""}}},"product_brand":[],"product_cat":[178],"product_tag":[],"class_list":{"0":"post-25592","1":"product","2":"type-product","3":"status-publish","4":"has-post-thumbnail","6":"product_cat-fertilizers","7":"desktop-align-left","8":"tablet-align-left","9":"mobile-align-left","11":"first","12":"instock","13":"taxable","14":"shipping-taxable","15":"purchasable","16":"product-type-simple"},"spectra_custom_meta":{"_visibility":["visible"],"_shopify_product_id":["9072697475317"],"_s2w_shopify_domain":["ferberpainting.myshopify.com"],"_shopify_variant_id":["46522258292981"],"_sku":["FPTOMATOFERTILIZER25KG"],"_regular_price":["39.90"],"_price":["39.90"],"_sale_price":[""],"_weight":["18.7"],"_thumbnail_id":["27430"],"_global_unique_id":["5056773817913"],"total_sales":["3"],"_tax_status":["taxable"],"_tax_class":[""],"_manage_stock":["no"],"_backorders":["no"],"_sold_individually":["no"],"_virtual":["no"],"_downloadable":["no"],"_download_limit":["-1"],"_download_expiry":["-1"],"_stock":[null],"_stock_status":["instock"],"_wc_average_rating":["5.00"],"_wc_review_count":["31"],"_product_version":["10.5.1"],"_wc_rating_count":["a:1:{i:5;i:31;}"],"_edit_lock":["1771244221:1"],"merchant-center-availability":["yes"],"merchant-center-category":["113"],"_edit_last":["1"],"_wp_page_template":["default"],"site-sidebar-layout":["default"],"ast-site-content-layout":["default"],"site-content-style":["default"],"site-sidebar-style":["default"],"theme-transparent-header-meta":["default"],"astra-migrate-meta-layouts":["set"],"_uag_css_file_name":["uag-css-25592.css"],"_elementor_page_assets":["a:0:{}"],"_uag_page_assets":["a:9:{s:3:\"css\";s:7133:\".uag-blocks-common-selector{z-index:var(--z-index-desktop) !important}@media(max-width: 976px){.uag-blocks-common-selector{z-index:var(--z-index-tablet) !important}}@media(max-width: 767px){.uag-blocks-common-selector{z-index:var(--z-index-mobile) !important}}.wp-block-uagb-image{display:flex}.wp-block-uagb-image__figure{position:relative;display:flex;flex-direction:column;max-width:100%;height:auto;margin:0}.wp-block-uagb-image__figure img{height:auto;display:flex;max-width:100%;transition:box-shadow .2s ease}.wp-block-uagb-image__figure>a{display:inline-block}.wp-block-uagb-image__figure figcaption{text-align:center;margin-top:.5em;margin-bottom:1em}.wp-block-uagb-image .components-placeholder.block-editor-media-placeholder .components-placeholder__instructions{align-self:center}.wp-block-uagb-image--align-left{text-align:left}.wp-block-uagb-image--align-right{text-align:right}.wp-block-uagb-image--align-center{text-align:center}.wp-block-uagb-image--align-full .wp-block-uagb-image__figure{margin-left:calc(50% - 50vw);margin-right:calc(50% - 50vw);max-width:100vw;width:100vw;height:auto}.wp-block-uagb-image--align-full .wp-block-uagb-image__figure img{height:auto;width:100% !important}.wp-block-uagb-image--align-wide .wp-block-uagb-image__figure img{height:auto;width:100%}.wp-block-uagb-image--layout-overlay__color-wrapper{position:absolute;left:0;top:0;right:0;bottom:0;opacity:.2;background:rgba(0,0,0,.5);transition:opacity .35s ease-in-out}.wp-block-uagb-image--layout-overlay-link{position:absolute;left:0;right:0;bottom:0;top:0}.wp-block-uagb-image--layout-overlay .wp-block-uagb-image__figure:hover .wp-block-uagb-image--layout-overlay__color-wrapper{opacity:1}.wp-block-uagb-image--layout-overlay__inner{position:absolute;left:15px;right:15px;bottom:15px;top:15px;display:flex;align-items:center;justify-content:center;flex-direction:column;border-color:#fff;transition:.35s ease-in-out}.wp-block-uagb-image--layout-overlay__inner.top-left,.wp-block-uagb-image--layout-overlay__inner.top-center,.wp-block-uagb-image--layout-overlay__inner.top-right{justify-content:flex-start}.wp-block-uagb-image--layout-overlay__inner.bottom-left,.wp-block-uagb-image--layout-overlay__inner.bottom-center,.wp-block-uagb-image--layout-overlay__inner.bottom-right{justify-content:flex-end}.wp-block-uagb-image--layout-overlay__inner.top-left,.wp-block-uagb-image--layout-overlay__inner.center-left,.wp-block-uagb-image--layout-overlay__inner.bottom-left{align-items:flex-start}.wp-block-uagb-image--layout-overlay__inner.top-right,.wp-block-uagb-image--layout-overlay__inner.center-right,.wp-block-uagb-image--layout-overlay__inner.bottom-right{align-items:flex-end}.wp-block-uagb-image--layout-overlay__inner .uagb-image-heading{color:#fff;transition:transform .35s,opacity .35s ease-in-out;transform:translate3d(0, 24px, 0);margin:0;line-height:1em}.wp-block-uagb-image--layout-overlay__inner .uagb-image-separator{width:30%;border-top-width:2px;border-top-color:#fff;border-top-style:solid;margin-bottom:10px;opacity:0;transition:transform .4s,opacity .4s ease-in-out;transform:translate3d(0, 30px, 0)}.wp-block-uagb-image--layout-overlay__inner .uagb-image-caption{opacity:0;overflow:visible;color:#fff;transition:transform .45s,opacity .45s ease-in-out;transform:translate3d(0, 35px, 0)}.wp-block-uagb-image--layout-overlay__inner:hover .uagb-image-heading,.wp-block-uagb-image--layout-overlay__inner:hover .uagb-image-separator,.wp-block-uagb-image--layout-overlay__inner:hover .uagb-image-caption{opacity:1;transform:translate3d(0, 0, 0)}.wp-block-uagb-image--effect-zoomin .wp-block-uagb-image__figure img,.wp-block-uagb-image--effect-zoomin .wp-block-uagb-image__figure .wp-block-uagb-image--layout-overlay__color-wrapper{transform:scale(1);transition:transform .35s ease-in-out}.wp-block-uagb-image--effect-zoomin .wp-block-uagb-image__figure:hover img,.wp-block-uagb-image--effect-zoomin .wp-block-uagb-image__figure:hover .wp-block-uagb-image--layout-overlay__color-wrapper{transform:scale(1.05)}.wp-block-uagb-image--effect-slide .wp-block-uagb-image__figure img,.wp-block-uagb-image--effect-slide .wp-block-uagb-image__figure .wp-block-uagb-image--layout-overlay__color-wrapper{width:calc(100% + 40px) !important;max-width:none !important;transform:translate3d(-40px, 0, 0);transition:transform .35s ease-in-out}.wp-block-uagb-image--effect-slide .wp-block-uagb-image__figure:hover img,.wp-block-uagb-image--effect-slide .wp-block-uagb-image__figure:hover .wp-block-uagb-image--layout-overlay__color-wrapper{transform:translate3d(0, 0, 0)}.wp-block-uagb-image--effect-grayscale img{filter:grayscale(0%);transition:.35s ease-in-out}.wp-block-uagb-image--effect-grayscale:hover img{filter:grayscale(100%)}.wp-block-uagb-image--effect-blur img{filter:blur(0);transition:.35s ease-in-out}.wp-block-uagb-image--effect-blur:hover img{filter:blur(3px)}.uagb-block-e6f939b3.wp-block-uagb-image--layout-default figure img{box-shadow: 0px 0px 0 #00000070;}.uagb-block-e6f939b3.wp-block-uagb-image .wp-block-uagb-image__figure figcaption{font-style: normal;align-self: center;}.uagb-block-e6f939b3.wp-block-uagb-image--layout-overlay figure img{box-shadow: 0px 0px 0 #00000070;}.uagb-block-e6f939b3.wp-block-uagb-image--layout-overlay .wp-block-uagb-image--layout-overlay__color-wrapper{opacity: 0.2;}.uagb-block-e6f939b3.wp-block-uagb-image--layout-overlay .wp-block-uagb-image--layout-overlay__inner{left: 15px;right: 15px;top: 15px;bottom: 15px;}.uagb-block-e6f939b3.wp-block-uagb-image--layout-overlay .wp-block-uagb-image--layout-overlay__inner .uagb-image-heading{font-style: normal;color: #fff;opacity: 1;}.uagb-block-e6f939b3.wp-block-uagb-image--layout-overlay .wp-block-uagb-image--layout-overlay__inner .uagb-image-heading a{color: #fff;}.uagb-block-e6f939b3.wp-block-uagb-image--layout-overlay .wp-block-uagb-image--layout-overlay__inner .uagb-image-caption{opacity: 0;}.uagb-block-e6f939b3.wp-block-uagb-image--layout-overlay .wp-block-uagb-image__figure:hover .wp-block-uagb-image--layout-overlay__color-wrapper{opacity: 1;}.uagb-block-e6f939b3.wp-block-uagb-image .wp-block-uagb-image--layout-overlay__inner .uagb-image-separator{width: 30%;border-top-width: 2px;border-top-color: #fff;opacity: 0;}.uagb-block-e6f939b3.wp-block-uagb-image .wp-block-uagb-image__figure img{width: px;height: auto;}.uagb-block-e6f939b3.wp-block-uagb-image .wp-block-uagb-image__figure:hover .wp-block-uagb-image--layout-overlay__inner .uagb-image-caption{opacity: 1;}.uagb-block-e6f939b3.wp-block-uagb-image .wp-block-uagb-image__figure:hover .wp-block-uagb-image--layout-overlay__inner .uagb-image-separator{opacity: 1;}.uagb-block-e6f939b3.wp-block-uagb-image--layout-default figure:hover img{box-shadow: 0px 0px 0 #00000070;}.uagb-block-e6f939b3.wp-block-uagb-image--layout-overlay figure:hover img{box-shadow: 0px 0px 0 #00000070;}@media only screen and (max-width: 976px) {.uagb-block-e6f939b3.wp-block-uagb-image .wp-block-uagb-image__figure img{width: px;height: auto;}}@media only screen and (max-width: 767px) {.uagb-block-e6f939b3.wp-block-uagb-image .wp-block-uagb-image__figure img{width: px;height: auto;}}\";s:2:\"js\";s:0:\"\";s:18:\"current_block_list\";a:13:{i:0;s:11:\"core\/search\";i:1;s:10:\"core\/group\";i:2;s:12:\"core\/heading\";i:3;s:17:\"core\/latest-posts\";i:4;s:20:\"core\/latest-comments\";i:5;s:13:\"core\/archives\";i:6;s:15:\"core\/categories\";i:7;s:14:\"core\/paragraph\";i:8;s:10:\"uagb\/image\";i:9;s:11:\"core\/spacer\";i:10;s:30:\"woocommerce\/product-categories\";i:11;s:10:\"core\/image\";i:12;s:14:\"core\/shortcode\";}s:8:\"uag_flag\";b:1;s:11:\"uag_version\";s:10:\"1777336359\";s:6:\"gfonts\";a:0:{}s:10:\"gfonts_url\";s:0:\"\";s:12:\"gfonts_files\";a:0:{}s:14:\"uag_faq_layout\";b:0;}"]},"uagb_featured_image_src":{"full":["https:\/\/www.ferberpainting.com\/wp-content\/uploads\/2025\/05\/TomatoFertilizerensac.png",2560,2560,false],"thumbnail":["https:\/\/www.ferberpainting.com\/wp-content\/uploads\/2025\/05\/TomatoFertilizerensac-150x150.png",150,150,true],"medium":["https:\/\/www.ferberpainting.com\/wp-content\/uploads\/2025\/05\/TomatoFertilizerensac-300x300.png",300,300,true],"medium_large":["https:\/\/www.ferberpainting.com\/wp-content\/uploads\/2025\/05\/TomatoFertilizerensac-768x768.png",768,768,true],"large":["https:\/\/www.ferberpainting.com\/wp-content\/uploads\/2025\/05\/TomatoFertilizerensac-1024x1024.png",1024,1024,true],"1536x1536":["https:\/\/www.ferberpainting.com\/wp-content\/uploads\/2025\/05\/TomatoFertilizerensac-1536x1536.png",1536,1536,true],"2048x2048":["https:\/\/www.ferberpainting.com\/wp-content\/uploads\/2025\/05\/TomatoFertilizerensac-2048x2048.png",2048,2048,true],"trp-custom-language-flag":["https:\/\/www.ferberpainting.com\/wp-content\/uploads\/2025\/05\/TomatoFertilizerensac-12x12.png",12,12,true],"woocommerce_thumbnail":["https:\/\/www.ferberpainting.com\/wp-content\/uploads\/2025\/05\/TomatoFertilizerensac-300x300.png",300,300,true],"woocommerce_single":["https:\/\/www.ferberpainting.com\/wp-content\/uploads\/2025\/05\/TomatoFertilizerensac-600x600.png",600,600,true],"woocommerce_gallery_thumbnail":["https:\/\/www.ferberpainting.com\/wp-content\/uploads\/2025\/05\/TomatoFertilizerensac-100x100.png",100,100,true]},"uagb_author_info":{"display_name":"admin","author_link":"https:\/\/www.ferberpainting.com\/lv\/author\/"},"uagb_comment_info":31,"uagb_excerpt":"A fertilizer specially designed for tomatoes.\u00a0This granular fertilizer is formulated to optimize the growth of tomato plants, by providing the essential nutrients at each stage of development. Thanks to a balanced composition of nitrogen, phosphorus, and potassium (NPK 10-10-10), it promotes dense foliage, abundant flowering and generous fruiting, thus ensuring a harvest of tasty, high-quality&hellip;","_links":{"self":[{"href":"https:\/\/www.ferberpainting.com\/lv\/wp-json\/wp\/v2\/product\/25592","targetHints":{"allow":["GET"]}}],"collection":[{"href":"https:\/\/www.ferberpainting.com\/lv\/wp-json\/wp\/v2\/product"}],"about":[{"href":"https:\/\/www.ferberpainting.com\/lv\/wp-json\/wp\/v2\/types\/product"}],"replies":[{"embeddable":true,"href":"https:\/\/www.ferberpainting.com\/lv\/wp-json\/wp\/v2\/comments?post=25592"}],"version-history":[{"count":5,"href":"https:\/\/www.ferberpainting.com\/lv\/wp-json\/wp\/v2\/product\/25592\/revisions"}],"predecessor-version":[{"id":167453,"href":"https:\/\/www.ferberpainting.com\/lv\/wp-json\/wp\/v2\/product\/25592\/revisions\/167453"}],"wp:featuredmedia":[{"embeddable":true,"href":"https:\/\/www.ferberpainting.com\/lv\/wp-json\/wp\/v2\/media\/27430"}],"wp:attachment":[{"href":"https:\/\/www.ferberpainting.com\/lv\/wp-json\/wp\/v2\/media?parent=25592"}],"wp:term":[{"taxonomy":"product_brand","embeddable":true,"href":"https:\/\/www.ferberpainting.com\/lv\/wp-json\/wp\/v2\/product_brand?post=25592"},{"taxonomy":"product_cat","embeddable":true,"href":"https:\/\/www.ferberpainting.com\/lv\/wp-json\/wp\/v2\/product_cat?post=25592"},{"taxonomy":"product_tag","embeddable":true,"href":"https:\/\/www.ferberpainting.com\/lv\/wp-json\/wp\/v2\/product_tag?post=25592"}],"curies":[{"name":"wp","href":"https:\/\/api.w.org\/{rel}","templated":true}]}}